{"id":9698,"date":"2021-10-21T11:26:31","date_gmt":"2021-10-21T16:26:31","guid":{"rendered":"https:\/\/buehler.com\/mx\/?page_id=9698"},"modified":"2023-10-24T15:43:28","modified_gmt":"2023-10-24T20:43:28","slug":"registro-de-seminarios-web","status":"publish","type":"page","link":"https:\/\/www.buehler.com\/mx\/soluciones\/buehler-extras\/registro-de-seminarios-web\/","title":{"rendered":"Registro de seminarios web"},"content":{"rendered":"\t\t<div data-elementor-type=\"wp-page\" data-elementor-id=\"9698\" class=\"elementor elementor-9698\" data-elementor-post-type=\"page\">\n\t\t\t\t<div data-particle_enable=\"false\" data-particle-mobile-disabled=\"false\" class=\"elementor-element elementor-element-1e427d9d e-con-full e-flex e-con e-parent\" data-id=\"1e427d9d\" data-element_type=\"container\" data-e-type=\"container\" data-settings=\"{&quot;background_background&quot;:&quot;classic&quot;}\">\n\t\t\t\t<div class=\"elementor-element elementor-element-e13837a elementor-widget elementor-widget-heading\" data-id=\"e13837a\" data-element_type=\"widget\" data-e-type=\"widget\" data-widget_type=\"heading.default\">\n\t\t\t\t<div class=\"elementor-widget-container\">\n\t\t\t\t\t<h1 class=\"elementor-heading-title elementor-size-default\">Seminarios web y capacitaci\u00f3n<\/h1>\t\t\t\t<\/div>\n\t\t\t\t<\/div>\n\t\t\t\t<\/div>\n\t\t<div data-particle_enable=\"false\" data-particle-mobile-disabled=\"false\" class=\"elementor-element elementor-element-5d133236 e-flex e-con-boxed e-con e-parent\" data-id=\"5d133236\" data-element_type=\"container\" data-e-type=\"container\">\n\t\t\t\t\t<div class=\"e-con-inner\">\n\t\t\t\t<div class=\"elementor-element elementor-element-705d61ce elementor-widget elementor-widget-heading\" data-id=\"705d61ce\" data-element_type=\"widget\" data-e-type=\"widget\" data-widget_type=\"heading.default\">\n\t\t\t\t<div class=\"elementor-widget-container\">\n\t\t\t\t\t<h2 class=\"elementor-heading-title elementor-size-default\">Serie de seminarios web sobre microestructuras y an\u00e1lisis<\/h2>\t\t\t\t<\/div>\n\t\t\t\t<\/div>\n\t\t\t\t<div class=\"elementor-element elementor-element-16c26199 elementor-invisible elementor-widget elementor-widget-heading\" data-id=\"16c26199\" data-element_type=\"widget\" data-e-type=\"widget\" data-settings=\"{&quot;_animation&quot;:&quot;slideInRight&quot;}\" data-widget_type=\"heading.default\">\n\t\t\t\t<div class=\"elementor-widget-container\">\n\t\t\t\t\t<p class=\"elementor-heading-title elementor-size-default\">Mire seminarios web de nuestra serie sobre microestructuras y an\u00e1lisis<\/p>\t\t\t\t<\/div>\n\t\t\t\t<\/div>\n\t\t\t\t<div class=\"elementor-element elementor-element-7b864593 elementor-widget-divider--view-line elementor-invisible elementor-widget elementor-widget-divider\" data-id=\"7b864593\" data-element_type=\"widget\" data-e-type=\"widget\" data-settings=\"{&quot;_animation&quot;:&quot;slideInUp&quot;,&quot;_animation_delay&quot;:100}\" data-widget_type=\"divider.default\">\n\t\t\t\t<div class=\"elementor-widget-container\">\n\t\t\t\t\t\t\t<div class=\"elementor-divider\">\n\t\t\t<span class=\"elementor-divider-separator\">\n\t\t\t\t\t\t<\/span>\n\t\t<\/div>\n\t\t\t\t\t\t<\/div>\n\t\t\t\t<\/div>\n\t\t\t\t<div class=\"elementor-element elementor-element-29e00e7f elementor-widget elementor-widget-heading\" data-id=\"29e00e7f\" data-element_type=\"widget\" data-e-type=\"widget\" data-widget_type=\"heading.default\">\n\t\t\t\t<div class=\"elementor-widget-container\">\n\t\t\t\t\t<h3 class=\"elementor-heading-title elementor-size-default\"><a href=\"#summet\">Cursos de capacitaci\u00f3n SumMet<sup>\u00ae<\/sup><\/a><\/h3>\t\t\t\t<\/div>\n\t\t\t\t<\/div>\n\t\t<div data-particle_enable=\"false\" data-particle-mobile-disabled=\"false\" class=\"elementor-element elementor-element-381493d5 e-con-full e-flex e-con e-child\" data-id=\"381493d5\" data-element_type=\"container\" data-e-type=\"container\" data-settings=\"{&quot;background_background&quot;:&quot;classic&quot;}\">\n\t\t\t\t<div class=\"elementor-element elementor-element-3a11c044 elementor-widget elementor-widget-shortcode\" data-id=\"3a11c044\" data-element_type=\"widget\" data-e-type=\"widget\" data-widget_type=\"shortcode.default\">\n\t\t\t\t<div class=\"elementor-widget-container\">\n\t\t\t\t\t\t\t<div class=\"elementor-shortcode\">[buehler_webinars]<\/div>\n\t\t\t\t\t\t<\/div>\n\t\t\t\t<\/div>\n\t\t\t\t<\/div>\n\t\t\t\t\t<\/div>\n\t\t\t\t<\/div>\n\t\t<div data-particle_enable=\"false\" data-particle-mobile-disabled=\"false\" class=\"elementor-element elementor-element-52f5d97c e-flex e-con-boxed e-con e-parent\" data-id=\"52f5d97c\" data-element_type=\"container\" data-e-type=\"container\">\n\t\t\t\t\t<div class=\"e-con-inner\">\n\t\t\t\t<div class=\"elementor-element elementor-element-4543e155 elementor-widget elementor-widget-heading\" data-id=\"4543e155\" data-element_type=\"widget\" data-e-type=\"widget\" data-widget_type=\"heading.default\">\n\t\t\t\t<div class=\"elementor-widget-container\">\n\t\t\t\t\t<h4 class=\"elementor-heading-title elementor-size-default\">Seminarios web guardados<\/h4>\t\t\t\t<\/div>\n\t\t\t\t<\/div>\n\t\t\t\t<div class=\"elementor-element elementor-element-1a1a0d3c elementor-invisible elementor-widget elementor-widget-heading\" data-id=\"1a1a0d3c\" data-element_type=\"widget\" data-e-type=\"widget\" data-settings=\"{&quot;_animation&quot;:&quot;slideInRight&quot;}\" data-widget_type=\"heading.default\">\n\t\t\t\t<div class=\"elementor-widget-container\">\n\t\t\t\t\t<p class=\"elementor-heading-title elementor-size-default\">Mire seminarios web anteriores de nuestra serie sobre microestructuras y an\u00e1lisis<\/p>\t\t\t\t<\/div>\n\t\t\t\t<\/div>\n\t\t\t\t<div class=\"elementor-element elementor-element-4ac0202a elementor-widget-divider--view-line elementor-invisible elementor-widget elementor-widget-divider\" data-id=\"4ac0202a\" data-element_type=\"widget\" data-e-type=\"widget\" data-settings=\"{&quot;_animation&quot;:&quot;slideInUp&quot;,&quot;_animation_delay&quot;:100}\" data-widget_type=\"divider.default\">\n\t\t\t\t<div class=\"elementor-widget-container\">\n\t\t\t\t\t\t\t<div class=\"elementor-divider\">\n\t\t\t<span class=\"elementor-divider-separator\">\n\t\t\t\t\t\t<\/span>\n\t\t<\/div>\n\t\t\t\t\t\t<\/div>\n\t\t\t\t<\/div>\n\t\t<div data-particle_enable=\"false\" data-particle-mobile-disabled=\"false\" class=\"elementor-element elementor-element-55fc2bf9 e-con-full e-flex e-con e-child\" data-id=\"55fc2bf9\" data-element_type=\"container\" data-e-type=\"container\" data-settings=\"{&quot;background_background&quot;:&quot;classic&quot;}\">\n\t\t\t\t<div class=\"elementor-element elementor-element-1c51e979 elementor-widget elementor-widget-shortcode\" data-id=\"1c51e979\" data-element_type=\"widget\" data-e-type=\"widget\" data-widget_type=\"shortcode.default\">\n\t\t\t\t<div class=\"elementor-widget-container\">\n\t\t\t\t\t\t\t<div class=\"elementor-shortcode\">[archived_webinars]<\/div>\n\t\t\t\t\t\t<\/div>\n\t\t\t\t<\/div>\n\t\t\t\t<\/div>\n\t\t\t\t\t<\/div>\n\t\t\t\t<\/div>\n\t\t<div data-particle_enable=\"false\" data-particle-mobile-disabled=\"false\" class=\"elementor-element elementor-element-745d541 e-flex e-con-boxed e-con e-parent\" data-id=\"745d541\" data-element_type=\"container\" data-e-type=\"container\" id=\"summet\">\n\t\t\t\t\t<div class=\"e-con-inner\">\n\t\t\t\t<div class=\"elementor-element elementor-element-5fe808d8 elementor-widget elementor-widget-heading\" data-id=\"5fe808d8\" data-element_type=\"widget\" data-e-type=\"widget\" data-widget_type=\"heading.default\">\n\t\t\t\t<div class=\"elementor-widget-container\">\n\t\t\t\t\t<h5 class=\"elementor-heading-title elementor-size-default\">Cursos de capacitaci\u00f3n SumMet<sup>\u00ae<\/sup><\/h5>\t\t\t\t<\/div>\n\t\t\t\t<\/div>\n\t\t\t\t<div class=\"elementor-element elementor-element-7b0ed9c2 elementor-invisible elementor-widget elementor-widget-heading\" data-id=\"7b0ed9c2\" data-element_type=\"widget\" data-e-type=\"widget\" data-settings=\"{&quot;_animation&quot;:&quot;slideInRight&quot;}\" data-widget_type=\"heading.default\">\n\t\t\t\t<div class=\"elementor-widget-container\">\n\t\t\t\t\t<p class=\"elementor-heading-title elementor-size-default\">Consulte las fechas e inscr\u00edbase en los pr\u00f3ximos cursos de capacitaci\u00f3n SumMet<\/p>\t\t\t\t<\/div>\n\t\t\t\t<\/div>\n\t\t\t\t<div class=\"elementor-element elementor-element-453503d8 elementor-widget-divider--view-line elementor-invisible elementor-widget elementor-widget-divider\" data-id=\"453503d8\" data-element_type=\"widget\" data-e-type=\"widget\" data-settings=\"{&quot;_animation&quot;:&quot;slideInUp&quot;,&quot;_animation_delay&quot;:100}\" data-widget_type=\"divider.default\">\n\t\t\t\t<div class=\"elementor-widget-container\">\n\t\t\t\t\t\t\t<div class=\"elementor-divider\">\n\t\t\t<span class=\"elementor-divider-separator\">\n\t\t\t\t\t\t<\/span>\n\t\t<\/div>\n\t\t\t\t\t\t<\/div>\n\t\t\t\t<\/div>\n\t\t<div data-particle_enable=\"false\" data-particle-mobile-disabled=\"false\" class=\"elementor-element elementor-element-7ef4a38e e-con-full e-flex e-con e-child\" data-id=\"7ef4a38e\" data-element_type=\"container\" data-e-type=\"container\" data-settings=\"{&quot;background_background&quot;:&quot;classic&quot;}\">\n\t\t\t\t<div class=\"elementor-element elementor-element-5329a92 elementor-widget elementor-widget-shortcode\" data-id=\"5329a92\" data-element_type=\"widget\" data-e-type=\"widget\" data-widget_type=\"shortcode.default\">\n\t\t\t\t<div class=\"elementor-widget-container\">\n\t\t\t\t\t\t\t<div class=\"elementor-shortcode\">[summet_courses]<\/div>\n\t\t\t\t\t\t<\/div>\n\t\t\t\t<\/div>\n\t\t\t\t<\/div>\n\t\t\t\t\t<\/div>\n\t\t\t\t<\/div>\n\t\t<div data-particle_enable=\"false\" data-particle-mobile-disabled=\"false\" class=\"elementor-element elementor-element-529fae2e e-con-full e-flex e-con e-parent\" data-id=\"529fae2e\" data-element_type=\"container\" data-e-type=\"container\">\n\t\t\t\t<div class=\"elementor-element elementor-element-6e2254f5 elementor-widget elementor-widget-template\" data-id=\"6e2254f5\" data-element_type=\"widget\" data-e-type=\"widget\" data-widget_type=\"template.default\">\n\t\t\t\t<div class=\"elementor-widget-container\">\n\t\t\t\t\t\t\t<div class=\"elementor-template\">\n\t\t\t\t\t<div data-elementor-type=\"section\" data-elementor-id=\"18243\" class=\"elementor elementor-18243\" data-elementor-post-type=\"elementor_library\">\n\t\t\t<div data-particle_enable=\"false\" data-particle-mobile-disabled=\"false\" class=\"elementor-element elementor-element-1d5d4701 e-con-full e-flex e-con e-parent\" data-id=\"1d5d4701\" data-element_type=\"container\" data-e-type=\"container\" data-settings=\"{&quot;background_background&quot;:&quot;classic&quot;}\">\n\t\t<div data-particle_enable=\"false\" data-particle-mobile-disabled=\"false\" class=\"elementor-element elementor-element-4a1e16b e-con-full e-flex e-con e-child\" data-id=\"4a1e16b\" data-element_type=\"container\" data-e-type=\"container\">\n\t\t\t\t<div class=\"elementor-element elementor-element-638488c4 elementor-widget elementor-widget-heading\" data-id=\"638488c4\" data-element_type=\"widget\" data-e-type=\"widget\" data-widget_type=\"heading.default\">\n\t\t\t\t<div class=\"elementor-widget-container\">\n\t\t\t\t\t<h6 class=\"elementor-heading-title elementor-size-default\">Enlaces R\u00e1pidos<\/h6>\t\t\t\t<\/div>\n\t\t\t\t<\/div>\n\t\t\t\t<div class=\"elementor-element elementor-element-52c3ab87 elementor-widget elementor-widget-text-editor\" data-id=\"52c3ab87\" data-element_type=\"widget\" data-e-type=\"widget\" data-widget_type=\"text-editor.default\">\n\t\t\t\t<div class=\"elementor-widget-container\">\n\t\t\t\t\t\t\t\t\tAcceda r\u00e1pidamente a informaci\u00f3n importante o visite nuestra <a href=\"https:\/\/shop.buehler.com\/\" target=\"_blank\" rel=\"noopener\">E-Shop<\/a>\t\t\t\t\t\t\t\t<\/div>\n\t\t\t\t<\/div>\n\t\t\t\t<div class=\"elementor-element elementor-element-68906c50 elementor-widget-divider--view-line elementor-widget elementor-widget-divider\" data-id=\"68906c50\" data-element_type=\"widget\" data-e-type=\"widget\" data-widget_type=\"divider.default\">\n\t\t\t\t<div class=\"elementor-widget-container\">\n\t\t\t\t\t\t\t<div class=\"elementor-divider\">\n\t\t\t<span class=\"elementor-divider-separator\">\n\t\t\t\t\t\t<\/span>\n\t\t<\/div>\n\t\t\t\t\t\t<\/div>\n\t\t\t\t<\/div>\n\t\t\t\t<\/div>\n\t\t<div data-particle_enable=\"false\" data-particle-mobile-disabled=\"false\" class=\"elementor-element elementor-element-7bbc7eb7 e-flex e-con-boxed e-con e-child\" data-id=\"7bbc7eb7\" data-element_type=\"container\" data-e-type=\"container\">\n\t\t\t\t\t<div class=\"e-con-inner\">\n\t\t<div data-particle_enable=\"false\" data-particle-mobile-disabled=\"false\" class=\"elementor-element elementor-element-17ed564a e-flex e-con-boxed e-con e-child\" data-id=\"17ed564a\" data-element_type=\"container\" data-e-type=\"container\">\n\t\t\t\t\t<div class=\"e-con-inner\">\n\t\t<div data-particle_enable=\"false\" data-particle-mobile-disabled=\"false\" class=\"elementor-element elementor-element-3dc711e e-flex e-con-boxed e-con e-child\" data-id=\"3dc711e\" data-element_type=\"container\" data-e-type=\"container\">\n\t\t\t\t\t<div class=\"e-con-inner\">\n\t\t\t\t<div class=\"elementor-element elementor-element-5b84e1c6 elementor-position-left elementor-vertical-align-middle elementor-widget elementor-widget-image-box\" data-id=\"5b84e1c6\" data-element_type=\"widget\" data-e-type=\"widget\" data-widget_type=\"image-box.default\">\n\t\t\t\t<div class=\"elementor-widget-container\">\n\t\t\t\t\t<div class=\"elementor-image-box-wrapper\"><figure class=\"elementor-image-box-img\"><img fetchpriority=\"high\" decoding=\"async\" width=\"600\" height=\"600\" src=\"https:\/\/www.buehler.com\/mx\/wp-content\/uploads\/sites\/8\/2023\/08\/Literature-Icon.png\" class=\"attachment-full size-full wp-image-18239\" alt=\"Cat\u00e1logo de productos\" srcset=\"https:\/\/www.buehler.com\/mx\/wp-content\/uploads\/sites\/8\/2023\/08\/Literature-Icon.png 600w, https:\/\/www.buehler.com\/mx\/wp-content\/uploads\/sites\/8\/2023\/08\/Literature-Icon-300x300.png 300w, https:\/\/www.buehler.com\/mx\/wp-content\/uploads\/sites\/8\/2023\/08\/Literature-Icon-150x150.png 150w\" sizes=\"(max-width: 600px) 100vw, 600px\" \/><\/figure><div class=\"elementor-image-box-content\"><div class=\"elementor-image-box-title\">Literatura<\/div><p class=\"elementor-image-box-description\">Visita nuestra secci\u00f3n de literatura<\/p><\/div><\/div>\t\t\t\t<\/div>\n\t\t\t\t<\/div>\n\t\t\t\t<div class=\"elementor-element elementor-element-1d5f795e position-absolute bottom-0 elementor-widget elementor-widget-button\" data-id=\"1d5f795e\" data-element_type=\"widget\" data-e-type=\"widget\" data-widget_type=\"button.default\">\n\t\t\t\t<div class=\"elementor-widget-container\">\n\t\t\t\t\t\t\t\t\t<div class=\"elementor-button-wrapper\">\n\t\t\t\t\t<a class=\"elementor-button elementor-button-link elementor-size-sm\" href=\"https:\/\/www.buehler.com\/mx\/soluciones\/literatura-buehler\/literatura\/\" id=\"position-absolute bottom-0\">\n\t\t\t\t\t\t<span class=\"elementor-button-content-wrapper\">\n\t\t\t\t\t\t\t\t\t<span class=\"elementor-button-text\">Literatura de Buehler<\/span>\n\t\t\t\t\t<\/span>\n\t\t\t\t\t<\/a>\n\t\t\t\t<\/div>\n\t\t\t\t\t\t\t\t<\/div>\n\t\t\t\t<\/div>\n\t\t\t\t\t<\/div>\n\t\t\t\t<\/div>\n\t\t<div data-particle_enable=\"false\" data-particle-mobile-disabled=\"false\" class=\"elementor-element elementor-element-4b58cca e-flex e-con-boxed e-con e-child\" data-id=\"4b58cca\" data-element_type=\"container\" data-e-type=\"container\">\n\t\t\t\t\t<div class=\"e-con-inner\">\n\t\t\t\t<div class=\"elementor-element elementor-element-110fbbd9 elementor-position-left elementor-vertical-align-middle elementor-widget elementor-widget-image-box\" data-id=\"110fbbd9\" data-element_type=\"widget\" data-e-type=\"widget\" data-widget_type=\"image-box.default\">\n\t\t\t\t<div class=\"elementor-widget-container\">\n\t\t\t\t\t<div class=\"elementor-image-box-wrapper\"><figure class=\"elementor-image-box-img\"><img decoding=\"async\" width=\"600\" height=\"600\" src=\"https:\/\/www.buehler.com\/mx\/wp-content\/uploads\/sites\/8\/2023\/08\/Tools-Icon.png\" class=\"attachment-full size-full wp-image-18240\" alt=\"Tools\" srcset=\"https:\/\/www.buehler.com\/mx\/wp-content\/uploads\/sites\/8\/2023\/08\/Tools-Icon.png 600w, https:\/\/www.buehler.com\/mx\/wp-content\/uploads\/sites\/8\/2023\/08\/Tools-Icon-300x300.png 300w, https:\/\/www.buehler.com\/mx\/wp-content\/uploads\/sites\/8\/2023\/08\/Tools-Icon-150x150.png 150w\" sizes=\"(max-width: 600px) 100vw, 600px\" \/><\/figure><div class=\"elementor-image-box-content\"><div class=\"elementor-image-box-title\">Herramientas<\/div><p class=\"elementor-image-box-description\">Vea nuestras herramientas y capacitaci\u00f3n<\/p><\/div><\/div>\t\t\t\t<\/div>\n\t\t\t\t<\/div>\n\t\t\t\t<div class=\"elementor-element elementor-element-7925c4c position-absolute bottom-0 elementor-widget elementor-widget-button\" data-id=\"7925c4c\" data-element_type=\"widget\" data-e-type=\"widget\" data-widget_type=\"button.default\">\n\t\t\t\t<div class=\"elementor-widget-container\">\n\t\t\t\t\t\t\t\t\t<div class=\"elementor-button-wrapper\">\n\t\t\t\t\t<a class=\"elementor-button elementor-button-link elementor-size-sm\" href=\"https:\/\/www.buehler.com\/mx\/soluciones\/soluciones-buehler\/\">\n\t\t\t\t\t\t<span class=\"elementor-button-content-wrapper\">\n\t\t\t\t\t\t\t\t\t<span class=\"elementor-button-text\">Herramientas de Buehler<\/span>\n\t\t\t\t\t<\/span>\n\t\t\t\t\t<\/a>\n\t\t\t\t<\/div>\n\t\t\t\t\t\t\t\t<\/div>\n\t\t\t\t<\/div>\n\t\t\t\t\t<\/div>\n\t\t\t\t<\/div>\n\t\t\t\t\t<\/div>\n\t\t\t\t<\/div>\n\t\t<div data-particle_enable=\"false\" data-particle-mobile-disabled=\"false\" class=\"elementor-element elementor-element-1fa60c35 e-flex e-con-boxed e-con e-child\" data-id=\"1fa60c35\" data-element_type=\"container\" data-e-type=\"container\">\n\t\t\t\t\t<div class=\"e-con-inner\">\n\t\t<div data-particle_enable=\"false\" data-particle-mobile-disabled=\"false\" class=\"elementor-element elementor-element-6ff8a52 e-flex e-con-boxed e-con e-child\" data-id=\"6ff8a52\" data-element_type=\"container\" data-e-type=\"container\">\n\t\t\t\t\t<div class=\"e-con-inner\">\n\t\t\t\t<div class=\"elementor-element elementor-element-57fe1dfb elementor-position-left elementor-vertical-align-middle elementor-widget elementor-widget-image-box\" data-id=\"57fe1dfb\" data-element_type=\"widget\" data-e-type=\"widget\" data-widget_type=\"image-box.default\">\n\t\t\t\t<div class=\"elementor-widget-container\">\n\t\t\t\t\t<div class=\"elementor-image-box-wrapper\"><figure class=\"elementor-image-box-img\"><img decoding=\"async\" width=\"600\" height=\"600\" src=\"https:\/\/www.buehler.com\/mx\/wp-content\/uploads\/sites\/8\/2023\/08\/Service-Icon.png\" class=\"attachment-full size-full wp-image-18241\" alt=\"Service\" srcset=\"https:\/\/www.buehler.com\/mx\/wp-content\/uploads\/sites\/8\/2023\/08\/Service-Icon.png 600w, https:\/\/www.buehler.com\/mx\/wp-content\/uploads\/sites\/8\/2023\/08\/Service-Icon-300x300.png 300w, https:\/\/www.buehler.com\/mx\/wp-content\/uploads\/sites\/8\/2023\/08\/Service-Icon-150x150.png 150w\" sizes=\"(max-width: 600px) 100vw, 600px\" \/><\/figure><div class=\"elementor-image-box-content\"><div class=\"elementor-image-box-title\">Servicio T\u00e9cnico<\/div><p class=\"elementor-image-box-description\">P\u00f3ngase en contacto con el servicio t\u00e9cnico de Buehler<\/p><\/div><\/div>\t\t\t\t<\/div>\n\t\t\t\t<\/div>\n\t\t\t\t<div class=\"elementor-element elementor-element-9ab34b4 position-absolute bottom-0 elementor-widget elementor-widget-button\" data-id=\"9ab34b4\" data-element_type=\"widget\" data-e-type=\"widget\" data-widget_type=\"button.default\">\n\t\t\t\t<div class=\"elementor-widget-container\">\n\t\t\t\t\t\t\t\t\t<div class=\"elementor-button-wrapper\">\n\t\t\t\t\t<a class=\"elementor-button elementor-button-link elementor-size-sm\" href=\"https:\/\/www.buehler.com\/mx\/service-request_mx.php\" target=\"_blank\">\n\t\t\t\t\t\t<span class=\"elementor-button-content-wrapper\">\n\t\t\t\t\t\t\t\t\t<span class=\"elementor-button-text\">Apoyo t\u00e9cnico<\/span>\n\t\t\t\t\t<\/span>\n\t\t\t\t\t<\/a>\n\t\t\t\t<\/div>\n\t\t\t\t\t\t\t\t<\/div>\n\t\t\t\t<\/div>\n\t\t\t\t\t<\/div>\n\t\t\t\t<\/div>\n\t\t<div data-particle_enable=\"false\" data-particle-mobile-disabled=\"false\" class=\"elementor-element elementor-element-04f2172 e-flex e-con-boxed e-con e-child\" data-id=\"04f2172\" data-element_type=\"container\" data-e-type=\"container\">\n\t\t\t\t\t<div class=\"e-con-inner\">\n\t\t\t\t<div class=\"elementor-element elementor-element-25d42c5f elementor-position-left elementor-vertical-align-middle elementor-widget elementor-widget-image-box\" data-id=\"25d42c5f\" data-element_type=\"widget\" data-e-type=\"widget\" data-widget_type=\"image-box.default\">\n\t\t\t\t<div class=\"elementor-widget-container\">\n\t\t\t\t\t<div class=\"elementor-image-box-wrapper\"><figure class=\"elementor-image-box-img\"><img loading=\"lazy\" decoding=\"async\" width=\"600\" height=\"600\" src=\"https:\/\/www.buehler.com\/mx\/wp-content\/uploads\/sites\/8\/2023\/08\/Shop-Icon.png\" class=\"attachment-full size-full wp-image-18242\" alt=\"Shop\" srcset=\"https:\/\/www.buehler.com\/mx\/wp-content\/uploads\/sites\/8\/2023\/08\/Shop-Icon.png 600w, https:\/\/www.buehler.com\/mx\/wp-content\/uploads\/sites\/8\/2023\/08\/Shop-Icon-300x300.png 300w, https:\/\/www.buehler.com\/mx\/wp-content\/uploads\/sites\/8\/2023\/08\/Shop-Icon-150x150.png 150w\" sizes=\"(max-width: 600px) 100vw, 600px\" \/><\/figure><div class=\"elementor-image-box-content\"><div class=\"elementor-image-box-title\">Compre<\/div><p class=\"elementor-image-box-description\">Visite la tienda electr\u00f3nica de Buehler<\/p><\/div><\/div>\t\t\t\t<\/div>\n\t\t\t\t<\/div>\n\t\t\t\t<div class=\"elementor-element elementor-element-282a4637 position-absolute bottom-0 elementor-widget elementor-widget-button\" data-id=\"282a4637\" data-element_type=\"widget\" data-e-type=\"widget\" data-widget_type=\"button.default\">\n\t\t\t\t<div class=\"elementor-widget-container\">\n\t\t\t\t\t\t\t\t\t<div class=\"elementor-button-wrapper\">\n\t\t\t\t\t<a class=\"elementor-button elementor-button-link elementor-size-sm\" href=\"https:\/\/shop.buehler.com\/\" target=\"_blank\" rel=\"noopener\">\n\t\t\t\t\t\t<span class=\"elementor-button-content-wrapper\">\n\t\t\t\t\t\t\t\t\t<span class=\"elementor-button-text\">Compre<\/span>\n\t\t\t\t\t<\/span>\n\t\t\t\t\t<\/a>\n\t\t\t\t<\/div>\n\t\t\t\t\t\t\t\t<\/div>\n\t\t\t\t<\/div>\n\t\t\t\t\t<\/div>\n\t\t\t\t<\/div>\n\t\t\t\t\t<\/div>\n\t\t\t\t<\/div>\n\t\t\t\t\t<\/div>\n\t\t\t\t<\/div>\n\t\t\t\t<\/div>\n\t\t\t\t<\/div>\n\t\t\t\t<\/div>\n\t\t\t\t\t\t<\/div>\n\t\t\t\t<\/div>\n\t\t\t\t<\/div>\n\t\t\t\t<\/div>\n\t\t","protected":false},"excerpt":{"rendered":"<p>Seminarios web y capacitaci\u00f3n Serie de seminarios web sobre microestructuras y an\u00e1lisis Mire seminarios web de nuestra serie sobre microestructuras y an\u00e1lisis Cursos de capacitaci\u00f3n SumMet\u00ae [buehler_webinars] Seminarios web guardados Mire seminarios web anteriores de nuestra serie sobre microestructuras y an\u00e1lisis [archived_webinars] Cursos de capacitaci\u00f3n SumMet\u00ae Consulte las fechas e inscr\u00edbase en los pr\u00f3ximos cursos [&hellip;]<\/p>\n","protected":false},"author":1,"featured_media":0,"parent":9688,"menu_order":0,"comment_status":"closed","ping_status":"closed","template":"","meta":{"footnotes":""},"class_list":["post-9698","page","type-page","status-publish","hentry"],"_links":{"self":[{"href":"https:\/\/www.buehler.com\/mx\/wp-json\/wp\/v2\/pages\/9698","targetHints":{"allow":["GET"]}}],"collection":[{"href":"https:\/\/www.buehler.com\/mx\/wp-json\/wp\/v2\/pages"}],"about":[{"href":"https:\/\/www.buehler.com\/mx\/wp-json\/wp\/v2\/types\/page"}],"author":[{"embeddable":true,"href":"https:\/\/www.buehler.com\/mx\/wp-json\/wp\/v2\/users\/1"}],"replies":[{"embeddable":true,"href":"https:\/\/www.buehler.com\/mx\/wp-json\/wp\/v2\/comments?post=9698"}],"version-history":[{"count":85,"href":"https:\/\/www.buehler.com\/mx\/wp-json\/wp\/v2\/pages\/9698\/revisions"}],"predecessor-version":[{"id":18611,"href":"https:\/\/www.buehler.com\/mx\/wp-json\/wp\/v2\/pages\/9698\/revisions\/18611"}],"up":[{"embeddable":true,"href":"https:\/\/www.buehler.com\/mx\/wp-json\/wp\/v2\/pages\/9688"}],"wp:attachment":[{"href":"https:\/\/www.buehler.com\/mx\/wp-json\/wp\/v2\/media?parent=9698"}],"curies":[{"name":"wp","href":"https:\/\/api.w.org\/{rel}","templated":true}]}}