{"id":9651,"date":"2021-10-21T11:16:06","date_gmt":"2021-10-21T16:16:06","guid":{"rendered":"https:\/\/buehler.com\/mx\/?page_id=9651"},"modified":"2022-04-20T14:34:17","modified_gmt":"2022-04-20T19:34:17","slug":"suministros-sostenibles","status":"publish","type":"page","link":"https:\/\/www.buehler.com\/mx\/soluciones\/soluciones-buehler\/suministros-sostenibles\/","title":{"rendered":"Suministros Sostenibles"},"content":{"rendered":"\t\t<div data-elementor-type=\"wp-page\" data-elementor-id=\"9651\" class=\"elementor elementor-9651\" data-elementor-post-type=\"page\">\n\t\t\t\t\t\t<section data-particle_enable=\"false\" data-particle-mobile-disabled=\"false\" class=\"elementor-section elementor-top-section elementor-element elementor-element-4fe60a88 elementor-section-full_width elementor-section-height-min-height elementor-section-height-default elementor-section-items-middle\" data-id=\"4fe60a88\" data-element_type=\"section\" data-e-type=\"section\" data-settings=\"{&quot;background_background&quot;:&quot;classic&quot;}\">\n\t\t\t\t\t\t<div class=\"elementor-container elementor-column-gap-default\">\n\t\t\t\t\t<div class=\"elementor-column elementor-col-100 elementor-top-column elementor-element elementor-element-50b784e7\" data-id=\"50b784e7\" data-element_type=\"column\" data-e-type=\"column\">\n\t\t\t<div class=\"elementor-widget-wrap elementor-element-populated\">\n\t\t\t\t\t\t<div class=\"elementor-element elementor-element-60b26411 elementor-widget elementor-widget-heading\" data-id=\"60b26411\" data-element_type=\"widget\" data-e-type=\"widget\" data-widget_type=\"heading.default\">\n\t\t\t\t<div class=\"elementor-widget-container\">\n\t\t\t\t\t<h1 class=\"elementor-heading-title elementor-size-default\">Suministros Sostenibles<\/h1>\t\t\t\t<\/div>\n\t\t\t\t<\/div>\n\t\t\t\t\t<\/div>\n\t\t<\/div>\n\t\t\t\t\t<\/div>\n\t\t<\/section>\n\t\t\t\t<section data-particle_enable=\"false\" data-particle-mobile-disabled=\"false\" class=\"elementor-section elementor-top-section elementor-element elementor-element-288f0995 elementor-section-boxed elementor-section-height-default elementor-section-height-default\" data-id=\"288f0995\" data-element_type=\"section\" data-e-type=\"section\">\n\t\t\t\t\t\t<div class=\"elementor-container elementor-column-gap-default\">\n\t\t\t\t\t<div class=\"elementor-column elementor-col-100 elementor-top-column elementor-element elementor-element-1774b179\" data-id=\"1774b179\" data-element_type=\"column\" data-e-type=\"column\">\n\t\t\t<div class=\"elementor-widget-wrap elementor-element-populated\">\n\t\t\t\t\t\t<div class=\"elementor-element elementor-element-6804293b elementor-widget-divider--view-line_text elementor-widget-divider--element-align-center elementor-widget elementor-widget-divider\" data-id=\"6804293b\" data-element_type=\"widget\" data-e-type=\"widget\" data-widget_type=\"divider.default\">\n\t\t\t\t<div class=\"elementor-widget-container\">\n\t\t\t\t\t\t\t<div class=\"elementor-divider\">\n\t\t\t<span class=\"elementor-divider-separator\">\n\t\t\t\t\t\t\t<h2 class=\"elementor-divider__text elementor-divider__element\">\n\t\t\t\tLos productos de Buehler son m\u00e1s seguros, m\u00e1s duraderos y ahorran recursos\t\t\t\t<\/h2>\n\t\t\t\t\t\t<\/span>\n\t\t<\/div>\n\t\t\t\t\t\t<\/div>\n\t\t\t\t<\/div>\n\t\t\t\t<section data-particle_enable=\"false\" data-particle-mobile-disabled=\"false\" class=\"elementor-section elementor-inner-section elementor-element elementor-element-e1db534 elementor-section-boxed elementor-section-height-default elementor-section-height-default\" data-id=\"e1db534\" data-element_type=\"section\" data-e-type=\"section\">\n\t\t\t\t\t\t<div class=\"elementor-container elementor-column-gap-default\">\n\t\t\t\t\t<div class=\"elementor-column elementor-col-100 elementor-inner-column elementor-element elementor-element-5524032\" data-id=\"5524032\" data-element_type=\"column\" data-e-type=\"column\">\n\t\t\t<div class=\"elementor-widget-wrap elementor-element-populated\">\n\t\t\t\t\t\t<div class=\"elementor-element elementor-element-b1cb704 elementor-widget elementor-widget-html\" data-id=\"b1cb704\" data-element_type=\"widget\" data-e-type=\"widget\" data-widget_type=\"html.default\">\n\t\t\t\t<div class=\"elementor-widget-container\">\n\t\t\t\t\t<script src=\"https:\/\/fast.wistia.com\/assets\/external\/channel.js\" async><\/script><link rel=\"stylesheet\" href=\"https:\/\/fast.wistia.com\/embed\/channel\/project\/hfqc2qwox8\/font.css\" \/><div class=\"wistia_channel wistia_async_hfqc2qwox8 mode=inline\" style=\"min-height:100vh;position:relative;width:100%;\"><\/div>\t\t\t\t<\/div>\n\t\t\t\t<\/div>\n\t\t\t\t\t<\/div>\n\t\t<\/div>\n\t\t\t\t\t<\/div>\n\t\t<\/section>\n\t\t\t\t<div class=\"elementor-element elementor-element-3b7442c0 elementor-widget elementor-widget-text-editor\" data-id=\"3b7442c0\" data-element_type=\"widget\" data-e-type=\"widget\" data-widget_type=\"text-editor.default\">\n\t\t\t\t<div class=\"elementor-widget-container\">\n\t\t\t\t\t\t\t\t\t<p>En Buehler, valoramos la salud, la seguridad y el compromiso de nuestros clientes como una prioridad m\u00e1xima. Seguimos rigurosamente un proceso de comentarios de los clientes para comprender y respaldar las necesidades espec\u00edficas de nuestros clientes en diferentes regiones, industrias y aplicaciones. A trav\u00e9s de esto, hemos reconocido la creciente necesidad de ofrecer productos y soluciones que minimicen el impacto en el medio ambiente, reduzcan los desechos, ahorren en servicios p\u00fablicos y minimicen los riesgos para la salud de los usuarios.<\/p><p>Estas mismas necesidades surgen dentro de nuestros propios equipos internos, por lo que hemos priorizado innovar en soluciones para respaldar esas necesidades. Como empresa, mantenemos la certificaci\u00f3n anual ISO 14001, lo que responsabiliza a nuestros empleados y equipos de gesti\u00f3n de realizar un seguimiento y mejorar peri\u00f3dicamente las m\u00e9tricas clave que afectan al medio ambiente, como el uso de electricidad, la energ\u00eda sostenible para nuestras operaciones y el reciclaje\/gesti\u00f3n de residuos en toda la instalaci\u00f3n.<\/p><p>Buehler tiene una variedad de productos destinados a reducir los desechos, prolongar la vida \u00fatil, maximizar el uso antes de la eliminaci\u00f3n\/reciclado y son m\u00e1s seguros para los equipos de laboratorio.<\/p><ul class=\"ml-40\"><li><span class=\"bold\"><a href=\"https:\/\/www.buehler.com\/mx\/productos\/montaje\/montaje-por-compresion\/\">Phenocure LP<\/a><\/span> &#8211; Resina termoestable fen\u00f3lica mejorada de bajo riesgo<\/li><li><span class=\"bold\"><a href=\"https:\/\/www.buehler.com\/mx\/productos\/montaje\/accesorios-y-consumibles\/sistemas-acrilicos\/\">Varidur<\/a><\/span> \u2013 Sistema de montaje acr\u00edlico de curado r\u00e1pido de bajo riesgo mejorado<\/li><li><span class=\"bold\"><a href=\"https:\/\/www.buehler.com\/mx\/productos\/seccionamiento\/accesorios-y-consumibles\/disco-de-corte-abrasivo\/\">Abrasive Blades<\/a><\/span> \u2013 Menos desperdicio al durar hasta 3 veces m\u00e1s que los productos tradicionales y competitivos<\/li><li><span class=\"bold\"><a href=\"https:\/\/www.buehler.com\/mx\/productos\/esmerilado-y-pulido\/accesorios-y-consumibles\/suspensiones-y-pasta-de-diamante\/\">MetaDi Paste<\/a><\/span> \u2013 Peque\u00f1as part\u00edculas de diamante consistentes y concentradas que generan menos desperdicio<\/li><li><span class=\"bold\"><a href=\"https:\/\/www.buehler.com\/mx\/productos\/esmerilado-y-pulido\/accesorios-y-consumibles\/suspensiones-de-pulido-final\/\">MasterPrep<\/a><\/span> \u2013 F\u00f3rmula de pulido de suspensi\u00f3n de al\u00famina eficiente que genera menos desperdicio<\/li><li><span class=\"bold\"><a href=\"https:\/\/www.buehler.com\/mx\/productos\/pruebas-de-dureza\/\">Pruebas de Dureza<\/a><\/span> \u2013 Bloques de prueba alineados en cuadr\u00edcula que dan como resultado un uso m\u00e1ximo antes del reemplazo<\/li><\/ul>\t\t\t\t\t\t\t\t<\/div>\n\t\t\t\t<\/div>\n\t\t\t\t\t<\/div>\n\t\t<\/div>\n\t\t\t\t\t<\/div>\n\t\t<\/section>\n\t\t\t\t<\/div>\n\t\t","protected":false},"excerpt":{"rendered":"<p>Suministros Sostenibles Los productos de Buehler son m\u00e1s seguros, m\u00e1s duraderos y ahorran recursos En Buehler, valoramos la salud, la seguridad y el compromiso de nuestros clientes como una prioridad m\u00e1xima. Seguimos rigurosamente un proceso de comentarios de los clientes para comprender y respaldar las necesidades espec\u00edficas de nuestros clientes en diferentes regiones, industrias y [&hellip;]<\/p>\n","protected":false},"author":1,"featured_media":0,"parent":9641,"menu_order":0,"comment_status":"closed","ping_status":"closed","template":"elementor_header_footer","meta":{"footnotes":""},"class_list":["post-9651","page","type-page","status-publish","hentry"],"_links":{"self":[{"href":"https:\/\/www.buehler.com\/mx\/wp-json\/wp\/v2\/pages\/9651","targetHints":{"allow":["GET"]}}],"collection":[{"href":"https:\/\/www.buehler.com\/mx\/wp-json\/wp\/v2\/pages"}],"about":[{"href":"https:\/\/www.buehler.com\/mx\/wp-json\/wp\/v2\/types\/page"}],"author":[{"embeddable":true,"href":"https:\/\/www.buehler.com\/mx\/wp-json\/wp\/v2\/users\/1"}],"replies":[{"embeddable":true,"href":"https:\/\/www.buehler.com\/mx\/wp-json\/wp\/v2\/comments?post=9651"}],"version-history":[{"count":30,"href":"https:\/\/www.buehler.com\/mx\/wp-json\/wp\/v2\/pages\/9651\/revisions"}],"predecessor-version":[{"id":17663,"href":"https:\/\/www.buehler.com\/mx\/wp-json\/wp\/v2\/pages\/9651\/revisions\/17663"}],"up":[{"embeddable":true,"href":"https:\/\/www.buehler.com\/mx\/wp-json\/wp\/v2\/pages\/9641"}],"wp:attachment":[{"href":"https:\/\/www.buehler.com\/mx\/wp-json\/wp\/v2\/media?parent=9651"}],"curies":[{"name":"wp","href":"https:\/\/api.w.org\/{rel}","templated":true}]}}