{"id":9645,"date":"2021-10-21T11:14:54","date_gmt":"2021-10-21T16:14:54","guid":{"rendered":"https:\/\/buehler.com\/mx\/?page_id=9645"},"modified":"2022-04-18T09:55:42","modified_gmt":"2022-04-18T14:55:42","slug":"soluciones-completas-de-laboratorio","status":"publish","type":"page","link":"https:\/\/www.buehler.com\/mx\/soluciones\/soluciones-buehler\/soluciones-completas-de-laboratorio\/","title":{"rendered":"Soluciones completas de Laboratorio"},"content":{"rendered":"\t\t<div data-elementor-type=\"wp-page\" data-elementor-id=\"9645\" class=\"elementor elementor-9645\" data-elementor-post-type=\"page\">\n\t\t\t\t\t\t<section data-particle_enable=\"false\" data-particle-mobile-disabled=\"false\" class=\"elementor-section elementor-top-section elementor-element elementor-element-7e121566 elementor-section-full_width elementor-section-height-min-height elementor-section-height-default elementor-section-items-middle\" data-id=\"7e121566\" data-element_type=\"section\" data-e-type=\"section\" data-settings=\"{&quot;background_background&quot;:&quot;classic&quot;}\">\n\t\t\t\t\t\t<div class=\"elementor-container elementor-column-gap-default\">\n\t\t\t\t\t<div class=\"elementor-column elementor-col-100 elementor-top-column elementor-element elementor-element-6e682f48\" data-id=\"6e682f48\" data-element_type=\"column\" data-e-type=\"column\">\n\t\t\t<div class=\"elementor-widget-wrap elementor-element-populated\">\n\t\t\t\t\t\t<div class=\"elementor-element elementor-element-20a7de21 elementor-widget elementor-widget-heading\" data-id=\"20a7de21\" data-element_type=\"widget\" data-e-type=\"widget\" data-widget_type=\"heading.default\">\n\t\t\t\t<div class=\"elementor-widget-container\">\n\t\t\t\t\t<h1 class=\"elementor-heading-title elementor-size-default\">Soluciones completas de Laboratorio<\/h1>\t\t\t\t<\/div>\n\t\t\t\t<\/div>\n\t\t\t\t\t<\/div>\n\t\t<\/div>\n\t\t\t\t\t<\/div>\n\t\t<\/section>\n\t\t\t\t<section data-particle_enable=\"false\" data-particle-mobile-disabled=\"false\" class=\"elementor-section elementor-top-section elementor-element elementor-element-44fb1c1d elementor-section-boxed elementor-section-height-default elementor-section-height-default\" data-id=\"44fb1c1d\" data-element_type=\"section\" data-e-type=\"section\">\n\t\t\t\t\t\t<div class=\"elementor-container elementor-column-gap-default\">\n\t\t\t\t\t<div class=\"elementor-column elementor-col-100 elementor-top-column elementor-element elementor-element-77a5ff99\" data-id=\"77a5ff99\" data-element_type=\"column\" data-e-type=\"column\">\n\t\t\t<div class=\"elementor-widget-wrap elementor-element-populated\">\n\t\t\t\t\t\t<div class=\"elementor-element elementor-element-fca9cbb elementor-widget elementor-widget-text-editor\" data-id=\"fca9cbb\" data-element_type=\"widget\" data-e-type=\"widget\" data-widget_type=\"text-editor.default\">\n\t\t\t\t<div class=\"elementor-widget-container\">\n\t\t\t\t\t\t\t\t\t<p>Estamos orgullosos de ofrecer la soluci\u00f3n de laboratorio completa completa con equipos dise\u00f1ados y fabricados por Buehler para garantizar la m\u00e1s alta calidad y el m\u00e1ximo rendimiento de su laboratorio. Deje que Buehler lo ayude a crear un nuevo laboratorio metalogr\u00e1fico con equipos que garanticen la repetibilidad y confiabilidad en el control de calidad o el proceso de prueba de inspecci\u00f3n. Buehler satisface las necesidades de laboratorios nuevos o en crecimiento con equipos innovadores, intuitivos y confiables que se env\u00edan r\u00e1pidamente para cumplir con su cronograma.<\/p>\t\t\t\t\t\t\t\t<\/div>\n\t\t\t\t<\/div>\n\t\t\t\t<div class=\"elementor-element elementor-element-41dd279 elementor-widget-divider--view-line_text elementor-widget-divider--element-align-center elementor-widget elementor-widget-divider\" data-id=\"41dd279\" data-element_type=\"widget\" data-e-type=\"widget\" data-widget_type=\"divider.default\">\n\t\t\t\t<div class=\"elementor-widget-container\">\n\t\t\t\t\t\t\t<div class=\"elementor-divider\">\n\t\t\t<span class=\"elementor-divider-separator\">\n\t\t\t\t\t\t\t<span class=\"elementor-divider__text elementor-divider__element\">\n\t\t\t\tSocio fuerte, soluciones confiables\t\t\t\t<\/span>\n\t\t\t\t\t\t<\/span>\n\t\t<\/div>\n\t\t\t\t\t\t<\/div>\n\t\t\t\t<\/div>\n\t\t\t\t<div class=\"elementor-element elementor-element-610a6be elementor-widget elementor-widget-image\" data-id=\"610a6be\" data-element_type=\"widget\" data-e-type=\"widget\" data-widget_type=\"image.default\">\n\t\t\t\t<div class=\"elementor-widget-container\">\n\t\t\t\t\t\t\t\t\t\t\t\t\t\t\t<img fetchpriority=\"high\" decoding=\"async\" width=\"640\" height=\"360\" src=\"https:\/\/www.buehler.com\/mx\/wp-content\/uploads\/sites\/8\/2021\/11\/Full-Lab-Solutions.jpg\" class=\"attachment-large size-large wp-image-11850\" alt=\"Full Lab Solutions\" srcset=\"https:\/\/www.buehler.com\/mx\/wp-content\/uploads\/sites\/8\/2021\/11\/Full-Lab-Solutions.jpg 640w, https:\/\/www.buehler.com\/mx\/wp-content\/uploads\/sites\/8\/2021\/11\/Full-Lab-Solutions-300x169.jpg 300w\" sizes=\"(max-width: 640px) 100vw, 640px\" \/>\t\t\t\t\t\t\t\t\t\t\t\t\t\t\t<\/div>\n\t\t\t\t<\/div>\n\t\t\t\t<div class=\"elementor-element elementor-element-8e5310f elementor-widget elementor-widget-text-editor\" data-id=\"8e5310f\" data-element_type=\"widget\" data-e-type=\"widget\" data-widget_type=\"text-editor.default\">\n\t\t\t\t<div class=\"elementor-widget-container\">\n\t\t\t\t\t\t\t\t\t<p>Como divisi\u00f3n de Illinois Tool Works, una empresa de Fortune 200, puede confiar en Buehler para ofrecer innovaciones comprobadas respaldadas por el cliente que simplifican su vida. Cuando compra productos Buehler, tambi\u00e9n se asocia con nuestro equipo de profesionales dedicados a comprender sus necesidades en los entornos m\u00e1s exigentes, ya sea que operen en control de calidad, investigaci\u00f3n y desarrollo o entorno educativo. Lo respaldamos con un representante de \u00e1rea dedicado y un departamento de laboratorio global, experiencia en aplicaciones, atenci\u00f3n al cliente y equipos de servicio.<\/p>\t\t\t\t\t\t\t\t<\/div>\n\t\t\t\t<\/div>\n\t\t\t\t<div class=\"elementor-element elementor-element-2e38096 elementor-widget elementor-widget-heading\" data-id=\"2e38096\" data-element_type=\"widget\" data-e-type=\"widget\" data-widget_type=\"heading.default\">\n\t\t\t\t<div class=\"elementor-widget-container\">\n\t\t\t\t\t<h3 class=\"elementor-heading-title elementor-size-default\">Gerente de cuenta dedicado<\/h3>\t\t\t\t<\/div>\n\t\t\t\t<\/div>\n\t\t\t\t<div class=\"elementor-element elementor-element-cb32403 elementor-widget elementor-widget-text-editor\" data-id=\"cb32403\" data-element_type=\"widget\" data-e-type=\"widget\" data-widget_type=\"text-editor.default\">\n\t\t\t\t<div class=\"elementor-widget-container\">\n\t\t\t\t\t\t\t\t\t<p>Los equipos locales de Buehler se centran en hacer de la satisfacci\u00f3n del cliente una prioridad mediante la creaci\u00f3n de asociaciones s\u00f3lidas y la entrega de soluciones confiables en todo momento. Consulte a su\u00a0representante de Buehler\u00a0para solicitar los cortadores, pulidores, prensas de montaje, probadores de dureza, software o equipos de microscop\u00eda adecuados para su aplicaci\u00f3n.<\/p>\t\t\t\t\t\t\t\t<\/div>\n\t\t\t\t<\/div>\n\t\t\t\t<div class=\"elementor-element elementor-element-3d7430e elementor-widget elementor-widget-heading\" data-id=\"3d7430e\" data-element_type=\"widget\" data-e-type=\"widget\" data-widget_type=\"heading.default\">\n\t\t\t\t<div class=\"elementor-widget-container\">\n\t\t\t\t\t<h4 class=\"elementor-heading-title elementor-size-default\">Soluciones de aplicaciones y experiencia<\/h4>\t\t\t\t<\/div>\n\t\t\t\t<\/div>\n\t\t\t\t<div class=\"elementor-element elementor-element-c94c197 elementor-widget elementor-widget-text-editor\" data-id=\"c94c197\" data-element_type=\"widget\" data-e-type=\"widget\" data-widget_type=\"text-editor.default\">\n\t\t\t\t<div class=\"elementor-widget-container\">\n\t\t\t\t\t\t\t\t\tNuestros expertos en materiales, el Dr. Keeble, el Dr. Mogire, el Dr. Weber y un equipo completo de cient\u00edficos de materiales globales brindan experiencia para el corte, montaje, esmerilado\/pulido, pruebas de dureza y an\u00e1lisis de im\u00e1genes adecuados para lograr una superficie libre de da\u00f1os de su muestra. El equipo de <a href=\"https:\/\/www.buehler.com\/contact-lab.php\" target=\"_blank\" rel=\"noopener\">laboratorio de Buehler<\/a> tambi\u00e9n est\u00e1 disponible para ayudarlo a personalizar y mejorar su proceso de preparaci\u00f3n de muestras. Tambi\u00e9n ofrecen <a href=\"https:\/\/www.buehler.com\/mx\/soluciones\/buehler-extras\/registro-de-seminarios-web\/\">seminarios web gratuitos<\/a> durante todo el a\u00f1o y <a href=\"https:\/\/www.buehler.com\/mx\/soluciones\/soluciones-buehler\/entrenamiento\/\">clases pr\u00e1cticas de preparaci\u00f3n de muestras<\/a> en nuestras oficinas globales.\n\nLas aplicaciones para la soluci\u00f3n de laboratorio completo de Buehler incluyen:\n<ul>\n \t<li><a href=\"https:\/\/www.youtube.com\/watch?v=gUKrzRlpmd0&amp;t=13s\" target=\"_blank\" rel=\"noopener\">Tratamiento t\u00e9rmico<\/a>\u00a0(ver video de laboratorio de clientes de la vida real)<\/li>\n \t<li><a href=\"https:\/\/www.buehler.com\/mx\/soluciones\/soluciones-buehler\/soluciones-industriales\/aplicaciones-automotrices\/\">Industria automotriz<\/a><\/li>\n \t<li><a href=\"https:\/\/www.buehler.com\/mx\/soluciones\/soluciones-buehler\/soluciones-industriales\/aplicaciones-aeroespaciales\/\">Industria aeroespacial<\/a><\/li>\n \t<li><a href=\"https:\/\/www.buehler.com\/mx\/soluciones\/soluciones-buehler\/soluciones-industriales\/aplicaciones-de-dispositivos-medicos\/\">Industria m\u00e9dica<\/a><\/li>\n \t<li><a href=\"https:\/\/www.buehler.com\/mx\/soluciones\/soluciones-buehler\/soluciones-industriales\/aplicaciones-electronicas\/\">Electr\u00f3nica<\/a><\/li>\n \t<li><a href=\"https:\/\/www.buehler.com\/mx\/soluciones\/soluciones-buehler\/soluciones-industriales\/aplicaciones-de-fabricacion\/\">Otra Manufactura<\/a><\/li>\n \t<li><a href=\"https:\/\/www.buehler.com\/mx\/soluciones\/soluciones-buehler\/soluciones-industriales\/aplicaciones-de-educacion-e-investigacion-y-desarrollo\/\">Educaci\u00f3n \/ Investigaci\u00f3n y Desarrollo<\/a><\/li>\n \t<li><a href=\"https:\/\/www.buehler.com\/mx\/soluciones\/soluciones-buehler\/soluciones-industriales\/aplicaciones-espaciales-y-de-defensa\/\">Aplicaciones de defensa<\/a><\/li>\n \t<li><a href=\"https:\/\/www.buehler.com\/mx\/soluciones\/soluciones-buehler\/soluciones-industriales\/aplicaciones-energeticas\/\">Aplicaciones Energ\u00e9ticas<\/a><\/li>\n<\/ul>\t\t\t\t\t\t\t\t<\/div>\n\t\t\t\t<\/div>\n\t\t\t\t<div class=\"elementor-element elementor-element-09973be elementor-widget elementor-widget-heading\" data-id=\"09973be\" data-element_type=\"widget\" data-e-type=\"widget\" data-widget_type=\"heading.default\">\n\t\t\t\t<div class=\"elementor-widget-container\">\n\t\t\t\t\t<h5 class=\"elementor-heading-title elementor-size-default\">Atenci\u00f3n al cliente y soporte de servicio<\/h5>\t\t\t\t<\/div>\n\t\t\t\t<\/div>\n\t\t\t\t<div class=\"elementor-element elementor-element-2902d4c8 elementor-widget elementor-widget-text-editor\" data-id=\"2902d4c8\" data-element_type=\"widget\" data-e-type=\"widget\" data-widget_type=\"text-editor.default\">\n\t\t\t\t<div class=\"elementor-widget-container\">\n\t\t\t\t\t\t\t\t\t<p>Le apoyamos con atenci\u00f3n al cliente, servicios de reparaci\u00f3n y piezas de repuesto en garant\u00eda y m\u00e1s all\u00e1. Buehler tambi\u00e9n ofrece servicios de calibraci\u00f3n y mantenimiento preventivo para equipos. Tambi\u00e9n se encuentran disponibles verificaciones \u00f3pticas para microscopios y recept\u00e1culos. Los t\u00e9cnicos de <a href=\"https:\/\/www.buehler.com\/service-request_us.php\" target=\"_blank\" rel=\"noopener\">servicio de Buehler<\/a> est\u00e1n disponibles a trav\u00e9s de nuestra plataforma de gesti\u00f3n de casos en l\u00ednea eService. Para las regiones cubiertas por nuestra red de distribuidores, comun\u00edquese con el distribuidor de su \u00e1rea. Equipos y consumibles de env\u00edo r\u00e1pido Las empresas e instituciones \u00e1giles de todos los sectores no pueden permitirse el lujo de esperar por los equipos de laboratorio. Buehler puede entregar un laboratorio completamente funcional con equipos de la lista a continuaci\u00f3n en menos de cuatro semanas, y estaremos disponibles para soporte t\u00e9cnico y de productos en cada paso del camino.<\/p><ul><li><a href=\"https:\/\/www.buehler.com\/mx\/productos\/seccionamiento\/cortadoras-de-precision\/cortador-de-precision-de-baja-velocidad-isomet\/\">Cortador de precisi\u00f3n de alta velocidad IsoMet<\/a><\/li><li><a href=\"https:\/\/www.buehler.com\/mx\/productos\/montaje\/montaje-por-compresion\/prensa-de-montaje-simplimet-4000\/\">Prensa de montaje SimpliMet 4000<\/a><\/li><li><a href=\"https:\/\/www.buehler.com\/mx\/productos\/esmerilado-y-pulido\/esmeriladoras-pulidoras\/automet-250-pro-grinder-pulidora-pantalla-tactil-programable\/\">Pulidoras AutoMet y EcoMet<\/a><\/li><li><a href=\"https:\/\/www.buehler.com\/mx\/productos\/esmerilado-y-pulido\/accesorios-y-consumibles\/modulo-de-rafaga\/\">Sistemas de dosificaci\u00f3n en r\u00e1faga<\/a><\/li><li><a href=\"https:\/\/www.buehler.com\/mx\/productos\/pruebas-de-dureza\/software-de-automatizacion\/software-para-pruebas-de-dureza-diamet\/\">Programas de software DiaMet Hardness<\/a> y <a href=\"https:\/\/www.buehler.com\/mx\/productos\/imagenes-y-analisis\/software\/software-de-analisis-de-imagenes-omnimet\/\">OmniMet Imaging<\/a><\/li><li><a href=\"https:\/\/www.buehler.com\/mx\/productos\/pruebas-de-dureza\/probadores-de-dureza-vickers-y-knoop\/durometros-vickers-y-knoop-wilson-vh3100\/\">Probador de dureza Vickers &amp; Knoop todo en uno Wilson VH3100<\/a><\/li><li><a href=\"https:\/\/www.buehler.com\/mx\/productos\/pruebas-de-dureza\/probadores-de-dureza-rockwell\/wilson-rockwell-574\/\">Probador de dureza Wilson Rockwell 574<\/a><\/li><li><a href=\"https:\/\/www.buehler.com\/mx\/productos\/pruebas-de-dureza\/\">Bloques de prueba<\/a> y <a href=\"https:\/\/www.buehler.com\/mx\/productos\/accesorios-y-consumibles-de-metalografia\/\">consumibles<\/a><\/li><\/ul><p>Tambi\u00e9n entregamos consumibles cuando los necesite y tenemos tiendas en l\u00ednea disponibles las 24 horas del d\u00eda, los 7 d\u00edas de la semana para tomar sus pedidos. Consulte con nuestro representante local para obtener su direcci\u00f3n de compras en l\u00ednea. Para obtener una lista completa de consumibles o accesorios para la preparaci\u00f3n de muestras de Buehler, consulte el cat\u00e1logo de Buehler o <a href=\"https:\/\/shop.buehler.com\/\" target=\"_blank\" rel=\"noopener\">la tienda corporativa en l\u00ednea<\/a>.<\/p>\t\t\t\t\t\t\t\t<\/div>\n\t\t\t\t<\/div>\n\t\t\t\t\t<\/div>\n\t\t<\/div>\n\t\t\t\t\t<\/div>\n\t\t<\/section>\n\t\t\t\t<\/div>\n\t\t","protected":false},"excerpt":{"rendered":"<p>Soluciones completas de Laboratorio Estamos orgullosos de ofrecer la soluci\u00f3n de laboratorio completa completa con equipos dise\u00f1ados y fabricados por Buehler para garantizar la m\u00e1s alta calidad y el m\u00e1ximo rendimiento de su laboratorio. Deje que Buehler lo ayude a crear un nuevo laboratorio metalogr\u00e1fico con equipos que garanticen la repetibilidad y confiabilidad en el [&hellip;]<\/p>\n","protected":false},"author":1,"featured_media":0,"parent":9641,"menu_order":0,"comment_status":"closed","ping_status":"closed","template":"elementor_header_footer","meta":{"footnotes":""},"class_list":["post-9645","page","type-page","status-publish","hentry"],"_links":{"self":[{"href":"https:\/\/www.buehler.com\/mx\/wp-json\/wp\/v2\/pages\/9645","targetHints":{"allow":["GET"]}}],"collection":[{"href":"https:\/\/www.buehler.com\/mx\/wp-json\/wp\/v2\/pages"}],"about":[{"href":"https:\/\/www.buehler.com\/mx\/wp-json\/wp\/v2\/types\/page"}],"author":[{"embeddable":true,"href":"https:\/\/www.buehler.com\/mx\/wp-json\/wp\/v2\/users\/1"}],"replies":[{"embeddable":true,"href":"https:\/\/www.buehler.com\/mx\/wp-json\/wp\/v2\/comments?post=9645"}],"version-history":[{"count":27,"href":"https:\/\/www.buehler.com\/mx\/wp-json\/wp\/v2\/pages\/9645\/revisions"}],"predecessor-version":[{"id":17395,"href":"https:\/\/www.buehler.com\/mx\/wp-json\/wp\/v2\/pages\/9645\/revisions\/17395"}],"up":[{"embeddable":true,"href":"https:\/\/www.buehler.com\/mx\/wp-json\/wp\/v2\/pages\/9641"}],"wp:attachment":[{"href":"https:\/\/www.buehler.com\/mx\/wp-json\/wp\/v2\/media?parent=9645"}],"curies":[{"name":"wp","href":"https:\/\/api.w.org\/{rel}","templated":true}]}}