{"id":9641,"date":"2021-10-21T11:13:53","date_gmt":"2021-10-21T16:13:53","guid":{"rendered":"https:\/\/buehler.com\/mx\/?page_id=9641"},"modified":"2022-04-18T09:39:33","modified_gmt":"2022-04-18T14:39:33","slug":"soluciones-buehler","status":"publish","type":"page","link":"https:\/\/www.buehler.com\/mx\/soluciones\/soluciones-buehler\/","title":{"rendered":"Soluciones Buehler"},"content":{"rendered":"\t\t<div data-elementor-type=\"wp-page\" data-elementor-id=\"9641\" class=\"elementor elementor-9641\" data-elementor-post-type=\"page\">\n\t\t\t\t\t\t<section data-particle_enable=\"false\" data-particle-mobile-disabled=\"false\" class=\"elementor-section elementor-top-section elementor-element elementor-element-77d4b587 elementor-section-content-middle elementor-section-height-min-height elementor-section-boxed elementor-section-height-default elementor-section-items-middle\" data-id=\"77d4b587\" data-element_type=\"section\" data-e-type=\"section\" data-settings=\"{&quot;background_background&quot;:&quot;classic&quot;}\">\n\t\t\t\t\t\t\t<div class=\"elementor-background-overlay\"><\/div>\n\t\t\t\t\t\t\t<div class=\"elementor-container elementor-column-gap-no\">\n\t\t\t\t\t<div class=\"elementor-column elementor-col-100 elementor-top-column elementor-element elementor-element-421a7b4b\" data-id=\"421a7b4b\" data-element_type=\"column\" data-e-type=\"column\">\n\t\t\t<div class=\"elementor-widget-wrap elementor-element-populated\">\n\t\t\t\t\t\t<div class=\"elementor-element elementor-element-25f39a01 elementor-widget elementor-widget-heading\" data-id=\"25f39a01\" data-element_type=\"widget\" data-e-type=\"widget\" data-widget_type=\"heading.default\">\n\t\t\t\t<div class=\"elementor-widget-container\">\n\t\t\t\t\t<h1 class=\"elementor-heading-title elementor-size-default\">Soluciones Buehler<\/h1>\t\t\t\t<\/div>\n\t\t\t\t<\/div>\n\t\t\t\t<div class=\"elementor-element elementor-element-48538c02 elementor-widget elementor-widget-text-editor\" data-id=\"48538c02\" data-element_type=\"widget\" data-e-type=\"widget\" data-widget_type=\"text-editor.default\">\n\t\t\t\t<div class=\"elementor-widget-container\">\n\t\t\t\t\t\t\t\t\t<p>Encuentre soluciones industriales de laboratorio completas para sus aplicaciones. Reg\u00edstrese en la clase de capacitaci\u00f3n Buehler SumMet o encuentre un m\u00e9todo espec\u00edfico buscando su material.<\/p>\t\t\t\t\t\t\t\t<\/div>\n\t\t\t\t<\/div>\n\t\t\t\t<div class=\"elementor-element elementor-element-5308c736 elementor-align-center elementor-widget elementor-widget-button\" data-id=\"5308c736\" data-element_type=\"widget\" data-e-type=\"widget\" data-widget_type=\"button.default\">\n\t\t\t\t<div class=\"elementor-widget-container\">\n\t\t\t\t\t\t\t\t\t<div class=\"elementor-button-wrapper\">\n\t\t\t\t\t<a class=\"elementor-button elementor-button-link elementor-size-sm elementor-animation-shrink\" href=\"#more\">\n\t\t\t\t\t\t<span class=\"elementor-button-content-wrapper\">\n\t\t\t\t\t\t\t\t\t<span class=\"elementor-button-text\">Encuentra una soluci\u00f3n<\/span>\n\t\t\t\t\t<\/span>\n\t\t\t\t\t<\/a>\n\t\t\t\t<\/div>\n\t\t\t\t\t\t\t\t<\/div>\n\t\t\t\t<\/div>\n\t\t\t\t\t<\/div>\n\t\t<\/div>\n\t\t\t\t\t<\/div>\n\t\t<\/section>\n\t\t\t\t<section data-particle_enable=\"false\" data-particle-mobile-disabled=\"false\" data-uael-partstyle=\"nasa\" data-uael-partcolor=\"\" data-uael-partopacity=\"\" data-uael-partdirection=\"bottom\" class=\"elementor-section elementor-top-section elementor-element elementor-element-1236ef39 elementor-section-full_width uael-particle-yes elementor-section-height-default elementor-section-height-default\" data-id=\"1236ef39\" data-element_type=\"section\" data-e-type=\"section\" id=\"more\">\n\t\t\t\t\t\t<div class=\"elementor-container elementor-column-gap-default\">\n\t\t\t\t\t<div class=\"elementor-column elementor-col-100 elementor-top-column elementor-element elementor-element-4d6e63a3\" data-id=\"4d6e63a3\" data-element_type=\"column\" data-e-type=\"column\" data-settings=\"{&quot;background_background&quot;:&quot;classic&quot;}\">\n\t\t\t<div class=\"elementor-widget-wrap elementor-element-populated\">\n\t\t\t\t\t\t<div class=\"elementor-element elementor-element-3bcd02e4 elementor-widget elementor-widget-heading\" data-id=\"3bcd02e4\" data-element_type=\"widget\" data-e-type=\"widget\" data-widget_type=\"heading.default\">\n\t\t\t\t<div class=\"elementor-widget-container\">\n\t\t\t\t\t<h2 class=\"elementor-heading-title elementor-size-default\">Encuentre la soluci\u00f3n industrial para su aplicaci\u00f3n<\/h2>\t\t\t\t<\/div>\n\t\t\t\t<\/div>\n\t\t\t\t<div class=\"elementor-element elementor-element-dbec471 elementor-widget elementor-widget-text-editor\" data-id=\"dbec471\" data-element_type=\"widget\" data-e-type=\"widget\" data-widget_type=\"text-editor.default\">\n\t\t\t\t<div class=\"elementor-widget-container\">\n\t\t\t\t\t\t\t\t\t<p>Cuando fallar no es una opci\u00f3n, y la validaci\u00f3n lo es todo, as\u00f3ciese con Buehler, el l\u00edder en equipos y soluciones de prueba de materiales desde 1936. Hoy continuamos asoci\u00e1ndonos con los principales fabricantes y centros de investigaci\u00f3n que est\u00e1n a la vanguardia de las pruebas de materiales: aditivos y Piezas impresas en 3D, aligeramiento, nanomateriales, compuestos, tecnolog\u00edas de veh\u00edculos el\u00e9ctricos, electr\u00f3nica flexible y bater\u00edas de litio, por nombrar algunos. H\u00e1ganos saber c\u00f3mo podemos asegurar su calidad en el an\u00e1lisis de microestructuras a trav\u00e9s de nuestra\u00a0revisi\u00f3n de procesos por parte de expertos\u00a0antes de lanzar su pr\u00f3ximo laboratorio o para mejorar los resultados del laboratorio actual.<\/p>\t\t\t\t\t\t\t\t<\/div>\n\t\t\t\t<\/div>\n\t\t\t\t\t<\/div>\n\t\t<\/div>\n\t\t\t\t\t<\/div>\n\t\t<\/section>\n\t\t\t\t<section data-particle_enable=\"false\" data-particle-mobile-disabled=\"false\" data-uael-partstyle=\"nasa\" data-uael-partcolor=\"\" data-uael-partopacity=\"\" data-uael-partdirection=\"bottom\" class=\"elementor-section elementor-top-section elementor-element elementor-element-1168adc9 elementor-section-full_width uael-particle-yes elementor-section-height-default elementor-section-height-default uael-particle-adv-no\" data-id=\"1168adc9\" data-element_type=\"section\" data-e-type=\"section\" data-settings=\"{&quot;background_background&quot;:&quot;classic&quot;}\">\n\t\t\t\t\t\t<div class=\"elementor-container elementor-column-gap-default\">\n\t\t\t\t\t<div class=\"elementor-column elementor-col-100 elementor-top-column elementor-element elementor-element-1e985d56\" data-id=\"1e985d56\" data-element_type=\"column\" data-e-type=\"column\">\n\t\t\t<div class=\"elementor-widget-wrap elementor-element-populated\">\n\t\t\t\t\t\t<section data-particle_enable=\"false\" data-particle-mobile-disabled=\"false\" class=\"elementor-section elementor-inner-section elementor-element elementor-element-313b6983 elementor-section-full_width elementor-section-height-default elementor-section-height-default\" data-id=\"313b6983\" data-element_type=\"section\" data-e-type=\"section\">\n\t\t\t\t\t\t<div class=\"elementor-container elementor-column-gap-default\">\n\t\t\t\t\t<div class=\"elementor-column elementor-col-50 elementor-inner-column elementor-element elementor-element-4008079\" data-id=\"4008079\" data-element_type=\"column\" data-e-type=\"column\" data-settings=\"{&quot;background_background&quot;:&quot;classic&quot;}\">\n\t\t\t<div class=\"elementor-widget-wrap elementor-element-populated\">\n\t\t\t\t\t\t<div class=\"elementor-element elementor-element-2f0accd5 elementor-widget elementor-widget-heading\" data-id=\"2f0accd5\" data-element_type=\"widget\" data-e-type=\"widget\" data-widget_type=\"heading.default\">\n\t\t\t\t<div class=\"elementor-widget-container\">\n\t\t\t\t\t<h3 class=\"elementor-heading-title elementor-size-default\">Soluciones industriales<\/h3>\t\t\t\t<\/div>\n\t\t\t\t<\/div>\n\t\t\t\t<div class=\"elementor-element elementor-element-53adca96 elementor-widget elementor-widget-text-editor\" data-id=\"53adca96\" data-element_type=\"widget\" data-e-type=\"widget\" data-widget_type=\"text-editor.default\">\n\t\t\t\t<div class=\"elementor-widget-container\">\n\t\t\t\t\t\t\t\t\t<p><img fetchpriority=\"high\" decoding=\"async\" class=\"alignleft wp-image-1704 size-medium\" src=\"https:\/\/www.buehler.com\/es\/wp-content\/uploads\/2021\/08\/Falcon-Heavy-defense-and-space-industry-1-300x169.jpg\" alt=\"Defense and Space Industry\" width=\"300\" height=\"169\" srcset=\"https:\/\/www.buehler.com\/mx\/wp-content\/uploads\/sites\/8\/2021\/08\/Falcon-Heavy-defense-and-space-industry-1-300x169.jpg 300w, https:\/\/www.buehler.com\/mx\/wp-content\/uploads\/sites\/8\/2021\/08\/Falcon-Heavy-defense-and-space-industry-1.jpg 640w\" sizes=\"(max-width: 300px) 100vw, 300px\" \/>Cuando fallar no es una opci\u00f3n, y la validaci\u00f3n lo es todo, as\u00f3ciese con Buehler, el l\u00edder en equipos y soluciones de prueba de materiales desde 1936. Hoy continuamos asoci\u00e1ndonos con los principales fabricantes y centros de investigaci\u00f3n que est\u00e1n a la vanguardia de las pruebas de materiales: aditivos y Piezas impresas en 3D, aligeramiento, nanomateriales, compuestos, tecnolog\u00edas de veh\u00edculos el\u00e9ctricos, electr\u00f3nica flexible y bater\u00edas de litio, por nombrar algunos.<\/p>\t\t\t\t\t\t\t\t<\/div>\n\t\t\t\t<\/div>\n\t\t\t\t<div class=\"elementor-element elementor-element-45358189 elementor-align-justify elementor-widget elementor-widget-button\" data-id=\"45358189\" data-element_type=\"widget\" data-e-type=\"widget\" data-widget_type=\"button.default\">\n\t\t\t\t<div class=\"elementor-widget-container\">\n\t\t\t\t\t\t\t\t\t<div class=\"elementor-button-wrapper\">\n\t\t\t\t\t<a class=\"elementor-button elementor-button-link elementor-size-sm elementor-animation-shrink\" href=\"https:\/\/www.buehler.com\/mx\/soluciones\/soluciones-buehler\/soluciones-industriales\/\">\n\t\t\t\t\t\t<span class=\"elementor-button-content-wrapper\">\n\t\t\t\t\t\t\t\t\t<span class=\"elementor-button-text\">M\u00e1s<\/span>\n\t\t\t\t\t<\/span>\n\t\t\t\t\t<\/a>\n\t\t\t\t<\/div>\n\t\t\t\t\t\t\t\t<\/div>\n\t\t\t\t<\/div>\n\t\t\t\t\t<\/div>\n\t\t<\/div>\n\t\t\t\t<div class=\"elementor-column elementor-col-50 elementor-inner-column elementor-element elementor-element-23f2098c\" data-id=\"23f2098c\" data-element_type=\"column\" data-e-type=\"column\" data-settings=\"{&quot;background_background&quot;:&quot;classic&quot;}\">\n\t\t\t<div class=\"elementor-widget-wrap elementor-element-populated\">\n\t\t\t\t\t\t<div class=\"elementor-element elementor-element-247f245 elementor-widget elementor-widget-heading\" data-id=\"247f245\" data-element_type=\"widget\" data-e-type=\"widget\" data-widget_type=\"heading.default\">\n\t\t\t\t<div class=\"elementor-widget-container\">\n\t\t\t\t\t<h3 class=\"elementor-heading-title elementor-size-default\">Soluciones completas de laboratorio<\/h3>\t\t\t\t<\/div>\n\t\t\t\t<\/div>\n\t\t\t\t<div class=\"elementor-element elementor-element-6e9cb681 elementor-widget elementor-widget-text-editor\" data-id=\"6e9cb681\" data-element_type=\"widget\" data-e-type=\"widget\" data-widget_type=\"text-editor.default\">\n\t\t\t\t<div class=\"elementor-widget-container\">\n\t\t\t\t\t\t\t\t\t<p><img decoding=\"async\" class=\"alignleft wp-image-11850 size-medium\" src=\"https:\/\/www.buehler.com\/es\/wp-content\/uploads\/2021\/11\/Full-Lab-Solutions-300x169.jpg\" alt=\"Full Lab Solutions\" width=\"300\" height=\"169\" srcset=\"https:\/\/www.buehler.com\/mx\/wp-content\/uploads\/sites\/8\/2021\/11\/Full-Lab-Solutions-300x169.jpg 300w, https:\/\/www.buehler.com\/mx\/wp-content\/uploads\/sites\/8\/2021\/11\/Full-Lab-Solutions.jpg 640w\" sizes=\"(max-width: 300px) 100vw, 300px\" \/>Estamos orgullosos de ofrecer la soluci\u00f3n de laboratorio completa completa con equipos dise\u00f1ados y fabricados por Buehler para garantizar la m\u00e1s alta calidad y el m\u00e1ximo rendimiento de su laboratorio. Deje que Buehler lo ayude a crear un nuevo laboratorio metalogr\u00e1fico con equipos que garanticen la repetibilidad y confiabilidad en el control de calidad o el proceso de prueba de inspecci\u00f3n.<\/p>\t\t\t\t\t\t\t\t<\/div>\n\t\t\t\t<\/div>\n\t\t\t\t<div class=\"elementor-element elementor-element-2155ccf elementor-hidden-tablet elementor-hidden-mobile elementor-widget elementor-widget-spacer\" data-id=\"2155ccf\" data-element_type=\"widget\" data-e-type=\"widget\" data-widget_type=\"spacer.default\">\n\t\t\t\t<div class=\"elementor-widget-container\">\n\t\t\t\t\t\t\t<div class=\"elementor-spacer\">\n\t\t\t<div class=\"elementor-spacer-inner\"><\/div>\n\t\t<\/div>\n\t\t\t\t\t\t<\/div>\n\t\t\t\t<\/div>\n\t\t\t\t<div class=\"elementor-element elementor-element-587b48e7 elementor-align-justify elementor-widget elementor-widget-button\" data-id=\"587b48e7\" data-element_type=\"widget\" data-e-type=\"widget\" data-widget_type=\"button.default\">\n\t\t\t\t<div class=\"elementor-widget-container\">\n\t\t\t\t\t\t\t\t\t<div class=\"elementor-button-wrapper\">\n\t\t\t\t\t<a class=\"elementor-button elementor-button-link elementor-size-sm elementor-animation-shrink\" href=\"https:\/\/www.buehler.com\/mx\/soluciones\/soluciones-buehler\/soluciones-completas-de-laboratorio\/\">\n\t\t\t\t\t\t<span class=\"elementor-button-content-wrapper\">\n\t\t\t\t\t\t\t\t\t<span class=\"elementor-button-text\">M\u00e1s<\/span>\n\t\t\t\t\t<\/span>\n\t\t\t\t\t<\/a>\n\t\t\t\t<\/div>\n\t\t\t\t\t\t\t\t<\/div>\n\t\t\t\t<\/div>\n\t\t\t\t\t<\/div>\n\t\t<\/div>\n\t\t\t\t\t<\/div>\n\t\t<\/section>\n\t\t\t\t<section data-particle_enable=\"false\" data-particle-mobile-disabled=\"false\" class=\"elementor-section elementor-inner-section elementor-element elementor-element-21e021ac elementor-section-full_width elementor-section-height-default elementor-section-height-default\" data-id=\"21e021ac\" data-element_type=\"section\" data-e-type=\"section\">\n\t\t\t\t\t\t<div class=\"elementor-container elementor-column-gap-default\">\n\t\t\t\t\t<div class=\"elementor-column elementor-col-50 elementor-inner-column elementor-element elementor-element-3177f734\" data-id=\"3177f734\" data-element_type=\"column\" data-e-type=\"column\" data-settings=\"{&quot;background_background&quot;:&quot;classic&quot;}\">\n\t\t\t<div class=\"elementor-widget-wrap elementor-element-populated\">\n\t\t\t\t\t\t<div class=\"elementor-element elementor-element-40f7365 elementor-widget elementor-widget-heading\" data-id=\"40f7365\" data-element_type=\"widget\" data-e-type=\"widget\" data-widget_type=\"heading.default\">\n\t\t\t\t<div class=\"elementor-widget-container\">\n\t\t\t\t\t<h3 class=\"elementor-heading-title elementor-size-default\">M\u00e9todos por Material<\/h3>\t\t\t\t<\/div>\n\t\t\t\t<\/div>\n\t\t\t\t<div class=\"elementor-element elementor-element-1073e9d1 elementor-widget elementor-widget-text-editor\" data-id=\"1073e9d1\" data-element_type=\"widget\" data-e-type=\"widget\" data-widget_type=\"text-editor.default\">\n\t\t\t\t<div class=\"elementor-widget-container\">\n\t\t\t\t\t\t\t\t\t<p><img decoding=\"async\" class=\"alignleft wp-image-11860 size-medium\" src=\"https:\/\/www.buehler.com\/es\/wp-content\/uploads\/2021\/11\/Periodic-table-nickel-copper-zinc-palladium-silver-cadmium-300x169.jpg\" alt=\"Methods by Materials Periodic Table of Elements\" width=\"300\" height=\"169\" srcset=\"https:\/\/www.buehler.com\/mx\/wp-content\/uploads\/sites\/8\/2021\/11\/Periodic-table-nickel-copper-zinc-palladium-silver-cadmium-300x169.jpg 300w, https:\/\/www.buehler.com\/mx\/wp-content\/uploads\/sites\/8\/2021\/11\/Periodic-table-nickel-copper-zinc-palladium-silver-cadmium.jpg 640w\" sizes=\"(max-width: 300px) 100vw, 300px\" \/>Busque una aplicaci\u00f3n que se ajuste exactamente a sus necesidades de materiales.<\/p>\t\t\t\t\t\t\t\t<\/div>\n\t\t\t\t<\/div>\n\t\t\t\t<div class=\"elementor-element elementor-element-766b8386 elementor-align-justify elementor-widget elementor-widget-button\" data-id=\"766b8386\" data-element_type=\"widget\" data-e-type=\"widget\" data-widget_type=\"button.default\">\n\t\t\t\t<div class=\"elementor-widget-container\">\n\t\t\t\t\t\t\t\t\t<div class=\"elementor-button-wrapper\">\n\t\t\t\t\t<a class=\"elementor-button elementor-button-link elementor-size-sm elementor-animation-shrink\" href=\"https:\/\/www.buehler.com\/mx\/soluciones\/soluciones-buehler\/metodos-por-tipo-de-material\/\">\n\t\t\t\t\t\t<span class=\"elementor-button-content-wrapper\">\n\t\t\t\t\t\t\t\t\t<span class=\"elementor-button-text\">M\u00e1s<\/span>\n\t\t\t\t\t<\/span>\n\t\t\t\t\t<\/a>\n\t\t\t\t<\/div>\n\t\t\t\t\t\t\t\t<\/div>\n\t\t\t\t<\/div>\n\t\t\t\t\t<\/div>\n\t\t<\/div>\n\t\t\t\t<div class=\"elementor-column elementor-col-50 elementor-inner-column elementor-element elementor-element-5d92dfd3\" data-id=\"5d92dfd3\" data-element_type=\"column\" data-e-type=\"column\" data-settings=\"{&quot;background_background&quot;:&quot;classic&quot;}\">\n\t\t\t<div class=\"elementor-widget-wrap elementor-element-populated\">\n\t\t\t\t\t\t<div class=\"elementor-element elementor-element-545d71c0 elementor-widget elementor-widget-heading\" data-id=\"545d71c0\" data-element_type=\"widget\" data-e-type=\"widget\" data-widget_type=\"heading.default\">\n\t\t\t\t<div class=\"elementor-widget-container\">\n\t\t\t\t\t<h3 class=\"elementor-heading-title elementor-size-default\">SumMet Training Course<\/h3>\t\t\t\t<\/div>\n\t\t\t\t<\/div>\n\t\t\t\t<div class=\"elementor-element elementor-element-58bc1b2b elementor-widget elementor-widget-text-editor\" data-id=\"58bc1b2b\" data-element_type=\"widget\" data-e-type=\"widget\" data-widget_type=\"text-editor.default\">\n\t\t\t\t<div class=\"elementor-widget-container\">\n\t\t\t\t\t\t\t\t\t<p><img loading=\"lazy\" decoding=\"async\" class=\"alignleft wp-image-11866 size-medium\" src=\"https:\/\/www.buehler.com\/es\/wp-content\/uploads\/2021\/11\/Buehler-2022-Microstructure-Calendar-winner-300x169.jpg\" alt=\"Buehler 2022 Microstructure Calendar winner\" width=\"300\" height=\"169\" srcset=\"https:\/\/www.buehler.com\/mx\/wp-content\/uploads\/sites\/8\/2021\/11\/Buehler-2022-Microstructure-Calendar-winner-300x169.jpg 300w, https:\/\/www.buehler.com\/mx\/wp-content\/uploads\/sites\/8\/2021\/11\/Buehler-2022-Microstructure-Calendar-winner.jpg 640w\" sizes=\"(max-width: 300px) 100vw, 300px\" \/>Un curso de tres d\u00edas dise\u00f1ado tanto para metal\u00f3grafos sin formaci\u00f3n formal como para metal\u00f3grafos experimentados que quieran aprender las \u00faltimas t\u00e9cnicas de preparaci\u00f3n. Los fundamentos del corte, montaje, esmerilado y pulido se cubren tanto en la teor\u00eda como en la pr\u00e1ctica en este curso y se basan en los m\u00e9todos SumMet desarrollados en Buehler.<\/p>\t\t\t\t\t\t\t\t<\/div>\n\t\t\t\t<\/div>\n\t\t\t\t<div class=\"elementor-element elementor-element-1b5c4e22 elementor-align-justify elementor-widget elementor-widget-button\" data-id=\"1b5c4e22\" data-element_type=\"widget\" data-e-type=\"widget\" data-widget_type=\"button.default\">\n\t\t\t\t<div class=\"elementor-widget-container\">\n\t\t\t\t\t\t\t\t\t<div class=\"elementor-button-wrapper\">\n\t\t\t\t\t<a class=\"elementor-button elementor-button-link elementor-size-sm elementor-animation-shrink\" href=\"https:\/\/www.buehler.com\/mx\/soluciones\/soluciones-buehler\/entrenamiento\/\">\n\t\t\t\t\t\t<span class=\"elementor-button-content-wrapper\">\n\t\t\t\t\t\t\t\t\t<span class=\"elementor-button-text\">M\u00e1s<\/span>\n\t\t\t\t\t<\/span>\n\t\t\t\t\t<\/a>\n\t\t\t\t<\/div>\n\t\t\t\t\t\t\t\t<\/div>\n\t\t\t\t<\/div>\n\t\t\t\t\t<\/div>\n\t\t<\/div>\n\t\t\t\t\t<\/div>\n\t\t<\/section>\n\t\t\t\t<section data-particle_enable=\"false\" data-particle-mobile-disabled=\"false\" class=\"elementor-section elementor-inner-section elementor-element elementor-element-41519b8c elementor-section-full_width elementor-section-height-default elementor-section-height-default\" data-id=\"41519b8c\" data-element_type=\"section\" data-e-type=\"section\">\n\t\t\t\t\t\t<div class=\"elementor-container elementor-column-gap-default\">\n\t\t\t\t\t<div class=\"elementor-column elementor-col-50 elementor-inner-column elementor-element elementor-element-159f391f\" data-id=\"159f391f\" data-element_type=\"column\" data-e-type=\"column\" data-settings=\"{&quot;background_background&quot;:&quot;classic&quot;}\">\n\t\t\t<div class=\"elementor-widget-wrap elementor-element-populated\">\n\t\t\t\t\t\t<div class=\"elementor-element elementor-element-4ad38461 elementor-widget elementor-widget-heading\" data-id=\"4ad38461\" data-element_type=\"widget\" data-e-type=\"widget\" data-widget_type=\"heading.default\">\n\t\t\t\t<div class=\"elementor-widget-container\">\n\t\t\t\t\t<h3 class=\"elementor-heading-title elementor-size-default\">Suministros Sostenibles<\/h3>\t\t\t\t<\/div>\n\t\t\t\t<\/div>\n\t\t\t\t<div class=\"elementor-element elementor-element-7b960a46 elementor-widget elementor-widget-text-editor\" data-id=\"7b960a46\" data-element_type=\"widget\" data-e-type=\"widget\" data-widget_type=\"text-editor.default\">\n\t\t\t\t<div class=\"elementor-widget-container\">\n\t\t\t\t\t\t\t\t\t<p><img loading=\"lazy\" decoding=\"async\" class=\"alignleft wp-image-11875 size-medium\" src=\"https:\/\/www.buehler.com\/es\/wp-content\/uploads\/2021\/11\/Buehler-Green-Logo-01-300x214.png\" alt=\"Buehler Sustainable Supplies Green Logo\" width=\"300\" height=\"214\" srcset=\"https:\/\/www.buehler.com\/mx\/wp-content\/uploads\/sites\/8\/2021\/11\/Buehler-Green-Logo-01-300x214.png 300w, https:\/\/www.buehler.com\/mx\/wp-content\/uploads\/sites\/8\/2021\/11\/Buehler-Green-Logo-01-1024x730.png 1024w, https:\/\/www.buehler.com\/mx\/wp-content\/uploads\/sites\/8\/2021\/11\/Buehler-Green-Logo-01-768x548.png 768w, https:\/\/www.buehler.com\/mx\/wp-content\/uploads\/sites\/8\/2021\/11\/Buehler-Green-Logo-01-1536x1096.png 1536w, https:\/\/www.buehler.com\/mx\/wp-content\/uploads\/sites\/8\/2021\/11\/Buehler-Green-Logo-01.png 2037w\" sizes=\"(max-width: 300px) 100vw, 300px\" \/>En Buehler, valoramos la salud, la seguridad y el compromiso de nuestros clientes como una prioridad m\u00e1xima. Seguimos rigurosamente un proceso de comentarios de los clientes para comprender y respaldar las necesidades espec\u00edficas de nuestros clientes en diferentes regiones, industrias y aplicaciones. A trav\u00e9s de esto, hemos reconocido la creciente necesidad de ofrecer productos y soluciones que minimicen el impacto en el medio ambiente, reduzcan los desechos, ahorren en servicios p\u00fablicos y minimicen los riesgos para la salud de los usuarios.<\/p>\t\t\t\t\t\t\t\t<\/div>\n\t\t\t\t<\/div>\n\t\t\t\t<div class=\"elementor-element elementor-element-27509901 elementor-align-justify elementor-widget elementor-widget-button\" data-id=\"27509901\" data-element_type=\"widget\" data-e-type=\"widget\" data-widget_type=\"button.default\">\n\t\t\t\t<div class=\"elementor-widget-container\">\n\t\t\t\t\t\t\t\t\t<div class=\"elementor-button-wrapper\">\n\t\t\t\t\t<a class=\"elementor-button elementor-button-link elementor-size-sm elementor-animation-shrink\" href=\"https:\/\/www.buehler.com\/mx\/soluciones\/soluciones-buehler\/suministros-sostenibles\/\">\n\t\t\t\t\t\t<span class=\"elementor-button-content-wrapper\">\n\t\t\t\t\t\t\t\t\t<span class=\"elementor-button-text\">M\u00e1s<\/span>\n\t\t\t\t\t<\/span>\n\t\t\t\t\t<\/a>\n\t\t\t\t<\/div>\n\t\t\t\t\t\t\t\t<\/div>\n\t\t\t\t<\/div>\n\t\t\t\t\t<\/div>\n\t\t<\/div>\n\t\t\t\t<div class=\"elementor-column elementor-col-50 elementor-inner-column elementor-element elementor-element-1796193f\" data-id=\"1796193f\" data-element_type=\"column\" data-e-type=\"column\" data-settings=\"{&quot;background_background&quot;:&quot;classic&quot;}\">\n\t\t\t<div class=\"elementor-widget-wrap\">\n\t\t\t\t\t\t\t<\/div>\n\t\t<\/div>\n\t\t\t\t\t<\/div>\n\t\t<\/section>\n\t\t\t\t\t<\/div>\n\t\t<\/div>\n\t\t\t\t\t<\/div>\n\t\t<\/section>\n\t\t\t\t<\/div>\n\t\t","protected":false},"excerpt":{"rendered":"<p>Soluciones Buehler Encuentre soluciones industriales de laboratorio completas para sus aplicaciones. Reg\u00edstrese en la clase de capacitaci\u00f3n Buehler SumMet o encuentre un m\u00e9todo espec\u00edfico buscando su material. Encuentra una soluci\u00f3n Encuentre la soluci\u00f3n industrial para su aplicaci\u00f3n Cuando fallar no es una opci\u00f3n, y la validaci\u00f3n lo es todo, as\u00f3ciese con Buehler, el l\u00edder en [&hellip;]<\/p>\n","protected":false},"author":1,"featured_media":0,"parent":7,"menu_order":0,"comment_status":"closed","ping_status":"closed","template":"","meta":{"footnotes":""},"class_list":["post-9641","page","type-page","status-publish","hentry"],"_links":{"self":[{"href":"https:\/\/www.buehler.com\/mx\/wp-json\/wp\/v2\/pages\/9641","targetHints":{"allow":["GET"]}}],"collection":[{"href":"https:\/\/www.buehler.com\/mx\/wp-json\/wp\/v2\/pages"}],"about":[{"href":"https:\/\/www.buehler.com\/mx\/wp-json\/wp\/v2\/types\/page"}],"author":[{"embeddable":true,"href":"https:\/\/www.buehler.com\/mx\/wp-json\/wp\/v2\/users\/1"}],"replies":[{"embeddable":true,"href":"https:\/\/www.buehler.com\/mx\/wp-json\/wp\/v2\/comments?post=9641"}],"version-history":[{"count":36,"href":"https:\/\/www.buehler.com\/mx\/wp-json\/wp\/v2\/pages\/9641\/revisions"}],"predecessor-version":[{"id":17381,"href":"https:\/\/www.buehler.com\/mx\/wp-json\/wp\/v2\/pages\/9641\/revisions\/17381"}],"up":[{"embeddable":true,"href":"https:\/\/www.buehler.com\/mx\/wp-json\/wp\/v2\/pages\/7"}],"wp:attachment":[{"href":"https:\/\/www.buehler.com\/mx\/wp-json\/wp\/v2\/media?parent=9641"}],"curies":[{"name":"wp","href":"https:\/\/api.w.org\/{rel}","templated":true}]}}