{"id":9609,"date":"2021-10-21T10:53:57","date_gmt":"2021-10-21T15:53:57","guid":{"rendered":"https:\/\/buehler.com\/mx\/?page_id=9609"},"modified":"2024-11-18T14:11:08","modified_gmt":"2024-11-18T20:11:08","slug":"calibracion-del-bloque-de-dureza","status":"publish","type":"page","link":"https:\/\/www.buehler.com\/mx\/productos\/pruebas-de-dureza\/calibracion-del-bloque-de-dureza\/","title":{"rendered":"Calibraci\u00f3n del bloque de dureza"},"content":{"rendered":"\t\t<div data-elementor-type=\"wp-page\" data-elementor-id=\"9609\" class=\"elementor elementor-9609\" data-elementor-post-type=\"page\">\n\t\t\t\t\t\t<section data-particle_enable=\"false\" data-particle-mobile-disabled=\"false\" class=\"elementor-section elementor-top-section elementor-element elementor-element-71706a6d elementor-section-full_width elementor-section-height-min-height elementor-section-height-default elementor-section-items-middle\" data-id=\"71706a6d\" data-element_type=\"section\" data-e-type=\"section\" data-settings=\"{&quot;background_background&quot;:&quot;classic&quot;}\">\n\t\t\t\t\t\t\t<div class=\"elementor-background-overlay\"><\/div>\n\t\t\t\t\t\t\t<div class=\"elementor-container elementor-column-gap-default\">\n\t\t\t\t\t<div class=\"elementor-column elementor-col-100 elementor-top-column elementor-element elementor-element-3e3b2cf\" data-id=\"3e3b2cf\" data-element_type=\"column\" data-e-type=\"column\">\n\t\t\t<div class=\"elementor-widget-wrap elementor-element-populated\">\n\t\t\t\t\t\t<div class=\"elementor-element elementor-element-344fe478 elementor-widget elementor-widget-heading\" data-id=\"344fe478\" data-element_type=\"widget\" data-e-type=\"widget\" data-widget_type=\"heading.default\">\n\t\t\t\t<div class=\"elementor-widget-container\">\n\t\t\t\t\t<h1 class=\"elementor-heading-title elementor-size-default\">Calibraci\u00f3n del bloque de dureza<\/h1>\t\t\t\t<\/div>\n\t\t\t\t<\/div>\n\t\t\t\t\t<\/div>\n\t\t<\/div>\n\t\t\t\t\t<\/div>\n\t\t<\/section>\n\t\t\t\t<section data-particle_enable=\"false\" data-particle-mobile-disabled=\"false\" class=\"elementor-section elementor-top-section elementor-element elementor-element-1d41fbb4 elementor-section-boxed elementor-section-height-default elementor-section-height-default\" data-id=\"1d41fbb4\" data-element_type=\"section\" data-e-type=\"section\">\n\t\t\t\t\t\t<div class=\"elementor-container elementor-column-gap-default\">\n\t\t\t\t\t<div class=\"elementor-column elementor-col-100 elementor-top-column elementor-element elementor-element-2d5dfd6e\" data-id=\"2d5dfd6e\" data-element_type=\"column\" data-e-type=\"column\">\n\t\t\t<div class=\"elementor-widget-wrap elementor-element-populated\">\n\t\t\t\t\t\t<div class=\"elementor-element elementor-element-4e594d76 elementor-widget-divider--view-line_text elementor-widget-divider--element-align-center elementor-widget elementor-widget-divider\" data-id=\"4e594d76\" data-element_type=\"widget\" data-e-type=\"widget\" data-widget_type=\"divider.default\">\n\t\t\t\t<div class=\"elementor-widget-container\">\n\t\t\t\t\t\t\t<div class=\"elementor-divider\">\n\t\t\t<span class=\"elementor-divider-separator\">\n\t\t\t\t\t\t\t<h2 class=\"elementor-divider__text elementor-divider__element\">\n\t\t\t\tLaboratorio de calibraci\u00f3n de bloques de dureza Wilson ISO\/IEC 17025\t\t\t\t<\/h2>\n\t\t\t\t\t\t<\/span>\n\t\t<\/div>\n\t\t\t\t\t\t<\/div>\n\t\t\t\t<\/div>\n\t\t\t\t<div class=\"elementor-element elementor-element-37f4cfa elementor-widget elementor-widget-image\" data-id=\"37f4cfa\" data-element_type=\"widget\" data-e-type=\"widget\" data-widget_type=\"image.default\">\n\t\t\t\t<div class=\"elementor-widget-container\">\n\t\t\t\t\t\t\t\t\t\t\t\t\t\t\t<img fetchpriority=\"high\" decoding=\"async\" width=\"1360\" height=\"194\" src=\"https:\/\/www.buehler.com\/mx\/wp-content\/uploads\/sites\/8\/2021\/11\/Wilson-Celebrating-100-Years-of-Hardness.png\" class=\"attachment-1536x1536 size-1536x1536 wp-image-11089\" alt=\"Buehler 100 Year Hardness\" srcset=\"https:\/\/www.buehler.com\/mx\/wp-content\/uploads\/sites\/8\/2021\/11\/Wilson-Celebrating-100-Years-of-Hardness.png 1360w, https:\/\/www.buehler.com\/mx\/wp-content\/uploads\/sites\/8\/2021\/11\/Wilson-Celebrating-100-Years-of-Hardness-300x43.png 300w, https:\/\/www.buehler.com\/mx\/wp-content\/uploads\/sites\/8\/2021\/11\/Wilson-Celebrating-100-Years-of-Hardness-1024x146.png 1024w, https:\/\/www.buehler.com\/mx\/wp-content\/uploads\/sites\/8\/2021\/11\/Wilson-Celebrating-100-Years-of-Hardness-768x110.png 768w\" sizes=\"(max-width: 1360px) 100vw, 1360px\" \/>\t\t\t\t\t\t\t\t\t\t\t\t\t\t\t<\/div>\n\t\t\t\t<\/div>\n\t\t\t\t<div class=\"elementor-element elementor-element-4138f399 elementor-widget elementor-widget-text-editor\" data-id=\"4138f399\" data-element_type=\"widget\" data-e-type=\"widget\" data-widget_type=\"text-editor.default\">\n\t\t\t\t<div class=\"elementor-widget-container\">\n\t\t\t\t\t\t\t\t\t<p><img decoding=\"async\" class=\"alignright size-medium wp-image-11095\" src=\"https:\/\/www.buehler.com\/es\/wp-content\/uploads\/2021\/11\/hardness-block-laboratory-900-300x225.jpg\" alt=\"Hardness Block Laboratory\" width=\"300\" height=\"225\" srcset=\"https:\/\/www.buehler.com\/mx\/wp-content\/uploads\/sites\/8\/2021\/11\/hardness-block-laboratory-900-300x225.jpg 300w, https:\/\/www.buehler.com\/mx\/wp-content\/uploads\/sites\/8\/2021\/11\/hardness-block-laboratory-900-768x576.jpg 768w, https:\/\/www.buehler.com\/mx\/wp-content\/uploads\/sites\/8\/2021\/11\/hardness-block-laboratory-900.jpg 900w\" sizes=\"(max-width: 300px) 100vw, 300px\" \/>El laboratorio de bloques de referencia Wilson\u00ae de Buehler en Binghamton, NY, ha alcanzado la acreditaci\u00f3n en ISO\/IEC 17025 de la Asociaci\u00f3n Norteamericana de Acreditaci\u00f3n de Laboratorios (A2LA) para los indentadores y los bloques de prueba de dureza <a href=\"https:\/\/www.buehler.com\/mx\/productos\/pruebas-de-dureza\/bloques-de-referencia-de-dureza\/\">Rockwell<\/a>, <a href=\"https:\/\/www.buehler.com\/mx\/productos\/pruebas-de-dureza\/bloques-de-referencia-de-dureza\/\">Knoop<\/a>, <a href=\"https:\/\/www.buehler.com\/mx\/productos\/pruebas-de-dureza\/bloques-de-referencia-de-dureza\/\">Vickers<\/a> y <a href=\"https:\/\/www.buehler.com\/mx\/productos\/pruebas-de-dureza\/bloques-de-referencia-de-dureza\/\" target=\"_blank\" rel=\"noopener\">Brinell<\/a>. A2LA cumple en su totalidad las normas de la Organizaci\u00f3n Internacional de Normalizaci\u00f3n (ISO) y la Comisi\u00f3n Electrot\u00e9cnica Internacional (IEC), incluida la norma ISO\/IEC 17025. Buehler comercializa los bloques de referencia, junto con los medidores <a href=\"https:\/\/www.buehler.com\/mx\/productos\/pruebas-de-dureza\/\">de dureza Wilson<\/a> y el <a href=\"https:\/\/www.buehler.com\/mx\/productos\/pruebas-de-dureza\/software-de-automatizacion\/software-para-pruebas-de-dureza-diamet\/\">software DiaMet<\/a>, en todo el mundo.<\/p>\t\t\t\t\t\t\t\t<\/div>\n\t\t\t\t<\/div>\n\t\t\t\t\t<\/div>\n\t\t<\/div>\n\t\t\t\t\t<\/div>\n\t\t<\/section>\n\t\t\t\t<section data-particle_enable=\"false\" data-particle-mobile-disabled=\"false\" class=\"elementor-section elementor-top-section elementor-element elementor-element-7b90b29b elementor-section-boxed elementor-section-height-default elementor-section-height-default\" data-id=\"7b90b29b\" data-element_type=\"section\" data-e-type=\"section\">\n\t\t\t\t\t\t<div class=\"elementor-container elementor-column-gap-default\">\n\t\t\t\t\t<div class=\"elementor-column elementor-col-100 elementor-top-column elementor-element elementor-element-3153dd49\" data-id=\"3153dd49\" data-element_type=\"column\" data-e-type=\"column\">\n\t\t\t<div class=\"elementor-widget-wrap elementor-element-populated\">\n\t\t\t\t\t\t<div class=\"elementor-element elementor-element-82237dc elementor-widget-divider--view-line_text elementor-widget-divider--element-align-center elementor-widget elementor-widget-divider\" data-id=\"82237dc\" data-element_type=\"widget\" data-e-type=\"widget\" data-widget_type=\"divider.default\">\n\t\t\t\t<div class=\"elementor-widget-container\">\n\t\t\t\t\t\t\t<div class=\"elementor-divider\">\n\t\t\t<span class=\"elementor-divider-separator\">\n\t\t\t\t\t\t\t<h3 class=\"elementor-divider__text elementor-divider__element\">\n\t\t\t\tProceso de calibraci\u00f3n\t\t\t\t<\/h3>\n\t\t\t\t\t\t<\/span>\n\t\t<\/div>\n\t\t\t\t\t\t<\/div>\n\t\t\t\t<\/div>\n\t\t\t\t<div class=\"elementor-element elementor-element-7e4fd5ce elementor-widget elementor-widget-text-editor\" data-id=\"7e4fd5ce\" data-element_type=\"widget\" data-e-type=\"widget\" data-widget_type=\"text-editor.default\">\n\t\t\t\t<div class=\"elementor-widget-container\">\n\t\t\t\t\t\t\t\t\t<p><img decoding=\"async\" class=\"size-medium wp-image-11104 alignleft\" src=\"https:\/\/www.buehler.com\/es\/wp-content\/uploads\/2021\/11\/ISO-hardness-reference-blocks-300x271.png\" alt=\"ISO Hardness Reference Blocks\" width=\"300\" height=\"271\" srcset=\"https:\/\/www.buehler.com\/mx\/wp-content\/uploads\/sites\/8\/2021\/11\/ISO-hardness-reference-blocks-300x271.png 300w, https:\/\/www.buehler.com\/mx\/wp-content\/uploads\/sites\/8\/2021\/11\/ISO-hardness-reference-blocks-768x695.png 768w, https:\/\/www.buehler.com\/mx\/wp-content\/uploads\/sites\/8\/2021\/11\/ISO-hardness-reference-blocks.png 774w\" sizes=\"(max-width: 300px) 100vw, 300px\" \/>Los medidores que se utilizan en el proceso de calibraci\u00f3n son sometidos a un proceso de supervisi\u00f3n riguroso con dispositivos trazables de NIST. Buehler realiza una inspecci\u00f3n del 100% para garantizar que todos y cada uno de los bloques de prueba cumplan con los requisitos f\u00edsicos de ASTM (grosor, planicidad, paralelismo, aspereza de superficie y magnetismo). Posteriormente, el laboratorio utiliza medidores de dureza especializados para calibrar los bloques seg\u00fan las escalas Rockwell, Vickers y Brinell en cumplimiento con las normas ISO y ASTM para la calibraci\u00f3n de bloques de prueba.<\/p><p>Se toman lecturas de dureza y se calculan estad\u00edsticas de acuerdo con las normas aplicables. Cada bloque de prueba recibe un certificado y, por ende, es totalmente trazable. Adem\u00e1s de las verificaciones diarias internas, las normas exigen que un tercero acreditado realice verificaciones indirectas de forma peri\u00f3dica. Una vez obtenida la certificaci\u00f3n de indentaci\u00f3n, se utiliza un grabador l\u00e1ser para imprimir sobre los bloques una tabla (si corresponde) y el valor de dureza con la tolerancia seg\u00fan las normas. Todos los bloques de prueba de dureza se env\u00edan con certificados ISO y ASTM. Buehler es el \u00fanico proveedor global en el mercado de las soluciones metalogr\u00e1ficas que produce y calibra bloques de referencia de dureza.<\/p><p>Alcance de la acreditaci\u00f3n El laboratorio de bloques de referencia Wilson\u00ae de Buehler en Binghamton, Nueva York, posee acreditaci\u00f3n para realizar calibraciones en bloques de referencia de dureza de acuerdo con las siguientes normas:<\/p><ul class=\"ml-40\"><li>Calibraci\u00f3n de bloques de prueba de dureza estandarizados Rockwell | ISO 6508-3 y ASTM E18<\/li><li>Calibraci\u00f3n de bloques de prueba de dureza superficial estandarizados Rockwell | ISO 6508-3 y ASTM E18<\/li><li>Calibraci\u00f3n de bloques de prueba de dureza estandarizados Vickers | ISO 6507-3 y ASTM E92<\/li><li>Calibraci\u00f3n de bloques de prueba de dureza estandarizados Knoop | ISO 4545-3 y ASTM E92<\/li><li>Calibraci\u00f3n de bloques de prueba de dureza estandarizados Brinell | ISO 6506-3 y ASTM E10<\/li><\/ul><p>Los bloques de prueba Buehler disponibles en las escalas de dureza Rockwell, Vickers, Knoop y Brinell de Buehler utilizan materiales de m\u00e1xima calidad para garantizar la disponibilidad de los bloques de prueba m\u00e1s uniformes y repetibles. El laboratorio de calibraci\u00f3n de bloques de prueba de Buehler tiene la capacidad de producir y calibrar bloques de prueba para muchas escalas de dureza diferentes.<\/p><ul class=\"ml-40\"><li>Rockwell: Escalas regulares y superficiales<\/li><li>Microindentaci\u00f3n Vickers: Cargas de 10\u00a0gf a 1\u00a0kgf<\/li><li>Macroindentaci\u00f3n Vickers: Cargas de 1 kgf a 100 kgf<\/li><li>Microindentaci\u00f3n Knoop: Cargas de 10\u00a0gf a 1\u00a0kgf<\/li><li>Brinell: Cargas de HBW5\/750, HBW5\/250, HBW10\/1000, HBW10\/3000, HBW2.5\/62.5, HBW2.5\/187.5<\/li><\/ul><p>La l\u00ednea completa de bloques de prueba de dureza Wilson Rockwell, Wilson Brinell y Wilson Vickers\/Knoop se encuentra disponible en la secci\u00f3n de dureza del sitio <a href=\"https:\/\/www.buehler.com\/mx\/productos\/pruebas-de-dureza\/\">web de Buehler<\/a>. Como ayuda para los clientes en la selecci\u00f3n, Buehler ha lanzado una <a href=\"https:\/\/www.buehler.com\/assets\/Brochures\/Spanish\/Hardness\/FN01526_Test_Block_Guide_ES_Web.pdf\" target=\"_blank\" rel=\"noopener\">Gu\u00eda de aplicaci\u00f3n de bloques<\/a> de prueba con informaci\u00f3n valiosa sobre la l\u00ednea Wilson de bloques de prueba y datos importantes sobre el uso adecuado de estos bloques.<\/p>\t\t\t\t\t\t\t\t<\/div>\n\t\t\t\t<\/div>\n\t\t\t\t\t<\/div>\n\t\t<\/div>\n\t\t\t\t\t<\/div>\n\t\t<\/section>\n\t\t\t\t<\/div>\n\t\t","protected":false},"excerpt":{"rendered":"<p>Calibraci\u00f3n del bloque de dureza Laboratorio de calibraci\u00f3n de bloques de dureza Wilson ISO\/IEC 17025 El laboratorio de bloques de referencia Wilson\u00ae de Buehler en Binghamton, NY, ha alcanzado la acreditaci\u00f3n en ISO\/IEC 17025 de la Asociaci\u00f3n Norteamericana de Acreditaci\u00f3n de Laboratorios (A2LA) para los indentadores y los bloques de prueba de dureza Rockwell, Knoop, [&hellip;]<\/p>\n","protected":false},"author":1,"featured_media":0,"parent":8474,"menu_order":0,"comment_status":"closed","ping_status":"closed","template":"elementor_header_footer","meta":{"footnotes":""},"class_list":["post-9609","page","type-page","status-publish","hentry"],"_links":{"self":[{"href":"https:\/\/www.buehler.com\/mx\/wp-json\/wp\/v2\/pages\/9609","targetHints":{"allow":["GET"]}}],"collection":[{"href":"https:\/\/www.buehler.com\/mx\/wp-json\/wp\/v2\/pages"}],"about":[{"href":"https:\/\/www.buehler.com\/mx\/wp-json\/wp\/v2\/types\/page"}],"author":[{"embeddable":true,"href":"https:\/\/www.buehler.com\/mx\/wp-json\/wp\/v2\/users\/1"}],"replies":[{"embeddable":true,"href":"https:\/\/www.buehler.com\/mx\/wp-json\/wp\/v2\/comments?post=9609"}],"version-history":[{"count":31,"href":"https:\/\/www.buehler.com\/mx\/wp-json\/wp\/v2\/pages\/9609\/revisions"}],"predecessor-version":[{"id":21064,"href":"https:\/\/www.buehler.com\/mx\/wp-json\/wp\/v2\/pages\/9609\/revisions\/21064"}],"up":[{"embeddable":true,"href":"https:\/\/www.buehler.com\/mx\/wp-json\/wp\/v2\/pages\/8474"}],"wp:attachment":[{"href":"https:\/\/www.buehler.com\/mx\/wp-json\/wp\/v2\/media?parent=9609"}],"curies":[{"name":"wp","href":"https:\/\/api.w.org\/{rel}","templated":true}]}}