{"id":9540,"date":"2021-10-21T09:54:08","date_gmt":"2021-10-21T14:54:08","guid":{"rendered":"https:\/\/buehler.com\/mx\/?page_id=9540"},"modified":"2022-03-02T08:52:09","modified_gmt":"2022-03-02T14:52:09","slug":"accesorios-y-consumibles-de-metalografia","status":"publish","type":"page","link":"https:\/\/www.buehler.com\/mx\/productos\/accesorios-y-consumibles-de-metalografia\/","title":{"rendered":"Accesorios y Consumibles de Metalograf\u00eda"},"content":{"rendered":"\t\t<div data-elementor-type=\"wp-page\" data-elementor-id=\"9540\" class=\"elementor elementor-9540\" data-elementor-post-type=\"page\">\n\t\t\t\t\t\t<section data-particle_enable=\"false\" data-particle-mobile-disabled=\"false\" class=\"elementor-section elementor-top-section elementor-element elementor-element-7267c8e7 elementor-section-full_width elementor-section-height-default elementor-section-height-default\" data-id=\"7267c8e7\" data-element_type=\"section\" data-e-type=\"section\">\n\t\t\t\t\t\t<div class=\"elementor-container elementor-column-gap-default\">\n\t\t\t\t\t<div class=\"elementor-column elementor-col-100 elementor-top-column elementor-element elementor-element-43b1a2b3\" data-id=\"43b1a2b3\" data-element_type=\"column\" data-e-type=\"column\">\n\t\t\t<div class=\"elementor-widget-wrap elementor-element-populated\">\n\t\t\t\t\t\t<div class=\"elementor-element elementor-element-50482692 elementor-widget elementor-widget-heading\" data-id=\"50482692\" data-element_type=\"widget\" data-e-type=\"widget\" data-widget_type=\"heading.default\">\n\t\t\t\t<div class=\"elementor-widget-container\">\n\t\t\t\t\t<h1 class=\"elementor-heading-title elementor-size-default\">Accesorios y Consumibles de Metalograf\u00eda<\/h1>\t\t\t\t<\/div>\n\t\t\t\t<\/div>\n\t\t\t\t\t<\/div>\n\t\t<\/div>\n\t\t\t\t\t<\/div>\n\t\t<\/section>\n\t\t\t\t<section data-particle_enable=\"false\" data-particle-mobile-disabled=\"false\" class=\"elementor-section elementor-top-section elementor-element elementor-element-5c25d991 elementor-section-boxed elementor-section-height-default elementor-section-height-default\" data-id=\"5c25d991\" data-element_type=\"section\" data-e-type=\"section\">\n\t\t\t\t\t\t<div class=\"elementor-container elementor-column-gap-default\">\n\t\t\t\t\t<div class=\"elementor-column elementor-col-100 elementor-top-column elementor-element elementor-element-4044dcca\" data-id=\"4044dcca\" data-element_type=\"column\" data-e-type=\"column\">\n\t\t\t<div class=\"elementor-widget-wrap elementor-element-populated\">\n\t\t\t\t\t\t<div class=\"elementor-element elementor-element-4eea30c elementor-widget elementor-widget-text-editor\" data-id=\"4eea30c\" data-element_type=\"widget\" data-e-type=\"widget\" data-widget_type=\"text-editor.default\">\n\t\t\t\t<div class=\"elementor-widget-container\">\n\t\t\t\t\t\t\t\t\t<p>Buehler ofrece una gama completa de productos Accesorios y Consumibles de Metalograf\u00eda para el proceso completo de an\u00e1lisis y preparaci\u00f3n de materiales. La selecci\u00f3n de cuchillas de corte, compuestos de montaje, superficies de esmerilado, suspensiones de pulido y bloques de referencia de dureza de Buehler permite a los laboratorios optimizar su proceso seg\u00fan sus necesidades. Las soluciones de Buehler tambi\u00e9n permiten que los laboratorios ahorren tiempo, mejoren la consistencia, reduzcan los desechos, maximicen la vida \u00fatil del uso y minimicen la exposici\u00f3n a riesgos para la salud de los usuarios. Encuentre los suministros metalogr\u00e1ficos que necesita para su laboratorio haciendo clic en las secciones de categor\u00eda a continuaci\u00f3n.<\/p>\t\t\t\t\t\t\t\t<\/div>\n\t\t\t\t<\/div>\n\t\t\t\t<div class=\"elementor-element elementor-element-21439607 elementor-position-left elementor-vertical-align-middle elementor-widget elementor-widget-image-box\" data-id=\"21439607\" data-element_type=\"widget\" data-e-type=\"widget\" data-widget_type=\"image-box.default\">\n\t\t\t\t<div class=\"elementor-widget-container\">\n\t\t\t\t\t<div class=\"elementor-image-box-wrapper\"><figure class=\"elementor-image-box-img\"><img fetchpriority=\"high\" decoding=\"async\" width=\"600\" height=\"600\" src=\"https:\/\/www.buehler.com\/mx\/wp-content\/uploads\/sites\/8\/2021\/08\/premium-Abrasive-Cutter-Blades.png\" class=\"attachment-full size-full wp-image-1849\" alt=\"Discos Para Cortadoras Abrasivas\" srcset=\"https:\/\/www.buehler.com\/mx\/wp-content\/uploads\/sites\/8\/2021\/08\/premium-Abrasive-Cutter-Blades.png 600w, https:\/\/www.buehler.com\/mx\/wp-content\/uploads\/sites\/8\/2021\/08\/premium-Abrasive-Cutter-Blades-300x300.png 300w, https:\/\/www.buehler.com\/mx\/wp-content\/uploads\/sites\/8\/2021\/08\/premium-Abrasive-Cutter-Blades-150x150.png 150w\" sizes=\"(max-width: 600px) 100vw, 600px\" \/><\/figure><div class=\"elementor-image-box-content\"><h2 class=\"elementor-image-box-title\">Consumibles de seccionamiento<\/h2><p class=\"elementor-image-box-description\">Una gama completa de productos consumibles metalogr\u00e1ficos para la preparaci\u00f3n y an\u00e1lisis de materiales que incluyen sierras abrasivas y de precisi\u00f3n, hojas y mordazas para cortar cualquier material. <\/p><\/div><\/div>\t\t\t\t<\/div>\n\t\t\t\t<\/div>\n\t\t\t\t<div class=\"elementor-element elementor-element-5ed41f64 elementor-align-left elementor-widget elementor-widget-button\" data-id=\"5ed41f64\" data-element_type=\"widget\" data-e-type=\"widget\" data-widget_type=\"button.default\">\n\t\t\t\t<div class=\"elementor-widget-container\">\n\t\t\t\t\t\t\t\t\t<div class=\"elementor-button-wrapper\">\n\t\t\t\t\t<a class=\"elementor-button elementor-button-link elementor-size-md\" href=\"https:\/\/www.buehler.com\/es\/productos\/seccionamiento\/accesorios-y-consumibles\/\">\n\t\t\t\t\t\t<span class=\"elementor-button-content-wrapper\">\n\t\t\t\t\t\t\t\t\t<span class=\"elementor-button-text\">Ver todos los consumibles de corte<\/span>\n\t\t\t\t\t<\/span>\n\t\t\t\t\t<\/a>\n\t\t\t\t<\/div>\n\t\t\t\t\t\t\t\t<\/div>\n\t\t\t\t<\/div>\n\t\t\t\t<div class=\"elementor-element elementor-element-7f06b5df elementor-position-left elementor-vertical-align-middle elementor-widget elementor-widget-image-box\" data-id=\"7f06b5df\" data-element_type=\"widget\" data-e-type=\"widget\" data-widget_type=\"image-box.default\">\n\t\t\t\t<div class=\"elementor-widget-container\">\n\t\t\t\t\t<div class=\"elementor-image-box-wrapper\"><figure class=\"elementor-image-box-img\"><img decoding=\"async\" width=\"580\" height=\"600\" src=\"https:\/\/www.buehler.com\/mx\/wp-content\/uploads\/sites\/8\/2021\/09\/203200500-PhenocureRedMount.jpg\" class=\"attachment-full size-full wp-image-4955\" alt=\"Polvo de Montaje por Compresi\u00f3n y Premoldes\" srcset=\"https:\/\/www.buehler.com\/mx\/wp-content\/uploads\/sites\/8\/2021\/09\/203200500-PhenocureRedMount.jpg 580w, https:\/\/www.buehler.com\/mx\/wp-content\/uploads\/sites\/8\/2021\/09\/203200500-PhenocureRedMount-290x300.jpg 290w\" sizes=\"(max-width: 580px) 100vw, 580px\" \/><\/figure><div class=\"elementor-image-box-content\"><h3 class=\"elementor-image-box-title\">Consumibles de montaje<\/h3><p class=\"elementor-image-box-description\">Una gama completa de productos consumibles metalogr\u00e1ficos para la preparaci\u00f3n y an\u00e1lisis de materiales, incluidos compuestos de montaje por compresi\u00f3n, acr\u00edlicos y epoxi para cualquier material.<\/p><\/div><\/div>\t\t\t\t<\/div>\n\t\t\t\t<\/div>\n\t\t\t\t<div class=\"elementor-element elementor-element-69773c88 elementor-align-left elementor-widget elementor-widget-button\" data-id=\"69773c88\" data-element_type=\"widget\" data-e-type=\"widget\" data-widget_type=\"button.default\">\n\t\t\t\t<div class=\"elementor-widget-container\">\n\t\t\t\t\t\t\t\t\t<div class=\"elementor-button-wrapper\">\n\t\t\t\t\t<a class=\"elementor-button elementor-button-link elementor-size-md\" href=\"https:\/\/www.buehler.com\/es\/productos\/montaje\/accesorios-y-consumibles\/\">\n\t\t\t\t\t\t<span class=\"elementor-button-content-wrapper\">\n\t\t\t\t\t\t\t\t\t<span class=\"elementor-button-text\">Ver todos los consumibles de montaje<\/span>\n\t\t\t\t\t<\/span>\n\t\t\t\t\t<\/a>\n\t\t\t\t<\/div>\n\t\t\t\t\t\t\t\t<\/div>\n\t\t\t\t<\/div>\n\t\t\t\t<div class=\"elementor-element elementor-element-91066a1 elementor-position-left elementor-vertical-align-middle elementor-widget elementor-widget-image-box\" data-id=\"91066a1\" data-element_type=\"widget\" data-e-type=\"widget\" data-widget_type=\"image-box.default\">\n\t\t\t\t<div class=\"elementor-widget-container\">\n\t\t\t\t\t<div class=\"elementor-image-box-wrapper\"><figure class=\"elementor-image-box-img\"><img decoding=\"async\" width=\"600\" height=\"600\" src=\"https:\/\/www.buehler.com\/mx\/wp-content\/uploads\/sites\/8\/2021\/08\/GP-Family-600x600-1.png\" class=\"attachment-full size-full wp-image-1663\" alt=\"Consumables for Metallographic Testing and Analysis\" srcset=\"https:\/\/www.buehler.com\/mx\/wp-content\/uploads\/sites\/8\/2021\/08\/GP-Family-600x600-1.png 600w, https:\/\/www.buehler.com\/mx\/wp-content\/uploads\/sites\/8\/2021\/08\/GP-Family-600x600-1-300x300.png 300w, https:\/\/www.buehler.com\/mx\/wp-content\/uploads\/sites\/8\/2021\/08\/GP-Family-600x600-1-150x150.png 150w\" sizes=\"(max-width: 600px) 100vw, 600px\" \/><\/figure><div class=\"elementor-image-box-content\"><h4 class=\"elementor-image-box-title\">Consumibles para esmerilado y pulido<\/h4><p class=\"elementor-image-box-description\">La elecci\u00f3n de los consumibles de esmerilado y pulido es un factor clave que influye en el proceso de preparaci\u00f3n. Los consumibles de Buehler est\u00e1n dise\u00f1ados para mejorar la eficiencia y garantizar la repetibilidad dentro del proceso.<\/p><\/div><\/div>\t\t\t\t<\/div>\n\t\t\t\t<\/div>\n\t\t\t\t<div class=\"elementor-element elementor-element-7fc1622 elementor-align-left elementor-widget elementor-widget-button\" data-id=\"7fc1622\" data-element_type=\"widget\" data-e-type=\"widget\" data-widget_type=\"button.default\">\n\t\t\t\t<div class=\"elementor-widget-container\">\n\t\t\t\t\t\t\t\t\t<div class=\"elementor-button-wrapper\">\n\t\t\t\t\t<a class=\"elementor-button elementor-button-link elementor-size-md\" href=\"https:\/\/www.buehler.com\/es\/productos\/esmerilado-y-pulido\/accesorios-y-consumibles\/\">\n\t\t\t\t\t\t<span class=\"elementor-button-content-wrapper\">\n\t\t\t\t\t\t\t\t\t<span class=\"elementor-button-text\">Ver todos los consumibles para esmerilado y pulido<\/span>\n\t\t\t\t\t<\/span>\n\t\t\t\t\t<\/a>\n\t\t\t\t<\/div>\n\t\t\t\t\t\t\t\t<\/div>\n\t\t\t\t<\/div>\n\t\t\t\t<div class=\"elementor-element elementor-element-66679106 elementor-position-left elementor-vertical-align-middle elementor-widget elementor-widget-image-box\" data-id=\"66679106\" data-element_type=\"widget\" data-e-type=\"widget\" data-widget_type=\"image-box.default\">\n\t\t\t\t<div class=\"elementor-widget-container\">\n\t\t\t\t\t<div class=\"elementor-image-box-wrapper\"><figure class=\"elementor-image-box-img\"><img loading=\"lazy\" decoding=\"async\" width=\"600\" height=\"600\" src=\"https:\/\/www.buehler.com\/mx\/wp-content\/uploads\/sites\/8\/2021\/10\/Modular.jpg\" class=\"attachment-full size-full wp-image-8278\" alt=\"OmniMet Software for Image and Analysis\" srcset=\"https:\/\/www.buehler.com\/mx\/wp-content\/uploads\/sites\/8\/2021\/10\/Modular.jpg 600w, https:\/\/www.buehler.com\/mx\/wp-content\/uploads\/sites\/8\/2021\/10\/Modular-300x300.jpg 300w, https:\/\/www.buehler.com\/mx\/wp-content\/uploads\/sites\/8\/2021\/10\/Modular-150x150.jpg 150w\" sizes=\"(max-width: 600px) 100vw, 600px\" \/><\/figure><div class=\"elementor-image-box-content\"><h4 class=\"elementor-image-box-title\">OmniMet Software<\/h4><p class=\"elementor-image-box-description\">OmniMet\u2122 ofrece potentes posibilidades de an\u00e1lisis de im\u00e1genes combinadas con una funcionalidad de base de datos flexible. El sistema OmniMet ofrece una integraci\u00f3n perfecta de microscopios, c\u00e1maras y software de an\u00e1lisis de im\u00e1genes de punto a clic a trav\u00e9s de una interfaz intuitiva de Microsoft\u00ae Windows\u00ae. <\/p><\/div><\/div>\t\t\t\t<\/div>\n\t\t\t\t<\/div>\n\t\t\t\t<div class=\"elementor-element elementor-element-1e13ade7 elementor-align-left elementor-widget elementor-widget-button\" data-id=\"1e13ade7\" data-element_type=\"widget\" data-e-type=\"widget\" data-widget_type=\"button.default\">\n\t\t\t\t<div class=\"elementor-widget-container\">\n\t\t\t\t\t\t\t\t\t<div class=\"elementor-button-wrapper\">\n\t\t\t\t\t<a class=\"elementor-button elementor-button-link elementor-size-md\" href=\"https:\/\/www.buehler.com\/es\/productos\/imagenes-y-analisis\/software\/\">\n\t\t\t\t\t\t<span class=\"elementor-button-content-wrapper\">\n\t\t\t\t\t\t\t\t\t<span class=\"elementor-button-text\">OnmiMet Software<\/span>\n\t\t\t\t\t<\/span>\n\t\t\t\t\t<\/a>\n\t\t\t\t<\/div>\n\t\t\t\t\t\t\t\t<\/div>\n\t\t\t\t<\/div>\n\t\t\t\t<div class=\"elementor-element elementor-element-74cbcfc elementor-position-left elementor-vertical-align-middle elementor-widget elementor-widget-image-box\" data-id=\"74cbcfc\" data-element_type=\"widget\" data-e-type=\"widget\" data-widget_type=\"image-box.default\">\n\t\t\t\t<div class=\"elementor-widget-container\">\n\t\t\t\t\t<div class=\"elementor-image-box-wrapper\"><figure class=\"elementor-image-box-img\"><img loading=\"lazy\" decoding=\"async\" width=\"500\" height=\"500\" src=\"https:\/\/www.buehler.com\/mx\/wp-content\/uploads\/sites\/8\/2021\/10\/0012934_310hv30-vickers-test-block.png\" class=\"attachment-full size-full wp-image-8604\" alt=\"Bloques de Prueba Wilson Rockwell\" srcset=\"https:\/\/www.buehler.com\/mx\/wp-content\/uploads\/sites\/8\/2021\/10\/0012934_310hv30-vickers-test-block.png 500w, https:\/\/www.buehler.com\/mx\/wp-content\/uploads\/sites\/8\/2021\/10\/0012934_310hv30-vickers-test-block-300x300.png 300w, https:\/\/www.buehler.com\/mx\/wp-content\/uploads\/sites\/8\/2021\/10\/0012934_310hv30-vickers-test-block-150x150.png 150w\" sizes=\"(max-width: 500px) 100vw, 500px\" \/><\/figure><div class=\"elementor-image-box-content\"><h4 class=\"elementor-image-box-title\">Ensayos de dureza consumibles<\/h4><p class=\"elementor-image-box-description\">Una gama completa de productos consumibles metalogr\u00e1ficos para la preparaci\u00f3n y an\u00e1lisis de materiales, incluidos los bloques de prueba Wilson Rockwell, Wilson Brinell y Wilson Vickers Knoop y los kits de calibraci\u00f3n Rockwell para todas sus necesidades de prueba de dureza.<\/p><\/div><\/div>\t\t\t\t<\/div>\n\t\t\t\t<\/div>\n\t\t\t\t<div class=\"elementor-element elementor-element-40f8cdc elementor-align-left elementor-widget elementor-widget-button\" data-id=\"40f8cdc\" data-element_type=\"widget\" data-e-type=\"widget\" data-widget_type=\"button.default\">\n\t\t\t\t<div class=\"elementor-widget-container\">\n\t\t\t\t\t\t\t\t\t<div class=\"elementor-button-wrapper\">\n\t\t\t\t\t<a class=\"elementor-button elementor-button-link elementor-size-md\" href=\"https:\/\/www.buehler.com\/es\/productos\/pruebas-de-dureza\/bloques-de-referencia-de-dureza\/\">\n\t\t\t\t\t\t<span class=\"elementor-button-content-wrapper\">\n\t\t\t\t\t\t\t\t\t<span class=\"elementor-button-text\">Ver todos los bloques de prueba<\/span>\n\t\t\t\t\t<\/span>\n\t\t\t\t\t<\/a>\n\t\t\t\t<\/div>\n\t\t\t\t\t\t\t\t<\/div>\n\t\t\t\t<\/div>\n\t\t\t\t\t<\/div>\n\t\t<\/div>\n\t\t\t\t\t<\/div>\n\t\t<\/section>\n\t\t\t\t<\/div>\n\t\t","protected":false},"excerpt":{"rendered":"<p>Accesorios y Consumibles de Metalograf\u00eda Buehler ofrece una gama completa de productos Accesorios y Consumibles de Metalograf\u00eda para el proceso completo de an\u00e1lisis y preparaci\u00f3n de materiales. La selecci\u00f3n de cuchillas de corte, compuestos de montaje, superficies de esmerilado, suspensiones de pulido y bloques de referencia de dureza de Buehler permite a los laboratorios optimizar [&hellip;]<\/p>\n","protected":false},"author":1,"featured_media":0,"parent":39,"menu_order":0,"comment_status":"closed","ping_status":"closed","template":"elementor_header_footer","meta":{"footnotes":""},"class_list":["post-9540","page","type-page","status-publish","hentry"],"_links":{"self":[{"href":"https:\/\/www.buehler.com\/mx\/wp-json\/wp\/v2\/pages\/9540","targetHints":{"allow":["GET"]}}],"collection":[{"href":"https:\/\/www.buehler.com\/mx\/wp-json\/wp\/v2\/pages"}],"about":[{"href":"https:\/\/www.buehler.com\/mx\/wp-json\/wp\/v2\/types\/page"}],"author":[{"embeddable":true,"href":"https:\/\/www.buehler.com\/mx\/wp-json\/wp\/v2\/users\/1"}],"replies":[{"embeddable":true,"href":"https:\/\/www.buehler.com\/mx\/wp-json\/wp\/v2\/comments?post=9540"}],"version-history":[{"count":21,"href":"https:\/\/www.buehler.com\/mx\/wp-json\/wp\/v2\/pages\/9540\/revisions"}],"predecessor-version":[{"id":16845,"href":"https:\/\/www.buehler.com\/mx\/wp-json\/wp\/v2\/pages\/9540\/revisions\/16845"}],"up":[{"embeddable":true,"href":"https:\/\/www.buehler.com\/mx\/wp-json\/wp\/v2\/pages\/39"}],"wp:attachment":[{"href":"https:\/\/www.buehler.com\/mx\/wp-json\/wp\/v2\/media?parent=9540"}],"curies":[{"name":"wp","href":"https:\/\/api.w.org\/{rel}","templated":true}]}}