{"id":8498,"date":"2021-10-18T14:59:30","date_gmt":"2021-10-18T19:59:30","guid":{"rendered":"https:\/\/buehler.com\/mx\/?page_id=8498"},"modified":"2022-04-14T14:16:01","modified_gmt":"2022-04-14T19:16:01","slug":"software-de-automatizacion","status":"publish","type":"page","link":"https:\/\/www.buehler.com\/mx\/productos\/pruebas-de-dureza\/software-de-automatizacion\/","title":{"rendered":"Software de Automatizaci\u00f3n"},"content":{"rendered":"\t\t<div data-elementor-type=\"wp-page\" data-elementor-id=\"8498\" class=\"elementor elementor-8498\" data-elementor-post-type=\"page\">\n\t\t\t\t\t\t<section data-particle_enable=\"false\" data-particle-mobile-disabled=\"false\" class=\"elementor-section elementor-top-section elementor-element elementor-element-43361581 elementor-section-full_width elementor-section-height-default elementor-section-height-default\" data-id=\"43361581\" data-element_type=\"section\" data-e-type=\"section\">\n\t\t\t\t\t\t<div class=\"elementor-container elementor-column-gap-default\">\n\t\t\t\t\t<div class=\"elementor-column elementor-col-100 elementor-top-column elementor-element elementor-element-1ec2500\" data-id=\"1ec2500\" data-element_type=\"column\" data-e-type=\"column\">\n\t\t\t<div class=\"elementor-widget-wrap elementor-element-populated\">\n\t\t\t\t\t\t<div class=\"elementor-element elementor-element-18ca1387 elementor-widget elementor-widget-heading\" data-id=\"18ca1387\" data-element_type=\"widget\" data-e-type=\"widget\" data-widget_type=\"heading.default\">\n\t\t\t\t<div class=\"elementor-widget-container\">\n\t\t\t\t\t<h1 class=\"elementor-heading-title elementor-size-default\">Software de Automatizaci\u00f3n DiaMet para la preparaci\u00f3n de muestras metalogr\u00e1ficas<\/h1>\t\t\t\t<\/div>\n\t\t\t\t<\/div>\n\t\t\t\t\t<\/div>\n\t\t<\/div>\n\t\t\t\t\t<\/div>\n\t\t<\/section>\n\t\t\t\t<section data-particle_enable=\"false\" data-particle-mobile-disabled=\"false\" class=\"elementor-section elementor-top-section elementor-element elementor-element-3c1b1b48 elementor-section-boxed elementor-section-height-default elementor-section-height-default\" data-id=\"3c1b1b48\" data-element_type=\"section\" data-e-type=\"section\">\n\t\t\t\t\t\t<div class=\"elementor-container elementor-column-gap-default\">\n\t\t\t\t\t<div class=\"elementor-column elementor-col-100 elementor-top-column elementor-element elementor-element-38f3db1e\" data-id=\"38f3db1e\" data-element_type=\"column\" data-e-type=\"column\">\n\t\t\t<div class=\"elementor-widget-wrap elementor-element-populated\">\n\t\t\t\t\t\t<div class=\"elementor-element elementor-element-191dfea3 elementor-widget elementor-widget-text-editor\" data-id=\"191dfea3\" data-element_type=\"widget\" data-e-type=\"widget\" data-widget_type=\"text-editor.default\">\n\t\t\t\t<div class=\"elementor-widget-container\">\n\t\t\t\t\t\t\t\t\t<p>La navegaci\u00f3n dentro del software DiaMet\u2122 es f\u00e1cil gracias a su dise\u00f1o limpio y est\u00e1 respaldada por gestos simples e intuitivos. Las pesta\u00f1as virtuales en la parte superior de la pantalla le permiten navegar entre Inicio, Programa, Pruebas e Informes. Se muestran comentarios completos en la barra de estado, lo que hace que las interacciones sean claras y eficientes. Al estar dise\u00f1ado para el uso del panel t\u00e1ctil, con una apariencia completamente nueva, DiaMet es simple, \u00fatil e inteligente para trabajar.<\/p>\t\t\t\t\t\t\t\t<\/div>\n\t\t\t\t<\/div>\n\t\t\t\t<div class=\"elementor-element elementor-element-61de9117 elementor-position-left elementor-vertical-align-middle elementor-widget elementor-widget-image-box\" data-id=\"61de9117\" data-element_type=\"widget\" data-e-type=\"widget\" data-widget_type=\"image-box.default\">\n\t\t\t\t<div class=\"elementor-widget-container\">\n\t\t\t\t\t<div class=\"elementor-image-box-wrapper\"><figure class=\"elementor-image-box-img\"><img fetchpriority=\"high\" decoding=\"async\" width=\"600\" height=\"576\" src=\"https:\/\/www.buehler.com\/mx\/wp-content\/uploads\/sites\/8\/2021\/10\/Diamet.jpg\" class=\"attachment-full size-full wp-image-8595\" alt=\"DiaMet Hardness Testing Software\" srcset=\"https:\/\/www.buehler.com\/mx\/wp-content\/uploads\/sites\/8\/2021\/10\/Diamet.jpg 600w, https:\/\/www.buehler.com\/mx\/wp-content\/uploads\/sites\/8\/2021\/10\/Diamet-300x288.jpg 300w\" sizes=\"(max-width: 600px) 100vw, 600px\" \/><\/figure><div class=\"elementor-image-box-content\"><h2 class=\"elementor-image-box-title\">Software para pruebas de dureza DiaMet<\/h2><p class=\"elementor-image-box-description\">Software de Automatizaci\u00f3n DiaMet est\u00e1 dise\u00f1ado con su aplicaci\u00f3n y con la facilidad de uso en mente. Con frecuencia, un alto nivel de automatizaci\u00f3n implica un alto nivel de complejidad tanto en la configuraci\u00f3n como en la operaci\u00f3n. El software para pruebas de dureza DiaMet rompe esta convenci\u00f3n y se enfoca en una operaci\u00f3n r\u00e1pida y sencilla del trabajo de prueba de dureza para satisfacer las necesidades los operadores poco capacitados, manteniendo al mismo tiempo la flexibilidad y el alto nivel de caracter\u00edsticas requeridos por los usuarios expertos.<\/p><\/div><\/div>\t\t\t\t<\/div>\n\t\t\t\t<\/div>\n\t\t\t\t<div class=\"elementor-element elementor-element-30497202 elementor-align-left elementor-widget elementor-widget-button\" data-id=\"30497202\" data-element_type=\"widget\" data-e-type=\"widget\" data-widget_type=\"button.default\">\n\t\t\t\t<div class=\"elementor-widget-container\">\n\t\t\t\t\t\t\t\t\t<div class=\"elementor-button-wrapper\">\n\t\t\t\t\t<a class=\"elementor-button elementor-button-link elementor-size-md\" href=\"https:\/\/www.buehler.com\/mx\/productos\/pruebas-de-dureza\/software-de-automatizacion\/software-para-pruebas-de-dureza-diamet\/\">\n\t\t\t\t\t\t<span class=\"elementor-button-content-wrapper\">\n\t\t\t\t\t\t\t\t\t<span class=\"elementor-button-text\">M\u00e1s<\/span>\n\t\t\t\t\t<\/span>\n\t\t\t\t\t<\/a>\n\t\t\t\t<\/div>\n\t\t\t\t\t\t\t\t<\/div>\n\t\t\t\t<\/div>\n\t\t\t\t\t<\/div>\n\t\t<\/div>\n\t\t\t\t\t<\/div>\n\t\t<\/section>\n\t\t\t\t<\/div>\n\t\t","protected":false},"excerpt":{"rendered":"<p>Software de Automatizaci\u00f3n DiaMet para la preparaci\u00f3n de muestras metalogr\u00e1ficas La navegaci\u00f3n dentro del software DiaMet\u2122 es f\u00e1cil gracias a su dise\u00f1o limpio y est\u00e1 respaldada por gestos simples e intuitivos. Las pesta\u00f1as virtuales en la parte superior de la pantalla le permiten navegar entre Inicio, Programa, Pruebas e Informes. Se muestran comentarios completos en [&hellip;]<\/p>\n","protected":false},"author":1,"featured_media":0,"parent":8474,"menu_order":0,"comment_status":"closed","ping_status":"closed","template":"elementor_header_footer","meta":{"footnotes":""},"class_list":["post-8498","page","type-page","status-publish","hentry"],"_links":{"self":[{"href":"https:\/\/www.buehler.com\/mx\/wp-json\/wp\/v2\/pages\/8498","targetHints":{"allow":["GET"]}}],"collection":[{"href":"https:\/\/www.buehler.com\/mx\/wp-json\/wp\/v2\/pages"}],"about":[{"href":"https:\/\/www.buehler.com\/mx\/wp-json\/wp\/v2\/types\/page"}],"author":[{"embeddable":true,"href":"https:\/\/www.buehler.com\/mx\/wp-json\/wp\/v2\/users\/1"}],"replies":[{"embeddable":true,"href":"https:\/\/www.buehler.com\/mx\/wp-json\/wp\/v2\/comments?post=8498"}],"version-history":[{"count":19,"href":"https:\/\/www.buehler.com\/mx\/wp-json\/wp\/v2\/pages\/8498\/revisions"}],"predecessor-version":[{"id":17330,"href":"https:\/\/www.buehler.com\/mx\/wp-json\/wp\/v2\/pages\/8498\/revisions\/17330"}],"up":[{"embeddable":true,"href":"https:\/\/www.buehler.com\/mx\/wp-json\/wp\/v2\/pages\/8474"}],"wp:attachment":[{"href":"https:\/\/www.buehler.com\/mx\/wp-json\/wp\/v2\/media?parent=8498"}],"curies":[{"name":"wp","href":"https:\/\/api.w.org\/{rel}","templated":true}]}}