{"id":8492,"date":"2021-10-18T14:58:14","date_gmt":"2021-10-18T19:58:14","guid":{"rendered":"https:\/\/buehler.com\/mx\/?page_id=8492"},"modified":"2022-04-14T14:15:33","modified_gmt":"2022-04-14T19:15:33","slug":"probadores-universales-de-dureza","status":"publish","type":"page","link":"https:\/\/www.buehler.com\/mx\/productos\/pruebas-de-dureza\/probadores-universales-de-dureza\/","title":{"rendered":"Probadores universales de dureza"},"content":{"rendered":"\t\t<div data-elementor-type=\"wp-page\" data-elementor-id=\"8492\" class=\"elementor elementor-8492\" data-elementor-post-type=\"page\">\n\t\t\t\t\t\t<section data-particle_enable=\"false\" data-particle-mobile-disabled=\"false\" class=\"elementor-section elementor-top-section elementor-element elementor-element-4c6c8d25 elementor-section-full_width elementor-section-height-default elementor-section-height-default\" data-id=\"4c6c8d25\" data-element_type=\"section\" data-e-type=\"section\">\n\t\t\t\t\t\t<div class=\"elementor-container elementor-column-gap-default\">\n\t\t\t\t\t<div class=\"elementor-column elementor-col-100 elementor-top-column elementor-element elementor-element-6a8d9547\" data-id=\"6a8d9547\" data-element_type=\"column\" data-e-type=\"column\">\n\t\t\t<div class=\"elementor-widget-wrap elementor-element-populated\">\n\t\t\t\t\t\t<div class=\"elementor-element elementor-element-ac097a elementor-widget elementor-widget-heading\" data-id=\"ac097a\" data-element_type=\"widget\" data-e-type=\"widget\" data-widget_type=\"heading.default\">\n\t\t\t\t<div class=\"elementor-widget-container\">\n\t\t\t\t\t<h1 class=\"elementor-heading-title elementor-size-default\">Probadores universales de dureza y Brinell para la preparaci\u00f3n de muestras metalogr\u00e1ficas<\/h1>\t\t\t\t<\/div>\n\t\t\t\t<\/div>\n\t\t\t\t\t<\/div>\n\t\t<\/div>\n\t\t\t\t\t<\/div>\n\t\t<\/section>\n\t\t\t\t<section data-particle_enable=\"false\" data-particle-mobile-disabled=\"false\" class=\"elementor-section elementor-top-section elementor-element elementor-element-65a90378 elementor-section-boxed elementor-section-height-default elementor-section-height-default\" data-id=\"65a90378\" data-element_type=\"section\" data-e-type=\"section\">\n\t\t\t\t\t\t<div class=\"elementor-container elementor-column-gap-default\">\n\t\t\t\t\t<div class=\"elementor-column elementor-col-100 elementor-top-column elementor-element elementor-element-190b2132\" data-id=\"190b2132\" data-element_type=\"column\" data-e-type=\"column\">\n\t\t\t<div class=\"elementor-widget-wrap elementor-element-populated\">\n\t\t\t\t\t\t<div class=\"elementor-element elementor-element-1161a79d elementor-widget elementor-widget-text-editor\" data-id=\"1161a79d\" data-element_type=\"widget\" data-e-type=\"widget\" data-widget_type=\"text-editor.default\">\n\t\t\t\t<div class=\"elementor-widget-container\">\n\t\t\t\t\t\t\t\t\t<p>\u00a0El probador de dureza universal serie UH4000 est\u00e1 dise\u00f1ado para laboratorios de producci\u00f3n de alto volumen y plantas de producci\u00f3n. Est\u00e1 disponible en dos configuraciones diferentes, UH4250 y UH4750. Los dur\u00f3metros universales est\u00e1n dise\u00f1ados para realizar varias escalas de dureza con una sola m\u00e1quina, en la mayor\u00eda de los casos para cargas m\u00e1s altas (&gt; 5 kgf).<\/p>\t\t\t\t\t\t\t\t<\/div>\n\t\t\t\t<\/div>\n\t\t\t\t<div class=\"elementor-element elementor-element-66bff0c elementor-position-left elementor-vertical-align-middle elementor-widget elementor-widget-image-box\" data-id=\"66bff0c\" data-element_type=\"widget\" data-e-type=\"widget\" data-widget_type=\"image-box.default\">\n\t\t\t\t<div class=\"elementor-widget-container\">\n\t\t\t\t\t<div class=\"elementor-image-box-wrapper\"><figure class=\"elementor-image-box-img\"><img fetchpriority=\"high\" decoding=\"async\" width=\"600\" height=\"600\" src=\"https:\/\/www.buehler.com\/mx\/wp-content\/uploads\/sites\/8\/2021\/10\/UH4250-Auto.png\" class=\"attachment-full size-full wp-image-9158\" alt=\"Wilson\u00ae UH4000 Dur\u00f3metro Universal\" srcset=\"https:\/\/www.buehler.com\/mx\/wp-content\/uploads\/sites\/8\/2021\/10\/UH4250-Auto.png 600w, https:\/\/www.buehler.com\/mx\/wp-content\/uploads\/sites\/8\/2021\/10\/UH4250-Auto-300x300.png 300w, https:\/\/www.buehler.com\/mx\/wp-content\/uploads\/sites\/8\/2021\/10\/UH4250-Auto-150x150.png 150w\" sizes=\"(max-width: 600px) 100vw, 600px\" \/><\/figure><div class=\"elementor-image-box-content\"><h2 class=\"elementor-image-box-title\">Dur\u00f3metro universal - Wilson\u00ae UH4000<\/h2><p class=\"elementor-image-box-description\">El medidor de dureza universal serie UH4000 se dise\u00f1\u00f3 para plantas de producci\u00f3n y laboratorios de producci\u00f3n de alto volumen. La serie UH4000 se encuentra disponible en dos configuraciones diferentes: UH4250 y UH4750. Los medidores de dureza universales se dise\u00f1aron para ejecutar varias escalas de dureza con una sola m\u00e1quina, la mayor\u00eda de grandes cargas (&gt; 5 kgf).<\/p><\/div><\/div>\t\t\t\t<\/div>\n\t\t\t\t<\/div>\n\t\t\t\t<div class=\"elementor-element elementor-element-60a1d328 elementor-align-left elementor-widget elementor-widget-button\" data-id=\"60a1d328\" data-element_type=\"widget\" data-e-type=\"widget\" data-widget_type=\"button.default\">\n\t\t\t\t<div class=\"elementor-widget-container\">\n\t\t\t\t\t\t\t\t\t<div class=\"elementor-button-wrapper\">\n\t\t\t\t\t<a class=\"elementor-button elementor-button-link elementor-size-md\" href=\"https:\/\/www.buehler.com\/mx\/productos\/pruebas-de-dureza\/probadores-universales-de-dureza\/durometro-universal-wilson-uh4000\/\">\n\t\t\t\t\t\t<span class=\"elementor-button-content-wrapper\">\n\t\t\t\t\t\t\t\t\t<span class=\"elementor-button-text\">M\u00e1s<\/span>\n\t\t\t\t\t<\/span>\n\t\t\t\t\t<\/a>\n\t\t\t\t<\/div>\n\t\t\t\t\t\t\t\t<\/div>\n\t\t\t\t<\/div>\n\t\t\t\t<div class=\"elementor-element elementor-element-44341a87 elementor-position-left elementor-vertical-align-middle elementor-widget elementor-widget-image-box\" data-id=\"44341a87\" data-element_type=\"widget\" data-e-type=\"widget\" data-widget_type=\"image-box.default\">\n\t\t\t\t<div class=\"elementor-widget-container\">\n\t\t\t\t\t<div class=\"elementor-image-box-wrapper\"><figure class=\"elementor-image-box-img\"><img decoding=\"async\" width=\"600\" height=\"600\" src=\"https:\/\/www.buehler.com\/mx\/wp-content\/uploads\/sites\/8\/2021\/10\/BH3000.png\" class=\"attachment-full size-full wp-image-8580\" alt=\"Wilson\u00ae BH3000 Dur\u00f3metro Brinell\" srcset=\"https:\/\/www.buehler.com\/mx\/wp-content\/uploads\/sites\/8\/2021\/10\/BH3000.png 600w, https:\/\/www.buehler.com\/mx\/wp-content\/uploads\/sites\/8\/2021\/10\/BH3000-300x300.png 300w, https:\/\/www.buehler.com\/mx\/wp-content\/uploads\/sites\/8\/2021\/10\/BH3000-150x150.png 150w\" sizes=\"(max-width: 600px) 100vw, 600px\" \/><\/figure><div class=\"elementor-image-box-content\"><h3 class=\"elementor-image-box-title\">Dur\u00f3metro Brinell Wilson\u00ae BH3000<\/h3><p class=\"elementor-image-box-description\">Wilson BH3000 es un dur\u00f3metro duradero de 30 kN (3000 kgf) que es ideal para una extensa gama de cargas Brinell de 62,5 kgf a 3000 kgf. Dise\u00f1ado con una construcci\u00f3n s\u00f3lida para soportar entornos dif\u00edciles, la confiable m\u00e1quina de pruebas de dureza Brinell BH3000 combina una alta rigidez y una tecnolog\u00eda de celda de carga de circuito cerrado para asegurar aplicaciones de carga exactas y seguras. Caracter\u00edsticas clave del dur\u00f3metro BH3000 Brinell incluyen un dispositivo de sujeci\u00f3n para fijar las piezas al yunque intercambiable, una interfaz de usuario f\u00e1cil de utilizar para configurar y operar el dur\u00f3metro, una calculadora con teclado incorporada que presenta los valores de dureza HB de manera exacta y una pantalla LCD. Rango de carga de escala Brinell amplio, 612 N \u2013 29,42 KN (62,5 kgf - 3000 kgf).<\/p><\/div><\/div>\t\t\t\t<\/div>\n\t\t\t\t<\/div>\n\t\t\t\t<div class=\"elementor-element elementor-element-295e5933 elementor-align-left elementor-widget elementor-widget-button\" data-id=\"295e5933\" data-element_type=\"widget\" data-e-type=\"widget\" data-widget_type=\"button.default\">\n\t\t\t\t<div class=\"elementor-widget-container\">\n\t\t\t\t\t\t\t\t\t<div class=\"elementor-button-wrapper\">\n\t\t\t\t\t<a class=\"elementor-button elementor-button-link elementor-size-md\" href=\"https:\/\/www.buehler.com\/mx\/productos\/pruebas-de-dureza\/probadores-universales-de-dureza\/durometro-brinell-wilson-bh3000\/\">\n\t\t\t\t\t\t<span class=\"elementor-button-content-wrapper\">\n\t\t\t\t\t\t\t\t\t<span class=\"elementor-button-text\">M\u00e1s<\/span>\n\t\t\t\t\t<\/span>\n\t\t\t\t\t<\/a>\n\t\t\t\t<\/div>\n\t\t\t\t\t\t\t\t<\/div>\n\t\t\t\t<\/div>\n\t\t\t\t\t<\/div>\n\t\t<\/div>\n\t\t\t\t\t<\/div>\n\t\t<\/section>\n\t\t\t\t<\/div>\n\t\t","protected":false},"excerpt":{"rendered":"<p>Probadores universales de dureza y Brinell para la preparaci\u00f3n de muestras metalogr\u00e1ficas \u00a0El probador de dureza universal serie UH4000 est\u00e1 dise\u00f1ado para laboratorios de producci\u00f3n de alto volumen y plantas de producci\u00f3n. Est\u00e1 disponible en dos configuraciones diferentes, UH4250 y UH4750. Los dur\u00f3metros universales est\u00e1n dise\u00f1ados para realizar varias escalas de dureza con una sola [&hellip;]<\/p>\n","protected":false},"author":1,"featured_media":0,"parent":8474,"menu_order":0,"comment_status":"closed","ping_status":"closed","template":"elementor_header_footer","meta":{"footnotes":""},"class_list":["post-8492","page","type-page","status-publish","hentry"],"_links":{"self":[{"href":"https:\/\/www.buehler.com\/mx\/wp-json\/wp\/v2\/pages\/8492","targetHints":{"allow":["GET"]}}],"collection":[{"href":"https:\/\/www.buehler.com\/mx\/wp-json\/wp\/v2\/pages"}],"about":[{"href":"https:\/\/www.buehler.com\/mx\/wp-json\/wp\/v2\/types\/page"}],"author":[{"embeddable":true,"href":"https:\/\/www.buehler.com\/mx\/wp-json\/wp\/v2\/users\/1"}],"replies":[{"embeddable":true,"href":"https:\/\/www.buehler.com\/mx\/wp-json\/wp\/v2\/comments?post=8492"}],"version-history":[{"count":16,"href":"https:\/\/www.buehler.com\/mx\/wp-json\/wp\/v2\/pages\/8492\/revisions"}],"predecessor-version":[{"id":17324,"href":"https:\/\/www.buehler.com\/mx\/wp-json\/wp\/v2\/pages\/8492\/revisions\/17324"}],"up":[{"embeddable":true,"href":"https:\/\/www.buehler.com\/mx\/wp-json\/wp\/v2\/pages\/8474"}],"wp:attachment":[{"href":"https:\/\/www.buehler.com\/mx\/wp-json\/wp\/v2\/media?parent=8492"}],"curies":[{"name":"wp","href":"https:\/\/api.w.org\/{rel}","templated":true}]}}