{"id":8482,"date":"2021-10-18T14:55:36","date_gmt":"2021-10-18T19:55:36","guid":{"rendered":"https:\/\/buehler.com\/mx\/?page_id=8482"},"modified":"2022-04-14T14:14:35","modified_gmt":"2022-04-14T19:14:35","slug":"probadores-de-dureza-vickers-y-knoop","status":"publish","type":"page","link":"https:\/\/www.buehler.com\/mx\/productos\/pruebas-de-dureza\/probadores-de-dureza-vickers-y-knoop\/","title":{"rendered":"Probadores de Dureza Vickers y Knoop"},"content":{"rendered":"\t\t<div data-elementor-type=\"wp-page\" data-elementor-id=\"8482\" class=\"elementor elementor-8482\" data-elementor-post-type=\"page\">\n\t\t\t\t\t\t<section data-particle_enable=\"false\" data-particle-mobile-disabled=\"false\" class=\"elementor-section elementor-top-section elementor-element elementor-element-67fb235e elementor-section-full_width elementor-section-height-default elementor-section-height-default\" data-id=\"67fb235e\" data-element_type=\"section\" data-e-type=\"section\">\n\t\t\t\t\t\t<div class=\"elementor-container elementor-column-gap-default\">\n\t\t\t\t\t<div class=\"elementor-column elementor-col-100 elementor-top-column elementor-element elementor-element-6ebaacb\" data-id=\"6ebaacb\" data-element_type=\"column\" data-e-type=\"column\">\n\t\t\t<div class=\"elementor-widget-wrap elementor-element-populated\">\n\t\t\t\t\t\t<div class=\"elementor-element elementor-element-76ce3ab2 elementor-widget elementor-widget-heading\" data-id=\"76ce3ab2\" data-element_type=\"widget\" data-e-type=\"widget\" data-widget_type=\"heading.default\">\n\t\t\t\t<div class=\"elementor-widget-container\">\n\t\t\t\t\t<h1 class=\"elementor-heading-title elementor-size-default\">Probadores de dureza  Vickers y Knoop para preparaci\u00f3n de muestras metalogr\u00e1ficas<\/h1>\t\t\t\t<\/div>\n\t\t\t\t<\/div>\n\t\t\t\t\t<\/div>\n\t\t<\/div>\n\t\t\t\t\t<\/div>\n\t\t<\/section>\n\t\t\t\t<section data-particle_enable=\"false\" data-particle-mobile-disabled=\"false\" class=\"elementor-section elementor-top-section elementor-element elementor-element-7c91dde7 elementor-section-boxed elementor-section-height-default elementor-section-height-default\" data-id=\"7c91dde7\" data-element_type=\"section\" data-e-type=\"section\">\n\t\t\t\t\t\t<div class=\"elementor-container elementor-column-gap-default\">\n\t\t\t\t\t<div class=\"elementor-column elementor-col-100 elementor-top-column elementor-element elementor-element-3dbca98e\" data-id=\"3dbca98e\" data-element_type=\"column\" data-e-type=\"column\">\n\t\t\t<div class=\"elementor-widget-wrap elementor-element-populated\">\n\t\t\t\t\t\t<div class=\"elementor-element elementor-element-46acdc10 elementor-widget elementor-widget-text-editor\" data-id=\"46acdc10\" data-element_type=\"widget\" data-e-type=\"widget\" data-widget_type=\"text-editor.default\">\n\t\t\t\t<div class=\"elementor-widget-container\">\n\t\t\t\t\t\t\t\t\t<p>El mejor probadores de dureza Vickers y knoop totalmente autom\u00e1tico preconfigurados del mercado. El todo-en-uno Wilson VH3100 tiene todo lo que necesita para sus requisitos de prueba de dureza de control de producci\u00f3n. La configuraci\u00f3n de esta m\u00e1quina est\u00e1 configurada para realizar la operaci\u00f3n m\u00e1s f\u00e1cil pero con soluciones de software avanzadas: DiaMet Enterprise.<\/p>\t\t\t\t\t\t\t\t<\/div>\n\t\t\t\t<\/div>\n\t\t\t\t<div class=\"elementor-element elementor-element-7dcccafe elementor-position-left elementor-vertical-align-middle elementor-widget elementor-widget-image-box\" data-id=\"7dcccafe\" data-element_type=\"widget\" data-e-type=\"widget\" data-widget_type=\"image-box.default\">\n\t\t\t\t<div class=\"elementor-widget-container\">\n\t\t\t\t\t<div class=\"elementor-image-box-wrapper\"><figure class=\"elementor-image-box-img\"><img fetchpriority=\"high\" decoding=\"async\" width=\"600\" height=\"600\" src=\"https:\/\/www.buehler.com\/mx\/wp-content\/uploads\/sites\/8\/2021\/10\/VH3300_front-view_no-monitor.png\" class=\"attachment-full size-full wp-image-8559\" alt=\"Dur\u00f3metro autom\u00e1tico Wilson\u00ae VH3300\" srcset=\"https:\/\/www.buehler.com\/mx\/wp-content\/uploads\/sites\/8\/2021\/10\/VH3300_front-view_no-monitor.png 600w, https:\/\/www.buehler.com\/mx\/wp-content\/uploads\/sites\/8\/2021\/10\/VH3300_front-view_no-monitor-300x300.png 300w, https:\/\/www.buehler.com\/mx\/wp-content\/uploads\/sites\/8\/2021\/10\/VH3300_front-view_no-monitor-150x150.png 150w\" sizes=\"(max-width: 600px) 100vw, 600px\" \/><\/figure><div class=\"elementor-image-box-content\"><h2 class=\"elementor-image-box-title\">Dur\u00f3metro autom\u00e1tico Wilson\u00ae VH3300<\/h2><p class=\"elementor-image-box-description\">Este ssistema ccompletamente automatizado de pruebas de dureza Wilson ofrece una plataforma completamente integrada para todas sus necesidades para pruebas de dureza con Vickers y Knoop. Desde los dise\u00f1os con bastidor modular con borde de avance, soporte y \u00f3ptica hasta una interfaz de usuario con caracter\u00edsticas completas, nuestro dur\u00f3metro VH3300 puede construirse para satisfacer las necesidades de sus aplicaciones actuales y futuras. Enf\u00f3quese en una operaci\u00f3n r\u00e1pida y sencilla de pruebas de dureza para satisfacer las necesidades de los operarios nuevos y mantenga la flexibilidad y la complejidad de las caracter\u00edsticas requeridas por los usuarios expertos con el software de operaci\u00f3n DiaMet.<\/p><\/div><\/div>\t\t\t\t<\/div>\n\t\t\t\t<\/div>\n\t\t\t\t<div class=\"elementor-element elementor-element-ba10434 elementor-align-left elementor-widget elementor-widget-button\" data-id=\"ba10434\" data-element_type=\"widget\" data-e-type=\"widget\" data-widget_type=\"button.default\">\n\t\t\t\t<div class=\"elementor-widget-container\">\n\t\t\t\t\t\t\t\t\t<div class=\"elementor-button-wrapper\">\n\t\t\t\t\t<a class=\"elementor-button elementor-button-link elementor-size-md\" href=\"https:\/\/www.buehler.com\/mx\/productos\/pruebas-de-dureza\/probadores-de-dureza-vickers-y-knoop\/durometro-automatico-wilson-vh3300\/\">\n\t\t\t\t\t\t<span class=\"elementor-button-content-wrapper\">\n\t\t\t\t\t\t\t\t\t<span class=\"elementor-button-text\">M\u00e1s<\/span>\n\t\t\t\t\t<\/span>\n\t\t\t\t\t<\/a>\n\t\t\t\t<\/div>\n\t\t\t\t\t\t\t\t<\/div>\n\t\t\t\t<\/div>\n\t\t\t\t<div class=\"elementor-element elementor-element-4086e846 elementor-position-left elementor-vertical-align-middle elementor-widget elementor-widget-image-box\" data-id=\"4086e846\" data-element_type=\"widget\" data-e-type=\"widget\" data-widget_type=\"image-box.default\">\n\t\t\t\t<div class=\"elementor-widget-container\">\n\t\t\t\t\t<div class=\"elementor-image-box-wrapper\"><figure class=\"elementor-image-box-img\"><img decoding=\"async\" width=\"600\" height=\"600\" src=\"https:\/\/www.buehler.com\/mx\/wp-content\/uploads\/sites\/8\/2021\/10\/VH3100.png\" class=\"attachment-full size-full wp-image-8553\" alt=\"Dur\u00f3metros Vickers y Knoop Wilson\u00ae VH3100\" srcset=\"https:\/\/www.buehler.com\/mx\/wp-content\/uploads\/sites\/8\/2021\/10\/VH3100.png 600w, https:\/\/www.buehler.com\/mx\/wp-content\/uploads\/sites\/8\/2021\/10\/VH3100-300x300.png 300w, https:\/\/www.buehler.com\/mx\/wp-content\/uploads\/sites\/8\/2021\/10\/VH3100-150x150.png 150w\" sizes=\"(max-width: 600px) 100vw, 600px\" \/><\/figure><div class=\"elementor-image-box-content\"><h3 class=\"elementor-image-box-title\">Dur\u00f3metros Vickers y Knoop Wilson\u00ae VH3100<\/h3><p class=\"elementor-image-box-description\">Un dur\u00f3metro Vickers y Knoop de precisi\u00f3n revolucionario que incluye un rango de aplicaciones de carga de 50 gf - 10 kgf, una tecnolog\u00eda con patente en tr\u00e1mite de seguridad en caso de colisiones y los componentes \u00f3pticos m\u00e1s avanzados de la industria. Esta \u00fanica combinaci\u00f3n permite a Wilson VH3100 cumplir virtualmente cualquier requisito de pruebas Knoop\/Vickers. Enf\u00f3quese en una operaci\u00f3n r\u00e1pida y sencilla para satisfacer las necesidades de pruebas de dureza Vickers y Knoop de los operarios nuevos y mantenga la flexibilidad y la complejidad de las caracter\u00edsticas requeridas por los usuarios expertos con el software de operaci\u00f3n DiaMet.<\/p><\/div><\/div>\t\t\t\t<\/div>\n\t\t\t\t<\/div>\n\t\t\t\t<div class=\"elementor-element elementor-element-55c410b9 elementor-align-left elementor-widget elementor-widget-button\" data-id=\"55c410b9\" data-element_type=\"widget\" data-e-type=\"widget\" data-widget_type=\"button.default\">\n\t\t\t\t<div class=\"elementor-widget-container\">\n\t\t\t\t\t\t\t\t\t<div class=\"elementor-button-wrapper\">\n\t\t\t\t\t<a class=\"elementor-button elementor-button-link elementor-size-md\" href=\"https:\/\/www.buehler.com\/mx\/productos\/pruebas-de-dureza\/probadores-de-dureza-vickers-y-knoop\/durometros-vickers-y-knoop-wilson-vh3100\/\">\n\t\t\t\t\t\t<span class=\"elementor-button-content-wrapper\">\n\t\t\t\t\t\t\t\t\t<span class=\"elementor-button-text\">M\u00e1s<\/span>\n\t\t\t\t\t<\/span>\n\t\t\t\t\t<\/a>\n\t\t\t\t<\/div>\n\t\t\t\t\t\t\t\t<\/div>\n\t\t\t\t<\/div>\n\t\t\t\t<div class=\"elementor-element elementor-element-a8d3574 elementor-position-left elementor-vertical-align-middle elementor-widget elementor-widget-image-box\" data-id=\"a8d3574\" data-element_type=\"widget\" data-e-type=\"widget\" data-widget_type=\"image-box.default\">\n\t\t\t\t<div class=\"elementor-widget-container\">\n\t\t\t\t\t<div class=\"elementor-image-box-wrapper\"><figure class=\"elementor-image-box-img\"><img decoding=\"async\" width=\"600\" height=\"600\" src=\"https:\/\/www.buehler.com\/mx\/wp-content\/uploads\/sites\/8\/2021\/10\/VH1150.png\" class=\"attachment-full size-full wp-image-8565\" alt=\"Wilson\u00ae VH1150 Dur\u00f3metro Macro Vickers\" srcset=\"https:\/\/www.buehler.com\/mx\/wp-content\/uploads\/sites\/8\/2021\/10\/VH1150.png 600w, https:\/\/www.buehler.com\/mx\/wp-content\/uploads\/sites\/8\/2021\/10\/VH1150-300x300.png 300w, https:\/\/www.buehler.com\/mx\/wp-content\/uploads\/sites\/8\/2021\/10\/VH1150-150x150.png 150w\" sizes=\"(max-width: 600px) 100vw, 600px\" \/><\/figure><div class=\"elementor-image-box-content\"><h4 class=\"elementor-image-box-title\">Dur\u00f3metro Vickers macro Wilson\u00ae VH1150<\/h4><p class=\"elementor-image-box-description\">El dur\u00f3metro Wilson VH1150 es la evoluci\u00f3n definitiva del dur\u00f3metro Vickers para peso muerto con un rango de carga \u00fanico de 300 gf a 50 kgf combinados en una \u00fanica m\u00e1quina. La selecci\u00f3n autom\u00e1tica de carga elimina la necesidad de una perilla de selecci\u00f3n manual dif\u00edcil de operar y abre nuevas posibilidades en aplicaciones (semi)autom\u00e1ticas. Las funciones de la m\u00e1quina de pruebas de dureza Vickers, como la conversi\u00f3n de escalas m\u00faltiples, la correcci\u00f3n de formas y la exportaci\u00f3n de datos mediante USB facilitan las pruebas de dureza y lo ayudan a enfocarse en el control de su proceso.<\/p><\/div><\/div>\t\t\t\t<\/div>\n\t\t\t\t<\/div>\n\t\t\t\t<div class=\"elementor-element elementor-element-cc99261 elementor-align-left elementor-widget elementor-widget-button\" data-id=\"cc99261\" data-element_type=\"widget\" data-e-type=\"widget\" data-widget_type=\"button.default\">\n\t\t\t\t<div class=\"elementor-widget-container\">\n\t\t\t\t\t\t\t\t\t<div class=\"elementor-button-wrapper\">\n\t\t\t\t\t<a class=\"elementor-button elementor-button-link elementor-size-md\" href=\"https:\/\/www.buehler.com\/mx\/productos\/pruebas-de-dureza\/probadores-de-dureza-vickers-y-knoop\/durometro-vickers-macro-wilson-vh1150\/\">\n\t\t\t\t\t\t<span class=\"elementor-button-content-wrapper\">\n\t\t\t\t\t\t\t\t\t<span class=\"elementor-button-text\">M\u00e1s<\/span>\n\t\t\t\t\t<\/span>\n\t\t\t\t\t<\/a>\n\t\t\t\t<\/div>\n\t\t\t\t\t\t\t\t<\/div>\n\t\t\t\t<\/div>\n\t\t\t\t<div class=\"elementor-element elementor-element-65853d2f elementor-position-left elementor-vertical-align-middle elementor-widget elementor-widget-image-box\" data-id=\"65853d2f\" data-element_type=\"widget\" data-e-type=\"widget\" data-widget_type=\"image-box.default\">\n\t\t\t\t<div class=\"elementor-widget-container\">\n\t\t\t\t\t<div class=\"elementor-image-box-wrapper\"><figure class=\"elementor-image-box-img\"><img loading=\"lazy\" decoding=\"async\" width=\"600\" height=\"600\" src=\"https:\/\/www.buehler.com\/mx\/wp-content\/uploads\/sites\/8\/2021\/10\/VH1102-1202.png\" class=\"attachment-full size-full wp-image-8571\" alt=\"Micro Dur\u00f3metros Wilson\u00ae VH1102 y 1202\" srcset=\"https:\/\/www.buehler.com\/mx\/wp-content\/uploads\/sites\/8\/2021\/10\/VH1102-1202.png 600w, https:\/\/www.buehler.com\/mx\/wp-content\/uploads\/sites\/8\/2021\/10\/VH1102-1202-300x300.png 300w, https:\/\/www.buehler.com\/mx\/wp-content\/uploads\/sites\/8\/2021\/10\/VH1102-1202-150x150.png 150w\" sizes=\"(max-width: 600px) 100vw, 600px\" \/><\/figure><div class=\"elementor-image-box-content\"><h4 class=\"elementor-image-box-title\">Dur\u00f3metros micro Wilson\u00ae VH1102 y 1202<\/h4><p class=\"elementor-image-box-description\">Las m\u00e1quinas de pruebas de dureza micro dise\u00f1adas para Knoop y Vickers VH1102 y VH1202 ofrecen una soluci\u00f3n vers\u00e1til, asequible y confiable para pruebas de microdureza exactas, tanto para el control de calidad como para aplicaciones de investigaci\u00f3n en metalurgia. La serie VH1002 permite al operador tomar mediciones con el ocular digital en modo independiente o con una c\u00e1mara opcional integrada de alta resoluci\u00f3n y el potente software DiaMet\u2122.<\/p><\/div><\/div>\t\t\t\t<\/div>\n\t\t\t\t<\/div>\n\t\t\t\t<div class=\"elementor-element elementor-element-34648399 elementor-align-left elementor-widget elementor-widget-button\" data-id=\"34648399\" data-element_type=\"widget\" data-e-type=\"widget\" data-widget_type=\"button.default\">\n\t\t\t\t<div class=\"elementor-widget-container\">\n\t\t\t\t\t\t\t\t\t<div class=\"elementor-button-wrapper\">\n\t\t\t\t\t<a class=\"elementor-button elementor-button-link elementor-size-md\" href=\"https:\/\/www.buehler.com\/mx\/productos\/pruebas-de-dureza\/probadores-de-dureza-vickers-y-knoop\/durometros-micro-wilson-vh1102-y-1202\/\">\n\t\t\t\t\t\t<span class=\"elementor-button-content-wrapper\">\n\t\t\t\t\t\t\t\t\t<span class=\"elementor-button-text\">M\u00e1s<\/span>\n\t\t\t\t\t<\/span>\n\t\t\t\t\t<\/a>\n\t\t\t\t<\/div>\n\t\t\t\t\t\t\t\t<\/div>\n\t\t\t\t<\/div>\n\t\t\t\t\t<\/div>\n\t\t<\/div>\n\t\t\t\t\t<\/div>\n\t\t<\/section>\n\t\t\t\t<\/div>\n\t\t","protected":false},"excerpt":{"rendered":"<p>Probadores de dureza Vickers y Knoop para preparaci\u00f3n de muestras metalogr\u00e1ficas El mejor probadores de dureza Vickers y knoop totalmente autom\u00e1tico preconfigurados del mercado. El todo-en-uno Wilson VH3100 tiene todo lo que necesita para sus requisitos de prueba de dureza de control de producci\u00f3n. La configuraci\u00f3n de esta m\u00e1quina est\u00e1 configurada para realizar la operaci\u00f3n [&hellip;]<\/p>\n","protected":false},"author":1,"featured_media":0,"parent":8474,"menu_order":0,"comment_status":"closed","ping_status":"closed","template":"elementor_header_footer","meta":{"footnotes":""},"class_list":["post-8482","page","type-page","status-publish","hentry"],"_links":{"self":[{"href":"https:\/\/www.buehler.com\/mx\/wp-json\/wp\/v2\/pages\/8482","targetHints":{"allow":["GET"]}}],"collection":[{"href":"https:\/\/www.buehler.com\/mx\/wp-json\/wp\/v2\/pages"}],"about":[{"href":"https:\/\/www.buehler.com\/mx\/wp-json\/wp\/v2\/types\/page"}],"author":[{"embeddable":true,"href":"https:\/\/www.buehler.com\/mx\/wp-json\/wp\/v2\/users\/1"}],"replies":[{"embeddable":true,"href":"https:\/\/www.buehler.com\/mx\/wp-json\/wp\/v2\/comments?post=8482"}],"version-history":[{"count":13,"href":"https:\/\/www.buehler.com\/mx\/wp-json\/wp\/v2\/pages\/8482\/revisions"}],"predecessor-version":[{"id":17321,"href":"https:\/\/www.buehler.com\/mx\/wp-json\/wp\/v2\/pages\/8482\/revisions\/17321"}],"up":[{"embeddable":true,"href":"https:\/\/www.buehler.com\/mx\/wp-json\/wp\/v2\/pages\/8474"}],"wp:attachment":[{"href":"https:\/\/www.buehler.com\/mx\/wp-json\/wp\/v2\/media?parent=8482"}],"curies":[{"name":"wp","href":"https:\/\/api.w.org\/{rel}","templated":true}]}}