{"id":8476,"date":"2021-10-18T14:53:48","date_gmt":"2021-10-18T19:53:48","guid":{"rendered":"https:\/\/buehler.com\/mx\/?page_id=8476"},"modified":"2022-04-14T14:13:36","modified_gmt":"2022-04-14T19:13:36","slug":"probadores-de-dureza-rockwell","status":"publish","type":"page","link":"https:\/\/www.buehler.com\/mx\/productos\/pruebas-de-dureza\/probadores-de-dureza-rockwell\/","title":{"rendered":"Probadores de dureza Rockwell"},"content":{"rendered":"\t\t<div data-elementor-type=\"wp-page\" data-elementor-id=\"8476\" class=\"elementor elementor-8476\" data-elementor-post-type=\"page\">\n\t\t\t\t\t\t<section data-particle_enable=\"false\" data-particle-mobile-disabled=\"false\" class=\"elementor-section elementor-top-section elementor-element elementor-element-6837970 elementor-section-full_width elementor-section-height-default elementor-section-height-default\" data-id=\"6837970\" data-element_type=\"section\" data-e-type=\"section\">\n\t\t\t\t\t\t<div class=\"elementor-container elementor-column-gap-default\">\n\t\t\t\t\t<div class=\"elementor-column elementor-col-100 elementor-top-column elementor-element elementor-element-6be457a8\" data-id=\"6be457a8\" data-element_type=\"column\" data-e-type=\"column\">\n\t\t\t<div class=\"elementor-widget-wrap elementor-element-populated\">\n\t\t\t\t\t\t<div class=\"elementor-element elementor-element-4783fe85 elementor-widget elementor-widget-heading\" data-id=\"4783fe85\" data-element_type=\"widget\" data-e-type=\"widget\" data-widget_type=\"heading.default\">\n\t\t\t\t<div class=\"elementor-widget-container\">\n\t\t\t\t\t<h1 class=\"elementor-heading-title elementor-size-default\">Probadores de dureza Rockwell para preparaci\u00f3n de muestras metalogr\u00e1ficas<\/h1>\t\t\t\t<\/div>\n\t\t\t\t<\/div>\n\t\t\t\t\t<\/div>\n\t\t<\/div>\n\t\t\t\t\t<\/div>\n\t\t<\/section>\n\t\t\t\t<section data-particle_enable=\"false\" data-particle-mobile-disabled=\"false\" class=\"elementor-section elementor-top-section elementor-element elementor-element-2133e50c elementor-section-boxed elementor-section-height-default elementor-section-height-default\" data-id=\"2133e50c\" data-element_type=\"section\" data-e-type=\"section\">\n\t\t\t\t\t\t<div class=\"elementor-container elementor-column-gap-default\">\n\t\t\t\t\t<div class=\"elementor-column elementor-col-100 elementor-top-column elementor-element elementor-element-77d1ed95\" data-id=\"77d1ed95\" data-element_type=\"column\" data-e-type=\"column\">\n\t\t\t<div class=\"elementor-widget-wrap elementor-element-populated\">\n\t\t\t\t\t\t<div class=\"elementor-element elementor-element-7bcb9f06 elementor-widget elementor-widget-text-editor\" data-id=\"7bcb9f06\" data-element_type=\"widget\" data-e-type=\"widget\" data-widget_type=\"text-editor.default\">\n\t\t\t\t<div class=\"elementor-widget-container\">\n\t\t\t\t\t\t\t\t\t<p>Los probadores de dureza Rockwell 2000 logran el nivel m\u00e1s alto de precisi\u00f3n y resoluci\u00f3n de medici\u00f3n de profundidad disponible y, como resultado, tienen el mejor rendimiento de GR&amp;R en la industria. Este instrumento se ofrece en dos tama\u00f1os, 10 &#8211; 14 en capacidad vertical, para adaptarse a diferentes tama\u00f1os de muestra y est\u00e1 disponible en tres variaciones diferentes de escalas de dureza Rockwell Regular, Superficial o Twin.<\/p>\t\t\t\t\t\t\t\t<\/div>\n\t\t\t\t<\/div>\n\t\t\t\t<div class=\"elementor-element elementor-element-2fe638f4 elementor-position-left elementor-vertical-align-middle elementor-widget elementor-widget-image-box\" data-id=\"2fe638f4\" data-element_type=\"widget\" data-e-type=\"widget\" data-widget_type=\"image-box.default\">\n\t\t\t\t<div class=\"elementor-widget-container\">\n\t\t\t\t\t<div class=\"elementor-image-box-wrapper\"><figure class=\"elementor-image-box-img\"><img fetchpriority=\"high\" decoding=\"async\" width=\"600\" height=\"600\" src=\"https:\/\/www.buehler.com\/mx\/wp-content\/uploads\/sites\/8\/2021\/10\/R574.png\" class=\"attachment-full size-full wp-image-8538\" alt=\"Wilson Rockwell R574 Hardness Tester\" srcset=\"https:\/\/www.buehler.com\/mx\/wp-content\/uploads\/sites\/8\/2021\/10\/R574.png 600w, https:\/\/www.buehler.com\/mx\/wp-content\/uploads\/sites\/8\/2021\/10\/R574-300x300.png 300w, https:\/\/www.buehler.com\/mx\/wp-content\/uploads\/sites\/8\/2021\/10\/R574-150x150.png 150w\" sizes=\"(max-width: 600px) 100vw, 600px\" \/><\/figure><div class=\"elementor-image-box-content\"><h2 class=\"elementor-image-box-title\">Wilson\u00ae Rockwell\u00ae 574<\/h2><p class=\"elementor-image-box-description\">Los dur\u00f3metros Rockwell serie 574 Wilson Rockwell ofrecen calidad, durabilidad y una repetici\u00f3n y reproducci\u00f3n de calibre (GR&amp;R) l\u00edder en la industria, lo que hace que esta m\u00e1quina para probar la dureza sea la mejor de su clase. Este sistema est\u00e1 disponible en los modelos regular o de doble escala, es capaz de efectuar pruebas en todas las escalas de dureza regulares y superficiales de Rockwell y puede adaptarse a una gran variedad de aplicaciones.<\/p><\/div><\/div>\t\t\t\t<\/div>\n\t\t\t\t<\/div>\n\t\t\t\t<div class=\"elementor-element elementor-element-1eed9522 elementor-align-left elementor-widget elementor-widget-button\" data-id=\"1eed9522\" data-element_type=\"widget\" data-e-type=\"widget\" data-widget_type=\"button.default\">\n\t\t\t\t<div class=\"elementor-widget-container\">\n\t\t\t\t\t\t\t\t\t<div class=\"elementor-button-wrapper\">\n\t\t\t\t\t<a class=\"elementor-button elementor-button-link elementor-size-md\" href=\"https:\/\/www.buehler.com\/mx\/productos\/pruebas-de-dureza\/probadores-de-dureza-rockwell\/wilson-rockwell-574\/\">\n\t\t\t\t\t\t<span class=\"elementor-button-content-wrapper\">\n\t\t\t\t\t\t\t\t\t<span class=\"elementor-button-text\">M\u00e1s<\/span>\n\t\t\t\t\t<\/span>\n\t\t\t\t\t<\/a>\n\t\t\t\t<\/div>\n\t\t\t\t\t\t\t\t<\/div>\n\t\t\t\t<\/div>\n\t\t\t\t<div class=\"elementor-element elementor-element-670919c7 elementor-position-left elementor-vertical-align-middle elementor-widget elementor-widget-image-box\" data-id=\"670919c7\" data-element_type=\"widget\" data-e-type=\"widget\" data-widget_type=\"image-box.default\">\n\t\t\t\t<div class=\"elementor-widget-container\">\n\t\t\t\t\t<div class=\"elementor-image-box-wrapper\"><figure class=\"elementor-image-box-img\"><img decoding=\"async\" width=\"600\" height=\"600\" src=\"https:\/\/www.buehler.com\/mx\/wp-content\/uploads\/sites\/8\/2021\/10\/RH2150_Front.png\" class=\"attachment-full size-full wp-image-8544\" alt=\"Wilson\u00ae RH2150 Dur\u00f3metro Rockwell\" srcset=\"https:\/\/www.buehler.com\/mx\/wp-content\/uploads\/sites\/8\/2021\/10\/RH2150_Front.png 600w, https:\/\/www.buehler.com\/mx\/wp-content\/uploads\/sites\/8\/2021\/10\/RH2150_Front-300x300.png 300w, https:\/\/www.buehler.com\/mx\/wp-content\/uploads\/sites\/8\/2021\/10\/RH2150_Front-150x150.png 150w\" sizes=\"(max-width: 600px) 100vw, 600px\" \/><\/figure><div class=\"elementor-image-box-content\"><h3 class=\"elementor-image-box-title\">Dur\u00f3metro Wilson\u00ae RH2150<\/h3><p class=\"elementor-image-box-description\">El dur\u00f3metro Wilson RH2150 est\u00e1 dise\u00f1ado para laboratorios de alto volumen de ensayos Rockwell, as\u00ed como para respaldar instalaciones de investigaci\u00f3n en todo el mundo con su gran cantidad de escalas incluidas. El RH2150 est\u00e1 disponible en dos tama\u00f1os diferentes, con una capacidad vertical de 10 y 14 pulgadas (254 y 356 mm respectivamente). <\/p><\/div><\/div>\t\t\t\t<\/div>\n\t\t\t\t<\/div>\n\t\t\t\t<div class=\"elementor-element elementor-element-57087bc1 elementor-align-left elementor-widget elementor-widget-button\" data-id=\"57087bc1\" data-element_type=\"widget\" data-e-type=\"widget\" data-widget_type=\"button.default\">\n\t\t\t\t<div class=\"elementor-widget-container\">\n\t\t\t\t\t\t\t\t\t<div class=\"elementor-button-wrapper\">\n\t\t\t\t\t<a class=\"elementor-button elementor-button-link elementor-size-md\" href=\"https:\/\/www.buehler.com\/mx\/productos\/pruebas-de-dureza\/probadores-de-dureza-rockwell\/durometro-wilson-rh2150\/\">\n\t\t\t\t\t\t<span class=\"elementor-button-content-wrapper\">\n\t\t\t\t\t\t\t\t\t<span class=\"elementor-button-text\">M\u00e1s<\/span>\n\t\t\t\t\t<\/span>\n\t\t\t\t\t<\/a>\n\t\t\t\t<\/div>\n\t\t\t\t\t\t\t\t<\/div>\n\t\t\t\t<\/div>\n\t\t\t\t\t<\/div>\n\t\t<\/div>\n\t\t\t\t\t<\/div>\n\t\t<\/section>\n\t\t\t\t<\/div>\n\t\t","protected":false},"excerpt":{"rendered":"<p>Probadores de dureza Rockwell para preparaci\u00f3n de muestras metalogr\u00e1ficas Los probadores de dureza Rockwell 2000 logran el nivel m\u00e1s alto de precisi\u00f3n y resoluci\u00f3n de medici\u00f3n de profundidad disponible y, como resultado, tienen el mejor rendimiento de GR&amp;R en la industria. Este instrumento se ofrece en dos tama\u00f1os, 10 &#8211; 14 en capacidad vertical, para [&hellip;]<\/p>\n","protected":false},"author":1,"featured_media":0,"parent":8474,"menu_order":0,"comment_status":"closed","ping_status":"closed","template":"elementor_header_footer","meta":{"footnotes":""},"class_list":["post-8476","page","type-page","status-publish","hentry"],"_links":{"self":[{"href":"https:\/\/www.buehler.com\/mx\/wp-json\/wp\/v2\/pages\/8476","targetHints":{"allow":["GET"]}}],"collection":[{"href":"https:\/\/www.buehler.com\/mx\/wp-json\/wp\/v2\/pages"}],"about":[{"href":"https:\/\/www.buehler.com\/mx\/wp-json\/wp\/v2\/types\/page"}],"author":[{"embeddable":true,"href":"https:\/\/www.buehler.com\/mx\/wp-json\/wp\/v2\/users\/1"}],"replies":[{"embeddable":true,"href":"https:\/\/www.buehler.com\/mx\/wp-json\/wp\/v2\/comments?post=8476"}],"version-history":[{"count":13,"href":"https:\/\/www.buehler.com\/mx\/wp-json\/wp\/v2\/pages\/8476\/revisions"}],"predecessor-version":[{"id":17318,"href":"https:\/\/www.buehler.com\/mx\/wp-json\/wp\/v2\/pages\/8476\/revisions\/17318"}],"up":[{"embeddable":true,"href":"https:\/\/www.buehler.com\/mx\/wp-json\/wp\/v2\/pages\/8474"}],"wp:attachment":[{"href":"https:\/\/www.buehler.com\/mx\/wp-json\/wp\/v2\/media?parent=8476"}],"curies":[{"name":"wp","href":"https:\/\/api.w.org\/{rel}","templated":true}]}}