{"id":8215,"date":"2021-10-18T06:39:33","date_gmt":"2021-10-18T12:39:33","guid":{"rendered":"https:\/\/buehler.com\/mx\/?page_id=8215"},"modified":"2022-04-14T14:12:50","modified_gmt":"2022-04-14T19:12:50","slug":"software","status":"publish","type":"page","link":"https:\/\/www.buehler.com\/mx\/productos\/imagenes-y-analisis\/software\/","title":{"rendered":"Software"},"content":{"rendered":"\t\t<div data-elementor-type=\"wp-page\" data-elementor-id=\"8215\" class=\"elementor elementor-8215\" data-elementor-post-type=\"page\">\n\t\t\t\t\t\t<section data-particle_enable=\"false\" data-particle-mobile-disabled=\"false\" class=\"elementor-section elementor-top-section elementor-element elementor-element-7d32fc18 elementor-section-full_width elementor-section-height-default elementor-section-height-default\" data-id=\"7d32fc18\" data-element_type=\"section\" data-e-type=\"section\">\n\t\t\t\t\t\t<div class=\"elementor-container elementor-column-gap-default\">\n\t\t\t\t\t<div class=\"elementor-column elementor-col-100 elementor-top-column elementor-element elementor-element-7d759bd4\" data-id=\"7d759bd4\" data-element_type=\"column\" data-e-type=\"column\">\n\t\t\t<div class=\"elementor-widget-wrap elementor-element-populated\">\n\t\t\t\t\t\t<div class=\"elementor-element elementor-element-4cffc548 elementor-widget elementor-widget-heading\" data-id=\"4cffc548\" data-element_type=\"widget\" data-e-type=\"widget\" data-widget_type=\"heading.default\">\n\t\t\t\t<div class=\"elementor-widget-container\">\n\t\t\t\t\t<h1 class=\"elementor-heading-title elementor-size-default\">Software de imagen y an\u00e1lisis para la preparaci\u00f3n de muestras metalogr\u00e1ficas<\/h1>\t\t\t\t<\/div>\n\t\t\t\t<\/div>\n\t\t\t\t\t<\/div>\n\t\t<\/div>\n\t\t\t\t\t<\/div>\n\t\t<\/section>\n\t\t\t\t<section data-particle_enable=\"false\" data-particle-mobile-disabled=\"false\" class=\"elementor-section elementor-top-section elementor-element elementor-element-50647c1d elementor-section-boxed elementor-section-height-default elementor-section-height-default\" data-id=\"50647c1d\" data-element_type=\"section\" data-e-type=\"section\">\n\t\t\t\t\t\t<div class=\"elementor-container elementor-column-gap-default\">\n\t\t\t\t\t<div class=\"elementor-column elementor-col-100 elementor-top-column elementor-element elementor-element-47df1738\" data-id=\"47df1738\" data-element_type=\"column\" data-e-type=\"column\">\n\t\t\t<div class=\"elementor-widget-wrap elementor-element-populated\">\n\t\t\t\t\t\t<div class=\"elementor-element elementor-element-3fb1b26c elementor-widget elementor-widget-text-editor\" data-id=\"3fb1b26c\" data-element_type=\"widget\" data-e-type=\"widget\" data-widget_type=\"text-editor.default\">\n\t\t\t\t<div class=\"elementor-widget-container\">\n\t\t\t\t\t\t\t\t\t<p>Software OmniMet\u2122 ofrece potentes posibilidades de an\u00e1lisis de im\u00e1genes combinadas con una funcionalidad de base de datos flexible. Personalice OmniMet con posibilidades de medici\u00f3n de apuntar y hacer clic intuitivas y f\u00e1ciles de usar, rutinas de an\u00e1lisis preprogramadas o con capacidades para ejecutar scripts de an\u00e1lisis programables por el usuario. La base de datos utiliza un enfoque de varios niveles para organizar de manera l\u00f3gica numerosos usuarios y datos de im\u00e1genes con una facilidad sin precedentes.<\/p>\t\t\t\t\t\t\t\t<\/div>\n\t\t\t\t<\/div>\n\t\t\t\t<div class=\"elementor-element elementor-element-3dc816d1 elementor-position-left elementor-vertical-align-middle elementor-widget elementor-widget-image-box\" data-id=\"3dc816d1\" data-element_type=\"widget\" data-e-type=\"widget\" data-widget_type=\"image-box.default\">\n\t\t\t\t<div class=\"elementor-widget-container\">\n\t\t\t\t\t<div class=\"elementor-image-box-wrapper\"><figure class=\"elementor-image-box-img\"><img fetchpriority=\"high\" decoding=\"async\" width=\"600\" height=\"600\" src=\"https:\/\/www.buehler.com\/mx\/wp-content\/uploads\/sites\/8\/2021\/10\/OmniMet-Imaging-System.png\" class=\"attachment-full size-full wp-image-10013\" alt=\"Software de an\u00e1lisis de im\u00e1genes OmniMet\u2122\" srcset=\"https:\/\/www.buehler.com\/mx\/wp-content\/uploads\/sites\/8\/2021\/10\/OmniMet-Imaging-System.png 600w, https:\/\/www.buehler.com\/mx\/wp-content\/uploads\/sites\/8\/2021\/10\/OmniMet-Imaging-System-300x300.png 300w, https:\/\/www.buehler.com\/mx\/wp-content\/uploads\/sites\/8\/2021\/10\/OmniMet-Imaging-System-150x150.png 150w\" sizes=\"(max-width: 600px) 100vw, 600px\" \/><\/figure><div class=\"elementor-image-box-content\"><h2 class=\"elementor-image-box-title\">Software de an\u00e1lisis de im\u00e1genes OmniMet\u2122 <\/h2><p class=\"elementor-image-box-description\">The OmniMet system offers seamless point and-click integration of microscopes, cameras, and image analysis software via an intuitive Microsoft\u00ae Windows\u00ae interface. Images can be viewed and analyzed directly from a compatible microscope camera, or imported into Omnimet as images files in any standard format. OmniMet software is offered at different levels of flexibility, functionality, and analytical power to meet the needs of every laboratory requiring image data archiving and quantitative image analysis.<\/p><\/div><\/div>\t\t\t\t<\/div>\n\t\t\t\t<\/div>\n\t\t\t\t<div class=\"elementor-element elementor-element-4e7159d0 elementor-align-left elementor-widget elementor-widget-button\" data-id=\"4e7159d0\" data-element_type=\"widget\" data-e-type=\"widget\" data-widget_type=\"button.default\">\n\t\t\t\t<div class=\"elementor-widget-container\">\n\t\t\t\t\t\t\t\t\t<div class=\"elementor-button-wrapper\">\n\t\t\t\t\t<a class=\"elementor-button elementor-button-link elementor-size-md\" href=\"https:\/\/www.buehler.com\/mx\/productos\/imagenes-y-analisis\/software\/software-de-analisis-de-imagenes-omnimet\/\">\n\t\t\t\t\t\t<span class=\"elementor-button-content-wrapper\">\n\t\t\t\t\t\t\t\t\t<span class=\"elementor-button-text\">M\u00e1s<\/span>\n\t\t\t\t\t<\/span>\n\t\t\t\t\t<\/a>\n\t\t\t\t<\/div>\n\t\t\t\t\t\t\t\t<\/div>\n\t\t\t\t<\/div>\n\t\t\t\t\t<\/div>\n\t\t<\/div>\n\t\t\t\t\t<\/div>\n\t\t<\/section>\n\t\t\t\t<\/div>\n\t\t","protected":false},"excerpt":{"rendered":"<p>Software de imagen y an\u00e1lisis para la preparaci\u00f3n de muestras metalogr\u00e1ficas Software OmniMet\u2122 ofrece potentes posibilidades de an\u00e1lisis de im\u00e1genes combinadas con una funcionalidad de base de datos flexible. Personalice OmniMet con posibilidades de medici\u00f3n de apuntar y hacer clic intuitivas y f\u00e1ciles de usar, rutinas de an\u00e1lisis preprogramadas o con capacidades para ejecutar scripts [&hellip;]<\/p>\n","protected":false},"author":1,"featured_media":0,"parent":8193,"menu_order":0,"comment_status":"closed","ping_status":"closed","template":"elementor_header_footer","meta":{"footnotes":""},"class_list":["post-8215","page","type-page","status-publish","hentry"],"_links":{"self":[{"href":"https:\/\/www.buehler.com\/mx\/wp-json\/wp\/v2\/pages\/8215","targetHints":{"allow":["GET"]}}],"collection":[{"href":"https:\/\/www.buehler.com\/mx\/wp-json\/wp\/v2\/pages"}],"about":[{"href":"https:\/\/www.buehler.com\/mx\/wp-json\/wp\/v2\/types\/page"}],"author":[{"embeddable":true,"href":"https:\/\/www.buehler.com\/mx\/wp-json\/wp\/v2\/users\/1"}],"replies":[{"embeddable":true,"href":"https:\/\/www.buehler.com\/mx\/wp-json\/wp\/v2\/comments?post=8215"}],"version-history":[{"count":21,"href":"https:\/\/www.buehler.com\/mx\/wp-json\/wp\/v2\/pages\/8215\/revisions"}],"predecessor-version":[{"id":17315,"href":"https:\/\/www.buehler.com\/mx\/wp-json\/wp\/v2\/pages\/8215\/revisions\/17315"}],"up":[{"embeddable":true,"href":"https:\/\/www.buehler.com\/mx\/wp-json\/wp\/v2\/pages\/8193"}],"wp:attachment":[{"href":"https:\/\/www.buehler.com\/mx\/wp-json\/wp\/v2\/media?parent=8215"}],"curies":[{"name":"wp","href":"https:\/\/api.w.org\/{rel}","templated":true}]}}