{"id":6577,"date":"2021-10-11T10:11:10","date_gmt":"2021-10-11T15:11:10","guid":{"rendered":"https:\/\/buehler.com\/mx\/?page_id=6577"},"modified":"2022-04-14T14:07:45","modified_gmt":"2022-04-14T19:07:45","slug":"pulidoras-vibratorias","status":"publish","type":"page","link":"https:\/\/www.buehler.com\/mx\/productos\/esmerilado-y-pulido\/pulidoras-vibratorias\/","title":{"rendered":"Pulidoras Vibratorias"},"content":{"rendered":"\t\t<div data-elementor-type=\"wp-page\" data-elementor-id=\"6577\" class=\"elementor elementor-6577\" data-elementor-post-type=\"page\">\n\t\t\t\t\t\t<section data-particle_enable=\"false\" data-particle-mobile-disabled=\"false\" class=\"elementor-section elementor-top-section elementor-element elementor-element-25b92726 elementor-section-full_width elementor-section-height-default elementor-section-height-default\" data-id=\"25b92726\" data-element_type=\"section\" data-e-type=\"section\">\n\t\t\t\t\t\t<div class=\"elementor-container elementor-column-gap-default\">\n\t\t\t\t\t<div class=\"elementor-column elementor-col-100 elementor-top-column elementor-element elementor-element-622dcc6c\" data-id=\"622dcc6c\" data-element_type=\"column\" data-e-type=\"column\">\n\t\t\t<div class=\"elementor-widget-wrap elementor-element-populated\">\n\t\t\t\t\t\t<div class=\"elementor-element elementor-element-48a6d58d elementor-widget elementor-widget-heading\" data-id=\"48a6d58d\" data-element_type=\"widget\" data-e-type=\"widget\" data-widget_type=\"heading.default\">\n\t\t\t\t<div class=\"elementor-widget-container\">\n\t\t\t\t\t<h1 class=\"elementor-heading-title elementor-size-default\">Pulidores vibratorias para la preparaci\u00f3n de muestras metalogr\u00e1ficas<\/h1>\t\t\t\t<\/div>\n\t\t\t\t<\/div>\n\t\t\t\t\t<\/div>\n\t\t<\/div>\n\t\t\t\t\t<\/div>\n\t\t<\/section>\n\t\t\t\t<section data-particle_enable=\"false\" data-particle-mobile-disabled=\"false\" class=\"elementor-section elementor-top-section elementor-element elementor-element-6dcbd969 elementor-section-boxed elementor-section-height-default elementor-section-height-default\" data-id=\"6dcbd969\" data-element_type=\"section\" data-e-type=\"section\">\n\t\t\t\t\t\t<div class=\"elementor-container elementor-column-gap-default\">\n\t\t\t\t\t<div class=\"elementor-column elementor-col-100 elementor-top-column elementor-element elementor-element-78d0bbd2\" data-id=\"78d0bbd2\" data-element_type=\"column\" data-e-type=\"column\">\n\t\t\t<div class=\"elementor-widget-wrap elementor-element-populated\">\n\t\t\t\t\t\t<div class=\"elementor-element elementor-element-75c83599 elementor-widget elementor-widget-text-editor\" data-id=\"75c83599\" data-element_type=\"widget\" data-e-type=\"widget\" data-widget_type=\"text-editor.default\">\n\t\t\t\t<div class=\"elementor-widget-container\">\n\t\t\t\t\t\t\t\t\t<p>La pulidora vibratoria VibroMet 2 es una m\u00e1quina dise\u00f1ada para preparar superficies pulidas de alta calidad en diversos materiales, incluidas las aplicaciones de EBSD.<\/p>\t\t\t\t\t\t\t\t<\/div>\n\t\t\t\t<\/div>\n\t\t\t\t<div class=\"elementor-element elementor-element-2deffc00 elementor-position-left elementor-vertical-align-middle elementor-widget elementor-widget-image-box\" data-id=\"2deffc00\" data-element_type=\"widget\" data-e-type=\"widget\" data-widget_type=\"image-box.default\">\n\t\t\t\t<div class=\"elementor-widget-container\">\n\t\t\t\t\t<div class=\"elementor-image-box-wrapper\"><figure class=\"elementor-image-box-img\"><img fetchpriority=\"high\" decoding=\"async\" width=\"600\" height=\"600\" src=\"https:\/\/www.buehler.com\/mx\/wp-content\/uploads\/sites\/8\/2021\/10\/VibroMet-2.png\" class=\"attachment-full size-full wp-image-6653\" alt=\"Pulidora vibratoria\u00ae 2\" srcset=\"https:\/\/www.buehler.com\/mx\/wp-content\/uploads\/sites\/8\/2021\/10\/VibroMet-2.png 600w, https:\/\/www.buehler.com\/mx\/wp-content\/uploads\/sites\/8\/2021\/10\/VibroMet-2-300x300.png 300w, https:\/\/www.buehler.com\/mx\/wp-content\/uploads\/sites\/8\/2021\/10\/VibroMet-2-150x150.png 150w\" sizes=\"(max-width: 600px) 100vw, 600px\" \/><\/figure><div class=\"elementor-image-box-content\"><h2 class=\"elementor-image-box-title\">Pulidora vibratoria VibroMet\u2122 2<\/h2><p class=\"elementor-image-box-description\">La pulidora vibratoria VibroMet 2 es una m\u00e1quina dise\u00f1ada para preparar superficies pulidas de alta calidad en diversos materiales, incluidas las aplicaciones de EBSD. El movimiento horizontal de 7200 ciclos por minuto produce una acci\u00f3n de pulido muy eficaz, con resultados superiores, una planura excepcional y menos deformaci\u00f3n. <\/p><\/div><\/div>\t\t\t\t<\/div>\n\t\t\t\t<\/div>\n\t\t\t\t<div class=\"elementor-element elementor-element-7c018204 elementor-align-left elementor-widget elementor-widget-button\" data-id=\"7c018204\" data-element_type=\"widget\" data-e-type=\"widget\" data-widget_type=\"button.default\">\n\t\t\t\t<div class=\"elementor-widget-container\">\n\t\t\t\t\t\t\t\t\t<div class=\"elementor-button-wrapper\">\n\t\t\t\t\t<a class=\"elementor-button elementor-button-link elementor-size-md\" href=\"https:\/\/www.buehler.com\/mx\/productos\/esmerilado-y-pulido\/pulidoras-vibratorias\/pulidora-vibratoria-vibromet-2\/\">\n\t\t\t\t\t\t<span class=\"elementor-button-content-wrapper\">\n\t\t\t\t\t\t\t\t\t<span class=\"elementor-button-text\">M\u00e1s<\/span>\n\t\t\t\t\t<\/span>\n\t\t\t\t\t<\/a>\n\t\t\t\t<\/div>\n\t\t\t\t\t\t\t\t<\/div>\n\t\t\t\t<\/div>\n\t\t\t\t\t<\/div>\n\t\t<\/div>\n\t\t\t\t\t<\/div>\n\t\t<\/section>\n\t\t\t\t<\/div>\n\t\t","protected":false},"excerpt":{"rendered":"<p>Pulidores vibratorias para la preparaci\u00f3n de muestras metalogr\u00e1ficas La pulidora vibratoria VibroMet 2 es una m\u00e1quina dise\u00f1ada para preparar superficies pulidas de alta calidad en diversos materiales, incluidas las aplicaciones de EBSD. Pulidora vibratoria VibroMet\u2122 2 La pulidora vibratoria VibroMet 2 es una m\u00e1quina dise\u00f1ada para preparar superficies pulidas de alta calidad en diversos materiales, [&hellip;]<\/p>\n","protected":false},"author":1,"featured_media":0,"parent":6554,"menu_order":0,"comment_status":"closed","ping_status":"closed","template":"elementor_header_footer","meta":{"footnotes":""},"class_list":["post-6577","page","type-page","status-publish","hentry"],"_links":{"self":[{"href":"https:\/\/www.buehler.com\/mx\/wp-json\/wp\/v2\/pages\/6577","targetHints":{"allow":["GET"]}}],"collection":[{"href":"https:\/\/www.buehler.com\/mx\/wp-json\/wp\/v2\/pages"}],"about":[{"href":"https:\/\/www.buehler.com\/mx\/wp-json\/wp\/v2\/types\/page"}],"author":[{"embeddable":true,"href":"https:\/\/www.buehler.com\/mx\/wp-json\/wp\/v2\/users\/1"}],"replies":[{"embeddable":true,"href":"https:\/\/www.buehler.com\/mx\/wp-json\/wp\/v2\/comments?post=6577"}],"version-history":[{"count":17,"href":"https:\/\/www.buehler.com\/mx\/wp-json\/wp\/v2\/pages\/6577\/revisions"}],"predecessor-version":[{"id":17291,"href":"https:\/\/www.buehler.com\/mx\/wp-json\/wp\/v2\/pages\/6577\/revisions\/17291"}],"up":[{"embeddable":true,"href":"https:\/\/www.buehler.com\/mx\/wp-json\/wp\/v2\/pages\/6554"}],"wp:attachment":[{"href":"https:\/\/www.buehler.com\/mx\/wp-json\/wp\/v2\/media?parent=6577"}],"curies":[{"name":"wp","href":"https:\/\/api.w.org\/{rel}","templated":true}]}}