{"id":6556,"date":"2021-10-11T10:04:47","date_gmt":"2021-10-11T15:04:47","guid":{"rendered":"https:\/\/buehler.com\/mx\/?page_id=6556"},"modified":"2024-05-08T15:08:36","modified_gmt":"2024-05-08T21:08:36","slug":"esmeriladoras-pulidoras","status":"publish","type":"page","link":"https:\/\/www.buehler.com\/mx\/productos\/esmerilado-y-pulido\/esmeriladoras-pulidoras\/","title":{"rendered":"Esmeriladoras-pulidoras"},"content":{"rendered":"\t\t<div data-elementor-type=\"wp-page\" data-elementor-id=\"6556\" class=\"elementor elementor-6556\" data-elementor-post-type=\"page\">\n\t\t\t\t\t\t<section data-particle_enable=\"false\" data-particle-mobile-disabled=\"false\" class=\"elementor-section elementor-top-section elementor-element elementor-element-26699cf3 elementor-section-full_width elementor-section-height-default elementor-section-height-default\" data-id=\"26699cf3\" data-element_type=\"section\" data-e-type=\"section\">\n\t\t\t\t\t\t<div class=\"elementor-container elementor-column-gap-default\">\n\t\t\t\t\t<div class=\"elementor-column elementor-col-100 elementor-top-column elementor-element elementor-element-7ceaabd7\" data-id=\"7ceaabd7\" data-element_type=\"column\" data-e-type=\"column\">\n\t\t\t<div class=\"elementor-widget-wrap elementor-element-populated\">\n\t\t\t\t\t\t<div class=\"elementor-element elementor-element-2de42103 elementor-widget elementor-widget-heading\" data-id=\"2de42103\" data-element_type=\"widget\" data-e-type=\"widget\" data-widget_type=\"heading.default\">\n\t\t\t\t<div class=\"elementor-widget-container\">\n\t\t\t\t\t<h1 class=\"elementor-heading-title elementor-size-default\">Esmeriladoras-pulidoras para preparaci\u00f3n de muestras metalogr\u00e1ficas<\/h1>\t\t\t\t<\/div>\n\t\t\t\t<\/div>\n\t\t\t\t\t<\/div>\n\t\t<\/div>\n\t\t\t\t\t<\/div>\n\t\t<\/section>\n\t\t\t\t<section data-particle_enable=\"false\" data-particle-mobile-disabled=\"false\" class=\"elementor-section elementor-top-section elementor-element elementor-element-772282dd elementor-section-boxed elementor-section-height-default elementor-section-height-default\" data-id=\"772282dd\" data-element_type=\"section\" data-e-type=\"section\">\n\t\t\t\t\t\t<div class=\"elementor-container elementor-column-gap-default\">\n\t\t\t\t\t<div class=\"elementor-column elementor-col-100 elementor-top-column elementor-element elementor-element-4ab2173\" data-id=\"4ab2173\" data-element_type=\"column\" data-e-type=\"column\">\n\t\t\t<div class=\"elementor-widget-wrap elementor-element-populated\">\n\t\t\t\t\t\t<div class=\"elementor-element elementor-element-5969140 elementor-widget elementor-widget-text-editor\" data-id=\"5969140\" data-element_type=\"widget\" data-e-type=\"widget\" data-widget_type=\"text-editor.default\">\n\t\t\t\t<div class=\"elementor-widget-container\">\n\t\t\t\t\t\t\t\t\t<p>Buehler ofrece una l\u00ednea completa de m\u00e1quinas f\u00e1ciles de usar. Esmeriladoras-pulidoras EcoMet 30 y AutoMet para proporcionar la soluci\u00f3n perfecta para su laboratorio.<\/p>\t\t\t\t\t\t\t\t<\/div>\n\t\t\t\t<\/div>\n\t\t\t\t<div class=\"elementor-element elementor-element-d2896c elementor-position-left elementor-vertical-align-middle elementor-widget elementor-widget-image-box\" data-id=\"d2896c\" data-element_type=\"widget\" data-e-type=\"widget\" data-widget_type=\"image-box.default\">\n\t\t\t\t<div class=\"elementor-widget-container\">\n\t\t\t\t\t<div class=\"elementor-image-box-wrapper\"><figure class=\"elementor-image-box-img\"><img fetchpriority=\"high\" decoding=\"async\" width=\"600\" height=\"600\" src=\"https:\/\/www.buehler.com\/mx\/wp-content\/uploads\/sites\/8\/2021\/10\/AutoMet-250_Membrane_Front-600x600-1.png\" class=\"attachment-full size-full wp-image-6610\" alt=\"Membrana pulidora AutoMet AutoMet\u00ae 250\" srcset=\"https:\/\/www.buehler.com\/mx\/wp-content\/uploads\/sites\/8\/2021\/10\/AutoMet-250_Membrane_Front-600x600-1.png 600w, https:\/\/www.buehler.com\/mx\/wp-content\/uploads\/sites\/8\/2021\/10\/AutoMet-250_Membrane_Front-600x600-1-300x300.png 300w, https:\/\/www.buehler.com\/mx\/wp-content\/uploads\/sites\/8\/2021\/10\/AutoMet-250_Membrane_Front-600x600-1-150x150.png 150w\" sizes=\"(max-width: 600px) 100vw, 600px\" \/><\/figure><div class=\"elementor-image-box-content\"><h2 class=\"elementor-image-box-title\">Membrana pulidora AutoMet\u2122 250<\/h2><p class=\"elementor-image-box-description\">AutoMet 250 es una esmeriladora-pulidora avanzada con m\u00e1s potencia para adaptarse a una mayor capacidad para entornos de alto volumen. Los sencillos controles eliminan la complejidad del proceso de esmerilado y pulido.<\/p><\/div><\/div>\t\t\t\t<\/div>\n\t\t\t\t<\/div>\n\t\t\t\t<div class=\"elementor-element elementor-element-506de1fa elementor-align-left elementor-widget elementor-widget-button\" data-id=\"506de1fa\" data-element_type=\"widget\" data-e-type=\"widget\" data-widget_type=\"button.default\">\n\t\t\t\t<div class=\"elementor-widget-container\">\n\t\t\t\t\t\t\t\t\t<div class=\"elementor-button-wrapper\">\n\t\t\t\t\t<a class=\"elementor-button elementor-button-link elementor-size-md\" href=\"https:\/\/www.buehler.com\/mx\/productos\/esmerilado-y-pulido\/esmeriladoras-pulidoras\/membrana-pulidora-automet-250\/\">\n\t\t\t\t\t\t<span class=\"elementor-button-content-wrapper\">\n\t\t\t\t\t\t\t\t\t<span class=\"elementor-button-text\">M\u00e1s<\/span>\n\t\t\t\t\t<\/span>\n\t\t\t\t\t<\/a>\n\t\t\t\t<\/div>\n\t\t\t\t\t\t\t\t<\/div>\n\t\t\t\t<\/div>\n\t\t\t\t<div class=\"elementor-element elementor-element-12df4130 elementor-position-left elementor-vertical-align-middle elementor-widget elementor-widget-image-box\" data-id=\"12df4130\" data-element_type=\"widget\" data-e-type=\"widget\" data-widget_type=\"image-box.default\">\n\t\t\t\t<div class=\"elementor-widget-container\">\n\t\t\t\t\t<div class=\"elementor-image-box-wrapper\"><figure class=\"elementor-image-box-img\"><img decoding=\"async\" width=\"600\" height=\"600\" src=\"https:\/\/www.buehler.com\/mx\/wp-content\/uploads\/sites\/8\/2021\/10\/AutoMet-250_Front_Black-600x600-1.png\" class=\"attachment-full size-full wp-image-6604\" alt=\"Semiautom\u00e1tica AutoMet\u00ae 250 Pro\" srcset=\"https:\/\/www.buehler.com\/mx\/wp-content\/uploads\/sites\/8\/2021\/10\/AutoMet-250_Front_Black-600x600-1.png 600w, https:\/\/www.buehler.com\/mx\/wp-content\/uploads\/sites\/8\/2021\/10\/AutoMet-250_Front_Black-600x600-1-300x300.png 300w, https:\/\/www.buehler.com\/mx\/wp-content\/uploads\/sites\/8\/2021\/10\/AutoMet-250_Front_Black-600x600-1-150x150.png 150w\" sizes=\"(max-width: 600px) 100vw, 600px\" \/><\/figure><div class=\"elementor-image-box-content\"><h3 class=\"elementor-image-box-title\">AutoMet\u2122 250 Pro Grinder Pulidora Pantalla t\u00e1ctil Programable<\/h3><p class=\"elementor-image-box-description\">AutoMet 250 Pro tiene caracter\u00edsticas premium adicionales. La programabilidad mejorada es altamente intuitiva con un f\u00e1cil almacenamiento de m\u00e9todos. Mejore la repetibilidad con el sistema de dosificaci\u00f3n automatizado. La m\u00e1quina tiene capacidades de eliminaci\u00f3n del eje Z para esmerilado y pulido por profundidad.<\/p><\/div><\/div>\t\t\t\t<\/div>\n\t\t\t\t<\/div>\n\t\t\t\t<div class=\"elementor-element elementor-element-5ff91475 elementor-align-left elementor-widget elementor-widget-button\" data-id=\"5ff91475\" data-element_type=\"widget\" data-e-type=\"widget\" data-widget_type=\"button.default\">\n\t\t\t\t<div class=\"elementor-widget-container\">\n\t\t\t\t\t\t\t\t\t<div class=\"elementor-button-wrapper\">\n\t\t\t\t\t<a class=\"elementor-button elementor-button-link elementor-size-md\" href=\"https:\/\/www.buehler.com\/mx\/productos\/esmerilado-y-pulido\/esmeriladoras-pulidoras\/automet-250-pro-grinder-pulidora-pantalla-tactil-programable\/\">\n\t\t\t\t\t\t<span class=\"elementor-button-content-wrapper\">\n\t\t\t\t\t\t\t\t\t<span class=\"elementor-button-text\">M\u00e1s<\/span>\n\t\t\t\t\t<\/span>\n\t\t\t\t\t<\/a>\n\t\t\t\t<\/div>\n\t\t\t\t\t\t\t\t<\/div>\n\t\t\t\t<\/div>\n\t\t\t\t<div class=\"elementor-element elementor-element-301d98f elementor-position-left elementor-vertical-align-middle elementor-widget elementor-widget-image-box\" data-id=\"301d98f\" data-element_type=\"widget\" data-e-type=\"widget\" data-widget_type=\"image-box.default\">\n\t\t\t\t<div class=\"elementor-widget-container\">\n\t\t\t\t\t<div class=\"elementor-image-box-wrapper\"><figure class=\"elementor-image-box-img\"><img decoding=\"async\" width=\"600\" height=\"600\" src=\"https:\/\/www.buehler.com\/mx\/wp-content\/uploads\/sites\/8\/2021\/10\/AutoMet-300-Pro_Front-600x600-1.png\" class=\"attachment-full size-full wp-image-6616\" alt=\"AutoMet\u2122 300 Pro Grinder Pulidora Pantalla t\u00e1ctil PCB programable\" srcset=\"https:\/\/www.buehler.com\/mx\/wp-content\/uploads\/sites\/8\/2021\/10\/AutoMet-300-Pro_Front-600x600-1.png 600w, https:\/\/www.buehler.com\/mx\/wp-content\/uploads\/sites\/8\/2021\/10\/AutoMet-300-Pro_Front-600x600-1-300x300.png 300w, https:\/\/www.buehler.com\/mx\/wp-content\/uploads\/sites\/8\/2021\/10\/AutoMet-300-Pro_Front-600x600-1-150x150.png 150w\" sizes=\"(max-width: 600px) 100vw, 600px\" \/><\/figure><div class=\"elementor-image-box-content\"><h4 class=\"elementor-image-box-title\">AutoMet\u2122 300 Pro Grinder Pulidora Pantalla t\u00e1ctil PCB programable<\/h4><p class=\"elementor-image-box-description\">AutoMet 300 Pro es similar a AutoMet 250 Pro, con un motor mejorado y un plato m\u00e1s grande para acomodar muestras m\u00e1s grandes. Tambi\u00e9n es compatible con accesorios como PC-Met y PWB Met para esmerilado y pulido de PCB.<\/p><\/div><\/div>\t\t\t\t<\/div>\n\t\t\t\t<\/div>\n\t\t\t\t<div class=\"elementor-element elementor-element-533c758 elementor-align-left elementor-widget elementor-widget-button\" data-id=\"533c758\" data-element_type=\"widget\" data-e-type=\"widget\" data-widget_type=\"button.default\">\n\t\t\t\t<div class=\"elementor-widget-container\">\n\t\t\t\t\t\t\t\t\t<div class=\"elementor-button-wrapper\">\n\t\t\t\t\t<a class=\"elementor-button elementor-button-link elementor-size-md\" href=\"https:\/\/www.buehler.com\/mx\/productos\/esmerilado-y-pulido\/esmeriladoras-pulidoras\/automet-300-pro-grinder-pulidora-pantalla-tactil-pcb-programable\/\">\n\t\t\t\t\t\t<span class=\"elementor-button-content-wrapper\">\n\t\t\t\t\t\t\t\t\t<span class=\"elementor-button-text\">M\u00e1s<\/span>\n\t\t\t\t\t<\/span>\n\t\t\t\t\t<\/a>\n\t\t\t\t<\/div>\n\t\t\t\t\t\t\t\t<\/div>\n\t\t\t\t<\/div>\n\t\t\t\t<div class=\"elementor-element elementor-element-10d9a2b elementor-position-left elementor-vertical-align-middle elementor-widget elementor-widget-image-box\" data-id=\"10d9a2b\" data-element_type=\"widget\" data-e-type=\"widget\" data-widget_type=\"image-box.default\">\n\t\t\t\t<div class=\"elementor-widget-container\">\n\t\t\t\t\t<div class=\"elementor-image-box-wrapper\"><figure class=\"elementor-image-box-img\"><img loading=\"lazy\" decoding=\"async\" width=\"600\" height=\"600\" src=\"https:\/\/www.buehler.com\/mx\/wp-content\/uploads\/sites\/8\/2021\/10\/EcoMet-30-Front.png\" class=\"attachment-full size-full wp-image-6622\" alt=\"EcoMet\u00ae 30 Pulidora Desbastadora Manual Individual\" srcset=\"https:\/\/www.buehler.com\/mx\/wp-content\/uploads\/sites\/8\/2021\/10\/EcoMet-30-Front.png 600w, https:\/\/www.buehler.com\/mx\/wp-content\/uploads\/sites\/8\/2021\/10\/EcoMet-30-Front-300x300.png 300w, https:\/\/www.buehler.com\/mx\/wp-content\/uploads\/sites\/8\/2021\/10\/EcoMet-30-Front-150x150.png 150w\" sizes=\"(max-width: 600px) 100vw, 600px\" \/><\/figure><div class=\"elementor-image-box-content\"><h4 class=\"elementor-image-box-title\">EcoMet\u2122 30 Pulidora Desbastadora Manual Individual<\/h4><p class=\"elementor-image-box-description\">EcoMet 30 Manual es una amoladora-pulidora rentable con las funciones esenciales. Tiene funciones de limpieza r\u00e1pida para ahorrar tiempo y esfuerzo, y est\u00e1 hecho de una fundici\u00f3n de metal duradero para brindar robustez y estabilidad. Tiene un anillo antisalpicaduras ergon\u00f3mico para un c\u00f3modo uso manual. Disponible con placas simples o gemelas.<\/p><\/div><\/div>\t\t\t\t<\/div>\n\t\t\t\t<\/div>\n\t\t\t\t<div class=\"elementor-element elementor-element-66ee2ae elementor-align-left elementor-widget elementor-widget-button\" data-id=\"66ee2ae\" data-element_type=\"widget\" data-e-type=\"widget\" data-widget_type=\"button.default\">\n\t\t\t\t<div class=\"elementor-widget-container\">\n\t\t\t\t\t\t\t\t\t<div class=\"elementor-button-wrapper\">\n\t\t\t\t\t<a class=\"elementor-button elementor-button-link elementor-size-md\" href=\"https:\/\/www.buehler.com\/mx\/productos\/esmerilado-y-pulido\/esmeriladoras-pulidoras\/ecomet-30-pulidora-desbastadora-manual-individual\/\">\n\t\t\t\t\t\t<span class=\"elementor-button-content-wrapper\">\n\t\t\t\t\t\t\t\t\t<span class=\"elementor-button-text\">M\u00e1s<\/span>\n\t\t\t\t\t<\/span>\n\t\t\t\t\t<\/a>\n\t\t\t\t<\/div>\n\t\t\t\t\t\t\t\t<\/div>\n\t\t\t\t<\/div>\n\t\t\t\t<div class=\"elementor-element elementor-element-8a9f8cb elementor-position-left elementor-vertical-align-middle elementor-widget elementor-widget-image-box\" data-id=\"8a9f8cb\" data-element_type=\"widget\" data-e-type=\"widget\" data-widget_type=\"image-box.default\">\n\t\t\t\t<div class=\"elementor-widget-container\">\n\t\t\t\t\t<div class=\"elementor-image-box-wrapper\"><figure class=\"elementor-image-box-img\"><img loading=\"lazy\" decoding=\"async\" width=\"600\" height=\"600\" src=\"https:\/\/www.buehler.com\/mx\/wp-content\/uploads\/sites\/8\/2021\/10\/EcoMet-30-with-head-front_OL.jpg\" class=\"attachment-full size-full wp-image-6628\" alt=\"EcoMet\u00ae 30 Pulidora Semiautom\u00e1tica\" srcset=\"https:\/\/www.buehler.com\/mx\/wp-content\/uploads\/sites\/8\/2021\/10\/EcoMet-30-with-head-front_OL.jpg 600w, https:\/\/www.buehler.com\/mx\/wp-content\/uploads\/sites\/8\/2021\/10\/EcoMet-30-with-head-front_OL-300x300.jpg 300w, https:\/\/www.buehler.com\/mx\/wp-content\/uploads\/sites\/8\/2021\/10\/EcoMet-30-with-head-front_OL-150x150.jpg 150w\" sizes=\"(max-width: 600px) 100vw, 600px\" \/><\/figure><div class=\"elementor-image-box-content\"><h4 class=\"elementor-image-box-title\">EcoMet\u2122 30 Pulidora Semiautom\u00e1tica<\/h4><p class=\"elementor-image-box-description\">EcoMet 30 Semi-Auto es una amoladora-pulidora de nivel de entrada con \u00e9nfasis en la simplicidad. Todas las funciones son f\u00e1cilmente accesibles en una sencilla interfaz de pantalla t\u00e1ctil. Es compatible con un sistema de dosificaci\u00f3n para tener las manos libres durante el proceso de pulido y mejorar la repetibilidad.<\/p><\/div><\/div>\t\t\t\t<\/div>\n\t\t\t\t<\/div>\n\t\t\t\t<div class=\"elementor-element elementor-element-238d395 elementor-align-left elementor-widget elementor-widget-button\" data-id=\"238d395\" data-element_type=\"widget\" data-e-type=\"widget\" data-widget_type=\"button.default\">\n\t\t\t\t<div class=\"elementor-widget-container\">\n\t\t\t\t\t\t\t\t\t<div class=\"elementor-button-wrapper\">\n\t\t\t\t\t<a class=\"elementor-button elementor-button-link elementor-size-md\" href=\"https:\/\/www.buehler.com\/mx\/productos\/esmerilado-y-pulido\/esmeriladoras-pulidoras\/ecomet-30-pulidora-semiautomatica\/\">\n\t\t\t\t\t\t<span class=\"elementor-button-content-wrapper\">\n\t\t\t\t\t\t\t\t\t<span class=\"elementor-button-text\">M\u00e1s<\/span>\n\t\t\t\t\t<\/span>\n\t\t\t\t\t<\/a>\n\t\t\t\t<\/div>\n\t\t\t\t\t\t\t\t<\/div>\n\t\t\t\t<\/div>\n\t\t\t\t<div class=\"elementor-element elementor-element-4b0e1cd2 elementor-position-left elementor-vertical-align-middle elementor-widget elementor-widget-image-box\" data-id=\"4b0e1cd2\" data-element_type=\"widget\" data-e-type=\"widget\" data-widget_type=\"image-box.default\">\n\t\t\t\t<div class=\"elementor-widget-container\">\n\t\t\t\t\t<div class=\"elementor-image-box-wrapper\"><figure class=\"elementor-image-box-img\"><img loading=\"lazy\" decoding=\"async\" width=\"600\" height=\"600\" src=\"https:\/\/www.buehler.com\/mx\/wp-content\/uploads\/sites\/8\/2021\/10\/MiniMet1000.png\" class=\"attachment-full size-full wp-image-6634\" alt=\"Amoladora pulidora MiniMet\u00ae 1000\" srcset=\"https:\/\/www.buehler.com\/mx\/wp-content\/uploads\/sites\/8\/2021\/10\/MiniMet1000.png 600w, https:\/\/www.buehler.com\/mx\/wp-content\/uploads\/sites\/8\/2021\/10\/MiniMet1000-300x300.png 300w, https:\/\/www.buehler.com\/mx\/wp-content\/uploads\/sites\/8\/2021\/10\/MiniMet1000-150x150.png 150w\" sizes=\"(max-width: 600px) 100vw, 600px\" \/><\/figure><div class=\"elementor-image-box-content\"><h4 class=\"elementor-image-box-title\"> Amoladora pulidora MiniMet\u2122 1000<\/h4><p class=\"elementor-image-box-description\">Una m\u00e1quina de muestra \u00fanica de bajo volumen capaz de preparar una amplia variedad de materiales. El dise\u00f1o que ahorra espacio emplea una acci\u00f3n geom\u00e9trica, lo que aumenta la consistencia de la muestra.<\/p><\/div><\/div>\t\t\t\t<\/div>\n\t\t\t\t<\/div>\n\t\t\t\t<div class=\"elementor-element elementor-element-3bc77863 elementor-align-left elementor-widget elementor-widget-button\" data-id=\"3bc77863\" data-element_type=\"widget\" data-e-type=\"widget\" data-widget_type=\"button.default\">\n\t\t\t\t<div class=\"elementor-widget-container\">\n\t\t\t\t\t\t\t\t\t<div class=\"elementor-button-wrapper\">\n\t\t\t\t\t<a class=\"elementor-button elementor-button-link elementor-size-md\" href=\"https:\/\/www.buehler.com\/mx\/productos\/esmerilado-y-pulido\/esmeriladoras-pulidoras\/amoladora-pulidora-minimet-1000\/\">\n\t\t\t\t\t\t<span class=\"elementor-button-content-wrapper\">\n\t\t\t\t\t\t\t\t\t<span class=\"elementor-button-text\">M\u00e1s<\/span>\n\t\t\t\t\t<\/span>\n\t\t\t\t\t<\/a>\n\t\t\t\t<\/div>\n\t\t\t\t\t\t\t\t<\/div>\n\t\t\t\t<\/div>\n\t\t\t\t\t<\/div>\n\t\t<\/div>\n\t\t\t\t\t<\/div>\n\t\t<\/section>\n\t\t\t\t<\/div>\n\t\t","protected":false},"excerpt":{"rendered":"<p>Esmeriladoras-pulidoras para preparaci\u00f3n de muestras metalogr\u00e1ficas Buehler ofrece una l\u00ednea completa de m\u00e1quinas f\u00e1ciles de usar. Esmeriladoras-pulidoras EcoMet 30 y AutoMet para proporcionar la soluci\u00f3n perfecta para su laboratorio. Membrana pulidora AutoMet\u2122 250 AutoMet 250 es una esmeriladora-pulidora avanzada con m\u00e1s potencia para adaptarse a una mayor capacidad para entornos de alto volumen. Los sencillos [&hellip;]<\/p>\n","protected":false},"author":1,"featured_media":0,"parent":6554,"menu_order":0,"comment_status":"closed","ping_status":"closed","template":"elementor_header_footer","meta":{"footnotes":""},"class_list":["post-6556","page","type-page","status-publish","hentry"],"_links":{"self":[{"href":"https:\/\/www.buehler.com\/mx\/wp-json\/wp\/v2\/pages\/6556","targetHints":{"allow":["GET"]}}],"collection":[{"href":"https:\/\/www.buehler.com\/mx\/wp-json\/wp\/v2\/pages"}],"about":[{"href":"https:\/\/www.buehler.com\/mx\/wp-json\/wp\/v2\/types\/page"}],"author":[{"embeddable":true,"href":"https:\/\/www.buehler.com\/mx\/wp-json\/wp\/v2\/users\/1"}],"replies":[{"embeddable":true,"href":"https:\/\/www.buehler.com\/mx\/wp-json\/wp\/v2\/comments?post=6556"}],"version-history":[{"count":32,"href":"https:\/\/www.buehler.com\/mx\/wp-json\/wp\/v2\/pages\/6556\/revisions"}],"predecessor-version":[{"id":19292,"href":"https:\/\/www.buehler.com\/mx\/wp-json\/wp\/v2\/pages\/6556\/revisions\/19292"}],"up":[{"embeddable":true,"href":"https:\/\/www.buehler.com\/mx\/wp-json\/wp\/v2\/pages\/6554"}],"wp:attachment":[{"href":"https:\/\/www.buehler.com\/mx\/wp-json\/wp\/v2\/media?parent=6556"}],"curies":[{"name":"wp","href":"https:\/\/api.w.org\/{rel}","templated":true}]}}