{"id":4910,"date":"2021-09-29T12:19:52","date_gmt":"2021-09-29T17:19:52","guid":{"rendered":"https:\/\/buehler.com\/mx\/?page_id=4910"},"modified":"2022-04-14T14:05:26","modified_gmt":"2022-04-14T19:05:26","slug":"montaje-moldeable","status":"publish","type":"page","link":"https:\/\/www.buehler.com\/mx\/productos\/montaje\/montaje-moldeable\/","title":{"rendered":"Montaje Moldeable"},"content":{"rendered":"\t\t<div data-elementor-type=\"wp-page\" data-elementor-id=\"4910\" class=\"elementor elementor-4910\" data-elementor-post-type=\"page\">\n\t\t\t\t\t\t<section data-particle_enable=\"false\" data-particle-mobile-disabled=\"false\" class=\"elementor-section elementor-top-section elementor-element elementor-element-56fb91bc elementor-section-full_width elementor-section-height-default elementor-section-height-default\" data-id=\"56fb91bc\" data-element_type=\"section\" data-e-type=\"section\">\n\t\t\t\t\t\t<div class=\"elementor-container elementor-column-gap-default\">\n\t\t\t\t\t<div class=\"elementor-column elementor-col-100 elementor-top-column elementor-element elementor-element-277609ae\" data-id=\"277609ae\" data-element_type=\"column\" data-e-type=\"column\">\n\t\t\t<div class=\"elementor-widget-wrap elementor-element-populated\">\n\t\t\t\t\t\t<div class=\"elementor-element elementor-element-13edeb0e elementor-widget elementor-widget-heading\" data-id=\"13edeb0e\" data-element_type=\"widget\" data-e-type=\"widget\" data-widget_type=\"heading.default\">\n\t\t\t\t<div class=\"elementor-widget-container\">\n\t\t\t\t\t<h1 class=\"elementor-heading-title elementor-size-default\">M\u00e1quinas de montaje calcinable para preparaci\u00f3n de muestras metalogr\u00e1ficas<\/h1>\t\t\t\t<\/div>\n\t\t\t\t<\/div>\n\t\t\t\t\t<\/div>\n\t\t<\/div>\n\t\t\t\t\t<\/div>\n\t\t<\/section>\n\t\t\t\t<section data-particle_enable=\"false\" data-particle-mobile-disabled=\"false\" class=\"elementor-section elementor-top-section elementor-element elementor-element-6992795b elementor-section-boxed elementor-section-height-default elementor-section-height-default\" data-id=\"6992795b\" data-element_type=\"section\" data-e-type=\"section\">\n\t\t\t\t\t\t<div class=\"elementor-container elementor-column-gap-default\">\n\t\t\t\t\t<div class=\"elementor-column elementor-col-100 elementor-top-column elementor-element elementor-element-303ece8e\" data-id=\"303ece8e\" data-element_type=\"column\" data-e-type=\"column\">\n\t\t\t<div class=\"elementor-widget-wrap elementor-element-populated\">\n\t\t\t\t\t\t<div class=\"elementor-element elementor-element-cfa2031 elementor-widget elementor-widget-text-editor\" data-id=\"cfa2031\" data-element_type=\"widget\" data-e-type=\"widget\" data-widget_type=\"text-editor.default\">\n\t\t\t\t<div class=\"elementor-widget-container\">\n\t\t\t\t\t\t\t\t\t<p>Prensas de montaje por compresi\u00f3n automatizadas, sistemas de vac\u00edo y m\u00e1s de 20 tipos de medios de montaje. El montaje de sus muestras es importante para facilitar el manejo y la conservaci\u00f3n del borde de la muestra. Al decidir qu\u00e9 t\u00e9cnica de montaje usar, tenga en cuenta el tama\u00f1o y la geometr\u00eda de su pieza, la susceptibilidad de la pieza al calor y la presi\u00f3n, y el rendimiento deseado.<\/p>\t\t\t\t\t\t\t\t<\/div>\n\t\t\t\t<\/div>\n\t\t\t\t<div class=\"elementor-element elementor-element-50516f1f elementor-position-left elementor-vertical-align-middle elementor-widget elementor-widget-image-box\" data-id=\"50516f1f\" data-element_type=\"widget\" data-e-type=\"widget\" data-widget_type=\"image-box.default\">\n\t\t\t\t<div class=\"elementor-widget-container\">\n\t\t\t\t\t<div class=\"elementor-image-box-wrapper\"><figure class=\"elementor-image-box-img\"><img fetchpriority=\"high\" decoding=\"async\" width=\"600\" height=\"600\" src=\"https:\/\/www.buehler.com\/mx\/wp-content\/uploads\/sites\/8\/2021\/08\/SimpliVac-Front.png\" class=\"attachment-full size-full wp-image-1619\" alt=\"SimpliVac\u00ae\" srcset=\"https:\/\/www.buehler.com\/mx\/wp-content\/uploads\/sites\/8\/2021\/08\/SimpliVac-Front.png 600w, https:\/\/www.buehler.com\/mx\/wp-content\/uploads\/sites\/8\/2021\/08\/SimpliVac-Front-300x300.png 300w, https:\/\/www.buehler.com\/mx\/wp-content\/uploads\/sites\/8\/2021\/08\/SimpliVac-Front-150x150.png 150w\" sizes=\"(max-width: 600px) 100vw, 600px\" \/><\/figure><div class=\"elementor-image-box-content\"><h2 class=\"elementor-image-box-title\">SimpliVac\u2122 Vacuum System<\/h2><p class=\"elementor-image-box-description\">Nuestro nuevo sistema de vac\u00edo con ciclo \u00fanico \u00fanico capacidades, ofrece una excelente impregnaci\u00f3n de poros en un formato compacto. Usando su fuente de aire comprimido, este sistema aspira r\u00e1pida y eficientemente un vac\u00edo para evacuar el aire atrapado de cualquier muestra porosa, lo que resulta en retenci\u00f3n de bordes optimizada y soporte adicional para procesamiento de muestras delicadas.<\/p><\/div><\/div>\t\t\t\t<\/div>\n\t\t\t\t<\/div>\n\t\t\t\t<div class=\"elementor-element elementor-element-9753913 elementor-align-left elementor-widget elementor-widget-button\" data-id=\"9753913\" data-element_type=\"widget\" data-e-type=\"widget\" data-widget_type=\"button.default\">\n\t\t\t\t<div class=\"elementor-widget-container\">\n\t\t\t\t\t\t\t\t\t<div class=\"elementor-button-wrapper\">\n\t\t\t\t\t<a class=\"elementor-button elementor-button-link elementor-size-md\" href=\"https:\/\/www.buehler.com\/mx\/productos\/montaje\/montaje-moldeable\/sistema-de-vacio-simplivac\/\">\n\t\t\t\t\t\t<span class=\"elementor-button-content-wrapper\">\n\t\t\t\t\t\t\t\t\t<span class=\"elementor-button-text\">Ver sistema de vac\u00edo SimpliVac<\/span>\n\t\t\t\t\t<\/span>\n\t\t\t\t\t<\/a>\n\t\t\t\t<\/div>\n\t\t\t\t\t\t\t\t<\/div>\n\t\t\t\t<\/div>\n\t\t\t\t\t<\/div>\n\t\t<\/div>\n\t\t\t\t\t<\/div>\n\t\t<\/section>\n\t\t\t\t<\/div>\n\t\t","protected":false},"excerpt":{"rendered":"<p>M\u00e1quinas de montaje calcinable para preparaci\u00f3n de muestras metalogr\u00e1ficas Prensas de montaje por compresi\u00f3n automatizadas, sistemas de vac\u00edo y m\u00e1s de 20 tipos de medios de montaje. El montaje de sus muestras es importante para facilitar el manejo y la conservaci\u00f3n del borde de la muestra. Al decidir qu\u00e9 t\u00e9cnica de montaje usar, tenga en [&hellip;]<\/p>\n","protected":false},"author":1,"featured_media":0,"parent":4904,"menu_order":0,"comment_status":"closed","ping_status":"closed","template":"elementor_header_footer","meta":{"footnotes":""},"class_list":["post-4910","page","type-page","status-publish","hentry"],"_links":{"self":[{"href":"https:\/\/www.buehler.com\/mx\/wp-json\/wp\/v2\/pages\/4910","targetHints":{"allow":["GET"]}}],"collection":[{"href":"https:\/\/www.buehler.com\/mx\/wp-json\/wp\/v2\/pages"}],"about":[{"href":"https:\/\/www.buehler.com\/mx\/wp-json\/wp\/v2\/types\/page"}],"author":[{"embeddable":true,"href":"https:\/\/www.buehler.com\/mx\/wp-json\/wp\/v2\/users\/1"}],"replies":[{"embeddable":true,"href":"https:\/\/www.buehler.com\/mx\/wp-json\/wp\/v2\/comments?post=4910"}],"version-history":[{"count":19,"href":"https:\/\/www.buehler.com\/mx\/wp-json\/wp\/v2\/pages\/4910\/revisions"}],"predecessor-version":[{"id":17282,"href":"https:\/\/www.buehler.com\/mx\/wp-json\/wp\/v2\/pages\/4910\/revisions\/17282"}],"up":[{"embeddable":true,"href":"https:\/\/www.buehler.com\/mx\/wp-json\/wp\/v2\/pages\/4904"}],"wp:attachment":[{"href":"https:\/\/www.buehler.com\/mx\/wp-json\/wp\/v2\/media?parent=4910"}],"curies":[{"name":"wp","href":"https:\/\/api.w.org\/{rel}","templated":true}]}}