{"id":4610,"date":"2021-09-23T10:29:33","date_gmt":"2021-09-23T15:29:33","guid":{"rendered":"https:\/\/buehler.com\/mx\/?page_id=4610"},"modified":"2022-04-14T14:03:10","modified_gmt":"2022-04-14T19:03:10","slug":"cortadoras-de-precision","status":"publish","type":"page","link":"https:\/\/www.buehler.com\/mx\/productos\/seccionamiento\/cortadoras-de-precision\/","title":{"rendered":"Cortadoras de Precisi\u00f3n"},"content":{"rendered":"\t\t<div data-elementor-type=\"wp-page\" data-elementor-id=\"4610\" class=\"elementor elementor-4610\" data-elementor-post-type=\"page\">\n\t\t\t\t\t\t<section data-particle_enable=\"false\" data-particle-mobile-disabled=\"false\" class=\"elementor-section elementor-top-section elementor-element elementor-element-795337e elementor-section-full_width elementor-section-height-default elementor-section-height-default\" data-id=\"795337e\" data-element_type=\"section\" data-e-type=\"section\">\n\t\t\t\t\t\t<div class=\"elementor-container elementor-column-gap-default\">\n\t\t\t\t\t<div class=\"elementor-column elementor-col-100 elementor-top-column elementor-element elementor-element-5e36b496\" data-id=\"5e36b496\" data-element_type=\"column\" data-e-type=\"column\">\n\t\t\t<div class=\"elementor-widget-wrap elementor-element-populated\">\n\t\t\t\t\t\t<div class=\"elementor-element elementor-element-5fee9d12 elementor-widget elementor-widget-heading\" data-id=\"5fee9d12\" data-element_type=\"widget\" data-e-type=\"widget\" data-widget_type=\"heading.default\">\n\t\t\t\t<div class=\"elementor-widget-container\">\n\t\t\t\t\t<h1 class=\"elementor-heading-title elementor-size-default\">Cortadoras de precisi\u00f3n para la preparaci\u00f3n de muestras metalogr\u00e1ficas<\/h1>\t\t\t\t<\/div>\n\t\t\t\t<\/div>\n\t\t\t\t\t<\/div>\n\t\t<\/div>\n\t\t\t\t\t<\/div>\n\t\t<\/section>\n\t\t\t\t<section data-particle_enable=\"false\" data-particle-mobile-disabled=\"false\" class=\"elementor-section elementor-top-section elementor-element elementor-element-773bfdb5 elementor-section-boxed elementor-section-height-default elementor-section-height-default\" data-id=\"773bfdb5\" data-element_type=\"section\" data-e-type=\"section\">\n\t\t\t\t\t\t<div class=\"elementor-container elementor-column-gap-default\">\n\t\t\t\t\t<div class=\"elementor-column elementor-col-100 elementor-top-column elementor-element elementor-element-5fb6e922\" data-id=\"5fb6e922\" data-element_type=\"column\" data-e-type=\"column\">\n\t\t\t<div class=\"elementor-widget-wrap elementor-element-populated\">\n\t\t\t\t\t\t<div class=\"elementor-element elementor-element-1ae8c4 elementor-widget elementor-widget-text-editor\" data-id=\"1ae8c4\" data-element_type=\"widget\" data-e-type=\"widget\" data-widget_type=\"text-editor.default\">\n\t\t\t\t<div class=\"elementor-widget-container\">\n\t\t\t\t\t\t\t\t\t<p>Una gama completa de m\u00e1quinas de corte de precisi\u00f3n y sierras seccionadoras para pruebas metalogr\u00e1ficas. La preparaci\u00f3n de muestras para el examen microestructural comienza con un corte de calidad. El equipo adecuado con visos firmes y estables minimiza la profundidad de la deformaci\u00f3n en la superficie de la muestra. Las sierras de precisi\u00f3n ahorran tiempo al limitar el n\u00famero de pasos necesarios para analizar las muestras despu\u00e9s del corte. Encuentre el cortador de precisi\u00f3n adecuado para su aplicaci\u00f3n de prueba de materiales a continuaci\u00f3n.<\/p>\t\t\t\t\t\t\t\t<\/div>\n\t\t\t\t<\/div>\n\t\t\t\t<div class=\"elementor-element elementor-element-1aab2d15 elementor-position-left elementor-vertical-align-middle elementor-widget elementor-widget-image-box\" data-id=\"1aab2d15\" data-element_type=\"widget\" data-e-type=\"widget\" data-widget_type=\"image-box.default\">\n\t\t\t\t<div class=\"elementor-widget-container\">\n\t\t\t\t\t<div class=\"elementor-image-box-wrapper\"><figure class=\"elementor-image-box-img\"><img fetchpriority=\"high\" decoding=\"async\" width=\"600\" height=\"600\" src=\"https:\/\/www.buehler.com\/mx\/wp-content\/uploads\/sites\/8\/2021\/08\/IsoMet_HSPro-2.png\" class=\"attachment-full size-full wp-image-3155\" alt=\"IsoMet\u00ae High Speed Pro de alta velocidad Sierra de corte de Precisi\u00f3n\" srcset=\"https:\/\/www.buehler.com\/mx\/wp-content\/uploads\/sites\/8\/2021\/08\/IsoMet_HSPro-2.png 600w, https:\/\/www.buehler.com\/mx\/wp-content\/uploads\/sites\/8\/2021\/08\/IsoMet_HSPro-2-300x300.png 300w, https:\/\/www.buehler.com\/mx\/wp-content\/uploads\/sites\/8\/2021\/08\/IsoMet_HSPro-2-150x150.png 150w\" sizes=\"(max-width: 600px) 100vw, 600px\" \/><\/figure><div class=\"elementor-image-box-content\"><h2 class=\"elementor-image-box-title\">IsoMet High Speed Pro \u2013 IsoMet de alta velocidad Sierra de corte de precisi\u00f3n<\/h2><p class=\"elementor-image-box-description\">Buehler IsoMet High Speed Pro es una sierra de precisi\u00f3n de mesa que ofrece cortes eficientes y precisos con un control intuitivo. La m\u00e1quina y los dise\u00f1os de mordaza innovadores facilitan una preparaci\u00f3n m\u00e1s r\u00e1pida.<\/p><\/div><\/div>\t\t\t\t<\/div>\n\t\t\t\t<\/div>\n\t\t\t\t<div class=\"elementor-element elementor-element-5d686f05 elementor-align-left elementor-widget elementor-widget-button\" data-id=\"5d686f05\" data-element_type=\"widget\" data-e-type=\"widget\" data-widget_type=\"button.default\">\n\t\t\t\t<div class=\"elementor-widget-container\">\n\t\t\t\t\t\t\t\t\t<div class=\"elementor-button-wrapper\">\n\t\t\t\t\t<a class=\"elementor-button elementor-button-link elementor-size-md\" href=\"https:\/\/www.buehler.com\/mx\/productos\/seccionamiento\/cortadoras-de-precision\/isomet-high-speed-pro-isomet-de-alta-velocidad-sierra-de-corte-de-precision\/\">\n\t\t\t\t\t\t<span class=\"elementor-button-content-wrapper\">\n\t\t\t\t\t\t\t\t\t<span class=\"elementor-button-text\">Ver IsoMet de alta velocidad y alta velocidad Pro<\/span>\n\t\t\t\t\t<\/span>\n\t\t\t\t\t<\/a>\n\t\t\t\t<\/div>\n\t\t\t\t\t\t\t\t<\/div>\n\t\t\t\t<\/div>\n\t\t\t\t<div class=\"elementor-element elementor-element-4018b675 elementor-position-left elementor-vertical-align-middle elementor-widget elementor-widget-image-box\" data-id=\"4018b675\" data-element_type=\"widget\" data-e-type=\"widget\" data-widget_type=\"image-box.default\">\n\t\t\t\t<div class=\"elementor-widget-container\">\n\t\t\t\t\t<div class=\"elementor-image-box-wrapper\"><figure class=\"elementor-image-box-img\"><img decoding=\"async\" width=\"600\" height=\"485\" src=\"https:\/\/www.buehler.com\/mx\/wp-content\/uploads\/sites\/8\/2021\/09\/IsoMet-1000.jpg\" class=\"attachment-full size-full wp-image-3800\" alt=\"Cortadora de precisi\u00f3n IsoMet\u00ae\" srcset=\"https:\/\/www.buehler.com\/mx\/wp-content\/uploads\/sites\/8\/2021\/09\/IsoMet-1000.jpg 600w, https:\/\/www.buehler.com\/mx\/wp-content\/uploads\/sites\/8\/2021\/09\/IsoMet-1000-300x243.jpg 300w\" sizes=\"(max-width: 600px) 100vw, 600px\" \/><\/figure><div class=\"elementor-image-box-content\"><h3 class=\"elementor-image-box-title\">Cortadora de precisi\u00f3n IsoMet 1000<\/h3><p class=\"elementor-image-box-description\">IsoMet 1000 es una sierra de seccionamiento de precisi\u00f3n dise\u00f1ada para cortar diversos tipos de materiales con una deformaci\u00f3n m\u00ednima. Esta m\u00e1quina cortadora de precisi\u00f3n es ideal para las piezas delicadas al utilizar solo la fuerza de alimentaci\u00f3n por gravedad.<\/p><\/div><\/div>\t\t\t\t<\/div>\n\t\t\t\t<\/div>\n\t\t\t\t<div class=\"elementor-element elementor-element-4c158b62 elementor-align-left elementor-widget elementor-widget-button\" data-id=\"4c158b62\" data-element_type=\"widget\" data-e-type=\"widget\" data-widget_type=\"button.default\">\n\t\t\t\t<div class=\"elementor-widget-container\">\n\t\t\t\t\t\t\t\t\t<div class=\"elementor-button-wrapper\">\n\t\t\t\t\t<a class=\"elementor-button elementor-button-link elementor-size-md\" href=\"https:\/\/www.buehler.com\/mx\/productos\/seccionamiento\/cortadoras-de-precision\/cortadora-de-precision-isomet-1000\/\">\n\t\t\t\t\t\t<span class=\"elementor-button-content-wrapper\">\n\t\t\t\t\t\t\t\t\t<span class=\"elementor-button-text\">Ver IsoMet 1000<\/span>\n\t\t\t\t\t<\/span>\n\t\t\t\t\t<\/a>\n\t\t\t\t<\/div>\n\t\t\t\t\t\t\t\t<\/div>\n\t\t\t\t<\/div>\n\t\t\t\t<div class=\"elementor-element elementor-element-47052eb elementor-position-left elementor-vertical-align-middle elementor-widget elementor-widget-image-box\" data-id=\"47052eb\" data-element_type=\"widget\" data-e-type=\"widget\" data-widget_type=\"image-box.default\">\n\t\t\t\t<div class=\"elementor-widget-container\">\n\t\t\t\t\t<div class=\"elementor-image-box-wrapper\"><figure class=\"elementor-image-box-img\"><img decoding=\"async\" width=\"600\" height=\"600\" src=\"https:\/\/www.buehler.com\/mx\/wp-content\/uploads\/sites\/8\/2021\/09\/IsoMet-Low-Speed-Saw.png\" class=\"attachment-full size-full wp-image-3617\" alt=\"Cortador de precisi\u00f3n de baja velocidad IsoMet\u00ae\" srcset=\"https:\/\/www.buehler.com\/mx\/wp-content\/uploads\/sites\/8\/2021\/09\/IsoMet-Low-Speed-Saw.png 600w, https:\/\/www.buehler.com\/mx\/wp-content\/uploads\/sites\/8\/2021\/09\/IsoMet-Low-Speed-Saw-300x300.png 300w, https:\/\/www.buehler.com\/mx\/wp-content\/uploads\/sites\/8\/2021\/09\/IsoMet-Low-Speed-Saw-150x150.png 150w\" sizes=\"(max-width: 600px) 100vw, 600px\" \/><\/figure><div class=\"elementor-image-box-content\"><h4 class=\"elementor-image-box-title\">Cortador de precisi\u00f3n de baja velocidad IsoMet\u2122 <\/h4><p class=\"elementor-image-box-description\">La m\u00e1quina cortadora IsoMet de baja velocidad Buehler es una sierra de seccionamiento de precisi\u00f3n que est\u00e1 dise\u00f1ada para cortar diversos tipos de materiales con una deformaci\u00f3n m\u00ednima. <\/p><\/div><\/div>\t\t\t\t<\/div>\n\t\t\t\t<\/div>\n\t\t\t\t<div class=\"elementor-element elementor-element-f70c85b elementor-align-left elementor-widget elementor-widget-button\" data-id=\"f70c85b\" data-element_type=\"widget\" data-e-type=\"widget\" data-widget_type=\"button.default\">\n\t\t\t\t<div class=\"elementor-widget-container\">\n\t\t\t\t\t\t\t\t\t<div class=\"elementor-button-wrapper\">\n\t\t\t\t\t<a class=\"elementor-button elementor-button-link elementor-size-md\" href=\"https:\/\/www.buehler.com\/mx\/productos\/seccionamiento\/cortadoras-de-precision\/cortador-de-precision-de-baja-velocidad-isomet\/\">\n\t\t\t\t\t\t<span class=\"elementor-button-content-wrapper\">\n\t\t\t\t\t\t\t\t\t<span class=\"elementor-button-text\">Ver IsoMet de baja velocidad<\/span>\n\t\t\t\t\t<\/span>\n\t\t\t\t\t<\/a>\n\t\t\t\t<\/div>\n\t\t\t\t\t\t\t\t<\/div>\n\t\t\t\t<\/div>\n\t\t\t\t<div class=\"elementor-element elementor-element-1e0c0ae elementor-position-left elementor-vertical-align-middle elementor-widget elementor-widget-image-box\" data-id=\"1e0c0ae\" data-element_type=\"widget\" data-e-type=\"widget\" data-widget_type=\"image-box.default\">\n\t\t\t\t<div class=\"elementor-widget-container\">\n\t\t\t\t\t<div class=\"elementor-image-box-wrapper\"><figure class=\"elementor-image-box-img\"><img loading=\"lazy\" decoding=\"async\" width=\"600\" height=\"600\" src=\"https:\/\/www.buehler.com\/mx\/wp-content\/uploads\/sites\/8\/2021\/09\/Petro-Thin-Inside.png\" class=\"attachment-full size-full wp-image-4008\" alt=\"M\u00e1quina de seccionamiento delgado PetroThin\u00ae\" srcset=\"https:\/\/www.buehler.com\/mx\/wp-content\/uploads\/sites\/8\/2021\/09\/Petro-Thin-Inside.png 600w, https:\/\/www.buehler.com\/mx\/wp-content\/uploads\/sites\/8\/2021\/09\/Petro-Thin-Inside-300x300.png 300w, https:\/\/www.buehler.com\/mx\/wp-content\/uploads\/sites\/8\/2021\/09\/Petro-Thin-Inside-150x150.png 150w\" sizes=\"(max-width: 600px) 100vw, 600px\" \/><\/figure><div class=\"elementor-image-box-content\"><h4 class=\"elementor-image-box-title\">M\u00e1quina de seccionamiento delgado- PetroThin <\/h4><p class=\"elementor-image-box-description\">El sistema de seccionamiento delgado PetroThin es una m\u00e1quina cortadora de seccionamiento delgado de precisi\u00f3nprecisa f\u00e1cil de utilizar para reseccionar y angostar una diversa variedad de muestras, como rocas y minerales, cer\u00e1micas, hormig\u00f3n, hueso y dientes para la caracterizaci\u00f3n de materiales.<\/p><\/div><\/div>\t\t\t\t<\/div>\n\t\t\t\t<\/div>\n\t\t\t\t<div class=\"elementor-element elementor-element-4a058a60 elementor-align-left elementor-widget elementor-widget-button\" data-id=\"4a058a60\" data-element_type=\"widget\" data-e-type=\"widget\" data-widget_type=\"button.default\">\n\t\t\t\t<div class=\"elementor-widget-container\">\n\t\t\t\t\t\t\t\t\t<div class=\"elementor-button-wrapper\">\n\t\t\t\t\t<a class=\"elementor-button elementor-button-link elementor-size-md\" href=\"https:\/\/www.buehler.com\/mx\/productos\/seccionamiento\/cortadoras-de-precision\/maquina-de-seccionamiento-delgado-petrothin\/\">\n\t\t\t\t\t\t<span class=\"elementor-button-content-wrapper\">\n\t\t\t\t\t\t\t\t\t<span class=\"elementor-button-text\">Ver PetroThin<\/span>\n\t\t\t\t\t<\/span>\n\t\t\t\t\t<\/a>\n\t\t\t\t<\/div>\n\t\t\t\t\t\t\t\t<\/div>\n\t\t\t\t<\/div>\n\t\t\t\t\t<\/div>\n\t\t<\/div>\n\t\t\t\t\t<\/div>\n\t\t<\/section>\n\t\t\t\t<\/div>\n\t\t","protected":false},"excerpt":{"rendered":"<p>Cortadoras de precisi\u00f3n para la preparaci\u00f3n de muestras metalogr\u00e1ficas Una gama completa de m\u00e1quinas de corte de precisi\u00f3n y sierras seccionadoras para pruebas metalogr\u00e1ficas. La preparaci\u00f3n de muestras para el examen microestructural comienza con un corte de calidad. El equipo adecuado con visos firmes y estables minimiza la profundidad de la deformaci\u00f3n en la superficie [&hellip;]<\/p>\n","protected":false},"author":1,"featured_media":0,"parent":2011,"menu_order":0,"comment_status":"closed","ping_status":"closed","template":"elementor_header_footer","meta":{"footnotes":""},"class_list":["post-4610","page","type-page","status-publish","hentry"],"_links":{"self":[{"href":"https:\/\/www.buehler.com\/mx\/wp-json\/wp\/v2\/pages\/4610","targetHints":{"allow":["GET"]}}],"collection":[{"href":"https:\/\/www.buehler.com\/mx\/wp-json\/wp\/v2\/pages"}],"about":[{"href":"https:\/\/www.buehler.com\/mx\/wp-json\/wp\/v2\/types\/page"}],"author":[{"embeddable":true,"href":"https:\/\/www.buehler.com\/mx\/wp-json\/wp\/v2\/users\/1"}],"replies":[{"embeddable":true,"href":"https:\/\/www.buehler.com\/mx\/wp-json\/wp\/v2\/comments?post=4610"}],"version-history":[{"count":34,"href":"https:\/\/www.buehler.com\/mx\/wp-json\/wp\/v2\/pages\/4610\/revisions"}],"predecessor-version":[{"id":17270,"href":"https:\/\/www.buehler.com\/mx\/wp-json\/wp\/v2\/pages\/4610\/revisions\/17270"}],"up":[{"embeddable":true,"href":"https:\/\/www.buehler.com\/mx\/wp-json\/wp\/v2\/pages\/2011"}],"wp:attachment":[{"href":"https:\/\/www.buehler.com\/mx\/wp-json\/wp\/v2\/media?parent=4610"}],"curies":[{"name":"wp","href":"https:\/\/api.w.org\/{rel}","templated":true}]}}