{"id":4188,"date":"2021-09-13T14:35:41","date_gmt":"2021-09-13T19:35:41","guid":{"rendered":"https:\/\/buehler.com\/mx\/?page_id=4188"},"modified":"2023-09-25T16:22:15","modified_gmt":"2023-09-25T21:22:15","slug":"cortadoras-abrasivas","status":"publish","type":"page","link":"https:\/\/www.buehler.com\/mx\/productos\/seccionamiento\/cortadoras-abrasivas\/","title":{"rendered":"Cortadoras abrasivas"},"content":{"rendered":"\t\t<div data-elementor-type=\"wp-page\" data-elementor-id=\"4188\" class=\"elementor elementor-4188\" data-elementor-post-type=\"page\">\n\t\t\t\t\t\t<section data-particle_enable=\"false\" data-particle-mobile-disabled=\"false\" class=\"elementor-section elementor-top-section elementor-element elementor-element-596966aa elementor-section-full_width elementor-section-height-default elementor-section-height-default\" data-id=\"596966aa\" data-element_type=\"section\" data-e-type=\"section\">\n\t\t\t\t\t\t<div class=\"elementor-container elementor-column-gap-default\">\n\t\t\t\t\t<div class=\"elementor-column elementor-col-100 elementor-top-column elementor-element elementor-element-2958d8bf\" data-id=\"2958d8bf\" data-element_type=\"column\" data-e-type=\"column\">\n\t\t\t<div class=\"elementor-widget-wrap elementor-element-populated\">\n\t\t\t\t\t\t<div class=\"elementor-element elementor-element-658e804d elementor-widget elementor-widget-heading\" data-id=\"658e804d\" data-element_type=\"widget\" data-e-type=\"widget\" data-widget_type=\"heading.default\">\n\t\t\t\t<div class=\"elementor-widget-container\">\n\t\t\t\t\t<h1 class=\"elementor-heading-title elementor-size-default\">Cortadores abrasivos para la preparaci\u00f3n de muestras metalogr\u00e1ficas<\/h1>\t\t\t\t<\/div>\n\t\t\t\t<\/div>\n\t\t\t\t\t<\/div>\n\t\t<\/div>\n\t\t\t\t\t<\/div>\n\t\t<\/section>\n\t\t\t\t<section data-particle_enable=\"false\" data-particle-mobile-disabled=\"false\" class=\"elementor-section elementor-top-section elementor-element elementor-element-3de074aa elementor-section-boxed elementor-section-height-default elementor-section-height-default\" data-id=\"3de074aa\" data-element_type=\"section\" data-e-type=\"section\">\n\t\t\t\t\t\t<div class=\"elementor-container elementor-column-gap-default\">\n\t\t\t\t\t<div class=\"elementor-column elementor-col-100 elementor-top-column elementor-element elementor-element-14a5e0cb\" data-id=\"14a5e0cb\" data-element_type=\"column\" data-e-type=\"column\">\n\t\t\t<div class=\"elementor-widget-wrap elementor-element-populated\">\n\t\t\t\t\t\t<div class=\"elementor-element elementor-element-5c97376c elementor-widget elementor-widget-text-editor\" data-id=\"5c97376c\" data-element_type=\"widget\" data-e-type=\"widget\" data-widget_type=\"text-editor.default\">\n\t\t\t\t<div class=\"elementor-widget-container\">\n\t\t\t\t\t\t\t\t\t<p>Nuestros cortadores autom\u00e1ticos abrasivos permiten cortes repetibles y consistentes con corte autom\u00e1tico. Son capaces de cortar muestras r\u00e1pidamente sin comprometer la calidad del corte con m\u00e9todos de contacto de \u00e1rea m\u00ednima.<\/p>\t\t\t\t\t\t\t\t<\/div>\n\t\t\t\t<\/div>\n\t\t\t\t<div class=\"elementor-element elementor-element-2b5f08c3 elementor-position-left elementor-vertical-align-middle elementor-widget elementor-widget-image-box\" data-id=\"2b5f08c3\" data-element_type=\"widget\" data-e-type=\"widget\" data-widget_type=\"image-box.default\">\n\t\t\t\t<div class=\"elementor-widget-container\">\n\t\t\t\t\t<div class=\"elementor-image-box-wrapper\"><figure class=\"elementor-image-box-img\"><img fetchpriority=\"high\" decoding=\"async\" width=\"600\" height=\"600\" src=\"https:\/\/www.buehler.com\/mx\/wp-content\/uploads\/sites\/8\/2023\/09\/AbrasiMet-L-Pro-3qtrs.png\" class=\"attachment-full size-full wp-image-18472\" alt=\"Sierra de Corte Abrasiva Autom\u00e1tica AbrasiMet\u00ae\u00a0L Pro\" srcset=\"https:\/\/www.buehler.com\/mx\/wp-content\/uploads\/sites\/8\/2023\/09\/AbrasiMet-L-Pro-3qtrs.png 600w, https:\/\/www.buehler.com\/mx\/wp-content\/uploads\/sites\/8\/2023\/09\/AbrasiMet-L-Pro-3qtrs-300x300.png 300w, https:\/\/www.buehler.com\/mx\/wp-content\/uploads\/sites\/8\/2023\/09\/AbrasiMet-L-Pro-3qtrs-150x150.png 150w\" sizes=\"(max-width: 600px) 100vw, 600px\" \/><\/figure><div class=\"elementor-image-box-content\"><h2 class=\"elementor-image-box-title\">Sierra de Corte Abrasiva Autom\u00e1tica AbrasiMet<sup>\u00ae<\/sup>\u00a0L Pro<\/h2><p class=\"elementor-image-box-description\">La tron\u00e7onneuse abrasive automatique AbrasiMet\u00a0L Pro est une scie de d\u00e9coupe 14\u2033 haute performance, con\u00e7ue pour \u00eatre intuitive, avanc\u00e9e et fiable. En version pour \u00e9tabli ou au sol, nous avons la solution qui conviendra \u00e0 vos besoins. Combinez-la avec les disques abrasifs pour obtenir une solution de d\u00e9coupe compl\u00e8te qui vous fournira une qualit\u00e9 d\u2019\u00e9chantillonnage optimale et r\u00e9duira vos temps de traitement.<\/p><\/div><\/div>\t\t\t\t<\/div>\n\t\t\t\t<\/div>\n\t\t\t\t<div class=\"elementor-element elementor-element-25d0038b elementor-align-left elementor-widget elementor-widget-button\" data-id=\"25d0038b\" data-element_type=\"widget\" data-e-type=\"widget\" data-widget_type=\"button.default\">\n\t\t\t\t<div class=\"elementor-widget-container\">\n\t\t\t\t\t\t\t\t\t<div class=\"elementor-button-wrapper\">\n\t\t\t\t\t<a class=\"elementor-button elementor-button-link elementor-size-md\" href=\"https:\/\/www.buehler.com\/mx\/productos\/seccionamiento\/cortadoras-abrasivas\/sierra-de-corte-abrasiva-automatica-abrasimet-l-pro\/\">\n\t\t\t\t\t\t<span class=\"elementor-button-content-wrapper\">\n\t\t\t\t\t\t\t\t\t<span class=\"elementor-button-text\">Ver AbrasiMet L Pro<\/span>\n\t\t\t\t\t<\/span>\n\t\t\t\t\t<\/a>\n\t\t\t\t<\/div>\n\t\t\t\t\t\t\t\t<\/div>\n\t\t\t\t<\/div>\n\t\t\t\t<div class=\"elementor-element elementor-element-e617d5d elementor-position-left elementor-vertical-align-middle elementor-widget elementor-widget-image-box\" data-id=\"e617d5d\" data-element_type=\"widget\" data-e-type=\"widget\" data-widget_type=\"image-box.default\">\n\t\t\t\t<div class=\"elementor-widget-container\">\n\t\t\t\t\t<div class=\"elementor-image-box-wrapper\"><figure class=\"elementor-image-box-img\"><img decoding=\"async\" width=\"600\" height=\"600\" src=\"https:\/\/www.buehler.com\/mx\/wp-content\/uploads\/sites\/8\/2021\/07\/AbrasiMet-XL-Pro-Front.png\" class=\"attachment-full size-full wp-image-1058\" alt=\"Cortador abrasivo autom\u00e1tico AbrasiMet XL Pro\" srcset=\"https:\/\/www.buehler.com\/mx\/wp-content\/uploads\/sites\/8\/2021\/07\/AbrasiMet-XL-Pro-Front.png 600w, https:\/\/www.buehler.com\/mx\/wp-content\/uploads\/sites\/8\/2021\/07\/AbrasiMet-XL-Pro-Front-300x300.png 300w, https:\/\/www.buehler.com\/mx\/wp-content\/uploads\/sites\/8\/2021\/07\/AbrasiMet-XL-Pro-Front-150x150.png 150w\" sizes=\"(max-width: 600px) 100vw, 600px\" \/><\/figure><div class=\"elementor-image-box-content\"><h2 class=\"elementor-image-box-title\">Cortador abrasivo autom\u00e1tico AbrasiMet<sup>\u00ae<\/sup> XL Pro<\/h2><p class=\"elementor-image-box-description\">La AbrasiMet XL Pro es una m\u00e1quina de corte abrasivo autom\u00e1tico de pie para discos desde 14 pulgadas [356 mm] a 18 pulgadas [457 mm] que proporciona una calidad de corte constante y repetible para muestras de gran di\u00e1metro.<\/p><\/div><\/div>\t\t\t\t<\/div>\n\t\t\t\t<\/div>\n\t\t\t\t<div class=\"elementor-element elementor-element-ba1f39d elementor-align-left elementor-widget elementor-widget-button\" data-id=\"ba1f39d\" data-element_type=\"widget\" data-e-type=\"widget\" data-widget_type=\"button.default\">\n\t\t\t\t<div class=\"elementor-widget-container\">\n\t\t\t\t\t\t\t\t\t<div class=\"elementor-button-wrapper\">\n\t\t\t\t\t<a class=\"elementor-button elementor-button-link elementor-size-md\" href=\"https:\/\/www.buehler.com\/mx\/productos\/seccionamiento\/cortadoras-abrasivas\/cortador-abrasivo-automatico-abrasimet-xl-pro\/\">\n\t\t\t\t\t\t<span class=\"elementor-button-content-wrapper\">\n\t\t\t\t\t\t\t\t\t<span class=\"elementor-button-text\">Ver AbrasiMet XL Pro<\/span>\n\t\t\t\t\t<\/span>\n\t\t\t\t\t<\/a>\n\t\t\t\t<\/div>\n\t\t\t\t\t\t\t\t<\/div>\n\t\t\t\t<\/div>\n\t\t\t\t<div class=\"elementor-element elementor-element-187112ba elementor-position-left elementor-vertical-align-middle elementor-widget elementor-widget-image-box\" data-id=\"187112ba\" data-element_type=\"widget\" data-e-type=\"widget\" data-widget_type=\"image-box.default\">\n\t\t\t\t<div class=\"elementor-widget-container\">\n\t\t\t\t\t<div class=\"elementor-image-box-wrapper\"><figure class=\"elementor-image-box-img\"><img decoding=\"async\" width=\"600\" height=\"600\" src=\"https:\/\/www.buehler.com\/mx\/wp-content\/uploads\/sites\/8\/2021\/08\/AbrasiMet-M_Front.png\" class=\"attachment-full size-full wp-image-1856\" alt=\"Cortador abrasivo manual AbrasiMet M\" srcset=\"https:\/\/www.buehler.com\/mx\/wp-content\/uploads\/sites\/8\/2021\/08\/AbrasiMet-M_Front.png 600w, https:\/\/www.buehler.com\/mx\/wp-content\/uploads\/sites\/8\/2021\/08\/AbrasiMet-M_Front-300x300.png 300w, https:\/\/www.buehler.com\/mx\/wp-content\/uploads\/sites\/8\/2021\/08\/AbrasiMet-M_Front-150x150.png 150w\" sizes=\"(max-width: 600px) 100vw, 600px\" \/><\/figure><div class=\"elementor-image-box-content\"><h3 class=\"elementor-image-box-title\">Cortador abrasivo manual AbrasiMet<sup>\u00ae<\/sup> M<\/h3><p class=\"elementor-image-box-description\">La AbrasiMet M es una m\u00e1quina de corte manual de mesa para discos de 10 pulgadas [254 mm] y 12 pulgadas [305 mm] que proporciona resultados consistentes.<\/p><\/div><\/div>\t\t\t\t<\/div>\n\t\t\t\t<\/div>\n\t\t\t\t<div class=\"elementor-element elementor-element-392655dc elementor-align-left elementor-widget elementor-widget-button\" data-id=\"392655dc\" data-element_type=\"widget\" data-e-type=\"widget\" data-widget_type=\"button.default\">\n\t\t\t\t<div class=\"elementor-widget-container\">\n\t\t\t\t\t\t\t\t\t<div class=\"elementor-button-wrapper\">\n\t\t\t\t\t<a class=\"elementor-button elementor-button-link elementor-size-md\" href=\"https:\/\/www.buehler.com\/mx\/productos\/seccionamiento\/cortadoras-abrasivas\/cortador-abrasivo-manual-abrasimet-m\/\">\n\t\t\t\t\t\t<span class=\"elementor-button-content-wrapper\">\n\t\t\t\t\t\t\t\t\t<span class=\"elementor-button-text\">Ver AbrasiMet M<\/span>\n\t\t\t\t\t<\/span>\n\t\t\t\t\t<\/a>\n\t\t\t\t<\/div>\n\t\t\t\t\t\t\t\t<\/div>\n\t\t\t\t<\/div>\n\t\t\t\t<div class=\"elementor-element elementor-element-cd73fb6 elementor-position-left elementor-vertical-align-middle elementor-widget elementor-widget-image-box\" data-id=\"cd73fb6\" data-element_type=\"widget\" data-e-type=\"widget\" data-widget_type=\"image-box.default\">\n\t\t\t\t<div class=\"elementor-widget-container\">\n\t\t\t\t\t<div class=\"elementor-image-box-wrapper\"><figure class=\"elementor-image-box-img\"><img loading=\"lazy\" decoding=\"async\" width=\"600\" height=\"600\" src=\"https:\/\/www.buehler.com\/mx\/wp-content\/uploads\/sites\/8\/2021\/08\/AbrasiMatic-300_600x600.jpg\" class=\"attachment-full size-full wp-image-1913\" alt=\"AbrasiMatic 300 Manual Abrasive Cutter\" srcset=\"https:\/\/www.buehler.com\/mx\/wp-content\/uploads\/sites\/8\/2021\/08\/AbrasiMatic-300_600x600.jpg 600w, https:\/\/www.buehler.com\/mx\/wp-content\/uploads\/sites\/8\/2021\/08\/AbrasiMatic-300_600x600-300x300.jpg 300w, https:\/\/www.buehler.com\/mx\/wp-content\/uploads\/sites\/8\/2021\/08\/AbrasiMatic-300_600x600-150x150.jpg 150w\" sizes=\"(max-width: 600px) 100vw, 600px\" \/><\/figure><div class=\"elementor-image-box-content\"><h4 class=\"elementor-image-box-title\">Cortador abrasivo AbrasiMatic<sup>\u00ae<\/sup> 300<\/h4><p class=\"elementor-image-box-description\">AbrasiMatic 300 es una m\u00e1quina cortadora abrasiva doble de banco. Este cortador abrasivo permite la variedad en la preparaci\u00f3n de muestras a fin de adecuarlas a cada proceso, con capacidades de corte abrasivo manual y autom\u00e1tico.<\/p><\/div><\/div>\t\t\t\t<\/div>\n\t\t\t\t<\/div>\n\t\t\t\t<div class=\"elementor-element elementor-element-cc4b6c6 elementor-align-left elementor-widget elementor-widget-button\" data-id=\"cc4b6c6\" data-element_type=\"widget\" data-e-type=\"widget\" data-widget_type=\"button.default\">\n\t\t\t\t<div class=\"elementor-widget-container\">\n\t\t\t\t\t\t\t\t\t<div class=\"elementor-button-wrapper\">\n\t\t\t\t\t<a class=\"elementor-button elementor-button-link elementor-size-md\" href=\"https:\/\/www.buehler.com\/mx\/productos\/seccionamiento\/cortadoras-abrasivas\/cortador-abrasivo-automatico-y-manual-abrasimatic-300\/\">\n\t\t\t\t\t\t<span class=\"elementor-button-content-wrapper\">\n\t\t\t\t\t\t\t\t\t<span class=\"elementor-button-text\">Ver AbrasiMatic 300<\/span>\n\t\t\t\t\t<\/span>\n\t\t\t\t\t<\/a>\n\t\t\t\t<\/div>\n\t\t\t\t\t\t\t\t<\/div>\n\t\t\t\t<\/div>\n\t\t\t\t\t<\/div>\n\t\t<\/div>\n\t\t\t\t\t<\/div>\n\t\t<\/section>\n\t\t\t\t<\/div>\n\t\t","protected":false},"excerpt":{"rendered":"<p>Cortadores abrasivos para la preparaci\u00f3n de muestras metalogr\u00e1ficas Nuestros cortadores autom\u00e1ticos abrasivos permiten cortes repetibles y consistentes con corte autom\u00e1tico. Son capaces de cortar muestras r\u00e1pidamente sin comprometer la calidad del corte con m\u00e9todos de contacto de \u00e1rea m\u00ednima. Sierra de Corte Abrasiva Autom\u00e1tica AbrasiMet\u00ae\u00a0L Pro La tron\u00e7onneuse abrasive automatique AbrasiMet\u00a0L Pro est une scie [&hellip;]<\/p>\n","protected":false},"author":1,"featured_media":0,"parent":2011,"menu_order":0,"comment_status":"closed","ping_status":"closed","template":"elementor_header_footer","meta":{"footnotes":""},"class_list":["post-4188","page","type-page","status-publish","hentry"],"_links":{"self":[{"href":"https:\/\/www.buehler.com\/mx\/wp-json\/wp\/v2\/pages\/4188","targetHints":{"allow":["GET"]}}],"collection":[{"href":"https:\/\/www.buehler.com\/mx\/wp-json\/wp\/v2\/pages"}],"about":[{"href":"https:\/\/www.buehler.com\/mx\/wp-json\/wp\/v2\/types\/page"}],"author":[{"embeddable":true,"href":"https:\/\/www.buehler.com\/mx\/wp-json\/wp\/v2\/users\/1"}],"replies":[{"embeddable":true,"href":"https:\/\/www.buehler.com\/mx\/wp-json\/wp\/v2\/comments?post=4188"}],"version-history":[{"count":29,"href":"https:\/\/www.buehler.com\/mx\/wp-json\/wp\/v2\/pages\/4188\/revisions"}],"predecessor-version":[{"id":18510,"href":"https:\/\/www.buehler.com\/mx\/wp-json\/wp\/v2\/pages\/4188\/revisions\/18510"}],"up":[{"embeddable":true,"href":"https:\/\/www.buehler.com\/mx\/wp-json\/wp\/v2\/pages\/2011"}],"wp:attachment":[{"href":"https:\/\/www.buehler.com\/mx\/wp-json\/wp\/v2\/media?parent=4188"}],"curies":[{"name":"wp","href":"https:\/\/api.w.org\/{rel}","templated":true}]}}