{"id":39,"date":"2021-06-23T21:16:26","date_gmt":"2021-06-24T02:16:26","guid":{"rendered":"https:\/\/buehler.com\/mx\/products\/"},"modified":"2022-04-14T13:29:17","modified_gmt":"2022-04-14T18:29:17","slug":"productos","status":"publish","type":"page","link":"https:\/\/www.buehler.com\/mx\/productos\/","title":{"rendered":"Productos"},"content":{"rendered":"\t\t<div data-elementor-type=\"wp-page\" data-elementor-id=\"39\" class=\"elementor elementor-39\" data-elementor-post-type=\"page\">\n\t\t\t\t\t\t<section data-particle_enable=\"false\" data-particle-mobile-disabled=\"false\" class=\"elementor-section elementor-top-section elementor-element elementor-element-7040f99a elementor-section-full_width elementor-section-height-min-height elementor-section-height-default elementor-section-items-middle\" data-id=\"7040f99a\" data-element_type=\"section\" data-e-type=\"section\" data-settings=\"{&quot;background_background&quot;:&quot;classic&quot;}\">\n\t\t\t\t\t\t<div class=\"elementor-container elementor-column-gap-default\">\n\t\t\t\t\t<div class=\"elementor-column elementor-col-100 elementor-top-column elementor-element elementor-element-67da47b2\" data-id=\"67da47b2\" data-element_type=\"column\" data-e-type=\"column\">\n\t\t\t<div class=\"elementor-widget-wrap elementor-element-populated\">\n\t\t\t\t\t\t<div class=\"elementor-element elementor-element-6ad47b9 elementor-widget elementor-widget-heading\" data-id=\"6ad47b9\" data-element_type=\"widget\" data-e-type=\"widget\" data-widget_type=\"heading.default\">\n\t\t\t\t<div class=\"elementor-widget-container\">\n\t\t\t\t\t<h1 class=\"elementor-heading-title elementor-size-default\">Productos Buehler para la preparaci\u00f3n de muestras metalogr\u00e1ficas<\/h1>\t\t\t\t<\/div>\n\t\t\t\t<\/div>\n\t\t\t\t\t<\/div>\n\t\t<\/div>\n\t\t\t\t\t<\/div>\n\t\t<\/section>\n\t\t\t\t<section data-particle_enable=\"false\" data-particle-mobile-disabled=\"false\" class=\"elementor-section elementor-top-section elementor-element elementor-element-53c9c66 elementor-section-boxed elementor-section-height-default elementor-section-height-default\" data-id=\"53c9c66\" data-element_type=\"section\" data-e-type=\"section\">\n\t\t\t\t\t\t<div class=\"elementor-container elementor-column-gap-default\">\n\t\t\t\t\t<div class=\"elementor-column elementor-col-100 elementor-top-column elementor-element elementor-element-1f8246ea\" data-id=\"1f8246ea\" data-element_type=\"column\" data-e-type=\"column\">\n\t\t\t<div class=\"elementor-widget-wrap elementor-element-populated\">\n\t\t\t\t\t\t<div class=\"elementor-element elementor-element-1d993601 elementor-widget elementor-widget-text-editor\" data-id=\"1d993601\" data-element_type=\"widget\" data-e-type=\"widget\" data-widget_type=\"text-editor.default\">\n\t\t\t\t<div class=\"elementor-widget-container\">\n\t\t\t\t\t\t\t\t\t<p>Buehler fue fundada en 1936 por el inmigrante suizo Adolph I. Buehler, quien vio la necesidad de equipos de preparaci\u00f3n de muestras metalogr\u00e1ficas e instrumentos de inspecci\u00f3n \u00f3ptica para las industrias del acero y del autom\u00f3vil en el Medio Oeste de los Estados Unidos. Ochenta a\u00f1os m\u00e1s tarde Buehler est\u00e1 establecido como el proveedor l\u00edder mundial de materiales de preparaci\u00f3n y an\u00e1lisis de instrumentos, equipos, consumibles y soluciones de aplicaci\u00f3n.<\/p>\t\t\t\t\t\t\t\t<\/div>\n\t\t\t\t<\/div>\n\t\t\t\t<div class=\"elementor-element elementor-element-173c8082 elementor-position-left elementor-vertical-align-middle elementor-widget elementor-widget-image-box\" data-id=\"173c8082\" data-element_type=\"widget\" data-e-type=\"widget\" data-widget_type=\"image-box.default\">\n\t\t\t\t<div class=\"elementor-widget-container\">\n\t\t\t\t\t<div class=\"elementor-image-box-wrapper\"><figure class=\"elementor-image-box-img\"><img fetchpriority=\"high\" decoding=\"async\" width=\"600\" height=\"600\" src=\"https:\/\/www.buehler.com\/mx\/wp-content\/uploads\/sites\/8\/2021\/08\/AbrasiMet-M_Front.png\" class=\"attachment-full size-full wp-image-1856\" alt=\"Cortador abrasivo manual AbrasiMet M\" srcset=\"https:\/\/www.buehler.com\/mx\/wp-content\/uploads\/sites\/8\/2021\/08\/AbrasiMet-M_Front.png 600w, https:\/\/www.buehler.com\/mx\/wp-content\/uploads\/sites\/8\/2021\/08\/AbrasiMet-M_Front-300x300.png 300w, https:\/\/www.buehler.com\/mx\/wp-content\/uploads\/sites\/8\/2021\/08\/AbrasiMet-M_Front-150x150.png 150w\" sizes=\"(max-width: 600px) 100vw, 600px\" \/><\/figure><div class=\"elementor-image-box-content\"><h2 class=\"elementor-image-box-title\">Seccionamiento<\/h2><p class=\"elementor-image-box-description\"> Una gama completa de m\u00e1quinas de corte abrasivo y de precisi\u00f3n y equipos de sierra de corte para pruebas de metalograf\u00eda.<\/p><\/div><\/div>\t\t\t\t<\/div>\n\t\t\t\t<\/div>\n\t\t\t\t<div class=\"elementor-element elementor-element-7799028b elementor-align-left elementor-widget elementor-widget-button\" data-id=\"7799028b\" data-element_type=\"widget\" data-e-type=\"widget\" data-widget_type=\"button.default\">\n\t\t\t\t<div class=\"elementor-widget-container\">\n\t\t\t\t\t\t\t\t\t<div class=\"elementor-button-wrapper\">\n\t\t\t\t\t<a class=\"elementor-button elementor-button-link elementor-size-md\" href=\"https:\/\/www.buehler.com\/mx\/productos\/seccionamiento\/\">\n\t\t\t\t\t\t<span class=\"elementor-button-content-wrapper\">\n\t\t\t\t\t\t\t\t\t<span class=\"elementor-button-text\">Ver todos los productos de seccionamiento<\/span>\n\t\t\t\t\t<\/span>\n\t\t\t\t\t<\/a>\n\t\t\t\t<\/div>\n\t\t\t\t\t\t\t\t<\/div>\n\t\t\t\t<\/div>\n\t\t\t\t<div class=\"elementor-element elementor-element-1e9c6d2 elementor-position-left elementor-vertical-align-middle elementor-widget elementor-widget-image-box\" data-id=\"1e9c6d2\" data-element_type=\"widget\" data-e-type=\"widget\" data-widget_type=\"image-box.default\">\n\t\t\t\t<div class=\"elementor-widget-container\">\n\t\t\t\t\t<div class=\"elementor-image-box-wrapper\"><figure class=\"elementor-image-box-img\"><img decoding=\"async\" width=\"600\" height=\"600\" src=\"https:\/\/www.buehler.com\/mx\/wp-content\/uploads\/sites\/8\/2021\/08\/SimpliVac-Front.png\" class=\"attachment-full size-full wp-image-1619\" alt=\"SimpliVac\u00ae\" srcset=\"https:\/\/www.buehler.com\/mx\/wp-content\/uploads\/sites\/8\/2021\/08\/SimpliVac-Front.png 600w, https:\/\/www.buehler.com\/mx\/wp-content\/uploads\/sites\/8\/2021\/08\/SimpliVac-Front-300x300.png 300w, https:\/\/www.buehler.com\/mx\/wp-content\/uploads\/sites\/8\/2021\/08\/SimpliVac-Front-150x150.png 150w\" sizes=\"(max-width: 600px) 100vw, 600px\" \/><\/figure><div class=\"elementor-image-box-content\"><h3 class=\"elementor-image-box-title\">Montaje<\/h3><p class=\"elementor-image-box-description\">Prensas de montaje de compresi\u00f3n automatizadas, sistemas de vac\u00edo y m\u00e1s de 20 tipos de medios de montaje.<\/p><\/div><\/div>\t\t\t\t<\/div>\n\t\t\t\t<\/div>\n\t\t\t\t<div class=\"elementor-element elementor-element-4cf89f3d elementor-align-left elementor-widget elementor-widget-button\" data-id=\"4cf89f3d\" data-element_type=\"widget\" data-e-type=\"widget\" data-widget_type=\"button.default\">\n\t\t\t\t<div class=\"elementor-widget-container\">\n\t\t\t\t\t\t\t\t\t<div class=\"elementor-button-wrapper\">\n\t\t\t\t\t<a class=\"elementor-button elementor-button-link elementor-size-md\" href=\"https:\/\/www.buehler.com\/mx\/productos\/montaje\/\">\n\t\t\t\t\t\t<span class=\"elementor-button-content-wrapper\">\n\t\t\t\t\t\t\t\t\t<span class=\"elementor-button-text\">Ver todos los productos de montaje<\/span>\n\t\t\t\t\t<\/span>\n\t\t\t\t\t<\/a>\n\t\t\t\t<\/div>\n\t\t\t\t\t\t\t\t<\/div>\n\t\t\t\t<\/div>\n\t\t\t\t<div class=\"elementor-element elementor-element-fb13a40 elementor-position-left elementor-vertical-align-middle elementor-widget elementor-widget-image-box\" data-id=\"fb13a40\" data-element_type=\"widget\" data-e-type=\"widget\" data-widget_type=\"image-box.default\">\n\t\t\t\t<div class=\"elementor-widget-container\">\n\t\t\t\t\t<div class=\"elementor-image-box-wrapper\"><figure class=\"elementor-image-box-img\"><img decoding=\"async\" width=\"600\" height=\"600\" src=\"https:\/\/www.buehler.com\/mx\/wp-content\/uploads\/sites\/8\/2021\/08\/AutoMet-300-Pro_Front-600x600-1.png\" class=\"attachment-full size-full wp-image-1631\" alt=\"Semiautom\u00e1tica AutoMet\u00ae 300 Pro\" srcset=\"https:\/\/www.buehler.com\/mx\/wp-content\/uploads\/sites\/8\/2021\/08\/AutoMet-300-Pro_Front-600x600-1.png 600w, https:\/\/www.buehler.com\/mx\/wp-content\/uploads\/sites\/8\/2021\/08\/AutoMet-300-Pro_Front-600x600-1-300x300.png 300w, https:\/\/www.buehler.com\/mx\/wp-content\/uploads\/sites\/8\/2021\/08\/AutoMet-300-Pro_Front-600x600-1-150x150.png 150w\" sizes=\"(max-width: 600px) 100vw, 600px\" \/><\/figure><div class=\"elementor-image-box-content\"><h4 class=\"elementor-image-box-title\">Esmerilado y Pulido<\/h4><p class=\"elementor-image-box-description\">Rectificadoras y pulidoras autom\u00e1ticas y manuales con la gama m\u00e1s amplia de consumibles para cualquier laboratorio.<\/p><\/div><\/div>\t\t\t\t<\/div>\n\t\t\t\t<\/div>\n\t\t\t\t<div class=\"elementor-element elementor-element-931a430 elementor-align-left elementor-widget elementor-widget-button\" data-id=\"931a430\" data-element_type=\"widget\" data-e-type=\"widget\" data-widget_type=\"button.default\">\n\t\t\t\t<div class=\"elementor-widget-container\">\n\t\t\t\t\t\t\t\t\t<div class=\"elementor-button-wrapper\">\n\t\t\t\t\t<a class=\"elementor-button elementor-button-link elementor-size-md\" href=\"https:\/\/www.buehler.com\/mx\/productos\/esmerilado-y-pulido\/\">\n\t\t\t\t\t\t<span class=\"elementor-button-content-wrapper\">\n\t\t\t\t\t\t\t\t\t<span class=\"elementor-button-text\">Ver todos los productos de esmerilado y pulido<\/span>\n\t\t\t\t\t<\/span>\n\t\t\t\t\t<\/a>\n\t\t\t\t<\/div>\n\t\t\t\t\t\t\t\t<\/div>\n\t\t\t\t<\/div>\n\t\t\t\t<div class=\"elementor-element elementor-element-94a7b89 elementor-position-left elementor-vertical-align-middle elementor-widget elementor-widget-image-box\" data-id=\"94a7b89\" data-element_type=\"widget\" data-e-type=\"widget\" data-widget_type=\"image-box.default\">\n\t\t\t\t<div class=\"elementor-widget-container\">\n\t\t\t\t\t<div class=\"elementor-image-box-wrapper\"><figure class=\"elementor-image-box-img\"><img loading=\"lazy\" decoding=\"async\" width=\"600\" height=\"600\" src=\"https:\/\/www.buehler.com\/mx\/wp-content\/uploads\/sites\/8\/2021\/10\/OmniMet-Imaging-System.png\" class=\"attachment-full size-full wp-image-10013\" alt=\"Software de an\u00e1lisis de im\u00e1genes OmniMet\u2122\" srcset=\"https:\/\/www.buehler.com\/mx\/wp-content\/uploads\/sites\/8\/2021\/10\/OmniMet-Imaging-System.png 600w, https:\/\/www.buehler.com\/mx\/wp-content\/uploads\/sites\/8\/2021\/10\/OmniMet-Imaging-System-300x300.png 300w, https:\/\/www.buehler.com\/mx\/wp-content\/uploads\/sites\/8\/2021\/10\/OmniMet-Imaging-System-150x150.png 150w\" sizes=\"(max-width: 600px) 100vw, 600px\" \/><\/figure><div class=\"elementor-image-box-content\"><h4 class=\"elementor-image-box-title\">Im\u00e1genes y An\u00e1lisis<\/h4><p class=\"elementor-image-box-description\">OmniMet\u00ae Imaging Software para un potente an\u00e1lisis de im\u00e1genes combinado con una funcionalidad de base de datos flexible.<\/p><\/div><\/div>\t\t\t\t<\/div>\n\t\t\t\t<\/div>\n\t\t\t\t<div class=\"elementor-element elementor-element-7d659fa elementor-align-left elementor-widget elementor-widget-button\" data-id=\"7d659fa\" data-element_type=\"widget\" data-e-type=\"widget\" data-widget_type=\"button.default\">\n\t\t\t\t<div class=\"elementor-widget-container\">\n\t\t\t\t\t\t\t\t\t<div class=\"elementor-button-wrapper\">\n\t\t\t\t\t<a class=\"elementor-button elementor-button-link elementor-size-md\" href=\"https:\/\/www.buehler.com\/mx\/productos\/imagenes-y-analisis\/\">\n\t\t\t\t\t\t<span class=\"elementor-button-content-wrapper\">\n\t\t\t\t\t\t\t\t\t<span class=\"elementor-button-text\">Ver todos los productos de imagen y an\u00e1lisis<\/span>\n\t\t\t\t\t<\/span>\n\t\t\t\t\t<\/a>\n\t\t\t\t<\/div>\n\t\t\t\t\t\t\t\t<\/div>\n\t\t\t\t<\/div>\n\t\t\t\t<div class=\"elementor-element elementor-element-9ad0158 elementor-position-left elementor-vertical-align-middle elementor-widget elementor-widget-image-box\" data-id=\"9ad0158\" data-element_type=\"widget\" data-e-type=\"widget\" data-widget_type=\"image-box.default\">\n\t\t\t\t<div class=\"elementor-widget-container\">\n\t\t\t\t\t<div class=\"elementor-image-box-wrapper\"><figure class=\"elementor-image-box-img\"><img loading=\"lazy\" decoding=\"async\" width=\"600\" height=\"600\" src=\"https:\/\/www.buehler.com\/mx\/wp-content\/uploads\/sites\/8\/2021\/08\/VH3100-All-in-one.png\" class=\"attachment-full size-full wp-image-1657\" alt=\"VH3100 Hardness Tester with DiaMet\" srcset=\"https:\/\/www.buehler.com\/mx\/wp-content\/uploads\/sites\/8\/2021\/08\/VH3100-All-in-one.png 600w, https:\/\/www.buehler.com\/mx\/wp-content\/uploads\/sites\/8\/2021\/08\/VH3100-All-in-one-300x300.png 300w, https:\/\/www.buehler.com\/mx\/wp-content\/uploads\/sites\/8\/2021\/08\/VH3100-All-in-one-150x150.png 150w\" sizes=\"(max-width: 600px) 100vw, 600px\" \/><\/figure><div class=\"elementor-image-box-content\"><h4 class=\"elementor-image-box-title\">Pruebas de Dureza <\/h4><p class=\"elementor-image-box-description\">Dur\u00f3metros Wilson\u00ae, incluidas las m\u00e1quinas Rockwell\u00ae, Knoop\/Vickers, Brinell y Universal. Software DiaMet\u00ae, bloques de dureza y accesorios.<\/p><\/div><\/div>\t\t\t\t<\/div>\n\t\t\t\t<\/div>\n\t\t\t\t<div class=\"elementor-element elementor-element-7b26378b elementor-align-left elementor-widget elementor-widget-button\" data-id=\"7b26378b\" data-element_type=\"widget\" data-e-type=\"widget\" data-widget_type=\"button.default\">\n\t\t\t\t<div class=\"elementor-widget-container\">\n\t\t\t\t\t\t\t\t\t<div class=\"elementor-button-wrapper\">\n\t\t\t\t\t<a class=\"elementor-button elementor-button-link elementor-size-md\" href=\"https:\/\/www.buehler.com\/mx\/productos\/pruebas-de-dureza\/\">\n\t\t\t\t\t\t<span class=\"elementor-button-content-wrapper\">\n\t\t\t\t\t\t\t\t\t<span class=\"elementor-button-text\">Ver todos los productos de prueba de dureza<\/span>\n\t\t\t\t\t<\/span>\n\t\t\t\t\t<\/a>\n\t\t\t\t<\/div>\n\t\t\t\t\t\t\t\t<\/div>\n\t\t\t\t<\/div>\n\t\t\t\t\t<\/div>\n\t\t<\/div>\n\t\t\t\t\t<\/div>\n\t\t<\/section>\n\t\t\t\t<\/div>\n\t\t","protected":false},"excerpt":{"rendered":"<p>Productos Buehler para la preparaci\u00f3n de muestras metalogr\u00e1ficas Buehler fue fundada en 1936 por el inmigrante suizo Adolph I. Buehler, quien vio la necesidad de equipos de preparaci\u00f3n de muestras metalogr\u00e1ficas e instrumentos de inspecci\u00f3n \u00f3ptica para las industrias del acero y del autom\u00f3vil en el Medio Oeste de los Estados Unidos. Ochenta a\u00f1os m\u00e1s [&hellip;]<\/p>\n","protected":false},"author":1,"featured_media":0,"parent":0,"menu_order":0,"comment_status":"closed","ping_status":"closed","template":"elementor_header_footer","meta":{"footnotes":""},"class_list":["post-39","page","type-page","status-publish","hentry"],"_links":{"self":[{"href":"https:\/\/www.buehler.com\/mx\/wp-json\/wp\/v2\/pages\/39","targetHints":{"allow":["GET"]}}],"collection":[{"href":"https:\/\/www.buehler.com\/mx\/wp-json\/wp\/v2\/pages"}],"about":[{"href":"https:\/\/www.buehler.com\/mx\/wp-json\/wp\/v2\/types\/page"}],"author":[{"embeddable":true,"href":"https:\/\/www.buehler.com\/mx\/wp-json\/wp\/v2\/users\/1"}],"replies":[{"embeddable":true,"href":"https:\/\/www.buehler.com\/mx\/wp-json\/wp\/v2\/comments?post=39"}],"version-history":[{"count":39,"href":"https:\/\/www.buehler.com\/mx\/wp-json\/wp\/v2\/pages\/39\/revisions"}],"predecessor-version":[{"id":17244,"href":"https:\/\/www.buehler.com\/mx\/wp-json\/wp\/v2\/pages\/39\/revisions\/17244"}],"wp:attachment":[{"href":"https:\/\/www.buehler.com\/mx\/wp-json\/wp\/v2\/media?parent=39"}],"curies":[{"name":"wp","href":"https:\/\/api.w.org\/{rel}","templated":true}]}}