{"id":11125,"date":"2021-11-02T15:27:08","date_gmt":"2021-11-02T20:27:08","guid":{"rendered":"https:\/\/buehler.com\/mx\/?page_id=11125"},"modified":"2022-04-14T14:33:17","modified_gmt":"2022-04-14T19:33:17","slug":"medidores-antiguos-wolpert","status":"publish","type":"page","link":"https:\/\/www.buehler.com\/mx\/productos\/pruebas-de-dureza\/pruebas-de-dureza-legacy\/medidores-antiguos-wolpert\/","title":{"rendered":"Medidores Antiguos Wolpert"},"content":{"rendered":"\t\t<div data-elementor-type=\"wp-page\" data-elementor-id=\"11125\" class=\"elementor elementor-11125\" data-elementor-post-type=\"page\">\n\t\t\t\t\t\t<section data-particle_enable=\"false\" data-particle-mobile-disabled=\"false\" class=\"elementor-section elementor-top-section elementor-element elementor-element-1b507911 elementor-section-full_width elementor-section-height-min-height elementor-section-height-default elementor-section-items-middle\" data-id=\"1b507911\" data-element_type=\"section\" data-e-type=\"section\" data-settings=\"{&quot;background_background&quot;:&quot;classic&quot;}\">\n\t\t\t\t\t\t<div class=\"elementor-container elementor-column-gap-default\">\n\t\t\t\t\t<div class=\"elementor-column elementor-col-100 elementor-top-column elementor-element elementor-element-5df5eed4\" data-id=\"5df5eed4\" data-element_type=\"column\" data-e-type=\"column\">\n\t\t\t<div class=\"elementor-widget-wrap elementor-element-populated\">\n\t\t\t\t\t\t<div class=\"elementor-element elementor-element-6fc31486 elementor-widget elementor-widget-heading\" data-id=\"6fc31486\" data-element_type=\"widget\" data-e-type=\"widget\" data-widget_type=\"heading.default\">\n\t\t\t\t<div class=\"elementor-widget-container\">\n\t\t\t\t\t<h1 class=\"elementor-heading-title elementor-size-default\">Medidores Antiguos Wolpert<\/h1>\t\t\t\t<\/div>\n\t\t\t\t<\/div>\n\t\t\t\t\t<\/div>\n\t\t<\/div>\n\t\t\t\t\t<\/div>\n\t\t<\/section>\n\t\t\t\t<section data-particle_enable=\"false\" data-particle-mobile-disabled=\"false\" class=\"elementor-section elementor-top-section elementor-element elementor-element-46b6ee02 elementor-section-boxed elementor-section-height-default elementor-section-height-default\" data-id=\"46b6ee02\" data-element_type=\"section\" data-e-type=\"section\">\n\t\t\t\t\t\t<div class=\"elementor-container elementor-column-gap-default\">\n\t\t\t\t\t<div class=\"elementor-column elementor-col-100 elementor-top-column elementor-element elementor-element-4c2ede42\" data-id=\"4c2ede42\" data-element_type=\"column\" data-e-type=\"column\">\n\t\t\t<div class=\"elementor-widget-wrap elementor-element-populated\">\n\t\t\t\t\t\t<div class=\"elementor-element elementor-element-50cf815f elementor-widget elementor-widget-text-editor\" data-id=\"50cf815f\" data-element_type=\"widget\" data-e-type=\"widget\" data-widget_type=\"text-editor.default\">\n\t\t\t\t<div class=\"elementor-widget-container\">\n\t\t\t\t\t\t\t\t\t<p>Medidores Antiguos Wolpert, un nombre bien conocido en la industria de pruebas de dureza, es conocido por los dise\u00f1os pr\u00e1cticos que satisfacen las necesidades de cada aplicaci\u00f3n de pruebas de dureza. Wolpert ha estado fabricando probadores de dureza desde 1927, y hoy sus probadores est\u00e1n dise\u00f1ados y fabricados por Buehler.<\/p>\t\t\t\t\t\t\t\t<\/div>\n\t\t\t\t<\/div>\n\t\t\t\t<section data-particle_enable=\"false\" data-particle-mobile-disabled=\"false\" class=\"elementor-section elementor-inner-section elementor-element elementor-element-6975b979 elementor-section-boxed elementor-section-height-default elementor-section-height-default\" data-id=\"6975b979\" data-element_type=\"section\" data-e-type=\"section\">\n\t\t\t\t\t\t<div class=\"elementor-container elementor-column-gap-default\">\n\t\t\t\t\t<div class=\"elementor-column elementor-col-33 elementor-inner-column elementor-element elementor-element-31971879\" data-id=\"31971879\" data-element_type=\"column\" data-e-type=\"column\">\n\t\t\t<div class=\"elementor-widget-wrap elementor-element-populated\">\n\t\t\t\t\t\t<div class=\"elementor-element elementor-element-49f2668 elementor-widget elementor-widget-heading\" data-id=\"49f2668\" data-element_type=\"widget\" data-e-type=\"widget\" data-widget_type=\"heading.default\">\n\t\t\t\t<div class=\"elementor-widget-container\">\n\t\t\t\t\t<h2 class=\"elementor-heading-title elementor-size-default\">DigiTestor UH930 (+\/-1990 - 2015)<\/h2>\t\t\t\t<\/div>\n\t\t\t\t<\/div>\n\t\t\t\t<div class=\"elementor-element elementor-element-7a4f66c elementor-widget elementor-widget-image\" data-id=\"7a4f66c\" data-element_type=\"widget\" data-e-type=\"widget\" data-widget_type=\"image.default\">\n\t\t\t\t<div class=\"elementor-widget-container\">\n\t\t\t\t\t\t\t\t\t\t\t\t\t\t\t<img fetchpriority=\"high\" decoding=\"async\" width=\"600\" height=\"600\" src=\"https:\/\/www.buehler.com\/mx\/wp-content\/uploads\/sites\/8\/2021\/11\/Wolpert-UH930.png\" class=\"attachment-large size-large wp-image-11265\" alt=\"Wolpert Digitester UH930 Hardness Legacy Tester\" srcset=\"https:\/\/www.buehler.com\/mx\/wp-content\/uploads\/sites\/8\/2021\/11\/Wolpert-UH930.png 600w, https:\/\/www.buehler.com\/mx\/wp-content\/uploads\/sites\/8\/2021\/11\/Wolpert-UH930-300x300.png 300w, https:\/\/www.buehler.com\/mx\/wp-content\/uploads\/sites\/8\/2021\/11\/Wolpert-UH930-150x150.png 150w\" sizes=\"(max-width: 600px) 100vw, 600px\" \/>\t\t\t\t\t\t\t\t\t\t\t\t\t\t\t<\/div>\n\t\t\t\t<\/div>\n\t\t\t\t<div class=\"elementor-element elementor-element-98146a4 elementor-widget elementor-widget-text-editor\" data-id=\"98146a4\" data-element_type=\"widget\" data-e-type=\"widget\" data-widget_type=\"text-editor.default\">\n\t\t\t\t<div class=\"elementor-widget-container\">\n\t\t\t\t\t\t\t\t\t<ul>\n \t<li>Primer comprobador universal de circuito cerrado en el mercado<\/li><li>\n    Probador universal de dureza 1-250 kgf<\/li><li>Con \u00f3ptica integrada<\/li><li>Para Vickers, Brinell y (Super-) Rockwell<\/li>\n<\/ul>\t\t\t\t\t\t\t\t<\/div>\n\t\t\t\t<\/div>\n\t\t\t\t\t<\/div>\n\t\t<\/div>\n\t\t\t\t<div class=\"elementor-column elementor-col-33 elementor-inner-column elementor-element elementor-element-42ca18b\" data-id=\"42ca18b\" data-element_type=\"column\" data-e-type=\"column\">\n\t\t\t<div class=\"elementor-widget-wrap elementor-element-populated\">\n\t\t\t\t\t\t<div class=\"elementor-element elementor-element-be1f182 elementor-widget elementor-widget-heading\" data-id=\"be1f182\" data-element_type=\"widget\" data-e-type=\"widget\" data-widget_type=\"heading.default\">\n\t\t\t\t<div class=\"elementor-widget-container\">\n\t\t\t\t\t<h2 class=\"elementor-heading-title elementor-size-default\">DiaTronic (+\/- 1980 - 1990)<br>&nbsp;<\/h2>\t\t\t\t<\/div>\n\t\t\t\t<\/div>\n\t\t\t\t<div class=\"elementor-element elementor-element-31f62d9 elementor-widget elementor-widget-image\" data-id=\"31f62d9\" data-element_type=\"widget\" data-e-type=\"widget\" data-widget_type=\"image.default\">\n\t\t\t\t<div class=\"elementor-widget-container\">\n\t\t\t\t\t\t\t\t\t\t\t\t\t\t\t<img decoding=\"async\" width=\"600\" height=\"500\" src=\"https:\/\/www.buehler.com\/mx\/wp-content\/uploads\/sites\/8\/2021\/11\/Wolpert-DiaTronic.png\" class=\"attachment-large size-large wp-image-11277\" alt=\"Wolpert DiaTronic Hardness Legacy Tester\" srcset=\"https:\/\/www.buehler.com\/mx\/wp-content\/uploads\/sites\/8\/2021\/11\/Wolpert-DiaTronic.png 600w, https:\/\/www.buehler.com\/mx\/wp-content\/uploads\/sites\/8\/2021\/11\/Wolpert-DiaTronic-300x250.png 300w\" sizes=\"(max-width: 600px) 100vw, 600px\" \/>\t\t\t\t\t\t\t\t\t\t\t\t\t\t\t<\/div>\n\t\t\t\t<\/div>\n\t\t\t\t<div class=\"elementor-element elementor-element-5b5c7a7 elementor-widget elementor-widget-spacer\" data-id=\"5b5c7a7\" data-element_type=\"widget\" data-e-type=\"widget\" data-widget_type=\"spacer.default\">\n\t\t\t\t<div class=\"elementor-widget-container\">\n\t\t\t\t\t\t\t<div class=\"elementor-spacer\">\n\t\t\t<div class=\"elementor-spacer-inner\"><\/div>\n\t\t<\/div>\n\t\t\t\t\t\t<\/div>\n\t\t\t\t<\/div>\n\t\t\t\t<div class=\"elementor-element elementor-element-62b131d elementor-widget elementor-widget-text-editor\" data-id=\"62b131d\" data-element_type=\"widget\" data-e-type=\"widget\" data-widget_type=\"text-editor.default\">\n\t\t\t\t<div class=\"elementor-widget-container\">\n\t\t\t\t\t\t\t\t\t<ul>\n \t<li>Medidor de dureza universal de 1-250 kgf<\/li><li>Con \u00f3pticas integradas<\/li><li>Vickers: (1-2-3) 5-10-20-30-40-50<\/li><li>Brinell: 15.625-31.25-62.5-125-187.5-250<\/li><li>Rockwell: 60, 100 y 150 kgf<\/li>\n<\/ul>\t\t\t\t\t\t\t\t<\/div>\n\t\t\t\t<\/div>\n\t\t\t\t\t<\/div>\n\t\t<\/div>\n\t\t\t\t<div class=\"elementor-column elementor-col-33 elementor-inner-column elementor-element elementor-element-c6bbcf9\" data-id=\"c6bbcf9\" data-element_type=\"column\" data-e-type=\"column\">\n\t\t\t<div class=\"elementor-widget-wrap elementor-element-populated\">\n\t\t\t\t\t\t<div class=\"elementor-element elementor-element-7a33a83 elementor-widget elementor-widget-heading\" data-id=\"7a33a83\" data-element_type=\"widget\" data-e-type=\"widget\" data-widget_type=\"heading.default\">\n\t\t\t\t<div class=\"elementor-widget-container\">\n\t\t\t\t\t<h2 class=\"elementor-heading-title elementor-size-default\">HT 8004 (+\/- 1975 - 1985)<br>&nbsp;<\/h2>\t\t\t\t<\/div>\n\t\t\t\t<\/div>\n\t\t\t\t<div class=\"elementor-element elementor-element-3ae8530 elementor-widget elementor-widget-image\" data-id=\"3ae8530\" data-element_type=\"widget\" data-e-type=\"widget\" data-widget_type=\"image.default\">\n\t\t\t\t<div class=\"elementor-widget-container\">\n\t\t\t\t\t\t\t\t\t\t\t\t\t\t\t<img decoding=\"async\" width=\"600\" height=\"600\" src=\"https:\/\/www.buehler.com\/mx\/wp-content\/uploads\/sites\/8\/2021\/11\/Wolpert-HT-8004.png\" class=\"attachment-large size-large wp-image-11286\" alt=\"Wolpert HT 8004 Legacy Hardness Tester\" srcset=\"https:\/\/www.buehler.com\/mx\/wp-content\/uploads\/sites\/8\/2021\/11\/Wolpert-HT-8004.png 600w, https:\/\/www.buehler.com\/mx\/wp-content\/uploads\/sites\/8\/2021\/11\/Wolpert-HT-8004-300x300.png 300w, https:\/\/www.buehler.com\/mx\/wp-content\/uploads\/sites\/8\/2021\/11\/Wolpert-HT-8004-150x150.png 150w\" sizes=\"(max-width: 600px) 100vw, 600px\" \/>\t\t\t\t\t\t\t\t\t\t\t\t\t\t\t<\/div>\n\t\t\t\t<\/div>\n\t\t\t\t<div class=\"elementor-element elementor-element-f3e1076 elementor-widget elementor-widget-text-editor\" data-id=\"f3e1076\" data-element_type=\"widget\" data-e-type=\"widget\" data-widget_type=\"text-editor.default\">\n\t\t\t\t<div class=\"elementor-widget-container\">\n\t\t\t\t\t\t\t\t\t<ul><li>Medidor de dureza Rockwell<\/li><li>Pantalla digital o anal\u00f3gica<\/li><li>Escalas: HRA, HRB, HRC, etc<\/li><li>Rockwell: 15, 20, 45, 80, 100, 187.5 and 250 kg<\/li><li>Medidores modernos: <a href=\"https:\/\/www.buehler.com\/mx\/productos\/pruebas-de-dureza\/probadores-de-dureza-rockwell\/wilson-rockwell-574\/\">R574<\/a> &amp; <a href=\"https:\/\/www.buehler.com\/mx\/productos\/pruebas-de-dureza\/probadores-de-dureza-rockwell\/durometro-wilson-rh2150\/\">RH2150<\/a><\/li><\/ul>\t\t\t\t\t\t\t\t<\/div>\n\t\t\t\t<\/div>\n\t\t\t\t\t<\/div>\n\t\t<\/div>\n\t\t\t\t\t<\/div>\n\t\t<\/section>\n\t\t\t\t<section data-particle_enable=\"false\" data-particle-mobile-disabled=\"false\" class=\"elementor-section elementor-inner-section elementor-element elementor-element-e8ed18e elementor-section-boxed elementor-section-height-default elementor-section-height-default\" data-id=\"e8ed18e\" data-element_type=\"section\" data-e-type=\"section\">\n\t\t\t\t\t\t<div class=\"elementor-container elementor-column-gap-default\">\n\t\t\t\t\t<div class=\"elementor-column elementor-col-33 elementor-inner-column elementor-element elementor-element-8b6bf7d\" data-id=\"8b6bf7d\" data-element_type=\"column\" data-e-type=\"column\">\n\t\t\t<div class=\"elementor-widget-wrap elementor-element-populated\">\n\t\t\t\t\t\t<div class=\"elementor-element elementor-element-f8af5d3 elementor-widget elementor-widget-heading\" data-id=\"f8af5d3\" data-element_type=\"widget\" data-e-type=\"widget\" data-widget_type=\"heading.default\">\n\t\t\t\t<div class=\"elementor-widget-container\">\n\t\t\t\t\t<h2 class=\"elementor-heading-title elementor-size-default\">DiaTestor 3a &amp; 3b (+\/- 1965 - 1958)<\/h2>\t\t\t\t<\/div>\n\t\t\t\t<\/div>\n\t\t\t\t<div class=\"elementor-element elementor-element-73d4920 elementor-widget elementor-widget-image\" data-id=\"73d4920\" data-element_type=\"widget\" data-e-type=\"widget\" data-widget_type=\"image.default\">\n\t\t\t\t<div class=\"elementor-widget-container\">\n\t\t\t\t\t\t\t\t\t\t\t\t\t\t\t<img loading=\"lazy\" decoding=\"async\" width=\"600\" height=\"600\" src=\"https:\/\/www.buehler.com\/mx\/wp-content\/uploads\/sites\/8\/2021\/11\/Wolpert-DiaTestor-3a-y-3b.png\" class=\"attachment-large size-large wp-image-11298\" alt=\"Wolpert DiaTestor 3a &amp; 3b Legacy Hardness Tester\" srcset=\"https:\/\/www.buehler.com\/mx\/wp-content\/uploads\/sites\/8\/2021\/11\/Wolpert-DiaTestor-3a-y-3b.png 600w, https:\/\/www.buehler.com\/mx\/wp-content\/uploads\/sites\/8\/2021\/11\/Wolpert-DiaTestor-3a-y-3b-300x300.png 300w, https:\/\/www.buehler.com\/mx\/wp-content\/uploads\/sites\/8\/2021\/11\/Wolpert-DiaTestor-3a-y-3b-150x150.png 150w\" sizes=\"(max-width: 600px) 100vw, 600px\" \/>\t\t\t\t\t\t\t\t\t\t\t\t\t\t\t<\/div>\n\t\t\t\t<\/div>\n\t\t\t\t<div class=\"elementor-element elementor-element-66567fd elementor-widget elementor-widget-text-editor\" data-id=\"66567fd\" data-element_type=\"widget\" data-e-type=\"widget\" data-widget_type=\"text-editor.default\">\n\t\t\t\t<div class=\"elementor-widget-container\">\n\t\t\t\t\t\t\t\t\t<ul><li>Medidor de dureza Brinell<\/li><li>Escalas: HB10\/3000, HB10\/1000, HB5\/750<\/li><li>Brinell: 120, 187.5, 250, 500, 750, 1000, 1500 y 3000 kgf<\/li><li>\u00d3pticas integradas<\/li><li>Para piezas moldeadas y forjadas pesadas<\/li><li>Husillo motorizado opcional<\/li><li>Medidores modernos: <a href=\"https:\/\/www.buehler.com\/mx\/productos\/pruebas-de-dureza\/probadores-universales-de-dureza\/durometro-brinell-wilson-bh3000\/\">BH3000<\/a><\/li><\/ul>\t\t\t\t\t\t\t\t<\/div>\n\t\t\t\t<\/div>\n\t\t\t\t\t<\/div>\n\t\t<\/div>\n\t\t\t\t<div class=\"elementor-column elementor-col-33 elementor-inner-column elementor-element elementor-element-03d25c2\" data-id=\"03d25c2\" data-element_type=\"column\" data-e-type=\"column\">\n\t\t\t<div class=\"elementor-widget-wrap elementor-element-populated\">\n\t\t\t\t\t\t<div class=\"elementor-element elementor-element-8c0d59d elementor-widget elementor-widget-heading\" data-id=\"8c0d59d\" data-element_type=\"widget\" data-e-type=\"widget\" data-widget_type=\"heading.default\">\n\t\t\t\t<div class=\"elementor-widget-container\">\n\t\t\t\t\t<h2 class=\"elementor-heading-title elementor-size-default\">V-Testor 2 (+\/- 1985 - 1991)<br>&nbsp;<\/h2>\t\t\t\t<\/div>\n\t\t\t\t<\/div>\n\t\t\t\t<div class=\"elementor-element elementor-element-8dc7d60 elementor-widget elementor-widget-image\" data-id=\"8dc7d60\" data-element_type=\"widget\" data-e-type=\"widget\" data-widget_type=\"image.default\">\n\t\t\t\t<div class=\"elementor-widget-container\">\n\t\t\t\t\t\t\t\t\t\t\t\t\t\t\t<img loading=\"lazy\" decoding=\"async\" width=\"600\" height=\"600\" src=\"https:\/\/www.buehler.com\/mx\/wp-content\/uploads\/sites\/8\/2021\/11\/Wolpert-V-Testor-2.png\" class=\"attachment-large size-large wp-image-11304\" alt=\"Wolpert V Testor 2 Legacy Hardness Tester\" srcset=\"https:\/\/www.buehler.com\/mx\/wp-content\/uploads\/sites\/8\/2021\/11\/Wolpert-V-Testor-2.png 600w, https:\/\/www.buehler.com\/mx\/wp-content\/uploads\/sites\/8\/2021\/11\/Wolpert-V-Testor-2-300x300.png 300w, https:\/\/www.buehler.com\/mx\/wp-content\/uploads\/sites\/8\/2021\/11\/Wolpert-V-Testor-2-150x150.png 150w\" sizes=\"(max-width: 600px) 100vw, 600px\" \/>\t\t\t\t\t\t\t\t\t\t\t\t\t\t\t<\/div>\n\t\t\t\t<\/div>\n\t\t\t\t<div class=\"elementor-element elementor-element-a3a1ad4 elementor-widget elementor-widget-text-editor\" data-id=\"a3a1ad4\" data-element_type=\"widget\" data-e-type=\"widget\" data-widget_type=\"text-editor.default\">\n\t\t\t\t<div class=\"elementor-widget-container\">\n\t\t\t\t\t\t\t\t\t<ul><li>Medidor de dureza Vickers<\/li><li>Vickers y Knoop<\/li><li>Lente ocular<\/li><li>Objetivo<\/li><li>Husillo manual<\/li><li>Amortiguador de aceite para control de carga<\/li><li>Medidores modernos: <a href=\"https:\/\/www.buehler.com\/mx\/productos\/pruebas-de-dureza\/probadores-de-dureza-vickers-y-knoop\/durometros-micro-wilson-vh1102-y-1202\/\">VH1202<\/a>, <a href=\"https:\/\/www.buehler.com\/mx\/productos\/pruebas-de-dureza\/probadores-de-dureza-vickers-y-knoop\/durometro-vickers-macro-wilson-vh1150\/\">VH1150<\/a>, <a href=\"https:\/\/www.buehler.com\/mx\/productos\/pruebas-de-dureza\/probadores-de-dureza-vickers-y-knoop\/durometros-vickers-y-knoop-wilson-vh3100\/\">VH3100<\/a> &amp; <a href=\"https:\/\/www.buehler.com\/mx\/productos\/pruebas-de-dureza\/probadores-de-dureza-vickers-y-knoop\/durometro-automatico-wilson-vh3300\/\">VH3300<\/a><\/li><\/ul>\t\t\t\t\t\t\t\t<\/div>\n\t\t\t\t<\/div>\n\t\t\t\t\t<\/div>\n\t\t<\/div>\n\t\t\t\t<div class=\"elementor-column elementor-col-33 elementor-inner-column elementor-element elementor-element-81e3795\" data-id=\"81e3795\" data-element_type=\"column\" data-e-type=\"column\">\n\t\t\t<div class=\"elementor-widget-wrap elementor-element-populated\">\n\t\t\t\t\t\t<div class=\"elementor-element elementor-element-caee9bd elementor-widget elementor-widget-heading\" data-id=\"caee9bd\" data-element_type=\"widget\" data-e-type=\"widget\" data-widget_type=\"heading.default\">\n\t\t\t\t<div class=\"elementor-widget-container\">\n\t\t\t\t\t<h2 class=\"elementor-heading-title elementor-size-default\">DiaTestor 2RC (+\/- 1949 - 1975)<br>&nbsp;<\/h2>\t\t\t\t<\/div>\n\t\t\t\t<\/div>\n\t\t\t\t<div class=\"elementor-element elementor-element-cd9e510 elementor-widget elementor-widget-image\" data-id=\"cd9e510\" data-element_type=\"widget\" data-e-type=\"widget\" data-widget_type=\"image.default\">\n\t\t\t\t<div class=\"elementor-widget-container\">\n\t\t\t\t\t\t\t\t\t\t\t\t\t\t\t<img loading=\"lazy\" decoding=\"async\" width=\"600\" height=\"600\" src=\"https:\/\/www.buehler.com\/mx\/wp-content\/uploads\/sites\/8\/2021\/11\/Wolpert-DiaTestor-2RC.png\" class=\"attachment-large size-large wp-image-11316\" alt=\"Wolpert DiaTestor 2RC Hardness Legacy Tester\" srcset=\"https:\/\/www.buehler.com\/mx\/wp-content\/uploads\/sites\/8\/2021\/11\/Wolpert-DiaTestor-2RC.png 600w, https:\/\/www.buehler.com\/mx\/wp-content\/uploads\/sites\/8\/2021\/11\/Wolpert-DiaTestor-2RC-300x300.png 300w, https:\/\/www.buehler.com\/mx\/wp-content\/uploads\/sites\/8\/2021\/11\/Wolpert-DiaTestor-2RC-150x150.png 150w\" sizes=\"(max-width: 600px) 100vw, 600px\" \/>\t\t\t\t\t\t\t\t\t\t\t\t\t\t\t<\/div>\n\t\t\t\t<\/div>\n\t\t\t\t<div class=\"elementor-element elementor-element-2dd09e5 elementor-widget elementor-widget-text-editor\" data-id=\"2dd09e5\" data-element_type=\"widget\" data-e-type=\"widget\" data-widget_type=\"text-editor.default\">\n\t\t\t\t<div class=\"elementor-widget-container\">\n\t\t\t\t\t\t\t\t\t<ul><li>Medidor de dureza universal de 1-250 kgf<\/li><li>Vickers: (1-2-3) 5-10-20-30-40-50<\/li><li>Brinell: 15.625-31.25-62,5-125-187.5-250<\/li><li>Rockwell: 60, 100 y 150 kgf<\/li><li>\u00d3pticas integradas<\/li><\/ul>\t\t\t\t\t\t\t\t<\/div>\n\t\t\t\t<\/div>\n\t\t\t\t\t<\/div>\n\t\t<\/div>\n\t\t\t\t\t<\/div>\n\t\t<\/section>\n\t\t\t\t\t<\/div>\n\t\t<\/div>\n\t\t\t\t\t<\/div>\n\t\t<\/section>\n\t\t\t\t<section data-particle_enable=\"false\" data-particle-mobile-disabled=\"false\" class=\"elementor-section elementor-top-section elementor-element elementor-element-3a75310 elementor-section-boxed elementor-section-height-default elementor-section-height-default\" data-id=\"3a75310\" data-element_type=\"section\" data-e-type=\"section\">\n\t\t\t\t\t\t<div class=\"elementor-container elementor-column-gap-default\">\n\t\t\t\t\t<div class=\"elementor-column elementor-col-100 elementor-top-column elementor-element elementor-element-7dfa069e\" data-id=\"7dfa069e\" data-element_type=\"column\" data-e-type=\"column\">\n\t\t\t<div class=\"elementor-widget-wrap\">\n\t\t\t\t\t\t\t<\/div>\n\t\t<\/div>\n\t\t\t\t\t<\/div>\n\t\t<\/section>\n\t\t\t\t<\/div>\n\t\t","protected":false},"excerpt":{"rendered":"<p>Medidores Antiguos Wolpert Medidores Antiguos Wolpert, un nombre bien conocido en la industria de pruebas de dureza, es conocido por los dise\u00f1os pr\u00e1cticos que satisfacen las necesidades de cada aplicaci\u00f3n de pruebas de dureza. Wolpert ha estado fabricando probadores de dureza desde 1927, y hoy sus probadores est\u00e1n dise\u00f1ados y fabricados por Buehler. DigiTestor UH930 [&hellip;]<\/p>\n","protected":false},"author":1,"featured_media":0,"parent":9613,"menu_order":0,"comment_status":"closed","ping_status":"closed","template":"elementor_header_footer","meta":{"footnotes":""},"class_list":["post-11125","page","type-page","status-publish","hentry"],"_links":{"self":[{"href":"https:\/\/www.buehler.com\/mx\/wp-json\/wp\/v2\/pages\/11125","targetHints":{"allow":["GET"]}}],"collection":[{"href":"https:\/\/www.buehler.com\/mx\/wp-json\/wp\/v2\/pages"}],"about":[{"href":"https:\/\/www.buehler.com\/mx\/wp-json\/wp\/v2\/types\/page"}],"author":[{"embeddable":true,"href":"https:\/\/www.buehler.com\/mx\/wp-json\/wp\/v2\/users\/1"}],"replies":[{"embeddable":true,"href":"https:\/\/www.buehler.com\/mx\/wp-json\/wp\/v2\/comments?post=11125"}],"version-history":[{"count":40,"href":"https:\/\/www.buehler.com\/mx\/wp-json\/wp\/v2\/pages\/11125\/revisions"}],"predecessor-version":[{"id":17345,"href":"https:\/\/www.buehler.com\/mx\/wp-json\/wp\/v2\/pages\/11125\/revisions\/17345"}],"up":[{"embeddable":true,"href":"https:\/\/www.buehler.com\/mx\/wp-json\/wp\/v2\/pages\/9613"}],"wp:attachment":[{"href":"https:\/\/www.buehler.com\/mx\/wp-json\/wp\/v2\/media?parent=11125"}],"curies":[{"name":"wp","href":"https:\/\/api.w.org\/{rel}","templated":true}]}}