{"id":11123,"date":"2021-11-02T15:26:30","date_gmt":"2021-11-02T20:26:30","guid":{"rendered":"https:\/\/buehler.com\/mx\/?page_id=11123"},"modified":"2022-04-14T14:31:03","modified_gmt":"2022-04-14T19:31:03","slug":"medidores-de-dureza-antiguos-wilson","status":"publish","type":"page","link":"https:\/\/www.buehler.com\/mx\/productos\/pruebas-de-dureza\/pruebas-de-dureza-legacy\/medidores-de-dureza-antiguos-wilson\/","title":{"rendered":"Medidores de Dureza Antiguos Wilson\u00ae"},"content":{"rendered":"\t\t<div data-elementor-type=\"wp-page\" data-elementor-id=\"11123\" class=\"elementor elementor-11123\" data-elementor-post-type=\"page\">\n\t\t\t\t\t\t<section data-particle_enable=\"false\" data-particle-mobile-disabled=\"false\" class=\"elementor-section elementor-top-section elementor-element elementor-element-713e1d33 elementor-section-full_width elementor-section-height-min-height elementor-section-height-default elementor-section-items-middle\" data-id=\"713e1d33\" data-element_type=\"section\" data-e-type=\"section\" data-settings=\"{&quot;background_background&quot;:&quot;classic&quot;}\">\n\t\t\t\t\t\t<div class=\"elementor-container elementor-column-gap-default\">\n\t\t\t\t\t<div class=\"elementor-column elementor-col-100 elementor-top-column elementor-element elementor-element-1190f56e\" data-id=\"1190f56e\" data-element_type=\"column\" data-e-type=\"column\">\n\t\t\t<div class=\"elementor-widget-wrap elementor-element-populated\">\n\t\t\t\t\t\t<div class=\"elementor-element elementor-element-11c32447 elementor-widget elementor-widget-heading\" data-id=\"11c32447\" data-element_type=\"widget\" data-e-type=\"widget\" data-widget_type=\"heading.default\">\n\t\t\t\t<div class=\"elementor-widget-container\">\n\t\t\t\t\t<h1 class=\"elementor-heading-title elementor-size-default\">Medidores de Dureza Antiguos Wilson\u00ae<\/h1>\t\t\t\t<\/div>\n\t\t\t\t<\/div>\n\t\t\t\t\t<\/div>\n\t\t<\/div>\n\t\t\t\t\t<\/div>\n\t\t<\/section>\n\t\t\t\t<section data-particle_enable=\"false\" data-particle-mobile-disabled=\"false\" class=\"elementor-section elementor-top-section elementor-element elementor-element-6caeb643 elementor-section-boxed elementor-section-height-default elementor-section-height-default\" data-id=\"6caeb643\" data-element_type=\"section\" data-e-type=\"section\">\n\t\t\t\t\t\t<div class=\"elementor-container elementor-column-gap-default\">\n\t\t\t\t\t<div class=\"elementor-column elementor-col-100 elementor-top-column elementor-element elementor-element-4f5f06b1\" data-id=\"4f5f06b1\" data-element_type=\"column\" data-e-type=\"column\">\n\t\t\t<div class=\"elementor-widget-wrap elementor-element-populated\">\n\t\t\t\t\t\t<div class=\"elementor-element elementor-element-3b728df8 elementor-widget elementor-widget-text-editor\" data-id=\"3b728df8\" data-element_type=\"widget\" data-e-type=\"widget\" data-widget_type=\"text-editor.default\">\n\t\t\t\t<div class=\"elementor-widget-container\">\n\t\t\t\t\t\t\t\t\t<p>La marca de probadores de dureza Wilson\u00ae originalmente se conoc\u00eda como Wilson Mechanical Instrument Company. Aqu\u00ed Stanley Rockwell y el fundador Charles H. Wilson presentaron el probador de dureza Rockwell, un est\u00e1ndar de la industria. M\u00e1s tarde, Wilson se convirti\u00f3 en el hogar de la legendaria l\u00ednea Tukon de probadores de microdentaduras, reconocidos por las pruebas de Knoop y Vickers. Estos primeros inventos revolucionaron la industria y allanaron el camino para Wilson en la actualidad, con innovaciones que mejoran la usabilidad y permiten una conectividad y automatizaci\u00f3n completas como el software DiaMet. Haga clic en el enlace para ver si su probador de dureza Wilson heredado se puede actualizar con <a href=\"https:\/\/www.buehler.com\/es\/productos\/pruebas-de-dureza\/software-de-automatizacion\/software-para-pruebas-de-dureza-diamet\/\">software DiaMet<\/a>.<\/p>\t\t\t\t\t\t\t\t<\/div>\n\t\t\t\t<\/div>\n\t\t\t\t\t<\/div>\n\t\t<\/div>\n\t\t\t\t\t<\/div>\n\t\t<\/section>\n\t\t\t\t<section data-particle_enable=\"false\" data-particle-mobile-disabled=\"false\" class=\"elementor-section elementor-top-section elementor-element elementor-element-6aac885 elementor-section-boxed elementor-section-height-default elementor-section-height-default\" data-id=\"6aac885\" data-element_type=\"section\" data-e-type=\"section\">\n\t\t\t\t\t\t<div class=\"elementor-container elementor-column-gap-default\">\n\t\t\t\t\t<div class=\"elementor-column elementor-col-100 elementor-top-column elementor-element elementor-element-3b37efaf\" data-id=\"3b37efaf\" data-element_type=\"column\" data-e-type=\"column\">\n\t\t\t<div class=\"elementor-widget-wrap elementor-element-populated\">\n\t\t\t\t\t\t<section data-particle_enable=\"false\" data-particle-mobile-disabled=\"false\" class=\"elementor-section elementor-inner-section elementor-element elementor-element-33c12e72 elementor-section-boxed elementor-section-height-default elementor-section-height-default\" data-id=\"33c12e72\" data-element_type=\"section\" data-e-type=\"section\">\n\t\t\t\t\t\t<div class=\"elementor-container elementor-column-gap-default\">\n\t\t\t\t\t<div class=\"elementor-column elementor-col-33 elementor-inner-column elementor-element elementor-element-3b73c953\" data-id=\"3b73c953\" data-element_type=\"column\" data-e-type=\"column\">\n\t\t\t<div class=\"elementor-widget-wrap elementor-element-populated\">\n\t\t\t\t\t\t<div class=\"elementor-element elementor-element-78f583c elementor-widget elementor-widget-heading\" data-id=\"78f583c\" data-element_type=\"widget\" data-e-type=\"widget\" data-widget_type=\"heading.default\">\n\t\t\t\t<div class=\"elementor-widget-container\">\n\t\t\t\t\t<h2 class=\"elementor-heading-title elementor-size-default\">Rockwell 4JR (+\/- 1945 - 1960)<\/h2>\t\t\t\t<\/div>\n\t\t\t\t<\/div>\n\t\t\t\t<div class=\"elementor-element elementor-element-0306a0e elementor-widget elementor-widget-image\" data-id=\"0306a0e\" data-element_type=\"widget\" data-e-type=\"widget\" data-widget_type=\"image.default\">\n\t\t\t\t<div class=\"elementor-widget-container\">\n\t\t\t\t\t\t\t\t\t\t\t\t\t\t\t<img fetchpriority=\"high\" decoding=\"async\" width=\"600\" height=\"600\" src=\"https:\/\/www.buehler.com\/mx\/wp-content\/uploads\/sites\/8\/2021\/11\/Wilson-Rockwell-4JR.png\" class=\"attachment-large size-large wp-image-11225\" alt=\"Wilson Rockwell 4JR Legacy Hardness Tester\" srcset=\"https:\/\/www.buehler.com\/mx\/wp-content\/uploads\/sites\/8\/2021\/11\/Wilson-Rockwell-4JR.png 600w, https:\/\/www.buehler.com\/mx\/wp-content\/uploads\/sites\/8\/2021\/11\/Wilson-Rockwell-4JR-300x300.png 300w, https:\/\/www.buehler.com\/mx\/wp-content\/uploads\/sites\/8\/2021\/11\/Wilson-Rockwell-4JR-150x150.png 150w\" sizes=\"(max-width: 600px) 100vw, 600px\" \/>\t\t\t\t\t\t\t\t\t\t\t\t\t\t\t<\/div>\n\t\t\t\t<\/div>\n\t\t\t\t<div class=\"elementor-element elementor-element-a6d3128 elementor-widget elementor-widget-text-editor\" data-id=\"a6d3128\" data-element_type=\"widget\" data-e-type=\"widget\" data-widget_type=\"text-editor.default\">\n\t\t\t\t<div class=\"elementor-widget-container\">\n\t\t\t\t\t\t\t\t\t<ul><li>Medidor de dureza Rockwell anal\u00f3gico<\/li><li>Escalas: HRA, HRB, HRC, etc<\/li><li>Rockwell: 60, 100 and 150 kgf<\/li><li>Medidores modernos: Rockwell\u2122 <a href=\"https:\/\/www.buehler.com\/mx\/productos\/pruebas-de-dureza\/probadores-de-dureza-rockwell\/wilson-rockwell-574\/\">574<\/a> &amp; <a href=\"https:\/\/www.buehler.com\/mx\/productos\/pruebas-de-dureza\/probadores-de-dureza-rockwell\/durometro-wilson-rh2150\/\">2150<\/a><\/li><\/ul>\t\t\t\t\t\t\t\t<\/div>\n\t\t\t\t<\/div>\n\t\t\t\t\t<\/div>\n\t\t<\/div>\n\t\t\t\t<div class=\"elementor-column elementor-col-33 elementor-inner-column elementor-element elementor-element-35ac7df\" data-id=\"35ac7df\" data-element_type=\"column\" data-e-type=\"column\">\n\t\t\t<div class=\"elementor-widget-wrap elementor-element-populated\">\n\t\t\t\t\t\t<div class=\"elementor-element elementor-element-04ea893 elementor-widget elementor-widget-heading\" data-id=\"04ea893\" data-element_type=\"widget\" data-e-type=\"widget\" data-widget_type=\"heading.default\">\n\t\t\t\t<div class=\"elementor-widget-container\">\n\t\t\t\t\t<h2 class=\"elementor-heading-title elementor-size-default\">Rockwell 504R (+\/- 1960 - 2000)<\/h2>\t\t\t\t<\/div>\n\t\t\t\t<\/div>\n\t\t\t\t<div class=\"elementor-element elementor-element-2f05103 elementor-widget elementor-widget-image\" data-id=\"2f05103\" data-element_type=\"widget\" data-e-type=\"widget\" data-widget_type=\"image.default\">\n\t\t\t\t<div class=\"elementor-widget-container\">\n\t\t\t\t\t\t\t\t\t\t\t\t\t\t\t<img decoding=\"async\" width=\"600\" height=\"600\" src=\"https:\/\/www.buehler.com\/mx\/wp-content\/uploads\/sites\/8\/2021\/11\/Wilson-Rockwell-504R.png\" class=\"attachment-large size-large wp-image-11237\" alt=\"Wilson Rockwell 504R Hardness Legacy Tester\" srcset=\"https:\/\/www.buehler.com\/mx\/wp-content\/uploads\/sites\/8\/2021\/11\/Wilson-Rockwell-504R.png 600w, https:\/\/www.buehler.com\/mx\/wp-content\/uploads\/sites\/8\/2021\/11\/Wilson-Rockwell-504R-300x300.png 300w, https:\/\/www.buehler.com\/mx\/wp-content\/uploads\/sites\/8\/2021\/11\/Wilson-Rockwell-504R-150x150.png 150w\" sizes=\"(max-width: 600px) 100vw, 600px\" \/>\t\t\t\t\t\t\t\t\t\t\t\t\t\t\t<\/div>\n\t\t\t\t<\/div>\n\t\t\t\t<div class=\"elementor-element elementor-element-59e68ae elementor-widget elementor-widget-text-editor\" data-id=\"59e68ae\" data-element_type=\"widget\" data-e-type=\"widget\" data-widget_type=\"text-editor.default\">\n\t\t\t\t<div class=\"elementor-widget-container\">\n\t\t\t\t\t\t\t\t\t<ul><li>Probador de dureza Rockwell anal\u00f3gico<\/li><li>Escalas: HRA, HRB, HRC<br \/>Escalas Superficiales: HR15N, HR30T<\/li><li>Rockwell: 10, 30, 45, 60, 100 and 150 kgf<\/li><li>Medidores modernos: Rockwell\u2122 <a href=\"https:\/\/www.buehler.com\/mx\/productos\/pruebas-de-dureza\/probadores-de-dureza-rockwell\/wilson-rockwell-574\/\">574<\/a> &amp; <a href=\"https:\/\/www.buehler.com\/mx\/productos\/pruebas-de-dureza\/probadores-de-dureza-rockwell\/durometro-wilson-rh2150\/\">2150<\/a><\/li><\/ul>\t\t\t\t\t\t\t\t<\/div>\n\t\t\t\t<\/div>\n\t\t\t\t\t<\/div>\n\t\t<\/div>\n\t\t\t\t<div class=\"elementor-column elementor-col-33 elementor-inner-column elementor-element elementor-element-66c0f75\" data-id=\"66c0f75\" data-element_type=\"column\" data-e-type=\"column\">\n\t\t\t<div class=\"elementor-widget-wrap elementor-element-populated\">\n\t\t\t\t\t\t<div class=\"elementor-element elementor-element-4a9ad00 elementor-widget elementor-widget-heading\" data-id=\"4a9ad00\" data-element_type=\"widget\" data-e-type=\"widget\" data-widget_type=\"heading.default\">\n\t\t\t\t<div class=\"elementor-widget-container\">\n\t\t\t\t\t<h2 class=\"elementor-heading-title elementor-size-default\">Rockwell 524T (+\/- 1970 - 2005)<\/h2>\t\t\t\t<\/div>\n\t\t\t\t<\/div>\n\t\t\t\t<div class=\"elementor-element elementor-element-546840f elementor-widget elementor-widget-image\" data-id=\"546840f\" data-element_type=\"widget\" data-e-type=\"widget\" data-widget_type=\"image.default\">\n\t\t\t\t<div class=\"elementor-widget-container\">\n\t\t\t\t\t\t\t\t\t\t\t\t\t\t\t<img decoding=\"async\" width=\"600\" height=\"600\" src=\"https:\/\/www.buehler.com\/mx\/wp-content\/uploads\/sites\/8\/2021\/11\/Wilson-Rockwell-524T.png\" class=\"attachment-large size-large wp-image-11246\" alt=\"Wilson Rockwell 524T Hardness Legacy Tester\" srcset=\"https:\/\/www.buehler.com\/mx\/wp-content\/uploads\/sites\/8\/2021\/11\/Wilson-Rockwell-524T.png 600w, https:\/\/www.buehler.com\/mx\/wp-content\/uploads\/sites\/8\/2021\/11\/Wilson-Rockwell-524T-300x300.png 300w, https:\/\/www.buehler.com\/mx\/wp-content\/uploads\/sites\/8\/2021\/11\/Wilson-Rockwell-524T-150x150.png 150w\" sizes=\"(max-width: 600px) 100vw, 600px\" \/>\t\t\t\t\t\t\t\t\t\t\t\t\t\t\t<\/div>\n\t\t\t\t<\/div>\n\t\t\t\t<div class=\"elementor-element elementor-element-6de344e elementor-widget elementor-widget-text-editor\" data-id=\"6de344e\" data-element_type=\"widget\" data-e-type=\"widget\" data-widget_type=\"text-editor.default\">\n\t\t\t\t<div class=\"elementor-widget-container\">\n\t\t\t\t\t\t\t\t\t<ul><li>Medidor de dureza Rockwell anal\u00f3gico<\/li><li>Escalas regulares: HRA, HRB, HRC, etc<\/li><li>Escalas superficiales: HR15N, HR30T, etc<\/li><li>Rockwell: 10, 30, 45, 60, 100 and 150 kgf<\/li><li>Medidores modernos: Rockwell\u2122 <a href=\"https:\/\/www.buehler.com\/mx\/productos\/pruebas-de-dureza\/probadores-de-dureza-rockwell\/wilson-rockwell-574\/\">574<\/a> &amp; <a href=\"https:\/\/www.buehler.com\/mx\/productos\/pruebas-de-dureza\/probadores-de-dureza-rockwell\/durometro-wilson-rh2150\/\">2150<\/a><\/li><\/ul>\t\t\t\t\t\t\t\t<\/div>\n\t\t\t\t<\/div>\n\t\t\t\t\t<\/div>\n\t\t<\/div>\n\t\t\t\t\t<\/div>\n\t\t<\/section>\n\t\t\t\t\t<\/div>\n\t\t<\/div>\n\t\t\t\t\t<\/div>\n\t\t<\/section>\n\t\t\t\t<\/div>\n\t\t","protected":false},"excerpt":{"rendered":"<p>Medidores de Dureza Antiguos Wilson\u00ae La marca de probadores de dureza Wilson\u00ae originalmente se conoc\u00eda como Wilson Mechanical Instrument Company. Aqu\u00ed Stanley Rockwell y el fundador Charles H. Wilson presentaron el probador de dureza Rockwell, un est\u00e1ndar de la industria. M\u00e1s tarde, Wilson se convirti\u00f3 en el hogar de la legendaria l\u00ednea Tukon de probadores [&hellip;]<\/p>\n","protected":false},"author":1,"featured_media":0,"parent":9613,"menu_order":0,"comment_status":"closed","ping_status":"closed","template":"elementor_header_footer","meta":{"footnotes":""},"class_list":["post-11123","page","type-page","status-publish","hentry"],"_links":{"self":[{"href":"https:\/\/www.buehler.com\/mx\/wp-json\/wp\/v2\/pages\/11123","targetHints":{"allow":["GET"]}}],"collection":[{"href":"https:\/\/www.buehler.com\/mx\/wp-json\/wp\/v2\/pages"}],"about":[{"href":"https:\/\/www.buehler.com\/mx\/wp-json\/wp\/v2\/types\/page"}],"author":[{"embeddable":true,"href":"https:\/\/www.buehler.com\/mx\/wp-json\/wp\/v2\/users\/1"}],"replies":[{"embeddable":true,"href":"https:\/\/www.buehler.com\/mx\/wp-json\/wp\/v2\/comments?post=11123"}],"version-history":[{"count":40,"href":"https:\/\/www.buehler.com\/mx\/wp-json\/wp\/v2\/pages\/11123\/revisions"}],"predecessor-version":[{"id":17342,"href":"https:\/\/www.buehler.com\/mx\/wp-json\/wp\/v2\/pages\/11123\/revisions\/17342"}],"up":[{"embeddable":true,"href":"https:\/\/www.buehler.com\/mx\/wp-json\/wp\/v2\/pages\/9613"}],"wp:attachment":[{"href":"https:\/\/www.buehler.com\/mx\/wp-json\/wp\/v2\/media?parent=11123"}],"curies":[{"name":"wp","href":"https:\/\/api.w.org\/{rel}","templated":true}]}}