{"id":10131,"date":"2021-10-27T11:12:20","date_gmt":"2021-10-27T16:12:20","guid":{"rendered":"https:\/\/buehler.com\/mx\/?page_id=10131"},"modified":"2022-04-14T13:20:03","modified_gmt":"2022-04-14T18:20:03","slug":"historia","status":"publish","type":"page","link":"https:\/\/www.buehler.com\/mx\/acerce-de\/historia\/","title":{"rendered":"Historia"},"content":{"rendered":"\t\t<div data-elementor-type=\"wp-page\" data-elementor-id=\"10131\" class=\"elementor elementor-10131\" data-elementor-post-type=\"page\">\n\t\t\t\t\t\t<section data-particle_enable=\"false\" data-particle-mobile-disabled=\"false\" class=\"elementor-section elementor-top-section elementor-element elementor-element-3a8bad01 elementor-section-full_width elementor-section-height-min-height elementor-section-height-default elementor-section-items-middle\" data-id=\"3a8bad01\" data-element_type=\"section\" data-e-type=\"section\" data-settings=\"{&quot;background_background&quot;:&quot;classic&quot;}\">\n\t\t\t\t\t\t<div class=\"elementor-container elementor-column-gap-default\">\n\t\t\t\t\t<div class=\"elementor-column elementor-col-100 elementor-top-column elementor-element elementor-element-4e8f3486\" data-id=\"4e8f3486\" data-element_type=\"column\" data-e-type=\"column\">\n\t\t\t<div class=\"elementor-widget-wrap elementor-element-populated\">\n\t\t\t\t\t\t<div class=\"elementor-element elementor-element-79ae50b2 elementor-widget elementor-widget-heading\" data-id=\"79ae50b2\" data-element_type=\"widget\" data-e-type=\"widget\" data-widget_type=\"heading.default\">\n\t\t\t\t<div class=\"elementor-widget-container\">\n\t\t\t\t\t<h1 class=\"elementor-heading-title elementor-size-default\">Historia<\/h1>\t\t\t\t<\/div>\n\t\t\t\t<\/div>\n\t\t\t\t\t<\/div>\n\t\t<\/div>\n\t\t\t\t\t<\/div>\n\t\t<\/section>\n\t\t\t\t<section data-particle_enable=\"false\" data-particle-mobile-disabled=\"false\" class=\"elementor-section elementor-top-section elementor-element elementor-element-6ea81e7c elementor-section-boxed elementor-section-height-default elementor-section-height-default\" data-id=\"6ea81e7c\" data-element_type=\"section\" data-e-type=\"section\">\n\t\t\t\t\t\t<div class=\"elementor-container elementor-column-gap-default\">\n\t\t\t\t\t<div class=\"elementor-column elementor-col-100 elementor-top-column elementor-element elementor-element-79cda2e3\" data-id=\"79cda2e3\" data-element_type=\"column\" data-e-type=\"column\">\n\t\t\t<div class=\"elementor-widget-wrap elementor-element-populated\">\n\t\t\t\t\t\t<div class=\"elementor-element elementor-element-1fe7798 elementor-widget-divider--view-line_text elementor-widget-divider--element-align-center elementor-widget elementor-widget-divider\" data-id=\"1fe7798\" data-element_type=\"widget\" data-e-type=\"widget\" data-widget_type=\"divider.default\">\n\t\t\t\t<div class=\"elementor-widget-container\">\n\t\t\t\t\t\t\t<div class=\"elementor-divider\">\n\t\t\t<span class=\"elementor-divider-separator\">\n\t\t\t\t\t\t\t<h2 class=\"elementor-divider__text elementor-divider__element\">\n\t\t\t\tLos inicios\t\t\t\t<\/h2>\n\t\t\t\t\t\t<\/span>\n\t\t<\/div>\n\t\t\t\t\t\t<\/div>\n\t\t\t\t<\/div>\n\t\t\t\t<div class=\"elementor-element elementor-element-30b973f elementor-widget elementor-widget-text-editor\" data-id=\"30b973f\" data-element_type=\"widget\" data-e-type=\"widget\" data-widget_type=\"text-editor.default\">\n\t\t\t\t<div class=\"elementor-widget-container\">\n\t\t\t\t\t\t\t\t\t<p>Dentro de la densa \u00e1rea industrial de Chicago, un inmigrante suizo, Adolph I. Buehler estaba vendiendo una l\u00ednea de equipos de microscop\u00eda y se dio cuenta de la necesidad de los clientes de contar con productos de preparaci\u00f3n de muestras metalogr\u00e1ficas. EL Sr. Buehler, hab\u00eda observado cu\u00e1nto tiempo consum\u00edan los m\u00e9todos existentes de la metalurgia. En sus viajes vio cu\u00e1n primitivo era el equipo y se dio cuenta de que ten\u00eda que haber una mejor manera de reproducir las muestras.<\/p><p>Estaba familiarizado con dos profesores que hab\u00edan desarrollado una prensa de montaje y un pulidor de espec\u00edmenes y con los que comenz\u00f3 la idea de crear un negocio. Despu\u00e9s de llegar a un acuerdo con los profesores, comenz\u00f3 a perfeccionar y desarrollar comercialmente las dos m\u00e1quinas. En 1936 lanz\u00f3 Adolph I. Buehler Inc. y hacia 1939 los negocios hab\u00edan crecido y la compa\u00f1\u00eda produjo su primer cat\u00e1logo. La primera instalaci\u00f3n de la COmpa\u00f1\u00eda se localiz\u00f3 en Chicago y en 1953 se traslad\u00f3 a Evanston y en 1981 a la ubicaci\u00f3n actual de Lake Bluff. La compa\u00f1\u00eda estuvo involucrada en la exportaci\u00f3n de equipos desde finales de la d\u00e9cada de 1940. A principios de los a\u00f1os 60, hubo suficiente demanda fuera de los Estados Unidos para abrir una oficina en Basilea, Suiza, seguida de oficinas en Oriente Medio, Latinoam\u00e9rica, Canad\u00e1, Australia y varios pa\u00edses europeos.<\/p><p>El legado de la empresa Buehler comprende a individuos emprendedores, dise\u00f1os innovadores y marcas valiosas que existen desde hace m\u00e1s de 100 a\u00f1os. Comenzando en 1899, el ensayo de dureza fue pionero en su desarrollo del Sr. Reicherter, Wilson, Rockwell y Wolpert. En el transcurso de casi 30 a\u00f1os, estos innovadores establecieron las bases para las soluciones de ensayos de dureza utilizadas actualmente en la industria.Buehler sigue fomentando el esp\u00edritu emprendedor y la innovaci\u00f3n para forjar un camino como l\u00edder en ensayos de dureza bajo la marca Wilson.<\/p>\t\t\t\t\t\t\t\t<\/div>\n\t\t\t\t<\/div>\n\t\t\t\t<div class=\"elementor-element elementor-element-5e429d7 elementor-widget-divider--view-line_text elementor-widget-divider--element-align-center elementor-widget elementor-widget-divider\" data-id=\"5e429d7\" data-element_type=\"widget\" data-e-type=\"widget\" data-widget_type=\"divider.default\">\n\t\t\t\t<div class=\"elementor-widget-container\">\n\t\t\t\t\t\t\t<div class=\"elementor-divider\">\n\t\t\t<span class=\"elementor-divider-separator\">\n\t\t\t\t\t\t\t<h3 class=\"elementor-divider__text elementor-divider__element\">\n\t\t\t\tBuehler marca el camino en los premios a la metalograf\u00eda\t\t\t\t<\/h3>\n\t\t\t\t\t\t<\/span>\n\t\t<\/div>\n\t\t\t\t\t\t<\/div>\n\t\t\t\t<\/div>\n\t\t\t\t<div class=\"elementor-element elementor-element-8310fc4 elementor-widget elementor-widget-text-editor\" data-id=\"8310fc4\" data-element_type=\"widget\" data-e-type=\"widget\" data-widget_type=\"text-editor.default\">\n\t\t\t\t<div class=\"elementor-widget-container\">\n\t\t\t\t\t\t\t\t\t<p>Desde 1946, Buehler est\u00e1 a la vanguardia de la industria y reconoce la excelencia en los logros alcanzados en metalograf\u00eda y ciencias de materiales.<\/p><p>En 1946, se estableci\u00f3 el premio <a href=\"https:\/\/www.buehler.com\/mx\/acerce-de\/logros-alcanzados-en-metalografia-y-ciencias-de-materiales\/\">ASM Metallographic Award<\/a> a la mejor publicaci\u00f3n en la competencia anual sobre metalograf\u00eda de ASM. En 1958, el premio recibi\u00f3 el nombre de \u201cFrancis F. Lucas Metallographic Award\u201d y, desde entonces, es patrocinado por Adolph I. Buehler. En 1972, ASM se uni\u00f3 a International Metallographic Society para patrocinar juntos la medalla de oro Pierre Jacquet y el premio \u201c<a href=\"https:\/\/www.buehler.com\/mx\/acerce-de\/logros-alcanzados-en-metalografia-y-ciencias-de-materiales-jacquet-lucas\/\">Francis F. Lucas Award<\/a>\u201d a la excelencia en metalograf\u00eda. Buehler ha patrocinado este premio desde 1976. El premio Jacquet-Lucas Award, como se lo conoce hoy en d\u00eda, sigue bajo el patrocinio de Buehler, una empresa de ITW.<\/p>\t\t\t\t\t\t\t\t<\/div>\n\t\t\t\t<\/div>\n\t\t\t\t<div class=\"elementor-element elementor-element-11776fb elementor-widget-divider--view-line_text elementor-widget-divider--element-align-center elementor-widget elementor-widget-divider\" data-id=\"11776fb\" data-element_type=\"widget\" data-e-type=\"widget\" data-widget_type=\"divider.default\">\n\t\t\t\t<div class=\"elementor-widget-container\">\n\t\t\t\t\t\t\t<div class=\"elementor-divider\">\n\t\t\t<span class=\"elementor-divider-separator\">\n\t\t\t\t\t\t\t<h4 class=\"elementor-divider__text elementor-divider__element\">\n\t\t\t\tIllinois Tool Works\t\t\t\t<\/h4>\n\t\t\t\t\t\t<\/span>\n\t\t<\/div>\n\t\t\t\t\t\t<\/div>\n\t\t\t\t<\/div>\n\t\t\t\t<div class=\"elementor-element elementor-element-f2b41ee elementor-widget elementor-widget-text-editor\" data-id=\"f2b41ee\" data-element_type=\"widget\" data-e-type=\"widget\" data-widget_type=\"text-editor.default\">\n\t\t\t\t<div class=\"elementor-widget-container\">\n\t\t\t\t\t\t\t\t\t<p>Buehler fue adquirida en 2006 por Illinois Tool Works (ITW) y se convirti\u00f3 en parte de la divisi\u00f3n Test &amp; Measurement de ITW. El negocio de Test &amp; Measurement de ITW ofrece soluciones de prueba y medici\u00f3n especializadas con tecnolog\u00eda l\u00edder a un conjunto diverso de clientes que operan en entornos altamente regulados y exigentes. Marcas de renombre internacional, experiencia tecnol\u00f3gica y conocimiento del mercado permiten aITW proveer equipos de ensayos y medici\u00f3n de valor agregado con capacidades de servicio y postventa para los clientes.<\/p>\t\t\t\t\t\t\t\t<\/div>\n\t\t\t\t<\/div>\n\t\t\t\t<div class=\"elementor-element elementor-element-55c2c23d elementor-widget-divider--view-line_text elementor-widget-divider--element-align-center elementor-widget elementor-widget-divider\" data-id=\"55c2c23d\" data-element_type=\"widget\" data-e-type=\"widget\" data-widget_type=\"divider.default\">\n\t\t\t\t<div class=\"elementor-widget-container\">\n\t\t\t\t\t\t\t<div class=\"elementor-divider\">\n\t\t\t<span class=\"elementor-divider-separator\">\n\t\t\t\t\t\t\t<h5 class=\"elementor-divider__text elementor-divider__element\">\n\t\t\t\tITW Story\t\t\t\t<\/h5>\n\t\t\t\t\t\t<\/span>\n\t\t<\/div>\n\t\t\t\t\t\t<\/div>\n\t\t\t\t<\/div>\n\t\t\t\t<div class=\"elementor-element elementor-element-5fb9e47 elementor-widget elementor-widget-text-editor\" data-id=\"5fb9e47\" data-element_type=\"widget\" data-e-type=\"widget\" data-widget_type=\"text-editor.default\">\n\t\t\t\t<div class=\"elementor-widget-container\">\n\t\t\t\t\t\t\t\t\t<p>En 1912, el financiero de Chicago Byron Smith coloc\u00f3 un anuncio en The Economist buscando proveer capital a un &#8220;negocio de alta clase (preferentemente de manufactura) en o cerca de Chicago&#8221;. \u00c9l rechaz\u00f3 varias ofertas iniciales, esperando la propuesta correcta. Cuando apareci\u00f3 un grupo de inventores con una idea para mejorar el engranaje de desbaste, Illinois Tool Works naci\u00f3. A partir de estos humildes comienzos, la compa\u00f1\u00eda soport\u00f3 las incertidumbres de la guerra y las recesiones, se expandi\u00f3 en empresas de todo el mundo y transform\u00f3 industrias enteras a trav\u00e9s de soluciones sencillas pero ingeniosas. Hoy en d\u00eda, ITW es uno de los principales fabricantes mundiales diversificados de equipos industriales especializados, consumibles y empresas de servicios relacionados.<\/p>\t\t\t\t\t\t\t\t<\/div>\n\t\t\t\t<\/div>\n\t\t\t\t<div class=\"elementor-element elementor-element-d8f4d11 elementor-widget elementor-widget-image\" data-id=\"d8f4d11\" data-element_type=\"widget\" data-e-type=\"widget\" data-widget_type=\"image.default\">\n\t\t\t\t<div class=\"elementor-widget-container\">\n\t\t\t\t\t\t\t\t\t\t\t\t\t\t\t\t<a href=\"https:\/\/www.buehler.com\/es\/wp-content\/uploads\/2021\/11\/Timeline-21-01_2021.jpg\" data-elementor-open-lightbox=\"yes\" data-elementor-lightbox-title=\"Buehler Company Timeline\" data-elementor-lightbox-description=\"Buehler Company Timeline\" data-e-action-hash=\"#elementor-action%3Aaction%3Dlightbox%26settings%3DeyJpZCI6MTE1MDAsInVybCI6Imh0dHBzOlwvXC93d3cuYnVlaGxlci5jb21cL214XC93cC1jb250ZW50XC91cGxvYWRzXC9zaXRlc1wvOFwvMjAyMVwvMTFcL1RpbWVsaW5lLTIxLTAxXzIwMjEuanBnIn0%3D\">\n\t\t\t\t\t\t\t<img fetchpriority=\"high\" decoding=\"async\" width=\"800\" height=\"534\" src=\"https:\/\/www.buehler.com\/mx\/wp-content\/uploads\/sites\/8\/2021\/11\/Timeline-21-01_2021-1024x683.jpg\" class=\"attachment-large size-large wp-image-11500\" alt=\"Buehler Company Timeline\" srcset=\"https:\/\/www.buehler.com\/mx\/wp-content\/uploads\/sites\/8\/2021\/11\/Timeline-21-01_2021-1024x683.jpg 1024w, https:\/\/www.buehler.com\/mx\/wp-content\/uploads\/sites\/8\/2021\/11\/Timeline-21-01_2021-300x200.jpg 300w, https:\/\/www.buehler.com\/mx\/wp-content\/uploads\/sites\/8\/2021\/11\/Timeline-21-01_2021-768x512.jpg 768w, https:\/\/www.buehler.com\/mx\/wp-content\/uploads\/sites\/8\/2021\/11\/Timeline-21-01_2021-1536x1024.jpg 1536w, https:\/\/www.buehler.com\/mx\/wp-content\/uploads\/sites\/8\/2021\/11\/Timeline-21-01_2021.jpg 1920w\" sizes=\"(max-width: 800px) 100vw, 800px\" \/>\t\t\t\t\t\t\t\t<\/a>\n\t\t\t\t\t\t\t\t\t\t\t\t\t\t\t<\/div>\n\t\t\t\t<\/div>\n\t\t\t\t\t<\/div>\n\t\t<\/div>\n\t\t\t\t\t<\/div>\n\t\t<\/section>\n\t\t\t\t<\/div>\n\t\t","protected":false},"excerpt":{"rendered":"<p>Historia Los inicios Dentro de la densa \u00e1rea industrial de Chicago, un inmigrante suizo, Adolph I. Buehler estaba vendiendo una l\u00ednea de equipos de microscop\u00eda y se dio cuenta de la necesidad de los clientes de contar con productos de preparaci\u00f3n de muestras metalogr\u00e1ficas. EL Sr. Buehler, hab\u00eda observado cu\u00e1nto tiempo consum\u00edan los m\u00e9todos existentes [&hellip;]<\/p>\n","protected":false},"author":1,"featured_media":0,"parent":5,"menu_order":0,"comment_status":"closed","ping_status":"closed","template":"elementor_header_footer","meta":{"footnotes":""},"class_list":["post-10131","page","type-page","status-publish","hentry"],"_links":{"self":[{"href":"https:\/\/www.buehler.com\/mx\/wp-json\/wp\/v2\/pages\/10131","targetHints":{"allow":["GET"]}}],"collection":[{"href":"https:\/\/www.buehler.com\/mx\/wp-json\/wp\/v2\/pages"}],"about":[{"href":"https:\/\/www.buehler.com\/mx\/wp-json\/wp\/v2\/types\/page"}],"author":[{"embeddable":true,"href":"https:\/\/www.buehler.com\/mx\/wp-json\/wp\/v2\/users\/1"}],"replies":[{"embeddable":true,"href":"https:\/\/www.buehler.com\/mx\/wp-json\/wp\/v2\/comments?post=10131"}],"version-history":[{"count":26,"href":"https:\/\/www.buehler.com\/mx\/wp-json\/wp\/v2\/pages\/10131\/revisions"}],"predecessor-version":[{"id":17232,"href":"https:\/\/www.buehler.com\/mx\/wp-json\/wp\/v2\/pages\/10131\/revisions\/17232"}],"up":[{"embeddable":true,"href":"https:\/\/www.buehler.com\/mx\/wp-json\/wp\/v2\/pages\/5"}],"wp:attachment":[{"href":"https:\/\/www.buehler.com\/mx\/wp-json\/wp\/v2\/media?parent=10131"}],"curies":[{"name":"wp","href":"https:\/\/api.w.org\/{rel}","templated":true}]}}