{"id":9651,"date":"2021-10-21T11:16:06","date_gmt":"2021-10-21T09:16:06","guid":{"rendered":"https:\/\/buehler.com\/fr\/?page_id=9651"},"modified":"2022-08-25T21:14:21","modified_gmt":"2022-08-25T19:14:21","slug":"des-consommables-longue-duree-ecoresponsables-pour-la-metallurgie","status":"publish","type":"page","link":"https:\/\/www.buehler.com\/fr\/solutions\/buehler-solutions\/des-consommables-longue-duree-ecoresponsables-pour-la-metallurgie\/","title":{"rendered":"Des consommables longue dur\u00e9e \u00e9coresponsables pour la m\u00e9tallurgie"},"content":{"rendered":"\t\t<div data-elementor-type=\"wp-page\" data-elementor-id=\"9651\" class=\"elementor elementor-9651\" data-elementor-post-type=\"page\">\n\t\t\t\t\t\t<section data-particle_enable=\"false\" data-particle-mobile-disabled=\"false\" class=\"elementor-section elementor-top-section elementor-element elementor-element-4fe60a88 elementor-section-full_width elementor-section-height-min-height elementor-section-height-default elementor-section-items-middle\" data-id=\"4fe60a88\" data-element_type=\"section\" data-e-type=\"section\" data-settings=\"{&quot;background_background&quot;:&quot;classic&quot;}\">\n\t\t\t\t\t\t<div class=\"elementor-container elementor-column-gap-default\">\n\t\t\t\t\t<div class=\"elementor-column elementor-col-100 elementor-top-column elementor-element elementor-element-50b784e7\" data-id=\"50b784e7\" data-element_type=\"column\" data-e-type=\"column\">\n\t\t\t<div class=\"elementor-widget-wrap elementor-element-populated\">\n\t\t\t\t\t\t<div class=\"elementor-element elementor-element-60b26411 elementor-widget elementor-widget-heading\" data-id=\"60b26411\" data-element_type=\"widget\" data-e-type=\"widget\" data-widget_type=\"heading.default\">\n\t\t\t\t<div class=\"elementor-widget-container\">\n\t\t\t\t\t<h1 class=\"elementor-heading-title elementor-size-default\">Des consommables longue dur\u00e9e \u00e9coresponsables pour la m\u00e9tallurgie<\/h1>\t\t\t\t<\/div>\n\t\t\t\t<\/div>\n\t\t\t\t\t<\/div>\n\t\t<\/div>\n\t\t\t\t\t<\/div>\n\t\t<\/section>\n\t\t\t\t<section data-particle_enable=\"false\" data-particle-mobile-disabled=\"false\" class=\"elementor-section elementor-top-section elementor-element elementor-element-288f0995 elementor-section-boxed elementor-section-height-default elementor-section-height-default\" data-id=\"288f0995\" data-element_type=\"section\" data-e-type=\"section\">\n\t\t\t\t\t\t<div class=\"elementor-container elementor-column-gap-default\">\n\t\t\t\t\t<div class=\"elementor-column elementor-col-100 elementor-top-column elementor-element elementor-element-1774b179\" data-id=\"1774b179\" data-element_type=\"column\" data-e-type=\"column\">\n\t\t\t<div class=\"elementor-widget-wrap elementor-element-populated\">\n\t\t\t\t\t\t<div class=\"elementor-element elementor-element-6804293b elementor-widget-divider--view-line_text elementor-widget-divider--element-align-center elementor-widget elementor-widget-divider\" data-id=\"6804293b\" data-element_type=\"widget\" data-e-type=\"widget\" data-widget_type=\"divider.default\">\n\t\t\t\t<div class=\"elementor-widget-container\">\n\t\t\t\t\t\t\t<div class=\"elementor-divider\">\n\t\t\t<span class=\"elementor-divider-separator\">\n\t\t\t\t\t\t\t<h2 class=\"elementor-divider__text elementor-divider__element\">\n\t\t\t\tLes produits Buehler sont plus s\u00fbrs, durent plus longtemps et pr\u00e9servent les ressources \t\t\t\t<\/h2>\n\t\t\t\t\t\t<\/span>\n\t\t<\/div>\n\t\t\t\t\t\t<\/div>\n\t\t\t\t<\/div>\n\t\t\t\t<section data-particle_enable=\"false\" data-particle-mobile-disabled=\"false\" class=\"elementor-section elementor-inner-section elementor-element elementor-element-e1db534 elementor-section-boxed elementor-section-height-default elementor-section-height-default\" data-id=\"e1db534\" data-element_type=\"section\" data-e-type=\"section\">\n\t\t\t\t\t\t<div class=\"elementor-container elementor-column-gap-default\">\n\t\t\t\t\t<div class=\"elementor-column elementor-col-100 elementor-inner-column elementor-element elementor-element-5524032\" data-id=\"5524032\" data-element_type=\"column\" data-e-type=\"column\">\n\t\t\t<div class=\"elementor-widget-wrap elementor-element-populated\">\n\t\t\t\t\t\t<div class=\"elementor-element elementor-element-c6ee4ed elementor-widget elementor-widget-html\" data-id=\"c6ee4ed\" data-element_type=\"widget\" data-e-type=\"widget\" data-widget_type=\"html.default\">\n\t\t\t\t<div class=\"elementor-widget-container\">\n\t\t\t\t\t<script src=\"https:\/\/fast.wistia.com\/assets\/external\/channel.js\" async><\/script><link rel=\"stylesheet\" href=\"https:\/\/fast.wistia.com\/embed\/channel\/project\/hfqc2qwox8\/font.css\" \/><div class=\"wistia_channel wistia_async_hfqc2qwox8 mode=inline\" style=\"min-height:100vh;position:relative;width:100%;\"><\/div>\t\t\t\t<\/div>\n\t\t\t\t<\/div>\n\t\t\t\t\t<\/div>\n\t\t<\/div>\n\t\t\t\t\t<\/div>\n\t\t<\/section>\n\t\t\t\t<div class=\"elementor-element elementor-element-3b7442c0 elementor-widget elementor-widget-text-editor\" data-id=\"3b7442c0\" data-element_type=\"widget\" data-e-type=\"widget\" data-widget_type=\"text-editor.default\">\n\t\t\t\t<div class=\"elementor-widget-container\">\n\t\t\t\t\t\t\t\t\t<p>Buehler accorde une priorit\u00e9 absolue \u00e0 la sant\u00e9, la s\u00e9curit\u00e9 et l\u2019engagement de ses clients. Un suivi strict de leurs retours nous aide \u00e0 parfaitement cerner les imp\u00e9ratifs particuliers de leur r\u00e9gion, leur secteur et leurs applications afin d\u2019y r\u00e9pondre. Cette approche nous a fait prendre conscience de la n\u00e9cessit\u00e9 accrue de proposer des produits et solutions qui contribuent \u00e0 r\u00e9duire l\u2019impact sur l\u2019environnement, les d\u00e9chets, \u00e0 pr\u00e9server les ressources et \u00e0 diminuer les risques pour la sant\u00e9 des utilisateurs.<\/p><p>Nos propres \u00e9quipes partageant ces aspirations, nous avons \u00e0 c\u0153ur de mettre au point des innovations qui satisfont ces besoins. Dans le cadre de notre certification ISO 14001, notre entreprise proc\u00e8de \u00e0 des audits annuels et charge ses collaborateurs et ses \u00e9quipes dirigeantes du suivi et de l\u2019am\u00e9lioration r\u00e9guli\u00e8re des principaux chiffres de son impact sur l\u2019environnement \u2013 consommation d\u2019\u00e9lectricit\u00e9, utilisation d\u2019\u00e9nergie durable pour nos activit\u00e9s ou encore recyclage\/gestion des d\u00e9chets dans nos installations.<\/p><p>Buehler propose une gamme de produits con\u00e7us pour r\u00e9duire les d\u00e9chets, durer plus longtemps, maximiser leur utilisation avant leur \u00e9limination\/leur recyclage et am\u00e9liorer la s\u00e9curit\u00e9 des \u00e9quipes de laboratoire.<\/p><ul><li><a href=\"https:\/\/www.buehler.com\/fr\/produits\/enrobage\/accessoires-et-consommables\/resines-pour-enrobage-a-chaud\/\"><strong>Phenocure LP<\/strong><\/a> : r\u00e9sine ph\u00e9nolique thermodurcissable nouvelle formule \u00abRisque r\u00e9duit\u00bb<\/li><li><a href=\"https:\/\/www.buehler.com\/fr\/produits\/enrobage\/accessoires-et-consommables\/resines-acryliques\/\"><strong>Varidur<\/strong> <\/a>: r\u00e9sine acrylique \u00e0 polym\u00e9risation rapide nouvelle formule \u00abRisque r\u00e9duit\u00bb<\/li><li><a href=\"https:\/\/www.buehler.com\/fr\/produits\/tronconnage\/accessoires-et-consommables\/meules-abrasives\/\"><strong>Meules abrasives<\/strong><\/a> : r\u00e9duction des d\u00e9chets gr\u00e2ce \u00e0 une dur\u00e9e de vie trois fois plus longue que les produits traditionnels et concurrents<\/li><li><a href=\"https:\/\/www.buehler.com\/fr\/produits\/prepolissage-et-polissage\/accessoires-et-consommables\/supports-de-polissage-diamant\/\"><strong>DGD Mosaic<\/strong><\/a> : disques abrasifs diamant\u00e9s offrant une long\u00e9vit\u00e9 accrue, qui contribue \u00e0 r\u00e9duire les d\u00e9chets<\/li><li><a href=\"https:\/\/www.buehler.com\/fr\/produits\/prepolissage-et-polissage\/accessoires-et-consommables\/suspensions-et-pates-diamantees\/\"><strong>P\u00e2te MetaDi<\/strong><\/a> : r\u00e9duction des d\u00e9chets gr\u00e2ce \u00e0 la concentration uniforme des particules diamant\u00e9es<\/li><li><a href=\"https:\/\/www.buehler.com\/fr\/produits\/prepolissage-et-polissage\/accessoires-et-consommables\/suspensions-de-polissage-final\/\"><strong>MasterPrep<\/strong><\/a> : r\u00e9duction des d\u00e9chets gr\u00e2ce \u00e0 la formule efficace de cette suspension d\u2019alumine pour le polissage<\/li><li><a href=\"https:\/\/www.buehler.com\/fr\/produits\/essai-de-durete\/blocs-etalon\/\"><strong>Blocs \u00e9talons<\/strong><\/a> : leur quadrillage permet de maximiser leur utilisation, contribuant \u00e0 r\u00e9duire la fr\u00e9quence des remplacements<\/li><li><a href=\"https:\/\/www.buehler.com\/fr\/produits\/tronconnage\/\"><strong>Bacs de recirculation des tron\u00e7onneuses abrasives<\/strong><\/a> : r\u00e9duction de la consommation d\u2019eau et des eaux us\u00e9es gr\u00e2ce \u00e0 la filtration des d\u00e9bris<\/li><\/ul>\t\t\t\t\t\t\t\t<\/div>\n\t\t\t\t<\/div>\n\t\t\t\t\t<\/div>\n\t\t<\/div>\n\t\t\t\t\t<\/div>\n\t\t<\/section>\n\t\t\t\t<\/div>\n\t\t","protected":false},"excerpt":{"rendered":"<p>Des consommables longue dur\u00e9e \u00e9coresponsables pour la m\u00e9tallurgie Les produits Buehler sont plus s\u00fbrs, durent plus longtemps et pr\u00e9servent les ressources Buehler accorde une priorit\u00e9 absolue \u00e0 la sant\u00e9, la s\u00e9curit\u00e9 et l\u2019engagement de ses clients. Un suivi strict de leurs retours nous aide \u00e0 parfaitement cerner les imp\u00e9ratifs particuliers de leur r\u00e9gion, leur secteur [&hellip;]<\/p>\n","protected":false},"author":1,"featured_media":0,"parent":9641,"menu_order":0,"comment_status":"closed","ping_status":"closed","template":"elementor_header_footer","meta":{"footnotes":""},"class_list":["post-9651","page","type-page","status-publish","hentry"],"_links":{"self":[{"href":"https:\/\/www.buehler.com\/fr\/wp-json\/wp\/v2\/pages\/9651","targetHints":{"allow":["GET"]}}],"collection":[{"href":"https:\/\/www.buehler.com\/fr\/wp-json\/wp\/v2\/pages"}],"about":[{"href":"https:\/\/www.buehler.com\/fr\/wp-json\/wp\/v2\/types\/page"}],"author":[{"embeddable":true,"href":"https:\/\/www.buehler.com\/fr\/wp-json\/wp\/v2\/users\/1"}],"replies":[{"embeddable":true,"href":"https:\/\/www.buehler.com\/fr\/wp-json\/wp\/v2\/comments?post=9651"}],"version-history":[{"count":34,"href":"https:\/\/www.buehler.com\/fr\/wp-json\/wp\/v2\/pages\/9651\/revisions"}],"predecessor-version":[{"id":18347,"href":"https:\/\/www.buehler.com\/fr\/wp-json\/wp\/v2\/pages\/9651\/revisions\/18347"}],"up":[{"embeddable":true,"href":"https:\/\/www.buehler.com\/fr\/wp-json\/wp\/v2\/pages\/9641"}],"wp:attachment":[{"href":"https:\/\/www.buehler.com\/fr\/wp-json\/wp\/v2\/media?parent=9651"}],"curies":[{"name":"wp","href":"https:\/\/api.w.org\/{rel}","templated":true}]}}