{"id":9645,"date":"2021-10-21T11:14:54","date_gmt":"2021-10-21T09:14:54","guid":{"rendered":"https:\/\/buehler.com\/fr\/?page_id=9645"},"modified":"2022-07-06T14:48:55","modified_gmt":"2022-07-06T12:48:55","slug":"solutions-completes-de-laboratoire","status":"publish","type":"page","link":"https:\/\/www.buehler.com\/fr\/solutions\/buehler-solutions\/solutions-completes-de-laboratoire\/","title":{"rendered":"Solutions compl\u00e8tes de laboratoire"},"content":{"rendered":"\t\t<div data-elementor-type=\"wp-page\" data-elementor-id=\"9645\" class=\"elementor elementor-9645\" data-elementor-post-type=\"page\">\n\t\t\t\t\t\t<section data-particle_enable=\"false\" data-particle-mobile-disabled=\"false\" class=\"elementor-section elementor-top-section elementor-element elementor-element-7e121566 elementor-section-full_width elementor-section-height-min-height elementor-section-height-default elementor-section-items-middle\" data-id=\"7e121566\" data-element_type=\"section\" data-e-type=\"section\" data-settings=\"{&quot;background_background&quot;:&quot;classic&quot;}\">\n\t\t\t\t\t\t<div class=\"elementor-container elementor-column-gap-default\">\n\t\t\t\t\t<div class=\"elementor-column elementor-col-100 elementor-top-column elementor-element elementor-element-6e682f48\" data-id=\"6e682f48\" data-element_type=\"column\" data-e-type=\"column\">\n\t\t\t<div class=\"elementor-widget-wrap elementor-element-populated\">\n\t\t\t\t\t\t<div class=\"elementor-element elementor-element-20a7de21 elementor-widget elementor-widget-heading\" data-id=\"20a7de21\" data-element_type=\"widget\" data-e-type=\"widget\" data-widget_type=\"heading.default\">\n\t\t\t\t<div class=\"elementor-widget-container\">\n\t\t\t\t\t<h1 class=\"elementor-heading-title elementor-size-default\">Solutions compl\u00e8tes de laboratoire<\/h1>\t\t\t\t<\/div>\n\t\t\t\t<\/div>\n\t\t\t\t\t<\/div>\n\t\t<\/div>\n\t\t\t\t\t<\/div>\n\t\t<\/section>\n\t\t\t\t<section data-particle_enable=\"false\" data-particle-mobile-disabled=\"false\" class=\"elementor-section elementor-top-section elementor-element elementor-element-44fb1c1d elementor-section-boxed elementor-section-height-default elementor-section-height-default\" data-id=\"44fb1c1d\" data-element_type=\"section\" data-e-type=\"section\">\n\t\t\t\t\t\t<div class=\"elementor-container elementor-column-gap-default\">\n\t\t\t\t\t<div class=\"elementor-column elementor-col-100 elementor-top-column elementor-element elementor-element-77a5ff99\" data-id=\"77a5ff99\" data-element_type=\"column\" data-e-type=\"column\">\n\t\t\t<div class=\"elementor-widget-wrap elementor-element-populated\">\n\t\t\t\t\t\t<div class=\"elementor-element elementor-element-fca9cbb elementor-widget elementor-widget-text-editor\" data-id=\"fca9cbb\" data-element_type=\"widget\" data-e-type=\"widget\" data-widget_type=\"text-editor.default\">\n\t\t\t\t<div class=\"elementor-widget-container\">\n\t\t\t\t\t\t\t\t\t<p>Buehler est fier de vous proposer des solutions compl\u00e8tes, dont les machines con\u00e7ues et fabriqu\u00e9es en interne assureront \u00e0 votre laboratoire la meilleure qualit\u00e9 et un rendement maximum. Vous souhaitez installer un nouveau laboratoire de m\u00e9tallographie avec des \u00e9quipements garants de reproductibilit\u00e9 et de fiabilit\u00e9 pour le contr\u00f4le qualit\u00e9 et les essais d\u2019inspection\u2009? Faites confiance \u00e0 Buehler. Qu\u2019ils aient \u00e9t\u00e9 cr\u00e9\u00e9s r\u00e9cemment ou soient en pleine expansion, Buehler r\u00e9pond aux besoins de tous les laboratoires avec des appareils innovants, intuitifs et fiables livr\u00e9s rapidement pour respecter leur calendrier.<\/p>\t\t\t\t\t\t\t\t<\/div>\n\t\t\t\t<\/div>\n\t\t\t\t<div class=\"elementor-element elementor-element-41dd279 elementor-widget-divider--view-line_text elementor-widget-divider--element-align-center elementor-widget elementor-widget-divider\" data-id=\"41dd279\" data-element_type=\"widget\" data-e-type=\"widget\" data-widget_type=\"divider.default\">\n\t\t\t\t<div class=\"elementor-widget-container\">\n\t\t\t\t\t\t\t<div class=\"elementor-divider\">\n\t\t\t<span class=\"elementor-divider-separator\">\n\t\t\t\t\t\t\t<span class=\"elementor-divider__text elementor-divider__element\">\n\t\t\t\tUn partenaire fort, des solutions fiables\t\t\t\t<\/span>\n\t\t\t\t\t\t<\/span>\n\t\t<\/div>\n\t\t\t\t\t\t<\/div>\n\t\t\t\t<\/div>\n\t\t\t\t<div class=\"elementor-element elementor-element-610a6be elementor-widget elementor-widget-image\" data-id=\"610a6be\" data-element_type=\"widget\" data-e-type=\"widget\" data-widget_type=\"image.default\">\n\t\t\t\t<div class=\"elementor-widget-container\">\n\t\t\t\t\t\t\t\t\t\t\t\t\t\t\t<img fetchpriority=\"high\" decoding=\"async\" width=\"640\" height=\"360\" src=\"https:\/\/www.buehler.com\/fr\/wp-content\/uploads\/sites\/10\/2021\/11\/Full-Lab-Solutions.jpg\" class=\"attachment-large size-large wp-image-11850\" alt=\"Full Lab Solutions\" srcset=\"https:\/\/www.buehler.com\/fr\/wp-content\/uploads\/sites\/10\/2021\/11\/Full-Lab-Solutions.jpg 640w, https:\/\/www.buehler.com\/fr\/wp-content\/uploads\/sites\/10\/2021\/11\/Full-Lab-Solutions-300x169.jpg 300w\" sizes=\"(max-width: 640px) 100vw, 640px\" \/>\t\t\t\t\t\t\t\t\t\t\t\t\t\t\t<\/div>\n\t\t\t\t<\/div>\n\t\t\t\t<div class=\"elementor-element elementor-element-8e5310f elementor-widget elementor-widget-text-editor\" data-id=\"8e5310f\" data-element_type=\"widget\" data-e-type=\"widget\" data-widget_type=\"text-editor.default\">\n\t\t\t\t<div class=\"elementor-widget-container\">\n\t\t\t\t\t\t\t\t\t<p>En tant que division du Groupe Illinois Tool Works, une soci\u00e9t\u00e9 qui figure sur la liste Fortune 200, Buehler vous permet de b\u00e9n\u00e9ficier d\u2019innovations sur mesure, qui ont fait leurs preuves et vous facilitent la t\u00e2che. En achetant des produits Buehler, vous vous associez \u00e0 une \u00e9quipe de professionnels qui a pour vocation de comprendre vos besoins dans les environnements les plus exigeants : contr\u00f4le qualit\u00e9, recherche et d\u00e9veloppement ou encore enseignement. Vous profitez de l\u2019aide de notre repr\u00e9sentant local, de notre r\u00e9seau mondial de laboratoires, de notre expertise en mati\u00e8re d\u2019applications et du soutien de notre service client\u00e8le et de notre \u00e9quipe d\u2019assistance.<\/p>\t\t\t\t\t\t\t\t<\/div>\n\t\t\t\t<\/div>\n\t\t\t\t<div class=\"elementor-element elementor-element-2e38096 elementor-widget elementor-widget-heading\" data-id=\"2e38096\" data-element_type=\"widget\" data-e-type=\"widget\" data-widget_type=\"heading.default\">\n\t\t\t\t<div class=\"elementor-widget-container\">\n\t\t\t\t\t<h3 class=\"elementor-heading-title elementor-size-default\">Un responsable de compte d\u00e9di\u00e9<\/h3>\t\t\t\t<\/div>\n\t\t\t\t<\/div>\n\t\t\t\t<div class=\"elementor-element elementor-element-cb32403 elementor-widget elementor-widget-text-editor\" data-id=\"cb32403\" data-element_type=\"widget\" data-e-type=\"widget\" data-widget_type=\"text-editor.default\">\n\t\t\t\t<div class=\"elementor-widget-container\">\n\t\t\t\t\t\t\t\t\t<p>Les \u00e9quipes locales de Buehler se sont donn\u00e9 pour mission de satisfaire nos clients jour apr\u00e8s jour en b\u00e2tissant des partenariats solides et en fournissant des solutions fiables pour chaque cas. Consultez votre <a href=\"https:\/\/www.buehler.com\/contact-us.php\" target=\"_blank\" rel=\"noopener\">repr\u00e9sentant Buehler<\/a> pour commander des tron\u00e7onneuses, des polisseuses, des enrobeuses \u00e0 chaud, des durom\u00e8tres, des logiciels ou des appareils de microscopie qui r\u00e9pondent parfaitement aux besoins de votre application.<\/p>\t\t\t\t\t\t\t\t<\/div>\n\t\t\t\t<\/div>\n\t\t\t\t<div class=\"elementor-element elementor-element-3d7430e elementor-widget elementor-widget-heading\" data-id=\"3d7430e\" data-element_type=\"widget\" data-e-type=\"widget\" data-widget_type=\"heading.default\">\n\t\t\t\t<div class=\"elementor-widget-container\">\n\t\t\t\t\t<h4 class=\"elementor-heading-title elementor-size-default\">Solutions et expertise pour vos applications<\/h4>\t\t\t\t<\/div>\n\t\t\t\t<\/div>\n\t\t\t\t<div class=\"elementor-element elementor-element-c94c197 elementor-widget elementor-widget-text-editor\" data-id=\"c94c197\" data-element_type=\"widget\" data-e-type=\"widget\" data-widget_type=\"text-editor.default\">\n\t\t\t\t<div class=\"elementor-widget-container\">\n\t\t\t\t\t\t\t\t\t<p>Aux quatre coins du monde, nos experts en mat\u00e9riaux, Mike Keeble, Evans Mogire et Tim Weber, tous trois titulaires d\u2019un doctorat, et une \u00e9quipe compl\u00e8te de sp\u00e9cialistes des mat\u00e9riaux vous proposent leur expertise pour assurer l\u2019ex\u00e9cution correcte des op\u00e9rations de tron\u00e7onnage, d\u2019enrobage, de polissage, des essais de duret\u00e9 et de l\u2019analyse d\u2019images et ainsi obtenir des \u00e9chantillons \u00e0 la surface exempte de dommages. Les <a href=\"https:\/\/www.buehler.com\/contact-lab.php\" target=\"_blank\" rel=\"noopener\">\u00e9quipes des laboratoires<\/a> Buehler se tiennent \u00e0 votre disposition pour vous fournir une solution sur mesure pour vos besoins et optimiser la pr\u00e9paration de vos \u00e9chantillons. Tout au long de l\u2019ann\u00e9e, elles vous proposent en outre des webinaires gratuits et des <a href=\"https:\/\/www.buehler.com\/fr\/solutions\/buehler-solutions\/formation\/\">cours<\/a> pratiques sur la pr\u00e9paration des \u00e9chantillons dans nos divers bureaux \u00e0 travers le monde.<\/p><p>Les solutions compl\u00e8tes de Buehler pour les laboratoires sont notamment destin\u00e9es aux secteurs suivants :<\/p><ul style=\"margin-left: 40px;\"><li><a href=\"https:\/\/www.youtube.com\/watch?v=gUKrzRlpmd0&amp;t=13s\" target=\"_blank\" rel=\"noopener\">Traitement thermique<\/a> (voir la vid\u00e9o d\u2019un laboratoire client)<\/li><li><a href=\"https:\/\/www.buehler.com\/fr\/solutions\/buehler-solutions\/solutions-sectorielles\/applications-automobile\/\">Industrie automobile<\/a><\/li><li><a href=\"https:\/\/www.buehler.com\/fr\/solutions\/buehler-solutions\/solutions-sectorielles\/applications-aerospatiales\/\">Industrie a\u00e9rospatiale<\/a><\/li><li><a href=\"https:\/\/www.buehler.com\/fr\/solutions\/buehler-solutions\/solutions-sectorielles\/applications-dans-le-secteur-medical\/\">Industrie m\u00e9dicale<\/a><\/li><li><a href=\"https:\/\/www.buehler.com\/fr\/solutions\/buehler-solutions\/solutions-sectorielles\/applications-electroniques\/\">\u00c9lectronique<\/a><\/li><li><a href=\"https:\/\/www.buehler.com\/fr\/solutions\/buehler-solutions\/solutions-sectorielles\/applications-dans-lindustrie-manufacturiere\/\">Autres industries manufacturi\u00e8res<\/a><\/li><li><a href=\"https:\/\/www.buehler.com\/fr\/solutions\/buehler-solutions\/solutions-sectorielles\/applications-dans-le-secteur-de-la-formation-et-de-la-recherche-et-developpement\/\">Enseignement \/ recherche et d\u00e9veloppement<\/a><\/li><\/ul>\t\t\t\t\t\t\t\t<\/div>\n\t\t\t\t<\/div>\n\t\t\t\t<div class=\"elementor-element elementor-element-09973be elementor-widget elementor-widget-heading\" data-id=\"09973be\" data-element_type=\"widget\" data-e-type=\"widget\" data-widget_type=\"heading.default\">\n\t\t\t\t<div class=\"elementor-widget-container\">\n\t\t\t\t\t<h5 class=\"elementor-heading-title elementor-size-default\">Service client\u00e8le et service d\u2019assistance<\/h5>\t\t\t\t<\/div>\n\t\t\t\t<\/div>\n\t\t\t\t<div class=\"elementor-element elementor-element-37627e2 elementor-widget elementor-widget-text-editor\" data-id=\"37627e2\" data-element_type=\"widget\" data-e-type=\"widget\" data-widget_type=\"text-editor.default\">\n\t\t\t\t<div class=\"elementor-widget-container\">\n\t\t\t\t\t\t\t\t\t<p>Nous nous tenons \u00e0 votre disposition pour vous aider avec notre service client\u00e8le, nos services de r\u00e9paration et en vous fournissant des pi\u00e8ces de rechange sous et hors garantie. Buehler vous propose en outre des services de maintenance pr\u00e9ventive et d\u2019\u00e9talonnage pour les machines, ainsi que des contr\u00f4les optiques pour les microscopes et r\u00e9ticules. Pour contacter les techniciens de maintenance Buehler, rendez-vous en ligne sur notre plateforme de gestion des cas <a href=\"https:\/\/www.buehler.com\/service-request_us.php\" target=\"_blank\" rel=\"noopener\">eService (Centre d\u2019assistance \u00e9lectronique)<\/a>. Pour les r\u00e9gions couvertes par notre r\u00e9seau de distributeurs, veuillez contacter votre <a href=\"https:\/\/www.buehler.com\/contact-us.php\" target=\"_blank\" rel=\"noopener\">distributeur local<\/a>.<\/p>\t\t\t\t\t\t\t\t<\/div>\n\t\t\t\t<\/div>\n\t\t\t\t<div class=\"elementor-element elementor-element-7906bb3 elementor-widget elementor-widget-heading\" data-id=\"7906bb3\" data-element_type=\"widget\" data-e-type=\"widget\" data-widget_type=\"heading.default\">\n\t\t\t\t<div class=\"elementor-widget-container\">\n\t\t\t\t\t<h5 class=\"elementor-heading-title elementor-size-default\">Une livraison rapide pour vos machines et consommables<\/h5>\t\t\t\t<\/div>\n\t\t\t\t<\/div>\n\t\t\t\t<div class=\"elementor-element elementor-element-2902d4c8 elementor-widget elementor-widget-text-editor\" data-id=\"2902d4c8\" data-element_type=\"widget\" data-e-type=\"widget\" data-widget_type=\"text-editor.default\">\n\t\t\t\t<div class=\"elementor-widget-container\">\n\t\t\t\t\t\t\t\t\t<p>Quel que soit leur secteur, les entreprises et institutions r\u00e9actives ne peuvent se permettre d\u2019attendre leur \u00e9quipement de laboratoire. Avec Buehler, les machines de la liste ci-apr\u00e8s vous seront livr\u00e9es en moins de quatre semaines pour constituer un laboratoire pleinement op\u00e9rationnel. Nous nous tenons \u00e0 votre enti\u00e8re disposition pour vous fournir \u00e0 chaque \u00e9tape l\u2019assistance technique et produits dont vous avez besoin.<\/p><ul><li><a href=\"https:\/\/www.buehler.com\/fr\/produits\/tronconnage\/tronconneuses-de-precision\/isomet-high-speed-et-isomet-high-speed-pro-tronconneuses-de-precision-pour-paillasse\/\">Tron\u00e7onneuse de pr\u00e9cision IsoMet High Speed<\/a><\/li><li><a href=\"https:\/\/www.buehler.com\/fr\/produits\/enrobage\/enrobage-a-chaud\/enrobeuse-a-chaud-simplimet-4000\/\">Enrobeuse \u00e0 chaud SimpliMet 4000<\/a><\/li><li>Polisseuses <a href=\"https:\/\/www.buehler.com\/fr\/produits\/prepolissage-et-polissage\/rodeuses-polisseuses\/\">AutoMet et EcoMet<\/a><\/li><li><a href=\"https:\/\/www.buehler.com\/fr\/produits\/prepolissage-et-polissage\/accessoires-et-consommables\/systeme-de-distribution-dosage\/\">Syst\u00e8mes de distribution Burst<\/a><\/li><li>Logiciel de mesure de duret\u00e9 <a href=\"https:\/\/www.buehler.com\/fr\/produits\/essai-de-durete\/logiciel-dautomatisation\/logiciels-de-durete\/\">DiaMet<\/a> et d\u2019imagerie <a href=\"https:\/\/www.buehler.com\/fr\/produits\/imagerie-et-analyse\/logiciel\/modules-logiciels-omnimet-et-fonctionnalites\/\">OmniMet<\/a><\/li><li><a href=\"https:\/\/www.buehler.com\/fr\/produits\/essai-de-durete\/durometres-vickers-knoop\/durometres-vickers-et-knoop-wilson-vh3100\/\">Durom\u00e8tre Vickers et Knoop tout-en-un Wilson VH3100<\/a><\/li><li><a href=\"https:\/\/www.buehler.com\/fr\/produits\/essai-de-durete\/durometres-rockwell\/wilson-rockwell-574\/\">Durom\u00e8tre Wilson Rockwell 574<\/a><\/li><li><a href=\"https:\/\/www.buehler.com\/fr\/produits\/essai-de-durete\/blocs-etalon\/\">Blocs \u00e9talons<\/a> et <a href=\"https:\/\/www.buehler.com\/fr\/produits\/consommables-pour-les-tests-et-lanalyse-de-la-preparation-des-materiaux\/\">consommables<\/a><\/li><\/ul><p>Nous livrons par ailleurs rapidement les consommables dont vous en avez besoin. Nos boutiques en ligne vous permettent de passer vos commandes 24h\/24 et 7 j\/7. Demandez leur adresse \u00e0 votre repr\u00e9sentant local. Pour obtenir une liste compl\u00e8te des consommables et accessoires Buehler pour la pr\u00e9paration des \u00e9chantillons, consultez le <a href=\"https:\/\/en.calameo.com\/buehler\/read\/006393291f220ef6c7c81\" target=\"_blank\" rel=\"noopener\">catalogue Produits<\/a> ou <a href=\"https:\/\/www.metallographie.fr\/\" target=\"_blank\" rel=\"noopener\">la boutique en ligne de Buehler<\/a>.<\/p>\t\t\t\t\t\t\t\t<\/div>\n\t\t\t\t<\/div>\n\t\t\t\t\t<\/div>\n\t\t<\/div>\n\t\t\t\t\t<\/div>\n\t\t<\/section>\n\t\t\t\t<\/div>\n\t\t","protected":false},"excerpt":{"rendered":"<p>Solutions compl\u00e8tes de laboratoire Buehler est fier de vous proposer des solutions compl\u00e8tes, dont les machines con\u00e7ues et fabriqu\u00e9es en interne assureront \u00e0 votre laboratoire la meilleure qualit\u00e9 et un rendement maximum. Vous souhaitez installer un nouveau laboratoire de m\u00e9tallographie avec des \u00e9quipements garants de reproductibilit\u00e9 et de fiabilit\u00e9 pour le contr\u00f4le qualit\u00e9 et les [&hellip;]<\/p>\n","protected":false},"author":1,"featured_media":0,"parent":9641,"menu_order":0,"comment_status":"closed","ping_status":"closed","template":"elementor_header_footer","meta":{"footnotes":""},"class_list":["post-9645","page","type-page","status-publish","hentry"],"_links":{"self":[{"href":"https:\/\/www.buehler.com\/fr\/wp-json\/wp\/v2\/pages\/9645","targetHints":{"allow":["GET"]}}],"collection":[{"href":"https:\/\/www.buehler.com\/fr\/wp-json\/wp\/v2\/pages"}],"about":[{"href":"https:\/\/www.buehler.com\/fr\/wp-json\/wp\/v2\/types\/page"}],"author":[{"embeddable":true,"href":"https:\/\/www.buehler.com\/fr\/wp-json\/wp\/v2\/users\/1"}],"replies":[{"embeddable":true,"href":"https:\/\/www.buehler.com\/fr\/wp-json\/wp\/v2\/comments?post=9645"}],"version-history":[{"count":21,"href":"https:\/\/www.buehler.com\/fr\/wp-json\/wp\/v2\/pages\/9645\/revisions"}],"predecessor-version":[{"id":18107,"href":"https:\/\/www.buehler.com\/fr\/wp-json\/wp\/v2\/pages\/9645\/revisions\/18107"}],"up":[{"embeddable":true,"href":"https:\/\/www.buehler.com\/fr\/wp-json\/wp\/v2\/pages\/9641"}],"wp:attachment":[{"href":"https:\/\/www.buehler.com\/fr\/wp-json\/wp\/v2\/media?parent=9645"}],"curies":[{"name":"wp","href":"https:\/\/api.w.org\/{rel}","templated":true}]}}