{"id":9641,"date":"2021-10-21T11:13:53","date_gmt":"2021-10-21T17:13:53","guid":{"rendered":"https:\/\/buehler.com\/fr\/?page_id=9641"},"modified":"2022-06-29T21:50:35","modified_gmt":"2022-06-29T19:50:35","slug":"buehler-solutions","status":"publish","type":"page","link":"https:\/\/www.buehler.com\/fr\/solutions\/buehler-solutions\/","title":{"rendered":"Buehler Solutions"},"content":{"rendered":"\t\t<div data-elementor-type=\"wp-page\" data-elementor-id=\"9641\" class=\"elementor elementor-9641\" data-elementor-post-type=\"page\">\n\t\t\t\t\t\t<section data-particle_enable=\"false\" data-particle-mobile-disabled=\"false\" class=\"elementor-section elementor-top-section elementor-element elementor-element-77d4b587 elementor-section-content-middle elementor-section-height-min-height elementor-section-boxed elementor-section-height-default elementor-section-items-middle\" data-id=\"77d4b587\" data-element_type=\"section\" data-e-type=\"section\" data-settings=\"{&quot;background_background&quot;:&quot;classic&quot;}\">\n\t\t\t\t\t\t\t<div class=\"elementor-background-overlay\"><\/div>\n\t\t\t\t\t\t\t<div class=\"elementor-container elementor-column-gap-no\">\n\t\t\t\t\t<div class=\"elementor-column elementor-col-100 elementor-top-column elementor-element elementor-element-421a7b4b\" data-id=\"421a7b4b\" data-element_type=\"column\" data-e-type=\"column\">\n\t\t\t<div class=\"elementor-widget-wrap elementor-element-populated\">\n\t\t\t\t\t\t<div class=\"elementor-element elementor-element-25f39a01 elementor-widget elementor-widget-heading\" data-id=\"25f39a01\" data-element_type=\"widget\" data-e-type=\"widget\" data-widget_type=\"heading.default\">\n\t\t\t\t<div class=\"elementor-widget-container\">\n\t\t\t\t\t<h1 class=\"elementor-heading-title elementor-size-default\">Buehler Solutions<\/h1>\t\t\t\t<\/div>\n\t\t\t\t<\/div>\n\t\t\t\t<div class=\"elementor-element elementor-element-48538c02 elementor-widget elementor-widget-text-editor\" data-id=\"48538c02\" data-element_type=\"widget\" data-e-type=\"widget\" data-widget_type=\"text-editor.default\">\n\t\t\t\t<div class=\"elementor-widget-container\">\n\t\t\t\t\t\t\t\t\t<p>Trouvez des solutions compl\u00e8tes pour l&#8217;industrie de laboratoire pour vos applications. Inscrivez-vous au cours de formation Buehler SumMet ou trouvez une m\u00e9thode sp\u00e9cifique en recherchant votre mat\u00e9riel.<\/p>\t\t\t\t\t\t\t\t<\/div>\n\t\t\t\t<\/div>\n\t\t\t\t<div class=\"elementor-element elementor-element-5308c736 elementor-align-center elementor-widget elementor-widget-button\" data-id=\"5308c736\" data-element_type=\"widget\" data-e-type=\"widget\" data-widget_type=\"button.default\">\n\t\t\t\t<div class=\"elementor-widget-container\">\n\t\t\t\t\t\t\t\t\t<div class=\"elementor-button-wrapper\">\n\t\t\t\t\t<a class=\"elementor-button elementor-button-link elementor-size-sm elementor-animation-shrink\" href=\"#more\">\n\t\t\t\t\t\t<span class=\"elementor-button-content-wrapper\">\n\t\t\t\t\t\t\t\t\t<span class=\"elementor-button-text\">Trouver une solution<\/span>\n\t\t\t\t\t<\/span>\n\t\t\t\t\t<\/a>\n\t\t\t\t<\/div>\n\t\t\t\t\t\t\t\t<\/div>\n\t\t\t\t<\/div>\n\t\t\t\t\t<\/div>\n\t\t<\/div>\n\t\t\t\t\t<\/div>\n\t\t<\/section>\n\t\t\t\t<section data-particle_enable=\"false\" data-particle-mobile-disabled=\"false\" data-uael-partstyle=\"nasa\" data-uael-partcolor=\"\" data-uael-partopacity=\"\" data-uael-partdirection=\"bottom\" class=\"elementor-section elementor-top-section elementor-element elementor-element-1236ef39 elementor-section-full_width uael-particle-yes elementor-section-height-default elementor-section-height-default\" data-id=\"1236ef39\" data-element_type=\"section\" data-e-type=\"section\" id=\"more\">\n\t\t\t\t\t\t<div class=\"elementor-container elementor-column-gap-default\">\n\t\t\t\t\t<div class=\"elementor-column elementor-col-100 elementor-top-column elementor-element elementor-element-4d6e63a3\" data-id=\"4d6e63a3\" data-element_type=\"column\" data-e-type=\"column\" data-settings=\"{&quot;background_background&quot;:&quot;classic&quot;}\">\n\t\t\t<div class=\"elementor-widget-wrap elementor-element-populated\">\n\t\t\t\t\t\t<div class=\"elementor-element elementor-element-3bcd02e4 elementor-widget elementor-widget-heading\" data-id=\"3bcd02e4\" data-element_type=\"widget\" data-e-type=\"widget\" data-widget_type=\"heading.default\">\n\t\t\t\t<div class=\"elementor-widget-container\">\n\t\t\t\t\t<h2 class=\"elementor-heading-title elementor-size-default\">Trouvez la solution industrielle pour votre application<\/h2>\t\t\t\t<\/div>\n\t\t\t\t<\/div>\n\t\t\t\t<div class=\"elementor-element elementor-element-dbec471 elementor-widget elementor-widget-text-editor\" data-id=\"dbec471\" data-element_type=\"widget\" data-e-type=\"widget\" data-widget_type=\"text-editor.default\">\n\t\t\t\t<div class=\"elementor-widget-container\">\n\t\t\t\t\t\t\t\t\t<p>Lorsque l&#8217;\u00e9chec n&#8217;est pas une option et que la validation est primordiale, associez-vous \u00e0 Buehler, le leader des \u00e9quipements et solutions d&#8217;essais de mat\u00e9riaux depuis 1936. Aujourd&#8217;hui, nous continuons \u00e0 nous associer aux principaux fabricants et centres de recherche qui sont \u00e0 la pointe des essais de mat\u00e9riaux : Pi\u00e8ces imprim\u00e9es en 3D, all\u00e8gement, nanomat\u00e9riaux, composites, technologies de v\u00e9hicules \u00e9lectriques, \u00e9lectronique flexible et batteries au lithium pour n&#8217;en nommer que quelques-uns. Faites-nous savoir comment nous pouvons assurer votre qualit\u00e9 dans l&#8217;analyse de la microstructure gr\u00e2ce \u00e0 notre examen expert des processus avant de lancer votre prochain laboratoire ou pour am\u00e9liorer les r\u00e9sultats du laboratoire actuel.<\/p>\t\t\t\t\t\t\t\t<\/div>\n\t\t\t\t<\/div>\n\t\t\t\t\t<\/div>\n\t\t<\/div>\n\t\t\t\t\t<\/div>\n\t\t<\/section>\n\t\t\t\t<section data-particle_enable=\"false\" data-particle-mobile-disabled=\"false\" data-uael-partstyle=\"nasa\" data-uael-partcolor=\"\" data-uael-partopacity=\"\" data-uael-partdirection=\"bottom\" class=\"elementor-section elementor-top-section elementor-element elementor-element-1168adc9 elementor-section-full_width uael-particle-yes elementor-section-height-default elementor-section-height-default uael-particle-adv-no\" data-id=\"1168adc9\" data-element_type=\"section\" data-e-type=\"section\" data-settings=\"{&quot;background_background&quot;:&quot;classic&quot;}\">\n\t\t\t\t\t\t<div class=\"elementor-container elementor-column-gap-default\">\n\t\t\t\t\t<div class=\"elementor-column elementor-col-100 elementor-top-column elementor-element elementor-element-1e985d56\" data-id=\"1e985d56\" data-element_type=\"column\" data-e-type=\"column\">\n\t\t\t<div class=\"elementor-widget-wrap elementor-element-populated\">\n\t\t\t\t\t\t<section data-particle_enable=\"false\" data-particle-mobile-disabled=\"false\" class=\"elementor-section elementor-inner-section elementor-element elementor-element-313b6983 elementor-section-full_width elementor-section-height-default elementor-section-height-default\" data-id=\"313b6983\" data-element_type=\"section\" data-e-type=\"section\">\n\t\t\t\t\t\t<div class=\"elementor-container elementor-column-gap-default\">\n\t\t\t\t\t<div class=\"elementor-column elementor-col-50 elementor-inner-column elementor-element elementor-element-4008079\" data-id=\"4008079\" data-element_type=\"column\" data-e-type=\"column\" data-settings=\"{&quot;background_background&quot;:&quot;classic&quot;}\">\n\t\t\t<div class=\"elementor-widget-wrap elementor-element-populated\">\n\t\t\t\t\t\t<div class=\"elementor-element elementor-element-2f0accd5 elementor-widget elementor-widget-heading\" data-id=\"2f0accd5\" data-element_type=\"widget\" data-e-type=\"widget\" data-widget_type=\"heading.default\">\n\t\t\t\t<div class=\"elementor-widget-container\">\n\t\t\t\t\t<h3 class=\"elementor-heading-title elementor-size-default\">Solutions sectorielles<\/h3>\t\t\t\t<\/div>\n\t\t\t\t<\/div>\n\t\t\t\t<div class=\"elementor-element elementor-element-53adca96 elementor-widget elementor-widget-text-editor\" data-id=\"53adca96\" data-element_type=\"widget\" data-e-type=\"widget\" data-widget_type=\"text-editor.default\">\n\t\t\t\t<div class=\"elementor-widget-container\">\n\t\t\t\t\t\t\t\t\t<p><img fetchpriority=\"high\" decoding=\"async\" class=\"alignleft wp-image-1704 size-medium\" src=\"https:\/\/www.buehler.com\/fr\/wp-content\/uploads\/2021\/08\/Falcon-Heavy-defense-and-space-industry-1-300x169.jpg\" alt=\"Defense and Space Industry\" width=\"300\" height=\"169\" srcset=\"https:\/\/www.buehler.com\/fr\/wp-content\/uploads\/sites\/10\/2021\/08\/Falcon-Heavy-defense-and-space-industry-1-300x169.jpg 300w, https:\/\/www.buehler.com\/fr\/wp-content\/uploads\/sites\/10\/2021\/08\/Falcon-Heavy-defense-and-space-industry-1.jpg 640w\" sizes=\"(max-width: 300px) 100vw, 300px\" \/>Lorsque l&#8217;\u00e9chec n&#8217;est pas une option, et que la validation est essentielle, associez-vous \u00e0 Buehler, leader des \u00e9quipements et des solutions d&#8217;essais de mat\u00e9riaux depuis 1936.<\/p>\t\t\t\t\t\t\t\t<\/div>\n\t\t\t\t<\/div>\n\t\t\t\t<div class=\"elementor-element elementor-element-45358189 elementor-align-justify elementor-widget elementor-widget-button\" data-id=\"45358189\" data-element_type=\"widget\" data-e-type=\"widget\" data-widget_type=\"button.default\">\n\t\t\t\t<div class=\"elementor-widget-container\">\n\t\t\t\t\t\t\t\t\t<div class=\"elementor-button-wrapper\">\n\t\t\t\t\t<a class=\"elementor-button elementor-button-link elementor-size-sm elementor-animation-shrink\" href=\"https:\/\/www.buehler.com\/fr\/solutions\/buehler-solutions\/solutions-sectorielles\/\">\n\t\t\t\t\t\t<span class=\"elementor-button-content-wrapper\">\n\t\t\t\t\t\t\t\t\t<span class=\"elementor-button-text\">Plus<\/span>\n\t\t\t\t\t<\/span>\n\t\t\t\t\t<\/a>\n\t\t\t\t<\/div>\n\t\t\t\t\t\t\t\t<\/div>\n\t\t\t\t<\/div>\n\t\t\t\t\t<\/div>\n\t\t<\/div>\n\t\t\t\t<div class=\"elementor-column elementor-col-50 elementor-inner-column elementor-element elementor-element-23f2098c\" data-id=\"23f2098c\" data-element_type=\"column\" data-e-type=\"column\" data-settings=\"{&quot;background_background&quot;:&quot;classic&quot;}\">\n\t\t\t<div class=\"elementor-widget-wrap elementor-element-populated\">\n\t\t\t\t\t\t<div class=\"elementor-element elementor-element-247f245 elementor-widget elementor-widget-heading\" data-id=\"247f245\" data-element_type=\"widget\" data-e-type=\"widget\" data-widget_type=\"heading.default\">\n\t\t\t\t<div class=\"elementor-widget-container\">\n\t\t\t\t\t<h3 class=\"elementor-heading-title elementor-size-default\">Solutions compl\u00e8tes de laboratoire<\/h3>\t\t\t\t<\/div>\n\t\t\t\t<\/div>\n\t\t\t\t<div class=\"elementor-element elementor-element-6e9cb681 elementor-widget elementor-widget-text-editor\" data-id=\"6e9cb681\" data-element_type=\"widget\" data-e-type=\"widget\" data-widget_type=\"text-editor.default\">\n\t\t\t\t<div class=\"elementor-widget-container\">\n\t\t\t\t\t\t\t\t\t<p><img decoding=\"async\" class=\"alignleft wp-image-11850 size-medium\" src=\"https:\/\/www.buehler.com\/fr\/wp-content\/uploads\/2021\/11\/Full-Lab-Solutions-300x169.jpg\" alt=\"Full Lab Solutions\" width=\"300\" height=\"169\" srcset=\"https:\/\/www.buehler.com\/fr\/wp-content\/uploads\/sites\/10\/2021\/11\/Full-Lab-Solutions-300x169.jpg 300w, https:\/\/www.buehler.com\/fr\/wp-content\/uploads\/sites\/10\/2021\/11\/Full-Lab-Solutions.jpg 640w\" sizes=\"(max-width: 300px) 100vw, 300px\" \/>Buehler est fier de vous proposer des solutions compl\u00e8tes, dont les machines con\u00e7ues et fabriqu\u00e9es en interne assureront \u00e0 votre laboratoire la meilleure qualit\u00e9 et un rendement maximum. Vous souhaitez installer un nouveau laboratoire de m\u00e9tallographie avec des \u00e9quipements garants de reproductibilit\u00e9 et de fiabilit\u00e9 pour le contr\u00f4le qualit\u00e9 et les essais d\u2019inspection\u2009?<\/p>\t\t\t\t\t\t\t\t<\/div>\n\t\t\t\t<\/div>\n\t\t\t\t<div class=\"elementor-element elementor-element-587b48e7 elementor-align-justify elementor-widget elementor-widget-button\" data-id=\"587b48e7\" data-element_type=\"widget\" data-e-type=\"widget\" data-widget_type=\"button.default\">\n\t\t\t\t<div class=\"elementor-widget-container\">\n\t\t\t\t\t\t\t\t\t<div class=\"elementor-button-wrapper\">\n\t\t\t\t\t<a class=\"elementor-button elementor-button-link elementor-size-sm elementor-animation-shrink\" href=\"https:\/\/www.buehler.com\/fr\/solutions\/buehler-solutions\/solutions-completes-de-laboratoire\/\">\n\t\t\t\t\t\t<span class=\"elementor-button-content-wrapper\">\n\t\t\t\t\t\t\t\t\t<span class=\"elementor-button-text\">Plus<\/span>\n\t\t\t\t\t<\/span>\n\t\t\t\t\t<\/a>\n\t\t\t\t<\/div>\n\t\t\t\t\t\t\t\t<\/div>\n\t\t\t\t<\/div>\n\t\t\t\t\t<\/div>\n\t\t<\/div>\n\t\t\t\t\t<\/div>\n\t\t<\/section>\n\t\t\t\t<section data-particle_enable=\"false\" data-particle-mobile-disabled=\"false\" class=\"elementor-section elementor-inner-section elementor-element elementor-element-21e021ac elementor-section-full_width elementor-section-height-default elementor-section-height-default\" data-id=\"21e021ac\" data-element_type=\"section\" data-e-type=\"section\">\n\t\t\t\t\t\t<div class=\"elementor-container elementor-column-gap-default\">\n\t\t\t\t\t<div class=\"elementor-column elementor-col-50 elementor-inner-column elementor-element elementor-element-3177f734\" data-id=\"3177f734\" data-element_type=\"column\" data-e-type=\"column\" data-settings=\"{&quot;background_background&quot;:&quot;classic&quot;}\">\n\t\t\t<div class=\"elementor-widget-wrap elementor-element-populated\">\n\t\t\t\t\t\t<div class=\"elementor-element elementor-element-40f7365 elementor-widget elementor-widget-heading\" data-id=\"40f7365\" data-element_type=\"widget\" data-e-type=\"widget\" data-widget_type=\"heading.default\">\n\t\t\t\t<div class=\"elementor-widget-container\">\n\t\t\t\t\t<h3 class=\"elementor-heading-title elementor-size-default\">M\u00e9thodes par Mat\u00e9riaux<\/h3>\t\t\t\t<\/div>\n\t\t\t\t<\/div>\n\t\t\t\t<div class=\"elementor-element elementor-element-1073e9d1 elementor-widget elementor-widget-text-editor\" data-id=\"1073e9d1\" data-element_type=\"widget\" data-e-type=\"widget\" data-widget_type=\"text-editor.default\">\n\t\t\t\t<div class=\"elementor-widget-container\">\n\t\t\t\t\t\t\t\t\t<p><img decoding=\"async\" class=\"alignleft wp-image-11860 size-medium\" src=\"https:\/\/www.buehler.com\/fr\/wp-content\/uploads\/2021\/11\/Periodic-table-nickel-copper-zinc-palladium-silver-cadmium-300x169.jpg\" alt=\"Methods by Materials Periodic Table of Elements\" width=\"300\" height=\"169\" srcset=\"https:\/\/www.buehler.com\/fr\/wp-content\/uploads\/sites\/10\/2021\/11\/Periodic-table-nickel-copper-zinc-palladium-silver-cadmium-300x169.jpg 300w, https:\/\/www.buehler.com\/fr\/wp-content\/uploads\/sites\/10\/2021\/11\/Periodic-table-nickel-copper-zinc-palladium-silver-cadmium.jpg 640w\" sizes=\"(max-width: 300px) 100vw, 300px\" \/>S\u00e9lectionnez le mat\u00e9riau que vous pr\u00e9parez dans le tableau p\u00e9riodique ou dans la liste ci-dessous pour obtenir une m\u00e9thode recommand\u00e9e par Buehler.<\/p>\t\t\t\t\t\t\t\t<\/div>\n\t\t\t\t<\/div>\n\t\t\t\t<div class=\"elementor-element elementor-element-766b8386 elementor-align-justify elementor-widget elementor-widget-button\" data-id=\"766b8386\" data-element_type=\"widget\" data-e-type=\"widget\" data-widget_type=\"button.default\">\n\t\t\t\t<div class=\"elementor-widget-container\">\n\t\t\t\t\t\t\t\t\t<div class=\"elementor-button-wrapper\">\n\t\t\t\t\t<a class=\"elementor-button elementor-button-link elementor-size-sm elementor-animation-shrink\" href=\"https:\/\/www.buehler.com\/fr\/solutions\/buehler-solutions\/methodes-par-materiaux\/\">\n\t\t\t\t\t\t<span class=\"elementor-button-content-wrapper\">\n\t\t\t\t\t\t\t\t\t<span class=\"elementor-button-text\">Plus<\/span>\n\t\t\t\t\t<\/span>\n\t\t\t\t\t<\/a>\n\t\t\t\t<\/div>\n\t\t\t\t\t\t\t\t<\/div>\n\t\t\t\t<\/div>\n\t\t\t\t\t<\/div>\n\t\t<\/div>\n\t\t\t\t<div class=\"elementor-column elementor-col-50 elementor-inner-column elementor-element elementor-element-5d92dfd3\" data-id=\"5d92dfd3\" data-element_type=\"column\" data-e-type=\"column\" data-settings=\"{&quot;background_background&quot;:&quot;classic&quot;}\">\n\t\t\t<div class=\"elementor-widget-wrap elementor-element-populated\">\n\t\t\t\t\t\t<div class=\"elementor-element elementor-element-545d71c0 elementor-widget elementor-widget-heading\" data-id=\"545d71c0\" data-element_type=\"widget\" data-e-type=\"widget\" data-widget_type=\"heading.default\">\n\t\t\t\t<div class=\"elementor-widget-container\">\n\t\t\t\t\t<h3 class=\"elementor-heading-title elementor-size-default\">Formation<\/h3>\t\t\t\t<\/div>\n\t\t\t\t<\/div>\n\t\t\t\t<div class=\"elementor-element elementor-element-58bc1b2b elementor-widget elementor-widget-text-editor\" data-id=\"58bc1b2b\" data-element_type=\"widget\" data-e-type=\"widget\" data-widget_type=\"text-editor.default\">\n\t\t\t\t<div class=\"elementor-widget-container\">\n\t\t\t\t\t\t\t\t\t<p><img loading=\"lazy\" decoding=\"async\" class=\"alignleft wp-image-11866 size-medium\" src=\"https:\/\/www.buehler.com\/fr\/wp-content\/uploads\/2021\/11\/Buehler-2022-Microstructure-Calendar-winner-300x169.jpg\" alt=\"Buehler 2022 Microstructure Calendar winner\" width=\"300\" height=\"169\" srcset=\"https:\/\/www.buehler.com\/fr\/wp-content\/uploads\/sites\/10\/2021\/11\/Buehler-2022-Microstructure-Calendar-winner-300x169.jpg 300w, https:\/\/www.buehler.com\/fr\/wp-content\/uploads\/sites\/10\/2021\/11\/Buehler-2022-Microstructure-Calendar-winner.jpg 640w\" sizes=\"(max-width: 300px) 100vw, 300px\" \/><span class=\"buehler-blue\">Fondamentaux des techniques m\u00e9tallographiques SumMet\u2122 (3 jours)<\/span> Un cours de trois jours con\u00e7u pour les m\u00e9tallographes sans formation ou les m\u00e9tallographes exp\u00e9riment\u00e9s qui souhaitent apprendre les derni\u00e8res techniques de pr\u00e9paration.<\/p>\t\t\t\t\t\t\t\t<\/div>\n\t\t\t\t<\/div>\n\t\t\t\t<div class=\"elementor-element elementor-element-1b5c4e22 elementor-align-justify elementor-widget elementor-widget-button\" data-id=\"1b5c4e22\" data-element_type=\"widget\" data-e-type=\"widget\" data-widget_type=\"button.default\">\n\t\t\t\t<div class=\"elementor-widget-container\">\n\t\t\t\t\t\t\t\t\t<div class=\"elementor-button-wrapper\">\n\t\t\t\t\t<a class=\"elementor-button elementor-button-link elementor-size-sm elementor-animation-shrink\" href=\"https:\/\/www.buehler.com\/fr\/solutions\/buehler-solutions\/formation\/\">\n\t\t\t\t\t\t<span class=\"elementor-button-content-wrapper\">\n\t\t\t\t\t\t\t\t\t<span class=\"elementor-button-text\">Plus<\/span>\n\t\t\t\t\t<\/span>\n\t\t\t\t\t<\/a>\n\t\t\t\t<\/div>\n\t\t\t\t\t\t\t\t<\/div>\n\t\t\t\t<\/div>\n\t\t\t\t\t<\/div>\n\t\t<\/div>\n\t\t\t\t\t<\/div>\n\t\t<\/section>\n\t\t\t\t<section data-particle_enable=\"false\" data-particle-mobile-disabled=\"false\" class=\"elementor-section elementor-inner-section elementor-element elementor-element-41519b8c elementor-section-full_width elementor-section-height-default elementor-section-height-default\" data-id=\"41519b8c\" data-element_type=\"section\" data-e-type=\"section\">\n\t\t\t\t\t\t<div class=\"elementor-container elementor-column-gap-default\">\n\t\t\t\t\t<div class=\"elementor-column elementor-col-50 elementor-inner-column elementor-element elementor-element-159f391f\" data-id=\"159f391f\" data-element_type=\"column\" data-e-type=\"column\" data-settings=\"{&quot;background_background&quot;:&quot;classic&quot;}\">\n\t\t\t<div class=\"elementor-widget-wrap elementor-element-populated\">\n\t\t\t\t\t\t<div class=\"elementor-element elementor-element-4ad38461 elementor-widget elementor-widget-heading\" data-id=\"4ad38461\" data-element_type=\"widget\" data-e-type=\"widget\" data-widget_type=\"heading.default\">\n\t\t\t\t<div class=\"elementor-widget-container\">\n\t\t\t\t\t<h3 class=\"elementor-heading-title elementor-size-default\">Sustainable Supplies<\/h3>\t\t\t\t<\/div>\n\t\t\t\t<\/div>\n\t\t\t\t<div class=\"elementor-element elementor-element-7b960a46 elementor-widget elementor-widget-text-editor\" data-id=\"7b960a46\" data-element_type=\"widget\" data-e-type=\"widget\" data-widget_type=\"text-editor.default\">\n\t\t\t\t<div class=\"elementor-widget-container\">\n\t\t\t\t\t\t\t\t\t<p><img loading=\"lazy\" decoding=\"async\" class=\"alignleft wp-image-11875 size-medium\" src=\"https:\/\/www.buehler.com\/fr\/wp-content\/uploads\/2021\/11\/Buehler-Green-Logo-01-300x214.png\" alt=\"Buehler Sustainable Supplies Green Logo\" width=\"300\" height=\"214\" srcset=\"https:\/\/www.buehler.com\/fr\/wp-content\/uploads\/sites\/10\/2021\/11\/Buehler-Green-Logo-01-300x214.png 300w, https:\/\/www.buehler.com\/fr\/wp-content\/uploads\/sites\/10\/2021\/11\/Buehler-Green-Logo-01-1024x730.png 1024w, https:\/\/www.buehler.com\/fr\/wp-content\/uploads\/sites\/10\/2021\/11\/Buehler-Green-Logo-01-768x548.png 768w, https:\/\/www.buehler.com\/fr\/wp-content\/uploads\/sites\/10\/2021\/11\/Buehler-Green-Logo-01-1536x1096.png 1536w, https:\/\/www.buehler.com\/fr\/wp-content\/uploads\/sites\/10\/2021\/11\/Buehler-Green-Logo-01.png 2037w\" sizes=\"(max-width: 300px) 100vw, 300px\" \/>Buehler accorde une priorit\u00e9 absolue \u00e0 la sant\u00e9, la s\u00e9curit\u00e9 et l\u2019engagement de ses clients. Un suivi strict de leurs retours nous aide \u00e0 parfaitement cerner les imp\u00e9ratifs particuliers de leur r\u00e9gion, leur secteur et leurs applications afin d\u2019y r\u00e9pondre.<\/p>\t\t\t\t\t\t\t\t<\/div>\n\t\t\t\t<\/div>\n\t\t\t\t<div class=\"elementor-element elementor-element-27509901 elementor-align-justify elementor-widget elementor-widget-button\" data-id=\"27509901\" data-element_type=\"widget\" data-e-type=\"widget\" data-widget_type=\"button.default\">\n\t\t\t\t<div class=\"elementor-widget-container\">\n\t\t\t\t\t\t\t\t\t<div class=\"elementor-button-wrapper\">\n\t\t\t\t\t<a class=\"elementor-button elementor-button-link elementor-size-sm elementor-animation-shrink\" href=\"https:\/\/www.buehler.com\/fr\/solutions\/buehler-solutions\/des-consommables-longue-duree-ecoresponsables-pour-la-metallurgie\/\">\n\t\t\t\t\t\t<span class=\"elementor-button-content-wrapper\">\n\t\t\t\t\t\t\t\t\t<span class=\"elementor-button-text\">Plus<\/span>\n\t\t\t\t\t<\/span>\n\t\t\t\t\t<\/a>\n\t\t\t\t<\/div>\n\t\t\t\t\t\t\t\t<\/div>\n\t\t\t\t<\/div>\n\t\t\t\t\t<\/div>\n\t\t<\/div>\n\t\t\t\t<div class=\"elementor-column elementor-col-50 elementor-inner-column elementor-element elementor-element-1796193f\" data-id=\"1796193f\" data-element_type=\"column\" data-e-type=\"column\" data-settings=\"{&quot;background_background&quot;:&quot;classic&quot;}\">\n\t\t\t<div class=\"elementor-widget-wrap\">\n\t\t\t\t\t\t\t<\/div>\n\t\t<\/div>\n\t\t\t\t\t<\/div>\n\t\t<\/section>\n\t\t\t\t\t<\/div>\n\t\t<\/div>\n\t\t\t\t\t<\/div>\n\t\t<\/section>\n\t\t\t\t<\/div>\n\t\t","protected":false},"excerpt":{"rendered":"<p>Buehler Solutions Trouvez des solutions compl\u00e8tes pour l&#8217;industrie de laboratoire pour vos applications. Inscrivez-vous au cours de formation Buehler SumMet ou trouvez une m\u00e9thode sp\u00e9cifique en recherchant votre mat\u00e9riel. Trouver une solution Trouvez la solution industrielle pour votre application Lorsque l&#8217;\u00e9chec n&#8217;est pas une option et que la validation est primordiale, associez-vous \u00e0 Buehler, le [&hellip;]<\/p>\n","protected":false},"author":1,"featured_media":0,"parent":7,"menu_order":0,"comment_status":"closed","ping_status":"closed","template":"","meta":{"footnotes":""},"class_list":["post-9641","page","type-page","status-publish","hentry"],"_links":{"self":[{"href":"https:\/\/www.buehler.com\/fr\/wp-json\/wp\/v2\/pages\/9641","targetHints":{"allow":["GET"]}}],"collection":[{"href":"https:\/\/www.buehler.com\/fr\/wp-json\/wp\/v2\/pages"}],"about":[{"href":"https:\/\/www.buehler.com\/fr\/wp-json\/wp\/v2\/types\/page"}],"author":[{"embeddable":true,"href":"https:\/\/www.buehler.com\/fr\/wp-json\/wp\/v2\/users\/1"}],"replies":[{"embeddable":true,"href":"https:\/\/www.buehler.com\/fr\/wp-json\/wp\/v2\/comments?post=9641"}],"version-history":[{"count":42,"href":"https:\/\/www.buehler.com\/fr\/wp-json\/wp\/v2\/pages\/9641\/revisions"}],"predecessor-version":[{"id":18046,"href":"https:\/\/www.buehler.com\/fr\/wp-json\/wp\/v2\/pages\/9641\/revisions\/18046"}],"up":[{"embeddable":true,"href":"https:\/\/www.buehler.com\/fr\/wp-json\/wp\/v2\/pages\/7"}],"wp:attachment":[{"href":"https:\/\/www.buehler.com\/fr\/wp-json\/wp\/v2\/media?parent=9641"}],"curies":[{"name":"wp","href":"https:\/\/api.w.org\/{rel}","templated":true}]}}