{"id":9567,"date":"2021-10-21T10:20:06","date_gmt":"2021-10-21T08:20:06","guid":{"rendered":"https:\/\/buehler.com\/fr\/?page_id=9567"},"modified":"2022-06-08T19:44:27","modified_gmt":"2022-06-08T17:44:27","slug":"profil-de-lentreprise","status":"publish","type":"page","link":"https:\/\/www.buehler.com\/fr\/a-propos-de\/profil-de-lentreprise\/","title":{"rendered":"Profil de l&#8217;entreprise"},"content":{"rendered":"\t\t<div data-elementor-type=\"wp-page\" data-elementor-id=\"9567\" class=\"elementor elementor-9567\" data-elementor-post-type=\"page\">\n\t\t\t\t\t\t<section data-particle_enable=\"false\" data-particle-mobile-disabled=\"false\" class=\"elementor-section elementor-top-section elementor-element elementor-element-c2f2cbc elementor-section-full_width elementor-section-height-min-height elementor-section-height-default elementor-section-items-middle\" data-id=\"c2f2cbc\" data-element_type=\"section\" data-e-type=\"section\" data-settings=\"{&quot;background_background&quot;:&quot;classic&quot;}\">\n\t\t\t\t\t\t<div class=\"elementor-container elementor-column-gap-default\">\n\t\t\t\t\t<div class=\"elementor-column elementor-col-100 elementor-top-column elementor-element elementor-element-3fffd516\" data-id=\"3fffd516\" data-element_type=\"column\" data-e-type=\"column\">\n\t\t\t<div class=\"elementor-widget-wrap elementor-element-populated\">\n\t\t\t\t\t\t<div class=\"elementor-element elementor-element-240312a0 elementor-widget elementor-widget-heading\" data-id=\"240312a0\" data-element_type=\"widget\" data-e-type=\"widget\" data-widget_type=\"heading.default\">\n\t\t\t\t<div class=\"elementor-widget-container\">\n\t\t\t\t\t<h1 class=\"elementor-heading-title elementor-size-default\">Profil de l'entreprise<\/h1>\t\t\t\t<\/div>\n\t\t\t\t<\/div>\n\t\t\t\t\t<\/div>\n\t\t<\/div>\n\t\t\t\t\t<\/div>\n\t\t<\/section>\n\t\t\t\t<section data-particle_enable=\"false\" data-particle-mobile-disabled=\"false\" class=\"elementor-section elementor-top-section elementor-element elementor-element-49b30ad4 elementor-section-boxed elementor-section-height-default elementor-section-height-default\" data-id=\"49b30ad4\" data-element_type=\"section\" data-e-type=\"section\">\n\t\t\t\t\t\t<div class=\"elementor-container elementor-column-gap-default\">\n\t\t\t\t\t<div class=\"elementor-column elementor-col-100 elementor-top-column elementor-element elementor-element-62addb49\" data-id=\"62addb49\" data-element_type=\"column\" data-e-type=\"column\">\n\t\t\t<div class=\"elementor-widget-wrap elementor-element-populated\">\n\t\t\t\t\t\t<div class=\"elementor-element elementor-element-7bd29f9 elementor-widget elementor-widget-text-editor\" data-id=\"7bd29f9\" data-element_type=\"widget\" data-e-type=\"widget\" data-widget_type=\"text-editor.default\">\n\t\t\t\t<div class=\"elementor-widget-container\">\n\t\t\t\t\t\t\t\t\t<p>Buehler est une division d&#8217;Illinois Tool Works (ITW), dont le si\u00e8ge social se trouve \u00e0 Lake Bluff, Illinois. ITW est une soci\u00e9t\u00e9 internationale appartenant au Fortune 200 et un fournisseur mondial de consommables \u00e0 valeur ajout\u00e9e et d&#8217;\u00e9quipements sp\u00e9cialis\u00e9s et des services associ\u00e9s. Buehler fabrique des fournitures et des \u00e9quipements scientifiques s&#8217;utilisant dans l&#8217;analyse des mat\u00e9riaux. La soci\u00e9t\u00e9 poss\u00e8de des bureaux dans neuf pays, distribue ses produits dans plus de 100 pays et compte plus de 45 Centres de solutions Buehler.<\/p><p>Buehler fut fond\u00e9e en 1936 par un immigrant suisse, Adolph I. Buehler, qui avait d\u00e9tect\u00e9 un besoin en \u00e9quipement de pr\u00e9paration d&#8217;\u00e9chantillons m\u00e9tallographiques et d&#8217;instruments d&#8217;inspection optique pour les industries de l&#8217;automobile et de l&#8217;acier dans le Midwest (\u00c9tats-Unis). Quatre-vingts ans plus tard, Buehler est bien \u00e9tabli en tant que plus grand fournisseur d&#8217;instruments de pr\u00e9paration et d&#8217;analyse de mat\u00e9riaux, d&#8217;\u00e9quipements, de consommables et de solutions d&#8217;applications.<\/p><p>Pendant plus de 100 ans, Reicherter, Wolpert, Rockwell et Wilson ont con\u00e7u et fabriqu\u00e9 des durom\u00e8tres innovants et uniques. Aujourd&#8217;hui, Buehler poursuit sur cette voie avec de nouveaux concepts et de nouvelles technologies pour faire face \u00e0 la demande grandissante. En 2011, Wilson Hardness a rejoint Buehler pour renforcer son offre de produits.<\/p><p>Les employ\u00e9s et les sites de Buehler s&#8217;inscrivent dans la volont\u00e9 de proposer des produits de qualit\u00e9 et respectueux de l&#8217;environnement, fond\u00e9s sur les principes de gestion de la qualit\u00e9 ISO 9001 et sur les syst\u00e8mes de gestion environnementaux ISO 14001. Buehler cr\u00e9e des solutions et propose un support et des services d&#8217;experts pour l&#8217;ensemble du march\u00e9 de la pr\u00e9paration et l&#8217;analyse des mat\u00e9riaux.<\/p>\t\t\t\t\t\t\t\t<\/div>\n\t\t\t\t<\/div>\n\t\t\t\t\t<\/div>\n\t\t<\/div>\n\t\t\t\t\t<\/div>\n\t\t<\/section>\n\t\t\t\t<section data-particle_enable=\"false\" data-particle-mobile-disabled=\"false\" class=\"elementor-section elementor-top-section elementor-element elementor-element-c7d3bea elementor-section-boxed elementor-section-height-default elementor-section-height-default\" data-id=\"c7d3bea\" data-element_type=\"section\" data-e-type=\"section\">\n\t\t\t\t\t\t<div class=\"elementor-container elementor-column-gap-default\">\n\t\t\t\t\t<div class=\"elementor-column elementor-col-100 elementor-top-column elementor-element elementor-element-9a02b56\" data-id=\"9a02b56\" data-element_type=\"column\" data-e-type=\"column\">\n\t\t\t<div class=\"elementor-widget-wrap elementor-element-populated\">\n\t\t\t\t\t\t<section data-particle_enable=\"false\" data-particle-mobile-disabled=\"false\" class=\"elementor-section elementor-inner-section elementor-element elementor-element-10d0313 elementor-section-boxed elementor-section-height-default elementor-section-height-default\" data-id=\"10d0313\" data-element_type=\"section\" data-e-type=\"section\">\n\t\t\t\t\t\t<div class=\"elementor-container elementor-column-gap-default\">\n\t\t\t\t\t<div class=\"elementor-column elementor-col-33 elementor-inner-column elementor-element elementor-element-1993e30\" data-id=\"1993e30\" data-element_type=\"column\" data-e-type=\"column\">\n\t\t\t<div class=\"elementor-widget-wrap elementor-element-populated\">\n\t\t\t\t\t\t<div class=\"elementor-element elementor-element-2901a8f elementor-view-framed elementor-shape-circle elementor-widget elementor-widget-icon\" data-id=\"2901a8f\" data-element_type=\"widget\" data-e-type=\"widget\" data-widget_type=\"icon.default\">\n\t\t\t\t<div class=\"elementor-widget-container\">\n\t\t\t\t\t\t\t<div class=\"elementor-icon-wrapper\">\n\t\t\t<div class=\"elementor-icon\">\n\t\t\t<i aria-hidden=\"true\" class=\"fad fa-wrench\"><\/i>\t\t\t<\/div>\n\t\t<\/div>\n\t\t\t\t\t\t<\/div>\n\t\t\t\t<\/div>\n\t\t\t\t<div class=\"elementor-element elementor-element-f91ab41 elementor-widget elementor-widget-counter\" data-id=\"f91ab41\" data-element_type=\"widget\" data-e-type=\"widget\" data-widget_type=\"counter.default\">\n\t\t\t\t<div class=\"elementor-widget-container\">\n\t\t\t\t\t\t\t<div class=\"elementor-counter\">\n\t\t\t<div class=\"elementor-counter-title\">Centers de Service<\/div>\t\t\t<div class=\"elementor-counter-number-wrapper\">\n\t\t\t\t<span class=\"elementor-counter-number-prefix\"><\/span>\n\t\t\t\t<span class=\"elementor-counter-number\" data-duration=\"2000\" data-to-value=\"4\" data-from-value=\"0\" data-delimiter=\",\">0<\/span>\n\t\t\t\t<span class=\"elementor-counter-number-suffix\"><\/span>\n\t\t\t<\/div>\n\t\t<\/div>\n\t\t\t\t\t\t<\/div>\n\t\t\t\t<\/div>\n\t\t\t\t\t<\/div>\n\t\t<\/div>\n\t\t\t\t<div class=\"elementor-column elementor-col-33 elementor-inner-column elementor-element elementor-element-7d62445\" data-id=\"7d62445\" data-element_type=\"column\" data-e-type=\"column\">\n\t\t\t<div class=\"elementor-widget-wrap elementor-element-populated\">\n\t\t\t\t\t\t<div class=\"elementor-element elementor-element-78cb8e1 elementor-view-framed elementor-shape-circle elementor-widget elementor-widget-icon\" data-id=\"78cb8e1\" data-element_type=\"widget\" data-e-type=\"widget\" data-widget_type=\"icon.default\">\n\t\t\t\t<div class=\"elementor-widget-container\">\n\t\t\t\t\t\t\t<div class=\"elementor-icon-wrapper\">\n\t\t\t<div class=\"elementor-icon\">\n\t\t\t<i aria-hidden=\"true\" class=\"fad fa-users\"><\/i>\t\t\t<\/div>\n\t\t<\/div>\n\t\t\t\t\t\t<\/div>\n\t\t\t\t<\/div>\n\t\t\t\t<div class=\"elementor-element elementor-element-e5fb1bc elementor-widget elementor-widget-counter\" data-id=\"e5fb1bc\" data-element_type=\"widget\" data-e-type=\"widget\" data-widget_type=\"counter.default\">\n\t\t\t\t<div class=\"elementor-widget-container\">\n\t\t\t\t\t\t\t<div class=\"elementor-counter\">\n\t\t\t<div class=\"elementor-counter-title\">Des Employ\u00e9s<\/div>\t\t\t<div class=\"elementor-counter-number-wrapper\">\n\t\t\t\t<span class=\"elementor-counter-number-prefix\"><\/span>\n\t\t\t\t<span class=\"elementor-counter-number\" data-duration=\"2000\" data-to-value=\"275\" data-from-value=\"0\" data-delimiter=\",\">0<\/span>\n\t\t\t\t<span class=\"elementor-counter-number-suffix\">+<\/span>\n\t\t\t<\/div>\n\t\t<\/div>\n\t\t\t\t\t\t<\/div>\n\t\t\t\t<\/div>\n\t\t\t\t\t<\/div>\n\t\t<\/div>\n\t\t\t\t<div class=\"elementor-column elementor-col-33 elementor-inner-column elementor-element elementor-element-31c8c5f\" data-id=\"31c8c5f\" data-element_type=\"column\" data-e-type=\"column\">\n\t\t\t<div class=\"elementor-widget-wrap elementor-element-populated\">\n\t\t\t\t\t\t<div class=\"elementor-element elementor-element-793befa elementor-view-framed elementor-shape-circle elementor-widget elementor-widget-icon\" data-id=\"793befa\" data-element_type=\"widget\" data-e-type=\"widget\" data-widget_type=\"icon.default\">\n\t\t\t\t<div class=\"elementor-widget-container\">\n\t\t\t\t\t\t\t<div class=\"elementor-icon-wrapper\">\n\t\t\t<div class=\"elementor-icon\">\n\t\t\t<i aria-hidden=\"true\" class=\"fad fa-certificate\"><\/i>\t\t\t<\/div>\n\t\t<\/div>\n\t\t\t\t\t\t<\/div>\n\t\t\t\t<\/div>\n\t\t\t\t<div class=\"elementor-element elementor-element-430c5e1 elementor-widget elementor-widget-counter\" data-id=\"430c5e1\" data-element_type=\"widget\" data-e-type=\"widget\" data-widget_type=\"counter.default\">\n\t\t\t\t<div class=\"elementor-widget-container\">\n\t\t\t\t\t\t\t<div class=\"elementor-counter\">\n\t\t\t<div class=\"elementor-counter-title\">Centres partenaires en 19 des pays<\/div>\t\t\t<div class=\"elementor-counter-number-wrapper\">\n\t\t\t\t<span class=\"elementor-counter-number-prefix\"><\/span>\n\t\t\t\t<span class=\"elementor-counter-number\" data-duration=\"2000\" data-to-value=\"45\" data-from-value=\"0\" data-delimiter=\",\">0<\/span>\n\t\t\t\t<span class=\"elementor-counter-number-suffix\"><\/span>\n\t\t\t<\/div>\n\t\t<\/div>\n\t\t\t\t\t\t<\/div>\n\t\t\t\t<\/div>\n\t\t\t\t\t<\/div>\n\t\t<\/div>\n\t\t\t\t\t<\/div>\n\t\t<\/section>\n\t\t\t\t<section data-particle_enable=\"false\" data-particle-mobile-disabled=\"false\" class=\"elementor-section elementor-inner-section elementor-element elementor-element-eda2f7c elementor-section-boxed elementor-section-height-default elementor-section-height-default\" data-id=\"eda2f7c\" data-element_type=\"section\" data-e-type=\"section\">\n\t\t\t\t\t\t<div class=\"elementor-container elementor-column-gap-default\">\n\t\t\t\t\t<div class=\"elementor-column elementor-col-33 elementor-inner-column elementor-element elementor-element-4eb5cc3\" data-id=\"4eb5cc3\" data-element_type=\"column\" data-e-type=\"column\">\n\t\t\t<div class=\"elementor-widget-wrap elementor-element-populated\">\n\t\t\t\t\t\t<div class=\"elementor-element elementor-element-b8ffd63 elementor-view-framed elementor-shape-circle elementor-widget elementor-widget-icon\" data-id=\"b8ffd63\" data-element_type=\"widget\" data-e-type=\"widget\" data-widget_type=\"icon.default\">\n\t\t\t\t<div class=\"elementor-widget-container\">\n\t\t\t\t\t\t\t<div class=\"elementor-icon-wrapper\">\n\t\t\t<div class=\"elementor-icon\">\n\t\t\t<i aria-hidden=\"true\" class=\"fad fa-flask\"><\/i>\t\t\t<\/div>\n\t\t<\/div>\n\t\t\t\t\t\t<\/div>\n\t\t\t\t<\/div>\n\t\t\t\t<div class=\"elementor-element elementor-element-2885a7b elementor-widget elementor-widget-counter\" data-id=\"2885a7b\" data-element_type=\"widget\" data-e-type=\"widget\" data-widget_type=\"counter.default\">\n\t\t\t\t<div class=\"elementor-widget-container\">\n\t\t\t\t\t\t\t<div class=\"elementor-counter\">\n\t\t\t<div class=\"elementor-counter-title\">Insallations de laboratoire<\/div>\t\t\t<div class=\"elementor-counter-number-wrapper\">\n\t\t\t\t<span class=\"elementor-counter-number-prefix\"><\/span>\n\t\t\t\t<span class=\"elementor-counter-number\" data-duration=\"2000\" data-to-value=\"8\" data-from-value=\"0\" data-delimiter=\",\">0<\/span>\n\t\t\t\t<span class=\"elementor-counter-number-suffix\"><\/span>\n\t\t\t<\/div>\n\t\t<\/div>\n\t\t\t\t\t\t<\/div>\n\t\t\t\t<\/div>\n\t\t\t\t\t<\/div>\n\t\t<\/div>\n\t\t\t\t<div class=\"elementor-column elementor-col-33 elementor-inner-column elementor-element elementor-element-ebe6d8f\" data-id=\"ebe6d8f\" data-element_type=\"column\" data-e-type=\"column\">\n\t\t\t<div class=\"elementor-widget-wrap elementor-element-populated\">\n\t\t\t\t\t\t<div class=\"elementor-element elementor-element-eac9d25 elementor-view-framed elementor-shape-circle elementor-widget elementor-widget-icon\" data-id=\"eac9d25\" data-element_type=\"widget\" data-e-type=\"widget\" data-widget_type=\"icon.default\">\n\t\t\t\t<div class=\"elementor-widget-container\">\n\t\t\t\t\t\t\t<div class=\"elementor-icon-wrapper\">\n\t\t\t<div class=\"elementor-icon\">\n\t\t\t<i aria-hidden=\"true\" class=\"fad fa-globe-stand\"><\/i>\t\t\t<\/div>\n\t\t<\/div>\n\t\t\t\t\t\t<\/div>\n\t\t\t\t<\/div>\n\t\t\t\t<div class=\"elementor-element elementor-element-e7b55fc elementor-widget elementor-widget-counter\" data-id=\"e7b55fc\" data-element_type=\"widget\" data-e-type=\"widget\" data-widget_type=\"counter.default\">\n\t\t\t\t<div class=\"elementor-widget-container\">\n\t\t\t\t\t\t\t<div class=\"elementor-counter\">\n\t\t\t<div class=\"elementor-counter-title\">Lieux de vente et de distribution<\/div>\t\t\t<div class=\"elementor-counter-number-wrapper\">\n\t\t\t\t<span class=\"elementor-counter-number-prefix\"><\/span>\n\t\t\t\t<span class=\"elementor-counter-number\" data-duration=\"2000\" data-to-value=\"80\" data-from-value=\"0\" data-delimiter=\",\">0<\/span>\n\t\t\t\t<span class=\"elementor-counter-number-suffix\">+<\/span>\n\t\t\t<\/div>\n\t\t<\/div>\n\t\t\t\t\t\t<\/div>\n\t\t\t\t<\/div>\n\t\t\t\t\t<\/div>\n\t\t<\/div>\n\t\t\t\t<div class=\"elementor-column elementor-col-33 elementor-inner-column elementor-element elementor-element-ef037fc\" data-id=\"ef037fc\" data-element_type=\"column\" data-e-type=\"column\">\n\t\t\t<div class=\"elementor-widget-wrap elementor-element-populated\">\n\t\t\t\t\t\t<div class=\"elementor-element elementor-element-6fecf0c elementor-view-framed elementor-shape-circle elementor-widget elementor-widget-icon\" data-id=\"6fecf0c\" data-element_type=\"widget\" data-e-type=\"widget\" data-widget_type=\"icon.default\">\n\t\t\t\t<div class=\"elementor-widget-container\">\n\t\t\t\t\t\t\t<div class=\"elementor-icon-wrapper\">\n\t\t\t<div class=\"elementor-icon\">\n\t\t\t<i aria-hidden=\"true\" class=\"fad fa-building\"><\/i>\t\t\t<\/div>\n\t\t<\/div>\n\t\t\t\t\t\t<\/div>\n\t\t\t\t<\/div>\n\t\t\t\t<div class=\"elementor-element elementor-element-c8bb289 elementor-widget elementor-widget-counter\" data-id=\"c8bb289\" data-element_type=\"widget\" data-e-type=\"widget\" data-widget_type=\"counter.default\">\n\t\t\t\t<div class=\"elementor-widget-container\">\n\t\t\t\t\t\t\t<div class=\"elementor-counter\">\n\t\t\t<div class=\"elementor-counter-title\">Installations de fabrication mondiiales<\/div>\t\t\t<div class=\"elementor-counter-number-wrapper\">\n\t\t\t\t<span class=\"elementor-counter-number-prefix\"><\/span>\n\t\t\t\t<span class=\"elementor-counter-number\" data-duration=\"2000\" data-to-value=\"2\" data-from-value=\"0\" data-delimiter=\",\">0<\/span>\n\t\t\t\t<span class=\"elementor-counter-number-suffix\"><\/span>\n\t\t\t<\/div>\n\t\t<\/div>\n\t\t\t\t\t\t<\/div>\n\t\t\t\t<\/div>\n\t\t\t\t\t<\/div>\n\t\t<\/div>\n\t\t\t\t\t<\/div>\n\t\t<\/section>\n\t\t\t\t<div class=\"elementor-element elementor-element-edab542 elementor-widget-divider--view-line_text elementor-widget-divider--element-align-center elementor-widget elementor-widget-divider\" data-id=\"edab542\" data-element_type=\"widget\" data-e-type=\"widget\" data-widget_type=\"divider.default\">\n\t\t\t\t<div class=\"elementor-widget-container\">\n\t\t\t\t\t\t\t<div class=\"elementor-divider\">\n\t\t\t<span class=\"elementor-divider-separator\">\n\t\t\t\t\t\t\t<h2 class=\"elementor-divider__text elementor-divider__element\">\n\t\t\t\t\u00c0 propos de\t\t\t\t<\/h2>\n\t\t\t\t\t\t<\/span>\n\t\t<\/div>\n\t\t\t\t\t\t<\/div>\n\t\t\t\t<\/div>\n\t\t\t\t<div class=\"elementor-element elementor-element-c0ae236 elementor-widget elementor-widget-html\" data-id=\"c0ae236\" data-element_type=\"widget\" data-e-type=\"widget\" data-widget_type=\"html.default\">\n\t\t\t\t<div class=\"elementor-widget-container\">\n\t\t\t\t\t<script src=\"https:\/\/fast.wistia.com\/assets\/external\/channel.js\" async><\/script><link rel=\"stylesheet\" href=\"https:\/\/fast.wistia.com\/embed\/channel\/project\/oa9e8rwla3\/font.css\" \/><div class=\"wistia_channel wistia_async_oa9e8rwla3 mode=inline\" style=\"min-height:100vh;position:relative;width:100%;\"><\/div>\t\t\t\t<\/div>\n\t\t\t\t<\/div>\n\t\t\t\t<div class=\"elementor-element elementor-element-ff384c1 elementor-widget elementor-widget-text-editor\" data-id=\"ff384c1\" data-element_type=\"widget\" data-e-type=\"widget\" data-widget_type=\"text-editor.default\">\n\t\t\t\t<div class=\"elementor-widget-container\">\n\t\t\t\t\t\t\t\t\t<p>Buehler fut fond\u00e9e en 1936 par un immigrant suisse, Adolph I. Buehler, qui avait d\u00e9tect\u00e9 un besoin en \u00e9quipement de pr\u00e9paration d&#8217;\u00e9chantillons m\u00e9tallographiques et d&#8217;instruments d&#8217;inspection optique pour les industries de l&#8217;automobile et de l&#8217;acier dans le Midwest (\u00c9tats-Unis). Quatre-vingts ans plus tard, Buehler est bien \u00e9tabli en tant que plus grand fournisseur d&#8217;instruments de pr\u00e9paration et d&#8217;analyse de mat\u00e9riaux, d&#8217;\u00e9quipements, de consommables et de solutions d&#8217;applications.<\/p><p>Avec des bureaux dans 9 pays, employant plus de 300 employ\u00e9s, Buehler cr\u00e9e l&#8217;infrastructure n\u00e9cessaire pour r\u00e9pondre aux divers besoins de nos clients. Dans le monde entier, les employ\u00e9s et les op\u00e9rations de Buehler s&#8217;engagent \u00e0 fournir des produits de qualit\u00e9 et respectueux de l&#8217;environnement, conform\u00e9ment aux principes de gestion de la qualit\u00e9 ISO 9001 et aux syst\u00e8mes de gestion de l&#8217;environnement ISO 14001.<\/p><p>Les produits et les m\u00e9thodes d&#8217;analyse de Buehler sont appliqu\u00e9s dans les laboratoires de qualit\u00e9, recherche et d\u00e9veloppement et universitaires dans un grand nombre d&#8217;industries, notamment a\u00e9rospatiale et d\u00e9fense, automobile, \u00e9lectronique, \u00e9nergie, m\u00e9dicale et m\u00e9taux de premi\u00e8re transformation. En qualit\u00e9 de fournisseur d&#8217;\u00e9quipement et de consommables scientifiques, Buehler s&#8217;emploie \u00e0 proposer des solutions de valeur \u00e0 ses clients.<\/p><p>Buehler fait partie du segment Test &amp; Measurement d&#8217;ITW. ITW (Illinois Tool Works) est une fabrication industrielle diversifi\u00e9e et mondialis\u00e9e 200 de biens de consommation, d&#8217;\u00e9quipements et de services connexes \u00e0 valeur ajout\u00e9e.<\/p>\t\t\t\t\t\t\t\t<\/div>\n\t\t\t\t<\/div>\n\t\t\t\t<div class=\"elementor-element elementor-element-f83c2b0 elementor-widget-divider--view-line_text elementor-widget-divider--element-align-center elementor-widget elementor-widget-divider\" data-id=\"f83c2b0\" data-element_type=\"widget\" data-e-type=\"widget\" data-widget_type=\"divider.default\">\n\t\t\t\t<div class=\"elementor-widget-container\">\n\t\t\t\t\t\t\t<div class=\"elementor-divider\">\n\t\t\t<span class=\"elementor-divider-separator\">\n\t\t\t\t\t\t\t<h3 class=\"elementor-divider__text elementor-divider__element\">\n\t\t\t\tNotre \u00e9nonc\u00e9 de mission\t\t\t\t<\/h3>\n\t\t\t\t\t\t<\/span>\n\t\t<\/div>\n\t\t\t\t\t\t<\/div>\n\t\t\t\t<\/div>\n\t\t\t\t<div class=\"elementor-element elementor-element-5729ace5 elementor-widget elementor-widget-text-editor\" data-id=\"5729ace5\" data-element_type=\"widget\" data-e-type=\"widget\" data-widget_type=\"text-editor.default\">\n\t\t\t\t<div class=\"elementor-widget-container\">\n\t\t\t\t\t\t\t\t\t<p>La mission de Buehler est d&#8217;\u00eatre reconnu comme le leader mondial du secteur de la pr\u00e9paration et de l&#8217;analyse des mat\u00e9riaux, offrant \u00e0 ses utilisateurs des solutions de laboratoire compl\u00e8tes, innovantes et robustes, un service fiable, un support et un acc\u00e8s Nous nous effor\u00e7ons \u00e9galement d&#8217;atteindre nos objectifs en suivant le mod\u00e8le d&#8217;entreprise d&#8217;ITW, en respectant les valeurs d&#8217;int\u00e9grit\u00e9, de respect, de confiance, de partage des risques et de simplicit\u00e9 de l&#8217;entreprise.<\/p>\t\t\t\t\t\t\t\t<\/div>\n\t\t\t\t<\/div>\n\t\t\t\t<div class=\"elementor-element elementor-element-6fc8ce6 elementor-widget elementor-widget-heading\" data-id=\"6fc8ce6\" data-element_type=\"widget\" data-e-type=\"widget\" data-widget_type=\"heading.default\">\n\t\t\t\t<div class=\"elementor-widget-container\">\n\t\t\t\t\t<h4 class=\"elementor-heading-title elementor-size-default\">Partenaire solide solutions fiables<\/h4>\t\t\t\t<\/div>\n\t\t\t\t<\/div>\n\t\t\t\t<section data-particle_enable=\"false\" data-particle-mobile-disabled=\"false\" class=\"elementor-section elementor-inner-section elementor-element elementor-element-534bcab elementor-section-boxed elementor-section-height-default elementor-section-height-default\" data-id=\"534bcab\" data-element_type=\"section\" data-e-type=\"section\">\n\t\t\t\t\t\t<div class=\"elementor-container elementor-column-gap-default\">\n\t\t\t\t\t<div class=\"elementor-column elementor-col-50 elementor-inner-column elementor-element elementor-element-b5361e6\" data-id=\"b5361e6\" data-element_type=\"column\" data-e-type=\"column\">\n\t\t\t<div class=\"elementor-widget-wrap elementor-element-populated\">\n\t\t\t\t\t\t<div class=\"elementor-element elementor-element-ef36ed3 elementor-widget elementor-widget-image\" data-id=\"ef36ed3\" data-element_type=\"widget\" data-e-type=\"widget\" data-widget_type=\"image.default\">\n\t\t\t\t<div class=\"elementor-widget-container\">\n\t\t\t\t\t\t\t\t\t\t\t\t\t\t\t\t<a href=\"https:\/\/www.itw.com\" target=\"_blank\" rel=\"noopener\">\n\t\t\t\t\t\t\t<img fetchpriority=\"high\" decoding=\"async\" width=\"400\" height=\"136\" src=\"https:\/\/www.buehler.com\/fr\/wp-content\/uploads\/sites\/10\/2021\/10\/ITW.png\" class=\"attachment-large size-large wp-image-10112\" alt=\"Illinois Tool Works\" srcset=\"https:\/\/www.buehler.com\/fr\/wp-content\/uploads\/sites\/10\/2021\/10\/ITW.png 400w, https:\/\/www.buehler.com\/fr\/wp-content\/uploads\/sites\/10\/2021\/10\/ITW-300x102.png 300w\" sizes=\"(max-width: 400px) 100vw, 400px\" \/>\t\t\t\t\t\t\t\t<\/a>\n\t\t\t\t\t\t\t\t\t\t\t\t\t\t\t<\/div>\n\t\t\t\t<\/div>\n\t\t\t\t\t<\/div>\n\t\t<\/div>\n\t\t\t\t<div class=\"elementor-column elementor-col-50 elementor-inner-column elementor-element elementor-element-3bf2fd8\" data-id=\"3bf2fd8\" data-element_type=\"column\" data-e-type=\"column\">\n\t\t\t<div class=\"elementor-widget-wrap elementor-element-populated\">\n\t\t\t\t\t\t<div class=\"elementor-element elementor-element-f2d082f elementor-widget elementor-widget-text-editor\" data-id=\"f2d082f\" data-element_type=\"widget\" data-e-type=\"widget\" data-widget_type=\"text-editor.default\">\n\t\t\t\t<div class=\"elementor-widget-container\">\n\t\t\t\t\t\t\t\t\t<p>Buehler fait partie du segment Test &amp; Measurement d&#8217;ITW. ITW (Illinois Tool Works) est une fabrication industrielle diversifi\u00e9e et mondialis\u00e9e 200 de biens de consommation, d&#8217;\u00e9quipements et de services connexes \u00e0 valeur ajout\u00e9e.<\/p>\t\t\t\t\t\t\t\t<\/div>\n\t\t\t\t<\/div>\n\t\t\t\t\t<\/div>\n\t\t<\/div>\n\t\t\t\t\t<\/div>\n\t\t<\/section>\n\t\t\t\t\t<\/div>\n\t\t<\/div>\n\t\t\t\t\t<\/div>\n\t\t<\/section>\n\t\t\t\t<\/div>\n\t\t","protected":false},"excerpt":{"rendered":"<p>Profil de l&#8217;entreprise Buehler est une division d&#8217;Illinois Tool Works (ITW), dont le si\u00e8ge social se trouve \u00e0 Lake Bluff, Illinois. ITW est une soci\u00e9t\u00e9 internationale appartenant au Fortune 200 et un fournisseur mondial de consommables \u00e0 valeur ajout\u00e9e et d&#8217;\u00e9quipements sp\u00e9cialis\u00e9s et des services associ\u00e9s. Buehler fabrique des fournitures et des \u00e9quipements scientifiques s&#8217;utilisant [&hellip;]<\/p>\n","protected":false},"author":1,"featured_media":0,"parent":5,"menu_order":0,"comment_status":"closed","ping_status":"closed","template":"elementor_header_footer","meta":{"footnotes":""},"class_list":["post-9567","page","type-page","status-publish","hentry"],"_links":{"self":[{"href":"https:\/\/www.buehler.com\/fr\/wp-json\/wp\/v2\/pages\/9567","targetHints":{"allow":["GET"]}}],"collection":[{"href":"https:\/\/www.buehler.com\/fr\/wp-json\/wp\/v2\/pages"}],"about":[{"href":"https:\/\/www.buehler.com\/fr\/wp-json\/wp\/v2\/types\/page"}],"author":[{"embeddable":true,"href":"https:\/\/www.buehler.com\/fr\/wp-json\/wp\/v2\/users\/1"}],"replies":[{"embeddable":true,"href":"https:\/\/www.buehler.com\/fr\/wp-json\/wp\/v2\/comments?post=9567"}],"version-history":[{"count":42,"href":"https:\/\/www.buehler.com\/fr\/wp-json\/wp\/v2\/pages\/9567\/revisions"}],"predecessor-version":[{"id":17055,"href":"https:\/\/www.buehler.com\/fr\/wp-json\/wp\/v2\/pages\/9567\/revisions\/17055"}],"up":[{"embeddable":true,"href":"https:\/\/www.buehler.com\/fr\/wp-json\/wp\/v2\/pages\/5"}],"wp:attachment":[{"href":"https:\/\/www.buehler.com\/fr\/wp-json\/wp\/v2\/media?parent=9567"}],"curies":[{"name":"wp","href":"https:\/\/api.w.org\/{rel}","templated":true}]}}