{"id":9540,"date":"2021-10-21T09:54:08","date_gmt":"2021-10-21T07:54:08","guid":{"rendered":"https:\/\/buehler.com\/fr\/?page_id=9540"},"modified":"2022-06-28T15:30:51","modified_gmt":"2022-06-28T13:30:51","slug":"consommables-pour-les-tests-et-lanalyse-de-la-preparation-des-materiaux","status":"publish","type":"page","link":"https:\/\/www.buehler.com\/fr\/produits\/consommables-pour-les-tests-et-lanalyse-de-la-preparation-des-materiaux\/","title":{"rendered":"Consommables pour les tests et l&#8217;analyse de la pr\u00e9paration des mat\u00e9riaux"},"content":{"rendered":"\t\t<div data-elementor-type=\"wp-page\" data-elementor-id=\"9540\" class=\"elementor elementor-9540\" data-elementor-post-type=\"page\">\n\t\t\t\t\t\t<section data-particle_enable=\"false\" data-particle-mobile-disabled=\"false\" class=\"elementor-section elementor-top-section elementor-element elementor-element-7267c8e7 elementor-section-full_width elementor-section-height-default elementor-section-height-default\" data-id=\"7267c8e7\" data-element_type=\"section\" data-e-type=\"section\">\n\t\t\t\t\t\t<div class=\"elementor-container elementor-column-gap-default\">\n\t\t\t\t\t<div class=\"elementor-column elementor-col-100 elementor-top-column elementor-element elementor-element-43b1a2b3\" data-id=\"43b1a2b3\" data-element_type=\"column\" data-e-type=\"column\">\n\t\t\t<div class=\"elementor-widget-wrap elementor-element-populated\">\n\t\t\t\t\t\t<div class=\"elementor-element elementor-element-50482692 elementor-widget elementor-widget-heading\" data-id=\"50482692\" data-element_type=\"widget\" data-e-type=\"widget\" data-widget_type=\"heading.default\">\n\t\t\t\t<div class=\"elementor-widget-container\">\n\t\t\t\t\t<h1 class=\"elementor-heading-title elementor-size-default\">Consommables pour les tests et l'analyse de la pr\u00e9paration des mat\u00e9riaux<\/h1>\t\t\t\t<\/div>\n\t\t\t\t<\/div>\n\t\t\t\t\t<\/div>\n\t\t<\/div>\n\t\t\t\t\t<\/div>\n\t\t<\/section>\n\t\t\t\t<section data-particle_enable=\"false\" data-particle-mobile-disabled=\"false\" class=\"elementor-section elementor-top-section elementor-element elementor-element-5c25d991 elementor-section-boxed elementor-section-height-default elementor-section-height-default\" data-id=\"5c25d991\" data-element_type=\"section\" data-e-type=\"section\">\n\t\t\t\t\t\t<div class=\"elementor-container elementor-column-gap-default\">\n\t\t\t\t\t<div class=\"elementor-column elementor-col-100 elementor-top-column elementor-element elementor-element-4044dcca\" data-id=\"4044dcca\" data-element_type=\"column\" data-e-type=\"column\">\n\t\t\t<div class=\"elementor-widget-wrap elementor-element-populated\">\n\t\t\t\t\t\t<div class=\"elementor-element elementor-element-4eea30c elementor-widget elementor-widget-text-editor\" data-id=\"4eea30c\" data-element_type=\"widget\" data-e-type=\"widget\" data-widget_type=\"text-editor.default\">\n\t\t\t\t<div class=\"elementor-widget-container\">\n\t\t\t\t\t\t\t\t\t<p>Buehler propose une gamme compl\u00e8te de consommables pour l&#8217;ensemble des processus de pr\u00e9paration et d&#8217;analyse des mat\u00e9riaux. La s\u00e9lection de meules de tron\u00e7onnage, de r\u00e9sines d\u2019enrobage, de supports ou suspensions de polissage ainsi que des blocs \u00e9talon de duret\u00e9 Buehler permet aux laboratoires d&#8217;optimiser leurs processus en fonction de leurs besoins. Les solutions Buehler permettent \u00e9galement aux laboratoires de gagner du temps, d&#8217;am\u00e9liorer la r\u00e9p\u00e9tabilit\u00e9, de r\u00e9duire les d\u00e9chets, de maximiser la dur\u00e9e d&#8217;utilisation et de minimiser l&#8217;exposition des utilisateurs aux risques sanitaires. Trouvez les fournitures m\u00e9tallographiques dont vous avez besoin pour votre laboratoire en cliquant sur les sections des cat\u00e9gories ci-dessous.<\/p>\t\t\t\t\t\t\t\t<\/div>\n\t\t\t\t<\/div>\n\t\t\t\t<div class=\"elementor-element elementor-element-21439607 elementor-position-left elementor-vertical-align-middle elementor-widget elementor-widget-image-box\" data-id=\"21439607\" data-element_type=\"widget\" data-e-type=\"widget\" data-widget_type=\"image-box.default\">\n\t\t\t\t<div class=\"elementor-widget-container\">\n\t\t\t\t\t<div class=\"elementor-image-box-wrapper\"><figure class=\"elementor-image-box-img\"><img fetchpriority=\"high\" decoding=\"async\" width=\"600\" height=\"600\" src=\"https:\/\/www.buehler.com\/fr\/wp-content\/uploads\/sites\/10\/2021\/08\/premium-Abrasive-Cutter-Blades.png\" class=\"attachment-full size-full wp-image-1849\" alt=\"Meules pour Ton\u00e7onneuses Abrasives\" srcset=\"https:\/\/www.buehler.com\/fr\/wp-content\/uploads\/sites\/10\/2021\/08\/premium-Abrasive-Cutter-Blades.png 600w, https:\/\/www.buehler.com\/fr\/wp-content\/uploads\/sites\/10\/2021\/08\/premium-Abrasive-Cutter-Blades-300x300.png 300w, https:\/\/www.buehler.com\/fr\/wp-content\/uploads\/sites\/10\/2021\/08\/premium-Abrasive-Cutter-Blades-150x150.png 150w\" sizes=\"(max-width: 600px) 100vw, 600px\" \/><\/figure><div class=\"elementor-image-box-content\"><h2 class=\"elementor-image-box-title\">Tron\u00e7onnage<\/h2><p class=\"elementor-image-box-description\">La pr\u00e9paration des \u00e9chantillons pour les examens microstructuraux commence par la qualit\u00e9 de la coupe. Un dispositif appropri\u00e9 avec un \u00e9tau ferme et stable minimise la profondeur de la d\u00e9formation sur la surface de l'\u00e9chantillon. Les s\u00e9parateurs et les s\u00e9parateurs de pr\u00e9cision font gagner du temps en limitant les \u00e9tapes n\u00e9cessaires \u00e0 l'analyse des \u00e9chantillons apr\u00e8s la s\u00e9paration. <\/p><\/div><\/div>\t\t\t\t<\/div>\n\t\t\t\t<\/div>\n\t\t\t\t<div class=\"elementor-element elementor-element-5ed41f64 elementor-align-left elementor-widget elementor-widget-button\" data-id=\"5ed41f64\" data-element_type=\"widget\" data-e-type=\"widget\" data-widget_type=\"button.default\">\n\t\t\t\t<div class=\"elementor-widget-container\">\n\t\t\t\t\t\t\t\t\t<div class=\"elementor-button-wrapper\">\n\t\t\t\t\t<a class=\"elementor-button elementor-button-link elementor-size-md\" href=\"https:\/\/www.buehler.com\/fr\/produits\/tronconnage\/\">\n\t\t\t\t\t\t<span class=\"elementor-button-content-wrapper\">\n\t\t\t\t\t\t\t\t\t<span class=\"elementor-button-text\">Plus<\/span>\n\t\t\t\t\t<\/span>\n\t\t\t\t\t<\/a>\n\t\t\t\t<\/div>\n\t\t\t\t\t\t\t\t<\/div>\n\t\t\t\t<\/div>\n\t\t\t\t<div class=\"elementor-element elementor-element-7f06b5df elementor-position-left elementor-vertical-align-middle elementor-widget elementor-widget-image-box\" data-id=\"7f06b5df\" data-element_type=\"widget\" data-e-type=\"widget\" data-widget_type=\"image-box.default\">\n\t\t\t\t<div class=\"elementor-widget-container\">\n\t\t\t\t\t<div class=\"elementor-image-box-wrapper\"><figure class=\"elementor-image-box-img\"><img decoding=\"async\" width=\"580\" height=\"600\" src=\"https:\/\/www.buehler.com\/fr\/wp-content\/uploads\/sites\/10\/2021\/09\/203200500-PhenocureRedMount.jpg\" class=\"attachment-full size-full wp-image-4955\" alt=\"R\u00e9sines pour enrobage \u00e0 chaud\" srcset=\"https:\/\/www.buehler.com\/fr\/wp-content\/uploads\/sites\/10\/2021\/09\/203200500-PhenocureRedMount.jpg 580w, https:\/\/www.buehler.com\/fr\/wp-content\/uploads\/sites\/10\/2021\/09\/203200500-PhenocureRedMount-290x300.jpg 290w\" sizes=\"(max-width: 580px) 100vw, 580px\" \/><\/figure><div class=\"elementor-image-box-content\"><h3 class=\"elementor-image-box-title\">Enrobage<\/h3><p class=\"elementor-image-box-description\">Les raisons de l'incorporation sont une meilleure manipulation de l'\u00e9chantillon et la pr\u00e9servation de la nettet\u00e9 des bords. Lorsque vous d\u00e9cidez de la technique d'int\u00e9gration \u00e0 utiliser, tenez compte de la taille et de la g\u00e9om\u00e9trie de votre \u00e9chantillon, de sa sensibilit\u00e9 \u00e0 la chaleur et du d\u00e9bit requis.<\/p><\/div><\/div>\t\t\t\t<\/div>\n\t\t\t\t<\/div>\n\t\t\t\t<div class=\"elementor-element elementor-element-69773c88 elementor-align-left elementor-widget elementor-widget-button\" data-id=\"69773c88\" data-element_type=\"widget\" data-e-type=\"widget\" data-widget_type=\"button.default\">\n\t\t\t\t<div class=\"elementor-widget-container\">\n\t\t\t\t\t\t\t\t\t<div class=\"elementor-button-wrapper\">\n\t\t\t\t\t<a class=\"elementor-button elementor-button-link elementor-size-md\" href=\"https:\/\/www.buehler.com\/fr\/produits\/enrobage\/\">\n\t\t\t\t\t\t<span class=\"elementor-button-content-wrapper\">\n\t\t\t\t\t\t\t\t\t<span class=\"elementor-button-text\">Plus<\/span>\n\t\t\t\t\t<\/span>\n\t\t\t\t\t<\/a>\n\t\t\t\t<\/div>\n\t\t\t\t\t\t\t\t<\/div>\n\t\t\t\t<\/div>\n\t\t\t\t<div class=\"elementor-element elementor-element-91066a1 elementor-position-left elementor-vertical-align-middle elementor-widget elementor-widget-image-box\" data-id=\"91066a1\" data-element_type=\"widget\" data-e-type=\"widget\" data-widget_type=\"image-box.default\">\n\t\t\t\t<div class=\"elementor-widget-container\">\n\t\t\t\t\t<div class=\"elementor-image-box-wrapper\"><figure class=\"elementor-image-box-img\"><img decoding=\"async\" width=\"600\" height=\"600\" src=\"https:\/\/www.buehler.com\/fr\/wp-content\/uploads\/sites\/10\/2021\/08\/GP-Family-600x600-1.png\" class=\"attachment-full size-full wp-image-1663\" alt=\"Consumables for Metallographic Testing and Analysis\" srcset=\"https:\/\/www.buehler.com\/fr\/wp-content\/uploads\/sites\/10\/2021\/08\/GP-Family-600x600-1.png 600w, https:\/\/www.buehler.com\/fr\/wp-content\/uploads\/sites\/10\/2021\/08\/GP-Family-600x600-1-300x300.png 300w, https:\/\/www.buehler.com\/fr\/wp-content\/uploads\/sites\/10\/2021\/08\/GP-Family-600x600-1-150x150.png 150w\" sizes=\"(max-width: 600px) 100vw, 600px\" \/><\/figure><div class=\"elementor-image-box-content\"><h4 class=\"elementor-image-box-title\">Pr\u00e9polissage et Polissage<\/h4><p class=\"elementor-image-box-description\">Les processus de meulage et de polissage sont utilis\u00e9s pour pr\u00e9parer un \u00e9chantillon avec le moins de d\u00e9formation possible pour permettre l'analyse de l'\u00e9chantillon. Il existe une vari\u00e9t\u00e9 de m\u00e9thodes de pr\u00e9paration adapt\u00e9es \u00e0 chaque mat\u00e9riau. Que vous ayez besoin du processus de pr\u00e9paration le plus rapide, de la meilleure qualit\u00e9 de surface ou d'une m\u00e9thode de pr\u00e9paration polyvalente, Buehler a la meilleure solution pour vous.<\/p><\/div><\/div>\t\t\t\t<\/div>\n\t\t\t\t<\/div>\n\t\t\t\t<div class=\"elementor-element elementor-element-7fc1622 elementor-align-left elementor-widget elementor-widget-button\" data-id=\"7fc1622\" data-element_type=\"widget\" data-e-type=\"widget\" data-widget_type=\"button.default\">\n\t\t\t\t<div class=\"elementor-widget-container\">\n\t\t\t\t\t\t\t\t\t<div class=\"elementor-button-wrapper\">\n\t\t\t\t\t<a class=\"elementor-button elementor-button-link elementor-size-md\" href=\"https:\/\/www.buehler.com\/fr\/produits\/prepolissage-et-polissage\/\">\n\t\t\t\t\t\t<span class=\"elementor-button-content-wrapper\">\n\t\t\t\t\t\t\t\t\t<span class=\"elementor-button-text\">Plus<\/span>\n\t\t\t\t\t<\/span>\n\t\t\t\t\t<\/a>\n\t\t\t\t<\/div>\n\t\t\t\t\t\t\t\t<\/div>\n\t\t\t\t<\/div>\n\t\t\t\t<div class=\"elementor-element elementor-element-66679106 elementor-position-left elementor-vertical-align-middle elementor-widget elementor-widget-image-box\" data-id=\"66679106\" data-element_type=\"widget\" data-e-type=\"widget\" data-widget_type=\"image-box.default\">\n\t\t\t\t<div class=\"elementor-widget-container\">\n\t\t\t\t\t<div class=\"elementor-image-box-wrapper\"><figure class=\"elementor-image-box-img\"><img loading=\"lazy\" decoding=\"async\" width=\"600\" height=\"600\" src=\"https:\/\/www.buehler.com\/fr\/wp-content\/uploads\/sites\/10\/2021\/10\/Modular.jpg\" class=\"attachment-full size-full wp-image-8278\" alt=\"OmniMet Software for Image and Analysis\" srcset=\"https:\/\/www.buehler.com\/fr\/wp-content\/uploads\/sites\/10\/2021\/10\/Modular.jpg 600w, https:\/\/www.buehler.com\/fr\/wp-content\/uploads\/sites\/10\/2021\/10\/Modular-300x300.jpg 300w, https:\/\/www.buehler.com\/fr\/wp-content\/uploads\/sites\/10\/2021\/10\/Modular-150x150.jpg 150w\" sizes=\"(max-width: 600px) 100vw, 600px\" \/><\/figure><div class=\"elementor-image-box-content\"><h4 class=\"elementor-image-box-title\"> Modules logiciels OmniMet\u2122 et fonctionnalit\u00e9s<\/h4><p class=\"elementor-image-box-description\">OmniMet\u2122 offre de puissantes possibilit\u00e9s d\u2019analyse d\u2019image associ\u00e9es aux fonctionnalit\u00e9s d\u2019une base de donn\u00e9es flexible. Personnalisez OmniMet avec des fonctions de mesure intuitives et conviviales par pointer-cliquer, des routines d\u2019analyse pr\u00e9programm\u00e9es ou des possibilit\u00e9s d\u2019ex\u00e9cution de scripts d\u2019analyse g\u00e9r\u00e9s par l\u2019utilisateur. La base de donn\u00e9es utilise une architecture \u00e0 niveaux multiples pour organiser logiquement de nombreuses donn\u00e9es utilisateur et d\u2019images avec une facilit\u00e9 d\u00e9concertante.<\/p><\/div><\/div>\t\t\t\t<\/div>\n\t\t\t\t<\/div>\n\t\t\t\t<div class=\"elementor-element elementor-element-1e13ade7 elementor-align-left elementor-widget elementor-widget-button\" data-id=\"1e13ade7\" data-element_type=\"widget\" data-e-type=\"widget\" data-widget_type=\"button.default\">\n\t\t\t\t<div class=\"elementor-widget-container\">\n\t\t\t\t\t\t\t\t\t<div class=\"elementor-button-wrapper\">\n\t\t\t\t\t<a class=\"elementor-button elementor-button-link elementor-size-md\" href=\"https:\/\/www.buehler.com\/fr\/produits\/imagerie-et-analyse\/logiciel\/\">\n\t\t\t\t\t\t<span class=\"elementor-button-content-wrapper\">\n\t\t\t\t\t\t\t\t\t<span class=\"elementor-button-text\">Plus<\/span>\n\t\t\t\t\t<\/span>\n\t\t\t\t\t<\/a>\n\t\t\t\t<\/div>\n\t\t\t\t\t\t\t\t<\/div>\n\t\t\t\t<\/div>\n\t\t\t\t<div class=\"elementor-element elementor-element-74cbcfc elementor-position-left elementor-vertical-align-middle elementor-widget elementor-widget-image-box\" data-id=\"74cbcfc\" data-element_type=\"widget\" data-e-type=\"widget\" data-widget_type=\"image-box.default\">\n\t\t\t\t<div class=\"elementor-widget-container\">\n\t\t\t\t\t<div class=\"elementor-image-box-wrapper\"><figure class=\"elementor-image-box-img\"><img loading=\"lazy\" decoding=\"async\" width=\"500\" height=\"500\" src=\"https:\/\/www.buehler.com\/fr\/wp-content\/uploads\/sites\/10\/2021\/10\/0012934_310hv30-vickers-test-block.png\" class=\"attachment-full size-full wp-image-8604\" alt=\"Blocs \u00e9talons de duret\u00e9 Wilson-Rockwell\" srcset=\"https:\/\/www.buehler.com\/fr\/wp-content\/uploads\/sites\/10\/2021\/10\/0012934_310hv30-vickers-test-block.png 500w, https:\/\/www.buehler.com\/fr\/wp-content\/uploads\/sites\/10\/2021\/10\/0012934_310hv30-vickers-test-block-300x300.png 300w, https:\/\/www.buehler.com\/fr\/wp-content\/uploads\/sites\/10\/2021\/10\/0012934_310hv30-vickers-test-block-150x150.png 150w\" sizes=\"(max-width: 500px) 100vw, 500px\" \/><\/figure><div class=\"elementor-image-box-content\"><h4 class=\"elementor-image-box-title\">Essai de duret\u00e9<\/h4><p class=\"elementor-image-box-description\">Les testeurs de duret\u00e9 Wilson\u00ae comprennent une large gamme d'\u00e9quipements de test pour les tests Rockwell\u00ae, Vickers \/ Knoop et Brinell, y compris des syst\u00e8mes enti\u00e8rement automatis\u00e9s. La gamme de produits est compl\u00e9t\u00e9e par une gamme de plaques de comparaison de duret\u00e9, d'accessoires et de dispositifs de serrage. Le laboratoire de r\u00e9f\u00e9rence Wilson est certifi\u00e9 selon la norme ISO \/ IEC 17025 et reconnu comme le leader mondial du march\u00e9 dans la production d'objets de test et de p\u00e9n\u00e9trateurs de premi\u00e8re classe.<\/p><\/div><\/div>\t\t\t\t<\/div>\n\t\t\t\t<\/div>\n\t\t\t\t<div class=\"elementor-element elementor-element-40f8cdc elementor-align-left elementor-widget elementor-widget-button\" data-id=\"40f8cdc\" data-element_type=\"widget\" data-e-type=\"widget\" data-widget_type=\"button.default\">\n\t\t\t\t<div class=\"elementor-widget-container\">\n\t\t\t\t\t\t\t\t\t<div class=\"elementor-button-wrapper\">\n\t\t\t\t\t<a class=\"elementor-button elementor-button-link elementor-size-md\" href=\"https:\/\/www.buehler.com\/fr\/produits\/essai-de-durete\/\">\n\t\t\t\t\t\t<span class=\"elementor-button-content-wrapper\">\n\t\t\t\t\t\t\t\t\t<span class=\"elementor-button-text\">Plus<\/span>\n\t\t\t\t\t<\/span>\n\t\t\t\t\t<\/a>\n\t\t\t\t<\/div>\n\t\t\t\t\t\t\t\t<\/div>\n\t\t\t\t<\/div>\n\t\t\t\t\t<\/div>\n\t\t<\/div>\n\t\t\t\t\t<\/div>\n\t\t<\/section>\n\t\t\t\t<\/div>\n\t\t","protected":false},"excerpt":{"rendered":"<p>Consommables pour les tests et l&#8217;analyse de la pr\u00e9paration des mat\u00e9riaux Buehler propose une gamme compl\u00e8te de consommables pour l&#8217;ensemble des processus de pr\u00e9paration et d&#8217;analyse des mat\u00e9riaux. La s\u00e9lection de meules de tron\u00e7onnage, de r\u00e9sines d\u2019enrobage, de supports ou suspensions de polissage ainsi que des blocs \u00e9talon de duret\u00e9 Buehler permet aux laboratoires d&#8217;optimiser [&hellip;]<\/p>\n","protected":false},"author":1,"featured_media":0,"parent":39,"menu_order":0,"comment_status":"closed","ping_status":"closed","template":"elementor_header_footer","meta":{"footnotes":""},"class_list":["post-9540","page","type-page","status-publish","hentry"],"_links":{"self":[{"href":"https:\/\/www.buehler.com\/fr\/wp-json\/wp\/v2\/pages\/9540","targetHints":{"allow":["GET"]}}],"collection":[{"href":"https:\/\/www.buehler.com\/fr\/wp-json\/wp\/v2\/pages"}],"about":[{"href":"https:\/\/www.buehler.com\/fr\/wp-json\/wp\/v2\/types\/page"}],"author":[{"embeddable":true,"href":"https:\/\/www.buehler.com\/fr\/wp-json\/wp\/v2\/users\/1"}],"replies":[{"embeddable":true,"href":"https:\/\/www.buehler.com\/fr\/wp-json\/wp\/v2\/comments?post=9540"}],"version-history":[{"count":18,"href":"https:\/\/www.buehler.com\/fr\/wp-json\/wp\/v2\/pages\/9540\/revisions"}],"predecessor-version":[{"id":17944,"href":"https:\/\/www.buehler.com\/fr\/wp-json\/wp\/v2\/pages\/9540\/revisions\/17944"}],"up":[{"embeddable":true,"href":"https:\/\/www.buehler.com\/fr\/wp-json\/wp\/v2\/pages\/39"}],"wp:attachment":[{"href":"https:\/\/www.buehler.com\/fr\/wp-json\/wp\/v2\/media?parent=9540"}],"curies":[{"name":"wp","href":"https:\/\/api.w.org\/{rel}","templated":true}]}}