{"id":8492,"date":"2021-10-18T14:58:14","date_gmt":"2021-10-18T12:58:14","guid":{"rendered":"https:\/\/buehler.com\/fr\/?page_id=8492"},"modified":"2022-06-23T16:34:22","modified_gmt":"2022-06-23T14:34:22","slug":"durometres-universels-et-brinell","status":"publish","type":"page","link":"https:\/\/www.buehler.com\/fr\/produits\/essai-de-durete\/durometres-universels-et-brinell\/","title":{"rendered":"Durom\u00e8tres universels et Brinell"},"content":{"rendered":"\t\t<div data-elementor-type=\"wp-page\" data-elementor-id=\"8492\" class=\"elementor elementor-8492\" data-elementor-post-type=\"page\">\n\t\t\t\t\t\t<section data-particle_enable=\"false\" data-particle-mobile-disabled=\"false\" class=\"elementor-section elementor-top-section elementor-element elementor-element-4c6c8d25 elementor-section-full_width elementor-section-height-default elementor-section-height-default\" data-id=\"4c6c8d25\" data-element_type=\"section\" data-e-type=\"section\">\n\t\t\t\t\t\t<div class=\"elementor-container elementor-column-gap-default\">\n\t\t\t\t\t<div class=\"elementor-column elementor-col-100 elementor-top-column elementor-element elementor-element-6a8d9547\" data-id=\"6a8d9547\" data-element_type=\"column\" data-e-type=\"column\">\n\t\t\t<div class=\"elementor-widget-wrap elementor-element-populated\">\n\t\t\t\t\t\t<div class=\"elementor-element elementor-element-ac097a elementor-widget elementor-widget-heading\" data-id=\"ac097a\" data-element_type=\"widget\" data-e-type=\"widget\" data-widget_type=\"heading.default\">\n\t\t\t\t<div class=\"elementor-widget-container\">\n\t\t\t\t\t<h1 class=\"elementor-heading-title elementor-size-default\">Durom\u00e8tres universels et Brinell<\/h1>\t\t\t\t<\/div>\n\t\t\t\t<\/div>\n\t\t\t\t\t<\/div>\n\t\t<\/div>\n\t\t\t\t\t<\/div>\n\t\t<\/section>\n\t\t\t\t<section data-particle_enable=\"false\" data-particle-mobile-disabled=\"false\" class=\"elementor-section elementor-top-section elementor-element elementor-element-65a90378 elementor-section-boxed elementor-section-height-default elementor-section-height-default\" data-id=\"65a90378\" data-element_type=\"section\" data-e-type=\"section\">\n\t\t\t\t\t\t<div class=\"elementor-container elementor-column-gap-default\">\n\t\t\t\t\t<div class=\"elementor-column elementor-col-100 elementor-top-column elementor-element elementor-element-190b2132\" data-id=\"190b2132\" data-element_type=\"column\" data-e-type=\"column\">\n\t\t\t<div class=\"elementor-widget-wrap elementor-element-populated\">\n\t\t\t\t\t\t<div class=\"elementor-element elementor-element-1161a79d elementor-widget elementor-widget-text-editor\" data-id=\"1161a79d\" data-element_type=\"widget\" data-e-type=\"widget\" data-widget_type=\"text-editor.default\">\n\t\t\t\t<div class=\"elementor-widget-container\">\n\t\t\t\t\t\t\t\t\t<p>Les durom\u00e8tres universels UH4000 sont con\u00e7us et particuli\u00e8rement adapt\u00e9 aux contr\u00f4les production en atelier ou laboratoire ainsi que pour la R&amp;D. Le durom\u00e8tre est d\u00e9clin\u00e9 en deux mod\u00e8les, l\u2019UH4250 et l\u2019UH4750. Robustes, tr\u00e8s facile \u00e0 utiliser, ils permettent d&#8217;effectuer tous les types d&#8217;essais Vickers, Rockwell et Brinell en un clic gr\u00e2ce \u00e0 leur large tourelle motoris\u00e9e 8 positions.<\/p>\t\t\t\t\t\t\t\t<\/div>\n\t\t\t\t<\/div>\n\t\t\t\t<div class=\"elementor-element elementor-element-66bff0c elementor-position-left elementor-vertical-align-middle elementor-widget elementor-widget-image-box\" data-id=\"66bff0c\" data-element_type=\"widget\" data-e-type=\"widget\" data-widget_type=\"image-box.default\">\n\t\t\t\t<div class=\"elementor-widget-container\">\n\t\t\t\t\t<div class=\"elementor-image-box-wrapper\"><figure class=\"elementor-image-box-img\"><img fetchpriority=\"high\" decoding=\"async\" width=\"600\" height=\"600\" src=\"https:\/\/www.buehler.com\/fr\/wp-content\/uploads\/sites\/10\/2021\/10\/UH4250-Auto.png\" class=\"attachment-full size-full wp-image-9158\" alt=\"Wilson\u00ae UH4000 Durom\u00e8tre Universel\" srcset=\"https:\/\/www.buehler.com\/fr\/wp-content\/uploads\/sites\/10\/2021\/10\/UH4250-Auto.png 600w, https:\/\/www.buehler.com\/fr\/wp-content\/uploads\/sites\/10\/2021\/10\/UH4250-Auto-300x300.png 300w, https:\/\/www.buehler.com\/fr\/wp-content\/uploads\/sites\/10\/2021\/10\/UH4250-Auto-150x150.png 150w\" sizes=\"(max-width: 600px) 100vw, 600px\" \/><\/figure><div class=\"elementor-image-box-content\"><h2 class=\"elementor-image-box-title\">Durom\u00e8tre universel Wilson\u00ae UH4000<\/h2><p class=\"elementor-image-box-description\">La gamme de durom\u00e8tres universels UH4000 est con\u00e7ue pour les environnements et laboratoires de production qui traitent de grandes quantit\u00e9s d\u2019\u00e9chantillons. Elle est propos\u00e9e en deux configurations avec les mod\u00e8les UH4250 et UH4750. Les durom\u00e8tres universels permettent d\u2019effectuer des essais selon diff\u00e9rentes \u00e9chelles de duret\u00e9 avec un seul appareil, dans la plupart des cas avec des charges \u00e9lev\u00e9es (&gt; 5 kgf).<\/p><\/div><\/div>\t\t\t\t<\/div>\n\t\t\t\t<\/div>\n\t\t\t\t<div class=\"elementor-element elementor-element-60a1d328 elementor-align-left elementor-widget elementor-widget-button\" data-id=\"60a1d328\" data-element_type=\"widget\" data-e-type=\"widget\" data-widget_type=\"button.default\">\n\t\t\t\t<div class=\"elementor-widget-container\">\n\t\t\t\t\t\t\t\t\t<div class=\"elementor-button-wrapper\">\n\t\t\t\t\t<a class=\"elementor-button elementor-button-link elementor-size-md\" href=\"https:\/\/www.buehler.com\/fr\/produits\/essai-de-durete\/durometres-universels-et-brinell\/durometre-universel-wilson-uh4000\/\">\n\t\t\t\t\t\t<span class=\"elementor-button-content-wrapper\">\n\t\t\t\t\t\t\t\t\t<span class=\"elementor-button-text\">Plus<\/span>\n\t\t\t\t\t<\/span>\n\t\t\t\t\t<\/a>\n\t\t\t\t<\/div>\n\t\t\t\t\t\t\t\t<\/div>\n\t\t\t\t<\/div>\n\t\t\t\t<div class=\"elementor-element elementor-element-44341a87 elementor-position-left elementor-vertical-align-middle elementor-widget elementor-widget-image-box\" data-id=\"44341a87\" data-element_type=\"widget\" data-e-type=\"widget\" data-widget_type=\"image-box.default\">\n\t\t\t\t<div class=\"elementor-widget-container\">\n\t\t\t\t\t<div class=\"elementor-image-box-wrapper\"><figure class=\"elementor-image-box-img\"><img decoding=\"async\" width=\"600\" height=\"600\" src=\"https:\/\/www.buehler.com\/fr\/wp-content\/uploads\/sites\/10\/2021\/10\/BH3000.png\" class=\"attachment-full size-full wp-image-8580\" alt=\"Wilson\u00ae BH3000 Durom\u00e8tre Brinell\" srcset=\"https:\/\/www.buehler.com\/fr\/wp-content\/uploads\/sites\/10\/2021\/10\/BH3000.png 600w, https:\/\/www.buehler.com\/fr\/wp-content\/uploads\/sites\/10\/2021\/10\/BH3000-300x300.png 300w, https:\/\/www.buehler.com\/fr\/wp-content\/uploads\/sites\/10\/2021\/10\/BH3000-150x150.png 150w\" sizes=\"(max-width: 600px) 100vw, 600px\" \/><\/figure><div class=\"elementor-image-box-content\"><h3 class=\"elementor-image-box-title\">Durom\u00e8tre Brinell Wilson\u00ae BH3000<\/h3><p class=\"elementor-image-box-description\">Le Wilson BH3000 est un durom\u00e8tre Brinell durable de 30 kN (3 000 kgf) qui est id\u00e9al pour une large gamme de charges Brinell de 62,5 kgf \u00e0 3 000 kgf. Con\u00e7u avec une structure renforc\u00e9e pour supporter les environnements difficiles, le fiable durom\u00e8tre Brinell BH3000 associe haute rigidit\u00e9 et technologie de cellule de charge en circuit ferm\u00e9 pour assurer des applications de charge s\u00fbres et pr\u00e9cises.<\/p><\/div><\/div>\t\t\t\t<\/div>\n\t\t\t\t<\/div>\n\t\t\t\t<div class=\"elementor-element elementor-element-295e5933 elementor-align-left elementor-widget elementor-widget-button\" data-id=\"295e5933\" data-element_type=\"widget\" data-e-type=\"widget\" data-widget_type=\"button.default\">\n\t\t\t\t<div class=\"elementor-widget-container\">\n\t\t\t\t\t\t\t\t\t<div class=\"elementor-button-wrapper\">\n\t\t\t\t\t<a class=\"elementor-button elementor-button-link elementor-size-md\" href=\"https:\/\/www.buehler.com\/fr\/produits\/essai-de-durete\/durometres-universels-et-brinell\/durometre-brinell-wilson-bh3000\/\">\n\t\t\t\t\t\t<span class=\"elementor-button-content-wrapper\">\n\t\t\t\t\t\t\t\t\t<span class=\"elementor-button-text\">Plus<\/span>\n\t\t\t\t\t<\/span>\n\t\t\t\t\t<\/a>\n\t\t\t\t<\/div>\n\t\t\t\t\t\t\t\t<\/div>\n\t\t\t\t<\/div>\n\t\t\t\t\t<\/div>\n\t\t<\/div>\n\t\t\t\t\t<\/div>\n\t\t<\/section>\n\t\t\t\t<\/div>\n\t\t","protected":false},"excerpt":{"rendered":"<p>Durom\u00e8tres universels et Brinell Les durom\u00e8tres universels UH4000 sont con\u00e7us et particuli\u00e8rement adapt\u00e9 aux contr\u00f4les production en atelier ou laboratoire ainsi que pour la R&amp;D. Le durom\u00e8tre est d\u00e9clin\u00e9 en deux mod\u00e8les, l\u2019UH4250 et l\u2019UH4750. Robustes, tr\u00e8s facile \u00e0 utiliser, ils permettent d&#8217;effectuer tous les types d&#8217;essais Vickers, Rockwell et Brinell en un clic gr\u00e2ce [&hellip;]<\/p>\n","protected":false},"author":1,"featured_media":0,"parent":8474,"menu_order":0,"comment_status":"closed","ping_status":"closed","template":"elementor_header_footer","meta":{"footnotes":""},"class_list":["post-8492","page","type-page","status-publish","hentry"],"_links":{"self":[{"href":"https:\/\/www.buehler.com\/fr\/wp-json\/wp\/v2\/pages\/8492","targetHints":{"allow":["GET"]}}],"collection":[{"href":"https:\/\/www.buehler.com\/fr\/wp-json\/wp\/v2\/pages"}],"about":[{"href":"https:\/\/www.buehler.com\/fr\/wp-json\/wp\/v2\/types\/page"}],"author":[{"embeddable":true,"href":"https:\/\/www.buehler.com\/fr\/wp-json\/wp\/v2\/users\/1"}],"replies":[{"embeddable":true,"href":"https:\/\/www.buehler.com\/fr\/wp-json\/wp\/v2\/comments?post=8492"}],"version-history":[{"count":13,"href":"https:\/\/www.buehler.com\/fr\/wp-json\/wp\/v2\/pages\/8492\/revisions"}],"predecessor-version":[{"id":17737,"href":"https:\/\/www.buehler.com\/fr\/wp-json\/wp\/v2\/pages\/8492\/revisions\/17737"}],"up":[{"embeddable":true,"href":"https:\/\/www.buehler.com\/fr\/wp-json\/wp\/v2\/pages\/8474"}],"wp:attachment":[{"href":"https:\/\/www.buehler.com\/fr\/wp-json\/wp\/v2\/media?parent=8492"}],"curies":[{"name":"wp","href":"https:\/\/api.w.org\/{rel}","templated":true}]}}