{"id":8482,"date":"2021-10-18T14:55:36","date_gmt":"2021-10-18T12:55:36","guid":{"rendered":"https:\/\/buehler.com\/fr\/?page_id=8482"},"modified":"2022-06-23T16:31:25","modified_gmt":"2022-06-23T14:31:25","slug":"durometres-vickers-knoop","status":"publish","type":"page","link":"https:\/\/www.buehler.com\/fr\/produits\/essai-de-durete\/durometres-vickers-knoop\/","title":{"rendered":"Durom\u00e8tres Vickers-Knoop"},"content":{"rendered":"\t\t<div data-elementor-type=\"wp-page\" data-elementor-id=\"8482\" class=\"elementor elementor-8482\" data-elementor-post-type=\"page\">\n\t\t\t\t\t\t<section data-particle_enable=\"false\" data-particle-mobile-disabled=\"false\" class=\"elementor-section elementor-top-section elementor-element elementor-element-67fb235e elementor-section-full_width elementor-section-height-default elementor-section-height-default\" data-id=\"67fb235e\" data-element_type=\"section\" data-e-type=\"section\">\n\t\t\t\t\t\t<div class=\"elementor-container elementor-column-gap-default\">\n\t\t\t\t\t<div class=\"elementor-column elementor-col-100 elementor-top-column elementor-element elementor-element-6ebaacb\" data-id=\"6ebaacb\" data-element_type=\"column\" data-e-type=\"column\">\n\t\t\t<div class=\"elementor-widget-wrap elementor-element-populated\">\n\t\t\t\t\t\t<div class=\"elementor-element elementor-element-76ce3ab2 elementor-widget elementor-widget-heading\" data-id=\"76ce3ab2\" data-element_type=\"widget\" data-e-type=\"widget\" data-widget_type=\"heading.default\">\n\t\t\t\t<div class=\"elementor-widget-container\">\n\t\t\t\t\t<h1 class=\"elementor-heading-title elementor-size-default\">Durom\u00e8tres Vickers-Knoop<\/h1>\t\t\t\t<\/div>\n\t\t\t\t<\/div>\n\t\t\t\t\t<\/div>\n\t\t<\/div>\n\t\t\t\t\t<\/div>\n\t\t<\/section>\n\t\t\t\t<section data-particle_enable=\"false\" data-particle-mobile-disabled=\"false\" class=\"elementor-section elementor-top-section elementor-element elementor-element-7c91dde7 elementor-section-boxed elementor-section-height-default elementor-section-height-default\" data-id=\"7c91dde7\" data-element_type=\"section\" data-e-type=\"section\">\n\t\t\t\t\t\t<div class=\"elementor-container elementor-column-gap-default\">\n\t\t\t\t\t<div class=\"elementor-column elementor-col-100 elementor-top-column elementor-element elementor-element-3dbca98e\" data-id=\"3dbca98e\" data-element_type=\"column\" data-e-type=\"column\">\n\t\t\t<div class=\"elementor-widget-wrap elementor-element-populated\">\n\t\t\t\t\t\t<div class=\"elementor-element elementor-element-46acdc10 elementor-widget elementor-widget-text-editor\" data-id=\"46acdc10\" data-element_type=\"widget\" data-e-type=\"widget\" data-widget_type=\"text-editor.default\">\n\t\t\t\t<div class=\"elementor-widget-container\">\n\t\t\t\t\t\t\t\t\t<p>Le syst\u00e8me d\u2019essais de duret\u00e9 enti\u00e8rement automatis\u00e9 Wilson est une plateforme enti\u00e8rement int\u00e9gr\u00e9e permettant d\u2019effectuer tous types d\u2019essais de duret\u00e9 Vickers et Knoop. Avec leur ch\u00e2ssis et platines modulables, leurs optiques de pointe et leur interface utilisateur compl\u00e8te, nos durom\u00e8tres VH3100 et VH3300 sont con\u00e7us pour satisfaire tous vos besoins actuels et \u00e0 venir.<\/p>\t\t\t\t\t\t\t\t<\/div>\n\t\t\t\t<\/div>\n\t\t\t\t<div class=\"elementor-element elementor-element-7dcccafe elementor-position-left elementor-vertical-align-middle elementor-widget elementor-widget-image-box\" data-id=\"7dcccafe\" data-element_type=\"widget\" data-e-type=\"widget\" data-widget_type=\"image-box.default\">\n\t\t\t\t<div class=\"elementor-widget-container\">\n\t\t\t\t\t<div class=\"elementor-image-box-wrapper\"><figure class=\"elementor-image-box-img\"><img fetchpriority=\"high\" decoding=\"async\" width=\"600\" height=\"600\" src=\"https:\/\/www.buehler.com\/fr\/wp-content\/uploads\/sites\/10\/2021\/10\/VH3300_front-view_no-monitor.png\" class=\"attachment-full size-full wp-image-8559\" alt=\"Wilson\u00ae VH3300 Durom\u00e8tre Vickers et Knoop\" srcset=\"https:\/\/www.buehler.com\/fr\/wp-content\/uploads\/sites\/10\/2021\/10\/VH3300_front-view_no-monitor.png 600w, https:\/\/www.buehler.com\/fr\/wp-content\/uploads\/sites\/10\/2021\/10\/VH3300_front-view_no-monitor-300x300.png 300w, https:\/\/www.buehler.com\/fr\/wp-content\/uploads\/sites\/10\/2021\/10\/VH3300_front-view_no-monitor-150x150.png 150w\" sizes=\"(max-width: 600px) 100vw, 600px\" \/><\/figure><div class=\"elementor-image-box-content\"><h2 class=\"elementor-image-box-title\">Durom\u00e8tre automatique Wilson\u00ae VH3300<\/h2><p class=\"elementor-image-box-description\">Ce syst\u00e8me d\u2019essai de duret\u00e9 Wilson enti\u00e8rement automatis\u00e9 offre une plateforme enti\u00e8rement int\u00e9gr\u00e9e pour tous vos besoins d\u2019essai de duret\u00e9 Vickers et Knoop. De la conception \u00e0 ch\u00e2ssis modulaire, platine et optique de pointe \u00e0 une interface utilisateur compl\u00e8te, notre durom\u00e8tre VH3300 peut \u00eatre construit de mani\u00e8re \u00e0 r\u00e9pondre aux besoins de vos applications \u00e0 court, moyen et long terme. Ciblez une op\u00e9ration d\u2019essai de duret\u00e9 automatique simple et rapide pour satisfaire les besoins des op\u00e9rateurs inexp\u00e9riment\u00e9s, tout en conservant la flexibilit\u00e9 et la complexit\u00e9 des fonctionnalit\u00e9s requises par les utilisateurs experts avec le logiciel DiaMet.<\/p><\/div><\/div>\t\t\t\t<\/div>\n\t\t\t\t<\/div>\n\t\t\t\t<div class=\"elementor-element elementor-element-ba10434 elementor-align-left elementor-widget elementor-widget-button\" data-id=\"ba10434\" data-element_type=\"widget\" data-e-type=\"widget\" data-widget_type=\"button.default\">\n\t\t\t\t<div class=\"elementor-widget-container\">\n\t\t\t\t\t\t\t\t\t<div class=\"elementor-button-wrapper\">\n\t\t\t\t\t<a class=\"elementor-button elementor-button-link elementor-size-md\" href=\"https:\/\/www.buehler.com\/fr\/produits\/essai-de-durete\/durometres-vickers-knoop\/durometre-automatique-wilson-vh3300\/\">\n\t\t\t\t\t\t<span class=\"elementor-button-content-wrapper\">\n\t\t\t\t\t\t\t\t\t<span class=\"elementor-button-text\">Plus<\/span>\n\t\t\t\t\t<\/span>\n\t\t\t\t\t<\/a>\n\t\t\t\t<\/div>\n\t\t\t\t\t\t\t\t<\/div>\n\t\t\t\t<\/div>\n\t\t\t\t<div class=\"elementor-element elementor-element-4086e846 elementor-position-left elementor-vertical-align-middle elementor-widget elementor-widget-image-box\" data-id=\"4086e846\" data-element_type=\"widget\" data-e-type=\"widget\" data-widget_type=\"image-box.default\">\n\t\t\t\t<div class=\"elementor-widget-container\">\n\t\t\t\t\t<div class=\"elementor-image-box-wrapper\"><figure class=\"elementor-image-box-img\"><img decoding=\"async\" width=\"600\" height=\"600\" src=\"https:\/\/www.buehler.com\/fr\/wp-content\/uploads\/sites\/10\/2021\/10\/VH3100.png\" class=\"attachment-full size-full wp-image-8553\" alt=\"Wilson VH3100 Durom\u00e8tre Vickers et Knoop\" srcset=\"https:\/\/www.buehler.com\/fr\/wp-content\/uploads\/sites\/10\/2021\/10\/VH3100.png 600w, https:\/\/www.buehler.com\/fr\/wp-content\/uploads\/sites\/10\/2021\/10\/VH3100-300x300.png 300w, https:\/\/www.buehler.com\/fr\/wp-content\/uploads\/sites\/10\/2021\/10\/VH3100-150x150.png 150w\" sizes=\"(max-width: 600px) 100vw, 600px\" \/><\/figure><div class=\"elementor-image-box-content\"><h3 class=\"elementor-image-box-title\">Durom\u00e8tres Vickers et Knoop Wilson\u00ae VH3100<\/h3><p class=\"elementor-image-box-description\">Un durom\u00e8tre de pr\u00e9cision r\u00e9volutionnaire Vickers et Knoop qui offre une importante plage de charge de 50 gf \u00e0 10 kgf, une technologie de s\u00e9curit\u00e9 anticollision brevet\u00e9e et les optiques les plus avanc\u00e9es du secteur. Cette combinaison unique permet au Wilson VH3100 de r\u00e9pondre \u00e0 quasiment toutes les exigences d\u2019essais Knoop\/Vickers. Ciblez un fonctionnement rapide et simple pour satisfaire les besoins d\u2019essais de duret\u00e9 Vickers et Knoop des op\u00e9rateurs inexp\u00e9riment\u00e9s, tout en conservant la flexibilit\u00e9 et la complexit\u00e9 des fonctionnalit\u00e9s requises par les utilisateurs experts avec le logiciel DiaMet.<\/p><\/div><\/div>\t\t\t\t<\/div>\n\t\t\t\t<\/div>\n\t\t\t\t<div class=\"elementor-element elementor-element-55c410b9 elementor-align-left elementor-widget elementor-widget-button\" data-id=\"55c410b9\" data-element_type=\"widget\" data-e-type=\"widget\" data-widget_type=\"button.default\">\n\t\t\t\t<div class=\"elementor-widget-container\">\n\t\t\t\t\t\t\t\t\t<div class=\"elementor-button-wrapper\">\n\t\t\t\t\t<a class=\"elementor-button elementor-button-link elementor-size-md\" href=\"https:\/\/www.buehler.com\/fr\/produits\/essai-de-durete\/durometres-vickers-knoop\/durometres-vickers-et-knoop-wilson-vh3100\/\">\n\t\t\t\t\t\t<span class=\"elementor-button-content-wrapper\">\n\t\t\t\t\t\t\t\t\t<span class=\"elementor-button-text\">Plus<\/span>\n\t\t\t\t\t<\/span>\n\t\t\t\t\t<\/a>\n\t\t\t\t<\/div>\n\t\t\t\t\t\t\t\t<\/div>\n\t\t\t\t<\/div>\n\t\t\t\t<div class=\"elementor-element elementor-element-a8d3574 elementor-position-left elementor-vertical-align-middle elementor-widget elementor-widget-image-box\" data-id=\"a8d3574\" data-element_type=\"widget\" data-e-type=\"widget\" data-widget_type=\"image-box.default\">\n\t\t\t\t<div class=\"elementor-widget-container\">\n\t\t\t\t\t<div class=\"elementor-image-box-wrapper\"><figure class=\"elementor-image-box-img\"><img decoding=\"async\" width=\"600\" height=\"600\" src=\"https:\/\/www.buehler.com\/fr\/wp-content\/uploads\/sites\/10\/2021\/10\/VH1150.png\" class=\"attachment-full size-full wp-image-8565\" alt=\"Wilson\u00ae VH1150 Durom\u00e8tre Macro Vickers\" srcset=\"https:\/\/www.buehler.com\/fr\/wp-content\/uploads\/sites\/10\/2021\/10\/VH1150.png 600w, https:\/\/www.buehler.com\/fr\/wp-content\/uploads\/sites\/10\/2021\/10\/VH1150-300x300.png 300w, https:\/\/www.buehler.com\/fr\/wp-content\/uploads\/sites\/10\/2021\/10\/VH1150-150x150.png 150w\" sizes=\"(max-width: 600px) 100vw, 600px\" \/><\/figure><div class=\"elementor-image-box-content\"><h4 class=\"elementor-image-box-title\">Durom\u00e8tre macro Vickers Wilson\u00ae VH1150<\/h4><p class=\"elementor-image-box-description\">Le Wilson VH1150 est l\u2019\u00e9volution ultime du durom\u00e8tre Vickers \u00e0 poids mort avec une plage de charge unique de 300 gf \u00e0 50 kgf, combin\u00e9e en une seule machine. La s\u00e9lection automatique de charge \u00e9limine le besoin d\u2019utiliser une molette de s\u00e9lection manuelle compliqu\u00e9e \u00e0 utiliser et ouvre de nouvelles possibilit\u00e9s d\u2019applications en (semi-) automatisation. Les fonctions du durom\u00e8tre Vickers, comme la conversion multi\u00e9chelle, la correction de forme et l\u2019export de donn\u00e9es par USB, rendent les essais de duret\u00e9 plus simples et vous permettent de pouvoir vous concentrer sur le contr\u00f4le de processus r\u00e9el.<\/p><\/div><\/div>\t\t\t\t<\/div>\n\t\t\t\t<\/div>\n\t\t\t\t<div class=\"elementor-element elementor-element-cc99261 elementor-align-left elementor-widget elementor-widget-button\" data-id=\"cc99261\" data-element_type=\"widget\" data-e-type=\"widget\" data-widget_type=\"button.default\">\n\t\t\t\t<div class=\"elementor-widget-container\">\n\t\t\t\t\t\t\t\t\t<div class=\"elementor-button-wrapper\">\n\t\t\t\t\t<a class=\"elementor-button elementor-button-link elementor-size-md\" href=\"https:\/\/www.buehler.com\/fr\/produits\/essai-de-durete\/durometres-vickers-knoop\/durometre-macro-vickers-wilson-vh1150\/\">\n\t\t\t\t\t\t<span class=\"elementor-button-content-wrapper\">\n\t\t\t\t\t\t\t\t\t<span class=\"elementor-button-text\">Plus<\/span>\n\t\t\t\t\t<\/span>\n\t\t\t\t\t<\/a>\n\t\t\t\t<\/div>\n\t\t\t\t\t\t\t\t<\/div>\n\t\t\t\t<\/div>\n\t\t\t\t<div class=\"elementor-element elementor-element-65853d2f elementor-position-left elementor-vertical-align-middle elementor-widget elementor-widget-image-box\" data-id=\"65853d2f\" data-element_type=\"widget\" data-e-type=\"widget\" data-widget_type=\"image-box.default\">\n\t\t\t\t<div class=\"elementor-widget-container\">\n\t\t\t\t\t<div class=\"elementor-image-box-wrapper\"><figure class=\"elementor-image-box-img\"><img loading=\"lazy\" decoding=\"async\" width=\"600\" height=\"600\" src=\"https:\/\/www.buehler.com\/fr\/wp-content\/uploads\/sites\/10\/2021\/10\/VH1102-1202.png\" class=\"attachment-full size-full wp-image-8571\" alt=\"Wilson\u00ae VH1102 et 1202 Durom\u00e8tres Micro\" srcset=\"https:\/\/www.buehler.com\/fr\/wp-content\/uploads\/sites\/10\/2021\/10\/VH1102-1202.png 600w, https:\/\/www.buehler.com\/fr\/wp-content\/uploads\/sites\/10\/2021\/10\/VH1102-1202-300x300.png 300w, https:\/\/www.buehler.com\/fr\/wp-content\/uploads\/sites\/10\/2021\/10\/VH1102-1202-150x150.png 150w\" sizes=\"(max-width: 600px) 100vw, 600px\" \/><\/figure><div class=\"elementor-image-box-content\"><h4 class=\"elementor-image-box-title\">Microdurom\u00e8tres Wilson\u00ae VH1102 et 1202<\/h4><p class=\"elementor-image-box-description\">Les microdurom\u00e8tres VH1102 et VH1202 con\u00e7us pour les essais Knoop et Vickers offrent une solution polyvalente, abordable et fiable pour des essais de microduret\u00e9 pr\u00e9cis, tant pour le contr\u00f4le qualit\u00e9 que pour les applications de recherche m\u00e9tallurgique. La s\u00e9rie VH1002 permet \u00e0 son op\u00e9rateur d\u2019effectuer des mesures en utilisant l\u2019oculaire en mode manuel ou en utilisant une cam\u00e9ra haute r\u00e9solution en option avec le puissant logiciel DiaMet\u2122.<\/p><\/div><\/div>\t\t\t\t<\/div>\n\t\t\t\t<\/div>\n\t\t\t\t<div class=\"elementor-element elementor-element-34648399 elementor-align-left elementor-widget elementor-widget-button\" data-id=\"34648399\" data-element_type=\"widget\" data-e-type=\"widget\" data-widget_type=\"button.default\">\n\t\t\t\t<div class=\"elementor-widget-container\">\n\t\t\t\t\t\t\t\t\t<div class=\"elementor-button-wrapper\">\n\t\t\t\t\t<a class=\"elementor-button elementor-button-link elementor-size-md\" href=\"https:\/\/www.buehler.com\/fr\/produits\/essai-de-durete\/durometres-vickers-knoop\/microdurometres-wilson-vh1102-et-1202\/\">\n\t\t\t\t\t\t<span class=\"elementor-button-content-wrapper\">\n\t\t\t\t\t\t\t\t\t<span class=\"elementor-button-text\">Plus<\/span>\n\t\t\t\t\t<\/span>\n\t\t\t\t\t<\/a>\n\t\t\t\t<\/div>\n\t\t\t\t\t\t\t\t<\/div>\n\t\t\t\t<\/div>\n\t\t\t\t\t<\/div>\n\t\t<\/div>\n\t\t\t\t\t<\/div>\n\t\t<\/section>\n\t\t\t\t<\/div>\n\t\t","protected":false},"excerpt":{"rendered":"<p>Durom\u00e8tres Vickers-Knoop Le syst\u00e8me d\u2019essais de duret\u00e9 enti\u00e8rement automatis\u00e9 Wilson est une plateforme enti\u00e8rement int\u00e9gr\u00e9e permettant d\u2019effectuer tous types d\u2019essais de duret\u00e9 Vickers et Knoop. Avec leur ch\u00e2ssis et platines modulables, leurs optiques de pointe et leur interface utilisateur compl\u00e8te, nos durom\u00e8tres VH3100 et VH3300 sont con\u00e7us pour satisfaire tous vos besoins actuels et \u00e0 [&hellip;]<\/p>\n","protected":false},"author":1,"featured_media":0,"parent":8474,"menu_order":0,"comment_status":"closed","ping_status":"closed","template":"elementor_header_footer","meta":{"footnotes":""},"class_list":["post-8482","page","type-page","status-publish","hentry"],"_links":{"self":[{"href":"https:\/\/www.buehler.com\/fr\/wp-json\/wp\/v2\/pages\/8482","targetHints":{"allow":["GET"]}}],"collection":[{"href":"https:\/\/www.buehler.com\/fr\/wp-json\/wp\/v2\/pages"}],"about":[{"href":"https:\/\/www.buehler.com\/fr\/wp-json\/wp\/v2\/types\/page"}],"author":[{"embeddable":true,"href":"https:\/\/www.buehler.com\/fr\/wp-json\/wp\/v2\/users\/1"}],"replies":[{"embeddable":true,"href":"https:\/\/www.buehler.com\/fr\/wp-json\/wp\/v2\/comments?post=8482"}],"version-history":[{"count":10,"href":"https:\/\/www.buehler.com\/fr\/wp-json\/wp\/v2\/pages\/8482\/revisions"}],"predecessor-version":[{"id":17733,"href":"https:\/\/www.buehler.com\/fr\/wp-json\/wp\/v2\/pages\/8482\/revisions\/17733"}],"up":[{"embeddable":true,"href":"https:\/\/www.buehler.com\/fr\/wp-json\/wp\/v2\/pages\/8474"}],"wp:attachment":[{"href":"https:\/\/www.buehler.com\/fr\/wp-json\/wp\/v2\/media?parent=8482"}],"curies":[{"name":"wp","href":"https:\/\/api.w.org\/{rel}","templated":true}]}}