{"id":8476,"date":"2021-10-18T14:53:48","date_gmt":"2021-10-18T12:53:48","guid":{"rendered":"https:\/\/buehler.com\/fr\/?page_id=8476"},"modified":"2022-06-23T16:27:13","modified_gmt":"2022-06-23T14:27:13","slug":"durometres-rockwell","status":"publish","type":"page","link":"https:\/\/www.buehler.com\/fr\/produits\/essai-de-durete\/durometres-rockwell\/","title":{"rendered":"Durom\u00e8tres Rockwell"},"content":{"rendered":"\t\t<div data-elementor-type=\"wp-page\" data-elementor-id=\"8476\" class=\"elementor elementor-8476\" data-elementor-post-type=\"page\">\n\t\t\t\t\t\t<section data-particle_enable=\"false\" data-particle-mobile-disabled=\"false\" class=\"elementor-section elementor-top-section elementor-element elementor-element-6837970 elementor-section-full_width elementor-section-height-default elementor-section-height-default\" data-id=\"6837970\" data-element_type=\"section\" data-e-type=\"section\">\n\t\t\t\t\t\t<div class=\"elementor-container elementor-column-gap-default\">\n\t\t\t\t\t<div class=\"elementor-column elementor-col-100 elementor-top-column elementor-element elementor-element-6be457a8\" data-id=\"6be457a8\" data-element_type=\"column\" data-e-type=\"column\">\n\t\t\t<div class=\"elementor-widget-wrap elementor-element-populated\">\n\t\t\t\t\t\t<div class=\"elementor-element elementor-element-4783fe85 elementor-widget elementor-widget-heading\" data-id=\"4783fe85\" data-element_type=\"widget\" data-e-type=\"widget\" data-widget_type=\"heading.default\">\n\t\t\t\t<div class=\"elementor-widget-container\">\n\t\t\t\t\t<h1 class=\"elementor-heading-title elementor-size-default\">Durom\u00e8tres Rockwell<\/h1>\t\t\t\t<\/div>\n\t\t\t\t<\/div>\n\t\t\t\t\t<\/div>\n\t\t<\/div>\n\t\t\t\t\t<\/div>\n\t\t<\/section>\n\t\t\t\t<section data-particle_enable=\"false\" data-particle-mobile-disabled=\"false\" class=\"elementor-section elementor-top-section elementor-element elementor-element-2133e50c elementor-section-boxed elementor-section-height-default elementor-section-height-default\" data-id=\"2133e50c\" data-element_type=\"section\" data-e-type=\"section\">\n\t\t\t\t\t\t<div class=\"elementor-container elementor-column-gap-default\">\n\t\t\t\t\t<div class=\"elementor-column elementor-col-100 elementor-top-column elementor-element elementor-element-77d1ed95\" data-id=\"77d1ed95\" data-element_type=\"column\" data-e-type=\"column\">\n\t\t\t<div class=\"elementor-widget-wrap elementor-element-populated\">\n\t\t\t\t\t\t<div class=\"elementor-element elementor-element-7bcb9f06 elementor-widget elementor-widget-text-editor\" data-id=\"7bcb9f06\" data-element_type=\"widget\" data-e-type=\"widget\" data-widget_type=\"text-editor.default\">\n\t\t\t\t<div class=\"elementor-widget-container\">\n\t\t\t\t\t\t\t\t\t<p>Les durom\u00e8tres Rockwell s\u00e9rie 2000 atteignent le plus haut niveau disponible en termes de pr\u00e9cision et de r\u00e9solution pour la mesure de profondeur et a en cons\u00e9quence la plus grande performance R&amp;R de l&#8217;industrie. Cet instrument est propos\u00e9 en deux formats, 10 &#8211; 14 po. de capacit\u00e9 verticale, pour s&#8217;adapter \u00e0 des tailles variables d&#8217;\u00e9chantillons et est disponible selon trois variantes d&#8217;\u00e9chelle Rockwell : standard, superficielle ou double duret\u00e9.<\/p>\t\t\t\t\t\t\t\t<\/div>\n\t\t\t\t<\/div>\n\t\t\t\t<div class=\"elementor-element elementor-element-2fe638f4 elementor-position-left elementor-vertical-align-middle elementor-widget elementor-widget-image-box\" data-id=\"2fe638f4\" data-element_type=\"widget\" data-e-type=\"widget\" data-widget_type=\"image-box.default\">\n\t\t\t\t<div class=\"elementor-widget-container\">\n\t\t\t\t\t<div class=\"elementor-image-box-wrapper\"><figure class=\"elementor-image-box-img\"><img fetchpriority=\"high\" decoding=\"async\" width=\"600\" height=\"600\" src=\"https:\/\/www.buehler.com\/fr\/wp-content\/uploads\/sites\/10\/2021\/10\/R574.png\" class=\"attachment-full size-full wp-image-8538\" alt=\"Durom\u00e8tre Wilson\u00ae Rockwell\u00ae574\" srcset=\"https:\/\/www.buehler.com\/fr\/wp-content\/uploads\/sites\/10\/2021\/10\/R574.png 600w, https:\/\/www.buehler.com\/fr\/wp-content\/uploads\/sites\/10\/2021\/10\/R574-300x300.png 300w, https:\/\/www.buehler.com\/fr\/wp-content\/uploads\/sites\/10\/2021\/10\/R574-150x150.png 150w\" sizes=\"(max-width: 600px) 100vw, 600px\" \/><\/figure><div class=\"elementor-image-box-content\"><h2 class=\"elementor-image-box-title\">Wilson\u00ae Rockwell\u00ae 574<\/h2><p class=\"elementor-image-box-description\">Les durom\u00e8tres Wilson Rockwell de la s\u00e9rie 574 offrent qualit\u00e9, durabilit\u00e9 ainsi qu\u2019une r\u00e9p\u00e9tabilit\u00e9 et reproductibilit\u00e9 (R&amp;R) \u00e0 la pointe de l\u2019industrie, qui placent cet instrument d\u2019essai de duret\u00e9 en t\u00eate de sa cat\u00e9gorie. Ce syst\u00e8me existe en mod\u00e8les Standard, Superficiel ou Double \u00e9chelle et il est capable de fonctionner selon toutes les \u00e9chelles de duret\u00e9 Rockwell standard et peut s\u2019adapter \u00e0 un large \u00e9ventail d\u2019applications.<\/p><\/div><\/div>\t\t\t\t<\/div>\n\t\t\t\t<\/div>\n\t\t\t\t<div class=\"elementor-element elementor-element-1eed9522 elementor-align-left elementor-widget elementor-widget-button\" data-id=\"1eed9522\" data-element_type=\"widget\" data-e-type=\"widget\" data-widget_type=\"button.default\">\n\t\t\t\t<div class=\"elementor-widget-container\">\n\t\t\t\t\t\t\t\t\t<div class=\"elementor-button-wrapper\">\n\t\t\t\t\t<a class=\"elementor-button elementor-button-link elementor-size-md\" href=\"https:\/\/www.buehler.com\/fr\/produits\/essai-de-durete\/durometres-rockwell\/wilson-rockwell-574\/\">\n\t\t\t\t\t\t<span class=\"elementor-button-content-wrapper\">\n\t\t\t\t\t\t\t\t\t<span class=\"elementor-button-text\">Plus<\/span>\n\t\t\t\t\t<\/span>\n\t\t\t\t\t<\/a>\n\t\t\t\t<\/div>\n\t\t\t\t\t\t\t\t<\/div>\n\t\t\t\t<\/div>\n\t\t\t\t<div class=\"elementor-element elementor-element-670919c7 elementor-position-left elementor-vertical-align-middle elementor-widget elementor-widget-image-box\" data-id=\"670919c7\" data-element_type=\"widget\" data-e-type=\"widget\" data-widget_type=\"image-box.default\">\n\t\t\t\t<div class=\"elementor-widget-container\">\n\t\t\t\t\t<div class=\"elementor-image-box-wrapper\"><figure class=\"elementor-image-box-img\"><img decoding=\"async\" width=\"600\" height=\"600\" src=\"https:\/\/www.buehler.com\/fr\/wp-content\/uploads\/sites\/10\/2021\/10\/RH2150_Front.png\" class=\"attachment-full size-full wp-image-8544\" alt=\"Durom\u00e8tre Wilson\u00ae RH2150\" srcset=\"https:\/\/www.buehler.com\/fr\/wp-content\/uploads\/sites\/10\/2021\/10\/RH2150_Front.png 600w, https:\/\/www.buehler.com\/fr\/wp-content\/uploads\/sites\/10\/2021\/10\/RH2150_Front-300x300.png 300w, https:\/\/www.buehler.com\/fr\/wp-content\/uploads\/sites\/10\/2021\/10\/RH2150_Front-150x150.png 150w\" sizes=\"(max-width: 600px) 100vw, 600px\" \/><\/figure><div class=\"elementor-image-box-content\"><h3 class=\"elementor-image-box-title\">Wilson\u00ae RH2150 Durom\u00e8tre Rockwell<\/h3><p class=\"elementor-image-box-description\">Avec ses nombreuses \u00e9chelles de duret\u00e9, sa rapidit\u00e9 et son serre-pi\u00e8ce efficace le durom\u00e8tre Wilson RH2150 est le durom\u00e8tre Rockwell id\u00e9al que ce soit en contr\u00f4le production sur de grandes quantit\u00e9s de pi\u00e8ces \u00e0 contr\u00f4ler, ou dans les centres de recherche, laboratoire R&amp;D et universit\u00e9s \u00e0 travers le monde. Il est propos\u00e9 en deux tailles avec respectivement une capacit\u00e9 verticale de 254 et 356 mm. Ch\u00e2ssis et base m\u00e9tallique robuste, protection anti-collision de la cellule de force permettent une s\u00e9curisation adapt\u00e9e aux environnements atelier et multi op\u00e9rateurs.<\/p><\/div><\/div>\t\t\t\t<\/div>\n\t\t\t\t<\/div>\n\t\t\t\t<div class=\"elementor-element elementor-element-57087bc1 elementor-align-left elementor-widget elementor-widget-button\" data-id=\"57087bc1\" data-element_type=\"widget\" data-e-type=\"widget\" data-widget_type=\"button.default\">\n\t\t\t\t<div class=\"elementor-widget-container\">\n\t\t\t\t\t\t\t\t\t<div class=\"elementor-button-wrapper\">\n\t\t\t\t\t<a class=\"elementor-button elementor-button-link elementor-size-md\" href=\"https:\/\/www.buehler.com\/fr\/produits\/essai-de-durete\/durometres-rockwell\/wilson-rh2150-durometre-rockwell\/\">\n\t\t\t\t\t\t<span class=\"elementor-button-content-wrapper\">\n\t\t\t\t\t\t\t\t\t<span class=\"elementor-button-text\">Plus<\/span>\n\t\t\t\t\t<\/span>\n\t\t\t\t\t<\/a>\n\t\t\t\t<\/div>\n\t\t\t\t\t\t\t\t<\/div>\n\t\t\t\t<\/div>\n\t\t\t\t\t<\/div>\n\t\t<\/div>\n\t\t\t\t\t<\/div>\n\t\t<\/section>\n\t\t\t\t<\/div>\n\t\t","protected":false},"excerpt":{"rendered":"<p>Durom\u00e8tres Rockwell Les durom\u00e8tres Rockwell s\u00e9rie 2000 atteignent le plus haut niveau disponible en termes de pr\u00e9cision et de r\u00e9solution pour la mesure de profondeur et a en cons\u00e9quence la plus grande performance R&amp;R de l&#8217;industrie. Cet instrument est propos\u00e9 en deux formats, 10 &#8211; 14 po. de capacit\u00e9 verticale, pour s&#8217;adapter \u00e0 des tailles [&hellip;]<\/p>\n","protected":false},"author":1,"featured_media":0,"parent":8474,"menu_order":0,"comment_status":"closed","ping_status":"closed","template":"elementor_header_footer","meta":{"footnotes":""},"class_list":["post-8476","page","type-page","status-publish","hentry"],"_links":{"self":[{"href":"https:\/\/www.buehler.com\/fr\/wp-json\/wp\/v2\/pages\/8476","targetHints":{"allow":["GET"]}}],"collection":[{"href":"https:\/\/www.buehler.com\/fr\/wp-json\/wp\/v2\/pages"}],"about":[{"href":"https:\/\/www.buehler.com\/fr\/wp-json\/wp\/v2\/types\/page"}],"author":[{"embeddable":true,"href":"https:\/\/www.buehler.com\/fr\/wp-json\/wp\/v2\/users\/1"}],"replies":[{"embeddable":true,"href":"https:\/\/www.buehler.com\/fr\/wp-json\/wp\/v2\/comments?post=8476"}],"version-history":[{"count":13,"href":"https:\/\/www.buehler.com\/fr\/wp-json\/wp\/v2\/pages\/8476\/revisions"}],"predecessor-version":[{"id":17729,"href":"https:\/\/www.buehler.com\/fr\/wp-json\/wp\/v2\/pages\/8476\/revisions\/17729"}],"up":[{"embeddable":true,"href":"https:\/\/www.buehler.com\/fr\/wp-json\/wp\/v2\/pages\/8474"}],"wp:attachment":[{"href":"https:\/\/www.buehler.com\/fr\/wp-json\/wp\/v2\/media?parent=8476"}],"curies":[{"name":"wp","href":"https:\/\/api.w.org\/{rel}","templated":true}]}}