{"id":8215,"date":"2021-10-18T06:39:33","date_gmt":"2021-10-18T04:39:33","guid":{"rendered":"https:\/\/buehler.com\/fr\/?page_id=8215"},"modified":"2022-06-22T20:57:57","modified_gmt":"2022-06-22T18:57:57","slug":"logiciel","status":"publish","type":"page","link":"https:\/\/www.buehler.com\/fr\/produits\/imagerie-et-analyse\/logiciel\/","title":{"rendered":"Logiciel"},"content":{"rendered":"\t\t<div data-elementor-type=\"wp-page\" data-elementor-id=\"8215\" class=\"elementor elementor-8215\" data-elementor-post-type=\"page\">\n\t\t\t\t\t\t<section data-particle_enable=\"false\" data-particle-mobile-disabled=\"false\" class=\"elementor-section elementor-top-section elementor-element elementor-element-7d32fc18 elementor-section-full_width elementor-section-height-default elementor-section-height-default\" data-id=\"7d32fc18\" data-element_type=\"section\" data-e-type=\"section\">\n\t\t\t\t\t\t<div class=\"elementor-container elementor-column-gap-default\">\n\t\t\t\t\t<div class=\"elementor-column elementor-col-100 elementor-top-column elementor-element elementor-element-7d759bd4\" data-id=\"7d759bd4\" data-element_type=\"column\" data-e-type=\"column\">\n\t\t\t<div class=\"elementor-widget-wrap elementor-element-populated\">\n\t\t\t\t\t\t<div class=\"elementor-element elementor-element-4cffc548 elementor-widget elementor-widget-heading\" data-id=\"4cffc548\" data-element_type=\"widget\" data-e-type=\"widget\" data-widget_type=\"heading.default\">\n\t\t\t\t<div class=\"elementor-widget-container\">\n\t\t\t\t\t<h1 class=\"elementor-heading-title elementor-size-default\">Logiciel<\/h1>\t\t\t\t<\/div>\n\t\t\t\t<\/div>\n\t\t\t\t\t<\/div>\n\t\t<\/div>\n\t\t\t\t\t<\/div>\n\t\t<\/section>\n\t\t\t\t<section data-particle_enable=\"false\" data-particle-mobile-disabled=\"false\" class=\"elementor-section elementor-top-section elementor-element elementor-element-50647c1d elementor-section-boxed elementor-section-height-default elementor-section-height-default\" data-id=\"50647c1d\" data-element_type=\"section\" data-e-type=\"section\">\n\t\t\t\t\t\t<div class=\"elementor-container elementor-column-gap-default\">\n\t\t\t\t\t<div class=\"elementor-column elementor-col-100 elementor-top-column elementor-element elementor-element-47df1738\" data-id=\"47df1738\" data-element_type=\"column\" data-e-type=\"column\">\n\t\t\t<div class=\"elementor-widget-wrap elementor-element-populated\">\n\t\t\t\t\t\t<div class=\"elementor-element elementor-element-3fb1b26c elementor-widget elementor-widget-text-editor\" data-id=\"3fb1b26c\" data-element_type=\"widget\" data-e-type=\"widget\" data-widget_type=\"text-editor.default\">\n\t\t\t\t<div class=\"elementor-widget-container\">\n\t\t\t\t\t\t\t\t\t<p>OmniMet\u2122 offre de puissantes possibilit\u00e9s d\u2019analyse d\u2019image associ\u00e9es aux fonctionnalit\u00e9s d\u2019une base de donn\u00e9es flexible. Personnalisez OmniMet avec des fonctions de mesure intuitives et conviviales par pointer-cliquer, des routines d\u2019analyse pr\u00e9programm\u00e9es ou des possibilit\u00e9s d\u2019ex\u00e9cution de scripts d\u2019analyse g\u00e9r\u00e9s par l\u2019utilisateur. La base de donn\u00e9es utilise une architecture \u00e0 niveaux multiples pour organiser logiquement de nombreuses donn\u00e9es utilisateur et d\u2019images avec une facilit\u00e9 d\u00e9concertante.<\/p>\t\t\t\t\t\t\t\t<\/div>\n\t\t\t\t<\/div>\n\t\t\t\t<div class=\"elementor-element elementor-element-3dc816d1 elementor-position-left elementor-vertical-align-middle elementor-widget elementor-widget-image-box\" data-id=\"3dc816d1\" data-element_type=\"widget\" data-e-type=\"widget\" data-widget_type=\"image-box.default\">\n\t\t\t\t<div class=\"elementor-widget-container\">\n\t\t\t\t\t<div class=\"elementor-image-box-wrapper\"><figure class=\"elementor-image-box-img\"><img fetchpriority=\"high\" decoding=\"async\" width=\"600\" height=\"600\" src=\"https:\/\/www.buehler.com\/fr\/wp-content\/uploads\/sites\/10\/2021\/10\/OmniMet-Imaging-System.png\" class=\"attachment-full size-full wp-image-10013\" alt=\"Modules logiciels OmniMet et fonctionnalit\u00e9s\" srcset=\"https:\/\/www.buehler.com\/fr\/wp-content\/uploads\/sites\/10\/2021\/10\/OmniMet-Imaging-System.png 600w, https:\/\/www.buehler.com\/fr\/wp-content\/uploads\/sites\/10\/2021\/10\/OmniMet-Imaging-System-300x300.png 300w, https:\/\/www.buehler.com\/fr\/wp-content\/uploads\/sites\/10\/2021\/10\/OmniMet-Imaging-System-150x150.png 150w\" sizes=\"(max-width: 600px) 100vw, 600px\" \/><\/figure><div class=\"elementor-image-box-content\"><h2 class=\"elementor-image-box-title\">Modules logiciels OmniMet\u2122 et fonctionnalit\u00e9s<\/h2><p class=\"elementor-image-box-description\">Le syst\u00e8me OmniMet permet un contr\u00f4le fluide par pointer-cliquer pour microscopes, cam\u00e9ras et logiciel d\u2019analyse d\u2019image via une interface Microsoft\u00ae Windows\u00ae intuitive. Toutes les images de format standard peuvent g\u00e9n\u00e9ralement \u00eatre visualis\u00e9es directement \u00e0 partir d\u2019un microscope \u00e9talonn\u00e9, ou \u00eatre import\u00e9es dans OmniMet pour analyse. Le logiciel OmniMet est propos\u00e9 \u00e0 diff\u00e9rents niveaux de flexibilit\u00e9, de fonctionnalit\u00e9 et de puissance analytique pour r\u00e9pondre aux besoins m\u00e9trologiques de tous les laboratoires n\u00e9cessitant l\u2019archivage des donn\u00e9es d\u2019image et l\u2019analyse quantitative des images.<\/p><\/div><\/div>\t\t\t\t<\/div>\n\t\t\t\t<\/div>\n\t\t\t\t<div class=\"elementor-element elementor-element-4e7159d0 elementor-align-left elementor-widget elementor-widget-button\" data-id=\"4e7159d0\" data-element_type=\"widget\" data-e-type=\"widget\" data-widget_type=\"button.default\">\n\t\t\t\t<div class=\"elementor-widget-container\">\n\t\t\t\t\t\t\t\t\t<div class=\"elementor-button-wrapper\">\n\t\t\t\t\t<a class=\"elementor-button elementor-button-link elementor-size-md\" href=\"https:\/\/www.buehler.com\/fr\/produits\/imagerie-et-analyse\/logiciel\/modules-logiciels-omnimet-et-fonctionnalites\/\">\n\t\t\t\t\t\t<span class=\"elementor-button-content-wrapper\">\n\t\t\t\t\t\t\t\t\t<span class=\"elementor-button-text\">Plus<\/span>\n\t\t\t\t\t<\/span>\n\t\t\t\t\t<\/a>\n\t\t\t\t<\/div>\n\t\t\t\t\t\t\t\t<\/div>\n\t\t\t\t<\/div>\n\t\t\t\t\t<\/div>\n\t\t<\/div>\n\t\t\t\t\t<\/div>\n\t\t<\/section>\n\t\t\t\t<\/div>\n\t\t","protected":false},"excerpt":{"rendered":"<p>Logiciel OmniMet\u2122 offre de puissantes possibilit\u00e9s d\u2019analyse d\u2019image associ\u00e9es aux fonctionnalit\u00e9s d\u2019une base de donn\u00e9es flexible. Personnalisez OmniMet avec des fonctions de mesure intuitives et conviviales par pointer-cliquer, des routines d\u2019analyse pr\u00e9programm\u00e9es ou des possibilit\u00e9s d\u2019ex\u00e9cution de scripts d\u2019analyse g\u00e9r\u00e9s par l\u2019utilisateur. La base de donn\u00e9es utilise une architecture \u00e0 niveaux multiples pour organiser logiquement [&hellip;]<\/p>\n","protected":false},"author":1,"featured_media":0,"parent":8193,"menu_order":0,"comment_status":"closed","ping_status":"closed","template":"elementor_header_footer","meta":{"footnotes":""},"class_list":["post-8215","page","type-page","status-publish","hentry"],"_links":{"self":[{"href":"https:\/\/www.buehler.com\/fr\/wp-json\/wp\/v2\/pages\/8215","targetHints":{"allow":["GET"]}}],"collection":[{"href":"https:\/\/www.buehler.com\/fr\/wp-json\/wp\/v2\/pages"}],"about":[{"href":"https:\/\/www.buehler.com\/fr\/wp-json\/wp\/v2\/types\/page"}],"author":[{"embeddable":true,"href":"https:\/\/www.buehler.com\/fr\/wp-json\/wp\/v2\/users\/1"}],"replies":[{"embeddable":true,"href":"https:\/\/www.buehler.com\/fr\/wp-json\/wp\/v2\/comments?post=8215"}],"version-history":[{"count":16,"href":"https:\/\/www.buehler.com\/fr\/wp-json\/wp\/v2\/pages\/8215\/revisions"}],"predecessor-version":[{"id":17658,"href":"https:\/\/www.buehler.com\/fr\/wp-json\/wp\/v2\/pages\/8215\/revisions\/17658"}],"up":[{"embeddable":true,"href":"https:\/\/www.buehler.com\/fr\/wp-json\/wp\/v2\/pages\/8193"}],"wp:attachment":[{"href":"https:\/\/www.buehler.com\/fr\/wp-json\/wp\/v2\/media?parent=8215"}],"curies":[{"name":"wp","href":"https:\/\/api.w.org\/{rel}","templated":true}]}}