{"id":8211,"date":"2021-10-18T06:38:42","date_gmt":"2021-10-18T04:38:42","guid":{"rendered":"https:\/\/buehler.com\/fr\/?page_id=8211"},"modified":"2022-06-22T20:54:59","modified_gmt":"2022-06-22T18:54:59","slug":"petrographie","status":"publish","type":"page","link":"https:\/\/www.buehler.com\/fr\/produits\/imagerie-et-analyse\/petrographie\/","title":{"rendered":"P\u00e9trographie"},"content":{"rendered":"\t\t<div data-elementor-type=\"wp-page\" data-elementor-id=\"8211\" class=\"elementor elementor-8211\" data-elementor-post-type=\"page\">\n\t\t\t\t\t\t<section data-particle_enable=\"false\" data-particle-mobile-disabled=\"false\" class=\"elementor-section elementor-top-section elementor-element elementor-element-24bcc62f elementor-section-full_width elementor-section-height-default elementor-section-height-default\" data-id=\"24bcc62f\" data-element_type=\"section\" data-e-type=\"section\">\n\t\t\t\t\t\t<div class=\"elementor-container elementor-column-gap-default\">\n\t\t\t\t\t<div class=\"elementor-column elementor-col-100 elementor-top-column elementor-element elementor-element-a478ea2\" data-id=\"a478ea2\" data-element_type=\"column\" data-e-type=\"column\">\n\t\t\t<div class=\"elementor-widget-wrap elementor-element-populated\">\n\t\t\t\t\t\t<div class=\"elementor-element elementor-element-3cc33761 elementor-widget elementor-widget-heading\" data-id=\"3cc33761\" data-element_type=\"widget\" data-e-type=\"widget\" data-widget_type=\"heading.default\">\n\t\t\t\t<div class=\"elementor-widget-container\">\n\t\t\t\t\t<h1 class=\"elementor-heading-title elementor-size-default\">P\u00e9trographie<\/h1>\t\t\t\t<\/div>\n\t\t\t\t<\/div>\n\t\t\t\t\t<\/div>\n\t\t<\/div>\n\t\t\t\t\t<\/div>\n\t\t<\/section>\n\t\t\t\t<section data-particle_enable=\"false\" data-particle-mobile-disabled=\"false\" class=\"elementor-section elementor-top-section elementor-element elementor-element-76ce8f5 elementor-section-boxed elementor-section-height-default elementor-section-height-default\" data-id=\"76ce8f5\" data-element_type=\"section\" data-e-type=\"section\">\n\t\t\t\t\t\t<div class=\"elementor-container elementor-column-gap-default\">\n\t\t\t\t\t<div class=\"elementor-column elementor-col-100 elementor-top-column elementor-element elementor-element-ae57910\" data-id=\"ae57910\" data-element_type=\"column\" data-e-type=\"column\">\n\t\t\t<div class=\"elementor-widget-wrap elementor-element-populated\">\n\t\t\t\t\t\t<div class=\"elementor-element elementor-element-1d662203 elementor-widget elementor-widget-text-editor\" data-id=\"1d662203\" data-element_type=\"widget\" data-e-type=\"widget\" data-widget_type=\"text-editor.default\">\n\t\t\t\t<div class=\"elementor-widget-container\">\n\t\t\t\t\t\t\t\t\t<p>Pour contr\u00f4ler l&#8217;\u00e9paisseur et l&#8217;uniformit\u00e9 de l&#8217;\u00e9chantillon pendant le broyage. Avec lentille 5 &#8220;et lampe 100 W pour une visualisation en lumi\u00e8re polaris\u00e9e.<\/p>\t\t\t\t\t\t\t\t<\/div>\n\t\t\t\t<\/div>\n\t\t\t\t<div class=\"elementor-element elementor-element-25ce215d elementor-position-left elementor-vertical-align-middle elementor-widget elementor-widget-image-box\" data-id=\"25ce215d\" data-element_type=\"widget\" data-e-type=\"widget\" data-widget_type=\"image-box.default\">\n\t\t\t\t<div class=\"elementor-widget-container\">\n\t\t\t\t\t<div class=\"elementor-image-box-wrapper\"><figure class=\"elementor-image-box-img\"><img fetchpriority=\"high\" decoding=\"async\" width=\"600\" height=\"450\" src=\"https:\/\/www.buehler.com\/fr\/wp-content\/uploads\/sites\/10\/2021\/10\/PetroVueThinSectionViewer.jpg\" class=\"attachment-full size-full wp-image-8269\" alt=\"Visionneuse de lame mince PetroVue\" srcset=\"https:\/\/www.buehler.com\/fr\/wp-content\/uploads\/sites\/10\/2021\/10\/PetroVueThinSectionViewer.jpg 600w, https:\/\/www.buehler.com\/fr\/wp-content\/uploads\/sites\/10\/2021\/10\/PetroVueThinSectionViewer-300x225.jpg 300w\" sizes=\"(max-width: 600px) 100vw, 600px\" \/><\/figure><div class=\"elementor-image-box-content\"><h2 class=\"elementor-image-box-title\">Visionneuse de lame mince PetroVue\u2122<\/h2><p class=\"elementor-image-box-description\">Facile et convivial \u00e0 utiliser, cet instrument permet de contr\u00f4ler l'\u00e9paisseur et l'uniformit\u00e9 des \u00e9chantillons lors du processus de polissage. La lentille de 125mm fournit une source lumineuse polaris\u00e9e de 100 W pour offrir un confort de visualisation unique.<\/p><\/div><\/div>\t\t\t\t<\/div>\n\t\t\t\t<\/div>\n\t\t\t\t<div class=\"elementor-element elementor-element-60c6c910 elementor-align-left elementor-widget elementor-widget-button\" data-id=\"60c6c910\" data-element_type=\"widget\" data-e-type=\"widget\" data-widget_type=\"button.default\">\n\t\t\t\t<div class=\"elementor-widget-container\">\n\t\t\t\t\t\t\t\t\t<div class=\"elementor-button-wrapper\">\n\t\t\t\t\t<a class=\"elementor-button elementor-button-link elementor-size-md\" href=\"https:\/\/www.buehler.com\/fr\/produits\/imagerie-et-analyse\/petrographie\/visionneuse-de-lame-mince-petrovue\/\">\n\t\t\t\t\t\t<span class=\"elementor-button-content-wrapper\">\n\t\t\t\t\t\t\t\t\t<span class=\"elementor-button-text\">Plus<\/span>\n\t\t\t\t\t<\/span>\n\t\t\t\t\t<\/a>\n\t\t\t\t<\/div>\n\t\t\t\t\t\t\t\t<\/div>\n\t\t\t\t<\/div>\n\t\t\t\t\t<\/div>\n\t\t<\/div>\n\t\t\t\t\t<\/div>\n\t\t<\/section>\n\t\t\t\t<\/div>\n\t\t","protected":false},"excerpt":{"rendered":"<p>P\u00e9trographie Pour contr\u00f4ler l&#8217;\u00e9paisseur et l&#8217;uniformit\u00e9 de l&#8217;\u00e9chantillon pendant le broyage. Avec lentille 5 &#8220;et lampe 100 W pour une visualisation en lumi\u00e8re polaris\u00e9e. Visionneuse de lame mince PetroVue\u2122 Facile et convivial \u00e0 utiliser, cet instrument permet de contr\u00f4ler l&#8217;\u00e9paisseur et l&#8217;uniformit\u00e9 des \u00e9chantillons lors du processus de polissage. La lentille de 125mm fournit une [&hellip;]<\/p>\n","protected":false},"author":1,"featured_media":0,"parent":8193,"menu_order":0,"comment_status":"closed","ping_status":"closed","template":"elementor_header_footer","meta":{"footnotes":""},"class_list":["post-8211","page","type-page","status-publish","hentry"],"_links":{"self":[{"href":"https:\/\/www.buehler.com\/fr\/wp-json\/wp\/v2\/pages\/8211","targetHints":{"allow":["GET"]}}],"collection":[{"href":"https:\/\/www.buehler.com\/fr\/wp-json\/wp\/v2\/pages"}],"about":[{"href":"https:\/\/www.buehler.com\/fr\/wp-json\/wp\/v2\/types\/page"}],"author":[{"embeddable":true,"href":"https:\/\/www.buehler.com\/fr\/wp-json\/wp\/v2\/users\/1"}],"replies":[{"embeddable":true,"href":"https:\/\/www.buehler.com\/fr\/wp-json\/wp\/v2\/comments?post=8211"}],"version-history":[{"count":10,"href":"https:\/\/www.buehler.com\/fr\/wp-json\/wp\/v2\/pages\/8211\/revisions"}],"predecessor-version":[{"id":17654,"href":"https:\/\/www.buehler.com\/fr\/wp-json\/wp\/v2\/pages\/8211\/revisions\/17654"}],"up":[{"embeddable":true,"href":"https:\/\/www.buehler.com\/fr\/wp-json\/wp\/v2\/pages\/8193"}],"wp:attachment":[{"href":"https:\/\/www.buehler.com\/fr\/wp-json\/wp\/v2\/media?parent=8211"}],"curies":[{"name":"wp","href":"https:\/\/api.w.org\/{rel}","templated":true}]}}