{"id":8207,"date":"2021-10-18T06:37:51","date_gmt":"2021-10-18T04:37:51","guid":{"rendered":"https:\/\/buehler.com\/fr\/?page_id=8207"},"modified":"2022-06-22T21:31:45","modified_gmt":"2022-06-22T19:31:45","slug":"microscopes-industriels-droits","status":"publish","type":"page","link":"https:\/\/www.buehler.com\/fr\/produits\/imagerie-et-analyse\/microscopes-industriels-droits\/","title":{"rendered":"Microscopes industriels droits"},"content":{"rendered":"\t\t<div data-elementor-type=\"wp-page\" data-elementor-id=\"8207\" class=\"elementor elementor-8207\" data-elementor-post-type=\"page\">\n\t\t\t\t\t\t<section data-particle_enable=\"false\" data-particle-mobile-disabled=\"false\" class=\"elementor-section elementor-top-section elementor-element elementor-element-2cd4627a elementor-section-full_width elementor-section-height-default elementor-section-height-default\" data-id=\"2cd4627a\" data-element_type=\"section\" data-e-type=\"section\">\n\t\t\t\t\t\t<div class=\"elementor-container elementor-column-gap-default\">\n\t\t\t\t\t<div class=\"elementor-column elementor-col-100 elementor-top-column elementor-element elementor-element-10696884\" data-id=\"10696884\" data-element_type=\"column\" data-e-type=\"column\">\n\t\t\t<div class=\"elementor-widget-wrap elementor-element-populated\">\n\t\t\t\t\t\t<div class=\"elementor-element elementor-element-5054fa24 elementor-widget elementor-widget-heading\" data-id=\"5054fa24\" data-element_type=\"widget\" data-e-type=\"widget\" data-widget_type=\"heading.default\">\n\t\t\t\t<div class=\"elementor-widget-container\">\n\t\t\t\t\t<h1 class=\"elementor-heading-title elementor-size-default\">Microscopes industriels droits<\/h1>\t\t\t\t<\/div>\n\t\t\t\t<\/div>\n\t\t\t\t\t<\/div>\n\t\t<\/div>\n\t\t\t\t\t<\/div>\n\t\t<\/section>\n\t\t\t\t<section data-particle_enable=\"false\" data-particle-mobile-disabled=\"false\" class=\"elementor-section elementor-top-section elementor-element elementor-element-5272551a elementor-section-boxed elementor-section-height-default elementor-section-height-default\" data-id=\"5272551a\" data-element_type=\"section\" data-e-type=\"section\">\n\t\t\t\t\t\t<div class=\"elementor-container elementor-column-gap-default\">\n\t\t\t\t\t<div class=\"elementor-column elementor-col-100 elementor-top-column elementor-element elementor-element-3fea8830\" data-id=\"3fea8830\" data-element_type=\"column\" data-e-type=\"column\">\n\t\t\t<div class=\"elementor-widget-wrap elementor-element-populated\">\n\t\t\t\t\t\t<div class=\"elementor-element elementor-element-1ee21d61 elementor-widget elementor-widget-text-editor\" data-id=\"1ee21d61\" data-element_type=\"widget\" data-e-type=\"widget\" data-widget_type=\"text-editor.default\">\n\t\t\t\t<div class=\"elementor-widget-container\">\n\t\t\t\t\t\t\t\t\t<p>Les microscopes industriels droits sont des microscopes droits polyvalents adapt\u00e9s aux applications de lumi\u00e8re r\u00e9fl\u00e9chie et\/ou transmise. Parfaits pour les importants besoins de grossissement pour les \u00e9chantillons qui ne sont pas plats ou enrob\u00e9s.<\/p>\t\t\t\t\t\t\t\t<\/div>\n\t\t\t\t<\/div>\n\t\t\t\t<div class=\"elementor-element elementor-element-4b5a97b elementor-position-left elementor-vertical-align-middle elementor-widget elementor-widget-image-box\" data-id=\"4b5a97b\" data-element_type=\"widget\" data-e-type=\"widget\" data-widget_type=\"image-box.default\">\n\t\t\t\t<div class=\"elementor-widget-container\">\n\t\t\t\t\t<div class=\"elementor-image-box-wrapper\"><figure class=\"elementor-image-box-img\"><img fetchpriority=\"high\" decoding=\"async\" width=\"600\" height=\"787\" src=\"https:\/\/www.buehler.com\/fr\/wp-content\/uploads\/sites\/10\/2021\/10\/LV150N.jpg\" class=\"attachment-full size-full wp-image-8263\" alt=\"Microscope vertical Nikon Eclipse LV150N\" srcset=\"https:\/\/www.buehler.com\/fr\/wp-content\/uploads\/sites\/10\/2021\/10\/LV150N.jpg 600w, https:\/\/www.buehler.com\/fr\/wp-content\/uploads\/sites\/10\/2021\/10\/LV150N-229x300.jpg 229w\" sizes=\"(max-width: 600px) 100vw, 600px\" \/><\/figure><div class=\"elementor-image-box-content\"><h2 class=\"elementor-image-box-title\">Microscope vertical Nikon Eclipse LV150N<\/h2><p class=\"elementor-image-box-description\">Le microscope m\u00e9tallurgique vertical Nikon Eclipse LV150N est un microscope vertical polyvalent avec \u00e9clairage LED pour les applications de microscopie en champ clair. Le Nikon Eclipse LV150N est parfait pour les besoins de grossissement important avec des \u00e9chantillons qui ne sont pas plats ou enrob\u00e9s.<\/p><\/div><\/div>\t\t\t\t<\/div>\n\t\t\t\t<\/div>\n\t\t\t\t<div class=\"elementor-element elementor-element-3a85694d elementor-align-left elementor-widget elementor-widget-button\" data-id=\"3a85694d\" data-element_type=\"widget\" data-e-type=\"widget\" data-widget_type=\"button.default\">\n\t\t\t\t<div class=\"elementor-widget-container\">\n\t\t\t\t\t\t\t\t\t<div class=\"elementor-button-wrapper\">\n\t\t\t\t\t<a class=\"elementor-button elementor-button-link elementor-size-md\" href=\"https:\/\/www.buehler.com\/fr\/produits\/imagerie-et-analyse\/microscopes-industriels-droits\/microscope-vertica-nikon-eclipse-lv150n\/\">\n\t\t\t\t\t\t<span class=\"elementor-button-content-wrapper\">\n\t\t\t\t\t\t\t\t\t<span class=\"elementor-button-text\">Plus<\/span>\n\t\t\t\t\t<\/span>\n\t\t\t\t\t<\/a>\n\t\t\t\t<\/div>\n\t\t\t\t\t\t\t\t<\/div>\n\t\t\t\t<\/div>\n\t\t\t\t\t<\/div>\n\t\t<\/div>\n\t\t\t\t\t<\/div>\n\t\t<\/section>\n\t\t\t\t<\/div>\n\t\t","protected":false},"excerpt":{"rendered":"<p>Microscopes industriels droits Les microscopes industriels droits sont des microscopes droits polyvalents adapt\u00e9s aux applications de lumi\u00e8re r\u00e9fl\u00e9chie et\/ou transmise. Parfaits pour les importants besoins de grossissement pour les \u00e9chantillons qui ne sont pas plats ou enrob\u00e9s. Microscope vertical Nikon Eclipse LV150N Le microscope m\u00e9tallurgique vertical Nikon Eclipse LV150N est un microscope vertical polyvalent avec [&hellip;]<\/p>\n","protected":false},"author":1,"featured_media":0,"parent":8193,"menu_order":0,"comment_status":"closed","ping_status":"closed","template":"elementor_header_footer","meta":{"footnotes":""},"class_list":["post-8207","page","type-page","status-publish","hentry"],"_links":{"self":[{"href":"https:\/\/www.buehler.com\/fr\/wp-json\/wp\/v2\/pages\/8207","targetHints":{"allow":["GET"]}}],"collection":[{"href":"https:\/\/www.buehler.com\/fr\/wp-json\/wp\/v2\/pages"}],"about":[{"href":"https:\/\/www.buehler.com\/fr\/wp-json\/wp\/v2\/types\/page"}],"author":[{"embeddable":true,"href":"https:\/\/www.buehler.com\/fr\/wp-json\/wp\/v2\/users\/1"}],"replies":[{"embeddable":true,"href":"https:\/\/www.buehler.com\/fr\/wp-json\/wp\/v2\/comments?post=8207"}],"version-history":[{"count":13,"href":"https:\/\/www.buehler.com\/fr\/wp-json\/wp\/v2\/pages\/8207\/revisions"}],"predecessor-version":[{"id":17686,"href":"https:\/\/www.buehler.com\/fr\/wp-json\/wp\/v2\/pages\/8207\/revisions\/17686"}],"up":[{"embeddable":true,"href":"https:\/\/www.buehler.com\/fr\/wp-json\/wp\/v2\/pages\/8193"}],"wp:attachment":[{"href":"https:\/\/www.buehler.com\/fr\/wp-json\/wp\/v2\/media?parent=8207"}],"curies":[{"name":"wp","href":"https:\/\/api.w.org\/{rel}","templated":true}]}}