{"id":8201,"date":"2021-10-18T06:36:22","date_gmt":"2021-10-18T04:36:22","guid":{"rendered":"https:\/\/buehler.com\/fr\/?page_id=8201"},"modified":"2022-06-22T20:50:31","modified_gmt":"2022-06-22T18:50:31","slug":"microscopes-industriels-inverses","status":"publish","type":"page","link":"https:\/\/www.buehler.com\/fr\/produits\/imagerie-et-analyse\/microscopes-industriels-inverses\/","title":{"rendered":"Microscopes industriels invers\u00e9s"},"content":{"rendered":"\t\t<div data-elementor-type=\"wp-page\" data-elementor-id=\"8201\" class=\"elementor elementor-8201\" data-elementor-post-type=\"page\">\n\t\t\t\t\t\t<section data-particle_enable=\"false\" data-particle-mobile-disabled=\"false\" class=\"elementor-section elementor-top-section elementor-element elementor-element-5a99ea42 elementor-section-full_width elementor-section-height-default elementor-section-height-default\" data-id=\"5a99ea42\" data-element_type=\"section\" data-e-type=\"section\">\n\t\t\t\t\t\t<div class=\"elementor-container elementor-column-gap-default\">\n\t\t\t\t\t<div class=\"elementor-column elementor-col-100 elementor-top-column elementor-element elementor-element-5392b5ea\" data-id=\"5392b5ea\" data-element_type=\"column\" data-e-type=\"column\">\n\t\t\t<div class=\"elementor-widget-wrap elementor-element-populated\">\n\t\t\t\t\t\t<div class=\"elementor-element elementor-element-1ac6d518 elementor-widget elementor-widget-heading\" data-id=\"1ac6d518\" data-element_type=\"widget\" data-e-type=\"widget\" data-widget_type=\"heading.default\">\n\t\t\t\t<div class=\"elementor-widget-container\">\n\t\t\t\t\t<h1 class=\"elementor-heading-title elementor-size-default\">Microscopes industriels invers\u00e9s<\/h1>\t\t\t\t<\/div>\n\t\t\t\t<\/div>\n\t\t\t\t\t<\/div>\n\t\t<\/div>\n\t\t\t\t\t<\/div>\n\t\t<\/section>\n\t\t\t\t<section data-particle_enable=\"false\" data-particle-mobile-disabled=\"false\" class=\"elementor-section elementor-top-section elementor-element elementor-element-19a4b820 elementor-section-boxed elementor-section-height-default elementor-section-height-default\" data-id=\"19a4b820\" data-element_type=\"section\" data-e-type=\"section\">\n\t\t\t\t\t\t<div class=\"elementor-container elementor-column-gap-default\">\n\t\t\t\t\t<div class=\"elementor-column elementor-col-100 elementor-top-column elementor-element elementor-element-b9ad389\" data-id=\"b9ad389\" data-element_type=\"column\" data-e-type=\"column\">\n\t\t\t<div class=\"elementor-widget-wrap elementor-element-populated\">\n\t\t\t\t\t\t<div class=\"elementor-element elementor-element-5c6dfd7f elementor-widget elementor-widget-text-editor\" data-id=\"5c6dfd7f\" data-element_type=\"widget\" data-e-type=\"widget\" data-widget_type=\"text-editor.default\">\n\t\t\t\t<div class=\"elementor-widget-container\">\n\t\t\t\t\t\t\t\t\t<p>Les microscopes invers\u00e9s sont compacts, r\u00e9sistants et utilis\u00e9s pour les besoins de grossissement important. Ils sont id\u00e9aux pour l&#8217;analyse d&#8217;\u00e9chantillons enrob\u00e9s avec des surfaces plates et sont \u00e9quip\u00e9s pour utiliser de multiples sources de lumi\u00e8re pour une grande vari\u00e9t\u00e9 d&#8217;analyses.<\/p>\t\t\t\t\t\t\t\t<\/div>\n\t\t\t\t<\/div>\n\t\t\t\t<div class=\"elementor-element elementor-element-1be1acf5 elementor-position-left elementor-vertical-align-middle elementor-widget elementor-widget-image-box\" data-id=\"1be1acf5\" data-element_type=\"widget\" data-e-type=\"widget\" data-widget_type=\"image-box.default\">\n\t\t\t\t<div class=\"elementor-widget-container\">\n\t\t\t\t\t<div class=\"elementor-image-box-wrapper\"><figure class=\"elementor-image-box-img\"><img fetchpriority=\"high\" decoding=\"async\" width=\"600\" height=\"588\" src=\"https:\/\/www.buehler.com\/fr\/wp-content\/uploads\/sites\/10\/2021\/10\/Nikon-Eclipse-MA-100-Microscope.jpg\" class=\"attachment-full size-full wp-image-8298\" alt=\"Microscope invers\u00e9 Nikon Eclipse MA100\" srcset=\"https:\/\/www.buehler.com\/fr\/wp-content\/uploads\/sites\/10\/2021\/10\/Nikon-Eclipse-MA-100-Microscope.jpg 600w, https:\/\/www.buehler.com\/fr\/wp-content\/uploads\/sites\/10\/2021\/10\/Nikon-Eclipse-MA-100-Microscope-300x294.jpg 300w\" sizes=\"(max-width: 600px) 100vw, 600px\" \/><\/figure><div class=\"elementor-image-box-content\"><h2 class=\"elementor-image-box-title\">Microscope invers\u00e9 Nikon Eclipse MA100<\/h2><p class=\"elementor-image-box-description\">Le microscope m\u00e9tallographique invers\u00e9 compact Nikon MA100 est id\u00e9al pour une polarisation simple et une observation en champ clair. De fonctionnement simple, la conception compacte du microscope m\u00e9tallographique invers\u00e9 permet une simplicit\u00e9 d\u2019utilisation dans n\u2019importe quel service de contr\u00f4le qualit\u00e9 ou sur le terrain. Ce microscope invers\u00e9 est \u00e9quip\u00e9 d\u2019un \u00e9clairage LED et d\u2019un \u00e9clairage halog\u00e8ne.<\/p><\/div><\/div>\t\t\t\t<\/div>\n\t\t\t\t<\/div>\n\t\t\t\t<div class=\"elementor-element elementor-element-3bb56401 elementor-align-left elementor-widget elementor-widget-button\" data-id=\"3bb56401\" data-element_type=\"widget\" data-e-type=\"widget\" data-widget_type=\"button.default\">\n\t\t\t\t<div class=\"elementor-widget-container\">\n\t\t\t\t\t\t\t\t\t<div class=\"elementor-button-wrapper\">\n\t\t\t\t\t<a class=\"elementor-button elementor-button-link elementor-size-md\" href=\"https:\/\/www.buehler.com\/fr\/produits\/imagerie-et-analyse\/microscopes-industriels-inverses\/microscope-inverse-nikon-eclipse-ma100\/\">\n\t\t\t\t\t\t<span class=\"elementor-button-content-wrapper\">\n\t\t\t\t\t\t\t\t\t<span class=\"elementor-button-text\">Plus<\/span>\n\t\t\t\t\t<\/span>\n\t\t\t\t\t<\/a>\n\t\t\t\t<\/div>\n\t\t\t\t\t\t\t\t<\/div>\n\t\t\t\t<\/div>\n\t\t\t\t<div class=\"elementor-element elementor-element-36b773ac elementor-position-left elementor-vertical-align-middle elementor-widget elementor-widget-image-box\" data-id=\"36b773ac\" data-element_type=\"widget\" data-e-type=\"widget\" data-widget_type=\"image-box.default\">\n\t\t\t\t<div class=\"elementor-widget-container\">\n\t\t\t\t\t<div class=\"elementor-image-box-wrapper\"><figure class=\"elementor-image-box-img\"><img decoding=\"async\" width=\"600\" height=\"540\" src=\"https:\/\/www.buehler.com\/fr\/wp-content\/uploads\/sites\/10\/2021\/10\/Nikon-MA200.jpg\" class=\"attachment-full size-full wp-image-8257\" alt=\"Microscope invers\u00e9 Nikon MA200 Eclipse\" srcset=\"https:\/\/www.buehler.com\/fr\/wp-content\/uploads\/sites\/10\/2021\/10\/Nikon-MA200.jpg 600w, https:\/\/www.buehler.com\/fr\/wp-content\/uploads\/sites\/10\/2021\/10\/Nikon-MA200-300x270.jpg 300w\" sizes=\"(max-width: 600px) 100vw, 600px\" \/><\/figure><div class=\"elementor-image-box-content\"><h3 class=\"elementor-image-box-title\">Microscope invers\u00e9 Nikon MA200 Eclipse<\/h3><p class=\"elementor-image-box-description\">Le Nikon MA200 Eclipse est un microscope m\u00e9tallurgique invers\u00e9 compact et durable pour les besoins de grossissement \u00e9lev\u00e9. Ce microscope invers\u00e9 de qualit\u00e9 recherche est id\u00e9al pour les \u00e9chantillons plats enrob\u00e9s et est disponible en BF, DF, DIC, et POL avec \u00e9clairage halog\u00e8ne.<\/p><\/div><\/div>\t\t\t\t<\/div>\n\t\t\t\t<\/div>\n\t\t\t\t<div class=\"elementor-element elementor-element-5620225b elementor-align-left elementor-widget elementor-widget-button\" data-id=\"5620225b\" data-element_type=\"widget\" data-e-type=\"widget\" data-widget_type=\"button.default\">\n\t\t\t\t<div class=\"elementor-widget-container\">\n\t\t\t\t\t\t\t\t\t<div class=\"elementor-button-wrapper\">\n\t\t\t\t\t<a class=\"elementor-button elementor-button-link elementor-size-md\" href=\"https:\/\/www.buehler.com\/fr\/produits\/imagerie-et-analyse\/microscopes-industriels-inverses\/microscope-inverse-nikon-ma200-eclipse\/\">\n\t\t\t\t\t\t<span class=\"elementor-button-content-wrapper\">\n\t\t\t\t\t\t\t\t\t<span class=\"elementor-button-text\">Plus<\/span>\n\t\t\t\t\t<\/span>\n\t\t\t\t\t<\/a>\n\t\t\t\t<\/div>\n\t\t\t\t\t\t\t\t<\/div>\n\t\t\t\t<\/div>\n\t\t\t\t\t<\/div>\n\t\t<\/div>\n\t\t\t\t\t<\/div>\n\t\t<\/section>\n\t\t\t\t<\/div>\n\t\t","protected":false},"excerpt":{"rendered":"<p>Microscopes industriels invers\u00e9s Les microscopes invers\u00e9s sont compacts, r\u00e9sistants et utilis\u00e9s pour les besoins de grossissement important. Ils sont id\u00e9aux pour l&#8217;analyse d&#8217;\u00e9chantillons enrob\u00e9s avec des surfaces plates et sont \u00e9quip\u00e9s pour utiliser de multiples sources de lumi\u00e8re pour une grande vari\u00e9t\u00e9 d&#8217;analyses. Microscope invers\u00e9 Nikon Eclipse MA100 Le microscope m\u00e9tallographique invers\u00e9 compact Nikon MA100 [&hellip;]<\/p>\n","protected":false},"author":1,"featured_media":0,"parent":8193,"menu_order":0,"comment_status":"closed","ping_status":"closed","template":"elementor_header_footer","meta":{"footnotes":""},"class_list":["post-8201","page","type-page","status-publish","hentry"],"_links":{"self":[{"href":"https:\/\/www.buehler.com\/fr\/wp-json\/wp\/v2\/pages\/8201","targetHints":{"allow":["GET"]}}],"collection":[{"href":"https:\/\/www.buehler.com\/fr\/wp-json\/wp\/v2\/pages"}],"about":[{"href":"https:\/\/www.buehler.com\/fr\/wp-json\/wp\/v2\/types\/page"}],"author":[{"embeddable":true,"href":"https:\/\/www.buehler.com\/fr\/wp-json\/wp\/v2\/users\/1"}],"replies":[{"embeddable":true,"href":"https:\/\/www.buehler.com\/fr\/wp-json\/wp\/v2\/comments?post=8201"}],"version-history":[{"count":13,"href":"https:\/\/www.buehler.com\/fr\/wp-json\/wp\/v2\/pages\/8201\/revisions"}],"predecessor-version":[{"id":17650,"href":"https:\/\/www.buehler.com\/fr\/wp-json\/wp\/v2\/pages\/8201\/revisions\/17650"}],"up":[{"embeddable":true,"href":"https:\/\/www.buehler.com\/fr\/wp-json\/wp\/v2\/pages\/8193"}],"wp:attachment":[{"href":"https:\/\/www.buehler.com\/fr\/wp-json\/wp\/v2\/media?parent=8201"}],"curies":[{"name":"wp","href":"https:\/\/api.w.org\/{rel}","templated":true}]}}