{"id":8195,"date":"2021-10-18T06:34:44","date_gmt":"2021-10-18T04:34:44","guid":{"rendered":"https:\/\/buehler.com\/fr\/?page_id=8195"},"modified":"2022-06-22T20:42:38","modified_gmt":"2022-06-22T18:42:38","slug":"microscopes-binoculaires","status":"publish","type":"page","link":"https:\/\/www.buehler.com\/fr\/produits\/imagerie-et-analyse\/microscopes-binoculaires\/","title":{"rendered":"Microscopes binoculaires"},"content":{"rendered":"\t\t<div data-elementor-type=\"wp-page\" data-elementor-id=\"8195\" class=\"elementor elementor-8195\" data-elementor-post-type=\"page\">\n\t\t\t\t\t\t<section data-particle_enable=\"false\" data-particle-mobile-disabled=\"false\" class=\"elementor-section elementor-top-section elementor-element elementor-element-42b60943 elementor-section-full_width elementor-section-height-default elementor-section-height-default\" data-id=\"42b60943\" data-element_type=\"section\" data-e-type=\"section\">\n\t\t\t\t\t\t<div class=\"elementor-container elementor-column-gap-default\">\n\t\t\t\t\t<div class=\"elementor-column elementor-col-100 elementor-top-column elementor-element elementor-element-8cb7c5e\" data-id=\"8cb7c5e\" data-element_type=\"column\" data-e-type=\"column\">\n\t\t\t<div class=\"elementor-widget-wrap elementor-element-populated\">\n\t\t\t\t\t\t<div class=\"elementor-element elementor-element-17a0c254 elementor-widget elementor-widget-heading\" data-id=\"17a0c254\" data-element_type=\"widget\" data-e-type=\"widget\" data-widget_type=\"heading.default\">\n\t\t\t\t<div class=\"elementor-widget-container\">\n\t\t\t\t\t<h1 class=\"elementor-heading-title elementor-size-default\">Microscopes binoculaires<\/h1>\t\t\t\t<\/div>\n\t\t\t\t<\/div>\n\t\t\t\t\t<\/div>\n\t\t<\/div>\n\t\t\t\t\t<\/div>\n\t\t<\/section>\n\t\t\t\t<section data-particle_enable=\"false\" data-particle-mobile-disabled=\"false\" class=\"elementor-section elementor-top-section elementor-element elementor-element-1acf7920 elementor-section-boxed elementor-section-height-default elementor-section-height-default\" data-id=\"1acf7920\" data-element_type=\"section\" data-e-type=\"section\">\n\t\t\t\t\t\t<div class=\"elementor-container elementor-column-gap-default\">\n\t\t\t\t\t<div class=\"elementor-column elementor-col-100 elementor-top-column elementor-element elementor-element-1e8c3cda\" data-id=\"1e8c3cda\" data-element_type=\"column\" data-e-type=\"column\">\n\t\t\t<div class=\"elementor-widget-wrap elementor-element-populated\">\n\t\t\t\t\t\t<div class=\"elementor-element elementor-element-3aae6442 elementor-widget elementor-widget-text-editor\" data-id=\"3aae6442\" data-element_type=\"widget\" data-e-type=\"widget\" data-widget_type=\"text-editor.default\">\n\t\t\t\t<div class=\"elementor-widget-container\">\n\t\t\t\t\t\t\t\t\t<p>Microscopes binoculaires zoom Nikon avec r\u00e9solution \u00e9lev\u00e9e et grossissement macro des pi\u00e8ces. Parfaits pour l&#8217;analyse de grands \u00e9chantillons et l&#8217;imagerie multifocale.<\/p>\t\t\t\t\t\t\t\t<\/div>\n\t\t\t\t<\/div>\n\t\t\t\t<div class=\"elementor-element elementor-element-37feee00 elementor-position-left elementor-vertical-align-middle elementor-widget elementor-widget-image-box\" data-id=\"37feee00\" data-element_type=\"widget\" data-e-type=\"widget\" data-widget_type=\"image-box.default\">\n\t\t\t\t<div class=\"elementor-widget-container\">\n\t\t\t\t\t<div class=\"elementor-image-box-wrapper\"><figure class=\"elementor-image-box-img\"><img fetchpriority=\"high\" decoding=\"async\" width=\"505\" height=\"637\" src=\"https:\/\/www.buehler.com\/fr\/wp-content\/uploads\/sites\/10\/2021\/10\/SMZ18.jpg\" class=\"attachment-full size-full wp-image-8288\" alt=\"Microscope \u00e0 zoom st\u00e9r\u00e9oscopique Nikon SMZ18\" srcset=\"https:\/\/www.buehler.com\/fr\/wp-content\/uploads\/sites\/10\/2021\/10\/SMZ18.jpg 505w, https:\/\/www.buehler.com\/fr\/wp-content\/uploads\/sites\/10\/2021\/10\/SMZ18-238x300.jpg 238w\" sizes=\"(max-width: 505px) 100vw, 505px\" \/><\/figure><div class=\"elementor-image-box-content\"><h2 class=\"elementor-image-box-title\">Microscope \u00e0 zoom st\u00e9r\u00e9oscopique Nikon SMZ18<\/h2><p class=\"elementor-image-box-description\">Le Nikon SMZ18 est un microscope st\u00e9r\u00e9oscopique con\u00e7u pour l\u2019analyse de grands \u00e9chantillons et l\u2019imagerie multifocale. Le Nikon SMZ18 dispose d\u2019une haute r\u00e9solution, d\u2019une plage de zoom \u00e9lev\u00e9e de 0,75 \u00e0 13,5 X avec plusieurs but\u00e9es de clic et d\u2019un grossissement macro des pi\u00e8ces.<\/p><\/div><\/div>\t\t\t\t<\/div>\n\t\t\t\t<\/div>\n\t\t\t\t<div class=\"elementor-element elementor-element-61f9e305 elementor-align-left elementor-widget elementor-widget-button\" data-id=\"61f9e305\" data-element_type=\"widget\" data-e-type=\"widget\" data-widget_type=\"button.default\">\n\t\t\t\t<div class=\"elementor-widget-container\">\n\t\t\t\t\t\t\t\t\t<div class=\"elementor-button-wrapper\">\n\t\t\t\t\t<a class=\"elementor-button elementor-button-link elementor-size-md\" href=\"https:\/\/www.buehler.com\/fr\/produits\/imagerie-et-analyse\/microscopes-binoculaires\/microscope-a-zoom-stereoscopique-nikon-smz18\/\">\n\t\t\t\t\t\t<span class=\"elementor-button-content-wrapper\">\n\t\t\t\t\t\t\t\t\t<span class=\"elementor-button-text\">Plus<\/span>\n\t\t\t\t\t<\/span>\n\t\t\t\t\t<\/a>\n\t\t\t\t<\/div>\n\t\t\t\t\t\t\t\t<\/div>\n\t\t\t\t<\/div>\n\t\t\t\t<div class=\"elementor-element elementor-element-564c8151 elementor-position-left elementor-vertical-align-middle elementor-widget elementor-widget-image-box\" data-id=\"564c8151\" data-element_type=\"widget\" data-e-type=\"widget\" data-widget_type=\"image-box.default\">\n\t\t\t\t<div class=\"elementor-widget-container\">\n\t\t\t\t\t<div class=\"elementor-image-box-wrapper\"><figure class=\"elementor-image-box-img\"><img decoding=\"async\" width=\"400\" height=\"506\" src=\"https:\/\/www.buehler.com\/fr\/wp-content\/uploads\/sites\/10\/2021\/10\/Nikon-SMZ-800-Microscope.jpg\" class=\"attachment-full size-full wp-image-8248\" alt=\"Microscope \u00e0 zoom st\u00e9r\u00e9oscopique Nikon SMZ800N\" srcset=\"https:\/\/www.buehler.com\/fr\/wp-content\/uploads\/sites\/10\/2021\/10\/Nikon-SMZ-800-Microscope.jpg 400w, https:\/\/www.buehler.com\/fr\/wp-content\/uploads\/sites\/10\/2021\/10\/Nikon-SMZ-800-Microscope-237x300.jpg 237w\" sizes=\"(max-width: 400px) 100vw, 400px\" \/><\/figure><div class=\"elementor-image-box-content\"><h3 class=\"elementor-image-box-title\">Microscope \u00e0 zoom st\u00e9r\u00e9oscopique Nikon SMZ800N<\/h3><p class=\"elementor-image-box-description\">Le Nikon SMZ800N est un microscope \u00e0 zoom st\u00e9r\u00e9oscopique avec haute r\u00e9solution et grossissement macro des pi\u00e8ces. Ce microscope \u00e0 zoom est id\u00e9al pour les \u00e9chantillons volumineux o\u00f9 un grand champ de vision est n\u00e9cessaire pour l\u2019analyse des \u00e9chantillons et l\u2019imagerie multifocale. <\/p><\/div><\/div>\t\t\t\t<\/div>\n\t\t\t\t<\/div>\n\t\t\t\t<div class=\"elementor-element elementor-element-37bb0fdf elementor-align-left elementor-widget elementor-widget-button\" data-id=\"37bb0fdf\" data-element_type=\"widget\" data-e-type=\"widget\" data-widget_type=\"button.default\">\n\t\t\t\t<div class=\"elementor-widget-container\">\n\t\t\t\t\t\t\t\t\t<div class=\"elementor-button-wrapper\">\n\t\t\t\t\t<a class=\"elementor-button elementor-button-link elementor-size-md\" href=\"https:\/\/www.buehler.com\/fr\/produits\/imagerie-et-analyse\/microscopes-binoculaires\/microscope-a-zoom-stereoscopique-nikon-smz800n\/\">\n\t\t\t\t\t\t<span class=\"elementor-button-content-wrapper\">\n\t\t\t\t\t\t\t\t\t<span class=\"elementor-button-text\">Plus<\/span>\n\t\t\t\t\t<\/span>\n\t\t\t\t\t<\/a>\n\t\t\t\t<\/div>\n\t\t\t\t\t\t\t\t<\/div>\n\t\t\t\t<\/div>\n\t\t\t\t\t<\/div>\n\t\t<\/div>\n\t\t\t\t\t<\/div>\n\t\t<\/section>\n\t\t\t\t<\/div>\n\t\t","protected":false},"excerpt":{"rendered":"<p>Microscopes binoculaires Microscopes binoculaires zoom Nikon avec r\u00e9solution \u00e9lev\u00e9e et grossissement macro des pi\u00e8ces. Parfaits pour l&#8217;analyse de grands \u00e9chantillons et l&#8217;imagerie multifocale. Microscope \u00e0 zoom st\u00e9r\u00e9oscopique Nikon SMZ18 Le Nikon SMZ18 est un microscope st\u00e9r\u00e9oscopique con\u00e7u pour l\u2019analyse de grands \u00e9chantillons et l\u2019imagerie multifocale. Le Nikon SMZ18 dispose d\u2019une haute r\u00e9solution, d\u2019une plage de [&hellip;]<\/p>\n","protected":false},"author":1,"featured_media":0,"parent":8193,"menu_order":0,"comment_status":"closed","ping_status":"closed","template":"elementor_header_footer","meta":{"footnotes":""},"class_list":["post-8195","page","type-page","status-publish","hentry"],"_links":{"self":[{"href":"https:\/\/www.buehler.com\/fr\/wp-json\/wp\/v2\/pages\/8195","targetHints":{"allow":["GET"]}}],"collection":[{"href":"https:\/\/www.buehler.com\/fr\/wp-json\/wp\/v2\/pages"}],"about":[{"href":"https:\/\/www.buehler.com\/fr\/wp-json\/wp\/v2\/types\/page"}],"author":[{"embeddable":true,"href":"https:\/\/www.buehler.com\/fr\/wp-json\/wp\/v2\/users\/1"}],"replies":[{"embeddable":true,"href":"https:\/\/www.buehler.com\/fr\/wp-json\/wp\/v2\/comments?post=8195"}],"version-history":[{"count":16,"href":"https:\/\/www.buehler.com\/fr\/wp-json\/wp\/v2\/pages\/8195\/revisions"}],"predecessor-version":[{"id":17642,"href":"https:\/\/www.buehler.com\/fr\/wp-json\/wp\/v2\/pages\/8195\/revisions\/17642"}],"up":[{"embeddable":true,"href":"https:\/\/www.buehler.com\/fr\/wp-json\/wp\/v2\/pages\/8193"}],"wp:attachment":[{"href":"https:\/\/www.buehler.com\/fr\/wp-json\/wp\/v2\/media?parent=8195"}],"curies":[{"name":"wp","href":"https:\/\/api.w.org\/{rel}","templated":true}]}}