{"id":6577,"date":"2021-10-11T10:11:10","date_gmt":"2021-10-11T08:11:10","guid":{"rendered":"https:\/\/buehler.com\/fr\/?page_id=6577"},"modified":"2022-06-15T19:47:24","modified_gmt":"2022-06-15T17:47:24","slug":"polisseuses-par-vibrations","status":"publish","type":"page","link":"https:\/\/www.buehler.com\/fr\/produits\/prepolissage-et-polissage\/polisseuses-par-vibrations\/","title":{"rendered":"Polisseuses par vibrations"},"content":{"rendered":"\t\t<div data-elementor-type=\"wp-page\" data-elementor-id=\"6577\" class=\"elementor elementor-6577\" data-elementor-post-type=\"page\">\n\t\t\t\t\t\t<section data-particle_enable=\"false\" data-particle-mobile-disabled=\"false\" class=\"elementor-section elementor-top-section elementor-element elementor-element-25b92726 elementor-section-full_width elementor-section-height-default elementor-section-height-default\" data-id=\"25b92726\" data-element_type=\"section\" data-e-type=\"section\">\n\t\t\t\t\t\t<div class=\"elementor-container elementor-column-gap-default\">\n\t\t\t\t\t<div class=\"elementor-column elementor-col-100 elementor-top-column elementor-element elementor-element-622dcc6c\" data-id=\"622dcc6c\" data-element_type=\"column\" data-e-type=\"column\">\n\t\t\t<div class=\"elementor-widget-wrap elementor-element-populated\">\n\t\t\t\t\t\t<div class=\"elementor-element elementor-element-48a6d58d elementor-widget elementor-widget-heading\" data-id=\"48a6d58d\" data-element_type=\"widget\" data-e-type=\"widget\" data-widget_type=\"heading.default\">\n\t\t\t\t<div class=\"elementor-widget-container\">\n\t\t\t\t\t<h1 class=\"elementor-heading-title elementor-size-default\">Polisseuses par vibrations<\/h1>\t\t\t\t<\/div>\n\t\t\t\t<\/div>\n\t\t\t\t\t<\/div>\n\t\t<\/div>\n\t\t\t\t\t<\/div>\n\t\t<\/section>\n\t\t\t\t<section data-particle_enable=\"false\" data-particle-mobile-disabled=\"false\" class=\"elementor-section elementor-top-section elementor-element elementor-element-6dcbd969 elementor-section-boxed elementor-section-height-default elementor-section-height-default\" data-id=\"6dcbd969\" data-element_type=\"section\" data-e-type=\"section\">\n\t\t\t\t\t\t<div class=\"elementor-container elementor-column-gap-default\">\n\t\t\t\t\t<div class=\"elementor-column elementor-col-100 elementor-top-column elementor-element elementor-element-78d0bbd2\" data-id=\"78d0bbd2\" data-element_type=\"column\" data-e-type=\"column\">\n\t\t\t<div class=\"elementor-widget-wrap elementor-element-populated\">\n\t\t\t\t\t\t<div class=\"elementor-element elementor-element-75c83599 elementor-widget elementor-widget-text-editor\" data-id=\"75c83599\" data-element_type=\"widget\" data-e-type=\"widget\" data-widget_type=\"text-editor.default\">\n\t\t\t\t<div class=\"elementor-widget-container\">\n\t\t\t\t\t\t\t\t\t<p>La polisseuse par vibrations VibroMet 2 est con\u00e7ue pour la pr\u00e9paration des surfaces avec un haut niveau de qualit\u00e9 sur un large \u00e9ventail de mat\u00e9riaux, id\u00e9ale pour les applications diffraction par r\u00e9trodiffusion d\u2019\u00e9lectrons (EBSD).<\/p>\t\t\t\t\t\t\t\t<\/div>\n\t\t\t\t<\/div>\n\t\t\t\t<div class=\"elementor-element elementor-element-2deffc00 elementor-position-left elementor-vertical-align-middle elementor-widget elementor-widget-image-box\" data-id=\"2deffc00\" data-element_type=\"widget\" data-e-type=\"widget\" data-widget_type=\"image-box.default\">\n\t\t\t\t<div class=\"elementor-widget-container\">\n\t\t\t\t\t<div class=\"elementor-image-box-wrapper\"><figure class=\"elementor-image-box-img\"><img fetchpriority=\"high\" decoding=\"async\" width=\"600\" height=\"600\" src=\"https:\/\/www.buehler.com\/fr\/wp-content\/uploads\/sites\/10\/2021\/10\/VibroMet-2.png\" class=\"attachment-full size-full wp-image-6653\" alt=\"Polisseuse par vibrations VibroMet\u00ae 2\" srcset=\"https:\/\/www.buehler.com\/fr\/wp-content\/uploads\/sites\/10\/2021\/10\/VibroMet-2.png 600w, https:\/\/www.buehler.com\/fr\/wp-content\/uploads\/sites\/10\/2021\/10\/VibroMet-2-300x300.png 300w, https:\/\/www.buehler.com\/fr\/wp-content\/uploads\/sites\/10\/2021\/10\/VibroMet-2-150x150.png 150w\" sizes=\"(max-width: 600px) 100vw, 600px\" \/><\/figure><div class=\"elementor-image-box-content\"><h2 class=\"elementor-image-box-title\">Polisseuse par vibrations VibroMet\u2122 2<\/h2><p class=\"elementor-image-box-description\">La polisseuse par vibrations VibroMet 2 est con\u00e7ue pour la pr\u00e9paration des surfaces avec un haut niveau de qualit\u00e9 sur un large \u00e9ventail de mat\u00e9riaux, id\u00e9ale pour les applications diffraction par r\u00e9trodiffusion d\u2019\u00e9lectrons (EBSD). Le mouvement horizontal \u00e0 7 200 cycles par minute produit un polissage tr\u00e8s efficace pour des r\u00e9sultats sup\u00e9rieurs, une plan\u00e9it\u00e9 exceptionnelle sans \u00e9crouissage ni d\u00e9formation de la surface.<\/p><\/div><\/div>\t\t\t\t<\/div>\n\t\t\t\t<\/div>\n\t\t\t\t<div class=\"elementor-element elementor-element-7c018204 elementor-align-left elementor-widget elementor-widget-button\" data-id=\"7c018204\" data-element_type=\"widget\" data-e-type=\"widget\" data-widget_type=\"button.default\">\n\t\t\t\t<div class=\"elementor-widget-container\">\n\t\t\t\t\t\t\t\t\t<div class=\"elementor-button-wrapper\">\n\t\t\t\t\t<a class=\"elementor-button elementor-button-link elementor-size-md\" href=\"https:\/\/www.buehler.com\/fr\/produits\/prepolissage-et-polissage\/polisseuses-par-vibrations\/polisseuse-par-vibrations-vibromet-2\/\">\n\t\t\t\t\t\t<span class=\"elementor-button-content-wrapper\">\n\t\t\t\t\t\t\t\t\t<span class=\"elementor-button-text\">Plus<\/span>\n\t\t\t\t\t<\/span>\n\t\t\t\t\t<\/a>\n\t\t\t\t<\/div>\n\t\t\t\t\t\t\t\t<\/div>\n\t\t\t\t<\/div>\n\t\t\t\t\t<\/div>\n\t\t<\/div>\n\t\t\t\t\t<\/div>\n\t\t<\/section>\n\t\t\t\t<\/div>\n\t\t","protected":false},"excerpt":{"rendered":"<p>Polisseuses par vibrations La polisseuse par vibrations VibroMet 2 est con\u00e7ue pour la pr\u00e9paration des surfaces avec un haut niveau de qualit\u00e9 sur un large \u00e9ventail de mat\u00e9riaux, id\u00e9ale pour les applications diffraction par r\u00e9trodiffusion d\u2019\u00e9lectrons (EBSD). Polisseuse par vibrations VibroMet\u2122 2 La polisseuse par vibrations VibroMet 2 est con\u00e7ue pour la pr\u00e9paration des surfaces [&hellip;]<\/p>\n","protected":false},"author":1,"featured_media":0,"parent":6554,"menu_order":0,"comment_status":"closed","ping_status":"closed","template":"elementor_header_footer","meta":{"footnotes":""},"class_list":["post-6577","page","type-page","status-publish","hentry"],"_links":{"self":[{"href":"https:\/\/www.buehler.com\/fr\/wp-json\/wp\/v2\/pages\/6577","targetHints":{"allow":["GET"]}}],"collection":[{"href":"https:\/\/www.buehler.com\/fr\/wp-json\/wp\/v2\/pages"}],"about":[{"href":"https:\/\/www.buehler.com\/fr\/wp-json\/wp\/v2\/types\/page"}],"author":[{"embeddable":true,"href":"https:\/\/www.buehler.com\/fr\/wp-json\/wp\/v2\/users\/1"}],"replies":[{"embeddable":true,"href":"https:\/\/www.buehler.com\/fr\/wp-json\/wp\/v2\/comments?post=6577"}],"version-history":[{"count":13,"href":"https:\/\/www.buehler.com\/fr\/wp-json\/wp\/v2\/pages\/6577\/revisions"}],"predecessor-version":[{"id":17467,"href":"https:\/\/www.buehler.com\/fr\/wp-json\/wp\/v2\/pages\/6577\/revisions\/17467"}],"up":[{"embeddable":true,"href":"https:\/\/www.buehler.com\/fr\/wp-json\/wp\/v2\/pages\/6554"}],"wp:attachment":[{"href":"https:\/\/www.buehler.com\/fr\/wp-json\/wp\/v2\/media?parent=6577"}],"curies":[{"name":"wp","href":"https:\/\/api.w.org\/{rel}","templated":true}]}}