{"id":6556,"date":"2021-10-11T10:04:47","date_gmt":"2021-10-11T08:04:47","guid":{"rendered":"https:\/\/buehler.com\/fr\/?page_id=6556"},"modified":"2022-06-15T19:42:50","modified_gmt":"2022-06-15T17:42:50","slug":"rodeuses-polisseuses","status":"publish","type":"page","link":"https:\/\/www.buehler.com\/fr\/produits\/prepolissage-et-polissage\/rodeuses-polisseuses\/","title":{"rendered":"Rodeuses-polisseuses"},"content":{"rendered":"\t\t<div data-elementor-type=\"wp-page\" data-elementor-id=\"6556\" class=\"elementor elementor-6556\" data-elementor-post-type=\"page\">\n\t\t\t\t\t\t<section data-particle_enable=\"false\" data-particle-mobile-disabled=\"false\" class=\"elementor-section elementor-top-section elementor-element elementor-element-26699cf3 elementor-section-full_width elementor-section-height-default elementor-section-height-default\" data-id=\"26699cf3\" data-element_type=\"section\" data-e-type=\"section\">\n\t\t\t\t\t\t<div class=\"elementor-container elementor-column-gap-default\">\n\t\t\t\t\t<div class=\"elementor-column elementor-col-100 elementor-top-column elementor-element elementor-element-7ceaabd7\" data-id=\"7ceaabd7\" data-element_type=\"column\" data-e-type=\"column\">\n\t\t\t<div class=\"elementor-widget-wrap elementor-element-populated\">\n\t\t\t\t\t\t<div class=\"elementor-element elementor-element-2de42103 elementor-widget elementor-widget-heading\" data-id=\"2de42103\" data-element_type=\"widget\" data-e-type=\"widget\" data-widget_type=\"heading.default\">\n\t\t\t\t<div class=\"elementor-widget-container\">\n\t\t\t\t\t<h1 class=\"elementor-heading-title elementor-size-default\">Rodeuses-polisseuses<\/h1>\t\t\t\t<\/div>\n\t\t\t\t<\/div>\n\t\t\t\t\t<\/div>\n\t\t<\/div>\n\t\t\t\t\t<\/div>\n\t\t<\/section>\n\t\t\t\t<section data-particle_enable=\"false\" data-particle-mobile-disabled=\"false\" class=\"elementor-section elementor-top-section elementor-element elementor-element-772282dd elementor-section-boxed elementor-section-height-default elementor-section-height-default\" data-id=\"772282dd\" data-element_type=\"section\" data-e-type=\"section\">\n\t\t\t\t\t\t<div class=\"elementor-container elementor-column-gap-default\">\n\t\t\t\t\t<div class=\"elementor-column elementor-col-100 elementor-top-column elementor-element elementor-element-4ab2173\" data-id=\"4ab2173\" data-element_type=\"column\" data-e-type=\"column\">\n\t\t\t<div class=\"elementor-widget-wrap elementor-element-populated\">\n\t\t\t\t\t\t<div class=\"elementor-element elementor-element-5969140 elementor-widget elementor-widget-text-editor\" data-id=\"5969140\" data-element_type=\"widget\" data-e-type=\"widget\" data-widget_type=\"text-editor.default\">\n\t\t\t\t<div class=\"elementor-widget-container\">\n\t\t\t\t\t\t\t\t\t<p>Adaptez-vous \u00e0 de nombreuses applications gr\u00e2ce \u00e0 cette gamme polyvalente de Rodeuses-polisseuses. Tous les produits b\u00e9n\u00e9ficient d&#8217;une construction solide et r\u00e9sistante pour garantir la fiabilit\u00e9 dans des environnements intensifs, des fonctions uniques de nettoyage rapide et de nombreuses am\u00e9liorations pour une utilisation conviviale.<\/p>\t\t\t\t\t\t\t\t<\/div>\n\t\t\t\t<\/div>\n\t\t\t\t<div class=\"elementor-element elementor-element-d2896c elementor-position-left elementor-vertical-align-middle elementor-widget elementor-widget-image-box\" data-id=\"d2896c\" data-element_type=\"widget\" data-e-type=\"widget\" data-widget_type=\"image-box.default\">\n\t\t\t\t<div class=\"elementor-widget-container\">\n\t\t\t\t\t<div class=\"elementor-image-box-wrapper\"><figure class=\"elementor-image-box-img\"><img fetchpriority=\"high\" decoding=\"async\" width=\"600\" height=\"600\" src=\"https:\/\/www.buehler.com\/fr\/wp-content\/uploads\/sites\/10\/2021\/10\/AutoMet-250_Membrane_Front-600x600-1.png\" class=\"attachment-full size-full wp-image-6610\" alt=\"Polisseuse AutoMet\u00ae 250\" srcset=\"https:\/\/www.buehler.com\/fr\/wp-content\/uploads\/sites\/10\/2021\/10\/AutoMet-250_Membrane_Front-600x600-1.png 600w, https:\/\/www.buehler.com\/fr\/wp-content\/uploads\/sites\/10\/2021\/10\/AutoMet-250_Membrane_Front-600x600-1-300x300.png 300w, https:\/\/www.buehler.com\/fr\/wp-content\/uploads\/sites\/10\/2021\/10\/AutoMet-250_Membrane_Front-600x600-1-150x150.png 150w\" sizes=\"(max-width: 600px) 100vw, 600px\" \/><\/figure><div class=\"elementor-image-box-content\"><h2 class=\"elementor-image-box-title\">Polisseuse AutoMet\u2122 250<\/h2><p class=\"elementor-image-box-description\">La gamme de polisseuses AutoMet est con\u00e7ue pour les environnements de production exigeants. Destin\u00e9e \u00e0 la pr\u00e9paration manuelle et semi-automatique des \u00e9chantillons, l\u2019AutoMet 250 allie simplicit\u00e9 et polyvalence pour r\u00e9pondre aux besoins des applications les plus diverses.<\/p><\/div><\/div>\t\t\t\t<\/div>\n\t\t\t\t<\/div>\n\t\t\t\t<div class=\"elementor-element elementor-element-506de1fa elementor-align-left elementor-widget elementor-widget-button\" data-id=\"506de1fa\" data-element_type=\"widget\" data-e-type=\"widget\" data-widget_type=\"button.default\">\n\t\t\t\t<div class=\"elementor-widget-container\">\n\t\t\t\t\t\t\t\t\t<div class=\"elementor-button-wrapper\">\n\t\t\t\t\t<a class=\"elementor-button elementor-button-link elementor-size-md\" href=\"https:\/\/www.buehler.com\/fr\/produits\/prepolissage-et-polissage\/rodeuses-polisseuses\/polisseuse-automet-250\/\">\n\t\t\t\t\t\t<span class=\"elementor-button-content-wrapper\">\n\t\t\t\t\t\t\t\t\t<span class=\"elementor-button-text\">Plus<\/span>\n\t\t\t\t\t<\/span>\n\t\t\t\t\t<\/a>\n\t\t\t\t<\/div>\n\t\t\t\t\t\t\t\t<\/div>\n\t\t\t\t<\/div>\n\t\t\t\t<div class=\"elementor-element elementor-element-12df4130 elementor-position-left elementor-vertical-align-middle elementor-widget elementor-widget-image-box\" data-id=\"12df4130\" data-element_type=\"widget\" data-e-type=\"widget\" data-widget_type=\"image-box.default\">\n\t\t\t\t<div class=\"elementor-widget-container\">\n\t\t\t\t\t<div class=\"elementor-image-box-wrapper\"><figure class=\"elementor-image-box-img\"><img decoding=\"async\" width=\"600\" height=\"600\" src=\"https:\/\/www.buehler.com\/fr\/wp-content\/uploads\/sites\/10\/2021\/10\/AutoMet-250_Front_Black-600x600-1.png\" class=\"attachment-full size-full wp-image-6604\" alt=\"Polisseuse AutoMet\u00ae 250 Pro\" srcset=\"https:\/\/www.buehler.com\/fr\/wp-content\/uploads\/sites\/10\/2021\/10\/AutoMet-250_Front_Black-600x600-1.png 600w, https:\/\/www.buehler.com\/fr\/wp-content\/uploads\/sites\/10\/2021\/10\/AutoMet-250_Front_Black-600x600-1-300x300.png 300w, https:\/\/www.buehler.com\/fr\/wp-content\/uploads\/sites\/10\/2021\/10\/AutoMet-250_Front_Black-600x600-1-150x150.png 150w\" sizes=\"(max-width: 600px) 100vw, 600px\" \/><\/figure><div class=\"elementor-image-box-content\"><h3 class=\"elementor-image-box-title\">Polisseuse AutoMet\u2122 250 Pro<\/h3><p class=\"elementor-image-box-description\">La gamme de polisseuses AutoMet est con\u00e7ue pour les environnements de production exigeants. L\u2019AutoMet 250 Pro se pilote \u00e0 partir d\u2019un \u00e9cran tactile couleur et permet une pr\u00e9paration des \u00e9chantillons en mode manuel ou automatique. Elle allie simplicit\u00e9 et polyvalence pour r\u00e9pondre aux besoins des applications les plus diverses.<\/p><\/div><\/div>\t\t\t\t<\/div>\n\t\t\t\t<\/div>\n\t\t\t\t<div class=\"elementor-element elementor-element-5ff91475 elementor-align-left elementor-widget elementor-widget-button\" data-id=\"5ff91475\" data-element_type=\"widget\" data-e-type=\"widget\" data-widget_type=\"button.default\">\n\t\t\t\t<div class=\"elementor-widget-container\">\n\t\t\t\t\t\t\t\t\t<div class=\"elementor-button-wrapper\">\n\t\t\t\t\t<a class=\"elementor-button elementor-button-link elementor-size-md\" href=\"https:\/\/www.buehler.com\/fr\/produits\/prepolissage-et-polissage\/rodeuses-polisseuses\/polisseuse-automet-250-pro\/\">\n\t\t\t\t\t\t<span class=\"elementor-button-content-wrapper\">\n\t\t\t\t\t\t\t\t\t<span class=\"elementor-button-text\">Plus<\/span>\n\t\t\t\t\t<\/span>\n\t\t\t\t\t<\/a>\n\t\t\t\t<\/div>\n\t\t\t\t\t\t\t\t<\/div>\n\t\t\t\t<\/div>\n\t\t\t\t<div class=\"elementor-element elementor-element-301d98f elementor-position-left elementor-vertical-align-middle elementor-widget elementor-widget-image-box\" data-id=\"301d98f\" data-element_type=\"widget\" data-e-type=\"widget\" data-widget_type=\"image-box.default\">\n\t\t\t\t<div class=\"elementor-widget-container\">\n\t\t\t\t\t<div class=\"elementor-image-box-wrapper\"><figure class=\"elementor-image-box-img\"><img decoding=\"async\" width=\"600\" height=\"600\" src=\"https:\/\/www.buehler.com\/fr\/wp-content\/uploads\/sites\/10\/2021\/10\/AutoMet-300-Pro_Front-600x600-1.png\" class=\"attachment-full size-full wp-image-6616\" alt=\"Polisseuse AutoMet\u2122 300 Pro\" srcset=\"https:\/\/www.buehler.com\/fr\/wp-content\/uploads\/sites\/10\/2021\/10\/AutoMet-300-Pro_Front-600x600-1.png 600w, https:\/\/www.buehler.com\/fr\/wp-content\/uploads\/sites\/10\/2021\/10\/AutoMet-300-Pro_Front-600x600-1-300x300.png 300w, https:\/\/www.buehler.com\/fr\/wp-content\/uploads\/sites\/10\/2021\/10\/AutoMet-300-Pro_Front-600x600-1-150x150.png 150w\" sizes=\"(max-width: 600px) 100vw, 600px\" \/><\/figure><div class=\"elementor-image-box-content\"><h4 class=\"elementor-image-box-title\">Polisseuse AutoMet\u2122 300 Pro<\/h4><p class=\"elementor-image-box-description\">La gamme de polisseuses AutoMet est con\u00e7ue pour les environnements de production exigeants. L\u2019AutoMet 300 Pro se pilote \u00e0 partir d\u2019un \u00e9cran tactile couleur et permet une pr\u00e9paration des \u00e9chantillons en mode manuel ou automatique. Elle allie simplicit\u00e9 et polyvalence pour r\u00e9pondre aux besoins des applications les plus diverses.<\/p><\/div><\/div>\t\t\t\t<\/div>\n\t\t\t\t<\/div>\n\t\t\t\t<div class=\"elementor-element elementor-element-533c758 elementor-align-left elementor-widget elementor-widget-button\" data-id=\"533c758\" data-element_type=\"widget\" data-e-type=\"widget\" data-widget_type=\"button.default\">\n\t\t\t\t<div class=\"elementor-widget-container\">\n\t\t\t\t\t\t\t\t\t<div class=\"elementor-button-wrapper\">\n\t\t\t\t\t<a class=\"elementor-button elementor-button-link elementor-size-md\" href=\"https:\/\/www.buehler.com\/fr\/produits\/prepolissage-et-polissage\/rodeuses-polisseuses\/polisseuse-automet-300-pro\/\">\n\t\t\t\t\t\t<span class=\"elementor-button-content-wrapper\">\n\t\t\t\t\t\t\t\t\t<span class=\"elementor-button-text\">Plus<\/span>\n\t\t\t\t\t<\/span>\n\t\t\t\t\t<\/a>\n\t\t\t\t<\/div>\n\t\t\t\t\t\t\t\t<\/div>\n\t\t\t\t<\/div>\n\t\t\t\t<div class=\"elementor-element elementor-element-10d9a2b elementor-position-left elementor-vertical-align-middle elementor-widget elementor-widget-image-box\" data-id=\"10d9a2b\" data-element_type=\"widget\" data-e-type=\"widget\" data-widget_type=\"image-box.default\">\n\t\t\t\t<div class=\"elementor-widget-container\">\n\t\t\t\t\t<div class=\"elementor-image-box-wrapper\"><figure class=\"elementor-image-box-img\"><img loading=\"lazy\" decoding=\"async\" width=\"600\" height=\"600\" src=\"https:\/\/www.buehler.com\/fr\/wp-content\/uploads\/sites\/10\/2021\/10\/EcoMet-30-Front.png\" class=\"attachment-full size-full wp-image-6622\" alt=\"EcoMet\u00ae 30 Polisseuse Manual\" srcset=\"https:\/\/www.buehler.com\/fr\/wp-content\/uploads\/sites\/10\/2021\/10\/EcoMet-30-Front.png 600w, https:\/\/www.buehler.com\/fr\/wp-content\/uploads\/sites\/10\/2021\/10\/EcoMet-30-Front-300x300.png 300w, https:\/\/www.buehler.com\/fr\/wp-content\/uploads\/sites\/10\/2021\/10\/EcoMet-30-Front-150x150.png 150w\" sizes=\"(max-width: 600px) 100vw, 600px\" \/><\/figure><div class=\"elementor-image-box-content\"><h4 class=\"elementor-image-box-title\">EcoMet\u2122 30 Polisseuse Manual<\/h4><p class=\"elementor-image-box-description\">L'EcoMet 30 offre une simplicit\u00e9 de fonctionnement pour le pr\u00e9polissage et le polissage manuels. La conception confortable de la protection antiprojections permet un contr\u00f4le excellent tout en maintenant un \u00e9chantillon. Simple \u00e0 utiliser et facile \u00e0 nettoyer. Durabilit\u00e9 test\u00e9e pendant plus de 2500 heures et flexibilit\u00e9- compatible avec les plateaux 203 mm [8 po.], 254 mm [10 po.] et 305 mm [12 po.].<\/p><\/div><\/div>\t\t\t\t<\/div>\n\t\t\t\t<\/div>\n\t\t\t\t<div class=\"elementor-element elementor-element-66ee2ae elementor-align-left elementor-widget elementor-widget-button\" data-id=\"66ee2ae\" data-element_type=\"widget\" data-e-type=\"widget\" data-widget_type=\"button.default\">\n\t\t\t\t<div class=\"elementor-widget-container\">\n\t\t\t\t\t\t\t\t\t<div class=\"elementor-button-wrapper\">\n\t\t\t\t\t<a class=\"elementor-button elementor-button-link elementor-size-md\" href=\"https:\/\/www.buehler.com\/fr\/produits\/prepolissage-et-polissage\/rodeuses-polisseuses\/ecomet-30-polisseuse-manual\/\">\n\t\t\t\t\t\t<span class=\"elementor-button-content-wrapper\">\n\t\t\t\t\t\t\t\t\t<span class=\"elementor-button-text\">Plus<\/span>\n\t\t\t\t\t<\/span>\n\t\t\t\t\t<\/a>\n\t\t\t\t<\/div>\n\t\t\t\t\t\t\t\t<\/div>\n\t\t\t\t<\/div>\n\t\t\t\t<div class=\"elementor-element elementor-element-8a9f8cb elementor-position-left elementor-vertical-align-middle elementor-widget elementor-widget-image-box\" data-id=\"8a9f8cb\" data-element_type=\"widget\" data-e-type=\"widget\" data-widget_type=\"image-box.default\">\n\t\t\t\t<div class=\"elementor-widget-container\">\n\t\t\t\t\t<div class=\"elementor-image-box-wrapper\"><figure class=\"elementor-image-box-img\"><img loading=\"lazy\" decoding=\"async\" width=\"600\" height=\"600\" src=\"https:\/\/www.buehler.com\/fr\/wp-content\/uploads\/sites\/10\/2021\/10\/EcoMet-30-Front.png\" class=\"attachment-full size-full wp-image-6622\" alt=\"EcoMet\u00ae 30 Polisseuse Manual\" srcset=\"https:\/\/www.buehler.com\/fr\/wp-content\/uploads\/sites\/10\/2021\/10\/EcoMet-30-Front.png 600w, https:\/\/www.buehler.com\/fr\/wp-content\/uploads\/sites\/10\/2021\/10\/EcoMet-30-Front-300x300.png 300w, https:\/\/www.buehler.com\/fr\/wp-content\/uploads\/sites\/10\/2021\/10\/EcoMet-30-Front-150x150.png 150w\" sizes=\"(max-width: 600px) 100vw, 600px\" \/><\/figure><div class=\"elementor-image-box-content\"><h4 class=\"elementor-image-box-title\">EcoMet\u2122 30 Polisseuse Semi-Automatic<\/h4><p class=\"elementor-image-box-description\">L'EcoMet 30 offre un fonctionnement simple pour le polissage de routine. L'interface conviviale de l'\u00e9cran tactile permet d'afficher sur l'\u00e9cran principal toutes les fonctions r\u00e9guli\u00e8rement utilis\u00e9es, sans menus compliqu\u00e9s susceptibles de prolonger le r\u00e9glage des param\u00e8tres de polissage.<\/p><\/div><\/div>\t\t\t\t<\/div>\n\t\t\t\t<\/div>\n\t\t\t\t<div class=\"elementor-element elementor-element-238d395 elementor-align-left elementor-widget elementor-widget-button\" data-id=\"238d395\" data-element_type=\"widget\" data-e-type=\"widget\" data-widget_type=\"button.default\">\n\t\t\t\t<div class=\"elementor-widget-container\">\n\t\t\t\t\t\t\t\t\t<div class=\"elementor-button-wrapper\">\n\t\t\t\t\t<a class=\"elementor-button elementor-button-link elementor-size-md\" href=\"https:\/\/www.buehler.com\/fr\/produits\/prepolissage-et-polissage\/rodeuses-polisseuses\/ecomet-30-polisseuse-semi-automatic\/\">\n\t\t\t\t\t\t<span class=\"elementor-button-content-wrapper\">\n\t\t\t\t\t\t\t\t\t<span class=\"elementor-button-text\">Plus<\/span>\n\t\t\t\t\t<\/span>\n\t\t\t\t\t<\/a>\n\t\t\t\t<\/div>\n\t\t\t\t\t\t\t\t<\/div>\n\t\t\t\t<\/div>\n\t\t\t\t<div class=\"elementor-element elementor-element-4b0e1cd2 elementor-position-left elementor-vertical-align-middle elementor-widget elementor-widget-image-box\" data-id=\"4b0e1cd2\" data-element_type=\"widget\" data-e-type=\"widget\" data-widget_type=\"image-box.default\">\n\t\t\t\t<div class=\"elementor-widget-container\">\n\t\t\t\t\t<div class=\"elementor-image-box-wrapper\"><figure class=\"elementor-image-box-img\"><img loading=\"lazy\" decoding=\"async\" width=\"600\" height=\"600\" src=\"https:\/\/www.buehler.com\/fr\/wp-content\/uploads\/sites\/10\/2021\/10\/MiniMet1000.png\" class=\"attachment-full size-full wp-image-6634\" alt=\"Meuleuse-polisseuse MiniMet\u00ae 1000\" srcset=\"https:\/\/www.buehler.com\/fr\/wp-content\/uploads\/sites\/10\/2021\/10\/MiniMet1000.png 600w, https:\/\/www.buehler.com\/fr\/wp-content\/uploads\/sites\/10\/2021\/10\/MiniMet1000-300x300.png 300w, https:\/\/www.buehler.com\/fr\/wp-content\/uploads\/sites\/10\/2021\/10\/MiniMet1000-150x150.png 150w\" sizes=\"(max-width: 600px) 100vw, 600px\" \/><\/figure><div class=\"elementor-image-box-content\"><h4 class=\"elementor-image-box-title\">Meuleuse-polisseuse MiniMet\u2122 1000<\/h4><p class=\"elementor-image-box-description\">La meuleuse-polisseuse semi-automatique MiniMet 1000 est indiqu\u00e9e pour la pr\u00e9paration d\u2019\u00e9chantillons individuels et d\u2019\u00e9chantillons de faible volume, et peut assurer la pr\u00e9paration d\u2019une large gamme de mat\u00e9riaux. La MiniMet 1000 pr\u00e9pare une grande vari\u00e9t\u00e9 de mat\u00e9riaux \u00e0 l\u2019aide de trois bols de pr\u00e9paration autonomes et de commandes \u00e0 \u00e9cran tactile simples d\u2019utilisation.<\/p><\/div><\/div>\t\t\t\t<\/div>\n\t\t\t\t<\/div>\n\t\t\t\t<div class=\"elementor-element elementor-element-3bc77863 elementor-align-left elementor-widget elementor-widget-button\" data-id=\"3bc77863\" data-element_type=\"widget\" data-e-type=\"widget\" data-widget_type=\"button.default\">\n\t\t\t\t<div class=\"elementor-widget-container\">\n\t\t\t\t\t\t\t\t\t<div class=\"elementor-button-wrapper\">\n\t\t\t\t\t<a class=\"elementor-button elementor-button-link elementor-size-md\" href=\"https:\/\/www.buehler.com\/fr\/produits\/prepolissage-et-polissage\/rodeuses-polisseuses\/meuleuse-polisseuse-minimet-1000\/\">\n\t\t\t\t\t\t<span class=\"elementor-button-content-wrapper\">\n\t\t\t\t\t\t\t\t\t<span class=\"elementor-button-text\">Plus<\/span>\n\t\t\t\t\t<\/span>\n\t\t\t\t\t<\/a>\n\t\t\t\t<\/div>\n\t\t\t\t\t\t\t\t<\/div>\n\t\t\t\t<\/div>\n\t\t\t\t\t<\/div>\n\t\t<\/div>\n\t\t\t\t\t<\/div>\n\t\t<\/section>\n\t\t\t\t<\/div>\n\t\t","protected":false},"excerpt":{"rendered":"<p>Rodeuses-polisseuses Adaptez-vous \u00e0 de nombreuses applications gr\u00e2ce \u00e0 cette gamme polyvalente de Rodeuses-polisseuses. Tous les produits b\u00e9n\u00e9ficient d&#8217;une construction solide et r\u00e9sistante pour garantir la fiabilit\u00e9 dans des environnements intensifs, des fonctions uniques de nettoyage rapide et de nombreuses am\u00e9liorations pour une utilisation conviviale. Polisseuse AutoMet\u2122 250 La gamme de polisseuses AutoMet est con\u00e7ue pour [&hellip;]<\/p>\n","protected":false},"author":1,"featured_media":0,"parent":6554,"menu_order":0,"comment_status":"closed","ping_status":"closed","template":"elementor_header_footer","meta":{"footnotes":""},"class_list":["post-6556","page","type-page","status-publish","hentry"],"_links":{"self":[{"href":"https:\/\/www.buehler.com\/fr\/wp-json\/wp\/v2\/pages\/6556","targetHints":{"allow":["GET"]}}],"collection":[{"href":"https:\/\/www.buehler.com\/fr\/wp-json\/wp\/v2\/pages"}],"about":[{"href":"https:\/\/www.buehler.com\/fr\/wp-json\/wp\/v2\/types\/page"}],"author":[{"embeddable":true,"href":"https:\/\/www.buehler.com\/fr\/wp-json\/wp\/v2\/users\/1"}],"replies":[{"embeddable":true,"href":"https:\/\/www.buehler.com\/fr\/wp-json\/wp\/v2\/comments?post=6556"}],"version-history":[{"count":19,"href":"https:\/\/www.buehler.com\/fr\/wp-json\/wp\/v2\/pages\/6556\/revisions"}],"predecessor-version":[{"id":17463,"href":"https:\/\/www.buehler.com\/fr\/wp-json\/wp\/v2\/pages\/6556\/revisions\/17463"}],"up":[{"embeddable":true,"href":"https:\/\/www.buehler.com\/fr\/wp-json\/wp\/v2\/pages\/6554"}],"wp:attachment":[{"href":"https:\/\/www.buehler.com\/fr\/wp-json\/wp\/v2\/media?parent=6556"}],"curies":[{"name":"wp","href":"https:\/\/api.w.org\/{rel}","templated":true}]}}