{"id":4910,"date":"2021-09-29T12:19:52","date_gmt":"2021-09-29T10:19:52","guid":{"rendered":"https:\/\/buehler.com\/fr\/?page_id=4910"},"modified":"2022-06-14T15:49:42","modified_gmt":"2022-06-14T13:49:42","slug":"enrobage-a-froid","status":"publish","type":"page","link":"https:\/\/www.buehler.com\/fr\/produits\/enrobage\/enrobage-a-froid\/","title":{"rendered":"Enrobage \u00e0 froid"},"content":{"rendered":"\t\t<div data-elementor-type=\"wp-page\" data-elementor-id=\"4910\" class=\"elementor elementor-4910\" data-elementor-post-type=\"page\">\n\t\t\t\t\t\t<section data-particle_enable=\"false\" data-particle-mobile-disabled=\"false\" class=\"elementor-section elementor-top-section elementor-element elementor-element-56fb91bc elementor-section-full_width elementor-section-height-default elementor-section-height-default\" data-id=\"56fb91bc\" data-element_type=\"section\" data-e-type=\"section\">\n\t\t\t\t\t\t<div class=\"elementor-container elementor-column-gap-default\">\n\t\t\t\t\t<div class=\"elementor-column elementor-col-100 elementor-top-column elementor-element elementor-element-277609ae\" data-id=\"277609ae\" data-element_type=\"column\" data-e-type=\"column\">\n\t\t\t<div class=\"elementor-widget-wrap elementor-element-populated\">\n\t\t\t\t\t\t<div class=\"elementor-element elementor-element-13edeb0e elementor-widget elementor-widget-heading\" data-id=\"13edeb0e\" data-element_type=\"widget\" data-e-type=\"widget\" data-widget_type=\"heading.default\">\n\t\t\t\t<div class=\"elementor-widget-container\">\n\t\t\t\t\t<h1 class=\"elementor-heading-title elementor-size-default\">Enrobage \u00e0 froid<\/h1>\t\t\t\t<\/div>\n\t\t\t\t<\/div>\n\t\t\t\t\t<\/div>\n\t\t<\/div>\n\t\t\t\t\t<\/div>\n\t\t<\/section>\n\t\t\t\t<section data-particle_enable=\"false\" data-particle-mobile-disabled=\"false\" class=\"elementor-section elementor-top-section elementor-element elementor-element-6992795b elementor-section-boxed elementor-section-height-default elementor-section-height-default\" data-id=\"6992795b\" data-element_type=\"section\" data-e-type=\"section\">\n\t\t\t\t\t\t<div class=\"elementor-container elementor-column-gap-default\">\n\t\t\t\t\t<div class=\"elementor-column elementor-col-100 elementor-top-column elementor-element elementor-element-303ece8e\" data-id=\"303ece8e\" data-element_type=\"column\" data-e-type=\"column\">\n\t\t\t<div class=\"elementor-widget-wrap elementor-element-populated\">\n\t\t\t\t\t\t<div class=\"elementor-element elementor-element-cfa2031 elementor-widget elementor-widget-text-editor\" data-id=\"cfa2031\" data-element_type=\"widget\" data-e-type=\"widget\" data-widget_type=\"text-editor.default\">\n\t\t\t\t<div class=\"elementor-widget-container\">\n\t\t\t\t\t\t\t\t\t<p>Notre nouveau syst\u00e8me Enrobage \u00e0 froid de mise sous vide permet une excellente impr\u00e9gnation des porosit\u00e9s dans un format compact. Utilisant votre source d\u2019air comprim\u00e9, ce syst\u00e8me cr\u00e9e un vide de mani\u00e8re rapide et efficace afin d\u2019\u00e9vacuer l\u2019air emprisonn\u00e9 des \u00e9chantillons poreux.<\/p>\t\t\t\t\t\t\t\t<\/div>\n\t\t\t\t<\/div>\n\t\t\t\t<div class=\"elementor-element elementor-element-50516f1f elementor-position-left elementor-vertical-align-middle elementor-widget elementor-widget-image-box\" data-id=\"50516f1f\" data-element_type=\"widget\" data-e-type=\"widget\" data-widget_type=\"image-box.default\">\n\t\t\t\t<div class=\"elementor-widget-container\">\n\t\t\t\t\t<div class=\"elementor-image-box-wrapper\"><figure class=\"elementor-image-box-img\"><img fetchpriority=\"high\" decoding=\"async\" width=\"600\" height=\"600\" src=\"https:\/\/www.buehler.com\/fr\/wp-content\/uploads\/sites\/10\/2021\/08\/SimpliVac-Front.png\" class=\"attachment-full size-full wp-image-1619\" alt=\"Syst\u00e8me d\u2019impr\u00e9gnation sous vide SimpliVac\u00ae\" srcset=\"https:\/\/www.buehler.com\/fr\/wp-content\/uploads\/sites\/10\/2021\/08\/SimpliVac-Front.png 600w, https:\/\/www.buehler.com\/fr\/wp-content\/uploads\/sites\/10\/2021\/08\/SimpliVac-Front-300x300.png 300w, https:\/\/www.buehler.com\/fr\/wp-content\/uploads\/sites\/10\/2021\/08\/SimpliVac-Front-150x150.png 150w\" sizes=\"(max-width: 600px) 100vw, 600px\" \/><\/figure><div class=\"elementor-image-box-content\"><h2 class=\"elementor-image-box-title\">Syst\u00e8me d\u2019impr\u00e9gnation sous vide SimpliVac\u2122 <\/h2><p class=\"elementor-image-box-description\">Programmable gr\u00e2ce \u00e0 son \u00e9cran tactile, le nouveau syst\u00e8me Buehler d\u2019enrobage sous vide pour r\u00e9sines \u00e9poxy assure une excellente impr\u00e9gnation des porosit\u00e9s dans un format compact. En se servant de votre source d\u2019air comprim\u00e9, ce syst\u00e8me fait le vide rapidement et efficacement pour \u00e9vacuer l\u2019air emprisonn\u00e9 dans les \u00e9chantillons poreux. Vous profitez ainsi d\u2019une pr\u00e9servation des bords optimis\u00e9e et d\u2019un outil performant pour le traitement des \u00e9chantillons fragiles.<\/p><\/div><\/div>\t\t\t\t<\/div>\n\t\t\t\t<\/div>\n\t\t\t\t<div class=\"elementor-element elementor-element-9753913 elementor-align-left elementor-widget elementor-widget-button\" data-id=\"9753913\" data-element_type=\"widget\" data-e-type=\"widget\" data-widget_type=\"button.default\">\n\t\t\t\t<div class=\"elementor-widget-container\">\n\t\t\t\t\t\t\t\t\t<div class=\"elementor-button-wrapper\">\n\t\t\t\t\t<a class=\"elementor-button elementor-button-link elementor-size-md\" href=\"https:\/\/www.buehler.com\/fr\/produits\/enrobage\/enrobage-a-froid\/systeme-dimpregnation-sous-vide-simplivac\/\">\n\t\t\t\t\t\t<span class=\"elementor-button-content-wrapper\">\n\t\t\t\t\t\t\t\t\t<span class=\"elementor-button-text\">Plus<\/span>\n\t\t\t\t\t<\/span>\n\t\t\t\t\t<\/a>\n\t\t\t\t<\/div>\n\t\t\t\t\t\t\t\t<\/div>\n\t\t\t\t<\/div>\n\t\t\t\t\t<\/div>\n\t\t<\/div>\n\t\t\t\t\t<\/div>\n\t\t<\/section>\n\t\t\t\t<\/div>\n\t\t","protected":false},"excerpt":{"rendered":"<p>Enrobage \u00e0 froid Notre nouveau syst\u00e8me Enrobage \u00e0 froid de mise sous vide permet une excellente impr\u00e9gnation des porosit\u00e9s dans un format compact. Utilisant votre source d\u2019air comprim\u00e9, ce syst\u00e8me cr\u00e9e un vide de mani\u00e8re rapide et efficace afin d\u2019\u00e9vacuer l\u2019air emprisonn\u00e9 des \u00e9chantillons poreux. Syst\u00e8me d\u2019impr\u00e9gnation sous vide SimpliVac\u2122 Programmable gr\u00e2ce \u00e0 son \u00e9cran [&hellip;]<\/p>\n","protected":false},"author":1,"featured_media":0,"parent":4904,"menu_order":0,"comment_status":"closed","ping_status":"closed","template":"elementor_header_footer","meta":{"footnotes":""},"class_list":["post-4910","page","type-page","status-publish","hentry"],"_links":{"self":[{"href":"https:\/\/www.buehler.com\/fr\/wp-json\/wp\/v2\/pages\/4910","targetHints":{"allow":["GET"]}}],"collection":[{"href":"https:\/\/www.buehler.com\/fr\/wp-json\/wp\/v2\/pages"}],"about":[{"href":"https:\/\/www.buehler.com\/fr\/wp-json\/wp\/v2\/types\/page"}],"author":[{"embeddable":true,"href":"https:\/\/www.buehler.com\/fr\/wp-json\/wp\/v2\/users\/1"}],"replies":[{"embeddable":true,"href":"https:\/\/www.buehler.com\/fr\/wp-json\/wp\/v2\/comments?post=4910"}],"version-history":[{"count":10,"href":"https:\/\/www.buehler.com\/fr\/wp-json\/wp\/v2\/pages\/4910\/revisions"}],"predecessor-version":[{"id":17324,"href":"https:\/\/www.buehler.com\/fr\/wp-json\/wp\/v2\/pages\/4910\/revisions\/17324"}],"up":[{"embeddable":true,"href":"https:\/\/www.buehler.com\/fr\/wp-json\/wp\/v2\/pages\/4904"}],"wp:attachment":[{"href":"https:\/\/www.buehler.com\/fr\/wp-json\/wp\/v2\/media?parent=4910"}],"curies":[{"name":"wp","href":"https:\/\/api.w.org\/{rel}","templated":true}]}}