{"id":4908,"date":"2021-09-29T12:18:55","date_gmt":"2021-09-29T10:18:55","guid":{"rendered":"https:\/\/buehler.com\/fr\/?page_id=4908"},"modified":"2022-06-14T15:50:12","modified_gmt":"2022-06-14T13:50:12","slug":"enrobage-a-chaud","status":"publish","type":"page","link":"https:\/\/www.buehler.com\/fr\/produits\/enrobage\/enrobage-a-chaud\/","title":{"rendered":"Enrobage a Chaud"},"content":{"rendered":"\t\t<div data-elementor-type=\"wp-page\" data-elementor-id=\"4908\" class=\"elementor elementor-4908\" data-elementor-post-type=\"page\">\n\t\t\t\t\t\t<section data-particle_enable=\"false\" data-particle-mobile-disabled=\"false\" class=\"elementor-section elementor-top-section elementor-element elementor-element-49c033e elementor-section-full_width elementor-section-height-default elementor-section-height-default\" data-id=\"49c033e\" data-element_type=\"section\" data-e-type=\"section\">\n\t\t\t\t\t\t<div class=\"elementor-container elementor-column-gap-default\">\n\t\t\t\t\t<div class=\"elementor-column elementor-col-100 elementor-top-column elementor-element elementor-element-427aa76b\" data-id=\"427aa76b\" data-element_type=\"column\" data-e-type=\"column\">\n\t\t\t<div class=\"elementor-widget-wrap elementor-element-populated\">\n\t\t\t\t\t\t<div class=\"elementor-element elementor-element-6e70e8f7 elementor-widget elementor-widget-heading\" data-id=\"6e70e8f7\" data-element_type=\"widget\" data-e-type=\"widget\" data-widget_type=\"heading.default\">\n\t\t\t\t<div class=\"elementor-widget-container\">\n\t\t\t\t\t<h1 class=\"elementor-heading-title elementor-size-default\">Enrobage a Chaud<\/h1>\t\t\t\t<\/div>\n\t\t\t\t<\/div>\n\t\t\t\t\t<\/div>\n\t\t<\/div>\n\t\t\t\t\t<\/div>\n\t\t<\/section>\n\t\t\t\t<section data-particle_enable=\"false\" data-particle-mobile-disabled=\"false\" class=\"elementor-section elementor-top-section elementor-element elementor-element-3f0f16c4 elementor-section-boxed elementor-section-height-default elementor-section-height-default\" data-id=\"3f0f16c4\" data-element_type=\"section\" data-e-type=\"section\">\n\t\t\t\t\t\t<div class=\"elementor-container elementor-column-gap-default\">\n\t\t\t\t\t<div class=\"elementor-column elementor-col-100 elementor-top-column elementor-element elementor-element-76250ce9\" data-id=\"76250ce9\" data-element_type=\"column\" data-e-type=\"column\">\n\t\t\t<div class=\"elementor-widget-wrap elementor-element-populated\">\n\t\t\t\t\t\t<div class=\"elementor-element elementor-element-4b961f6d elementor-widget elementor-widget-text-editor\" data-id=\"4b961f6d\" data-element_type=\"widget\" data-e-type=\"widget\" data-widget_type=\"text-editor.default\">\n\t\t\t\t<div class=\"elementor-widget-container\">\n\t\t\t\t\t\t\t\t\t<p>L&#8217;enrobage \u00e0 chaud est la m\u00e9thode \u00e0 privil\u00e9gier pour obtenir une pr\u00e9servation optimale des bords de vos pi\u00e8ces et un d\u00e9bit le plus \u00e9lev\u00e9. Buehler fournit des enrobeuses et des r\u00e9sines d&#8217;enrobage d\u00e9di\u00e9es \u00e0 vos diff\u00e9rents besoins et r\u00e9pondants aux exigences de contr\u00f4le de votre laboratoire.<\/p>\t\t\t\t\t\t\t\t<\/div>\n\t\t\t\t<\/div>\n\t\t\t\t<div class=\"elementor-element elementor-element-5aad4256 elementor-position-left elementor-vertical-align-middle elementor-widget elementor-widget-image-box\" data-id=\"5aad4256\" data-element_type=\"widget\" data-e-type=\"widget\" data-widget_type=\"image-box.default\">\n\t\t\t\t<div class=\"elementor-widget-container\">\n\t\t\t\t\t<div class=\"elementor-image-box-wrapper\"><figure class=\"elementor-image-box-img\"><img fetchpriority=\"high\" decoding=\"async\" width=\"600\" height=\"600\" src=\"https:\/\/www.buehler.com\/fr\/wp-content\/uploads\/sites\/10\/2021\/09\/SimpliMet-4000-compression-mounting-machine.jpg\" class=\"attachment-full size-full wp-image-5026\" alt=\"Enrobeuse \u00e0 chaud SimpliMet\u00ae 4000\" srcset=\"https:\/\/www.buehler.com\/fr\/wp-content\/uploads\/sites\/10\/2021\/09\/SimpliMet-4000-compression-mounting-machine.jpg 600w, https:\/\/www.buehler.com\/fr\/wp-content\/uploads\/sites\/10\/2021\/09\/SimpliMet-4000-compression-mounting-machine-300x300.jpg 300w, https:\/\/www.buehler.com\/fr\/wp-content\/uploads\/sites\/10\/2021\/09\/SimpliMet-4000-compression-mounting-machine-150x150.jpg 150w\" sizes=\"(max-width: 600px) 100vw, 600px\" \/><\/figure><div class=\"elementor-image-box-content\"><h2 class=\"elementor-image-box-title\">Enrobeuse \u00e0 chaud SimpliMet 4000<\/h2><p class=\"elementor-image-box-description\">L\u2019enrobeuse \u00e0 chaud la plus rapide con\u00e7ue pour une utilisation 24 h\/24 et 7 j\/7. \u00c9liminez les goulots d\u2019\u00e9tranglement \u00e0 l\u2019\u00e9tape d\u2019enrobage en transformant rapidement vos \u00e9chantillons de d\u00e9coupe en \u00e9chantillons pr\u00eats pour le meulage et le polissage. L\u2019enrobeuse \u00e0 chaud SimpliMet 4000 a fait l\u2019objet d\u2019essais dans des conditions extr\u00eames simulant le cycle de travail des laboratoires les plus sollicit\u00e9s au monde, offrant une fiabilit\u00e9 \u00e9lev\u00e9e aux environnements de travail en continu.<\/p><\/div><\/div>\t\t\t\t<\/div>\n\t\t\t\t<\/div>\n\t\t\t\t<div class=\"elementor-element elementor-element-2bf9e787 elementor-align-left elementor-widget elementor-widget-button\" data-id=\"2bf9e787\" data-element_type=\"widget\" data-e-type=\"widget\" data-widget_type=\"button.default\">\n\t\t\t\t<div class=\"elementor-widget-container\">\n\t\t\t\t\t\t\t\t\t<div class=\"elementor-button-wrapper\">\n\t\t\t\t\t<a class=\"elementor-button elementor-button-link elementor-size-md\" href=\"https:\/\/www.buehler.com\/fr\/produits\/enrobage\/enrobage-a-chaud\/enrobeuse-a-chaud-simplimet-4000\/\">\n\t\t\t\t\t\t<span class=\"elementor-button-content-wrapper\">\n\t\t\t\t\t\t\t\t\t<span class=\"elementor-button-text\">Plus<\/span>\n\t\t\t\t\t<\/span>\n\t\t\t\t\t<\/a>\n\t\t\t\t<\/div>\n\t\t\t\t\t\t\t\t<\/div>\n\t\t\t\t<\/div>\n\t\t\t\t\t<\/div>\n\t\t<\/div>\n\t\t\t\t\t<\/div>\n\t\t<\/section>\n\t\t\t\t<\/div>\n\t\t","protected":false},"excerpt":{"rendered":"<p>Enrobage a Chaud L&#8217;enrobage \u00e0 chaud est la m\u00e9thode \u00e0 privil\u00e9gier pour obtenir une pr\u00e9servation optimale des bords de vos pi\u00e8ces et un d\u00e9bit le plus \u00e9lev\u00e9. Buehler fournit des enrobeuses et des r\u00e9sines d&#8217;enrobage d\u00e9di\u00e9es \u00e0 vos diff\u00e9rents besoins et r\u00e9pondants aux exigences de contr\u00f4le de votre laboratoire. Enrobeuse \u00e0 chaud SimpliMet 4000 L\u2019enrobeuse [&hellip;]<\/p>\n","protected":false},"author":1,"featured_media":0,"parent":4904,"menu_order":0,"comment_status":"closed","ping_status":"closed","template":"elementor_header_footer","meta":{"footnotes":""},"class_list":["post-4908","page","type-page","status-publish","hentry"],"_links":{"self":[{"href":"https:\/\/www.buehler.com\/fr\/wp-json\/wp\/v2\/pages\/4908","targetHints":{"allow":["GET"]}}],"collection":[{"href":"https:\/\/www.buehler.com\/fr\/wp-json\/wp\/v2\/pages"}],"about":[{"href":"https:\/\/www.buehler.com\/fr\/wp-json\/wp\/v2\/types\/page"}],"author":[{"embeddable":true,"href":"https:\/\/www.buehler.com\/fr\/wp-json\/wp\/v2\/users\/1"}],"replies":[{"embeddable":true,"href":"https:\/\/www.buehler.com\/fr\/wp-json\/wp\/v2\/comments?post=4908"}],"version-history":[{"count":16,"href":"https:\/\/www.buehler.com\/fr\/wp-json\/wp\/v2\/pages\/4908\/revisions"}],"predecessor-version":[{"id":17327,"href":"https:\/\/www.buehler.com\/fr\/wp-json\/wp\/v2\/pages\/4908\/revisions\/17327"}],"up":[{"embeddable":true,"href":"https:\/\/www.buehler.com\/fr\/wp-json\/wp\/v2\/pages\/4904"}],"wp:attachment":[{"href":"https:\/\/www.buehler.com\/fr\/wp-json\/wp\/v2\/media?parent=4908"}],"curies":[{"name":"wp","href":"https:\/\/api.w.org\/{rel}","templated":true}]}}