{"id":4610,"date":"2021-09-23T10:29:33","date_gmt":"2021-09-23T08:29:33","guid":{"rendered":"https:\/\/buehler.com\/fr\/?page_id=4610"},"modified":"2022-06-09T15:59:27","modified_gmt":"2022-06-09T13:59:27","slug":"tronconneuses-de-precision","status":"publish","type":"page","link":"https:\/\/www.buehler.com\/fr\/produits\/tronconnage\/tronconneuses-de-precision\/","title":{"rendered":"Tron\u00e7onneuses de pr\u00e9cision"},"content":{"rendered":"\t\t<div data-elementor-type=\"wp-page\" data-elementor-id=\"4610\" class=\"elementor elementor-4610\" data-elementor-post-type=\"page\">\n\t\t\t\t\t\t<section data-particle_enable=\"false\" data-particle-mobile-disabled=\"false\" class=\"elementor-section elementor-top-section elementor-element elementor-element-795337e elementor-section-full_width elementor-section-height-default elementor-section-height-default\" data-id=\"795337e\" data-element_type=\"section\" data-e-type=\"section\">\n\t\t\t\t\t\t<div class=\"elementor-container elementor-column-gap-default\">\n\t\t\t\t\t<div class=\"elementor-column elementor-col-100 elementor-top-column elementor-element elementor-element-5e36b496\" data-id=\"5e36b496\" data-element_type=\"column\" data-e-type=\"column\">\n\t\t\t<div class=\"elementor-widget-wrap elementor-element-populated\">\n\t\t\t\t\t\t<div class=\"elementor-element elementor-element-5fee9d12 elementor-widget elementor-widget-heading\" data-id=\"5fee9d12\" data-element_type=\"widget\" data-e-type=\"widget\" data-widget_type=\"heading.default\">\n\t\t\t\t<div class=\"elementor-widget-container\">\n\t\t\t\t\t<h1 class=\"elementor-heading-title elementor-size-default\">Tron\u00e7onneuses de pr\u00e9cision<\/h1>\t\t\t\t<\/div>\n\t\t\t\t<\/div>\n\t\t\t\t\t<\/div>\n\t\t<\/div>\n\t\t\t\t\t<\/div>\n\t\t<\/section>\n\t\t\t\t<section data-particle_enable=\"false\" data-particle-mobile-disabled=\"false\" class=\"elementor-section elementor-top-section elementor-element elementor-element-773bfdb5 elementor-section-boxed elementor-section-height-default elementor-section-height-default\" data-id=\"773bfdb5\" data-element_type=\"section\" data-e-type=\"section\">\n\t\t\t\t\t\t<div class=\"elementor-container elementor-column-gap-default\">\n\t\t\t\t\t<div class=\"elementor-column elementor-col-100 elementor-top-column elementor-element elementor-element-5fb6e922\" data-id=\"5fb6e922\" data-element_type=\"column\" data-e-type=\"column\">\n\t\t\t<div class=\"elementor-widget-wrap elementor-element-populated\">\n\t\t\t\t\t\t<div class=\"elementor-element elementor-element-1ae8c4 elementor-widget elementor-widget-text-editor\" data-id=\"1ae8c4\" data-element_type=\"widget\" data-e-type=\"widget\" data-widget_type=\"text-editor.default\">\n\t\t\t\t<div class=\"elementor-widget-container\">\n\t\t\t\t\t\t\t\t\t<p>Outils de tron\u00e7onnage capables de couper quasiment tous les mat\u00e9riaux y compris les m\u00e9taux fragiles ou ductiles, les composites, les c\u00e9ramiques, les stratifi\u00e9s, les plastiques, les composants \u00e9lectroniques ainsi que les biomat\u00e9riaux.<\/p>\t\t\t\t\t\t\t\t<\/div>\n\t\t\t\t<\/div>\n\t\t\t\t<div class=\"elementor-element elementor-element-1aab2d15 elementor-position-left elementor-vertical-align-middle elementor-widget elementor-widget-image-box\" data-id=\"1aab2d15\" data-element_type=\"widget\" data-e-type=\"widget\" data-widget_type=\"image-box.default\">\n\t\t\t\t<div class=\"elementor-widget-container\">\n\t\t\t\t\t<div class=\"elementor-image-box-wrapper\"><figure class=\"elementor-image-box-img\"><img fetchpriority=\"high\" decoding=\"async\" width=\"600\" height=\"600\" src=\"https:\/\/www.buehler.com\/fr\/wp-content\/uploads\/sites\/10\/2021\/08\/IsoMet_HSPro-2.png\" class=\"attachment-full size-full wp-image-3155\" alt=\"IsoMet\u00ae\u00a0High Speed Pro\" srcset=\"https:\/\/www.buehler.com\/fr\/wp-content\/uploads\/sites\/10\/2021\/08\/IsoMet_HSPro-2.png 600w, https:\/\/www.buehler.com\/fr\/wp-content\/uploads\/sites\/10\/2021\/08\/IsoMet_HSPro-2-300x300.png 300w, https:\/\/www.buehler.com\/fr\/wp-content\/uploads\/sites\/10\/2021\/08\/IsoMet_HSPro-2-150x150.png 150w\" sizes=\"(max-width: 600px) 100vw, 600px\" \/><\/figure><div class=\"elementor-image-box-content\"><h2 class=\"elementor-image-box-title\">IsoMet\u00ae High Speed &amp; IsoMet\u00ae High Speed<\/h2><p class=\"elementor-image-box-description\">Les IsoMet High Speed et IsoMet High Speed Pro sont des tron\u00e7onneuses de pr\u00e9cision pour paillasse. Ces machines permettent une grande vari\u00e9t\u00e9 de pr\u00e9parations d\u2019\u00e9chantillons pour s\u2019adapter au mieux \u00e0 chaque processus d\u2019\u00e9chantillonnage avec des possibilit\u00e9s de coupe \u00e0 la fois en mode automatique ou en mode manuel. Le positionnement rapide de l\u2019\u00e9chantillon ou les ajustements sont r\u00e9alis\u00e9s sans outils en quelques secondes gr\u00e2ce \u00e0 un syst\u00e8me de positionnement rapide sur rails. Capacit\u00e9 d\u2019\u00e9chantillon de 71 mm [2,8'] avec des vitesses de meule de 200 \u00e0 5000 tr\/min.<\/p><\/div><\/div>\t\t\t\t<\/div>\n\t\t\t\t<\/div>\n\t\t\t\t<div class=\"elementor-element elementor-element-5d686f05 elementor-align-left elementor-widget elementor-widget-button\" data-id=\"5d686f05\" data-element_type=\"widget\" data-e-type=\"widget\" data-widget_type=\"button.default\">\n\t\t\t\t<div class=\"elementor-widget-container\">\n\t\t\t\t\t\t\t\t\t<div class=\"elementor-button-wrapper\">\n\t\t\t\t\t<a class=\"elementor-button elementor-button-link elementor-size-md\" href=\"https:\/\/www.buehler.com\/fr\/produits\/tronconnage\/tronconneuses-de-precision\/isomet-high-speed-et-isomet-high-speed-pro-tronconneuses-de-precision-pour-paillasse\/\">\n\t\t\t\t\t\t<span class=\"elementor-button-content-wrapper\">\n\t\t\t\t\t\t\t\t\t<span class=\"elementor-button-text\">Plus<\/span>\n\t\t\t\t\t<\/span>\n\t\t\t\t\t<\/a>\n\t\t\t\t<\/div>\n\t\t\t\t\t\t\t\t<\/div>\n\t\t\t\t<\/div>\n\t\t\t\t<div class=\"elementor-element elementor-element-4018b675 elementor-position-left elementor-vertical-align-middle elementor-widget elementor-widget-image-box\" data-id=\"4018b675\" data-element_type=\"widget\" data-e-type=\"widget\" data-widget_type=\"image-box.default\">\n\t\t\t\t<div class=\"elementor-widget-container\">\n\t\t\t\t\t<div class=\"elementor-image-box-wrapper\"><figure class=\"elementor-image-box-img\"><img decoding=\"async\" width=\"600\" height=\"485\" src=\"https:\/\/www.buehler.com\/fr\/wp-content\/uploads\/sites\/10\/2021\/09\/IsoMet-1000.jpg\" class=\"attachment-full size-full wp-image-3800\" alt=\"Tron\u00e7onneuse de Pr\u00e9cision IsoMet 1000\" srcset=\"https:\/\/www.buehler.com\/fr\/wp-content\/uploads\/sites\/10\/2021\/09\/IsoMet-1000.jpg 600w, https:\/\/www.buehler.com\/fr\/wp-content\/uploads\/sites\/10\/2021\/09\/IsoMet-1000-300x243.jpg 300w\" sizes=\"(max-width: 600px) 100vw, 600px\" \/><\/figure><div class=\"elementor-image-box-content\"><h3 class=\"elementor-image-box-title\">Tron\u00e7onneuse de Pr\u00e9cision IsoMet\u00ae 1000<\/h3><p class=\"elementor-image-box-description\">L\u2019\u00e9quipement IsoMet 1000 est une tron\u00e7onneuse de tron\u00e7onnage de pr\u00e9cision con\u00e7ue pour tron\u00e7onner diff\u00e9rents types de mat\u00e9riaux avec une d\u00e9formation minimale.<\/p><\/div><\/div>\t\t\t\t<\/div>\n\t\t\t\t<\/div>\n\t\t\t\t<div class=\"elementor-element elementor-element-4c158b62 elementor-align-left elementor-widget elementor-widget-button\" data-id=\"4c158b62\" data-element_type=\"widget\" data-e-type=\"widget\" data-widget_type=\"button.default\">\n\t\t\t\t<div class=\"elementor-widget-container\">\n\t\t\t\t\t\t\t\t\t<div class=\"elementor-button-wrapper\">\n\t\t\t\t\t<a class=\"elementor-button elementor-button-link elementor-size-md\" href=\"https:\/\/www.buehler.com\/fr\/produits\/tronconnage\/tronconneuses-de-precision\/tronconneuse-de-precision-isomet-1000\/\">\n\t\t\t\t\t\t<span class=\"elementor-button-content-wrapper\">\n\t\t\t\t\t\t\t\t\t<span class=\"elementor-button-text\">Plus<\/span>\n\t\t\t\t\t<\/span>\n\t\t\t\t\t<\/a>\n\t\t\t\t<\/div>\n\t\t\t\t\t\t\t\t<\/div>\n\t\t\t\t<\/div>\n\t\t\t\t<div class=\"elementor-element elementor-element-47052eb elementor-position-left elementor-vertical-align-middle elementor-widget elementor-widget-image-box\" data-id=\"47052eb\" data-element_type=\"widget\" data-e-type=\"widget\" data-widget_type=\"image-box.default\">\n\t\t\t\t<div class=\"elementor-widget-container\">\n\t\t\t\t\t<div class=\"elementor-image-box-wrapper\"><figure class=\"elementor-image-box-img\"><img decoding=\"async\" width=\"600\" height=\"600\" src=\"https:\/\/www.buehler.com\/fr\/wp-content\/uploads\/sites\/10\/2021\/09\/IsoMet-Low-Speed-Saw.png\" class=\"attachment-full size-full wp-image-3617\" alt=\"Tron\u00e7onneuse de pr\u00e9cision \u00e0 basse vitesse IsoMet\u00ae\" srcset=\"https:\/\/www.buehler.com\/fr\/wp-content\/uploads\/sites\/10\/2021\/09\/IsoMet-Low-Speed-Saw.png 600w, https:\/\/www.buehler.com\/fr\/wp-content\/uploads\/sites\/10\/2021\/09\/IsoMet-Low-Speed-Saw-300x300.png 300w, https:\/\/www.buehler.com\/fr\/wp-content\/uploads\/sites\/10\/2021\/09\/IsoMet-Low-Speed-Saw-150x150.png 150w\" sizes=\"(max-width: 600px) 100vw, 600px\" \/><\/figure><div class=\"elementor-image-box-content\"><h4 class=\"elementor-image-box-title\">Tron\u00e7onneuse de pr\u00e9cision \u00e0 basse vitesse IsoMet\u00ae <\/h4><p class=\"elementor-image-box-description\">La tron\u00e7onneuse IsoMet Low Speed est con\u00e7ue pour tron\u00e7onner avec pr\u00e9cision diff\u00e9rents types de mat\u00e9riaux avec une d\u00e9formation minimale. Cible les pi\u00e8ces d\u00e9licates en utilisant uniquement la gravit\u00e9. Inclut disque de 102 mm IsoMet, assortiment<\/p><\/div><\/div>\t\t\t\t<\/div>\n\t\t\t\t<\/div>\n\t\t\t\t<div class=\"elementor-element elementor-element-f70c85b elementor-align-left elementor-widget elementor-widget-button\" data-id=\"f70c85b\" data-element_type=\"widget\" data-e-type=\"widget\" data-widget_type=\"button.default\">\n\t\t\t\t<div class=\"elementor-widget-container\">\n\t\t\t\t\t\t\t\t\t<div class=\"elementor-button-wrapper\">\n\t\t\t\t\t<a class=\"elementor-button elementor-button-link elementor-size-md\" href=\"https:\/\/www.buehler.com\/fr\/produits\/tronconnage\/tronconneuses-de-precision\/tronconneuse-de-precision-a-basse-vitesse-isomet\/\">\n\t\t\t\t\t\t<span class=\"elementor-button-content-wrapper\">\n\t\t\t\t\t\t\t\t\t<span class=\"elementor-button-text\">Plus<\/span>\n\t\t\t\t\t<\/span>\n\t\t\t\t\t<\/a>\n\t\t\t\t<\/div>\n\t\t\t\t\t\t\t\t<\/div>\n\t\t\t\t<\/div>\n\t\t\t\t<div class=\"elementor-element elementor-element-1e0c0ae elementor-position-left elementor-vertical-align-middle elementor-widget elementor-widget-image-box\" data-id=\"1e0c0ae\" data-element_type=\"widget\" data-e-type=\"widget\" data-widget_type=\"image-box.default\">\n\t\t\t\t<div class=\"elementor-widget-container\">\n\t\t\t\t\t<div class=\"elementor-image-box-wrapper\"><figure class=\"elementor-image-box-img\"><img loading=\"lazy\" decoding=\"async\" width=\"600\" height=\"600\" src=\"https:\/\/www.buehler.com\/fr\/wp-content\/uploads\/sites\/10\/2021\/09\/Petro-Thin-Inside.png\" class=\"attachment-full size-full wp-image-4008\" alt=\"PetroThin\u00ae Machine de coupe de lames minces\" srcset=\"https:\/\/www.buehler.com\/fr\/wp-content\/uploads\/sites\/10\/2021\/09\/Petro-Thin-Inside.png 600w, https:\/\/www.buehler.com\/fr\/wp-content\/uploads\/sites\/10\/2021\/09\/Petro-Thin-Inside-300x300.png 300w, https:\/\/www.buehler.com\/fr\/wp-content\/uploads\/sites\/10\/2021\/09\/Petro-Thin-Inside-150x150.png 150w\" sizes=\"(max-width: 600px) 100vw, 600px\" \/><\/figure><div class=\"elementor-image-box-content\"><h4 class=\"elementor-image-box-title\">PetroThin\u00ae \u2013 Machine de coupe de lames minces<\/h4><p class=\"elementor-image-box-description\">Le syst\u00e8me de tron\u00e7onnage-avivage pour lames minces PetroThin est un instrument pr\u00e9cis et simple \u00e0 utiliser pour recouper et amincir une grande diversit\u00e9 d\u2019\u00e9chantillons, comme les min\u00e9raux, les c\u00e9ramiques, le b\u00e9ton, les os et les dents afin d\u2019effectuer une lame mince pour la caract\u00e9risation des mat\u00e9riaux.<\/p><\/div><\/div>\t\t\t\t<\/div>\n\t\t\t\t<\/div>\n\t\t\t\t<div class=\"elementor-element elementor-element-4a058a60 elementor-align-left elementor-widget elementor-widget-button\" data-id=\"4a058a60\" data-element_type=\"widget\" data-e-type=\"widget\" data-widget_type=\"button.default\">\n\t\t\t\t<div class=\"elementor-widget-container\">\n\t\t\t\t\t\t\t\t\t<div class=\"elementor-button-wrapper\">\n\t\t\t\t\t<a class=\"elementor-button elementor-button-link elementor-size-md\" href=\"https:\/\/www.buehler.com\/fr\/produits\/tronconnage\/tronconneuses-de-precision\/petrothin-machine-de-coupe-de-lames-minces\/\">\n\t\t\t\t\t\t<span class=\"elementor-button-content-wrapper\">\n\t\t\t\t\t\t\t\t\t<span class=\"elementor-button-text\">Plus<\/span>\n\t\t\t\t\t<\/span>\n\t\t\t\t\t<\/a>\n\t\t\t\t<\/div>\n\t\t\t\t\t\t\t\t<\/div>\n\t\t\t\t<\/div>\n\t\t\t\t\t<\/div>\n\t\t<\/div>\n\t\t\t\t\t<\/div>\n\t\t<\/section>\n\t\t\t\t<\/div>\n\t\t","protected":false},"excerpt":{"rendered":"<p>Tron\u00e7onneuses de pr\u00e9cision Outils de tron\u00e7onnage capables de couper quasiment tous les mat\u00e9riaux y compris les m\u00e9taux fragiles ou ductiles, les composites, les c\u00e9ramiques, les stratifi\u00e9s, les plastiques, les composants \u00e9lectroniques ainsi que les biomat\u00e9riaux. IsoMet\u00ae High Speed &#038; IsoMet\u00ae High Speed Les IsoMet High Speed et IsoMet High Speed Pro sont des tron\u00e7onneuses de [&hellip;]<\/p>\n","protected":false},"author":1,"featured_media":0,"parent":2011,"menu_order":0,"comment_status":"closed","ping_status":"closed","template":"elementor_header_footer","meta":{"footnotes":""},"class_list":["post-4610","page","type-page","status-publish","hentry"],"_links":{"self":[{"href":"https:\/\/www.buehler.com\/fr\/wp-json\/wp\/v2\/pages\/4610","targetHints":{"allow":["GET"]}}],"collection":[{"href":"https:\/\/www.buehler.com\/fr\/wp-json\/wp\/v2\/pages"}],"about":[{"href":"https:\/\/www.buehler.com\/fr\/wp-json\/wp\/v2\/types\/page"}],"author":[{"embeddable":true,"href":"https:\/\/www.buehler.com\/fr\/wp-json\/wp\/v2\/users\/1"}],"replies":[{"embeddable":true,"href":"https:\/\/www.buehler.com\/fr\/wp-json\/wp\/v2\/comments?post=4610"}],"version-history":[{"count":28,"href":"https:\/\/www.buehler.com\/fr\/wp-json\/wp\/v2\/pages\/4610\/revisions"}],"predecessor-version":[{"id":17136,"href":"https:\/\/www.buehler.com\/fr\/wp-json\/wp\/v2\/pages\/4610\/revisions\/17136"}],"up":[{"embeddable":true,"href":"https:\/\/www.buehler.com\/fr\/wp-json\/wp\/v2\/pages\/2011"}],"wp:attachment":[{"href":"https:\/\/www.buehler.com\/fr\/wp-json\/wp\/v2\/media?parent=4610"}],"curies":[{"name":"wp","href":"https:\/\/api.w.org\/{rel}","templated":true}]}}