{"id":4188,"date":"2021-09-13T14:35:41","date_gmt":"2021-09-13T12:35:41","guid":{"rendered":"https:\/\/buehler.com\/fr\/?page_id=4188"},"modified":"2023-09-26T20:58:03","modified_gmt":"2023-09-26T18:58:03","slug":"tronconneuses","status":"publish","type":"page","link":"https:\/\/www.buehler.com\/fr\/produits\/tronconnage\/tronconneuses\/","title":{"rendered":"Tron\u00e7onneuses"},"content":{"rendered":"\t\t<div data-elementor-type=\"wp-page\" data-elementor-id=\"4188\" class=\"elementor elementor-4188\" data-elementor-post-type=\"page\">\n\t\t\t\t\t\t<section data-particle_enable=\"false\" data-particle-mobile-disabled=\"false\" class=\"elementor-section elementor-top-section elementor-element elementor-element-596966aa elementor-section-full_width elementor-section-height-default elementor-section-height-default\" data-id=\"596966aa\" data-element_type=\"section\" data-e-type=\"section\">\n\t\t\t\t\t\t<div class=\"elementor-container elementor-column-gap-default\">\n\t\t\t\t\t<div class=\"elementor-column elementor-col-100 elementor-top-column elementor-element elementor-element-2958d8bf\" data-id=\"2958d8bf\" data-element_type=\"column\" data-e-type=\"column\">\n\t\t\t<div class=\"elementor-widget-wrap elementor-element-populated\">\n\t\t\t\t\t\t<div class=\"elementor-element elementor-element-658e804d elementor-widget elementor-widget-heading\" data-id=\"658e804d\" data-element_type=\"widget\" data-e-type=\"widget\" data-widget_type=\"heading.default\">\n\t\t\t\t<div class=\"elementor-widget-container\">\n\t\t\t\t\t<h1 class=\"elementor-heading-title elementor-size-default\">Tron\u00e7onneuses abrasives<\/h1>\t\t\t\t<\/div>\n\t\t\t\t<\/div>\n\t\t\t\t\t<\/div>\n\t\t<\/div>\n\t\t\t\t\t<\/div>\n\t\t<\/section>\n\t\t\t\t<section data-particle_enable=\"false\" data-particle-mobile-disabled=\"false\" class=\"elementor-section elementor-top-section elementor-element elementor-element-3de074aa elementor-section-boxed elementor-section-height-default elementor-section-height-default\" data-id=\"3de074aa\" data-element_type=\"section\" data-e-type=\"section\">\n\t\t\t\t\t\t<div class=\"elementor-container elementor-column-gap-default\">\n\t\t\t\t\t<div class=\"elementor-column elementor-col-100 elementor-top-column elementor-element elementor-element-14a5e0cb\" data-id=\"14a5e0cb\" data-element_type=\"column\" data-e-type=\"column\">\n\t\t\t<div class=\"elementor-widget-wrap elementor-element-populated\">\n\t\t\t\t\t\t<div class=\"elementor-element elementor-element-5c97376c elementor-widget elementor-widget-text-editor\" data-id=\"5c97376c\" data-element_type=\"widget\" data-e-type=\"widget\" data-widget_type=\"text-editor.default\">\n\t\t\t\t<div class=\"elementor-widget-container\">\n\t\t\t\t\t\t\t\t\t<p>Notre gamme de tron\u00e7onneuses abrasives est con\u00e7ue pour les environnements \u00e0 volume \u00e9lev\u00e9. Nos tron\u00e7onneuses associent rapidit\u00e9 et fonctions avanc\u00e9es sans sacrifier la qualit\u00e9 de coupe.<\/p>\t\t\t\t\t\t\t\t<\/div>\n\t\t\t\t<\/div>\n\t\t\t\t<div class=\"elementor-element elementor-element-2b5f08c3 elementor-position-left elementor-vertical-align-middle elementor-widget elementor-widget-image-box\" data-id=\"2b5f08c3\" data-element_type=\"widget\" data-e-type=\"widget\" data-widget_type=\"image-box.default\">\n\t\t\t\t<div class=\"elementor-widget-container\">\n\t\t\t\t\t<div class=\"elementor-image-box-wrapper\"><figure class=\"elementor-image-box-img\"><img fetchpriority=\"high\" decoding=\"async\" width=\"600\" height=\"600\" src=\"https:\/\/www.buehler.com\/fr\/wp-content\/uploads\/sites\/10\/2023\/09\/AbrasiMet-L-Pro-3qtrs.png\" class=\"attachment-full size-full wp-image-18977\" alt=\"Tron\u00e7onneuse Abrasive Automatique AbrasiMet\u00ae\u00a0L Pro\" srcset=\"https:\/\/www.buehler.com\/fr\/wp-content\/uploads\/sites\/10\/2023\/09\/AbrasiMet-L-Pro-3qtrs.png 600w, https:\/\/www.buehler.com\/fr\/wp-content\/uploads\/sites\/10\/2023\/09\/AbrasiMet-L-Pro-3qtrs-300x300.png 300w, https:\/\/www.buehler.com\/fr\/wp-content\/uploads\/sites\/10\/2023\/09\/AbrasiMet-L-Pro-3qtrs-150x150.png 150w\" sizes=\"(max-width: 600px) 100vw, 600px\" \/><\/figure><div class=\"elementor-image-box-content\"><h2 class=\"elementor-image-box-title\">Tron\u00e7onneuse Abrasive Automatique AbrasiMet<sup>\u00ae<\/sup>\u00a0L Pro<\/h2><p class=\"elementor-image-box-description\">La tron\u00e7onneuse abrasive automatique AbrasiMet\u00a0L Pro est une scie de d\u00e9coupe 14\u2033 haute performance, con\u00e7ue pour \u00eatre intuitive, avanc\u00e9e et fiable. En version pour \u00e9tabli ou au sol, nous avons la solution qui conviendra \u00e0 vos besoins. Combinez-la avec les disques abrasifs pour obtenir une solution de d\u00e9coupe compl\u00e8te qui vous fournira une qualit\u00e9 d\u2019\u00e9chantillonnage optimale et r\u00e9duira vos temps de traitement.<\/p><\/div><\/div>\t\t\t\t<\/div>\n\t\t\t\t<\/div>\n\t\t\t\t<div class=\"elementor-element elementor-element-25d0038b elementor-align-left elementor-widget elementor-widget-button\" data-id=\"25d0038b\" data-element_type=\"widget\" data-e-type=\"widget\" data-widget_type=\"button.default\">\n\t\t\t\t<div class=\"elementor-widget-container\">\n\t\t\t\t\t\t\t\t\t<div class=\"elementor-button-wrapper\">\n\t\t\t\t\t<a class=\"elementor-button elementor-button-link elementor-size-md\" href=\"https:\/\/www.buehler.com\/fr\/produits\/tronconnage\/tronconneuses\/tronconneuse-abrasive-automatique-abrasimet-l-pro\/\">\n\t\t\t\t\t\t<span class=\"elementor-button-content-wrapper\">\n\t\t\t\t\t\t\t\t\t<span class=\"elementor-button-text\">Plus<\/span>\n\t\t\t\t\t<\/span>\n\t\t\t\t\t<\/a>\n\t\t\t\t<\/div>\n\t\t\t\t\t\t\t\t<\/div>\n\t\t\t\t<\/div>\n\t\t\t\t<div class=\"elementor-element elementor-element-4438982 elementor-position-left elementor-vertical-align-middle elementor-widget elementor-widget-image-box\" data-id=\"4438982\" data-element_type=\"widget\" data-e-type=\"widget\" data-widget_type=\"image-box.default\">\n\t\t\t\t<div class=\"elementor-widget-container\">\n\t\t\t\t\t<div class=\"elementor-image-box-wrapper\"><figure class=\"elementor-image-box-img\"><img decoding=\"async\" width=\"600\" height=\"600\" src=\"https:\/\/www.buehler.com\/fr\/wp-content\/uploads\/sites\/10\/2021\/07\/AbrasiMet-XL-Pro-Front.png\" class=\"attachment-full size-full wp-image-1058\" alt=\"AbrasiMet\u00ae\u00a0XL Pro tron\u00e7onneuse abrasive automatique\" srcset=\"https:\/\/www.buehler.com\/fr\/wp-content\/uploads\/sites\/10\/2021\/07\/AbrasiMet-XL-Pro-Front.png 600w, https:\/\/www.buehler.com\/fr\/wp-content\/uploads\/sites\/10\/2021\/07\/AbrasiMet-XL-Pro-Front-300x300.png 300w, https:\/\/www.buehler.com\/fr\/wp-content\/uploads\/sites\/10\/2021\/07\/AbrasiMet-XL-Pro-Front-150x150.png 150w\" sizes=\"(max-width: 600px) 100vw, 600px\" \/><\/figure><div class=\"elementor-image-box-content\"><h2 class=\"elementor-image-box-title\">AbrasiMet<sup>\u00ae<\/sup> XL Pro tron\u00e7onneuse abrasive automatique<\/h2><p class=\"elementor-image-box-description\">L\u2019AbrasiMet XL Pro est une tron\u00e7onneuse abrasive automatique sur ch\u00e2ssis con\u00e7ue pour utiliser des meules de 356 mm [14'] \u00e0 457 mm [18'], fournissant une qualit\u00e9 de coupe constante et reproductible sur les pi\u00e8ces volumineuses.<\/p><\/div><\/div>\t\t\t\t<\/div>\n\t\t\t\t<\/div>\n\t\t\t\t<div class=\"elementor-element elementor-element-56273aa elementor-align-left elementor-widget elementor-widget-button\" data-id=\"56273aa\" data-element_type=\"widget\" data-e-type=\"widget\" data-widget_type=\"button.default\">\n\t\t\t\t<div class=\"elementor-widget-container\">\n\t\t\t\t\t\t\t\t\t<div class=\"elementor-button-wrapper\">\n\t\t\t\t\t<a class=\"elementor-button elementor-button-link elementor-size-md\" href=\"https:\/\/www.buehler.com\/fr\/produits\/tronconnage\/tronconneuses\/abrasimet-xl-pro-tronconneuse-abrasive-automatique\/\">\n\t\t\t\t\t\t<span class=\"elementor-button-content-wrapper\">\n\t\t\t\t\t\t\t\t\t<span class=\"elementor-button-text\">Plus<\/span>\n\t\t\t\t\t<\/span>\n\t\t\t\t\t<\/a>\n\t\t\t\t<\/div>\n\t\t\t\t\t\t\t\t<\/div>\n\t\t\t\t<\/div>\n\t\t\t\t<div class=\"elementor-element elementor-element-187112ba elementor-position-left elementor-vertical-align-middle elementor-widget elementor-widget-image-box\" data-id=\"187112ba\" data-element_type=\"widget\" data-e-type=\"widget\" data-widget_type=\"image-box.default\">\n\t\t\t\t<div class=\"elementor-widget-container\">\n\t\t\t\t\t<div class=\"elementor-image-box-wrapper\"><figure class=\"elementor-image-box-img\"><img decoding=\"async\" width=\"600\" height=\"600\" src=\"https:\/\/www.buehler.com\/fr\/wp-content\/uploads\/sites\/10\/2021\/08\/AbrasiMet-M_Front.png\" class=\"attachment-full size-full wp-image-1856\" alt=\"AbrasiMet\u00ae M tron\u00e7onneuse abrasive manuelle\" srcset=\"https:\/\/www.buehler.com\/fr\/wp-content\/uploads\/sites\/10\/2021\/08\/AbrasiMet-M_Front.png 600w, https:\/\/www.buehler.com\/fr\/wp-content\/uploads\/sites\/10\/2021\/08\/AbrasiMet-M_Front-300x300.png 300w, https:\/\/www.buehler.com\/fr\/wp-content\/uploads\/sites\/10\/2021\/08\/AbrasiMet-M_Front-150x150.png 150w\" sizes=\"(max-width: 600px) 100vw, 600px\" \/><\/figure><div class=\"elementor-image-box-content\"><h3 class=\"elementor-image-box-title\">AbrasiMet<sup>\u00ae<\/sup> M tron\u00e7onneuse abrasive manuelle<\/h3><p class=\"elementor-image-box-description\">L\u2019AbrasiMet M est une tron\u00e7onneuse manuelle de paillasse pour meules de 254 mm [10'] et 305 mm [12'] qui fournit des r\u00e9sultats de tron\u00e7onnage constants.<\/p><\/div><\/div>\t\t\t\t<\/div>\n\t\t\t\t<\/div>\n\t\t\t\t<div class=\"elementor-element elementor-element-392655dc elementor-align-left elementor-widget elementor-widget-button\" data-id=\"392655dc\" data-element_type=\"widget\" data-e-type=\"widget\" data-widget_type=\"button.default\">\n\t\t\t\t<div class=\"elementor-widget-container\">\n\t\t\t\t\t\t\t\t\t<div class=\"elementor-button-wrapper\">\n\t\t\t\t\t<a class=\"elementor-button elementor-button-link elementor-size-md\" href=\"https:\/\/www.buehler.com\/fr\/produits\/tronconnage\/tronconneuses\/abrasimet-m-tronconneuse-abrasive-manuelle\/\">\n\t\t\t\t\t\t<span class=\"elementor-button-content-wrapper\">\n\t\t\t\t\t\t\t\t\t<span class=\"elementor-button-text\">Plus<\/span>\n\t\t\t\t\t<\/span>\n\t\t\t\t\t<\/a>\n\t\t\t\t<\/div>\n\t\t\t\t\t\t\t\t<\/div>\n\t\t\t\t<\/div>\n\t\t\t\t<div class=\"elementor-element elementor-element-cd73fb6 elementor-position-left elementor-vertical-align-middle elementor-widget elementor-widget-image-box\" data-id=\"cd73fb6\" data-element_type=\"widget\" data-e-type=\"widget\" data-widget_type=\"image-box.default\">\n\t\t\t\t<div class=\"elementor-widget-container\">\n\t\t\t\t\t<div class=\"elementor-image-box-wrapper\"><figure class=\"elementor-image-box-img\"><img loading=\"lazy\" decoding=\"async\" width=\"600\" height=\"600\" src=\"https:\/\/www.buehler.com\/fr\/wp-content\/uploads\/sites\/10\/2021\/08\/AbrasiMatic-300_600x600.jpg\" class=\"attachment-full size-full wp-image-1913\" alt=\"Tron\u00e7onneuse \u00e0 disque abrasif automatique et manuelle AbrasiMatic\u00ae\u00a0300\" srcset=\"https:\/\/www.buehler.com\/fr\/wp-content\/uploads\/sites\/10\/2021\/08\/AbrasiMatic-300_600x600.jpg 600w, https:\/\/www.buehler.com\/fr\/wp-content\/uploads\/sites\/10\/2021\/08\/AbrasiMatic-300_600x600-300x300.jpg 300w, https:\/\/www.buehler.com\/fr\/wp-content\/uploads\/sites\/10\/2021\/08\/AbrasiMatic-300_600x600-150x150.jpg 150w\" sizes=\"(max-width: 600px) 100vw, 600px\" \/><\/figure><div class=\"elementor-image-box-content\"><h4 class=\"elementor-image-box-title\">Tron\u00e7onneuse \u00e0 disque abrasif automatique et manuelle AbrasiMatic<sup>\u00ae<\/sup> 300<\/h4><p class=\"elementor-image-box-description\">L\u2019AbrasiMatic 300 est une tron\u00e7onneuse de paillasse pour meules de 305 mm [12'] qui offre des capacit\u00e9s de d\u00e9coupe manuelles et automatiques. Ces capacit\u00e9s apportent une polyvalence de tron\u00e7onnage pour satisfaire une large vari\u00e9t\u00e9 de besoins. Toutes les configurations sont dot\u00e9es de mouvements dans les directions Y et Z, le mouvement dans la direction X est une option suppl\u00e9mentaire.<\/p><\/div><\/div>\t\t\t\t<\/div>\n\t\t\t\t<\/div>\n\t\t\t\t<div class=\"elementor-element elementor-element-cc4b6c6 elementor-align-left elementor-widget elementor-widget-button\" data-id=\"cc4b6c6\" data-element_type=\"widget\" data-e-type=\"widget\" data-widget_type=\"button.default\">\n\t\t\t\t<div class=\"elementor-widget-container\">\n\t\t\t\t\t\t\t\t\t<div class=\"elementor-button-wrapper\">\n\t\t\t\t\t<a class=\"elementor-button elementor-button-link elementor-size-md\" href=\"https:\/\/www.buehler.com\/fr\/produits\/tronconnage\/tronconneuses\/tronconneuse-a-disque-abrasif-automatique-et-manuelle-abrasimatic-300\/\">\n\t\t\t\t\t\t<span class=\"elementor-button-content-wrapper\">\n\t\t\t\t\t\t\t\t\t<span class=\"elementor-button-text\">Plus<\/span>\n\t\t\t\t\t<\/span>\n\t\t\t\t\t<\/a>\n\t\t\t\t<\/div>\n\t\t\t\t\t\t\t\t<\/div>\n\t\t\t\t<\/div>\n\t\t\t\t\t<\/div>\n\t\t<\/div>\n\t\t\t\t\t<\/div>\n\t\t<\/section>\n\t\t\t\t<\/div>\n\t\t","protected":false},"excerpt":{"rendered":"<p>Tron\u00e7onneuses abrasives Notre gamme de tron\u00e7onneuses abrasives est con\u00e7ue pour les environnements \u00e0 volume \u00e9lev\u00e9. Nos tron\u00e7onneuses associent rapidit\u00e9 et fonctions avanc\u00e9es sans sacrifier la qualit\u00e9 de coupe. Tron\u00e7onneuse Abrasive Automatique AbrasiMet\u00ae\u00a0L Pro La tron\u00e7onneuse abrasive automatique AbrasiMet\u00a0L Pro est une scie de d\u00e9coupe 14\u2033 haute performance, con\u00e7ue pour \u00eatre intuitive, avanc\u00e9e et fiable. En [&hellip;]<\/p>\n","protected":false},"author":1,"featured_media":0,"parent":2011,"menu_order":0,"comment_status":"closed","ping_status":"closed","template":"elementor_header_footer","meta":{"footnotes":""},"class_list":["post-4188","page","type-page","status-publish","hentry"],"_links":{"self":[{"href":"https:\/\/www.buehler.com\/fr\/wp-json\/wp\/v2\/pages\/4188","targetHints":{"allow":["GET"]}}],"collection":[{"href":"https:\/\/www.buehler.com\/fr\/wp-json\/wp\/v2\/pages"}],"about":[{"href":"https:\/\/www.buehler.com\/fr\/wp-json\/wp\/v2\/types\/page"}],"author":[{"embeddable":true,"href":"https:\/\/www.buehler.com\/fr\/wp-json\/wp\/v2\/users\/1"}],"replies":[{"embeddable":true,"href":"https:\/\/www.buehler.com\/fr\/wp-json\/wp\/v2\/comments?post=4188"}],"version-history":[{"count":28,"href":"https:\/\/www.buehler.com\/fr\/wp-json\/wp\/v2\/pages\/4188\/revisions"}],"predecessor-version":[{"id":19017,"href":"https:\/\/www.buehler.com\/fr\/wp-json\/wp\/v2\/pages\/4188\/revisions\/19017"}],"up":[{"embeddable":true,"href":"https:\/\/www.buehler.com\/fr\/wp-json\/wp\/v2\/pages\/2011"}],"wp:attachment":[{"href":"https:\/\/www.buehler.com\/fr\/wp-json\/wp\/v2\/media?parent=4188"}],"curies":[{"name":"wp","href":"https:\/\/api.w.org\/{rel}","templated":true}]}}