{"id":39,"date":"2021-06-23T21:16:26","date_gmt":"2021-06-23T19:16:26","guid":{"rendered":"https:\/\/buehler.com\/fr\/products\/"},"modified":"2022-06-08T23:24:49","modified_gmt":"2022-06-08T21:24:49","slug":"produits","status":"publish","type":"page","link":"https:\/\/www.buehler.com\/fr\/produits\/","title":{"rendered":"Produits"},"content":{"rendered":"\t\t<div data-elementor-type=\"wp-page\" data-elementor-id=\"39\" class=\"elementor elementor-39\" data-elementor-post-type=\"page\">\n\t\t\t\t\t\t<section data-particle_enable=\"false\" data-particle-mobile-disabled=\"false\" class=\"elementor-section elementor-top-section elementor-element elementor-element-7040f99a elementor-section-full_width elementor-section-height-min-height elementor-section-height-default elementor-section-items-middle\" data-id=\"7040f99a\" data-element_type=\"section\" data-e-type=\"section\" data-settings=\"{&quot;background_background&quot;:&quot;classic&quot;}\">\n\t\t\t\t\t\t<div class=\"elementor-container elementor-column-gap-default\">\n\t\t\t\t\t<div class=\"elementor-column elementor-col-100 elementor-top-column elementor-element elementor-element-67da47b2\" data-id=\"67da47b2\" data-element_type=\"column\" data-e-type=\"column\">\n\t\t\t<div class=\"elementor-widget-wrap elementor-element-populated\">\n\t\t\t\t\t\t<div class=\"elementor-element elementor-element-6ad47b9 elementor-widget elementor-widget-heading\" data-id=\"6ad47b9\" data-element_type=\"widget\" data-e-type=\"widget\" data-widget_type=\"heading.default\">\n\t\t\t\t<div class=\"elementor-widget-container\">\n\t\t\t\t\t<h1 class=\"elementor-heading-title elementor-size-default\">Produits pour la pr\u00e9paration d'\u00e9chantillons m\u00e9tallographiques<\/h1>\t\t\t\t<\/div>\n\t\t\t\t<\/div>\n\t\t\t\t\t<\/div>\n\t\t<\/div>\n\t\t\t\t\t<\/div>\n\t\t<\/section>\n\t\t\t\t<section data-particle_enable=\"false\" data-particle-mobile-disabled=\"false\" class=\"elementor-section elementor-top-section elementor-element elementor-element-53c9c66 elementor-section-boxed elementor-section-height-default elementor-section-height-default\" data-id=\"53c9c66\" data-element_type=\"section\" data-e-type=\"section\">\n\t\t\t\t\t\t<div class=\"elementor-container elementor-column-gap-default\">\n\t\t\t\t\t<div class=\"elementor-column elementor-col-100 elementor-top-column elementor-element elementor-element-1f8246ea\" data-id=\"1f8246ea\" data-element_type=\"column\" data-e-type=\"column\">\n\t\t\t<div class=\"elementor-widget-wrap elementor-element-populated\">\n\t\t\t\t\t\t<div class=\"elementor-element elementor-element-1d993601 elementor-widget elementor-widget-text-editor\" data-id=\"1d993601\" data-element_type=\"widget\" data-e-type=\"widget\" data-widget_type=\"text-editor.default\">\n\t\t\t\t<div class=\"elementor-widget-container\">\n\t\t\t\t\t\t\t\t\t<p>Buehler fut fond\u00e9e en 1936 par un immigrant suisse, Adolph I. Buehler, qui avait d\u00e9tect\u00e9 un besoin en \u00e9quipement de pr\u00e9paration d&#8217;\u00e9chantillons m\u00e9tallographiques et d&#8217;instruments d&#8217;inspection optique pour les industries de l&#8217;automobile et de l&#8217;acier dans le Midwest (\u00c9tats-Unis). Quatre-vingts ans plus tard, Buehler est bien \u00e9tabli en tant que plus grand fournisseur d&#8217;instruments de pr\u00e9paration et d&#8217;analyse de mat\u00e9riaux, d&#8217;\u00e9quipements, de consommables et de solutions d&#8217;applications.<\/p>\t\t\t\t\t\t\t\t<\/div>\n\t\t\t\t<\/div>\n\t\t\t\t<div class=\"elementor-element elementor-element-173c8082 elementor-position-left elementor-vertical-align-middle elementor-widget elementor-widget-image-box\" data-id=\"173c8082\" data-element_type=\"widget\" data-e-type=\"widget\" data-widget_type=\"image-box.default\">\n\t\t\t\t<div class=\"elementor-widget-container\">\n\t\t\t\t\t<div class=\"elementor-image-box-wrapper\"><figure class=\"elementor-image-box-img\"><img fetchpriority=\"high\" decoding=\"async\" width=\"600\" height=\"600\" src=\"https:\/\/www.buehler.com\/fr\/wp-content\/uploads\/sites\/10\/2021\/08\/AbrasiMet-M_Front.png\" class=\"attachment-full size-full wp-image-1856\" alt=\"AbrasiMet\u00ae M tron\u00e7onneuse abrasive manuelle\" srcset=\"https:\/\/www.buehler.com\/fr\/wp-content\/uploads\/sites\/10\/2021\/08\/AbrasiMet-M_Front.png 600w, https:\/\/www.buehler.com\/fr\/wp-content\/uploads\/sites\/10\/2021\/08\/AbrasiMet-M_Front-300x300.png 300w, https:\/\/www.buehler.com\/fr\/wp-content\/uploads\/sites\/10\/2021\/08\/AbrasiMet-M_Front-150x150.png 150w\" sizes=\"(max-width: 600px) 100vw, 600px\" \/><\/figure><div class=\"elementor-image-box-content\"><h2 class=\"elementor-image-box-title\">Tron\u00e7onnage<\/h2><p class=\"elementor-image-box-description\">Notre gamme de tron\u00e7onneuses abrasives est con\u00e7ue pour les environnements \u00e0 volume \u00e9lev\u00e9. Nos tron\u00e7onneuses associent rapidit\u00e9 et fonctions avanc\u00e9es sans sacrifier la qualit\u00e9 de coupe. <\/p><\/div><\/div>\t\t\t\t<\/div>\n\t\t\t\t<\/div>\n\t\t\t\t<div class=\"elementor-element elementor-element-7799028b elementor-align-left elementor-widget elementor-widget-button\" data-id=\"7799028b\" data-element_type=\"widget\" data-e-type=\"widget\" data-widget_type=\"button.default\">\n\t\t\t\t<div class=\"elementor-widget-container\">\n\t\t\t\t\t\t\t\t\t<div class=\"elementor-button-wrapper\">\n\t\t\t\t\t<a class=\"elementor-button elementor-button-link elementor-size-md\" href=\"https:\/\/www.buehler.com\/fr\/produits\/tronconnage\/\">\n\t\t\t\t\t\t<span class=\"elementor-button-content-wrapper\">\n\t\t\t\t\t\t\t\t\t<span class=\"elementor-button-text\">Voir tous les produits de sectionnement<\/span>\n\t\t\t\t\t<\/span>\n\t\t\t\t\t<\/a>\n\t\t\t\t<\/div>\n\t\t\t\t\t\t\t\t<\/div>\n\t\t\t\t<\/div>\n\t\t\t\t<div class=\"elementor-element elementor-element-1e9c6d2 elementor-position-left elementor-vertical-align-middle elementor-widget elementor-widget-image-box\" data-id=\"1e9c6d2\" data-element_type=\"widget\" data-e-type=\"widget\" data-widget_type=\"image-box.default\">\n\t\t\t\t<div class=\"elementor-widget-container\">\n\t\t\t\t\t<div class=\"elementor-image-box-wrapper\"><figure class=\"elementor-image-box-img\"><img decoding=\"async\" width=\"600\" height=\"600\" src=\"https:\/\/www.buehler.com\/fr\/wp-content\/uploads\/sites\/10\/2021\/08\/SimpliVac-Front.png\" class=\"attachment-full size-full wp-image-1619\" alt=\"Syst\u00e8me d\u2019impr\u00e9gnation sous vide SimpliVac\u00ae\" srcset=\"https:\/\/www.buehler.com\/fr\/wp-content\/uploads\/sites\/10\/2021\/08\/SimpliVac-Front.png 600w, https:\/\/www.buehler.com\/fr\/wp-content\/uploads\/sites\/10\/2021\/08\/SimpliVac-Front-300x300.png 300w, https:\/\/www.buehler.com\/fr\/wp-content\/uploads\/sites\/10\/2021\/08\/SimpliVac-Front-150x150.png 150w\" sizes=\"(max-width: 600px) 100vw, 600px\" \/><\/figure><div class=\"elementor-image-box-content\"><h3 class=\"elementor-image-box-title\">Enrobage<\/h3><p class=\"elementor-image-box-description\">L'enrobage de vos \u00e9chantillons est important pour faciliter la manipulation et pr\u00e9server les bords de l'\u00e9chantillon. Pour d\u00e9cider de la technique d'enrobage \u00e0 utiliser, tenez compte de la taille et de la g\u00e9om\u00e9trie de votre pi\u00e8ce, mais aussi de la sensibilit\u00e9 \u00e0 la chaleur et \u00e0 la pression de celles-ci. Les cadences de contr\u00f4les seront aussi \u00e0 consid\u00e9rer. <\/p><\/div><\/div>\t\t\t\t<\/div>\n\t\t\t\t<\/div>\n\t\t\t\t<div class=\"elementor-element elementor-element-4cf89f3d elementor-align-left elementor-widget elementor-widget-button\" data-id=\"4cf89f3d\" data-element_type=\"widget\" data-e-type=\"widget\" data-widget_type=\"button.default\">\n\t\t\t\t<div class=\"elementor-widget-container\">\n\t\t\t\t\t\t\t\t\t<div class=\"elementor-button-wrapper\">\n\t\t\t\t\t<a class=\"elementor-button elementor-button-link elementor-size-md\" href=\"https:\/\/www.buehler.com\/fr\/produits\/enrobage\/\">\n\t\t\t\t\t\t<span class=\"elementor-button-content-wrapper\">\n\t\t\t\t\t\t\t\t\t<span class=\"elementor-button-text\">Voir tous les produits de montage<\/span>\n\t\t\t\t\t<\/span>\n\t\t\t\t\t<\/a>\n\t\t\t\t<\/div>\n\t\t\t\t\t\t\t\t<\/div>\n\t\t\t\t<\/div>\n\t\t\t\t<div class=\"elementor-element elementor-element-fb13a40 elementor-position-left elementor-vertical-align-middle elementor-widget elementor-widget-image-box\" data-id=\"fb13a40\" data-element_type=\"widget\" data-e-type=\"widget\" data-widget_type=\"image-box.default\">\n\t\t\t\t<div class=\"elementor-widget-container\">\n\t\t\t\t\t<div class=\"elementor-image-box-wrapper\"><figure class=\"elementor-image-box-img\"><img decoding=\"async\" width=\"600\" height=\"600\" src=\"https:\/\/www.buehler.com\/fr\/wp-content\/uploads\/sites\/10\/2021\/08\/AutoMet-300-Pro_Front-600x600-1.png\" class=\"attachment-full size-full wp-image-1631\" alt=\"Polisseuse AutoMet\u00ae 300 Pro\" srcset=\"https:\/\/www.buehler.com\/fr\/wp-content\/uploads\/sites\/10\/2021\/08\/AutoMet-300-Pro_Front-600x600-1.png 600w, https:\/\/www.buehler.com\/fr\/wp-content\/uploads\/sites\/10\/2021\/08\/AutoMet-300-Pro_Front-600x600-1-300x300.png 300w, https:\/\/www.buehler.com\/fr\/wp-content\/uploads\/sites\/10\/2021\/08\/AutoMet-300-Pro_Front-600x600-1-150x150.png 150w\" sizes=\"(max-width: 600px) 100vw, 600px\" \/><\/figure><div class=\"elementor-image-box-content\"><h4 class=\"elementor-image-box-title\">Pr\u00e9polissage et Polissage<\/h4><p class=\"elementor-image-box-description\">Le but des \u00e9tapes de pr\u00e9polissage et de polissage est de pr\u00e9parer un \u00e9chantillon poli, exempt de d\u00e9formations et appropri\u00e9 pour l\u2019analyse. Ceci peut \u00eatre obtenu de plusieurs mani\u00e8res en fonction des objectifs globaux du laboratoire. Qu\u2019un laboratoire recherche le processus global le plus rapide, la meilleure finition de surface ou la polyvalence pour pr\u00e9parer de nombreux mat\u00e9riaux diff\u00e9rents, Buehler a une solution pour ses besoins de pr\u00e9polissage et de polissage. <\/p><\/div><\/div>\t\t\t\t<\/div>\n\t\t\t\t<\/div>\n\t\t\t\t<div class=\"elementor-element elementor-element-931a430 elementor-align-left elementor-widget elementor-widget-button\" data-id=\"931a430\" data-element_type=\"widget\" data-e-type=\"widget\" data-widget_type=\"button.default\">\n\t\t\t\t<div class=\"elementor-widget-container\">\n\t\t\t\t\t\t\t\t\t<div class=\"elementor-button-wrapper\">\n\t\t\t\t\t<a class=\"elementor-button elementor-button-link elementor-size-md\" href=\"https:\/\/www.buehler.com\/fr\/produits\/prepolissage-et-polissage\/\">\n\t\t\t\t\t\t<span class=\"elementor-button-content-wrapper\">\n\t\t\t\t\t\t\t\t\t<span class=\"elementor-button-text\">Voir tous les produits de meulage et de polissage<\/span>\n\t\t\t\t\t<\/span>\n\t\t\t\t\t<\/a>\n\t\t\t\t<\/div>\n\t\t\t\t\t\t\t\t<\/div>\n\t\t\t\t<\/div>\n\t\t\t\t<div class=\"elementor-element elementor-element-94a7b89 elementor-position-left elementor-vertical-align-middle elementor-widget elementor-widget-image-box\" data-id=\"94a7b89\" data-element_type=\"widget\" data-e-type=\"widget\" data-widget_type=\"image-box.default\">\n\t\t\t\t<div class=\"elementor-widget-container\">\n\t\t\t\t\t<div class=\"elementor-image-box-wrapper\"><figure class=\"elementor-image-box-img\"><img loading=\"lazy\" decoding=\"async\" width=\"600\" height=\"600\" src=\"https:\/\/www.buehler.com\/fr\/wp-content\/uploads\/sites\/10\/2021\/10\/OmniMet-Imaging-System.png\" class=\"attachment-full size-full wp-image-10013\" alt=\"Modules logiciels OmniMet et fonctionnalit\u00e9s\" srcset=\"https:\/\/www.buehler.com\/fr\/wp-content\/uploads\/sites\/10\/2021\/10\/OmniMet-Imaging-System.png 600w, https:\/\/www.buehler.com\/fr\/wp-content\/uploads\/sites\/10\/2021\/10\/OmniMet-Imaging-System-300x300.png 300w, https:\/\/www.buehler.com\/fr\/wp-content\/uploads\/sites\/10\/2021\/10\/OmniMet-Imaging-System-150x150.png 150w\" sizes=\"(max-width: 600px) 100vw, 600px\" \/><\/figure><div class=\"elementor-image-box-content\"><h4 class=\"elementor-image-box-title\">Imagerie et Analyse<\/h4><p class=\"elementor-image-box-description\">Buehler propose une grande vari\u00e9t\u00e9 de microscopes adapt\u00e9s \u00e0 l'analyse des mat\u00e9riaux, microscopes binoculaires, microscopes droits et invers\u00e9s. Les microscopes invers\u00e9s sont couramment appel\u00e9s microscopes m\u00e9tallurgiques. Les microscopes peuvent permettre l'observation \u00e9piscopique (lumi\u00e8re r\u00e9fl\u00e9chie), diascopique (lumi\u00e8re transmise), ou les deux. L'\u00e9clairage peut \u00eatre d\u00e9livr\u00e9 en mode fond clair (BF) ou fond noir (DF) et plusieurs techniques comme le contraste interf\u00e9rentiel diff\u00e9rentiel (DIC) et la microscopie en \u00e9clairage polaris\u00e9 font usage de la nature de la lumi\u00e8re pour r\u00e9v\u00e9ler des informations sp\u00e9cifiques lors de l'\u00e9tude des mat\u00e9riaux.<\/p><\/div><\/div>\t\t\t\t<\/div>\n\t\t\t\t<\/div>\n\t\t\t\t<div class=\"elementor-element elementor-element-7d659fa elementor-align-left elementor-widget elementor-widget-button\" data-id=\"7d659fa\" data-element_type=\"widget\" data-e-type=\"widget\" data-widget_type=\"button.default\">\n\t\t\t\t<div class=\"elementor-widget-container\">\n\t\t\t\t\t\t\t\t\t<div class=\"elementor-button-wrapper\">\n\t\t\t\t\t<a class=\"elementor-button elementor-button-link elementor-size-md\" href=\"https:\/\/www.buehler.com\/fr\/produits\/imagerie-et-analyse\/\">\n\t\t\t\t\t\t<span class=\"elementor-button-content-wrapper\">\n\t\t\t\t\t\t\t\t\t<span class=\"elementor-button-text\">Voir tous les produits d'imagerie et d'analys<\/span>\n\t\t\t\t\t<\/span>\n\t\t\t\t\t<\/a>\n\t\t\t\t<\/div>\n\t\t\t\t\t\t\t\t<\/div>\n\t\t\t\t<\/div>\n\t\t\t\t<div class=\"elementor-element elementor-element-9ad0158 elementor-position-left elementor-vertical-align-middle elementor-widget elementor-widget-image-box\" data-id=\"9ad0158\" data-element_type=\"widget\" data-e-type=\"widget\" data-widget_type=\"image-box.default\">\n\t\t\t\t<div class=\"elementor-widget-container\">\n\t\t\t\t\t<div class=\"elementor-image-box-wrapper\"><figure class=\"elementor-image-box-img\"><img loading=\"lazy\" decoding=\"async\" width=\"600\" height=\"600\" src=\"https:\/\/www.buehler.com\/fr\/wp-content\/uploads\/sites\/10\/2021\/08\/VH3100-All-in-one.png\" class=\"attachment-full size-full wp-image-1657\" alt=\"Wilson VH3100 Durom\u00e8tre Vickers et Knoop\" srcset=\"https:\/\/www.buehler.com\/fr\/wp-content\/uploads\/sites\/10\/2021\/08\/VH3100-All-in-one.png 600w, https:\/\/www.buehler.com\/fr\/wp-content\/uploads\/sites\/10\/2021\/08\/VH3100-All-in-one-300x300.png 300w, https:\/\/www.buehler.com\/fr\/wp-content\/uploads\/sites\/10\/2021\/08\/VH3100-All-in-one-150x150.png 150w\" sizes=\"(max-width: 600px) 100vw, 600px\" \/><\/figure><div class=\"elementor-image-box-content\"><h4 class=\"elementor-image-box-title\">Essai de Duret\u00e9<\/h4><p class=\"elementor-image-box-description\">Nous vous proposons une gamme compl\u00e8te de durom\u00e8tres Wilson\u00ae Vickers-Knoop, Rockwell et Brinell d\u00e9velopp\u00e9s pour r\u00e9pondre aux applications de contr\u00f4le production, R&amp;D en ateliers ou laboratoires. Nous fabriquons \u00e9galement une gamme compl\u00e8te de blocs \u00e9talons, de porte-\u00e9chantillons et autres accessoires. Notre laboratoire d'\u00e9talonnage Wilson est certifi\u00e9 ISO\/CEI 17025 et reconnu comme leader mondial de la production de blocs \u00e9talons et de p\u00e9n\u00e9trateurs.<\/p><\/div><\/div>\t\t\t\t<\/div>\n\t\t\t\t<\/div>\n\t\t\t\t<div class=\"elementor-element elementor-element-7b26378b elementor-align-left elementor-widget elementor-widget-button\" data-id=\"7b26378b\" data-element_type=\"widget\" data-e-type=\"widget\" data-widget_type=\"button.default\">\n\t\t\t\t<div class=\"elementor-widget-container\">\n\t\t\t\t\t\t\t\t\t<div class=\"elementor-button-wrapper\">\n\t\t\t\t\t<a class=\"elementor-button elementor-button-link elementor-size-md\" href=\"https:\/\/www.buehler.com\/fr\/produits\/essai-de-durete\/\">\n\t\t\t\t\t\t<span class=\"elementor-button-content-wrapper\">\n\t\t\t\t\t\t\t\t\t<span class=\"elementor-button-text\">Voir tous les produits de test de duret\u00e9<\/span>\n\t\t\t\t\t<\/span>\n\t\t\t\t\t<\/a>\n\t\t\t\t<\/div>\n\t\t\t\t\t\t\t\t<\/div>\n\t\t\t\t<\/div>\n\t\t\t\t\t<\/div>\n\t\t<\/div>\n\t\t\t\t\t<\/div>\n\t\t<\/section>\n\t\t\t\t<\/div>\n\t\t","protected":false},"excerpt":{"rendered":"<p>Produits pour la pr\u00e9paration d&#8217;\u00e9chantillons m\u00e9tallographiques Buehler fut fond\u00e9e en 1936 par un immigrant suisse, Adolph I. Buehler, qui avait d\u00e9tect\u00e9 un besoin en \u00e9quipement de pr\u00e9paration d&#8217;\u00e9chantillons m\u00e9tallographiques et d&#8217;instruments d&#8217;inspection optique pour les industries de l&#8217;automobile et de l&#8217;acier dans le Midwest (\u00c9tats-Unis). Quatre-vingts ans plus tard, Buehler est bien \u00e9tabli en tant [&hellip;]<\/p>\n","protected":false},"author":1,"featured_media":0,"parent":0,"menu_order":0,"comment_status":"closed","ping_status":"closed","template":"elementor_header_footer","meta":{"footnotes":""},"class_list":["post-39","page","type-page","status-publish","hentry"],"_links":{"self":[{"href":"https:\/\/www.buehler.com\/fr\/wp-json\/wp\/v2\/pages\/39","targetHints":{"allow":["GET"]}}],"collection":[{"href":"https:\/\/www.buehler.com\/fr\/wp-json\/wp\/v2\/pages"}],"about":[{"href":"https:\/\/www.buehler.com\/fr\/wp-json\/wp\/v2\/types\/page"}],"author":[{"embeddable":true,"href":"https:\/\/www.buehler.com\/fr\/wp-json\/wp\/v2\/users\/1"}],"replies":[{"embeddable":true,"href":"https:\/\/www.buehler.com\/fr\/wp-json\/wp\/v2\/comments?post=39"}],"version-history":[{"count":47,"href":"https:\/\/www.buehler.com\/fr\/wp-json\/wp\/v2\/pages\/39\/revisions"}],"predecessor-version":[{"id":17111,"href":"https:\/\/www.buehler.com\/fr\/wp-json\/wp\/v2\/pages\/39\/revisions\/17111"}],"wp:attachment":[{"href":"https:\/\/www.buehler.com\/fr\/wp-json\/wp\/v2\/media?parent=39"}],"curies":[{"name":"wp","href":"https:\/\/api.w.org\/{rel}","templated":true}]}}