{"id":19150,"date":"2023-10-31T15:01:37","date_gmt":"2023-10-31T14:01:37","guid":{"rendered":"https:\/\/buehler.com\/fr\/?page_id=19150"},"modified":"2023-10-31T15:26:06","modified_gmt":"2023-10-31T14:26:06","slug":"outils","status":"publish","type":"page","link":"https:\/\/www.buehler.com\/fr\/solutions\/outils\/","title":{"rendered":"Outils"},"content":{"rendered":"\t\t<div data-elementor-type=\"wp-page\" data-elementor-id=\"19150\" class=\"elementor elementor-19150\" data-elementor-post-type=\"page\">\n\t\t\t\t<div data-particle_enable=\"false\" data-particle-mobile-disabled=\"false\" class=\"elementor-element elementor-element-41656862 e-con-full e-flex e-con e-parent\" data-id=\"41656862\" data-element_type=\"container\" data-e-type=\"container\" data-settings=\"{&quot;background_background&quot;:&quot;classic&quot;}\">\n\t\t\t\t<div class=\"elementor-element elementor-element-281fb51d elementor-widget elementor-widget-heading\" data-id=\"281fb51d\" data-element_type=\"widget\" data-e-type=\"widget\" data-widget_type=\"heading.default\">\n\t\t\t\t<div class=\"elementor-widget-container\">\n\t\t\t\t\t<h1 class=\"elementor-heading-title elementor-size-default\">Outils<\/h1>\t\t\t\t<\/div>\n\t\t\t\t<\/div>\n\t\t\t\t<\/div>\n\t\t<div data-particle_enable=\"false\" data-particle-mobile-disabled=\"false\" class=\"elementor-element elementor-element-150f2c95 e-flex e-con-boxed e-con e-parent\" data-id=\"150f2c95\" data-element_type=\"container\" data-e-type=\"container\">\n\t\t\t\t\t<div class=\"e-con-inner\">\n\t\t\t\t<div class=\"elementor-element elementor-element-1bcd1d1c elementor-widget elementor-widget-heading\" data-id=\"1bcd1d1c\" data-element_type=\"widget\" data-e-type=\"widget\" data-widget_type=\"heading.default\">\n\t\t\t\t<div class=\"elementor-widget-container\">\n\t\t\t\t\t<h2 class=\"elementor-heading-title elementor-size-default\">Calculateur de Mat\u00e9riau d'enrobage<\/h2>\t\t\t\t<\/div>\n\t\t\t\t<\/div>\n\t\t\t\t<div class=\"elementor-element elementor-element-1bbbd83d elementor-invisible elementor-widget elementor-widget-heading\" data-id=\"1bbbd83d\" data-element_type=\"widget\" data-e-type=\"widget\" data-settings=\"{&quot;_animation&quot;:&quot;slideInRight&quot;}\" data-widget_type=\"heading.default\">\n\t\t\t\t<div class=\"elementor-widget-container\">\n\t\t\t\t\t<p class=\"elementor-heading-title elementor-size-default\">Optimisez l'utilisation du mat\u00e9riau d'enrobage en 3 \u00e9tapes simples!<\/p>\t\t\t\t<\/div>\n\t\t\t\t<\/div>\n\t\t\t\t<div class=\"elementor-element elementor-element-57caf706 elementor-widget-divider--view-line elementor-invisible elementor-widget elementor-widget-divider\" data-id=\"57caf706\" data-element_type=\"widget\" data-e-type=\"widget\" data-settings=\"{&quot;_animation&quot;:&quot;slideInUp&quot;,&quot;_animation_delay&quot;:100}\" data-widget_type=\"divider.default\">\n\t\t\t\t<div class=\"elementor-widget-container\">\n\t\t\t\t\t\t\t<div class=\"elementor-divider\">\n\t\t\t<span class=\"elementor-divider-separator\">\n\t\t\t\t\t\t<\/span>\n\t\t<\/div>\n\t\t\t\t\t\t<\/div>\n\t\t\t\t<\/div>\n\t\t<div data-particle_enable=\"false\" data-particle-mobile-disabled=\"false\" class=\"elementor-element elementor-element-3dc155c1 e-con-full e-flex e-con e-child\" data-id=\"3dc155c1\" data-element_type=\"container\" data-e-type=\"container\" data-settings=\"{&quot;background_background&quot;:&quot;classic&quot;}\">\n\t\t<div data-particle_enable=\"false\" data-particle-mobile-disabled=\"false\" class=\"elementor-element elementor-element-1d404a10 e-con-full e-flex e-con e-child\" data-id=\"1d404a10\" data-element_type=\"container\" data-e-type=\"container\">\n\t\t<div data-particle_enable=\"false\" data-particle-mobile-disabled=\"false\" class=\"elementor-element elementor-element-467e53f2 e-con-full e-flex e-con e-child\" data-id=\"467e53f2\" data-element_type=\"container\" data-e-type=\"container\">\n\t\t\t\t<div class=\"elementor-element elementor-element-3f1e9f75 elementor-widget elementor-widget-image\" data-id=\"3f1e9f75\" data-element_type=\"widget\" data-e-type=\"widget\" data-widget_type=\"image.default\">\n\t\t\t\t<div class=\"elementor-widget-container\">\n\t\t\t\t\t\t\t\t\t\t\t\t\t\t\t<img fetchpriority=\"high\" decoding=\"async\" width=\"800\" height=\"800\" src=\"https:\/\/www.buehler.com\/fr\/wp-content\/uploads\/sites\/10\/2023\/10\/Mounting-Media-Calculator-Image-1024x1024.png\" class=\"attachment-large size-large wp-image-19139\" alt=\"Calculateur de Mat\u00e9riau d&#039;enrobage\" srcset=\"https:\/\/www.buehler.com\/fr\/wp-content\/uploads\/sites\/10\/2023\/10\/Mounting-Media-Calculator-Image-1024x1024.png 1024w, https:\/\/www.buehler.com\/fr\/wp-content\/uploads\/sites\/10\/2023\/10\/Mounting-Media-Calculator-Image-300x300.png 300w, https:\/\/www.buehler.com\/fr\/wp-content\/uploads\/sites\/10\/2023\/10\/Mounting-Media-Calculator-Image-150x150.png 150w, https:\/\/www.buehler.com\/fr\/wp-content\/uploads\/sites\/10\/2023\/10\/Mounting-Media-Calculator-Image-768x768.png 768w, https:\/\/www.buehler.com\/fr\/wp-content\/uploads\/sites\/10\/2023\/10\/Mounting-Media-Calculator-Image.png 1200w\" sizes=\"(max-width: 800px) 100vw, 800px\" \/>\t\t\t\t\t\t\t\t\t\t\t\t\t\t\t<\/div>\n\t\t\t\t<\/div>\n\t\t\t\t<\/div>\n\t\t<div data-particle_enable=\"false\" data-particle-mobile-disabled=\"false\" class=\"elementor-element elementor-element-4ea8b65 e-con-full e-flex e-con e-child\" data-id=\"4ea8b65\" data-element_type=\"container\" data-e-type=\"container\">\n\t\t\t\t<div class=\"elementor-element elementor-element-58027a10 elementor-widget elementor-widget-shortcode\" data-id=\"58027a10\" data-element_type=\"widget\" data-e-type=\"widget\" data-widget_type=\"shortcode.default\">\n\t\t\t\t<div class=\"elementor-widget-container\">\n\t\t\t\t\t\t\t<div class=\"elementor-shortcode\">[media_calculator]<\/div>\n\t\t\t\t\t\t<\/div>\n\t\t\t\t<\/div>\n\t\t\t\t<\/div>\n\t\t\t\t<\/div>\n\t\t\t\t<\/div>\n\t\t\t\t\t<\/div>\n\t\t\t\t<\/div>\n\t\t<div data-particle_enable=\"false\" data-particle-mobile-disabled=\"false\" class=\"elementor-element elementor-element-35a4d86c e-flex e-con-boxed e-con e-parent\" data-id=\"35a4d86c\" data-element_type=\"container\" data-e-type=\"container\">\n\t\t\t\t\t<div class=\"e-con-inner\">\n\t\t\t\t<div class=\"elementor-element elementor-element-9e3780c elementor-widget elementor-widget-heading\" data-id=\"9e3780c\" data-element_type=\"widget\" data-e-type=\"widget\" data-widget_type=\"heading.default\">\n\t\t\t\t<div class=\"elementor-widget-container\">\n\t\t\t\t\t<h3 class=\"elementor-heading-title elementor-size-default\">Conversion de charge pour (GP)<\/h3>\t\t\t\t<\/div>\n\t\t\t\t<\/div>\n\t\t\t\t<div class=\"elementor-element elementor-element-20e71f29 elementor-invisible elementor-widget elementor-widget-heading\" data-id=\"20e71f29\" data-element_type=\"widget\" data-e-type=\"widget\" data-settings=\"{&quot;_animation&quot;:&quot;slideInRight&quot;}\" data-widget_type=\"heading.default\">\n\t\t\t\t<div class=\"elementor-widget-container\">\n\t\t\t\t\t<p class=\"elementor-heading-title elementor-size-default\">Convertissez vos charges de meulage et de polissage en unit\u00e9s m\u00e9triques et imp\u00e9riales, ainsi que dans diff\u00e9rents formats!<\/p>\t\t\t\t<\/div>\n\t\t\t\t<\/div>\n\t\t\t\t<div class=\"elementor-element elementor-element-2031ab44 elementor-widget-divider--view-line elementor-invisible elementor-widget elementor-widget-divider\" data-id=\"2031ab44\" data-element_type=\"widget\" data-e-type=\"widget\" data-settings=\"{&quot;_animation&quot;:&quot;slideInUp&quot;,&quot;_animation_delay&quot;:100}\" data-widget_type=\"divider.default\">\n\t\t\t\t<div class=\"elementor-widget-container\">\n\t\t\t\t\t\t\t<div class=\"elementor-divider\">\n\t\t\t<span class=\"elementor-divider-separator\">\n\t\t\t\t\t\t<\/span>\n\t\t<\/div>\n\t\t\t\t\t\t<\/div>\n\t\t\t\t<\/div>\n\t\t<div data-particle_enable=\"false\" data-particle-mobile-disabled=\"false\" class=\"elementor-element elementor-element-7bb6ed51 e-con-full e-flex e-con e-child\" data-id=\"7bb6ed51\" data-element_type=\"container\" data-e-type=\"container\" data-settings=\"{&quot;background_background&quot;:&quot;classic&quot;}\">\n\t\t<div data-particle_enable=\"false\" data-particle-mobile-disabled=\"false\" class=\"elementor-element elementor-element-63067344 e-con-full e-flex e-con e-child\" data-id=\"63067344\" data-element_type=\"container\" data-e-type=\"container\">\n\t\t<div data-particle_enable=\"false\" data-particle-mobile-disabled=\"false\" class=\"elementor-element elementor-element-6cf5e5f7 e-con-full e-flex e-con e-child\" data-id=\"6cf5e5f7\" data-element_type=\"container\" data-e-type=\"container\">\n\t\t\t\t<div class=\"elementor-element elementor-element-55360747 elementor-widget elementor-widget-image\" data-id=\"55360747\" data-element_type=\"widget\" data-e-type=\"widget\" data-widget_type=\"image.default\">\n\t\t\t\t<div class=\"elementor-widget-container\">\n\t\t\t\t\t\t\t\t\t\t\t\t\t\t\t<img decoding=\"async\" width=\"800\" height=\"800\" src=\"https:\/\/www.buehler.com\/fr\/wp-content\/uploads\/sites\/10\/2023\/10\/Load-Conversion-for-grinding-and-polishing-1024x1024.png\" class=\"attachment-large size-large wp-image-19140\" alt=\"Conversion de charge pour (GP)\" srcset=\"https:\/\/www.buehler.com\/fr\/wp-content\/uploads\/sites\/10\/2023\/10\/Load-Conversion-for-grinding-and-polishing-1024x1024.png 1024w, https:\/\/www.buehler.com\/fr\/wp-content\/uploads\/sites\/10\/2023\/10\/Load-Conversion-for-grinding-and-polishing-300x300.png 300w, https:\/\/www.buehler.com\/fr\/wp-content\/uploads\/sites\/10\/2023\/10\/Load-Conversion-for-grinding-and-polishing-150x150.png 150w, https:\/\/www.buehler.com\/fr\/wp-content\/uploads\/sites\/10\/2023\/10\/Load-Conversion-for-grinding-and-polishing-768x768.png 768w, https:\/\/www.buehler.com\/fr\/wp-content\/uploads\/sites\/10\/2023\/10\/Load-Conversion-for-grinding-and-polishing.png 1200w\" sizes=\"(max-width: 800px) 100vw, 800px\" \/>\t\t\t\t\t\t\t\t\t\t\t\t\t\t\t<\/div>\n\t\t\t\t<\/div>\n\t\t\t\t<\/div>\n\t\t<div data-particle_enable=\"false\" data-particle-mobile-disabled=\"false\" class=\"elementor-element elementor-element-79bee038 e-con-full e-flex e-con e-child\" data-id=\"79bee038\" data-element_type=\"container\" data-e-type=\"container\">\n\t\t\t\t<div class=\"elementor-element elementor-element-465656a0 elementor-widget elementor-widget-shortcode\" data-id=\"465656a0\" data-element_type=\"widget\" data-e-type=\"widget\" data-widget_type=\"shortcode.default\">\n\t\t\t\t<div class=\"elementor-widget-container\">\n\t\t\t\t\t\t\t<div class=\"elementor-shortcode\">[load_conversion]<\/div>\n\t\t\t\t\t\t<\/div>\n\t\t\t\t<\/div>\n\t\t\t\t<\/div>\n\t\t\t\t<\/div>\n\t\t\t\t<\/div>\n\t\t\t\t\t<\/div>\n\t\t\t\t<\/div>\n\t\t<div data-particle_enable=\"false\" data-particle-mobile-disabled=\"false\" class=\"elementor-element elementor-element-5ed8f869 e-con-full e-flex e-con e-parent\" data-id=\"5ed8f869\" data-element_type=\"container\" data-e-type=\"container\">\n\t\t\t\t<div class=\"elementor-element elementor-element-733d1718 elementor-widget elementor-widget-template\" data-id=\"733d1718\" data-element_type=\"widget\" data-e-type=\"widget\" data-widget_type=\"template.default\">\n\t\t\t\t<div class=\"elementor-widget-container\">\n\t\t\t\t\t\t\t<div class=\"elementor-template\">\n\t\t\t\t\t<div data-elementor-type=\"section\" data-elementor-id=\"18773\" class=\"elementor elementor-18773\" data-elementor-post-type=\"elementor_library\">\n\t\t\t<div data-particle_enable=\"false\" data-particle-mobile-disabled=\"false\" class=\"elementor-element elementor-element-ae1c292 e-con-full e-flex e-con e-parent\" data-id=\"ae1c292\" data-element_type=\"container\" data-e-type=\"container\" data-settings=\"{&quot;background_background&quot;:&quot;classic&quot;}\">\n\t\t<div data-particle_enable=\"false\" data-particle-mobile-disabled=\"false\" class=\"elementor-element elementor-element-1dda9191 e-con-full e-flex e-con e-child\" data-id=\"1dda9191\" data-element_type=\"container\" data-e-type=\"container\">\n\t\t\t\t<div class=\"elementor-element elementor-element-6b46b4ec elementor-widget elementor-widget-heading\" data-id=\"6b46b4ec\" data-element_type=\"widget\" data-e-type=\"widget\" data-widget_type=\"heading.default\">\n\t\t\t\t<div class=\"elementor-widget-container\">\n\t\t\t\t\t<h6 class=\"elementor-heading-title elementor-size-default\">Liens rapides<\/h6>\t\t\t\t<\/div>\n\t\t\t\t<\/div>\n\t\t\t\t<div class=\"elementor-element elementor-element-6d535c4b elementor-widget elementor-widget-text-editor\" data-id=\"6d535c4b\" data-element_type=\"widget\" data-e-type=\"widget\" data-widget_type=\"text-editor.default\">\n\t\t\t\t<div class=\"elementor-widget-container\">\n\t\t\t\t\t\t\t\t\tAcc\u00e9dez rapidement aux informations importantes ou visitez <a href=\"https:\/\/www.metallographie.fr\/\" target=\"_blank\" rel=\"noopener\">Acheter<\/a>\t\t\t\t\t\t\t\t<\/div>\n\t\t\t\t<\/div>\n\t\t\t\t<div class=\"elementor-element elementor-element-5618aa9d elementor-widget-divider--view-line elementor-widget elementor-widget-divider\" data-id=\"5618aa9d\" data-element_type=\"widget\" data-e-type=\"widget\" data-widget_type=\"divider.default\">\n\t\t\t\t<div class=\"elementor-widget-container\">\n\t\t\t\t\t\t\t<div class=\"elementor-divider\">\n\t\t\t<span class=\"elementor-divider-separator\">\n\t\t\t\t\t\t<\/span>\n\t\t<\/div>\n\t\t\t\t\t\t<\/div>\n\t\t\t\t<\/div>\n\t\t\t\t<\/div>\n\t\t<div data-particle_enable=\"false\" data-particle-mobile-disabled=\"false\" class=\"elementor-element elementor-element-4ef61348 e-flex e-con-boxed e-con e-child\" data-id=\"4ef61348\" data-element_type=\"container\" data-e-type=\"container\">\n\t\t\t\t\t<div class=\"e-con-inner\">\n\t\t<div data-particle_enable=\"false\" data-particle-mobile-disabled=\"false\" class=\"elementor-element elementor-element-2a2cde71 e-flex e-con-boxed e-con e-child\" data-id=\"2a2cde71\" data-element_type=\"container\" data-e-type=\"container\">\n\t\t\t\t\t<div class=\"e-con-inner\">\n\t\t<div data-particle_enable=\"false\" data-particle-mobile-disabled=\"false\" class=\"elementor-element elementor-element-df33160 e-flex e-con-boxed e-con e-child\" data-id=\"df33160\" data-element_type=\"container\" data-e-type=\"container\">\n\t\t\t\t\t<div class=\"e-con-inner\">\n\t\t\t\t<div class=\"elementor-element elementor-element-48f8f9d elementor-position-left elementor-vertical-align-middle elementor-widget elementor-widget-image-box\" data-id=\"48f8f9d\" data-element_type=\"widget\" data-e-type=\"widget\" data-widget_type=\"image-box.default\">\n\t\t\t\t<div class=\"elementor-widget-container\">\n\t\t\t\t\t<div class=\"elementor-image-box-wrapper\"><figure class=\"elementor-image-box-img\"><img decoding=\"async\" width=\"600\" height=\"600\" src=\"https:\/\/www.buehler.com\/fr\/wp-content\/uploads\/sites\/10\/2023\/07\/Literature-Icon.png\" class=\"attachment-full size-full wp-image-18769\" alt=\"Catalogue Produits\" srcset=\"https:\/\/www.buehler.com\/fr\/wp-content\/uploads\/sites\/10\/2023\/07\/Literature-Icon.png 600w, https:\/\/www.buehler.com\/fr\/wp-content\/uploads\/sites\/10\/2023\/07\/Literature-Icon-300x300.png 300w, https:\/\/www.buehler.com\/fr\/wp-content\/uploads\/sites\/10\/2023\/07\/Literature-Icon-150x150.png 150w\" sizes=\"(max-width: 600px) 100vw, 600px\" \/><\/figure><div class=\"elementor-image-box-content\"><div class=\"elementor-image-box-title\">Litt\u00e9rature produits<\/div><p class=\"elementor-image-box-description\">Visitez notre section litt\u00e9rature<\/p><\/div><\/div>\t\t\t\t<\/div>\n\t\t\t\t<\/div>\n\t\t\t\t<div class=\"elementor-element elementor-element-480446b2 position-absolute bottom-0 elementor-widget elementor-widget-button\" data-id=\"480446b2\" data-element_type=\"widget\" data-e-type=\"widget\" data-widget_type=\"button.default\">\n\t\t\t\t<div class=\"elementor-widget-container\">\n\t\t\t\t\t\t\t\t\t<div class=\"elementor-button-wrapper\">\n\t\t\t\t\t<a class=\"elementor-button elementor-button-link elementor-size-sm\" href=\"https:\/\/www.buehler.com\/fr\/solutions\/buehler-documentation\/litterature-produits\/\">\n\t\t\t\t\t\t<span class=\"elementor-button-content-wrapper\">\n\t\t\t\t\t\t\t\t\t<span class=\"elementor-button-text\">Trouver la litt\u00e9rature de Buehler<\/span>\n\t\t\t\t\t<\/span>\n\t\t\t\t\t<\/a>\n\t\t\t\t<\/div>\n\t\t\t\t\t\t\t\t<\/div>\n\t\t\t\t<\/div>\n\t\t\t\t\t<\/div>\n\t\t\t\t<\/div>\n\t\t<div data-particle_enable=\"false\" data-particle-mobile-disabled=\"false\" class=\"elementor-element elementor-element-a3a8549 e-flex e-con-boxed e-con e-child\" data-id=\"a3a8549\" data-element_type=\"container\" data-e-type=\"container\">\n\t\t\t\t\t<div class=\"e-con-inner\">\n\t\t\t\t<div class=\"elementor-element elementor-element-7229f4a0 elementor-position-left elementor-vertical-align-middle elementor-widget elementor-widget-image-box\" data-id=\"7229f4a0\" data-element_type=\"widget\" data-e-type=\"widget\" data-widget_type=\"image-box.default\">\n\t\t\t\t<div class=\"elementor-widget-container\">\n\t\t\t\t\t<div class=\"elementor-image-box-wrapper\"><figure class=\"elementor-image-box-img\"><img loading=\"lazy\" decoding=\"async\" width=\"600\" height=\"600\" src=\"https:\/\/www.buehler.com\/fr\/wp-content\/uploads\/sites\/10\/2023\/07\/Tools-Icon.png\" class=\"attachment-full size-full wp-image-18770\" alt=\"Buehler Tools and Training\" srcset=\"https:\/\/www.buehler.com\/fr\/wp-content\/uploads\/sites\/10\/2023\/07\/Tools-Icon.png 600w, https:\/\/www.buehler.com\/fr\/wp-content\/uploads\/sites\/10\/2023\/07\/Tools-Icon-300x300.png 300w, https:\/\/www.buehler.com\/fr\/wp-content\/uploads\/sites\/10\/2023\/07\/Tools-Icon-150x150.png 150w\" sizes=\"(max-width: 600px) 100vw, 600px\" \/><\/figure><div class=\"elementor-image-box-content\"><div class=\"elementor-image-box-title\">Outils<\/div><p class=\"elementor-image-box-description\">Voir nos outils et formations<\/p><\/div><\/div>\t\t\t\t<\/div>\n\t\t\t\t<\/div>\n\t\t\t\t<div class=\"elementor-element elementor-element-61ef7e49 position-absolute bottom-0 elementor-widget elementor-widget-button\" data-id=\"61ef7e49\" data-element_type=\"widget\" data-e-type=\"widget\" data-widget_type=\"button.default\">\n\t\t\t\t<div class=\"elementor-widget-container\">\n\t\t\t\t\t\t\t\t\t<div class=\"elementor-button-wrapper\">\n\t\t\t\t\t<a class=\"elementor-button elementor-button-link elementor-size-sm\" href=\"https:\/\/www.buehler.com\/fr\/solutions\/buehler-solutions\/formation\/\">\n\t\t\t\t\t\t<span class=\"elementor-button-content-wrapper\">\n\t\t\t\t\t\t\t\t\t<span class=\"elementor-button-text\">Voir les outils Buehler<\/span>\n\t\t\t\t\t<\/span>\n\t\t\t\t\t<\/a>\n\t\t\t\t<\/div>\n\t\t\t\t\t\t\t\t<\/div>\n\t\t\t\t<\/div>\n\t\t\t\t\t<\/div>\n\t\t\t\t<\/div>\n\t\t\t\t\t<\/div>\n\t\t\t\t<\/div>\n\t\t<div data-particle_enable=\"false\" data-particle-mobile-disabled=\"false\" class=\"elementor-element elementor-element-49727163 e-flex e-con-boxed e-con e-child\" data-id=\"49727163\" data-element_type=\"container\" data-e-type=\"container\">\n\t\t\t\t\t<div class=\"e-con-inner\">\n\t\t<div data-particle_enable=\"false\" data-particle-mobile-disabled=\"false\" class=\"elementor-element elementor-element-5d5bd83 e-flex e-con-boxed e-con e-child\" data-id=\"5d5bd83\" data-element_type=\"container\" data-e-type=\"container\">\n\t\t\t\t\t<div class=\"e-con-inner\">\n\t\t\t\t<div class=\"elementor-element elementor-element-b34be09 elementor-position-left elementor-vertical-align-middle elementor-widget elementor-widget-image-box\" data-id=\"b34be09\" data-element_type=\"widget\" data-e-type=\"widget\" data-widget_type=\"image-box.default\">\n\t\t\t\t<div class=\"elementor-widget-container\">\n\t\t\t\t\t<div class=\"elementor-image-box-wrapper\"><figure class=\"elementor-image-box-img\"><img loading=\"lazy\" decoding=\"async\" width=\"600\" height=\"600\" src=\"https:\/\/www.buehler.com\/fr\/wp-content\/uploads\/sites\/10\/2023\/07\/Service-Icon.png\" class=\"attachment-full size-full wp-image-18771\" alt=\"Buehler Service\" srcset=\"https:\/\/www.buehler.com\/fr\/wp-content\/uploads\/sites\/10\/2023\/07\/Service-Icon.png 600w, https:\/\/www.buehler.com\/fr\/wp-content\/uploads\/sites\/10\/2023\/07\/Service-Icon-300x300.png 300w, https:\/\/www.buehler.com\/fr\/wp-content\/uploads\/sites\/10\/2023\/07\/Service-Icon-150x150.png 150w\" sizes=\"(max-width: 600px) 100vw, 600px\" \/><\/figure><div class=\"elementor-image-box-content\"><div class=\"elementor-image-box-title\">Service<\/div><p class=\"elementor-image-box-description\">Service \u00e0 la client\u00e8le<\/p><\/div><\/div>\t\t\t\t<\/div>\n\t\t\t\t<\/div>\n\t\t\t\t<div class=\"elementor-element elementor-element-54824f7c position-absolute bottom-0 elementor-widget elementor-widget-button\" data-id=\"54824f7c\" data-element_type=\"widget\" data-e-type=\"widget\" data-widget_type=\"button.default\">\n\t\t\t\t<div class=\"elementor-widget-container\">\n\t\t\t\t\t\t\t\t\t<div class=\"elementor-button-wrapper\">\n\t\t\t\t\t<a class=\"elementor-button elementor-button-link elementor-size-sm\" href=\"https:\/\/www.buehler.com\/fr\/service-request_france.php\" target=\"_blank\">\n\t\t\t\t\t\t<span class=\"elementor-button-content-wrapper\">\n\t\t\t\t\t\t\t\t\t<span class=\"elementor-button-text\">Contact Service<\/span>\n\t\t\t\t\t<\/span>\n\t\t\t\t\t<\/a>\n\t\t\t\t<\/div>\n\t\t\t\t\t\t\t\t<\/div>\n\t\t\t\t<\/div>\n\t\t\t\t\t<\/div>\n\t\t\t\t<\/div>\n\t\t<div data-particle_enable=\"false\" data-particle-mobile-disabled=\"false\" class=\"elementor-element elementor-element-954c1c5 e-flex e-con-boxed e-con e-child\" data-id=\"954c1c5\" data-element_type=\"container\" data-e-type=\"container\">\n\t\t\t\t\t<div class=\"e-con-inner\">\n\t\t\t\t<div class=\"elementor-element elementor-element-77b74347 elementor-position-left elementor-vertical-align-middle elementor-widget elementor-widget-image-box\" data-id=\"77b74347\" data-element_type=\"widget\" data-e-type=\"widget\" data-widget_type=\"image-box.default\">\n\t\t\t\t<div class=\"elementor-widget-container\">\n\t\t\t\t\t<div class=\"elementor-image-box-wrapper\"><figure class=\"elementor-image-box-img\"><img loading=\"lazy\" decoding=\"async\" width=\"600\" height=\"600\" src=\"https:\/\/www.buehler.com\/fr\/wp-content\/uploads\/sites\/10\/2023\/07\/Shop-Icon.png\" class=\"attachment-full size-full wp-image-18772\" alt=\"Shop Buehler Consumables\" srcset=\"https:\/\/www.buehler.com\/fr\/wp-content\/uploads\/sites\/10\/2023\/07\/Shop-Icon.png 600w, https:\/\/www.buehler.com\/fr\/wp-content\/uploads\/sites\/10\/2023\/07\/Shop-Icon-300x300.png 300w, https:\/\/www.buehler.com\/fr\/wp-content\/uploads\/sites\/10\/2023\/07\/Shop-Icon-150x150.png 150w\" sizes=\"(max-width: 600px) 100vw, 600px\" \/><\/figure><div class=\"elementor-image-box-content\"><div class=\"elementor-image-box-title\">Acheter<\/div><p class=\"elementor-image-box-description\">Visitez notre acheter<\/p><\/div><\/div>\t\t\t\t<\/div>\n\t\t\t\t<\/div>\n\t\t\t\t<div class=\"elementor-element elementor-element-5761466d position-absolute bottom-0 elementor-widget elementor-widget-button\" data-id=\"5761466d\" data-element_type=\"widget\" data-e-type=\"widget\" data-widget_type=\"button.default\">\n\t\t\t\t<div class=\"elementor-widget-container\">\n\t\t\t\t\t\t\t\t\t<div class=\"elementor-button-wrapper\">\n\t\t\t\t\t<a class=\"elementor-button elementor-button-link elementor-size-sm\" href=\"https:\/\/www.metallographie.fr\/\" target=\"_blank\" rel=\"noopener\">\n\t\t\t\t\t\t<span class=\"elementor-button-content-wrapper\">\n\t\t\t\t\t\t\t\t\t<span class=\"elementor-button-text\">Acheter<\/span>\n\t\t\t\t\t<\/span>\n\t\t\t\t\t<\/a>\n\t\t\t\t<\/div>\n\t\t\t\t\t\t\t\t<\/div>\n\t\t\t\t<\/div>\n\t\t\t\t\t<\/div>\n\t\t\t\t<\/div>\n\t\t\t\t\t<\/div>\n\t\t\t\t<\/div>\n\t\t\t\t\t<\/div>\n\t\t\t\t<\/div>\n\t\t\t\t<\/div>\n\t\t\t\t<\/div>\n\t\t\t\t<\/div>\n\t\t\t\t\t\t<\/div>\n\t\t\t\t<\/div>\n\t\t\t\t<\/div>\n\t\t\t\t<\/div>\n\t\t","protected":false},"excerpt":{"rendered":"<p>Outils Calculateur de Mat\u00e9riau d&#8217;enrobage Optimisez l&#8217;utilisation du mat\u00e9riau d&#8217;enrobage en 3 \u00e9tapes simples! [media_calculator] Conversion de charge pour (GP) Convertissez vos charges de meulage et de polissage en unit\u00e9s m\u00e9triques et imp\u00e9riales, ainsi que dans diff\u00e9rents formats! [load_conversion]<\/p>\n","protected":false},"author":1,"featured_media":0,"parent":7,"menu_order":0,"comment_status":"closed","ping_status":"closed","template":"","meta":{"footnotes":""},"class_list":["post-19150","page","type-page","status-publish","hentry"],"_links":{"self":[{"href":"https:\/\/www.buehler.com\/fr\/wp-json\/wp\/v2\/pages\/19150","targetHints":{"allow":["GET"]}}],"collection":[{"href":"https:\/\/www.buehler.com\/fr\/wp-json\/wp\/v2\/pages"}],"about":[{"href":"https:\/\/www.buehler.com\/fr\/wp-json\/wp\/v2\/types\/page"}],"author":[{"embeddable":true,"href":"https:\/\/www.buehler.com\/fr\/wp-json\/wp\/v2\/users\/1"}],"replies":[{"embeddable":true,"href":"https:\/\/www.buehler.com\/fr\/wp-json\/wp\/v2\/comments?post=19150"}],"version-history":[{"count":4,"href":"https:\/\/www.buehler.com\/fr\/wp-json\/wp\/v2\/pages\/19150\/revisions"}],"predecessor-version":[{"id":19166,"href":"https:\/\/www.buehler.com\/fr\/wp-json\/wp\/v2\/pages\/19150\/revisions\/19166"}],"up":[{"embeddable":true,"href":"https:\/\/www.buehler.com\/fr\/wp-json\/wp\/v2\/pages\/7"}],"wp:attachment":[{"href":"https:\/\/www.buehler.com\/fr\/wp-json\/wp\/v2\/media?parent=19150"}],"curies":[{"name":"wp","href":"https:\/\/api.w.org\/{rel}","templated":true}]}}