{"id":9651,"date":"2021-10-21T11:16:06","date_gmt":"2021-10-21T17:16:06","guid":{"rendered":"https:\/\/buehler.com\/de\/?page_id=9651"},"modified":"2023-09-26T15:08:49","modified_gmt":"2023-09-26T13:08:49","slug":"nachhaltige-langlebige-metallurgische-produkte","status":"publish","type":"page","link":"https:\/\/www.buehler.com\/de\/loesungen\/buehler-loesungen\/nachhaltige-langlebige-metallurgische-produkte\/","title":{"rendered":"Nachhaltige langlebige metallurgische Produkte"},"content":{"rendered":"\t\t<div data-elementor-type=\"wp-page\" data-elementor-id=\"9651\" class=\"elementor elementor-9651\" data-elementor-post-type=\"page\">\n\t\t\t\t\t\t<section data-particle_enable=\"false\" data-particle-mobile-disabled=\"false\" class=\"elementor-section elementor-top-section elementor-element elementor-element-4fe60a88 elementor-section-full_width elementor-section-height-min-height elementor-section-height-default elementor-section-items-middle\" data-id=\"4fe60a88\" data-element_type=\"section\" data-e-type=\"section\" data-settings=\"{&quot;background_background&quot;:&quot;classic&quot;}\">\n\t\t\t\t\t\t<div class=\"elementor-container elementor-column-gap-default\">\n\t\t\t\t\t<div class=\"elementor-column elementor-col-100 elementor-top-column elementor-element elementor-element-50b784e7\" data-id=\"50b784e7\" data-element_type=\"column\" data-e-type=\"column\">\n\t\t\t<div class=\"elementor-widget-wrap elementor-element-populated\">\n\t\t\t\t\t\t<div class=\"elementor-element elementor-element-60b26411 elementor-widget elementor-widget-heading\" data-id=\"60b26411\" data-element_type=\"widget\" data-e-type=\"widget\" data-widget_type=\"heading.default\">\n\t\t\t\t<div class=\"elementor-widget-container\">\n\t\t\t\t\t<h1 class=\"elementor-heading-title elementor-size-default\">Nachhaltige langlebige metallurgische Produkte<\/h1>\t\t\t\t<\/div>\n\t\t\t\t<\/div>\n\t\t\t\t\t<\/div>\n\t\t<\/div>\n\t\t\t\t\t<\/div>\n\t\t<\/section>\n\t\t\t\t<section data-particle_enable=\"false\" data-particle-mobile-disabled=\"false\" class=\"elementor-section elementor-top-section elementor-element elementor-element-288f0995 elementor-section-boxed elementor-section-height-default elementor-section-height-default\" data-id=\"288f0995\" data-element_type=\"section\" data-e-type=\"section\">\n\t\t\t\t\t\t<div class=\"elementor-container elementor-column-gap-default\">\n\t\t\t\t\t<div class=\"elementor-column elementor-col-100 elementor-top-column elementor-element elementor-element-1774b179\" data-id=\"1774b179\" data-element_type=\"column\" data-e-type=\"column\">\n\t\t\t<div class=\"elementor-widget-wrap elementor-element-populated\">\n\t\t\t\t\t\t<div class=\"elementor-element elementor-element-6804293b elementor-widget-divider--view-line_text elementor-widget-divider--element-align-center elementor-widget elementor-widget-divider\" data-id=\"6804293b\" data-element_type=\"widget\" data-e-type=\"widget\" data-widget_type=\"divider.default\">\n\t\t\t\t<div class=\"elementor-widget-container\">\n\t\t\t\t\t\t\t<div class=\"elementor-divider\">\n\t\t\t<span class=\"elementor-divider-separator\">\n\t\t\t\t\t\t\t<h2 class=\"elementor-divider__text elementor-divider__element\">\n\t\t\t\tBuehler Produkte sind sicherer, langlebiger und schonen die Ressourcen\t\t\t\t<\/h2>\n\t\t\t\t\t\t<\/span>\n\t\t<\/div>\n\t\t\t\t\t\t<\/div>\n\t\t\t\t<\/div>\n\t\t\t\t<section data-particle_enable=\"false\" data-particle-mobile-disabled=\"false\" class=\"elementor-section elementor-inner-section elementor-element elementor-element-e1db534 elementor-section-boxed elementor-section-height-default elementor-section-height-default\" data-id=\"e1db534\" data-element_type=\"section\" data-e-type=\"section\">\n\t\t\t\t\t\t<div class=\"elementor-container elementor-column-gap-default\">\n\t\t\t\t\t<div class=\"elementor-column elementor-col-100 elementor-inner-column elementor-element elementor-element-5524032\" data-id=\"5524032\" data-element_type=\"column\" data-e-type=\"column\">\n\t\t\t<div class=\"elementor-widget-wrap elementor-element-populated\">\n\t\t\t\t\t\t<div class=\"elementor-element elementor-element-32b7221 elementor-widget elementor-widget-html\" data-id=\"32b7221\" data-element_type=\"widget\" data-e-type=\"widget\" data-widget_type=\"html.default\">\n\t\t\t\t<div class=\"elementor-widget-container\">\n\t\t\t\t\t<script src=\"https:\/\/fast.wistia.com\/assets\/external\/channel.js\" async><\/script><link rel=\"stylesheet\" href=\"https:\/\/fast.wistia.com\/embed\/channel\/project\/rs12j3svs4\/font.css\" \/><div class=\"wistia_channel wistia_async_rs12j3svs4 mode=inline\" style=\"min-height:100vh;position:relative;width:100%;\"><\/div>\t\t\t\t<\/div>\n\t\t\t\t<\/div>\n\t\t\t\t\t<\/div>\n\t\t<\/div>\n\t\t\t\t\t<\/div>\n\t\t<\/section>\n\t\t\t\t<div class=\"elementor-element elementor-element-3b7442c0 elementor-widget elementor-widget-text-editor\" data-id=\"3b7442c0\" data-element_type=\"widget\" data-e-type=\"widget\" data-widget_type=\"text-editor.default\">\n\t\t\t\t<div class=\"elementor-widget-container\">\n\t\t\t\t\t\t\t\t\t<p>Bei Buehler haben die Gesundheit, die Sicherheit und das Engagement unserer Kunden h\u00f6chste Priorit\u00e4t. Wir verfolgen konsequent unseren Kunden-Feedback-Prozess, um die spezifischen Bed\u00fcrfnisse unserer Kunden in verschiedenen Regionen, Branchen und Anwendungen zu verstehen und zu unterst\u00fctzen. Dadurch haben wir erkannt, dass es immer wichtiger wird, Produkte und L\u00f6sungen anzubieten, die die Umwelt so wenig wie m\u00f6glich belasten, Abf\u00e4lle reduzieren, Betriebsmittel einsparen und Gesundheitsrisiken f\u00fcr die Anwender minimieren.<\/p><p>Die gleichen Bed\u00fcrfnisse entstehen auch in unseren eigenen internen Teams, so dass wir der Innovation von L\u00f6sungen, die diese Bed\u00fcrfnisse unterst\u00fctzen, Priorit\u00e4t einger\u00e4umt haben. Als Unternehmen halten wir die j\u00e4hrliche Zertifizierung nach ISO 14001 aufrecht, die unsere Mitarbeiter und Managementteams in die Pflicht nimmt, wichtige Kennzahlen, die sich auf die Umwelt auswirken, zu verfolgen und regelm\u00e4\u00dfig zu verbessern, wie z. B. den Stromverbrauch, die nachhaltige Energieversorgung f\u00fcr unseren Betrieb und das Recycling-\/Abfallmanagement im gesamten Werk.<\/p><p>Buehler hat ein Sortiment von Produkten, die darauf abzielen, Abfall zu reduzieren, die Lebensdauer zu verl\u00e4ngern, die Nutzung vor der Entsorgung\/Recycling zu maximieren und die Sicherheit f\u00fcr Laborteams zu erh\u00f6hen.<\/p><ul class=\"ml-40\"><li><span class=\"bold\"><a href=\"https:\/\/www.buehler.com\/de\/produkte\/einbetten\/zubehoer-und-verbrauchsmaterialien\/acrylharzsysteme\/\">Varidur<\/a><\/span>\u00a0\u2013 Verbessertes schnell aush\u00e4rtendes Acrylat mit geringer Gef\u00e4hrdung<\/li><li><span class=\"bold\"><a href=\"https:\/\/www.buehler.com\/de\/produkte\/trennen\/zubehoer-und-verbrauchsmaterialien\/trennscheiben\/\">Abrasivtrennscheiben<\/a><\/span>\u00a0\u2013 Reduzierter Abfall durch eine bis zu 3x l\u00e4ngere Lebensdauer als herk\u00f6mmliche Produkte<\/li><li><span class=\"bold\"><a href=\"https:\/\/www.buehler.com\/de\/produkte\/schleifen-und-polieren\/zubehoer-und-verbrauchsmaterialien\/diamantsuspensionen-und-pasten\/\">MetaDi Paste<\/a><\/span>\u00a0\u2013 Konzentrierte, konsistente kleine Diamantpartikel f\u00fcr weniger Abfall<\/li><li><span class=\"bold\"><a href=\"https:\/\/www.buehler.com\/de\/produkte\/schleifen-und-polieren\/zubehoer-und-verbrauchsmaterialien\/feinstpolitursuspensionen\/\">MasterPrep<\/a><\/span>\u00a0\u2013 Effiziente Aluminiumoxid-Suspensionspolierformel f\u00fcr weniger Abfall<\/li><li><span class=\"bold\"><a href=\"https:\/\/www.buehler.com\/de\/produkte\/haertepruefung\/haertevergleichsplatten\/\">H\u00e4rtepr\u00fcfbl\u00f6cke<\/a><\/span>\u00a0\u2013 Zertifizierte Testbl\u00f6cke f\u00fcr eine maximale Nutzung vor dem Austausch<\/li><li><span class=\"bold\"><a href=\"https:\/\/www.buehler.com\/de\/produkte\/trennen\/\">Umlaufk\u00fchlsystem f\u00fcr Abrasivtrennger\u00e4te<\/a><\/span>\u00a0\u2013 Reduziert den Wasserverbrauch und die Entsorgung durch das Herausziehen von Ablagerungen<\/li><\/ul>\t\t\t\t\t\t\t\t<\/div>\n\t\t\t\t<\/div>\n\t\t\t\t\t<\/div>\n\t\t<\/div>\n\t\t\t\t\t<\/div>\n\t\t<\/section>\n\t\t\t\t<\/div>\n\t\t","protected":false},"excerpt":{"rendered":"<p>Nachhaltige langlebige metallurgische Produkte Buehler Produkte sind sicherer, langlebiger und schonen die Ressourcen Bei Buehler haben die Gesundheit, die Sicherheit und das Engagement unserer Kunden h\u00f6chste Priorit\u00e4t. Wir verfolgen konsequent unseren Kunden-Feedback-Prozess, um die spezifischen Bed\u00fcrfnisse unserer Kunden in verschiedenen Regionen, Branchen und Anwendungen zu verstehen und zu unterst\u00fctzen. Dadurch haben wir erkannt, dass es [&hellip;]<\/p>\n","protected":false},"author":1,"featured_media":0,"parent":9641,"menu_order":0,"comment_status":"closed","ping_status":"closed","template":"","meta":{"footnotes":""},"class_list":["post-9651","page","type-page","status-publish","hentry"],"_links":{"self":[{"href":"https:\/\/www.buehler.com\/de\/wp-json\/wp\/v2\/pages\/9651","targetHints":{"allow":["GET"]}}],"collection":[{"href":"https:\/\/www.buehler.com\/de\/wp-json\/wp\/v2\/pages"}],"about":[{"href":"https:\/\/www.buehler.com\/de\/wp-json\/wp\/v2\/types\/page"}],"author":[{"embeddable":true,"href":"https:\/\/www.buehler.com\/de\/wp-json\/wp\/v2\/users\/1"}],"replies":[{"embeddable":true,"href":"https:\/\/www.buehler.com\/de\/wp-json\/wp\/v2\/comments?post=9651"}],"version-history":[{"count":49,"href":"https:\/\/www.buehler.com\/de\/wp-json\/wp\/v2\/pages\/9651\/revisions"}],"predecessor-version":[{"id":19001,"href":"https:\/\/www.buehler.com\/de\/wp-json\/wp\/v2\/pages\/9651\/revisions\/19001"}],"up":[{"embeddable":true,"href":"https:\/\/www.buehler.com\/de\/wp-json\/wp\/v2\/pages\/9641"}],"wp:attachment":[{"href":"https:\/\/www.buehler.com\/de\/wp-json\/wp\/v2\/media?parent=9651"}],"curies":[{"name":"wp","href":"https:\/\/api.w.org\/{rel}","templated":true}]}}