{"id":9645,"date":"2021-10-21T11:14:54","date_gmt":"2021-10-21T09:14:54","guid":{"rendered":"https:\/\/buehler.com\/de\/?page_id=9645"},"modified":"2022-05-26T20:02:32","modified_gmt":"2022-05-26T18:02:32","slug":"volle-laborloesungen","status":"publish","type":"page","link":"https:\/\/www.buehler.com\/de\/loesungen\/buehler-loesungen\/volle-laborloesungen\/","title":{"rendered":"Volle Laborl\u00f6sungen"},"content":{"rendered":"\t\t<div data-elementor-type=\"wp-page\" data-elementor-id=\"9645\" class=\"elementor elementor-9645\" data-elementor-post-type=\"page\">\n\t\t\t\t\t\t<section data-particle_enable=\"false\" data-particle-mobile-disabled=\"false\" class=\"elementor-section elementor-top-section elementor-element elementor-element-7e121566 elementor-section-full_width elementor-section-height-min-height elementor-section-height-default elementor-section-items-middle\" data-id=\"7e121566\" data-element_type=\"section\" data-e-type=\"section\" data-settings=\"{&quot;background_background&quot;:&quot;classic&quot;}\">\n\t\t\t\t\t\t<div class=\"elementor-container elementor-column-gap-default\">\n\t\t\t\t\t<div class=\"elementor-column elementor-col-100 elementor-top-column elementor-element elementor-element-6e682f48\" data-id=\"6e682f48\" data-element_type=\"column\" data-e-type=\"column\">\n\t\t\t<div class=\"elementor-widget-wrap elementor-element-populated\">\n\t\t\t\t\t\t<div class=\"elementor-element elementor-element-20a7de21 elementor-widget elementor-widget-heading\" data-id=\"20a7de21\" data-element_type=\"widget\" data-e-type=\"widget\" data-widget_type=\"heading.default\">\n\t\t\t\t<div class=\"elementor-widget-container\">\n\t\t\t\t\t<h1 class=\"elementor-heading-title elementor-size-default\">Volle Laborl\u00f6sungen<\/h1>\t\t\t\t<\/div>\n\t\t\t\t<\/div>\n\t\t\t\t\t<\/div>\n\t\t<\/div>\n\t\t\t\t\t<\/div>\n\t\t<\/section>\n\t\t\t\t<section data-particle_enable=\"false\" data-particle-mobile-disabled=\"false\" class=\"elementor-section elementor-top-section elementor-element elementor-element-44fb1c1d elementor-section-boxed elementor-section-height-default elementor-section-height-default\" data-id=\"44fb1c1d\" data-element_type=\"section\" data-e-type=\"section\">\n\t\t\t\t\t\t<div class=\"elementor-container elementor-column-gap-default\">\n\t\t\t\t\t<div class=\"elementor-column elementor-col-100 elementor-top-column elementor-element elementor-element-77a5ff99\" data-id=\"77a5ff99\" data-element_type=\"column\" data-e-type=\"column\">\n\t\t\t<div class=\"elementor-widget-wrap elementor-element-populated\">\n\t\t\t\t\t\t<div class=\"elementor-element elementor-element-fca9cbb elementor-widget elementor-widget-text-editor\" data-id=\"fca9cbb\" data-element_type=\"widget\" data-e-type=\"widget\" data-widget_type=\"text-editor.default\">\n\t\t\t\t<div class=\"elementor-widget-container\">\n\t\t\t\t\t\t\t\t\tWir sind stolz darauf, Ihnen nun eine vollumf\u00e4ngliche L\u00f6sung f\u00fcr Ihr Labor anzubieten (Full Lab Solution). Sie enth\u00e4lt Ger\u00e4te, die von Buehler entwickelt und hergestellt werden, um die h\u00f6chste Qualit\u00e4t und beste Leistungsf\u00e4higkeit Ihres Labors zu garantieren. Arbeiten Sie mit uns zusammen, wenn Sie ein neues Metallographie-Labor aufbauen m\u00f6chten, mit Ger\u00e4ten, die bei der Qualit\u00e4tskontrolle oder bei Pr\u00fcfprozessen Verl\u00e4sslichkeit und Wiederholbarkeit gew\u00e4hrleisten. Neue oder aufstrebende Labore profitieren von Buehler mit seinen innovativen, intuitiven und zuverl\u00e4ssigen Ger\u00e4ten, die wir schnell liefern, sodass Sie Ihre Fristen einhalten k\u00f6nnen.\t\t\t\t\t\t\t\t<\/div>\n\t\t\t\t<\/div>\n\t\t\t\t<div class=\"elementor-element elementor-element-41dd279 elementor-widget-divider--view-line_text elementor-widget-divider--element-align-center elementor-widget elementor-widget-divider\" data-id=\"41dd279\" data-element_type=\"widget\" data-e-type=\"widget\" data-widget_type=\"divider.default\">\n\t\t\t\t<div class=\"elementor-widget-container\">\n\t\t\t\t\t\t\t<div class=\"elementor-divider\">\n\t\t\t<span class=\"elementor-divider-separator\">\n\t\t\t\t\t\t\t<span class=\"elementor-divider__text elementor-divider__element\">\n\t\t\t\tStarker Partner, verl\u00e4ssliche L\u00f6sungen\t\t\t\t<\/span>\n\t\t\t\t\t\t<\/span>\n\t\t<\/div>\n\t\t\t\t\t\t<\/div>\n\t\t\t\t<\/div>\n\t\t\t\t<div class=\"elementor-element elementor-element-610a6be elementor-widget elementor-widget-image\" data-id=\"610a6be\" data-element_type=\"widget\" data-e-type=\"widget\" data-widget_type=\"image.default\">\n\t\t\t\t<div class=\"elementor-widget-container\">\n\t\t\t\t\t\t\t\t\t\t\t\t\t\t\t<img fetchpriority=\"high\" decoding=\"async\" width=\"640\" height=\"360\" src=\"https:\/\/www.buehler.com\/de\/wp-content\/uploads\/sites\/9\/2021\/11\/Full-Lab-Solutions.jpg\" class=\"attachment-large size-large wp-image-11850\" alt=\"Full Lab Solutions\" srcset=\"https:\/\/www.buehler.com\/de\/wp-content\/uploads\/sites\/9\/2021\/11\/Full-Lab-Solutions.jpg 640w, https:\/\/www.buehler.com\/de\/wp-content\/uploads\/sites\/9\/2021\/11\/Full-Lab-Solutions-300x169.jpg 300w\" sizes=\"(max-width: 640px) 100vw, 640px\" \/>\t\t\t\t\t\t\t\t\t\t\t\t\t\t\t<\/div>\n\t\t\t\t<\/div>\n\t\t\t\t<div class=\"elementor-element elementor-element-8e5310f elementor-widget elementor-widget-text-editor\" data-id=\"8e5310f\" data-element_type=\"widget\" data-e-type=\"widget\" data-widget_type=\"text-editor.default\">\n\t\t\t\t<div class=\"elementor-widget-container\">\n\t\t\t\t\t\t\t\t\t<p>Buehler ist eine Sparte der Illinois Tool Works, einem Fortune-200-Unternehmen, und Sie k\u00f6nnen Sie sich darauf verlassen, dass wir Ihnen bew\u00e4hrte, von Kunden gepriesene Innovationen anbieten, die Ihnen das Leben erleichtern. Mit dem Erwerb von Produkten von Buehler werden Sie automatisch Teil unseres Teams. Wir haben Fachpersonal, das Ihre Bed\u00fcrfnisse in den anspruchsvollsten Umgebungen versteht, egal ob sie in den Bereichen Qualit\u00e4tskontrolle, Forschung &amp; Entwicklung oder in der Ausbildung t\u00e4tig sind. Wir stellen Ihnen einen Gebietsvertreter sowie eine weltweit agierende Laborabteilung, Anwendungskompetenzen, Kundenbetreuung und Serviceteams zur Verf\u00fcgung.<\/p>\t\t\t\t\t\t\t\t<\/div>\n\t\t\t\t<\/div>\n\t\t\t\t<div class=\"elementor-element elementor-element-2e38096 elementor-widget elementor-widget-heading\" data-id=\"2e38096\" data-element_type=\"widget\" data-e-type=\"widget\" data-widget_type=\"heading.default\">\n\t\t\t\t<div class=\"elementor-widget-container\">\n\t\t\t\t\t<h3 class=\"elementor-heading-title elementor-size-default\">Fester Kundenbetreuer<\/h3>\t\t\t\t<\/div>\n\t\t\t\t<\/div>\n\t\t\t\t<div class=\"elementor-element elementor-element-cb32403 elementor-widget elementor-widget-text-editor\" data-id=\"cb32403\" data-element_type=\"widget\" data-e-type=\"widget\" data-widget_type=\"text-editor.default\">\n\t\t\t\t<div class=\"elementor-widget-container\">\n\t\t\t\t\t\t\t\t\t<p>Unsere Teams vor Ort sind bestrebt, verl\u00e4ssliche Partnerschaften zwischen Buehler und unseren Kunden aufzubauen und ihnen dauerhaft verl\u00e4ssliche L\u00f6sungen zu liefern. Kundenzufriedenheit ist unsere Priorit\u00e4t. Wenden Sie sich bei Interesse an Trennmaschinen, Schleif- und Polierger\u00e4ten, Einbettpressen, H\u00e4rtepr\u00fcfger\u00e4ten, Mikroskopieger\u00e4ten oder Software f\u00fcr Ihre Anwendung an Ihren <a href=\"https:\/\/www.buehler.com\/contact-us.php\" target=\"_blank\" rel=\"noopener\">Buehler \u2013 Kundenbetreuer<\/a>.<\/p>\t\t\t\t\t\t\t\t<\/div>\n\t\t\t\t<\/div>\n\t\t\t\t<div class=\"elementor-element elementor-element-3d7430e elementor-widget elementor-widget-heading\" data-id=\"3d7430e\" data-element_type=\"widget\" data-e-type=\"widget\" data-widget_type=\"heading.default\">\n\t\t\t\t<div class=\"elementor-widget-container\">\n\t\t\t\t\t<h4 class=\"elementor-heading-title elementor-size-default\">L\u00f6sungen und Kompetenzen f\u00fcr Ihre Anwendung<\/h4>\t\t\t\t<\/div>\n\t\t\t\t<\/div>\n\t\t\t\t<div class=\"elementor-element elementor-element-c94c197 elementor-widget elementor-widget-text-editor\" data-id=\"c94c197\" data-element_type=\"widget\" data-e-type=\"widget\" data-widget_type=\"text-editor.default\">\n\t\t\t\t<div class=\"elementor-widget-container\">\n\t\t\t\t\t\t\t\t\t<p>Die Expertise unserer Materialexperten Dr. Keeble, Dr. Mogire und Dr. Weber und unseres gro\u00dfen Teams von Materialwissenschaftlern in aller Welt in den Bereichen Trennen, Spannen, Schleifen\/Polieren, H\u00e4rtepr\u00fcfung und Bildanalyse garantiert eine besch\u00e4digungsfreie Oberfl\u00e4che Ihrer Probe. Das Buehler <a href=\"https:\/\/www.buehler.com\/contact-lab.php\" target=\"_blank\" rel=\"noopener\">Labor-Team<\/a> unterst\u00fctzt Sie auch bei der Anpassung und Verbesserung Ihrer Prozesse der Probenvorbereitung. Dazu bieten wir ganzj\u00e4hrig auch kostenlose <a href=\"https:\/\/www.buehler.com\/de\/loesungen\/buehler-extras\/webinar-registrierung\/\">Webinare<\/a><a> sowie <\/a><a href=\"https:\/\/www.buehler.com\/de\/loesungen\/buehler-loesungen\/schulung\/\">Kurse<\/a> zur Probenvorbereitung mit Praxisanteil in unseren Niederlassungen auf der ganzen Welt an.<\/p><p>Die Full Lab Solution kann f\u00fcr die folgenden Anwendungen genutzt werden:<\/p><ul style=\"margin-left: 40px;\"><li><a href=\"https:\/\/www.youtube.com\/watch?v=gUKrzRlpmd0&amp;t=13s\" target=\"_blank\" rel=\"noopener\">W\u00e4rmebehandlung<\/a> (Im Video sehen Sie das Kundenlabor in Aktion.)<\/li><li><a href=\"https:\/\/www.buehler.com\/de\/loesungen\/buehler-loesungen\/branchen\/anwendungen-im-automobilbau\/\">Automobilindustrie<\/a><\/li><li><a href=\"https:\/\/www.buehler.com\/de\/loesungen\/buehler-loesungen\/branchen\/anwendungen-in-der-luft-und-raumfahrttechnik\/\">Luft- und Raumfahrtindustrie<\/a><\/li><li><a href=\"https:\/\/www.buehler.com\/de\/loesungen\/buehler-loesungen\/branchen\/anwendungen-in-der-medizintechnik\/\">Medizin<\/a><\/li><li><a href=\"https:\/\/www.buehler.com\/de\/loesungen\/buehler-loesungen\/branchen\/anwendungen-in-der-elektronik\/\">Elektronik<\/a><\/li><li><a href=\"https:\/\/www.buehler.com\/de\/loesungen\/buehler-loesungen\/branchen\/anwendungen-in-der-primaemetallindustrie\/\">Weitere Branchen<\/a><\/li><li><a href=\"https:\/\/www.buehler.com\/de\/loesungen\/buehler-loesungen\/branchen\/anwendungen-in-bildung-forschung-und-entwicklung\/\">Ausbildung\/Forschung &amp; Entwicklung<\/a><\/li><\/ul>\t\t\t\t\t\t\t\t<\/div>\n\t\t\t\t<\/div>\n\t\t\t\t<div class=\"elementor-element elementor-element-09973be elementor-widget elementor-widget-heading\" data-id=\"09973be\" data-element_type=\"widget\" data-e-type=\"widget\" data-widget_type=\"heading.default\">\n\t\t\t\t<div class=\"elementor-widget-container\">\n\t\t\t\t\t<h5 class=\"elementor-heading-title elementor-size-default\">Kundenbetreuung und Support<\/h5>\t\t\t\t<\/div>\n\t\t\t\t<\/div>\n\t\t\t\t<div class=\"elementor-element elementor-element-2902d4c8 elementor-widget elementor-widget-text-editor\" data-id=\"2902d4c8\" data-element_type=\"widget\" data-e-type=\"widget\" data-widget_type=\"text-editor.default\">\n\t\t\t\t<div class=\"elementor-widget-container\">\n\t\t\t\t\t\t\t\t\t<p>Wir unterst\u00fctzen Sie mit unserer Kundenbetreuung, sind f\u00fcr Sie da, wenn eine Reparatur notwendig ist oder wenn Sie Ersatzteile ben\u00f6tigen, bei Garantief\u00e4llen und so fort. Auch die vorbeugende Wartung, die Kalibrierung von Ger\u00e4ten sowie die optische Zertifizierung f\u00fcr Mikroskope und Strichplatten werden von Buehler angeboten. Unsere Servicetechniker unterst\u00fctzen Sie online \u00fcber unsere Case-Management-Plattform <a href=\"https:\/\/www.buehler.com\/service-request_us.php\" target=\"_blank\" rel=\"noopener\">eService<\/a>. Befinden Sie sich einer Region, die von unserem Vertriebsnetz abgedeckt ist, wenden Sie sich bitte an Ihren <a href=\"https:\/\/www.buehler.com\/contact-us.php\" target=\"_blank\" rel=\"noopener\">Au\u00dfendienstmitarbeiter<\/a>.<br \/><br \/><br \/><strong>Schnelle Lieferung von Ausr\u00fcstung und Verbrauchsmaterial<\/strong><br \/>Die heutigen modernen, lebendigen Unternehmen und Institutionen aller Branchen k\u00f6nnen es sich nicht leisten, auf Laborausr\u00fcstung zu warten. Wenn Sie die Ausr\u00fcstung aus der folgenden Liste bestellen, ist Buehler in der Lage, Ihnen innerhalb von vier Wochen ein voll funktionsf\u00e4higes Labor aufzubauen.<\/p><ul class=\"ml-40\"><li><a href=\"https:\/\/www.buehler.com\/de\/produkte\/trennen\/praezisionstrennmaschinen\/isomet-high-speed-und-high-speed-pro-praezisionstrennmaschinen\/\">IsoMet High Speed Pr\u00e4zisionstrennmaschine<\/a><\/li><li><a href=\"https:\/\/www.buehler.com\/de\/produkte\/einbetten\/warmeinbetten\/einbettpresse-simplimet-4000\/\">SimpliMet 4000 Einbettpresse<\/a><\/li><li><a href=\"https:\/\/www.buehler.com\/de\/produkte\/schleifen-und-polieren\/\">AutoMet und EcoMet<\/a> Schleif- und Polierger\u00e4te<\/li><li><a href=\"https:\/\/www.buehler.com\/de\/produkte\/schleifen-und-polieren\/zubehoer-und-verbrauchsmaterialien\/burst-dosiersystem\/\">Burst-Dosiersystem<\/a><\/li><li><a href=\"https:\/\/www.buehler.com\/de\/produkte\/haertepruefung\/automatisierungssoftware\/diamet-software-fu%cc%88r-die-automatische-haertepru%cc%88fung\/\">DiaMet Software f\u00fcr die automatische H\u00e4rtepr\u00fcfung<\/a> und <a href=\"https:\/\/www.buehler.com\/de\/produkte\/bildgebung-und-analyse\/software\/omnimet-digitale-bildauswertung\/\">Bildauswertungs-Software OmniMet<\/a><\/li><li><a href=\"https:\/\/www.buehler.com\/de\/produkte\/haertepruefung\/vickers-knoop-haertepru%cc%88fgeraete\/vickers-knoop-haertepruefgeraete-wilson-vh3100\/\">Vickers- &amp; Knoop-H\u00e4rtepr\u00fcfger\u00e4te Wilson\u00ae VH3100<\/a><\/li><li><a href=\"https:\/\/www.buehler.com\/de\/produkte\/haertepruefung\/rockwell-haertepru%cc%88fer\/wilson-rockwell-574\/\">Wilson\u00ae Rockwell H\u00e4rtepr\u00fcfger\u00e4te Serie 574<\/a><\/li><li><a href=\"https:\/\/www.buehler.com\/de\/produkte\/haertepruefung\/\">H\u00e4rtevergleichsplatten<\/a> und <a href=\"https:\/\/www.buehler.com\/de\/produkte\/verbrauchsmaterialien-fuer-materialvorbereitungstests-und-analysen\/\">Verbrauchsmaterial<\/a><\/li><\/ul><div class=\"mt-10\">Verbrauchsmaterial liefern wir dann, wenn Sie es brauchen. Unsere Onlineshops sind Tag und Nacht ge\u00f6ffnet. Fragen Sie unseren Vertreter vor Ort nach der Adresse unseres Onlineshops. Weitere Informationen zu Verbrauchsmaterial f\u00fcr die Probenvorbereitung oder Zubeh\u00f6rteilen finden Sie in unserem <a href=\"https:\/\/www.calameo.com\/buehler\/read\/00639329159ef70cb47d3\" target=\"_blank\" rel=\"noopener\">Katalog<\/a><a> oder unserem <\/a><a href=\"https:\/\/www.metallographie.biz\/\" target=\"_blank\" rel=\"noopener\">Onlineshop<\/a>.<\/div>\t\t\t\t\t\t\t\t<\/div>\n\t\t\t\t<\/div>\n\t\t\t\t\t<\/div>\n\t\t<\/div>\n\t\t\t\t\t<\/div>\n\t\t<\/section>\n\t\t\t\t<\/div>\n\t\t","protected":false},"excerpt":{"rendered":"<p>Volle Laborl\u00f6sungen Wir sind stolz darauf, Ihnen nun eine vollumf\u00e4ngliche L\u00f6sung f\u00fcr Ihr Labor anzubieten (Full Lab Solution). Sie enth\u00e4lt Ger\u00e4te, die von Buehler entwickelt und hergestellt werden, um die h\u00f6chste Qualit\u00e4t und beste Leistungsf\u00e4higkeit Ihres Labors zu garantieren. Arbeiten Sie mit uns zusammen, wenn Sie ein neues Metallographie-Labor aufbauen m\u00f6chten, mit Ger\u00e4ten, die bei [&hellip;]<\/p>\n","protected":false},"author":1,"featured_media":0,"parent":9641,"menu_order":0,"comment_status":"closed","ping_status":"closed","template":"elementor_header_footer","meta":{"footnotes":""},"class_list":["post-9645","page","type-page","status-publish","hentry"],"_links":{"self":[{"href":"https:\/\/www.buehler.com\/de\/wp-json\/wp\/v2\/pages\/9645","targetHints":{"allow":["GET"]}}],"collection":[{"href":"https:\/\/www.buehler.com\/de\/wp-json\/wp\/v2\/pages"}],"about":[{"href":"https:\/\/www.buehler.com\/de\/wp-json\/wp\/v2\/types\/page"}],"author":[{"embeddable":true,"href":"https:\/\/www.buehler.com\/de\/wp-json\/wp\/v2\/users\/1"}],"replies":[{"embeddable":true,"href":"https:\/\/www.buehler.com\/de\/wp-json\/wp\/v2\/comments?post=9645"}],"version-history":[{"count":21,"href":"https:\/\/www.buehler.com\/de\/wp-json\/wp\/v2\/pages\/9645\/revisions"}],"predecessor-version":[{"id":17986,"href":"https:\/\/www.buehler.com\/de\/wp-json\/wp\/v2\/pages\/9645\/revisions\/17986"}],"up":[{"embeddable":true,"href":"https:\/\/www.buehler.com\/de\/wp-json\/wp\/v2\/pages\/9641"}],"wp:attachment":[{"href":"https:\/\/www.buehler.com\/de\/wp-json\/wp\/v2\/media?parent=9645"}],"curies":[{"name":"wp","href":"https:\/\/api.w.org\/{rel}","templated":true}]}}