{"id":9641,"date":"2021-10-21T11:13:53","date_gmt":"2021-10-21T09:13:53","guid":{"rendered":"https:\/\/buehler.com\/de\/?page_id=9641"},"modified":"2025-05-14T13:17:35","modified_gmt":"2025-05-14T11:17:35","slug":"buehler-loesungen","status":"publish","type":"page","link":"https:\/\/www.buehler.com\/de\/loesungen\/buehler-loesungen\/","title":{"rendered":"Buehler L\u00f6sungen"},"content":{"rendered":"\t\t<div data-elementor-type=\"wp-page\" data-elementor-id=\"9641\" class=\"elementor elementor-9641\" data-elementor-post-type=\"page\">\n\t\t\t\t\t\t<section data-particle_enable=\"false\" data-particle-mobile-disabled=\"false\" class=\"elementor-section elementor-top-section elementor-element elementor-element-77d4b587 elementor-section-content-middle elementor-section-height-min-height elementor-section-boxed elementor-section-height-default elementor-section-items-middle\" data-id=\"77d4b587\" data-element_type=\"section\" data-e-type=\"section\" data-settings=\"{&quot;background_background&quot;:&quot;classic&quot;}\">\n\t\t\t\t\t\t\t<div class=\"elementor-background-overlay\"><\/div>\n\t\t\t\t\t\t\t<div class=\"elementor-container elementor-column-gap-no\">\n\t\t\t\t\t<div class=\"elementor-column elementor-col-100 elementor-top-column elementor-element elementor-element-421a7b4b\" data-id=\"421a7b4b\" data-element_type=\"column\" data-e-type=\"column\">\n\t\t\t<div class=\"elementor-widget-wrap elementor-element-populated\">\n\t\t\t\t\t\t<div class=\"elementor-element elementor-element-25f39a01 elementor-widget elementor-widget-heading\" data-id=\"25f39a01\" data-element_type=\"widget\" data-e-type=\"widget\" data-widget_type=\"heading.default\">\n\t\t\t\t<div class=\"elementor-widget-container\">\n\t\t\t\t\t<h1 class=\"elementor-heading-title elementor-size-default\">Buehler L\u00f6sungen<\/h1>\t\t\t\t<\/div>\n\t\t\t\t<\/div>\n\t\t\t\t<div class=\"elementor-element elementor-element-48538c02 elementor-widget elementor-widget-text-editor\" data-id=\"48538c02\" data-element_type=\"widget\" data-e-type=\"widget\" data-widget_type=\"text-editor.default\">\n\t\t\t\t<div class=\"elementor-widget-container\">\n\t\t\t\t\t\t\t\t\t<p>Finden Sie umfassende L\u00f6sungen f\u00fcr die Laborindustrie f\u00fcr Ihre Anwendungen. Melden Sie sich f\u00fcr die Buehler SumMet-Schulung an oder finden Sie eine bestimmte Methode, indem Sie nach Ihrem Material suchen.<\/p>\t\t\t\t\t\t\t\t<\/div>\n\t\t\t\t<\/div>\n\t\t\t\t<div class=\"elementor-element elementor-element-5308c736 elementor-align-center elementor-widget elementor-widget-button\" data-id=\"5308c736\" data-element_type=\"widget\" data-e-type=\"widget\" data-widget_type=\"button.default\">\n\t\t\t\t<div class=\"elementor-widget-container\">\n\t\t\t\t\t\t\t\t\t<div class=\"elementor-button-wrapper\">\n\t\t\t\t\t<a class=\"elementor-button elementor-button-link elementor-size-sm elementor-animation-shrink\" href=\"#more\">\n\t\t\t\t\t\t<span class=\"elementor-button-content-wrapper\">\n\t\t\t\t\t\t\t\t\t<span class=\"elementor-button-text\">Finde eine L\u00f6sung<\/span>\n\t\t\t\t\t<\/span>\n\t\t\t\t\t<\/a>\n\t\t\t\t<\/div>\n\t\t\t\t\t\t\t\t<\/div>\n\t\t\t\t<\/div>\n\t\t\t\t\t<\/div>\n\t\t<\/div>\n\t\t\t\t\t<\/div>\n\t\t<\/section>\n\t\t\t\t<section data-particle_enable=\"false\" data-particle-mobile-disabled=\"false\" data-uael-partstyle=\"nasa\" data-uael-partcolor=\"\" data-uael-partopacity=\"\" data-uael-partdirection=\"bottom\" class=\"elementor-section elementor-top-section elementor-element elementor-element-1236ef39 elementor-section-full_width uael-particle-yes elementor-section-height-default elementor-section-height-default\" data-id=\"1236ef39\" data-element_type=\"section\" data-e-type=\"section\" id=\"more\">\n\t\t\t\t\t\t<div class=\"elementor-container elementor-column-gap-default\">\n\t\t\t\t\t<div class=\"elementor-column elementor-col-100 elementor-top-column elementor-element elementor-element-4d6e63a3\" data-id=\"4d6e63a3\" data-element_type=\"column\" data-e-type=\"column\" data-settings=\"{&quot;background_background&quot;:&quot;classic&quot;}\">\n\t\t\t<div class=\"elementor-widget-wrap elementor-element-populated\">\n\t\t\t\t\t\t<div class=\"elementor-element elementor-element-3bcd02e4 elementor-widget elementor-widget-heading\" data-id=\"3bcd02e4\" data-element_type=\"widget\" data-e-type=\"widget\" data-widget_type=\"heading.default\">\n\t\t\t\t<div class=\"elementor-widget-container\">\n\t\t\t\t\t<h2 class=\"elementor-heading-title elementor-size-default\">Finden Sie die Branchenl\u00f6sung f\u00fcr Ihre Anwendung<\/h2>\t\t\t\t<\/div>\n\t\t\t\t<\/div>\n\t\t\t\t<div class=\"elementor-element elementor-element-dbec471 elementor-widget elementor-widget-text-editor\" data-id=\"dbec471\" data-element_type=\"widget\" data-e-type=\"widget\" data-widget_type=\"text-editor.default\">\n\t\t\t\t<div class=\"elementor-widget-container\">\n\t\t\t\t\t\t\t\t\t<p>Wenn Versagen keine Option ist und Validierung alles ist, arbeiten Sie mit Buehler zusammen, dem f\u00fchrenden Anbieter von Materialpr\u00fcfger\u00e4ten und -l\u00f6sungen seit 1936. Heute arbeiten wir weiterhin mit f\u00fchrenden Herstellern und Forschungszentren zusammen, die an der Spitze der Materialpr\u00fcfung stehen: Additive und 3D-gedruckte Teile, Leichtbau, Nanomaterialien, Verbundwerkstoffe, Elektrofahrzeugtechnologien, flexible Elektronik und Lithiumbatterien, um nur einige zu nennen. Lassen Sie uns wissen, wie wir Ihre Qualit\u00e4t in der Mikrostrukturanalyse durch unsere Prozess\u00fcberpr\u00fcfung durch Experten sicherstellen k\u00f6nnen, bevor Sie Ihr n\u00e4chstes Labor starten oder die Ergebnisse des aktuellen Labors verbessern.<\/p>\t\t\t\t\t\t\t\t<\/div>\n\t\t\t\t<\/div>\n\t\t\t\t\t<\/div>\n\t\t<\/div>\n\t\t\t\t\t<\/div>\n\t\t<\/section>\n\t\t\t\t<section data-particle_enable=\"false\" data-particle-mobile-disabled=\"false\" data-uael-partstyle=\"nasa\" data-uael-partcolor=\"\" data-uael-partopacity=\"\" data-uael-partdirection=\"bottom\" class=\"elementor-section elementor-top-section elementor-element elementor-element-1168adc9 elementor-section-full_width uael-particle-yes elementor-section-height-default elementor-section-height-default uael-particle-adv-no\" data-id=\"1168adc9\" data-element_type=\"section\" data-e-type=\"section\" data-settings=\"{&quot;background_background&quot;:&quot;classic&quot;}\">\n\t\t\t\t\t\t<div class=\"elementor-container elementor-column-gap-default\">\n\t\t\t\t\t<div class=\"elementor-column elementor-col-100 elementor-top-column elementor-element elementor-element-1e985d56\" data-id=\"1e985d56\" data-element_type=\"column\" data-e-type=\"column\">\n\t\t\t<div class=\"elementor-widget-wrap elementor-element-populated\">\n\t\t\t\t\t\t<section data-particle_enable=\"false\" data-particle-mobile-disabled=\"false\" class=\"elementor-section elementor-inner-section elementor-element elementor-element-313b6983 elementor-section-full_width elementor-section-height-default elementor-section-height-default\" data-id=\"313b6983\" data-element_type=\"section\" data-e-type=\"section\">\n\t\t\t\t\t\t<div class=\"elementor-container elementor-column-gap-default\">\n\t\t\t\t\t<div class=\"elementor-column elementor-col-50 elementor-inner-column elementor-element elementor-element-4008079\" data-id=\"4008079\" data-element_type=\"column\" data-e-type=\"column\" data-settings=\"{&quot;background_background&quot;:&quot;classic&quot;}\">\n\t\t\t<div class=\"elementor-widget-wrap elementor-element-populated\">\n\t\t\t\t\t\t<div class=\"elementor-element elementor-element-2f0accd5 elementor-widget elementor-widget-heading\" data-id=\"2f0accd5\" data-element_type=\"widget\" data-e-type=\"widget\" data-widget_type=\"heading.default\">\n\t\t\t\t<div class=\"elementor-widget-container\">\n\t\t\t\t\t<h3 class=\"elementor-heading-title elementor-size-default\">Branchen <\/h3>\t\t\t\t<\/div>\n\t\t\t\t<\/div>\n\t\t\t\t<div class=\"elementor-element elementor-element-53adca96 elementor-widget elementor-widget-text-editor\" data-id=\"53adca96\" data-element_type=\"widget\" data-e-type=\"widget\" data-widget_type=\"text-editor.default\">\n\t\t\t\t<div class=\"elementor-widget-container\">\n\t\t\t\t\t\t\t\t\t<p><img fetchpriority=\"high\" decoding=\"async\" class=\"alignleft wp-image-1704 size-medium\" src=\"https:\/\/www.buehler.com\/de\/wp-content\/uploads\/2021\/08\/Falcon-Heavy-defense-and-space-industry-1-300x169.jpg\" alt=\"Defense and Space Industry\" width=\"300\" height=\"169\" srcset=\"https:\/\/www.buehler.com\/de\/wp-content\/uploads\/sites\/9\/2021\/08\/Falcon-Heavy-defense-and-space-industry-1-300x169.jpg 300w, https:\/\/www.buehler.com\/de\/wp-content\/uploads\/sites\/9\/2021\/08\/Falcon-Heavy-defense-and-space-industry-1.jpg 640w\" sizes=\"(max-width: 300px) 100vw, 300px\" \/>Wenn Versagen keine Option ist und Validierung alles ist, arbeiten Sie mit Buehler zusammen, dem f\u00fchrenden Anbieter von Materialpr\u00fcfger\u00e4ten und -l\u00f6sungen seit 1936. Heute arbeiten wir weiterhin mit f\u00fchrenden Herstellern und Forschungszentren zusammen, die an der Spitze der Materialpr\u00fcfung stehen: Additive und 3D-gedruckte Teile, Leichtbau, Nanomaterialien, Verbundwerkstoffe, Elektrofahrzeugtechnologien, flexible Elektronik und Lithiumbatterien, um nur einige zu nennen.<\/p>\t\t\t\t\t\t\t\t<\/div>\n\t\t\t\t<\/div>\n\t\t\t\t<div class=\"elementor-element elementor-element-45358189 elementor-align-justify elementor-widget elementor-widget-button\" data-id=\"45358189\" data-element_type=\"widget\" data-e-type=\"widget\" data-widget_type=\"button.default\">\n\t\t\t\t<div class=\"elementor-widget-container\">\n\t\t\t\t\t\t\t\t\t<div class=\"elementor-button-wrapper\">\n\t\t\t\t\t<a class=\"elementor-button elementor-button-link elementor-size-sm elementor-animation-shrink\" href=\"https:\/\/www.buehler.com\/de\/loesungen\/buehler-loesungen\/branchen\/\">\n\t\t\t\t\t\t<span class=\"elementor-button-content-wrapper\">\n\t\t\t\t\t\t\t\t\t<span class=\"elementor-button-text\">Mehr<\/span>\n\t\t\t\t\t<\/span>\n\t\t\t\t\t<\/a>\n\t\t\t\t<\/div>\n\t\t\t\t\t\t\t\t<\/div>\n\t\t\t\t<\/div>\n\t\t\t\t\t<\/div>\n\t\t<\/div>\n\t\t\t\t<div class=\"elementor-column elementor-col-50 elementor-inner-column elementor-element elementor-element-23f2098c\" data-id=\"23f2098c\" data-element_type=\"column\" data-e-type=\"column\" data-settings=\"{&quot;background_background&quot;:&quot;classic&quot;}\">\n\t\t\t<div class=\"elementor-widget-wrap elementor-element-populated\">\n\t\t\t\t\t\t<div class=\"elementor-element elementor-element-247f245 elementor-widget elementor-widget-heading\" data-id=\"247f245\" data-element_type=\"widget\" data-e-type=\"widget\" data-widget_type=\"heading.default\">\n\t\t\t\t<div class=\"elementor-widget-container\">\n\t\t\t\t\t<h3 class=\"elementor-heading-title elementor-size-default\">Volle Laborl\u00f6sungen<\/h3>\t\t\t\t<\/div>\n\t\t\t\t<\/div>\n\t\t\t\t<div class=\"elementor-element elementor-element-6e9cb681 elementor-widget elementor-widget-text-editor\" data-id=\"6e9cb681\" data-element_type=\"widget\" data-e-type=\"widget\" data-widget_type=\"text-editor.default\">\n\t\t\t\t<div class=\"elementor-widget-container\">\n\t\t\t\t\t\t\t\t\t<p><img decoding=\"async\" class=\"alignleft wp-image-11850 size-medium\" src=\"https:\/\/www.buehler.com\/de\/wp-content\/uploads\/2021\/11\/Full-Lab-Solutions-300x169.jpg\" alt=\"Full Lab Solutions\" width=\"300\" height=\"169\" srcset=\"https:\/\/www.buehler.com\/de\/wp-content\/uploads\/sites\/9\/2021\/11\/Full-Lab-Solutions-300x169.jpg 300w, https:\/\/www.buehler.com\/de\/wp-content\/uploads\/sites\/9\/2021\/11\/Full-Lab-Solutions.jpg 640w\" sizes=\"(max-width: 300px) 100vw, 300px\" \/>Wir sind stolz darauf, die komplette Full Lab Solution mit Ger\u00e4ten anbieten zu k\u00f6nnen, die von Buehler entwickelt und hergestellt wurden, um die h\u00f6chste Qualit\u00e4t und h\u00f6chste Leistung Ihres Labors zu gew\u00e4hrleisten. Lassen Sie sich von Buehler beim Aufbau eines neuen metallografischen Labors mit Ger\u00e4ten unterst\u00fctzen, die Wiederholbarkeit und Zuverl\u00e4ssigkeit bei der Qualit\u00e4tskontrolle oder dem Inspektionstestprozess gew\u00e4hrleisten.<\/p>\t\t\t\t\t\t\t\t<\/div>\n\t\t\t\t<\/div>\n\t\t\t\t<div class=\"elementor-element elementor-element-2155ccf elementor-hidden-tablet elementor-hidden-mobile elementor-widget elementor-widget-spacer\" data-id=\"2155ccf\" data-element_type=\"widget\" data-e-type=\"widget\" data-widget_type=\"spacer.default\">\n\t\t\t\t<div class=\"elementor-widget-container\">\n\t\t\t\t\t\t\t<div class=\"elementor-spacer\">\n\t\t\t<div class=\"elementor-spacer-inner\"><\/div>\n\t\t<\/div>\n\t\t\t\t\t\t<\/div>\n\t\t\t\t<\/div>\n\t\t\t\t<div class=\"elementor-element elementor-element-587b48e7 elementor-align-justify elementor-widget elementor-widget-button\" data-id=\"587b48e7\" data-element_type=\"widget\" data-e-type=\"widget\" data-widget_type=\"button.default\">\n\t\t\t\t<div class=\"elementor-widget-container\">\n\t\t\t\t\t\t\t\t\t<div class=\"elementor-button-wrapper\">\n\t\t\t\t\t<a class=\"elementor-button elementor-button-link elementor-size-sm elementor-animation-shrink\" href=\"https:\/\/www.buehler.com\/de\/loesungen\/buehler-loesungen\/volle-laborloesungen\/\">\n\t\t\t\t\t\t<span class=\"elementor-button-content-wrapper\">\n\t\t\t\t\t\t\t\t\t<span class=\"elementor-button-text\">Mehr<\/span>\n\t\t\t\t\t<\/span>\n\t\t\t\t\t<\/a>\n\t\t\t\t<\/div>\n\t\t\t\t\t\t\t\t<\/div>\n\t\t\t\t<\/div>\n\t\t\t\t\t<\/div>\n\t\t<\/div>\n\t\t\t\t\t<\/div>\n\t\t<\/section>\n\t\t\t\t<section data-particle_enable=\"false\" data-particle-mobile-disabled=\"false\" class=\"elementor-section elementor-inner-section elementor-element elementor-element-21e021ac elementor-section-full_width elementor-section-height-default elementor-section-height-default\" data-id=\"21e021ac\" data-element_type=\"section\" data-e-type=\"section\">\n\t\t\t\t\t\t<div class=\"elementor-container elementor-column-gap-default\">\n\t\t\t\t\t<div class=\"elementor-column elementor-col-50 elementor-inner-column elementor-element elementor-element-3177f734\" data-id=\"3177f734\" data-element_type=\"column\" data-e-type=\"column\" data-settings=\"{&quot;background_background&quot;:&quot;classic&quot;}\">\n\t\t\t<div class=\"elementor-widget-wrap elementor-element-populated\">\n\t\t\t\t\t\t<div class=\"elementor-element elementor-element-40f7365 elementor-widget elementor-widget-heading\" data-id=\"40f7365\" data-element_type=\"widget\" data-e-type=\"widget\" data-widget_type=\"heading.default\">\n\t\t\t\t<div class=\"elementor-widget-container\">\n\t\t\t\t\t<h3 class=\"elementor-heading-title elementor-size-default\">Pr\u00e4parationsmethoden<\/h3>\t\t\t\t<\/div>\n\t\t\t\t<\/div>\n\t\t\t\t<div class=\"elementor-element elementor-element-1073e9d1 elementor-widget elementor-widget-text-editor\" data-id=\"1073e9d1\" data-element_type=\"widget\" data-e-type=\"widget\" data-widget_type=\"text-editor.default\">\n\t\t\t\t<div class=\"elementor-widget-container\">\n\t\t\t\t\t\t\t\t\t<p><img decoding=\"async\" class=\"alignleft wp-image-11860 size-medium\" src=\"https:\/\/www.buehler.com\/de\/wp-content\/uploads\/2021\/11\/Periodic-table-nickel-copper-zinc-palladium-silver-cadmium-300x169.jpg\" alt=\"Methods by Materials Periodic Table of Elements\" width=\"300\" height=\"169\" srcset=\"https:\/\/www.buehler.com\/de\/wp-content\/uploads\/sites\/9\/2021\/11\/Periodic-table-nickel-copper-zinc-palladium-silver-cadmium-300x169.jpg 300w, https:\/\/www.buehler.com\/de\/wp-content\/uploads\/sites\/9\/2021\/11\/Periodic-table-nickel-copper-zinc-palladium-silver-cadmium.jpg 640w\" sizes=\"(max-width: 300px) 100vw, 300px\" \/>Suchen Sie nach einer Anwendung, die genau Ihren Materialanforderungen entspricht.<\/p>\t\t\t\t\t\t\t\t<\/div>\n\t\t\t\t<\/div>\n\t\t\t\t<div class=\"elementor-element elementor-element-766b8386 elementor-align-justify elementor-widget elementor-widget-button\" data-id=\"766b8386\" data-element_type=\"widget\" data-e-type=\"widget\" data-widget_type=\"button.default\">\n\t\t\t\t<div class=\"elementor-widget-container\">\n\t\t\t\t\t\t\t\t\t<div class=\"elementor-button-wrapper\">\n\t\t\t\t\t<a class=\"elementor-button elementor-button-link elementor-size-sm elementor-animation-shrink\" href=\"https:\/\/www.buehler.com\/de\/loesungen\/buehler-loesungen\/praeparationsmethoden\/\">\n\t\t\t\t\t\t<span class=\"elementor-button-content-wrapper\">\n\t\t\t\t\t\t\t\t\t<span class=\"elementor-button-text\">Mehr<\/span>\n\t\t\t\t\t<\/span>\n\t\t\t\t\t<\/a>\n\t\t\t\t<\/div>\n\t\t\t\t\t\t\t\t<\/div>\n\t\t\t\t<\/div>\n\t\t\t\t\t<\/div>\n\t\t<\/div>\n\t\t\t\t<div class=\"elementor-column elementor-col-50 elementor-inner-column elementor-element elementor-element-5d92dfd3\" data-id=\"5d92dfd3\" data-element_type=\"column\" data-e-type=\"column\" data-settings=\"{&quot;background_background&quot;:&quot;classic&quot;}\">\n\t\t\t<div class=\"elementor-widget-wrap elementor-element-populated\">\n\t\t\t\t\t\t<div class=\"elementor-element elementor-element-545d71c0 elementor-widget elementor-widget-heading\" data-id=\"545d71c0\" data-element_type=\"widget\" data-e-type=\"widget\" data-widget_type=\"heading.default\">\n\t\t\t\t<div class=\"elementor-widget-container\">\n\t\t\t\t\t<h3 class=\"elementor-heading-title elementor-size-default\">Schulung<\/h3>\t\t\t\t<\/div>\n\t\t\t\t<\/div>\n\t\t\t\t<div class=\"elementor-element elementor-element-58bc1b2b elementor-widget elementor-widget-text-editor\" data-id=\"58bc1b2b\" data-element_type=\"widget\" data-e-type=\"widget\" data-widget_type=\"text-editor.default\">\n\t\t\t\t<div class=\"elementor-widget-container\">\n\t\t\t\t\t\t\t\t\t<p><img loading=\"lazy\" decoding=\"async\" class=\"alignleft wp-image-11866 size-medium\" src=\"https:\/\/www.buehler.com\/de\/wp-content\/uploads\/2021\/11\/Buehler-2022-Microstructure-Calendar-winner-300x169.jpg\" alt=\"Buehler 2022 Microstructure Calendar winner\" width=\"300\" height=\"169\" srcset=\"https:\/\/www.buehler.com\/de\/wp-content\/uploads\/sites\/9\/2021\/11\/Buehler-2022-Microstructure-Calendar-winner-300x169.jpg 300w, https:\/\/www.buehler.com\/de\/wp-content\/uploads\/sites\/9\/2021\/11\/Buehler-2022-Microstructure-Calendar-winner.jpg 640w\" sizes=\"(max-width: 300px) 100vw, 300px\" \/>Ein dreit\u00e4giger Kurs, der sich sowohl an Metallographen ohne formale Ausbildung als auch an erfahrene Metallographen richtet, die die neuesten Pr\u00e4parationstechniken erlernen m\u00f6chten. Die Grundlagen des Trennens, Einbettens, Schleifens und Polierens werden in diesem Kurs in Theorie und Praxis behandelt und basieren auf den bei Buehler entwickelten SumMet-Methoden.<\/p>\t\t\t\t\t\t\t\t<\/div>\n\t\t\t\t<\/div>\n\t\t\t\t<div class=\"elementor-element elementor-element-1b5c4e22 elementor-align-justify elementor-widget elementor-widget-button\" data-id=\"1b5c4e22\" data-element_type=\"widget\" data-e-type=\"widget\" data-widget_type=\"button.default\">\n\t\t\t\t<div class=\"elementor-widget-container\">\n\t\t\t\t\t\t\t\t\t<div class=\"elementor-button-wrapper\">\n\t\t\t\t\t<a class=\"elementor-button elementor-button-link elementor-size-sm elementor-animation-shrink\" href=\"https:\/\/www.buehler.com\/de\/loesungen\/buehler-loesungen\/schulung\/\">\n\t\t\t\t\t\t<span class=\"elementor-button-content-wrapper\">\n\t\t\t\t\t\t\t\t\t<span class=\"elementor-button-text\">Mehr<\/span>\n\t\t\t\t\t<\/span>\n\t\t\t\t\t<\/a>\n\t\t\t\t<\/div>\n\t\t\t\t\t\t\t\t<\/div>\n\t\t\t\t<\/div>\n\t\t\t\t\t<\/div>\n\t\t<\/div>\n\t\t\t\t\t<\/div>\n\t\t<\/section>\n\t\t\t\t<section data-particle_enable=\"false\" data-particle-mobile-disabled=\"false\" class=\"elementor-section elementor-inner-section elementor-element elementor-element-41519b8c elementor-section-full_width elementor-section-height-default elementor-section-height-default\" data-id=\"41519b8c\" data-element_type=\"section\" data-e-type=\"section\">\n\t\t\t\t\t\t<div class=\"elementor-container elementor-column-gap-default\">\n\t\t\t\t\t<div class=\"elementor-column elementor-col-50 elementor-inner-column elementor-element elementor-element-159f391f\" data-id=\"159f391f\" data-element_type=\"column\" data-e-type=\"column\" data-settings=\"{&quot;background_background&quot;:&quot;classic&quot;}\">\n\t\t\t<div class=\"elementor-widget-wrap elementor-element-populated\">\n\t\t\t\t\t\t<div class=\"elementor-element elementor-element-4ad38461 elementor-widget elementor-widget-heading\" data-id=\"4ad38461\" data-element_type=\"widget\" data-e-type=\"widget\" data-widget_type=\"heading.default\">\n\t\t\t\t<div class=\"elementor-widget-container\">\n\t\t\t\t\t<h3 class=\"elementor-heading-title elementor-size-default\">Nachhaltigen Lieferketten<\/h3>\t\t\t\t<\/div>\n\t\t\t\t<\/div>\n\t\t\t\t<div class=\"elementor-element elementor-element-7b960a46 elementor-widget elementor-widget-text-editor\" data-id=\"7b960a46\" data-element_type=\"widget\" data-e-type=\"widget\" data-widget_type=\"text-editor.default\">\n\t\t\t\t<div class=\"elementor-widget-container\">\n\t\t\t\t\t\t\t\t\t<p><img loading=\"lazy\" decoding=\"async\" class=\"alignleft wp-image-11875 size-medium\" src=\"https:\/\/www.buehler.com\/de\/wp-content\/uploads\/2021\/11\/Buehler-Green-Logo-01-300x214.png\" alt=\"Buehler Sustainable Supplies Green Logo\" width=\"300\" height=\"214\" srcset=\"https:\/\/www.buehler.com\/de\/wp-content\/uploads\/sites\/9\/2021\/11\/Buehler-Green-Logo-01-300x214.png 300w, https:\/\/www.buehler.com\/de\/wp-content\/uploads\/sites\/9\/2021\/11\/Buehler-Green-Logo-01-1024x730.png 1024w, https:\/\/www.buehler.com\/de\/wp-content\/uploads\/sites\/9\/2021\/11\/Buehler-Green-Logo-01-768x548.png 768w, https:\/\/www.buehler.com\/de\/wp-content\/uploads\/sites\/9\/2021\/11\/Buehler-Green-Logo-01-1536x1096.png 1536w, https:\/\/www.buehler.com\/de\/wp-content\/uploads\/sites\/9\/2021\/11\/Buehler-Green-Logo-01.png 2037w\" sizes=\"(max-width: 300px) 100vw, 300px\" \/>Bei Buehler sch\u00e4tzen wir die Gesundheit, Sicherheit und das Engagement unserer Kunden als oberste Priorit\u00e4t. Wir befolgen konsequent einen Kundenfeedbackprozess, um die spezifischen Bed\u00fcrfnisse unserer Kunden in verschiedenen Regionen, Branchen und Anwendungen zu verstehen und zu unterst\u00fctzen. Dadurch haben wir den gestiegenen Bedarf erkannt, Produkte und L\u00f6sungen anzubieten, die die Auswirkungen auf die Umwelt minimieren, Abfall reduzieren, Betriebskosten einsparen und Gesundheitsrisiken f\u00fcr Benutzer minimieren.<\/p>\t\t\t\t\t\t\t\t<\/div>\n\t\t\t\t<\/div>\n\t\t\t\t<div class=\"elementor-element elementor-element-27509901 elementor-align-justify elementor-widget elementor-widget-button\" data-id=\"27509901\" data-element_type=\"widget\" data-e-type=\"widget\" data-widget_type=\"button.default\">\n\t\t\t\t<div class=\"elementor-widget-container\">\n\t\t\t\t\t\t\t\t\t<div class=\"elementor-button-wrapper\">\n\t\t\t\t\t<a class=\"elementor-button elementor-button-link elementor-size-sm elementor-animation-shrink\" href=\"https:\/\/www.buehler.com\/de\/loesungen\/buehler-loesungen\/nachhaltige-langlebige-metallurgische-produkte\/\">\n\t\t\t\t\t\t<span class=\"elementor-button-content-wrapper\">\n\t\t\t\t\t\t\t\t\t<span class=\"elementor-button-text\">Mehr<\/span>\n\t\t\t\t\t<\/span>\n\t\t\t\t\t<\/a>\n\t\t\t\t<\/div>\n\t\t\t\t\t\t\t\t<\/div>\n\t\t\t\t<\/div>\n\t\t\t\t\t<\/div>\n\t\t<\/div>\n\t\t\t\t<div class=\"elementor-column elementor-col-50 elementor-inner-column elementor-element elementor-element-1796193f\" data-id=\"1796193f\" data-element_type=\"column\" data-e-type=\"column\" data-settings=\"{&quot;background_background&quot;:&quot;classic&quot;}\">\n\t\t\t<div class=\"elementor-widget-wrap\">\n\t\t\t\t\t\t\t<\/div>\n\t\t<\/div>\n\t\t\t\t\t<\/div>\n\t\t<\/section>\n\t\t\t\t\t<\/div>\n\t\t<\/div>\n\t\t\t\t\t<\/div>\n\t\t<\/section>\n\t\t\t\t<\/div>\n\t\t","protected":false},"excerpt":{"rendered":"<p>Buehler L\u00f6sungen Finden Sie umfassende L\u00f6sungen f\u00fcr die Laborindustrie f\u00fcr Ihre Anwendungen. Melden Sie sich f\u00fcr die Buehler SumMet-Schulung an oder finden Sie eine bestimmte Methode, indem Sie nach Ihrem Material suchen. Finde eine L\u00f6sung Finden Sie die Branchenl\u00f6sung f\u00fcr Ihre Anwendung Wenn Versagen keine Option ist und Validierung alles ist, arbeiten Sie mit Buehler [&hellip;]<\/p>\n","protected":false},"author":1,"featured_media":0,"parent":7,"menu_order":0,"comment_status":"closed","ping_status":"closed","template":"","meta":{"footnotes":""},"class_list":["post-9641","page","type-page","status-publish","hentry"],"_links":{"self":[{"href":"https:\/\/www.buehler.com\/de\/wp-json\/wp\/v2\/pages\/9641","targetHints":{"allow":["GET"]}}],"collection":[{"href":"https:\/\/www.buehler.com\/de\/wp-json\/wp\/v2\/pages"}],"about":[{"href":"https:\/\/www.buehler.com\/de\/wp-json\/wp\/v2\/types\/page"}],"author":[{"embeddable":true,"href":"https:\/\/www.buehler.com\/de\/wp-json\/wp\/v2\/users\/1"}],"replies":[{"embeddable":true,"href":"https:\/\/www.buehler.com\/de\/wp-json\/wp\/v2\/comments?post=9641"}],"version-history":[{"count":41,"href":"https:\/\/www.buehler.com\/de\/wp-json\/wp\/v2\/pages\/9641\/revisions"}],"predecessor-version":[{"id":22396,"href":"https:\/\/www.buehler.com\/de\/wp-json\/wp\/v2\/pages\/9641\/revisions\/22396"}],"up":[{"embeddable":true,"href":"https:\/\/www.buehler.com\/de\/wp-json\/wp\/v2\/pages\/7"}],"wp:attachment":[{"href":"https:\/\/www.buehler.com\/de\/wp-json\/wp\/v2\/media?parent=9641"}],"curies":[{"name":"wp","href":"https:\/\/api.w.org\/{rel}","templated":true}]}}