{"id":9627,"date":"2021-10-21T11:04:05","date_gmt":"2021-10-21T09:04:05","guid":{"rendered":"https:\/\/buehler.com\/de\/?page_id=9627"},"modified":"2022-05-26T16:31:50","modified_gmt":"2022-05-26T14:31:50","slug":"service-kalibrierung","status":"publish","type":"page","link":"https:\/\/www.buehler.com\/de\/service\/service-kalibrierung\/","title":{"rendered":"Service-Kalibrierung"},"content":{"rendered":"\t\t<div data-elementor-type=\"wp-page\" data-elementor-id=\"9627\" class=\"elementor elementor-9627\" data-elementor-post-type=\"page\">\n\t\t\t\t\t\t<section data-particle_enable=\"false\" data-particle-mobile-disabled=\"false\" class=\"elementor-section elementor-top-section elementor-element elementor-element-3a3e10fa elementor-section-full_width elementor-section-height-min-height elementor-section-height-default elementor-section-items-middle\" data-id=\"3a3e10fa\" data-element_type=\"section\" data-e-type=\"section\" data-settings=\"{&quot;background_background&quot;:&quot;classic&quot;}\">\n\t\t\t\t\t\t<div class=\"elementor-container elementor-column-gap-default\">\n\t\t\t\t\t<div class=\"elementor-column elementor-col-100 elementor-top-column elementor-element elementor-element-157378cc\" data-id=\"157378cc\" data-element_type=\"column\" data-e-type=\"column\">\n\t\t\t<div class=\"elementor-widget-wrap elementor-element-populated\">\n\t\t\t\t\t\t<div class=\"elementor-element elementor-element-76ff9c58 elementor-widget elementor-widget-heading\" data-id=\"76ff9c58\" data-element_type=\"widget\" data-e-type=\"widget\" data-widget_type=\"heading.default\">\n\t\t\t\t<div class=\"elementor-widget-container\">\n\t\t\t\t\t<h1 class=\"elementor-heading-title elementor-size-default\">Service-Kalibrierung<\/h1>\t\t\t\t<\/div>\n\t\t\t\t<\/div>\n\t\t\t\t\t<\/div>\n\t\t<\/div>\n\t\t\t\t\t<\/div>\n\t\t<\/section>\n\t\t\t\t<section data-particle_enable=\"false\" data-particle-mobile-disabled=\"false\" class=\"elementor-section elementor-top-section elementor-element elementor-element-6da99ad6 elementor-section-boxed elementor-section-height-default elementor-section-height-default\" data-id=\"6da99ad6\" data-element_type=\"section\" data-e-type=\"section\">\n\t\t\t\t\t\t<div class=\"elementor-container elementor-column-gap-default\">\n\t\t\t\t\t<div class=\"elementor-column elementor-col-100 elementor-top-column elementor-element elementor-element-5a544d4e\" data-id=\"5a544d4e\" data-element_type=\"column\" data-e-type=\"column\">\n\t\t\t<div class=\"elementor-widget-wrap elementor-element-populated\">\n\t\t\t\t\t\t<div class=\"elementor-element elementor-element-60be665d elementor-widget-divider--view-line_text elementor-widget-divider--element-align-center elementor-widget elementor-widget-divider\" data-id=\"60be665d\" data-element_type=\"widget\" data-e-type=\"widget\" data-widget_type=\"divider.default\">\n\t\t\t\t<div class=\"elementor-widget-container\">\n\t\t\t\t\t\t\t<div class=\"elementor-divider\">\n\t\t\t<span class=\"elementor-divider-separator\">\n\t\t\t\t\t\t\t<h2 class=\"elementor-divider__text elementor-divider__element\">\n\t\t\t\tKalibrierung gef\u00e4llig? Fragen Sie das Team, das Ihr Pr\u00fcfger\u00e4t am besten kennt!\t\t\t\t<\/h2>\n\t\t\t\t\t\t<\/span>\n\t\t<\/div>\n\t\t\t\t\t\t<\/div>\n\t\t\t\t<\/div>\n\t\t\t\t<div class=\"elementor-element elementor-element-3d9a32b1 elementor-widget elementor-widget-text-editor\" data-id=\"3d9a32b1\" data-element_type=\"widget\" data-e-type=\"widget\" data-widget_type=\"text-editor.default\">\n\t\t\t\t<div class=\"elementor-widget-container\">\n\t\t\t\t\t\t\t\t\t<p>Die Kalibrierung von H\u00e4rtepr\u00fcfger\u00e4ten ist ganz entscheidend, um die Genauigkeit der Pr\u00fcfergebnisse auf Dauer zu erhalten. Die erfahrenen Servicetechniker von Buehler kalibrieren Ihre Ger\u00e4te mit akribischer Sorgfalt und genau zum richtigen Zeitpunkt, damit Sie den Kopf frei haben f\u00fcr Ihre t\u00e4gliche Arbeit. In dem Wissen, mit dem Weltmarktf\u00fchrer f\u00fcr H\u00e4rtepr\u00fcfger\u00e4te zusammenzuarbeiten, k\u00f6nnen Sie Ihren Auditterminen mit gro\u00dfer Gelassenheit entgegensehen! Nutzen Sie auch unseren Reparaturservice, um eine Nichtkonformit\u00e4t w\u00e4hrend des Kalibriervorgangs zu korrigieren. Mit Buehler wissen Sie einen Partner an Ihrer Seite, der nach ISO17025 zertifiziert ist. Unser Kalibrierservice entspricht den Normen, die bei <a href=\"https:\/\/www.buehler.com\/de\/produkte\/haertepruefung\/haertepruefungs-loesungen-nadcap\/\">NADCAP-Audits<\/a><a> einzuhalten sind. <\/a><\/p>\t\t\t\t\t\t\t\t<\/div>\n\t\t\t\t<\/div>\n\t\t\t\t\t<\/div>\n\t\t<\/div>\n\t\t\t\t\t<\/div>\n\t\t<\/section>\n\t\t\t\t<section data-particle_enable=\"false\" data-particle-mobile-disabled=\"false\" class=\"elementor-section elementor-top-section elementor-element elementor-element-25fc3613 elementor-section-boxed elementor-section-height-default elementor-section-height-default\" data-id=\"25fc3613\" data-element_type=\"section\" data-e-type=\"section\">\n\t\t\t\t\t\t<div class=\"elementor-container elementor-column-gap-default\">\n\t\t\t\t\t<div class=\"elementor-column elementor-col-100 elementor-top-column elementor-element elementor-element-1274d257\" data-id=\"1274d257\" data-element_type=\"column\" data-e-type=\"column\">\n\t\t\t<div class=\"elementor-widget-wrap elementor-element-populated\">\n\t\t\t\t\t\t<div class=\"elementor-element elementor-element-0b695ad elementor-widget-divider--view-line_text elementor-widget-divider--element-align-center elementor-widget elementor-widget-divider\" data-id=\"0b695ad\" data-element_type=\"widget\" data-e-type=\"widget\" data-widget_type=\"divider.default\">\n\t\t\t\t<div class=\"elementor-widget-container\">\n\t\t\t\t\t\t\t<div class=\"elementor-divider\">\n\t\t\t<span class=\"elementor-divider-separator\">\n\t\t\t\t\t\t\t<h3 class=\"elementor-divider__text elementor-divider__element\">\n\t\t\t\tKalibrierservice von Buehler - inklusive proaktive Vorbereitung f\u00fcr Ihre Audits \t\t\t\t<\/h3>\n\t\t\t\t\t\t<\/span>\n\t\t<\/div>\n\t\t\t\t\t\t<\/div>\n\t\t\t\t<\/div>\n\t\t\t\t<div class=\"elementor-element elementor-element-2730fceb elementor-widget elementor-widget-text-editor\" data-id=\"2730fceb\" data-element_type=\"widget\" data-e-type=\"widget\" data-widget_type=\"text-editor.default\">\n\t\t\t\t<div class=\"elementor-widget-container\">\n\t\t\t\t\t\t\t\t\t<p><a>Mehr als einfach nur ein Kalibrierdienst: Mit den Experten unseres Buehler Serviceteams sind Sie immer einen Schritt voraus \u2013 mit einer Checkliste zur Auditvorbereitung. Unser Service umfasst:<\/a><\/p><ol class=\"ml-40\"><li>Inspektion des Pr\u00fcfger\u00e4ts einschlie\u00dflich Reinigung, Einstellung, Begutachtung von Verschlei\u00dfteilen und H\u00e4rtevergleichsplatten<\/li><li>\u00dcberpr\u00fcfung der Arbeitsroutinen hinsichtlich der Zertifizierungsnormen<\/li><li>Erledigung der Formalit\u00e4ten und Pr\u00fcfung des Protokolls auf Konformit\u00e4t<\/li><li>Indirekte Pr\u00fcfung des H\u00e4rtepr\u00fcfger\u00e4ts durch den Einsatz von H\u00e4rtevergleichsplatten, die r\u00fcckf\u00fchrbare Ergebnisse sichern, mit kundenseitig vorgegebenen Pr\u00fcfskalen<\/li><li>Sicherstellung der korrekten Lasteinstellung am Ger\u00e4t, damit keine unerw\u00fcnschten St\u00f6\u00dfe und Schwingungen auftreten<\/li><li>\u00dcberpr\u00fcfung des Zustands der Probenaufnahmen, Stahlkugeln oder Diamantkegel-Eindringk\u00f6rper<\/li><li>Konformit\u00e4tsbescheinigung und Checkliste zur Auditvorbereitung<\/li><\/ol>\t\t\t\t\t\t\t\t<\/div>\n\t\t\t\t<\/div>\n\t\t\t\t<div class=\"elementor-element elementor-element-0e391fe elementor-widget-divider--view-line_text elementor-widget-divider--element-align-center elementor-widget elementor-widget-divider\" data-id=\"0e391fe\" data-element_type=\"widget\" data-e-type=\"widget\" data-widget_type=\"divider.default\">\n\t\t\t\t<div class=\"elementor-widget-container\">\n\t\t\t\t\t\t\t<div class=\"elementor-divider\">\n\t\t\t<span class=\"elementor-divider-separator\">\n\t\t\t\t\t\t\t<h4 class=\"elementor-divider__text elementor-divider__element\">\n\t\t\t\tBessere Kalibrierung mit besseren H\u00e4rtevergleichsplatten\t\t\t\t<\/h4>\n\t\t\t\t\t\t<\/span>\n\t\t<\/div>\n\t\t\t\t\t\t<\/div>\n\t\t\t\t<\/div>\n\t\t\t\t<div class=\"elementor-element elementor-element-10c6ee8 elementor-widget elementor-widget-text-editor\" data-id=\"10c6ee8\" data-element_type=\"widget\" data-e-type=\"widget\" data-widget_type=\"text-editor.default\">\n\t\t\t\t<div class=\"elementor-widget-container\">\n\t\t\t\t\t\t\t\t\t<p><a>Alle Wilson-H\u00e4rtevergleichsplatten werden in unserem Wilson-H\u00e4rtevergleichsplatten-Kalibrierlabor in Binghamton, NY, kalibriert. Das Wilson-Labor ist durch die A2LA (American Association for Laboratory Accreditation) nach ISO-IEC 17025 zertifiziert. Die im Kalibrierprozess verwendeten H\u00e4rtepr\u00fcfger\u00e4te werden einem strengen \u00dcberwachungsprozess unter Verwendung von NIST-Ger\u00e4ten unterzogen, deren Ergebnisse r\u00fcckverfolgbar sind. Die Zertifizierung durch die unabh\u00e4ngigen Akkreditierungsstelle <\/a><a href=\"https:\/\/www.buehler.com\/de\/uber\/nachrichtenredaktion\/iso-und-a2la-akkreditierung\/\">A2LA<\/a> von Weltrang best\u00e4tigt die hohe Qualit\u00e4t der Kalibrierdienste von Buehler.<\/p>\t\t\t\t\t\t\t\t<\/div>\n\t\t\t\t<\/div>\n\t\t\t\t<div class=\"elementor-element elementor-element-56005846 elementor-widget-divider--view-line_text elementor-widget-divider--element-align-center elementor-widget elementor-widget-divider\" data-id=\"56005846\" data-element_type=\"widget\" data-e-type=\"widget\" data-widget_type=\"divider.default\">\n\t\t\t\t<div class=\"elementor-widget-container\">\n\t\t\t\t\t\t\t<div class=\"elementor-divider\">\n\t\t\t<span class=\"elementor-divider-separator\">\n\t\t\t\t\t\t\t<h5 class=\"elementor-divider__text elementor-divider__element\">\n\t\t\t\tBuehler ist f\u00fcr die direkte und die indirekte Kalibrierung zertifiziert \t\t\t\t<\/h5>\n\t\t\t\t\t\t<\/span>\n\t\t<\/div>\n\t\t\t\t\t\t<\/div>\n\t\t\t\t<\/div>\n\t\t\t\t<div class=\"elementor-element elementor-element-42f0a6ff elementor-widget elementor-widget-text-editor\" data-id=\"42f0a6ff\" data-element_type=\"widget\" data-e-type=\"widget\" data-widget_type=\"text-editor.default\">\n\t\t\t\t<div class=\"elementor-widget-container\">\n\t\t\t\t\t\t\t\t\t<ul class=\"ml-40\"><li>Rockwell: ASTM E18, ISO 6508<\/li><li>Knoop\/Vickers: ASTM E92, ISO 6507<\/li><li>Brinell: ASTM E10, ISO 6506<\/li><\/ul>\t\t\t\t\t\t\t\t<\/div>\n\t\t\t\t<\/div>\n\t\t\t\t\t<\/div>\n\t\t<\/div>\n\t\t\t\t\t<\/div>\n\t\t<\/section>\n\t\t\t\t<\/div>\n\t\t","protected":false},"excerpt":{"rendered":"<p>Service-Kalibrierung Kalibrierung gef\u00e4llig? Fragen Sie das Team, das Ihr Pr\u00fcfger\u00e4t am besten kennt! Die Kalibrierung von H\u00e4rtepr\u00fcfger\u00e4ten ist ganz entscheidend, um die Genauigkeit der Pr\u00fcfergebnisse auf Dauer zu erhalten. Die erfahrenen Servicetechniker von Buehler kalibrieren Ihre Ger\u00e4te mit akribischer Sorgfalt und genau zum richtigen Zeitpunkt, damit Sie den Kopf frei haben f\u00fcr Ihre t\u00e4gliche Arbeit. [&hellip;]<\/p>\n","protected":false},"author":1,"featured_media":0,"parent":648,"menu_order":0,"comment_status":"closed","ping_status":"closed","template":"elementor_header_footer","meta":{"footnotes":""},"class_list":["post-9627","page","type-page","status-publish","hentry"],"_links":{"self":[{"href":"https:\/\/www.buehler.com\/de\/wp-json\/wp\/v2\/pages\/9627","targetHints":{"allow":["GET"]}}],"collection":[{"href":"https:\/\/www.buehler.com\/de\/wp-json\/wp\/v2\/pages"}],"about":[{"href":"https:\/\/www.buehler.com\/de\/wp-json\/wp\/v2\/types\/page"}],"author":[{"embeddable":true,"href":"https:\/\/www.buehler.com\/de\/wp-json\/wp\/v2\/users\/1"}],"replies":[{"embeddable":true,"href":"https:\/\/www.buehler.com\/de\/wp-json\/wp\/v2\/comments?post=9627"}],"version-history":[{"count":12,"href":"https:\/\/www.buehler.com\/de\/wp-json\/wp\/v2\/pages\/9627\/revisions"}],"predecessor-version":[{"id":17914,"href":"https:\/\/www.buehler.com\/de\/wp-json\/wp\/v2\/pages\/9627\/revisions\/17914"}],"up":[{"embeddable":true,"href":"https:\/\/www.buehler.com\/de\/wp-json\/wp\/v2\/pages\/648"}],"wp:attachment":[{"href":"https:\/\/www.buehler.com\/de\/wp-json\/wp\/v2\/media?parent=9627"}],"curies":[{"name":"wp","href":"https:\/\/api.w.org\/{rel}","templated":true}]}}