{"id":9625,"date":"2021-10-21T11:03:44","date_gmt":"2021-10-21T09:03:44","guid":{"rendered":"https:\/\/buehler.com\/de\/?page_id=9625"},"modified":"2025-05-14T13:18:44","modified_gmt":"2025-05-14T11:18:44","slug":"vorbeugende-wartung","status":"publish","type":"page","link":"https:\/\/www.buehler.com\/de\/service\/vorbeugende-wartung\/","title":{"rendered":"Vorbeugende Wartung"},"content":{"rendered":"\t\t<div data-elementor-type=\"wp-page\" data-elementor-id=\"9625\" class=\"elementor elementor-9625\" data-elementor-post-type=\"page\">\n\t\t\t\t\t\t<section data-particle_enable=\"false\" data-particle-mobile-disabled=\"false\" class=\"elementor-section elementor-top-section elementor-element elementor-element-11719c12 elementor-section-full_width elementor-section-height-min-height elementor-section-height-default elementor-section-items-middle\" data-id=\"11719c12\" data-element_type=\"section\" data-e-type=\"section\" data-settings=\"{&quot;background_background&quot;:&quot;classic&quot;}\">\n\t\t\t\t\t\t<div class=\"elementor-container elementor-column-gap-default\">\n\t\t\t\t\t<div class=\"elementor-column elementor-col-100 elementor-top-column elementor-element elementor-element-4fd94f3b\" data-id=\"4fd94f3b\" data-element_type=\"column\" data-e-type=\"column\">\n\t\t\t<div class=\"elementor-widget-wrap elementor-element-populated\">\n\t\t\t\t\t\t<div class=\"elementor-element elementor-element-413357c elementor-widget elementor-widget-heading\" data-id=\"413357c\" data-element_type=\"widget\" data-e-type=\"widget\" data-widget_type=\"heading.default\">\n\t\t\t\t<div class=\"elementor-widget-container\">\n\t\t\t\t\t<h1 class=\"elementor-heading-title elementor-size-default\">Vorbeugende Wartung<\/h1>\t\t\t\t<\/div>\n\t\t\t\t<\/div>\n\t\t\t\t\t<\/div>\n\t\t<\/div>\n\t\t\t\t\t<\/div>\n\t\t<\/section>\n\t\t\t\t<section data-particle_enable=\"false\" data-particle-mobile-disabled=\"false\" class=\"elementor-section elementor-top-section elementor-element elementor-element-419a806c elementor-section-boxed elementor-section-height-default elementor-section-height-default\" data-id=\"419a806c\" data-element_type=\"section\" data-e-type=\"section\">\n\t\t\t\t\t\t<div class=\"elementor-container elementor-column-gap-default\">\n\t\t\t\t\t<div class=\"elementor-column elementor-col-100 elementor-top-column elementor-element elementor-element-3001db5b\" data-id=\"3001db5b\" data-element_type=\"column\" data-e-type=\"column\">\n\t\t\t<div class=\"elementor-widget-wrap elementor-element-populated\">\n\t\t\t\t\t\t<div class=\"elementor-element elementor-element-6b1d159 elementor-widget elementor-widget-text-editor\" data-id=\"6b1d159\" data-element_type=\"widget\" data-e-type=\"widget\" data-widget_type=\"text-editor.default\">\n\t\t\t\t<div class=\"elementor-widget-container\">\n\t\t\t\t\t\t\t\t\t<p><img fetchpriority=\"high\" decoding=\"async\" class=\"alignleft wp-image-11617 size-medium\" src=\"https:\/\/www.buehler.com\/de\/wp-content\/uploads\/2021\/11\/service-word-cloud-300x300.jpg\" alt=\"Buehler Service Preventative Maintenance\" width=\"300\" height=\"300\" srcset=\"https:\/\/www.buehler.com\/de\/wp-content\/uploads\/sites\/9\/2021\/11\/service-word-cloud-300x300.jpg 300w, https:\/\/www.buehler.com\/de\/wp-content\/uploads\/sites\/9\/2021\/11\/service-word-cloud-150x150.jpg 150w, https:\/\/www.buehler.com\/de\/wp-content\/uploads\/sites\/9\/2021\/11\/service-word-cloud-768x768.jpg 768w, https:\/\/www.buehler.com\/de\/wp-content\/uploads\/sites\/9\/2021\/11\/service-word-cloud.jpg 1000w\" sizes=\"(max-width: 300px) 100vw, 300px\" \/>Sorgen Sie f\u00fcr gleichbleibende Leistung von Ger\u00e4ten, minimieren Sie Produktionsausf\u00e4lle und reduzieren Sie die Wahrscheinlichkeit kostspieliger Reparaturen mit Buehler Preventative Maintenance und Calibration Services. Unser Team von Experten zielt darauf ab, Ihnen mit spezialisierten Dienstleistungen in der gesamten Material-und Analyse-Markt mit geplanten Inspektionen, vorrangige Dienstleistungen und vieles mehr zu helfen!<\/p><p>Erfahren Sie mehr \u00fcber die Wartungspl\u00e4ne Buehler Preventative Maintenance &amp; Calibration <a href=\"https:\/\/www.buehler.com\/assets\/PDF\/Service\/Preventative-Maintenance-Brochure.pdf\" target=\"_blank\" rel=\"noopener\">Servicebrosch\u00fcre<\/a>.<\/p><p>F\u00fcr die vorbeugenden Wartungspl\u00e4ne von Buehler wenden Sie sich bitte an <a href=\"https:\/\/www.buehler.com\/service-request_us.php\">service-anfrage<\/a>.<\/p>\t\t\t\t\t\t\t\t<\/div>\n\t\t\t\t<\/div>\n\t\t\t\t\t<\/div>\n\t\t<\/div>\n\t\t\t\t\t<\/div>\n\t\t<\/section>\n\t\t\t\t<section data-particle_enable=\"false\" data-particle-mobile-disabled=\"false\" class=\"elementor-section elementor-top-section elementor-element elementor-element-672d4e26 elementor-section-boxed elementor-section-height-default elementor-section-height-default\" data-id=\"672d4e26\" data-element_type=\"section\" data-e-type=\"section\">\n\t\t\t\t\t\t<div class=\"elementor-container elementor-column-gap-default\">\n\t\t\t\t\t<div class=\"elementor-column elementor-col-100 elementor-top-column elementor-element elementor-element-2bf5aba3\" data-id=\"2bf5aba3\" data-element_type=\"column\" data-e-type=\"column\">\n\t\t\t<div class=\"elementor-widget-wrap elementor-element-populated\">\n\t\t\t\t\t\t<div class=\"elementor-element elementor-element-1ae8fc63 elementor-widget-divider--view-line_text elementor-widget-divider--element-align-center elementor-widget elementor-widget-divider\" data-id=\"1ae8fc63\" data-element_type=\"widget\" data-e-type=\"widget\" data-widget_type=\"divider.default\">\n\t\t\t\t<div class=\"elementor-widget-container\">\n\t\t\t\t\t\t\t<div class=\"elementor-divider\">\n\t\t\t<span class=\"elementor-divider-separator\">\n\t\t\t\t\t\t\t<h2 class=\"elementor-divider__text elementor-divider__element\">\n\t\t\t\tServicevertrag\t\t\t\t<\/h2>\n\t\t\t\t\t\t<\/span>\n\t\t<\/div>\n\t\t\t\t\t\t<\/div>\n\t\t\t\t<\/div>\n\t\t\t\t<div class=\"elementor-element elementor-element-67775323 elementor-widget elementor-widget-text-editor\" data-id=\"67775323\" data-element_type=\"widget\" data-e-type=\"widget\" data-widget_type=\"text-editor.default\">\n\t\t\t\t<div class=\"elementor-widget-container\">\n\t\t\t\t\t\t\t\t\t<div id=\"spec_table\"><table><thead><tr><th style=\"text-align: left\">Name<\/th><th style=\"text-align: left\">Datei<\/th><\/tr><\/thead><tbody><tr><td>AbrasiMatic 300<\/td><td><a title=\"AbrasiMatic 300\" href=\"https:\/\/www.buehler.com\/de\/assets\/PDF\/Service\/Abrasimatic-300-PM-Package-Flyer-2020.pdf\" target=\"_blank\" rel=\"noopener\"><br \/><i class=\"far fa-file-pdf fa-2x\" aria-hidden=\"true\"><\/i><br \/><span class=\"sr-only\">Open PDF<\/span><br \/><\/a><\/td><\/tr><tr><td>AbrasiMatic 450<\/td><td><a title=\"AbrasiMatic 450\" href=\"https:\/\/www.buehler.com\/de\/assets\/PDF\/Service\/Abrasimatic-450-PM-Package-Flyer-2020.pdf\" target=\"_blank\" rel=\"noopener\"><br \/><i class=\"far fa-file-pdf fa-2x\" aria-hidden=\"true\"><\/i><br \/><span class=\"sr-only\">Open PDF<\/span><br \/><\/a><\/td><\/tr><tr><td>AbrasiMet 250<\/td><td><a title=\"AbrasiMet 250\" href=\"https:\/\/www.buehler.com\/de\/assets\/PDF\/Service\/Abrasimet-250-PM-Package-Flyer-2020.pdf\" target=\"_blank\" rel=\"noopener\"><br \/><i class=\"far fa-file-pdf fa-2x\" aria-hidden=\"true\"><\/i><br \/><span class=\"sr-only\">Open PDF<\/span><br \/><\/a><\/td><\/tr><tr><td>AutoMet<\/td><td><a title=\"AutoMet\" href=\"https:\/\/www.buehler.com\/de\/assets\/PDF\/Service\/Automet-PM-Package-Flyer-2020.pdf\" target=\"_blank\" rel=\"noopener\"><br \/><i class=\"far fa-file-pdf fa-2x\" aria-hidden=\"true\"><\/i><br \/><span class=\"sr-only\">Open PDF<\/span><br \/><\/a><\/td><\/tr><tr><td>Delta Manual<\/td><td><a title=\"Delta Manual\" href=\"https:\/\/www.buehler.com\/de\/assets\/PDF\/Service\/Delta-Manual-PM-Package-Flyer-2020.pdf\" target=\"_blank\" rel=\"noopener\"><br \/><i class=\"far fa-file-pdf fa-2x\" aria-hidden=\"true\"><\/i><br \/><span class=\"sr-only\">Open PDF<\/span><br \/><\/a><\/td><\/tr><tr><td>Delta Medium \/ Delta Large<\/td><td><a title=\"Delta Medium \/ Delta Large\" href=\"https:\/\/www.buehler.com\/de\/assets\/PDF\/Service\/Delta Medium-Large PM Package Flyer_2020.pdf\" target=\"_blank\" rel=\"noopener\"><br \/><i class=\"far fa-file-pdf fa-2x\" aria-hidden=\"true\"><\/i><br \/><span class=\"sr-only\">Open PDF<\/span><br \/><\/a><\/td><\/tr><tr><td>EcoMet\/AutoMet<\/td><td><a title=\"EcoMet\/AutoMet\" href=\"https:\/\/www.buehler.com\/de\/assets\/PDF\/Service\/EcoMet-Automet-PM-Package-Flyer-2020.pdf\" target=\"_blank\" rel=\"noopener\"><br \/><i class=\"far fa-file-pdf fa-2x\" aria-hidden=\"true\"><\/i><br \/><span class=\"sr-only\">Open PDF<\/span><br \/><\/a><\/td><\/tr><tr><td>IsoMet 1000<\/td><td><a title=\"IsoMet 1000\" href=\"https:\/\/www.buehler.com\/de\/assets\/PDF\/Service\/IsoMet-1000-PM-Package-Flyer-2020.pdf\" target=\"_blank\" rel=\"noopener\"><br \/><i class=\"far fa-file-pdf fa-2x\" aria-hidden=\"true\"><\/i><br \/><span class=\"sr-only\">Open PDF<\/span><br \/><\/a><\/td><\/tr><tr><td>IsoMet 4000\/5000<\/td><td><a title=\"IsoMet 4000\/5000\" href=\"https:\/\/www.buehler.com\/de\/assets\/PDF\/Service\/IsoMet-4000-5000-PM-Package-Flyer-2020.pdf\" target=\"_blank\" rel=\"noopener\"><br \/><i class=\"far fa-file-pdf fa-2x\" aria-hidden=\"true\"><\/i><br \/><span class=\"sr-only\">Open PDF<\/span><br \/><\/a><\/td><\/tr><tr><td>IsoMet High Speed<\/td><td><a title=\"IsoMet High Speed\" href=\"https:\/\/www.buehler.com\/de\/assets\/PDF\/Service\/IsoMet-High-Speed-PM-Package-Flyer-2020.pdf\" target=\"_blank\" rel=\"noopener\"><br \/><i class=\"far fa-file-pdf fa-2x\" aria-hidden=\"true\"><\/i><br \/><span class=\"sr-only\">Open PDF<\/span><br \/><\/a><\/td><\/tr><tr><td>MetaServ<\/td><td><a title=\"MetaServ\" href=\"https:\/\/www.buehler.com\/de\/assets\/PDF\/Service\/MetaServ-PM-Package-Flyer-2020.pdf\" target=\"_blank\" rel=\"noopener\"><br \/><i class=\"far fa-file-pdf fa-2x\" aria-hidden=\"true\"><\/i><br \/><span class=\"sr-only\">Open PDF<\/span><br \/><\/a><\/td><\/tr><tr><td>PlanarMet 300<\/td><td><a title=\"PlanarMet 300\" href=\"https:\/\/www.buehler.com\/de\/assets\/PDF\/Service\/PlanarMet-300-PM-Package-Flyer-2020.pdf\" target=\"_blank\" rel=\"noopener\"><br \/><i class=\"far fa-file-pdf fa-2x\" aria-hidden=\"true\"><\/i><br \/><span class=\"sr-only\">Open PDF<\/span><br \/><\/a><\/td><\/tr><tr><td>SimpliMet 1000<\/td><td><a title=\"SimpliMet 1000\" href=\"https:\/\/www.buehler.com\/de\/assets\/PDF\/Service\/SimpliMet-1000-PM-Package-Flyer-2020.pdf\" target=\"_blank\" rel=\"noopener\"><br \/><i class=\"far fa-file-pdf fa-2x\" aria-hidden=\"true\"><\/i><br \/><span class=\"sr-only\">Open PDF<\/span><br \/><\/a><\/td><\/tr><tr><td>SimpliMet 3000<\/td><td><a title=\"SimpliMet 3000\" href=\"https:\/\/www.buehler.com\/de\/assets\/PDF\/Service\/SimpliMet-3000-PM-Package-Flyer-2020.pdf\" target=\"_blank\" rel=\"noopener\"><br \/><i class=\"far fa-file-pdf fa-2x\" aria-hidden=\"true\"><\/i><br \/><span class=\"sr-only\">Open PDF<\/span><br \/><\/a><\/td><\/tr><tr><td>SimpliMet 4000<\/td><td><a title=\"SimpliMet 4000\" href=\"https:\/\/www.buehler.com\/de\/assets\/PDF\/Service\/SimpliMet-4000-PM-Package-Flyer-2020.pdf\" target=\"_blank\" rel=\"noopener\"><br \/><i class=\"far fa-file-pdf fa-2x\" aria-hidden=\"true\"><\/i><br \/><span class=\"sr-only\">Open PDF<\/span><br \/><\/a><\/td><\/tr><\/tbody><\/table><\/div>\t\t\t\t\t\t\t\t<\/div>\n\t\t\t\t<\/div>\n\t\t\t\t\t<\/div>\n\t\t<\/div>\n\t\t\t\t\t<\/div>\n\t\t<\/section>\n\t\t\t\t<\/div>\n\t\t","protected":false},"excerpt":{"rendered":"<p>Vorbeugende Wartung Sorgen Sie f\u00fcr gleichbleibende Leistung von Ger\u00e4ten, minimieren Sie Produktionsausf\u00e4lle und reduzieren Sie die Wahrscheinlichkeit kostspieliger Reparaturen mit Buehler Preventative Maintenance und Calibration Services. Unser Team von Experten zielt darauf ab, Ihnen mit spezialisierten Dienstleistungen in der gesamten Material-und Analyse-Markt mit geplanten Inspektionen, vorrangige Dienstleistungen und vieles mehr zu helfen! Erfahren Sie mehr [&hellip;]<\/p>\n","protected":false},"author":1,"featured_media":0,"parent":648,"menu_order":0,"comment_status":"closed","ping_status":"closed","template":"elementor_header_footer","meta":{"footnotes":""},"class_list":["post-9625","page","type-page","status-publish","hentry"],"_links":{"self":[{"href":"https:\/\/www.buehler.com\/de\/wp-json\/wp\/v2\/pages\/9625","targetHints":{"allow":["GET"]}}],"collection":[{"href":"https:\/\/www.buehler.com\/de\/wp-json\/wp\/v2\/pages"}],"about":[{"href":"https:\/\/www.buehler.com\/de\/wp-json\/wp\/v2\/types\/page"}],"author":[{"embeddable":true,"href":"https:\/\/www.buehler.com\/de\/wp-json\/wp\/v2\/users\/1"}],"replies":[{"embeddable":true,"href":"https:\/\/www.buehler.com\/de\/wp-json\/wp\/v2\/comments?post=9625"}],"version-history":[{"count":40,"href":"https:\/\/www.buehler.com\/de\/wp-json\/wp\/v2\/pages\/9625\/revisions"}],"predecessor-version":[{"id":22402,"href":"https:\/\/www.buehler.com\/de\/wp-json\/wp\/v2\/pages\/9625\/revisions\/22402"}],"up":[{"embeddable":true,"href":"https:\/\/www.buehler.com\/de\/wp-json\/wp\/v2\/pages\/648"}],"wp:attachment":[{"href":"https:\/\/www.buehler.com\/de\/wp-json\/wp\/v2\/media?parent=9625"}],"curies":[{"name":"wp","href":"https:\/\/api.w.org\/{rel}","templated":true}]}}