{"id":9609,"date":"2021-10-21T10:53:57","date_gmt":"2021-10-21T08:53:57","guid":{"rendered":"https:\/\/buehler.com\/de\/?page_id=9609"},"modified":"2024-11-18T21:06:45","modified_gmt":"2024-11-18T20:06:45","slug":"haerteblockkalibrierung","status":"publish","type":"page","link":"https:\/\/www.buehler.com\/de\/produkte\/haertepruefung\/haerteblockkalibrierung\/","title":{"rendered":"H\u00e4rteblockkalibrierung"},"content":{"rendered":"\t\t<div data-elementor-type=\"wp-page\" data-elementor-id=\"9609\" class=\"elementor elementor-9609\" data-elementor-post-type=\"page\">\n\t\t\t\t\t\t<section data-particle_enable=\"false\" data-particle-mobile-disabled=\"false\" class=\"elementor-section elementor-top-section elementor-element elementor-element-71706a6d elementor-section-full_width elementor-section-height-min-height elementor-section-height-default elementor-section-items-middle\" data-id=\"71706a6d\" data-element_type=\"section\" data-e-type=\"section\" data-settings=\"{&quot;background_background&quot;:&quot;classic&quot;}\">\n\t\t\t\t\t\t\t<div class=\"elementor-background-overlay\"><\/div>\n\t\t\t\t\t\t\t<div class=\"elementor-container elementor-column-gap-default\">\n\t\t\t\t\t<div class=\"elementor-column elementor-col-100 elementor-top-column elementor-element elementor-element-3e3b2cf\" data-id=\"3e3b2cf\" data-element_type=\"column\" data-e-type=\"column\">\n\t\t\t<div class=\"elementor-widget-wrap elementor-element-populated\">\n\t\t\t\t\t\t<div class=\"elementor-element elementor-element-344fe478 elementor-widget elementor-widget-heading\" data-id=\"344fe478\" data-element_type=\"widget\" data-e-type=\"widget\" data-widget_type=\"heading.default\">\n\t\t\t\t<div class=\"elementor-widget-container\">\n\t\t\t\t\t<h1 class=\"elementor-heading-title elementor-size-default\">H\u00e4rteblockkalibrierung<\/h1>\t\t\t\t<\/div>\n\t\t\t\t<\/div>\n\t\t\t\t\t<\/div>\n\t\t<\/div>\n\t\t\t\t\t<\/div>\n\t\t<\/section>\n\t\t\t\t<section data-particle_enable=\"false\" data-particle-mobile-disabled=\"false\" class=\"elementor-section elementor-top-section elementor-element elementor-element-1d41fbb4 elementor-section-boxed elementor-section-height-default elementor-section-height-default\" data-id=\"1d41fbb4\" data-element_type=\"section\" data-e-type=\"section\">\n\t\t\t\t\t\t<div class=\"elementor-container elementor-column-gap-default\">\n\t\t\t\t\t<div class=\"elementor-column elementor-col-100 elementor-top-column elementor-element elementor-element-2d5dfd6e\" data-id=\"2d5dfd6e\" data-element_type=\"column\" data-e-type=\"column\">\n\t\t\t<div class=\"elementor-widget-wrap elementor-element-populated\">\n\t\t\t\t\t\t<div class=\"elementor-element elementor-element-4e594d76 elementor-widget-divider--view-line_text elementor-widget-divider--element-align-center elementor-widget elementor-widget-divider\" data-id=\"4e594d76\" data-element_type=\"widget\" data-e-type=\"widget\" data-widget_type=\"divider.default\">\n\t\t\t\t<div class=\"elementor-widget-container\">\n\t\t\t\t\t\t\t<div class=\"elementor-divider\">\n\t\t\t<span class=\"elementor-divider-separator\">\n\t\t\t\t\t\t\t<h2 class=\"elementor-divider__text elementor-divider__element\">\n\t\t\t\tWilson H\u00e4rtevergleichsplatten-Kalibrierlabor ISO\/IEC 17025\t\t\t\t<\/h2>\n\t\t\t\t\t\t<\/span>\n\t\t<\/div>\n\t\t\t\t\t\t<\/div>\n\t\t\t\t<\/div>\n\t\t\t\t<div class=\"elementor-element elementor-element-37f4cfa elementor-widget elementor-widget-image\" data-id=\"37f4cfa\" data-element_type=\"widget\" data-e-type=\"widget\" data-widget_type=\"image.default\">\n\t\t\t\t<div class=\"elementor-widget-container\">\n\t\t\t\t\t\t\t\t\t\t\t\t\t\t\t<img fetchpriority=\"high\" decoding=\"async\" width=\"1360\" height=\"194\" src=\"https:\/\/www.buehler.com\/de\/wp-content\/uploads\/sites\/9\/2021\/11\/Wilson-Celebrating-100-Years-of-Hardness.png\" class=\"attachment-1536x1536 size-1536x1536 wp-image-11089\" alt=\"Buehler 100 Year Hardness\" srcset=\"https:\/\/www.buehler.com\/de\/wp-content\/uploads\/sites\/9\/2021\/11\/Wilson-Celebrating-100-Years-of-Hardness.png 1360w, https:\/\/www.buehler.com\/de\/wp-content\/uploads\/sites\/9\/2021\/11\/Wilson-Celebrating-100-Years-of-Hardness-300x43.png 300w, https:\/\/www.buehler.com\/de\/wp-content\/uploads\/sites\/9\/2021\/11\/Wilson-Celebrating-100-Years-of-Hardness-1024x146.png 1024w, https:\/\/www.buehler.com\/de\/wp-content\/uploads\/sites\/9\/2021\/11\/Wilson-Celebrating-100-Years-of-Hardness-768x110.png 768w\" sizes=\"(max-width: 1360px) 100vw, 1360px\" \/>\t\t\t\t\t\t\t\t\t\t\t\t\t\t\t<\/div>\n\t\t\t\t<\/div>\n\t\t\t\t<div class=\"elementor-element elementor-element-4138f399 elementor-widget elementor-widget-text-editor\" data-id=\"4138f399\" data-element_type=\"widget\" data-e-type=\"widget\" data-widget_type=\"text-editor.default\">\n\t\t\t\t<div class=\"elementor-widget-container\">\n\t\t\t\t\t\t\t\t\t<p><img decoding=\"async\" class=\"alignright size-medium wp-image-11095\" src=\"https:\/\/www.buehler.com\/de\/wp-content\/uploads\/2021\/11\/hardness-block-laboratory-900-300x225.jpg\" alt=\"Hardness Block Laboratory\" width=\"300\" height=\"225\" srcset=\"https:\/\/www.buehler.com\/de\/wp-content\/uploads\/sites\/9\/2021\/11\/hardness-block-laboratory-900-300x225.jpg 300w, https:\/\/www.buehler.com\/de\/wp-content\/uploads\/sites\/9\/2021\/11\/hardness-block-laboratory-900-768x576.jpg 768w, https:\/\/www.buehler.com\/de\/wp-content\/uploads\/sites\/9\/2021\/11\/hardness-block-laboratory-900.jpg 900w\" sizes=\"(max-width: 300px) 100vw, 300px\" \/>Buehlers Wilson\u00ae-H\u00e4rtevergleichsplatten-Kalibrierlabor in Binghamton im US-Bundesstaat New York ist durch die A2LA (American Association for Laboratory Accreditation) f\u00fcr <a href=\"https:\/\/www.buehler.com\/de\/produkte\/haertepruefung\/haertevergleichsplatten\/\">Rockwell<\/a>-, <a href=\"https:\/\/www.buehler.com\/de\/produkte\/haertepruefung\/haertevergleichsplatten\/\">Knoop-, Vickers<\/a>&#8211; und <a href=\"https:\/\/www.buehler.com\/de\/produkte\/haertepruefung\/haertevergleichsplatten\/wilson-brinell-pru%cc%88fplatten\/\">Brinell<\/a>-H\u00e4rtevergleichsplatten sowie Eindringk\u00f6rper nach ISO\/IEC 17025 zertifiziert. Die A2LA unterliegt vollst\u00e4ndig den Normen der Internationalen Organisation f\u00fcr Normung (ISO) und der Internationalen Elektrotechnischen Kommission (IEC), einschlie\u00dflich der ISO\/IEC 17025. Buehler vertreibt weltweit H\u00e4rtevergleichsplatten, <a href=\"https:\/\/www.buehler.com\/de\/produkte\/haertepruefung\/\">Wilson\u00ae-H\u00e4rtepr\u00fcfger\u00e4te<\/a> und die Software <a href=\"https:\/\/www.buehler.com\/de\/produkte\/haertepruefung\/automatisierungssoftware\/diamet-software-fu%cc%88r-die-automatische-haertepru%cc%88fung\/\">DiaMet<\/a>.<\/p>\t\t\t\t\t\t\t\t<\/div>\n\t\t\t\t<\/div>\n\t\t\t\t\t<\/div>\n\t\t<\/div>\n\t\t\t\t\t<\/div>\n\t\t<\/section>\n\t\t\t\t<section data-particle_enable=\"false\" data-particle-mobile-disabled=\"false\" class=\"elementor-section elementor-top-section elementor-element elementor-element-7b90b29b elementor-section-boxed elementor-section-height-default elementor-section-height-default\" data-id=\"7b90b29b\" data-element_type=\"section\" data-e-type=\"section\">\n\t\t\t\t\t\t<div class=\"elementor-container elementor-column-gap-default\">\n\t\t\t\t\t<div class=\"elementor-column elementor-col-100 elementor-top-column elementor-element elementor-element-3153dd49\" data-id=\"3153dd49\" data-element_type=\"column\" data-e-type=\"column\">\n\t\t\t<div class=\"elementor-widget-wrap elementor-element-populated\">\n\t\t\t\t\t\t<div class=\"elementor-element elementor-element-82237dc elementor-widget-divider--view-line_text elementor-widget-divider--element-align-center elementor-widget elementor-widget-divider\" data-id=\"82237dc\" data-element_type=\"widget\" data-e-type=\"widget\" data-widget_type=\"divider.default\">\n\t\t\t\t<div class=\"elementor-widget-container\">\n\t\t\t\t\t\t\t<div class=\"elementor-divider\">\n\t\t\t<span class=\"elementor-divider-separator\">\n\t\t\t\t\t\t\t<h3 class=\"elementor-divider__text elementor-divider__element\">\n\t\t\t\tKalibrierprozess\t\t\t\t<\/h3>\n\t\t\t\t\t\t<\/span>\n\t\t<\/div>\n\t\t\t\t\t\t<\/div>\n\t\t\t\t<\/div>\n\t\t\t\t<div class=\"elementor-element elementor-element-7e4fd5ce elementor-widget elementor-widget-text-editor\" data-id=\"7e4fd5ce\" data-element_type=\"widget\" data-e-type=\"widget\" data-widget_type=\"text-editor.default\">\n\t\t\t\t<div class=\"elementor-widget-container\">\n\t\t\t\t\t\t\t\t\t<p><img decoding=\"async\" class=\"size-medium wp-image-11104 alignleft\" src=\"https:\/\/www.buehler.com\/de\/wp-content\/uploads\/2021\/11\/ISO-hardness-reference-blocks-300x271.png\" alt=\"ISO Hardness Reference Blocks\" width=\"300\" height=\"271\" srcset=\"https:\/\/www.buehler.com\/de\/wp-content\/uploads\/sites\/9\/2021\/11\/ISO-hardness-reference-blocks-300x271.png 300w, https:\/\/www.buehler.com\/de\/wp-content\/uploads\/sites\/9\/2021\/11\/ISO-hardness-reference-blocks-768x695.png 768w, https:\/\/www.buehler.com\/de\/wp-content\/uploads\/sites\/9\/2021\/11\/ISO-hardness-reference-blocks.png 774w\" sizes=\"(max-width: 300px) 100vw, 300px\" \/>Die im Kalibrierprozess verwendeten H\u00e4rtepr\u00fcfger\u00e4te werden einem strengen \u00dcberwachungsprozess unter Verwendung von NIST-Ger\u00e4ten unterzogen, deren Ergebnisse r\u00fcckverfolgbar sind. Buehler f\u00fchrt eine 100%ige Pr\u00fcfung durch, um sicherzustellen, dass jede einzelne H\u00e4rtevergleichsplatte die physikalischen Anforderungen der ASTM (Dicke, Ebenheit, Parallelit\u00e4t, Oberfl\u00e4chenrauigkeit und Magnetismus) erf\u00fcllt. Das Labor verwendet dann spezialisierte H\u00e4rtepr\u00fcfger\u00e4te, um die H\u00e4rtevergleichsplatten nach Rockwell-, Vickers- und Brinell-Skalen zu kalibrieren, die den ASTM- und ISO-Normen f\u00fcr die Kalibrierung von H\u00e4rtevergleichsplatten entsprechen.<\/p><p>Die H\u00e4rtewerte werden gemessen und gem\u00e4\u00df der entsprechenden Normen dann die Statistikwerte berechnet. F\u00fcr jede H\u00e4rtevergleichsplatte gibt es ein Zertifikat, so stellen wir eine vollumf\u00e4ngliche R\u00fcckverfolgbarkeit her. Zus\u00e4tzlich zu den Zertifizierungen, die wir t\u00e4glich in unserem Hause durchf\u00fchren, verlangen die Normen auch indirekte Zertifizierungen. Diese m\u00fcssen regelm\u00e4\u00dfig von einem zertifizierten Drittanbieter durchgef\u00fchrt werden. Nach der Eindring-Zertifizierung werden die Platten mit einem Lasergravurger\u00e4t mit einem Raster (falls zutreffend) und dem H\u00e4rtewert samt Toleranz gem\u00e4\u00df den jeweiligen Normen versehen. Die H\u00e4rtevergleichsplatten werden mit den entsprechenden Zertifikaten (ASTM und ISO) versendet. Weltweit ist Buehler f\u00fcr die Branche Metallographie der einzige Lieferant, der H\u00e4rtevergleichsplatten herstellt und kalibriert.<\/p><p>Zertifizierungsumfang: Das Wilson\u00ae-H\u00e4rtevergleichsplatten-Kalibrierlabor von Buehler in Binghamton, New York, USA, ist f\u00fcr die Kalibrierung von H\u00e4rtevergleichsplatten nach den folgenden Normen zertifiziert:<\/p><ul class=\"ml-40\"><li>Kalibrierung von standardisierten Rockwell-H\u00e4rtevergleichsplatten| ASTM E18 und ISO 6508-3<\/li><li>Kalibrierung von standardisierten Rockwell-Oberfl\u00e4chen-H\u00e4rtevergleichsplatten| ASTM E18 und ISO 6508-3<\/li><li>Kalibrierung von standardisierten Vickers-H\u00e4rtevergleichsplatten | ASTM E92 ISO 6507-3<\/li><li>Kalibrierung von standardisierten Knoop-H\u00e4rtevergleichsplatten | ASTM E92 und ISO 4545-3<\/li><li>Kalibrierung von standardisierten Brinell-H\u00e4rtevergleichsplatten | ASTM E10 und ISO 6506-3<\/li><\/ul><p>Die H\u00e4rtevergleichsplatten von Buehler sind f\u00fcr Rockwell-, Vickers-, Knoop- und Brinell-H\u00e4rteskalen erh\u00e4ltlich. F\u00fcr unsere H\u00e4rtevergleichsplatten verwenden wir Materialien allerh\u00f6chster Qualit\u00e4t. So k\u00f6nnen wir Platten mit der h\u00f6chsten Gleichm\u00e4\u00dfigkeit und Wiederholbarkeit liefern. Das H\u00e4rtevergleichsplatten-Kalibrierlabor von Buehler erlaubt die Herstellung und Kalibrierung von H\u00e4rtevergleichsplatten f\u00fcr viele verschiedene H\u00e4rteskalen.<\/p><ul class=\"ml-40\"><li>Rockwell: Klassisch und Super<\/li><li>Vickers Mikroindentation: Belastungsbereich: 10 gf \u2013 1 kgf<\/li><li>Vickers Makroindentation: Belastungsbereich: 1 kgf \u2013 100 kgf<\/li><li>Knoop Mikroindentation: Belastungsbereich: 10 gf \u2013 1 kgf<\/li><li>Brinell: Belastungsbereich: ab HBW5\/750, HBW5\/250, HBW10\/1000, HBW10\/3000, HBW2,5\/62,5, HBW2,5\/187,5<\/li><\/ul><p>Das komplette Sortiment an H\u00e4rtevergleichsplatten von Rockwell, Brinell und Vickers\/Knoop erhalten Sie im Bereich H\u00e4rtepr\u00fcfung auf der <a href=\"https:\/\/www.buehler.com\/de\/produkte\/haertepruefung\/\" target=\"_blank\" rel=\"noopener\">Buehler-Website<\/a><a>. Um unseren Kunden die Auswahl zu erleichtern, stellen wir eine Leitlinie zur Auswahl von H\u00e4rtevergleichsplatten je nach Anwendung bereit. Diese <\/a><a href=\"https:\/\/www.buehler.com\/assets\/Brochures\/German\/Hardness\/FN01526_Test_Block_Guide_DE.pdf\" target=\"_blank\" rel=\"noopener\">Leitlinie enth\u00e4lt wertvolle Information<\/a> zum H\u00e4rtevergleichsplatten-Sortiment von Wilson\u00ae und wichtige Orientierungshilfen f\u00fcr die korrekte Anwendung dieser Platten.<\/p>\t\t\t\t\t\t\t\t<\/div>\n\t\t\t\t<\/div>\n\t\t\t\t\t<\/div>\n\t\t<\/div>\n\t\t\t\t\t<\/div>\n\t\t<\/section>\n\t\t\t\t<\/div>\n\t\t","protected":false},"excerpt":{"rendered":"<p>H\u00e4rteblockkalibrierung Wilson H\u00e4rtevergleichsplatten-Kalibrierlabor ISO\/IEC 17025 Buehlers Wilson\u00ae-H\u00e4rtevergleichsplatten-Kalibrierlabor in Binghamton im US-Bundesstaat New York ist durch die A2LA (American Association for Laboratory Accreditation) f\u00fcr Rockwell-, Knoop-, Vickers&#8211; und Brinell-H\u00e4rtevergleichsplatten sowie Eindringk\u00f6rper nach ISO\/IEC 17025 zertifiziert. Die A2LA unterliegt vollst\u00e4ndig den Normen der Internationalen Organisation f\u00fcr Normung (ISO) und der Internationalen Elektrotechnischen Kommission (IEC), einschlie\u00dflich der ISO\/IEC [&hellip;]<\/p>\n","protected":false},"author":1,"featured_media":0,"parent":8474,"menu_order":0,"comment_status":"closed","ping_status":"closed","template":"elementor_header_footer","meta":{"footnotes":""},"class_list":["post-9609","page","type-page","status-publish","hentry"],"_links":{"self":[{"href":"https:\/\/www.buehler.com\/de\/wp-json\/wp\/v2\/pages\/9609","targetHints":{"allow":["GET"]}}],"collection":[{"href":"https:\/\/www.buehler.com\/de\/wp-json\/wp\/v2\/pages"}],"about":[{"href":"https:\/\/www.buehler.com\/de\/wp-json\/wp\/v2\/types\/page"}],"author":[{"embeddable":true,"href":"https:\/\/www.buehler.com\/de\/wp-json\/wp\/v2\/users\/1"}],"replies":[{"embeddable":true,"href":"https:\/\/www.buehler.com\/de\/wp-json\/wp\/v2\/comments?post=9609"}],"version-history":[{"count":29,"href":"https:\/\/www.buehler.com\/de\/wp-json\/wp\/v2\/pages\/9609\/revisions"}],"predecessor-version":[{"id":21044,"href":"https:\/\/www.buehler.com\/de\/wp-json\/wp\/v2\/pages\/9609\/revisions\/21044"}],"up":[{"embeddable":true,"href":"https:\/\/www.buehler.com\/de\/wp-json\/wp\/v2\/pages\/8474"}],"wp:attachment":[{"href":"https:\/\/www.buehler.com\/de\/wp-json\/wp\/v2\/media?parent=9609"}],"curies":[{"name":"wp","href":"https:\/\/api.w.org\/{rel}","templated":true}]}}