{"id":9540,"date":"2021-10-21T09:54:08","date_gmt":"2021-10-21T07:54:08","guid":{"rendered":"https:\/\/buehler.com\/de\/?page_id=9540"},"modified":"2022-05-25T22:30:05","modified_gmt":"2022-05-25T20:30:05","slug":"verbrauchsmaterialien-fuer-materialvorbereitungstests-und-analysen","status":"publish","type":"page","link":"https:\/\/www.buehler.com\/de\/produkte\/verbrauchsmaterialien-fuer-materialvorbereitungstests-und-analysen\/","title":{"rendered":"Verbrauchsmaterialien f\u00fcr Materialvorbereitungstests und -analysen"},"content":{"rendered":"\t\t<div data-elementor-type=\"wp-page\" data-elementor-id=\"9540\" class=\"elementor elementor-9540\" data-elementor-post-type=\"page\">\n\t\t\t\t\t\t<section data-particle_enable=\"false\" data-particle-mobile-disabled=\"false\" class=\"elementor-section elementor-top-section elementor-element elementor-element-7267c8e7 elementor-section-full_width elementor-section-height-default elementor-section-height-default\" data-id=\"7267c8e7\" data-element_type=\"section\" data-e-type=\"section\">\n\t\t\t\t\t\t<div class=\"elementor-container elementor-column-gap-default\">\n\t\t\t\t\t<div class=\"elementor-column elementor-col-100 elementor-top-column elementor-element elementor-element-43b1a2b3\" data-id=\"43b1a2b3\" data-element_type=\"column\" data-e-type=\"column\">\n\t\t\t<div class=\"elementor-widget-wrap elementor-element-populated\">\n\t\t\t\t\t\t<div class=\"elementor-element elementor-element-50482692 elementor-widget elementor-widget-heading\" data-id=\"50482692\" data-element_type=\"widget\" data-e-type=\"widget\" data-widget_type=\"heading.default\">\n\t\t\t\t<div class=\"elementor-widget-container\">\n\t\t\t\t\t<h1 class=\"elementor-heading-title elementor-size-default\">Verbrauchsmaterialien f\u00fcr Materialvorbereitungstests und -analysen<\/h1>\t\t\t\t<\/div>\n\t\t\t\t<\/div>\n\t\t\t\t\t<\/div>\n\t\t<\/div>\n\t\t\t\t\t<\/div>\n\t\t<\/section>\n\t\t\t\t<section data-particle_enable=\"false\" data-particle-mobile-disabled=\"false\" class=\"elementor-section elementor-top-section elementor-element elementor-element-5c25d991 elementor-section-boxed elementor-section-height-default elementor-section-height-default\" data-id=\"5c25d991\" data-element_type=\"section\" data-e-type=\"section\">\n\t\t\t\t\t\t<div class=\"elementor-container elementor-column-gap-default\">\n\t\t\t\t\t<div class=\"elementor-column elementor-col-100 elementor-top-column elementor-element elementor-element-4044dcca\" data-id=\"4044dcca\" data-element_type=\"column\" data-e-type=\"column\">\n\t\t\t<div class=\"elementor-widget-wrap elementor-element-populated\">\n\t\t\t\t\t\t<div class=\"elementor-element elementor-element-4eea30c elementor-widget elementor-widget-text-editor\" data-id=\"4eea30c\" data-element_type=\"widget\" data-e-type=\"widget\" data-widget_type=\"text-editor.default\">\n\t\t\t\t<div class=\"elementor-widget-container\">\n\t\t\t\t\t\t\t\t\t<p>Buehler bietet ein komplettes Sortiment an metallographischen Verbrauchsmaterialien f\u00fcr den gesamten Prozess der Materialpr\u00e4paration und -analyse. Buehlers Auswahl an Trennscheiben, Einbettmitteln, Schleifscheiben, Poliersuspensionen und H\u00e4rtevergleichsbl\u00f6cken erm\u00f6glicht es Laboren, ihren Prozess f\u00fcr ihre Bed\u00fcrfnisse zu optimieren. Mit L\u00f6sungen von Buehler sparen Labore Zeit, verbessern die Konsistenz, reduzieren den Abfall, maximieren die Nutzungsdauer und minimieren die Gesundheitsgef\u00e4hrdung von Anwendern. Finden Sie das metallografische Zubeh\u00f6r, welches Sie f\u00fcr Ihr Labor ben\u00f6tigen, indem Sie auf die untenstehenden Kategoriebereiche klicken.<\/p>\t\t\t\t\t\t\t\t<\/div>\n\t\t\t\t<\/div>\n\t\t\t\t<div class=\"elementor-element elementor-element-21439607 elementor-position-left elementor-vertical-align-middle elementor-widget elementor-widget-image-box\" data-id=\"21439607\" data-element_type=\"widget\" data-e-type=\"widget\" data-widget_type=\"image-box.default\">\n\t\t\t\t<div class=\"elementor-widget-container\">\n\t\t\t\t\t<div class=\"elementor-image-box-wrapper\"><figure class=\"elementor-image-box-img\"><img fetchpriority=\"high\" decoding=\"async\" width=\"600\" height=\"600\" src=\"https:\/\/www.buehler.com\/de\/wp-content\/uploads\/sites\/9\/2021\/08\/premium-Abrasive-Cutter-Blades.png\" class=\"attachment-full size-full wp-image-1849\" alt=\"Trennscheiben\" srcset=\"https:\/\/www.buehler.com\/de\/wp-content\/uploads\/sites\/9\/2021\/08\/premium-Abrasive-Cutter-Blades.png 600w, https:\/\/www.buehler.com\/de\/wp-content\/uploads\/sites\/9\/2021\/08\/premium-Abrasive-Cutter-Blades-300x300.png 300w, https:\/\/www.buehler.com\/de\/wp-content\/uploads\/sites\/9\/2021\/08\/premium-Abrasive-Cutter-Blades-150x150.png 150w\" sizes=\"(max-width: 600px) 100vw, 600px\" \/><\/figure><div class=\"elementor-image-box-content\"><h2 class=\"elementor-image-box-title\">Trennen<\/h2><p class=\"elementor-image-box-description\">Die Probenpr\u00e4paration fu\u0308r mikrostrukturelle Untersuchungen beginnt bei der Schnittqualit\u00e4t. Ein geeignetes Ger\u00e4t mit einem festen und stabilen Spannstock minimiert die Tiefe der Deformationen auf der Probenoberfl\u00e4che. Die Trenn- und Pr\u00e4zisionstrennger\u00e4te sparen Zeit, indem sie die Schritte, die zur Analyse von Proben nach der Trennung erforderlich sind, begrenzen. <\/p><\/div><\/div>\t\t\t\t<\/div>\n\t\t\t\t<\/div>\n\t\t\t\t<div class=\"elementor-element elementor-element-5ed41f64 elementor-align-left elementor-widget elementor-widget-button\" data-id=\"5ed41f64\" data-element_type=\"widget\" data-e-type=\"widget\" data-widget_type=\"button.default\">\n\t\t\t\t<div class=\"elementor-widget-container\">\n\t\t\t\t\t\t\t\t\t<div class=\"elementor-button-wrapper\">\n\t\t\t\t\t<a class=\"elementor-button elementor-button-link elementor-size-md\" href=\"https:\/\/www.buehler.com\/de\/produkte\/trennen\/zubehoer-und-verbrauchsmaterialien\/\">\n\t\t\t\t\t\t<span class=\"elementor-button-content-wrapper\">\n\t\t\t\t\t\t\t\t\t<span class=\"elementor-button-text\">Mehr<\/span>\n\t\t\t\t\t<\/span>\n\t\t\t\t\t<\/a>\n\t\t\t\t<\/div>\n\t\t\t\t\t\t\t\t<\/div>\n\t\t\t\t<\/div>\n\t\t\t\t<div class=\"elementor-element elementor-element-7f06b5df elementor-position-left elementor-vertical-align-middle elementor-widget elementor-widget-image-box\" data-id=\"7f06b5df\" data-element_type=\"widget\" data-e-type=\"widget\" data-widget_type=\"image-box.default\">\n\t\t\t\t<div class=\"elementor-widget-container\">\n\t\t\t\t\t<div class=\"elementor-image-box-wrapper\"><figure class=\"elementor-image-box-img\"><img decoding=\"async\" width=\"580\" height=\"600\" src=\"https:\/\/www.buehler.com\/de\/wp-content\/uploads\/sites\/9\/2021\/09\/203200500-PhenocureRedMount.jpg\" class=\"attachment-full size-full wp-image-4955\" alt=\"Warmeinbettpulverund Vorpresslinge\" srcset=\"https:\/\/www.buehler.com\/de\/wp-content\/uploads\/sites\/9\/2021\/09\/203200500-PhenocureRedMount.jpg 580w, https:\/\/www.buehler.com\/de\/wp-content\/uploads\/sites\/9\/2021\/09\/203200500-PhenocureRedMount-290x300.jpg 290w\" sizes=\"(max-width: 580px) 100vw, 580px\" \/><\/figure><div class=\"elementor-image-box-content\"><h3 class=\"elementor-image-box-title\">Einbetten<\/h3><p class=\"elementor-image-box-description\">Die Gr\u00fcnde f\u00fcr das Einbetten sind eine bessere Handhabung der Probe und die Erhaltung der Kantensch\u00e4rfe. Bei der Entscheidung, welche Einbettungstechnik verwendet werden soll, ber\u00fccksichtigen Sie die Gr\u00f6\u00dfe und Geometrie Ihrer Probe, deren Anf\u00e4lligkeit f\u00fcr W\u00e4rme und den erforderlichen Durchsatz. <\/p><\/div><\/div>\t\t\t\t<\/div>\n\t\t\t\t<\/div>\n\t\t\t\t<div class=\"elementor-element elementor-element-69773c88 elementor-align-left elementor-widget elementor-widget-button\" data-id=\"69773c88\" data-element_type=\"widget\" data-e-type=\"widget\" data-widget_type=\"button.default\">\n\t\t\t\t<div class=\"elementor-widget-container\">\n\t\t\t\t\t\t\t\t\t<div class=\"elementor-button-wrapper\">\n\t\t\t\t\t<a class=\"elementor-button elementor-button-link elementor-size-md\" href=\"https:\/\/www.buehler.com\/de\/produkte\/einbetten\/zubehoer-und-verbrauchsmaterialien\/\">\n\t\t\t\t\t\t<span class=\"elementor-button-content-wrapper\">\n\t\t\t\t\t\t\t\t\t<span class=\"elementor-button-text\">Mehr<\/span>\n\t\t\t\t\t<\/span>\n\t\t\t\t\t<\/a>\n\t\t\t\t<\/div>\n\t\t\t\t\t\t\t\t<\/div>\n\t\t\t\t<\/div>\n\t\t\t\t<div class=\"elementor-element elementor-element-91066a1 elementor-position-left elementor-vertical-align-middle elementor-widget elementor-widget-image-box\" data-id=\"91066a1\" data-element_type=\"widget\" data-e-type=\"widget\" data-widget_type=\"image-box.default\">\n\t\t\t\t<div class=\"elementor-widget-container\">\n\t\t\t\t\t<div class=\"elementor-image-box-wrapper\"><figure class=\"elementor-image-box-img\"><img decoding=\"async\" width=\"600\" height=\"600\" src=\"https:\/\/www.buehler.com\/de\/wp-content\/uploads\/sites\/9\/2021\/08\/GP-Family-600x600-1.png\" class=\"attachment-full size-full wp-image-1663\" alt=\"Consumables for Metallographic Testing and Analysis\" srcset=\"https:\/\/www.buehler.com\/de\/wp-content\/uploads\/sites\/9\/2021\/08\/GP-Family-600x600-1.png 600w, https:\/\/www.buehler.com\/de\/wp-content\/uploads\/sites\/9\/2021\/08\/GP-Family-600x600-1-300x300.png 300w, https:\/\/www.buehler.com\/de\/wp-content\/uploads\/sites\/9\/2021\/08\/GP-Family-600x600-1-150x150.png 150w\" sizes=\"(max-width: 600px) 100vw, 600px\" \/><\/figure><div class=\"elementor-image-box-content\"><h4 class=\"elementor-image-box-title\">Schleifen und Polieren<\/h4><p class=\"elementor-image-box-description\">Schleif- und Polierprozesse dienen dazu eine Probe m\u00f6glichst deformationsfrei zu pr\u00e4parieren, um die Probenanalyse zu erm\u00f6glichen. Es gibt eine Vielzahl von Pr\u00e4parationsmethoden, die fu\u0308r jeden Werkstoff abgestimmt sind. Ob Sie den schnellsten Pr\u00e4parationsprozess, die beste Oberfl\u00e4chenqualit\u00e4t oder auf eine vielseitige Pr\u00e4parationsmethode angewiesen sind, Buehler hat die beste L\u00f6sung fu\u0308r Sie parat.<\/p><\/div><\/div>\t\t\t\t<\/div>\n\t\t\t\t<\/div>\n\t\t\t\t<div class=\"elementor-element elementor-element-7fc1622 elementor-align-left elementor-widget elementor-widget-button\" data-id=\"7fc1622\" data-element_type=\"widget\" data-e-type=\"widget\" data-widget_type=\"button.default\">\n\t\t\t\t<div class=\"elementor-widget-container\">\n\t\t\t\t\t\t\t\t\t<div class=\"elementor-button-wrapper\">\n\t\t\t\t\t<a class=\"elementor-button elementor-button-link elementor-size-md\" href=\"https:\/\/www.buehler.com\/de\/produkte\/schleifen-und-polieren\/zubehoer-und-verbrauchsmaterialien\/\">\n\t\t\t\t\t\t<span class=\"elementor-button-content-wrapper\">\n\t\t\t\t\t\t\t\t\t<span class=\"elementor-button-text\">Mehr<\/span>\n\t\t\t\t\t<\/span>\n\t\t\t\t\t<\/a>\n\t\t\t\t<\/div>\n\t\t\t\t\t\t\t\t<\/div>\n\t\t\t\t<\/div>\n\t\t\t\t<div class=\"elementor-element elementor-element-66679106 elementor-position-left elementor-vertical-align-middle elementor-widget elementor-widget-image-box\" data-id=\"66679106\" data-element_type=\"widget\" data-e-type=\"widget\" data-widget_type=\"image-box.default\">\n\t\t\t\t<div class=\"elementor-widget-container\">\n\t\t\t\t\t<div class=\"elementor-image-box-wrapper\"><figure class=\"elementor-image-box-img\"><img loading=\"lazy\" decoding=\"async\" width=\"600\" height=\"600\" src=\"https:\/\/www.buehler.com\/de\/wp-content\/uploads\/sites\/9\/2021\/10\/Modular.jpg\" class=\"attachment-full size-full wp-image-8278\" alt=\"OmniMet Software for Image and Analysis\" srcset=\"https:\/\/www.buehler.com\/de\/wp-content\/uploads\/sites\/9\/2021\/10\/Modular.jpg 600w, https:\/\/www.buehler.com\/de\/wp-content\/uploads\/sites\/9\/2021\/10\/Modular-300x300.jpg 300w, https:\/\/www.buehler.com\/de\/wp-content\/uploads\/sites\/9\/2021\/10\/Modular-150x150.jpg 150w\" sizes=\"(max-width: 600px) 100vw, 600px\" \/><\/figure><div class=\"elementor-image-box-content\"><h4 class=\"elementor-image-box-title\">OmniMet Software<\/h4><p class=\"elementor-image-box-description\"> OmniMet\u2122 liefert umfangreiche M\u00f6glichkeiten fu\u0308r die Bildauswertung, kombiniert mit einer flexiblen Datenbankfunktionalit\u00e4t. OmniMet l\u00e4sst sich mit intuitiv bedienbaren Point-und Click-Funktionen, vorprogrammierten Auswertungsroutinen oder der Option zur Ausfu\u0308hrung benutzerdefinierter Auswertungsskripte an die Aufgabenstellung anpassen. Die Datenbank nutzt einen mehrstufigen Ansatz, um die verschiedenen Benutzer und Bilddaten mit beispielloser Benutzerfreundlichkeit zu organisieren.<\/p><\/div><\/div>\t\t\t\t<\/div>\n\t\t\t\t<\/div>\n\t\t\t\t<div class=\"elementor-element elementor-element-1e13ade7 elementor-align-left elementor-widget elementor-widget-button\" data-id=\"1e13ade7\" data-element_type=\"widget\" data-e-type=\"widget\" data-widget_type=\"button.default\">\n\t\t\t\t<div class=\"elementor-widget-container\">\n\t\t\t\t\t\t\t\t\t<div class=\"elementor-button-wrapper\">\n\t\t\t\t\t<a class=\"elementor-button elementor-button-link elementor-size-md\" href=\"https:\/\/www.buehler.com\/de\/produkte\/bildgebung-und-analyse\/software\/\">\n\t\t\t\t\t\t<span class=\"elementor-button-content-wrapper\">\n\t\t\t\t\t\t\t\t\t<span class=\"elementor-button-text\">Mehr<\/span>\n\t\t\t\t\t<\/span>\n\t\t\t\t\t<\/a>\n\t\t\t\t<\/div>\n\t\t\t\t\t\t\t\t<\/div>\n\t\t\t\t<\/div>\n\t\t\t\t<div class=\"elementor-element elementor-element-74cbcfc elementor-position-left elementor-vertical-align-middle elementor-widget elementor-widget-image-box\" data-id=\"74cbcfc\" data-element_type=\"widget\" data-e-type=\"widget\" data-widget_type=\"image-box.default\">\n\t\t\t\t<div class=\"elementor-widget-container\">\n\t\t\t\t\t<div class=\"elementor-image-box-wrapper\"><figure class=\"elementor-image-box-img\"><img loading=\"lazy\" decoding=\"async\" width=\"500\" height=\"500\" src=\"https:\/\/www.buehler.com\/de\/wp-content\/uploads\/sites\/9\/2021\/10\/0012934_310hv30-vickers-test-block.png\" class=\"attachment-full size-full wp-image-8604\" alt=\"Wilson-Rockwell-H\u00e4rtevergleichsplatten\" srcset=\"https:\/\/www.buehler.com\/de\/wp-content\/uploads\/sites\/9\/2021\/10\/0012934_310hv30-vickers-test-block.png 500w, https:\/\/www.buehler.com\/de\/wp-content\/uploads\/sites\/9\/2021\/10\/0012934_310hv30-vickers-test-block-300x300.png 300w, https:\/\/www.buehler.com\/de\/wp-content\/uploads\/sites\/9\/2021\/10\/0012934_310hv30-vickers-test-block-150x150.png 150w\" sizes=\"(max-width: 500px) 100vw, 500px\" \/><\/figure><div class=\"elementor-image-box-content\"><h4 class=\"elementor-image-box-title\">H\u00e4rtepr\u00fcfung<\/h4><p class=\"elementor-image-box-description\">Wilson\u00ae H\u00e4rtepru\u0308fger\u00e4te umfassen ein breites Spektrum an Pru\u0308fger\u00e4ten zur Rockwell\u00ae-, Vickers\/Knoop- und Brinell- Pru\u0308fung einschlie\u00dflich komplett vollautomatischer Systeme. Das Produktspektrum wird durch eine Palette an H\u00e4rtevergleichsplatten, Zubeh\u00f6rteilen und Spannmittel abgerundet. Das Wilson Referenzk\u00f6rper Labor ist nach ISO\/IEC 17025 zertifiziert und als Weltmarktfu\u0308hrer bei der Produktion von erstklassigen Pru\u0308fk\u00f6rpern und Eindringk\u00f6rpern anerkannt.<\/p><\/div><\/div>\t\t\t\t<\/div>\n\t\t\t\t<\/div>\n\t\t\t\t<div class=\"elementor-element elementor-element-40f8cdc elementor-align-left elementor-widget elementor-widget-button\" data-id=\"40f8cdc\" data-element_type=\"widget\" data-e-type=\"widget\" data-widget_type=\"button.default\">\n\t\t\t\t<div class=\"elementor-widget-container\">\n\t\t\t\t\t\t\t\t\t<div class=\"elementor-button-wrapper\">\n\t\t\t\t\t<a class=\"elementor-button elementor-button-link elementor-size-md\" href=\"https:\/\/www.buehler.com\/de\/produkte\/haertepruefung\/haertevergleichsplatten\/\">\n\t\t\t\t\t\t<span class=\"elementor-button-content-wrapper\">\n\t\t\t\t\t\t\t\t\t<span class=\"elementor-button-text\">Mehr<\/span>\n\t\t\t\t\t<\/span>\n\t\t\t\t\t<\/a>\n\t\t\t\t<\/div>\n\t\t\t\t\t\t\t\t<\/div>\n\t\t\t\t<\/div>\n\t\t\t\t\t<\/div>\n\t\t<\/div>\n\t\t\t\t\t<\/div>\n\t\t<\/section>\n\t\t\t\t<\/div>\n\t\t","protected":false},"excerpt":{"rendered":"<p>Verbrauchsmaterialien f\u00fcr Materialvorbereitungstests und -analysen Buehler bietet ein komplettes Sortiment an metallographischen Verbrauchsmaterialien f\u00fcr den gesamten Prozess der Materialpr\u00e4paration und -analyse. Buehlers Auswahl an Trennscheiben, Einbettmitteln, Schleifscheiben, Poliersuspensionen und H\u00e4rtevergleichsbl\u00f6cken erm\u00f6glicht es Laboren, ihren Prozess f\u00fcr ihre Bed\u00fcrfnisse zu optimieren. Mit L\u00f6sungen von Buehler sparen Labore Zeit, verbessern die Konsistenz, reduzieren den Abfall, maximieren die [&hellip;]<\/p>\n","protected":false},"author":1,"featured_media":0,"parent":39,"menu_order":0,"comment_status":"closed","ping_status":"closed","template":"elementor_header_footer","meta":{"footnotes":""},"class_list":["post-9540","page","type-page","status-publish","hentry"],"_links":{"self":[{"href":"https:\/\/www.buehler.com\/de\/wp-json\/wp\/v2\/pages\/9540","targetHints":{"allow":["GET"]}}],"collection":[{"href":"https:\/\/www.buehler.com\/de\/wp-json\/wp\/v2\/pages"}],"about":[{"href":"https:\/\/www.buehler.com\/de\/wp-json\/wp\/v2\/types\/page"}],"author":[{"embeddable":true,"href":"https:\/\/www.buehler.com\/de\/wp-json\/wp\/v2\/users\/1"}],"replies":[{"embeddable":true,"href":"https:\/\/www.buehler.com\/de\/wp-json\/wp\/v2\/comments?post=9540"}],"version-history":[{"count":17,"href":"https:\/\/www.buehler.com\/de\/wp-json\/wp\/v2\/pages\/9540\/revisions"}],"predecessor-version":[{"id":17839,"href":"https:\/\/www.buehler.com\/de\/wp-json\/wp\/v2\/pages\/9540\/revisions\/17839"}],"up":[{"embeddable":true,"href":"https:\/\/www.buehler.com\/de\/wp-json\/wp\/v2\/pages\/39"}],"wp:attachment":[{"href":"https:\/\/www.buehler.com\/de\/wp-json\/wp\/v2\/media?parent=9540"}],"curies":[{"name":"wp","href":"https:\/\/api.w.org\/{rel}","templated":true}]}}