{"id":8492,"date":"2021-10-18T14:58:14","date_gmt":"2021-10-18T12:58:14","guid":{"rendered":"https:\/\/buehler.com\/de\/?page_id=8492"},"modified":"2023-07-26T18:03:03","modified_gmt":"2023-07-26T16:03:03","slug":"brinell-und-universal-haerteprufmaschinen","status":"publish","type":"page","link":"https:\/\/www.buehler.com\/de\/produkte\/haertepruefung\/brinell-und-universal-haerteprufmaschinen\/","title":{"rendered":"Brinell und Universal-H\u00e4rtepru\u0308fmaschinen"},"content":{"rendered":"\t\t<div data-elementor-type=\"wp-page\" data-elementor-id=\"8492\" class=\"elementor elementor-8492\" data-elementor-post-type=\"page\">\n\t\t\t\t\t\t<section data-particle_enable=\"false\" data-particle-mobile-disabled=\"false\" class=\"elementor-section elementor-top-section elementor-element elementor-element-4c6c8d25 elementor-section-full_width elementor-section-height-default elementor-section-height-default\" data-id=\"4c6c8d25\" data-element_type=\"section\" data-e-type=\"section\">\n\t\t\t\t\t\t<div class=\"elementor-container elementor-column-gap-default\">\n\t\t\t\t\t<div class=\"elementor-column elementor-col-100 elementor-top-column elementor-element elementor-element-6a8d9547\" data-id=\"6a8d9547\" data-element_type=\"column\" data-e-type=\"column\">\n\t\t\t<div class=\"elementor-widget-wrap elementor-element-populated\">\n\t\t\t\t\t\t<div class=\"elementor-element elementor-element-ac097a elementor-widget elementor-widget-heading\" data-id=\"ac097a\" data-element_type=\"widget\" data-e-type=\"widget\" data-widget_type=\"heading.default\">\n\t\t\t\t<div class=\"elementor-widget-container\">\n\t\t\t\t\t<h1 class=\"elementor-heading-title elementor-size-default\">Brinell und Universal-H\u00e4rtepru\u0308fmaschinen f\u00fcr die metallografische Probenvorbereitung<\/h1>\t\t\t\t<\/div>\n\t\t\t\t<\/div>\n\t\t\t\t\t<\/div>\n\t\t<\/div>\n\t\t\t\t\t<\/div>\n\t\t<\/section>\n\t\t\t\t<section data-particle_enable=\"false\" data-particle-mobile-disabled=\"false\" class=\"elementor-section elementor-top-section elementor-element elementor-element-65a90378 elementor-section-boxed elementor-section-height-default elementor-section-height-default\" data-id=\"65a90378\" data-element_type=\"section\" data-e-type=\"section\">\n\t\t\t\t\t\t<div class=\"elementor-container elementor-column-gap-default\">\n\t\t\t\t\t<div class=\"elementor-column elementor-col-100 elementor-top-column elementor-element elementor-element-190b2132\" data-id=\"190b2132\" data-element_type=\"column\" data-e-type=\"column\">\n\t\t\t<div class=\"elementor-widget-wrap elementor-element-populated\">\n\t\t\t\t\t\t<div class=\"elementor-element elementor-element-1161a79d elementor-widget elementor-widget-text-editor\" data-id=\"1161a79d\" data-element_type=\"widget\" data-e-type=\"widget\" data-widget_type=\"text-editor.default\">\n\t\t\t\t<div class=\"elementor-widget-container\">\n\t\t\t\t\t\t\t\t\t<p>Die Universalh\u00e4rtepru\u0308fger\u00e4te aus der Serie UH4000 eignen sich besonders fu\u0308r produktionsnahe Labore mit hohem Probendurchsatz und fu\u0308r den Einsatz in der Fertigung. Die Ger\u00e4te stehen in zwei verschiedenen Konfigurationen zur Verfu\u0308gung: UH4250 und UH4750. Mit den Ger\u00e4ten k\u00f6nnen mit einer einzigen Maschine H\u00e4rtepru\u0308fungen nach unterschiedlichen Skalen durchgefu\u0308hrt werden, in den meisten F\u00e4llen mit h\u00f6heren Pru\u0308fkr\u00e4ften.<\/p>\t\t\t\t\t\t\t\t<\/div>\n\t\t\t\t<\/div>\n\t\t\t\t<div class=\"elementor-element elementor-element-66bff0c elementor-position-left elementor-vertical-align-middle elementor-widget elementor-widget-image-box\" data-id=\"66bff0c\" data-element_type=\"widget\" data-e-type=\"widget\" data-widget_type=\"image-box.default\">\n\t\t\t\t<div class=\"elementor-widget-container\">\n\t\t\t\t\t<div class=\"elementor-image-box-wrapper\"><figure class=\"elementor-image-box-img\"><img fetchpriority=\"high\" decoding=\"async\" width=\"600\" height=\"600\" src=\"https:\/\/www.buehler.com\/de\/wp-content\/uploads\/sites\/9\/2021\/10\/UH4250-Auto.png\" class=\"attachment-full size-full wp-image-9158\" alt=\"Wilson\u00ae UH4000 Universalh\u00e4rtepr\u00fcfer\" srcset=\"https:\/\/www.buehler.com\/de\/wp-content\/uploads\/sites\/9\/2021\/10\/UH4250-Auto.png 600w, https:\/\/www.buehler.com\/de\/wp-content\/uploads\/sites\/9\/2021\/10\/UH4250-Auto-300x300.png 300w, https:\/\/www.buehler.com\/de\/wp-content\/uploads\/sites\/9\/2021\/10\/UH4250-Auto-150x150.png 150w\" sizes=\"(max-width: 600px) 100vw, 600px\" \/><\/figure><div class=\"elementor-image-box-content\"><h2 class=\"elementor-image-box-title\">Universalh\u00e4rtepr\u00fcfger\u00e4t Wilson\u00ae UH4000<\/h2><p class=\"elementor-image-box-description\">Die Universalh\u00e4rtepr\u00fcfger\u00e4te Serie UH 4000 sind f\u00fcr produktionsnahe Labore und Fertigungsumgebungen mit hohem Probenaufkommen konzipiert. Die H\u00e4rtepr\u00fcfger\u00e4te der Serie UH4000 werden in zwei unterschiedlichen Konfigurationen angeboten - UH4250 und UH 4750. Universalh\u00e4rtepr\u00fcfger\u00e4te erlauben die Durchf\u00fchrung von H\u00e4rtepr\u00fcfungen nach unterschiedlichen H\u00e4rteskalen auf einer einzigen Maschine, normalerweise mit h\u00f6heren Pr\u00fcfkr\u00e4ften (&gt;5kgf).<\/p><\/div><\/div>\t\t\t\t<\/div>\n\t\t\t\t<\/div>\n\t\t\t\t<div class=\"elementor-element elementor-element-60a1d328 elementor-align-left elementor-widget elementor-widget-button\" data-id=\"60a1d328\" data-element_type=\"widget\" data-e-type=\"widget\" data-widget_type=\"button.default\">\n\t\t\t\t<div class=\"elementor-widget-container\">\n\t\t\t\t\t\t\t\t\t<div class=\"elementor-button-wrapper\">\n\t\t\t\t\t<a class=\"elementor-button elementor-button-link elementor-size-md\" href=\"https:\/\/www.buehler.com\/de\/produkte\/haertepruefung\/brinell-und-universal-haerteprufmaschinen\/universalhaertepruefgeraet-wilson-uh4000\/\">\n\t\t\t\t\t\t<span class=\"elementor-button-content-wrapper\">\n\t\t\t\t\t\t\t\t\t<span class=\"elementor-button-text\">Mehr<\/span>\n\t\t\t\t\t<\/span>\n\t\t\t\t\t<\/a>\n\t\t\t\t<\/div>\n\t\t\t\t\t\t\t\t<\/div>\n\t\t\t\t<\/div>\n\t\t\t\t<div class=\"elementor-element elementor-element-44341a87 elementor-position-left elementor-vertical-align-middle elementor-widget elementor-widget-image-box\" data-id=\"44341a87\" data-element_type=\"widget\" data-e-type=\"widget\" data-widget_type=\"image-box.default\">\n\t\t\t\t<div class=\"elementor-widget-container\">\n\t\t\t\t\t<div class=\"elementor-image-box-wrapper\"><figure class=\"elementor-image-box-img\"><img decoding=\"async\" width=\"600\" height=\"600\" src=\"https:\/\/www.buehler.com\/de\/wp-content\/uploads\/sites\/9\/2021\/10\/BH3000.png\" class=\"attachment-full size-full wp-image-8580\" alt=\"Wilson\u00ae BH3000 Brinell-H\u00e4rtepr\u00fcfer\" srcset=\"https:\/\/www.buehler.com\/de\/wp-content\/uploads\/sites\/9\/2021\/10\/BH3000.png 600w, https:\/\/www.buehler.com\/de\/wp-content\/uploads\/sites\/9\/2021\/10\/BH3000-300x300.png 300w, https:\/\/www.buehler.com\/de\/wp-content\/uploads\/sites\/9\/2021\/10\/BH3000-150x150.png 150w\" sizes=\"(max-width: 600px) 100vw, 600px\" \/><\/figure><div class=\"elementor-image-box-content\"><h3 class=\"elementor-image-box-title\">Brinell-H\u00e4rtepr\u00fcfger\u00e4t Wilson\u00ae BH3000<\/h3><p class=\"elementor-image-box-description\">Das Wilson BH3000 ist ein robustes Ger\u00e4t f\u00fcr Brinell-H\u00e4rtepr\u00fcfungen bis zu 30 kN (3.000 kgf), was f\u00fcr einen Brinell-Pr\u00fcfkraftbereich von 62,5 kgf bis 3.000 kgf ideal ist. Solide gebaut f\u00fcr erschwerte Einsatzbedingungen, garantiert die zuverl\u00e4ssige Brinell-H\u00e4rtepr\u00fcfmaschine BH3000 mit seiner hohen Formbest\u00e4ndigkeit und seinem Lastzellen-Regelkreis die pr\u00e4zise und sichere Aufbringung von Pr\u00fcflasten. Hauptmerkmale des Brinell-H\u00e4rtepr\u00fcfger\u00e4ts BH3000 sind eine Spannvorrichtung f\u00fcr die Befestigung von Werkst\u00fccken am austauschbaren Druckstempel, eine anwenderfreundliche Bedienerschnittstelle zum Einrichten und Bedienen des Pr\u00fcfger\u00e4ts, ein integrierter Rechner zur pr\u00e4zisen Darstellung von HB-H\u00e4rtewerten und ein LCD-Bildschirm. Gro\u00dfer Lastbereich der Brinellskala 612 N-29,42 KN (62,5 kgf-3.000 kgf).<\/p><\/div><\/div>\t\t\t\t<\/div>\n\t\t\t\t<\/div>\n\t\t\t\t<div class=\"elementor-element elementor-element-295e5933 elementor-align-left elementor-widget elementor-widget-button\" data-id=\"295e5933\" data-element_type=\"widget\" data-e-type=\"widget\" data-widget_type=\"button.default\">\n\t\t\t\t<div class=\"elementor-widget-container\">\n\t\t\t\t\t\t\t\t\t<div class=\"elementor-button-wrapper\">\n\t\t\t\t\t<a class=\"elementor-button elementor-button-link elementor-size-md\" href=\"https:\/\/www.buehler.com\/de\/produkte\/haertepruefung\/brinell-und-universal-haerteprufmaschinen\/brinell-haertepruefgeraet-wilson-bh3000\/\">\n\t\t\t\t\t\t<span class=\"elementor-button-content-wrapper\">\n\t\t\t\t\t\t\t\t\t<span class=\"elementor-button-text\">Mehr<\/span>\n\t\t\t\t\t<\/span>\n\t\t\t\t\t<\/a>\n\t\t\t\t<\/div>\n\t\t\t\t\t\t\t\t<\/div>\n\t\t\t\t<\/div>\n\t\t\t\t\t<\/div>\n\t\t<\/div>\n\t\t\t\t\t<\/div>\n\t\t<\/section>\n\t\t\t\t<\/div>\n\t\t","protected":false},"excerpt":{"rendered":"<p>Brinell und Universal-H\u00e4rtepru\u0308fmaschinen f\u00fcr die metallografische Probenvorbereitung Die Universalh\u00e4rtepru\u0308fger\u00e4te aus der Serie UH4000 eignen sich besonders fu\u0308r produktionsnahe Labore mit hohem Probendurchsatz und fu\u0308r den Einsatz in der Fertigung. Die Ger\u00e4te stehen in zwei verschiedenen Konfigurationen zur Verfu\u0308gung: UH4250 und UH4750. Mit den Ger\u00e4ten k\u00f6nnen mit einer einzigen Maschine H\u00e4rtepru\u0308fungen nach unterschiedlichen Skalen durchgefu\u0308hrt werden, [&hellip;]<\/p>\n","protected":false},"author":1,"featured_media":0,"parent":8474,"menu_order":0,"comment_status":"closed","ping_status":"closed","template":"elementor_header_footer","meta":{"footnotes":""},"class_list":["post-8492","page","type-page","status-publish","hentry"],"_links":{"self":[{"href":"https:\/\/www.buehler.com\/de\/wp-json\/wp\/v2\/pages\/8492","targetHints":{"allow":["GET"]}}],"collection":[{"href":"https:\/\/www.buehler.com\/de\/wp-json\/wp\/v2\/pages"}],"about":[{"href":"https:\/\/www.buehler.com\/de\/wp-json\/wp\/v2\/types\/page"}],"author":[{"embeddable":true,"href":"https:\/\/www.buehler.com\/de\/wp-json\/wp\/v2\/users\/1"}],"replies":[{"embeddable":true,"href":"https:\/\/www.buehler.com\/de\/wp-json\/wp\/v2\/comments?post=8492"}],"version-history":[{"count":21,"href":"https:\/\/www.buehler.com\/de\/wp-json\/wp\/v2\/pages\/8492\/revisions"}],"predecessor-version":[{"id":18775,"href":"https:\/\/www.buehler.com\/de\/wp-json\/wp\/v2\/pages\/8492\/revisions\/18775"}],"up":[{"embeddable":true,"href":"https:\/\/www.buehler.com\/de\/wp-json\/wp\/v2\/pages\/8474"}],"wp:attachment":[{"href":"https:\/\/www.buehler.com\/de\/wp-json\/wp\/v2\/media?parent=8492"}],"curies":[{"name":"wp","href":"https:\/\/api.w.org\/{rel}","templated":true}]}}