{"id":8482,"date":"2021-10-18T14:55:36","date_gmt":"2021-10-18T12:55:36","guid":{"rendered":"https:\/\/buehler.com\/de\/?page_id=8482"},"modified":"2022-05-23T15:30:16","modified_gmt":"2022-05-23T13:30:16","slug":"vickers-knoop-haertepru%cc%88fgeraete","status":"publish","type":"page","link":"https:\/\/www.buehler.com\/de\/produkte\/haertepruefung\/vickers-knoop-haertepru%cc%88fgeraete\/","title":{"rendered":"Vickers-Knoop-H\u00e4rtepru\u0308fger\u00e4te"},"content":{"rendered":"\t\t<div data-elementor-type=\"wp-page\" data-elementor-id=\"8482\" class=\"elementor elementor-8482\" data-elementor-post-type=\"page\">\n\t\t\t\t\t\t<section data-particle_enable=\"false\" data-particle-mobile-disabled=\"false\" class=\"elementor-section elementor-top-section elementor-element elementor-element-67fb235e elementor-section-full_width elementor-section-height-default elementor-section-height-default\" data-id=\"67fb235e\" data-element_type=\"section\" data-e-type=\"section\">\n\t\t\t\t\t\t<div class=\"elementor-container elementor-column-gap-default\">\n\t\t\t\t\t<div class=\"elementor-column elementor-col-100 elementor-top-column elementor-element elementor-element-6ebaacb\" data-id=\"6ebaacb\" data-element_type=\"column\" data-e-type=\"column\">\n\t\t\t<div class=\"elementor-widget-wrap elementor-element-populated\">\n\t\t\t\t\t\t<div class=\"elementor-element elementor-element-76ce3ab2 elementor-widget elementor-widget-heading\" data-id=\"76ce3ab2\" data-element_type=\"widget\" data-e-type=\"widget\" data-widget_type=\"heading.default\">\n\t\t\t\t<div class=\"elementor-widget-container\">\n\t\t\t\t\t<h1 class=\"elementor-heading-title elementor-size-default\">Vickers-Knoop-H\u00e4rtepru\u0308fger\u00e4te f\u00fcr die metallografische Probenvorbereitung<\/h1>\t\t\t\t<\/div>\n\t\t\t\t<\/div>\n\t\t\t\t\t<\/div>\n\t\t<\/div>\n\t\t\t\t\t<\/div>\n\t\t<\/section>\n\t\t\t\t<section data-particle_enable=\"false\" data-particle-mobile-disabled=\"false\" class=\"elementor-section elementor-top-section elementor-element elementor-element-7c91dde7 elementor-section-boxed elementor-section-height-default elementor-section-height-default\" data-id=\"7c91dde7\" data-element_type=\"section\" data-e-type=\"section\">\n\t\t\t\t\t\t<div class=\"elementor-container elementor-column-gap-default\">\n\t\t\t\t\t<div class=\"elementor-column elementor-col-100 elementor-top-column elementor-element elementor-element-3dbca98e\" data-id=\"3dbca98e\" data-element_type=\"column\" data-e-type=\"column\">\n\t\t\t<div class=\"elementor-widget-wrap elementor-element-populated\">\n\t\t\t\t\t\t<div class=\"elementor-element elementor-element-46acdc10 elementor-widget elementor-widget-text-editor\" data-id=\"46acdc10\" data-element_type=\"widget\" data-e-type=\"widget\" data-widget_type=\"text-editor.default\">\n\t\t\t\t<div class=\"elementor-widget-container\">\n\t\t\t\t\t\t\t\t\t<p>Das vollautomatische Wilson H\u00e4rtepru\u0308fsystem bietet eine vollst\u00e4ndig integrierte Plattform fu\u0308r alle Vickers- und Knoop H\u00e4rtepru\u0308fungsanforderungen. Von dem modernen modularen Konzept, dem Probentisch und der Optik bis hin zu einer Bedieneroberfl\u00e4che mit umfassenden Funktionen erfu\u0308llen unsere VH3100 und VH3300 Pru\u0308fger\u00e4te Ihre wachsenden Anspru\u0308che &#8211; heute, morgen und zuku\u0308nftig.<\/p>\t\t\t\t\t\t\t\t<\/div>\n\t\t\t\t<\/div>\n\t\t\t\t<div class=\"elementor-element elementor-element-7dcccafe elementor-position-left elementor-vertical-align-middle elementor-widget elementor-widget-image-box\" data-id=\"7dcccafe\" data-element_type=\"widget\" data-e-type=\"widget\" data-widget_type=\"image-box.default\">\n\t\t\t\t<div class=\"elementor-widget-container\">\n\t\t\t\t\t<div class=\"elementor-image-box-wrapper\"><figure class=\"elementor-image-box-img\"><img fetchpriority=\"high\" decoding=\"async\" width=\"600\" height=\"600\" src=\"https:\/\/www.buehler.com\/de\/wp-content\/uploads\/sites\/9\/2021\/10\/VH3300_front-view_no-monitor.png\" class=\"attachment-full size-full wp-image-8559\" alt=\"Wilson\u00ae VH3300 H\u00e4rtepr\u00fcfger\u00e4t\" srcset=\"https:\/\/www.buehler.com\/de\/wp-content\/uploads\/sites\/9\/2021\/10\/VH3300_front-view_no-monitor.png 600w, https:\/\/www.buehler.com\/de\/wp-content\/uploads\/sites\/9\/2021\/10\/VH3300_front-view_no-monitor-300x300.png 300w, https:\/\/www.buehler.com\/de\/wp-content\/uploads\/sites\/9\/2021\/10\/VH3300_front-view_no-monitor-150x150.png 150w\" sizes=\"(max-width: 600px) 100vw, 600px\" \/><\/figure><div class=\"elementor-image-box-content\"><h2 class=\"elementor-image-box-title\">Automatisches H\u00e4rtepr\u00fcfger\u00e4t Wilson\u00ae VH3300<\/h2><p class=\"elementor-image-box-description\">Dieses vollautomatische Wilson H\u00e4rtepr\u00fcfsystem bietet eine vollst\u00e4ndig integrierte Plattform f\u00fcr alle Vickers- und Knoop-H\u00e4rtetestanforderungen. Von dem modernen modularen Konzept, dem Tisch und der Optik bis hin zu einer Bedieneroberfl\u00e4che mit umfassenden Funktionen erf\u00fcllt unser VH3300 Pr\u00fcfger\u00e4t Ihre wachsenden Anspr\u00fcche - heute, morgen und zuk\u00fcnftig.<\/p><\/div><\/div>\t\t\t\t<\/div>\n\t\t\t\t<\/div>\n\t\t\t\t<div class=\"elementor-element elementor-element-ba10434 elementor-align-left elementor-widget elementor-widget-button\" data-id=\"ba10434\" data-element_type=\"widget\" data-e-type=\"widget\" data-widget_type=\"button.default\">\n\t\t\t\t<div class=\"elementor-widget-container\">\n\t\t\t\t\t\t\t\t\t<div class=\"elementor-button-wrapper\">\n\t\t\t\t\t<a class=\"elementor-button elementor-button-link elementor-size-md\" href=\"https:\/\/www.buehler.com\/de\/produkte\/haertepruefung\/vickers-knoop-haertepru%cc%88fgeraete\/automatisches-haertepruefgeraet-wilson-vh3300\/\">\n\t\t\t\t\t\t<span class=\"elementor-button-content-wrapper\">\n\t\t\t\t\t\t\t\t\t<span class=\"elementor-button-text\">Mehr<\/span>\n\t\t\t\t\t<\/span>\n\t\t\t\t\t<\/a>\n\t\t\t\t<\/div>\n\t\t\t\t\t\t\t\t<\/div>\n\t\t\t\t<\/div>\n\t\t\t\t<div class=\"elementor-element elementor-element-4086e846 elementor-position-left elementor-vertical-align-middle elementor-widget elementor-widget-image-box\" data-id=\"4086e846\" data-element_type=\"widget\" data-e-type=\"widget\" data-widget_type=\"image-box.default\">\n\t\t\t\t<div class=\"elementor-widget-container\">\n\t\t\t\t\t<div class=\"elementor-image-box-wrapper\"><figure class=\"elementor-image-box-img\"><img decoding=\"async\" width=\"600\" height=\"600\" src=\"https:\/\/www.buehler.com\/de\/wp-content\/uploads\/sites\/9\/2021\/10\/VH3100.png\" class=\"attachment-full size-full wp-image-8553\" alt=\"Wilson\u00ae VH3100 H\u00e4rtepr\u00fcfger\u00e4t\" srcset=\"https:\/\/www.buehler.com\/de\/wp-content\/uploads\/sites\/9\/2021\/10\/VH3100.png 600w, https:\/\/www.buehler.com\/de\/wp-content\/uploads\/sites\/9\/2021\/10\/VH3100-300x300.png 300w, https:\/\/www.buehler.com\/de\/wp-content\/uploads\/sites\/9\/2021\/10\/VH3100-150x150.png 150w\" sizes=\"(max-width: 600px) 100vw, 600px\" \/><\/figure><div class=\"elementor-image-box-content\"><h3 class=\"elementor-image-box-title\">Vickers &amp; Knoop-H\u00e4rtepr\u00fcfger\u00e4te Wilson\u00ae VH3100<\/h3><p class=\"elementor-image-box-description\">Ein revolution\u00e4res Vickers und Knoop-Pr\u00e4zisionsh\u00e4rtepr\u00fcfger\u00e4t, das mit seinem Lastbereich von 490 mN (50 gf) bis 98,07 N (10 kgf), der zum Patent angemeldeten Technologie zur Kollisionsvermeidung sowie der fortschrittlichsten Optik im Industriebereich besticht. Diese einzigartige Kombination erm\u00f6glicht es dem Wilson VH3100, nahezu alle Knoop\/Vickers-Pr\u00fcfanforderungen zu erf\u00fcllen.<\/p><\/div><\/div>\t\t\t\t<\/div>\n\t\t\t\t<\/div>\n\t\t\t\t<div class=\"elementor-element elementor-element-55c410b9 elementor-align-left elementor-widget elementor-widget-button\" data-id=\"55c410b9\" data-element_type=\"widget\" data-e-type=\"widget\" data-widget_type=\"button.default\">\n\t\t\t\t<div class=\"elementor-widget-container\">\n\t\t\t\t\t\t\t\t\t<div class=\"elementor-button-wrapper\">\n\t\t\t\t\t<a class=\"elementor-button elementor-button-link elementor-size-md\" href=\"https:\/\/www.buehler.com\/de\/produkte\/haertepruefung\/vickers-knoop-haertepru%cc%88fgeraete\/vickers-knoop-haertepruefgeraete-wilson-vh3100\/\">\n\t\t\t\t\t\t<span class=\"elementor-button-content-wrapper\">\n\t\t\t\t\t\t\t\t\t<span class=\"elementor-button-text\">Mehr<\/span>\n\t\t\t\t\t<\/span>\n\t\t\t\t\t<\/a>\n\t\t\t\t<\/div>\n\t\t\t\t\t\t\t\t<\/div>\n\t\t\t\t<\/div>\n\t\t\t\t<div class=\"elementor-element elementor-element-a8d3574 elementor-position-left elementor-vertical-align-middle elementor-widget elementor-widget-image-box\" data-id=\"a8d3574\" data-element_type=\"widget\" data-e-type=\"widget\" data-widget_type=\"image-box.default\">\n\t\t\t\t<div class=\"elementor-widget-container\">\n\t\t\t\t\t<div class=\"elementor-image-box-wrapper\"><figure class=\"elementor-image-box-img\"><img decoding=\"async\" width=\"600\" height=\"600\" src=\"https:\/\/www.buehler.com\/de\/wp-content\/uploads\/sites\/9\/2021\/10\/VH1150.png\" class=\"attachment-full size-full wp-image-8565\" alt=\"Wilson\u00ae VH1150 Makroh\u00e4rtepr\u00fcfer\" srcset=\"https:\/\/www.buehler.com\/de\/wp-content\/uploads\/sites\/9\/2021\/10\/VH1150.png 600w, https:\/\/www.buehler.com\/de\/wp-content\/uploads\/sites\/9\/2021\/10\/VH1150-300x300.png 300w, https:\/\/www.buehler.com\/de\/wp-content\/uploads\/sites\/9\/2021\/10\/VH1150-150x150.png 150w\" sizes=\"(max-width: 600px) 100vw, 600px\" \/><\/figure><div class=\"elementor-image-box-content\"><h4 class=\"elementor-image-box-title\">Makro-Vickers-H\u00e4rtepr\u00fcfger\u00e4t Wilson\u00ae VH1150<\/h4><p class=\"elementor-image-box-description\">Die Wilson VH1150 ist die ultimative Entwicklung des Totgewicht-Vickers-H\u00e4rtepr\u00fcfger\u00e4ts mit einem einzigartigen Pr\u00fcfkraftbereich von 300 gf \u2013 50 kgf, kombiniert in einer Maschine. Die automatische Pr\u00fcfkraftauswahl vermeidet die Verwendung eines schwer zu bedienenden manuellen Auswahlknopfs und \u00f6ffnet neue M\u00f6glichkeiten f\u00fcr (halb-) automatische Anwendungen. Die Funktionen des Vickers-H\u00e4rtepr\u00fcfger\u00e4ts wie etwa die Multiskala-Konvertierung, die Formkorrektur und der USB-Datenexport erleichtern die H\u00e4rtepr\u00fcfung und unterst\u00fctzen Sie dabei, sich auf die eigentliche Prozesssteuerung zu konzentrieren.<\/p><\/div><\/div>\t\t\t\t<\/div>\n\t\t\t\t<\/div>\n\t\t\t\t<div class=\"elementor-element elementor-element-cc99261 elementor-align-left elementor-widget elementor-widget-button\" data-id=\"cc99261\" data-element_type=\"widget\" data-e-type=\"widget\" data-widget_type=\"button.default\">\n\t\t\t\t<div class=\"elementor-widget-container\">\n\t\t\t\t\t\t\t\t\t<div class=\"elementor-button-wrapper\">\n\t\t\t\t\t<a class=\"elementor-button elementor-button-link elementor-size-md\" href=\"https:\/\/www.buehler.com\/de\/produkte\/haertepruefung\/vickers-knoop-haertepru%cc%88fgeraete\/makro-vickers-haertepruefgeraet-wilson-vh1150\/\">\n\t\t\t\t\t\t<span class=\"elementor-button-content-wrapper\">\n\t\t\t\t\t\t\t\t\t<span class=\"elementor-button-text\">Mehr<\/span>\n\t\t\t\t\t<\/span>\n\t\t\t\t\t<\/a>\n\t\t\t\t<\/div>\n\t\t\t\t\t\t\t\t<\/div>\n\t\t\t\t<\/div>\n\t\t\t\t<div class=\"elementor-element elementor-element-65853d2f elementor-position-left elementor-vertical-align-middle elementor-widget elementor-widget-image-box\" data-id=\"65853d2f\" data-element_type=\"widget\" data-e-type=\"widget\" data-widget_type=\"image-box.default\">\n\t\t\t\t<div class=\"elementor-widget-container\">\n\t\t\t\t\t<div class=\"elementor-image-box-wrapper\"><figure class=\"elementor-image-box-img\"><img loading=\"lazy\" decoding=\"async\" width=\"600\" height=\"600\" src=\"https:\/\/www.buehler.com\/de\/wp-content\/uploads\/sites\/9\/2021\/10\/VH1102-1202.png\" class=\"attachment-full size-full wp-image-8571\" alt=\"Wilson\u00ae VH1102 - VH1202 Mikroh\u00e4rtepr\u00fcfer\" srcset=\"https:\/\/www.buehler.com\/de\/wp-content\/uploads\/sites\/9\/2021\/10\/VH1102-1202.png 600w, https:\/\/www.buehler.com\/de\/wp-content\/uploads\/sites\/9\/2021\/10\/VH1102-1202-300x300.png 300w, https:\/\/www.buehler.com\/de\/wp-content\/uploads\/sites\/9\/2021\/10\/VH1102-1202-150x150.png 150w\" sizes=\"(max-width: 600px) 100vw, 600px\" \/><\/figure><div class=\"elementor-image-box-content\"><h4 class=\"elementor-image-box-title\">Mikroh\u00e4rtepr\u00fcfger\u00e4te Wilson\u00ae VH1102 und 1202<\/h4><p class=\"elementor-image-box-description\">Die Mikroh\u00e4rtepr\u00fcfger\u00e4te VH1102 und VH1202 f\u00fcr die Knoop- und Vickers-H\u00e4rtepr\u00fcfung bieten eine vielseitige, kosteng\u00fcnstige und zuverl\u00e4ssige L\u00f6sung f\u00fcr die pr\u00e4zise Mikroh\u00e4rtepr\u00fcfung sowohl f\u00fcr die Qualit\u00e4tskontrolle als auch f\u00fcr metallurgische Forschungsanwendungen. Die VH1002-Serie erm\u00f6glicht die Messung mittels des Digitalokulars im autonomen Modus oder mittels einer optionalen, integrierten Digitalkamera und der leistungsf\u00e4higen DiaMet\u2122-Software.<\/p><\/div><\/div>\t\t\t\t<\/div>\n\t\t\t\t<\/div>\n\t\t\t\t<div class=\"elementor-element elementor-element-34648399 elementor-align-left elementor-widget elementor-widget-button\" data-id=\"34648399\" data-element_type=\"widget\" data-e-type=\"widget\" data-widget_type=\"button.default\">\n\t\t\t\t<div class=\"elementor-widget-container\">\n\t\t\t\t\t\t\t\t\t<div class=\"elementor-button-wrapper\">\n\t\t\t\t\t<a class=\"elementor-button elementor-button-link elementor-size-md\" href=\"https:\/\/www.buehler.com\/de\/produkte\/haertepruefung\/vickers-knoop-haertepru%cc%88fgeraete\/mikrohaertepruefgeraete-wilson-vh1102-und-1202\/\">\n\t\t\t\t\t\t<span class=\"elementor-button-content-wrapper\">\n\t\t\t\t\t\t\t\t\t<span class=\"elementor-button-text\">Mehr<\/span>\n\t\t\t\t\t<\/span>\n\t\t\t\t\t<\/a>\n\t\t\t\t<\/div>\n\t\t\t\t\t\t\t\t<\/div>\n\t\t\t\t<\/div>\n\t\t\t\t\t<\/div>\n\t\t<\/div>\n\t\t\t\t\t<\/div>\n\t\t<\/section>\n\t\t\t\t<\/div>\n\t\t","protected":false},"excerpt":{"rendered":"<p>Vickers-Knoop-H\u00e4rtepru\u0308fger\u00e4te f\u00fcr die metallografische Probenvorbereitung Das vollautomatische Wilson H\u00e4rtepru\u0308fsystem bietet eine vollst\u00e4ndig integrierte Plattform fu\u0308r alle Vickers- und Knoop H\u00e4rtepru\u0308fungsanforderungen. Von dem modernen modularen Konzept, dem Probentisch und der Optik bis hin zu einer Bedieneroberfl\u00e4che mit umfassenden Funktionen erfu\u0308llen unsere VH3100 und VH3300 Pru\u0308fger\u00e4te Ihre wachsenden Anspru\u0308che &#8211; heute, morgen und zuku\u0308nftig. Automatisches H\u00e4rtepr\u00fcfger\u00e4t Wilson\u00ae [&hellip;]<\/p>\n","protected":false},"author":1,"featured_media":0,"parent":8474,"menu_order":0,"comment_status":"closed","ping_status":"closed","template":"elementor_header_footer","meta":{"footnotes":""},"class_list":["post-8482","page","type-page","status-publish","hentry"],"_links":{"self":[{"href":"https:\/\/www.buehler.com\/de\/wp-json\/wp\/v2\/pages\/8482","targetHints":{"allow":["GET"]}}],"collection":[{"href":"https:\/\/www.buehler.com\/de\/wp-json\/wp\/v2\/pages"}],"about":[{"href":"https:\/\/www.buehler.com\/de\/wp-json\/wp\/v2\/types\/page"}],"author":[{"embeddable":true,"href":"https:\/\/www.buehler.com\/de\/wp-json\/wp\/v2\/users\/1"}],"replies":[{"embeddable":true,"href":"https:\/\/www.buehler.com\/de\/wp-json\/wp\/v2\/comments?post=8482"}],"version-history":[{"count":10,"href":"https:\/\/www.buehler.com\/de\/wp-json\/wp\/v2\/pages\/8482\/revisions"}],"predecessor-version":[{"id":17667,"href":"https:\/\/www.buehler.com\/de\/wp-json\/wp\/v2\/pages\/8482\/revisions\/17667"}],"up":[{"embeddable":true,"href":"https:\/\/www.buehler.com\/de\/wp-json\/wp\/v2\/pages\/8474"}],"wp:attachment":[{"href":"https:\/\/www.buehler.com\/de\/wp-json\/wp\/v2\/media?parent=8482"}],"curies":[{"name":"wp","href":"https:\/\/api.w.org\/{rel}","templated":true}]}}